{"id":217386,"date":"2022-11-17T18:28:13","date_gmt":"2022-11-17T17:28:13","guid":{"rendered":"https:\/\/spartasportcenter.com\/zizur\/?page_id=217386"},"modified":"2024-06-07T10:18:24","modified_gmt":"2024-06-07T08:18:24","slug":"kick-boxing-zizur","status":"publish","type":"page","link":"https:\/\/spartasportcenter.com\/zizur\/kick-boxing-zizur\/","title":{"rendered":"Kick boxing Zizur"},"content":{"rendered":"\n[et_pb_section fb_built=\u00bb1&#8243; custom_padding_last_edited=\u00bbon|phone\u00bb disabled_on=\u00bboff|off|off\u00bb _builder_version=\u00bb4.16&#8243; background_color=\u00bb#262626&#8243; background_enable_image=\u00bboff\u00bb custom_margin=\u00bb||||false|false\u00bb custom_padding=\u00bb80px|0px|0px|0px|false|false\u00bb custom_padding_tablet=\u00bb\u00bb custom_padding_phone=\u00bb30px||50px||false|false\u00bb global_colors_info=\u00bb{}\u00bb][et_pb_row column_structure=\u00bb1_3,2_3&#8243; custom_padding_last_edited=\u00bbon|desktop\u00bb _builder_version=\u00bb4.16&#8243; _module_preset=\u00bbdefault\u00bb custom_padding=\u00bb0px||||false|false\u00bb custom_padding_tablet=\u00bb\u00bb custom_padding_phone=\u00bb0px||||false|false\u00bb global_colors_info=\u00bb{}\u00bb][et_pb_column type=\u00bb1_3&#8243; _builder_version=\u00bb4.18.0&#8243; _module_preset=\u00bbdefault\u00bb global_colors_info=\u00bb{}\u00bb][et_pb_text _builder_version=\u00bb4.18.0&#8243; text_font=\u00bb||||||||\u00bb header_font=\u00bb||||||||\u00bb header_text_align=\u00bbcenter\u00bb header_2_font=\u00bb|300||on|||||\u00bb header_2_text_align=\u00bbright\u00bb header_2_font_size=\u00bb29px\u00bb custom_margin=\u00bb||0px||false|false\u00bb custom_padding=\u00bb|15%|0px||false|false\u00bb header_2_text_align_tablet=\u00bb\u00bb header_2_text_align_phone=\u00bbleft\u00bb header_2_text_align_last_edited=\u00bbon|phone\u00bb header_2_font_size_tablet=\u00bb51px\u00bb header_2_font_size_phone=\u00bb25px\u00bb header_2_font_size_last_edited=\u00bbon|phone\u00bb border_width_right=\u00bb2px\u00bb border_color_right=\u00bb#cccccc\u00bb border_width_right_tablet=\u00bb\u00bb border_width_right_phone=\u00bb0px\u00bb border_width_right_last_edited=\u00bbon|phone\u00bb locked=\u00bboff\u00bb global_colors_info=\u00bb{}\u00bb]<h2>clases de Kick boxing en Zizur<\/h2>[\/et_pb_text][\/et_pb_column][et_pb_column type=\u00bb2_3&#8243; _builder_version=\u00bb4.16&#8243; _module_preset=\u00bbdefault\u00bb global_colors_info=\u00bb{}\u00bb][et_pb_text _builder_version=\u00bb4.18.0&#8243; text_font=\u00bb|300|||||||\u00bb text_text_color=\u00bb#cccccc\u00bb text_line_height=\u00bb1.1em\u00bb header_font=\u00bb|300|||||||\u00bb header_2_font=\u00bb|300||on|||||\u00bb header_2_text_color=\u00bb#cccccc\u00bb header_2_font_size=\u00bb36px\u00bb header_2_letter_spacing=\u00bb2px\u00bb background_layout=\u00bbdark\u00bb global_colors_info=\u00bb{}\u00bb]<p><span style=\"font-weight: 400;\">Si est\u00e1s buscando una actividad que te ayude a mantenerte en forma, reducir el estr\u00e9s y mejorar tu autoestima, las clases de kickboxing en Zizur son la opci\u00f3n perfecta para ti. Este deporte te ayudar\u00e1 a tonificar todo el cuerpo y a mejorar tu coordinaci\u00f3n y agilidad, adem\u00e1s de ser una forma excelente de quemar calor\u00edas.<\/span><\/p>\n<p><span style=\"font-weight: 400;\">En el Sparta Sport Center en Zizur, ofrecemos clases de kickboxing para todos los p\u00fablicos y niveles. Si est\u00e1s buscando una nueva forma de conocer gente a la vez que te mantienes en forma, las clases grupales en nuestro gimnasio de kickboxing te ayudar\u00e1n a aumentar tu resistencia con movimientos de boxeo y artes marciales especialmente dise\u00f1ados para mejorar tu salud y bienestar.<\/span><\/p>\n<p><span style=\"font-weight: 400;\">Nuestras clases de kickboxing en Zizur son populares entre nuestros clientes porque proporcionan una gran variedad de beneficios para la salud y el bienestar. No s\u00f3lo es una forma eficaz de ejercicio f\u00edsico, sino que tambi\u00e9n es una excelente forma de relajarse y desestresarse despu\u00e9s de un d\u00eda duro.<\/span><\/p>\n<p><span style=\"font-weight: 400;\">Nuestros entrenadores profesionales est\u00e1n aqu\u00ed para guiaros a ti a tu grupo a trav\u00e9s de una clase de kickboxing, paso a paso, y adaptar\u00e1n la intensidad de la sesi\u00f3n a vuestras necesidades y objetivos.<\/span><\/p>\n<p><span style=\"font-weight: 400;\">Las clases de kickboxing tambi\u00e9n son una gran oportunidad para socializar y conocer a otras personas que comparten un inter\u00e9s en el ejercicio f\u00edsico y el bienestar. \u00bfEst\u00e1s listo para darle una patada a tu rutina de ejercicio y probar algo nuevo? \u00a1Ponte en marcha!<\/span><\/p>[\/et_pb_text][\/et_pb_column][\/et_pb_row][et_pb_row column_structure=\u00bb1_3,2_3&#8243; custom_padding_last_edited=\u00bbon|phone\u00bb _builder_version=\u00bb4.16&#8243; _module_preset=\u00bbdefault\u00bb custom_margin=\u00bb||0px||false|false\u00bb custom_padding=\u00bb||||false|false\u00bb custom_padding_tablet=\u00bb\u00bb custom_padding_phone=\u00bb0px||0px||false|false\u00bb global_colors_info=\u00bb{}\u00bb][et_pb_column type=\u00bb1_3&#8243; _builder_version=\u00bb4.16&#8243; _module_preset=\u00bbdefault\u00bb global_colors_info=\u00bb{}\u00bb][et_pb_text _builder_version=\u00bb4.18.0&#8243; text_font=\u00bb||||||||\u00bb header_font=\u00bb||||||||\u00bb header_text_align=\u00bbcenter\u00bb header_2_font=\u00bb|300||on|||||\u00bb header_2_text_align=\u00bbright\u00bb header_2_font_size=\u00bb29px\u00bb custom_margin=\u00bb||0px||false|false\u00bb custom_padding=\u00bb|15%|0px||false|false\u00bb header_2_text_align_tablet=\u00bb\u00bb header_2_text_align_phone=\u00bbleft\u00bb header_2_text_align_last_edited=\u00bbon|phone\u00bb header_2_font_size_tablet=\u00bb51px\u00bb header_2_font_size_phone=\u00bb25px\u00bb header_2_font_size_last_edited=\u00bbon|phone\u00bb border_width_right=\u00bb2px\u00bb border_color_right=\u00bb#cccccc\u00bb border_width_right_tablet=\u00bb\u00bb border_width_right_phone=\u00bb0px\u00bb border_width_right_last_edited=\u00bbon|phone\u00bb locked=\u00bboff\u00bb global_colors_info=\u00bb{}\u00bb]<h2>Beneficios del Kick boxing<br \/>en Zizur<\/h2>[\/et_pb_text][\/et_pb_column][et_pb_column type=\u00bb2_3&#8243; _builder_version=\u00bb4.16&#8243; _module_preset=\u00bbdefault\u00bb global_colors_info=\u00bb{}\u00bb][et_pb_text _builder_version=\u00bb4.18.0&#8243; text_font=\u00bb|300|||||||\u00bb text_text_color=\u00bb#cccccc\u00bb text_line_height=\u00bb1.1em\u00bb header_font=\u00bb|300|||||||\u00bb header_2_font=\u00bb|300||on|||||\u00bb header_2_text_color=\u00bb#cccccc\u00bb header_2_font_size=\u00bb36px\u00bb header_2_letter_spacing=\u00bb2px\u00bb background_layout=\u00bbdark\u00bb global_colors_info=\u00bb{}\u00bb]<p><span style=\"font-weight: 400;\">En el Sparta Sport Center en Zizur creemos que el kickboxing puede ser una de las mejores opciones para mejorar tu cuerpo, al ser un ejercicio anaer\u00f3bico completo. Entre otras, estas son algunas de las ventajas de esta disciplina:<\/span><\/p>\n<ul>\n<li style=\"font-weight: 400;\" aria-level=\"1\"><span style=\"font-weight: 400;\">Tonifica el cuerpo.<\/span><\/li>\n<li style=\"font-weight: 400;\" aria-level=\"1\"><span style=\"font-weight: 400;\">Quema grasa.<\/span><\/li>\n<li style=\"font-weight: 400;\" aria-level=\"1\"><span style=\"font-weight: 400;\">Aumenta la resistencia y la energ\u00eda.<\/span><\/li>\n<li style=\"font-weight: 400;\" aria-level=\"1\"><span style=\"font-weight: 400;\">Mejora el equilibrio y la coordinaci\u00f3n.<\/span><\/li>\n<li style=\"font-weight: 400;\" aria-level=\"1\"><span style=\"font-weight: 400;\">Reduce el estr\u00e9s.<\/span><\/li>\n<\/ul>\n<p><span style=\"font-weight: 400;\">Si est\u00e1s buscando una forma eficaz y divertida de mejorar tu salud y fitness, \u00a1el kickboxing en Zizur es para ti! No dudes en ponerte en contacto con nosotros o visitar nuestras instalaciones para conseguir m\u00e1s informaci\u00f3n.<\/span><\/p>[\/et_pb_text][\/et_pb_column][\/et_pb_row][\/et_pb_section][et_pb_section fb_built=\u00bb1&#8243; custom_padding_last_edited=\u00bbon|phone\u00bb _builder_version=\u00bb4.16&#8243; _module_preset=\u00bbdefault\u00bb background_color=\u00bb#262626&#8243; custom_padding=\u00bb0px||50px||false|false\u00bb custom_padding_tablet=\u00bb\u00bb custom_padding_phone=\u00bb||30px||false|false\u00bb global_colors_info=\u00bb{}\u00bb][et_pb_row column_structure=\u00bb1_3,2_3&#8243; custom_padding_last_edited=\u00bbon|phone\u00bb _builder_version=\u00bb4.16&#8243; _module_preset=\u00bbdefault\u00bb custom_padding_tablet=\u00bb\u00bb custom_padding_phone=\u00bb0px||0px||false|false\u00bb global_colors_info=\u00bb{}\u00bb][et_pb_column type=\u00bb1_3&#8243; _builder_version=\u00bb4.16&#8243; _module_preset=\u00bbdefault\u00bb global_colors_info=\u00bb{}\u00bb][et_pb_text _builder_version=\u00bb4.18.0&#8243; text_font=\u00bb||||||||\u00bb header_font=\u00bb||||||||\u00bb header_text_align=\u00bbcenter\u00bb header_2_font=\u00bb|300||on|||||\u00bb header_2_text_align=\u00bbright\u00bb header_2_font_size=\u00bb29px\u00bb custom_margin=\u00bb||0px||false|false\u00bb custom_padding=\u00bb|15%|0px||false|false\u00bb header_2_text_align_tablet=\u00bb\u00bb header_2_text_align_phone=\u00bbleft\u00bb header_2_text_align_last_edited=\u00bbon|phone\u00bb header_2_font_size_tablet=\u00bb51px\u00bb header_2_font_size_phone=\u00bb25px\u00bb header_2_font_size_last_edited=\u00bbon|phone\u00bb border_width_right=\u00bb2px\u00bb border_color_right=\u00bb#cccccc\u00bb border_width_right_tablet=\u00bb\u00bb border_width_right_phone=\u00bb0px\u00bb border_width_right_last_edited=\u00bbon|phone\u00bb locked=\u00bboff\u00bb global_colors_info=\u00bb{}\u00bb]<h2>Por qu\u00e9 Kick boxing en Sparta Sport Center Zizur<\/h2>[\/et_pb_text][\/et_pb_column][et_pb_column type=\u00bb2_3&#8243; _builder_version=\u00bb4.16&#8243; _module_preset=\u00bbdefault\u00bb global_colors_info=\u00bb{}\u00bb][et_pb_text _builder_version=\u00bb4.18.0&#8243; text_font=\u00bb|300|||||||\u00bb text_text_color=\u00bb#cccccc\u00bb text_line_height=\u00bb1.1em\u00bb header_font=\u00bb|300|||||||\u00bb header_2_font=\u00bb|300||on|||||\u00bb header_2_text_color=\u00bb#cccccc\u00bb header_2_font_size=\u00bb36px\u00bb header_2_letter_spacing=\u00bb2px\u00bb background_layout=\u00bbdark\u00bb global_colors_info=\u00bb{}\u00bb]<p><span style=\"font-weight: 400;\">En el Sparta Sport Center en Zizur somos conscientes de que el kickboxing puede ser una disciplina intimidante para algunas personas, especialmente si nunca has practicado este deporte antes. Es por esto que ofrecemos clases grupales para todos los niveles y edades, para que puedas venir y aprender kickboxing en un entorno amigable, relajado y seguro.<\/span><\/p>\n<p><span style=\"font-weight: 400;\">Nuestros entrenadores est\u00e1n altamente cualificados para guiarte a ti y a tu grupo a trav\u00e9s de la clase, paso a paso, y adaptar la intensidad de la sesi\u00f3n a vuestras necesidades y objetivos. No importa si eres un principiante o si ya tienes experiencia en kickboxing, \u00a1nuestras clases son para todos!<\/span><\/p>[\/et_pb_text][\/et_pb_column][\/et_pb_row][\/et_pb_section][et_pb_section fb_built=\u00bb1&#8243; _builder_version=\u00bb4.18.0&#8243; background_color=\u00bb#363636&#8243; background_image=\u00bbhttps:\/\/spartasportcenter.com\/zizur\/wp-content\/uploads\/2019\/09\/instalaciones-gimnasio-sparta-sport-center-pamplona-11.jpg\u00bb background_enable_image=\u00bboff\u00bb background_blend=\u00bbmultiply\u00bb custom_margin=\u00bb||||false|false\u00bb custom_padding=\u00bb0px|0px|0|0px|false|false\u00bb top_divider_flip=\u00bbhorizontal\u00bb hover_enabled=\u00bb0&#8243; global_module=\u00bb206679&#8243; global_colors_info=\u00bb{}\u00bb admin_label=\u00bbbanner footer prueba un dia\u00bb sticky_enabled=\u00bb0&#8243; locked=\u00bboff\u00bb][et_pb_row _builder_version=\u00bb4.16&#8243; width=\u00bb100%\u00bb custom_padding=\u00bb40px|0px|40px|0px|false|false\u00bb global_colors_info=\u00bb{}\u00bb][et_pb_column type=\u00bb4_4&#8243; _builder_version=\u00bb4.16&#8243; custom_padding=\u00bb|||\u00bb global_colors_info=\u00bb{}\u00bb custom_padding__hover=\u00bb|||\u00bb][et_pb_text _builder_version=\u00bb4.16&#8243; text_font=\u00bb|300|||||||\u00bb text_text_color=\u00bb#cccccc\u00bb text_font_size=\u00bb36px\u00bb text_line_height=\u00bb1.3em\u00bb header_font=\u00bb||||||||\u00bb header_text_align=\u00bbcenter\u00bb header_text_color=\u00bb#ffffff\u00bb header_2_font=\u00bbStencilia-A||||||||\u00bb header_2_text_align=\u00bbcenter\u00bb header_2_text_color=\u00bb#ffffff\u00bb header_2_font_size=\u00bb61px\u00bb custom_margin=\u00bb||0px|\u00bb custom_padding=\u00bb||2%||false|false\u00bb text_font_size_tablet=\u00bb51px\u00bb text_font_size_phone=\u00bb25px\u00bb text_font_size_last_edited=\u00bbon|phone\u00bb header_2_font_size_tablet=\u00bb51px\u00bb header_2_font_size_phone=\u00bb24px\u00bb header_2_font_size_last_edited=\u00bbon|phone\u00bb text_text_shadow_style=\u00bbpreset1&#8243; header_text_shadow_style=\u00bbpreset1&#8243; header_2_text_shadow_style=\u00bbpreset1&#8243; global_colors_info=\u00bb{}\u00bb]<p style=\"text-align: center;\">\u00a1PRUEBA UN D\u00cdA GRATIS!<\/p>[\/et_pb_text][et_pb_button button_url=\u00bbhttps:\/\/spartasportcenter.com\/zizur\/prueba-un-dia-gratis\/\u00bb button_text=\u00bbSOLICITAR PRUEBA\u00bb button_alignment=\u00bbcenter\u00bb _builder_version=\u00bb4.16&#8243; custom_button=\u00bbon\u00bb button_text_color=\u00bb#FFFFFF\u00bb button_bg_color=\u00bb#d23d45&#8243; button_border_width=\u00bb1px\u00bb button_border_color=\u00bb#d23d45&#8243; button_border_radius=\u00bb0px\u00bb button_letter_spacing=\u00bb1px\u00bb button_font=\u00bb|300|||||||\u00bb button_use_icon=\u00bboff\u00bb custom_margin=\u00bb0%|||\u00bb custom_padding=\u00bb|||\u00bb button_text_size_tablet=\u00bb\u00bb button_text_size_phone=\u00bb16px\u00bb button_text_size_last_edited=\u00bbon|desktop\u00bb button_border_radius_hover=\u00bb0px\u00bb button_letter_spacing_hover=\u00bb3px\u00bb global_colors_info=\u00bb{}\u00bb button_text_size__hover_enabled=\u00bboff\u00bb button_text_size__hover=\u00bbnull\u00bb button_one_text_size__hover_enabled=\u00bboff\u00bb button_one_text_size__hover=\u00bbnull\u00bb button_two_text_size__hover_enabled=\u00bboff\u00bb button_two_text_size__hover=\u00bbnull\u00bb button_text_color__hover_enabled=\u00bbon|hover\u00bb button_text_color__hover=\u00bb#ffffff\u00bb button_one_text_color__hover_enabled=\u00bboff\u00bb button_one_text_color__hover=\u00bbnull\u00bb button_two_text_color__hover_enabled=\u00bboff\u00bb button_two_text_color__hover=\u00bbnull\u00bb button_border_width__hover_enabled=\u00bboff\u00bb button_border_width__hover=\u00bbnull\u00bb button_one_border_width__hover_enabled=\u00bboff\u00bb button_one_border_width__hover=\u00bbnull\u00bb button_two_border_width__hover_enabled=\u00bboff\u00bb button_two_border_width__hover=\u00bbnull\u00bb button_border_color__hover_enabled=\u00bbon|hover\u00bb button_border_color__hover=\u00bb#FFFFFF\u00bb button_one_border_color__hover_enabled=\u00bboff\u00bb button_one_border_color__hover=\u00bbnull\u00bb button_two_border_color__hover_enabled=\u00bboff\u00bb button_two_border_color__hover=\u00bbnull\u00bb button_border_radius__hover_enabled=\u00bboff|hover\u00bb button_border_radius__hover=\u00bb0px\u00bb button_one_border_radius__hover_enabled=\u00bboff\u00bb button_one_border_radius__hover=\u00bbnull\u00bb button_two_border_radius__hover_enabled=\u00bboff\u00bb button_two_border_radius__hover=\u00bbnull\u00bb button_letter_spacing__hover_enabled=\u00bboff|hover\u00bb button_letter_spacing__hover=\u00bb3px\u00bb button_one_letter_spacing__hover_enabled=\u00bboff\u00bb button_one_letter_spacing__hover=\u00bbnull\u00bb button_two_letter_spacing__hover_enabled=\u00bboff\u00bb button_two_letter_spacing__hover=\u00bbnull\u00bb button_bg_color__hover_enabled=\u00bbon|hover\u00bb button_bg_color__hover=\u00bbRGBA(0,0,0,0)\u00bb button_one_bg_color__hover_enabled=\u00bboff\u00bb button_one_bg_color__hover=\u00bbnull\u00bb button_two_bg_color__hover_enabled=\u00bboff\u00bb button_two_bg_color__hover=\u00bbnull\u00bb button_bg_enable_color__hover=\u00bbon\u00bb][\/et_pb_button][\/et_pb_column][\/et_pb_row][\/et_pb_section]\n","protected":false},"excerpt":{"rendered":"<p>clases de Kick boxing en ZizurSi est\u00e1s buscando una actividad que te ayude a mantenerte en forma, reducir el estr\u00e9s y mejorar tu autoestima, las clases de kickboxing en Zizur son la opci\u00f3n perfecta para ti. Este deporte te ayudar\u00e1 a tonificar todo el cuerpo y a mejorar tu coordinaci\u00f3n y agilidad, adem\u00e1s de ser [&hellip;]<\/p>\n","protected":false},"author":1,"featured_media":220545,"parent":0,"menu_order":0,"comment_status":"closed","ping_status":"closed","template":"","meta":{"_et_pb_use_builder":"on","_et_pb_old_content":"","_et_gb_content_width":"","footnotes":""},"class_list":["post-217386","page","type-page","status-publish","has-post-thumbnail","hentry"],"yoast_head":"<!-- This site is optimized with the Yoast SEO plugin v27.4 - https:\/\/yoast.com\/product\/yoast-seo-wordpress\/ -->\n<title>Kick Boxing Zizur - 1 D\u00cdA GRATIS | Sparta Sport Center<\/title>\n<meta name=\"description\" content=\"Nuestras CLASES DE KICK BOXING en Zizur son impartidas por profesionales en esta disciplina y en deportes de contacto.\" \/>\n<meta name=\"robots\" content=\"index, follow, max-snippet:-1, max-image-preview:large, max-video-preview:-1\" \/>\n<link rel=\"canonical\" href=\"https:\/\/spartasportcenter.com\/zizur\/kick-boxing-zizur\/\" \/>\n<meta property=\"og:locale\" content=\"es_ES\" \/>\n<meta property=\"og:type\" content=\"article\" \/>\n<meta property=\"og:title\" content=\"Kick Boxing Zizur - 1 D\u00cdA GRATIS | Sparta Sport Center\" \/>\n<meta property=\"og:description\" content=\"Nuestras CLASES DE KICK BOXING en Zizur son impartidas por profesionales en esta disciplina y en deportes de contacto.\" \/>\n<meta property=\"og:url\" content=\"https:\/\/spartasportcenter.com\/zizur\/kick-boxing-zizur\/\" \/>\n<meta property=\"og:site_name\" content=\"Sparta Sport Center Zizur\" \/>\n<meta property=\"article:modified_time\" content=\"2024-06-07T08:18:24+00:00\" \/>\n<meta property=\"og:image\" content=\"https:\/\/spartasportcenter.com\/zizur\/wp-content\/uploads\/2024\/06\/kick-boxing-zizur.webp\" \/>\n\t<meta property=\"og:image:width\" content=\"2000\" \/>\n\t<meta property=\"og:image:height\" content=\"1333\" \/>\n\t<meta property=\"og:image:type\" content=\"image\/webp\" \/>\n<meta name=\"twitter:card\" content=\"summary_large_image\" \/>\n<meta name=\"twitter:label1\" content=\"Tiempo de lectura\" \/>\n\t<meta name=\"twitter:data1\" content=\"3 minutos\" \/>\n<script type=\"application\/ld+json\" class=\"yoast-schema-graph\">{\"@context\":\"https:\\\/\\\/schema.org\",\"@graph\":[{\"@type\":\"WebPage\",\"@id\":\"https:\\\/\\\/spartasportcenter.com\\\/zizur\\\/kick-boxing-zizur\\\/\",\"url\":\"https:\\\/\\\/spartasportcenter.com\\\/zizur\\\/kick-boxing-zizur\\\/\",\"name\":\"Kick Boxing Zizur - 1 D\u00cdA GRATIS | Sparta Sport Center\",\"isPartOf\":{\"@id\":\"https:\\\/\\\/spartasportcenter.com\\\/zizur\\\/#website\"},\"primaryImageOfPage\":{\"@id\":\"https:\\\/\\\/spartasportcenter.com\\\/zizur\\\/kick-boxing-zizur\\\/#primaryimage\"},\"image\":{\"@id\":\"https:\\\/\\\/spartasportcenter.com\\\/zizur\\\/kick-boxing-zizur\\\/#primaryimage\"},\"thumbnailUrl\":\"https:\\\/\\\/spartasportcenter.com\\\/zizur\\\/wp-content\\\/uploads\\\/2024\\\/06\\\/kick-boxing-zizur.webp\",\"datePublished\":\"2022-11-17T17:28:13+00:00\",\"dateModified\":\"2024-06-07T08:18:24+00:00\",\"description\":\"Nuestras CLASES DE KICK BOXING en Zizur son impartidas por profesionales en esta disciplina y en deportes de contacto.\",\"breadcrumb\":{\"@id\":\"https:\\\/\\\/spartasportcenter.com\\\/zizur\\\/kick-boxing-zizur\\\/#breadcrumb\"},\"inLanguage\":\"es\",\"potentialAction\":[{\"@type\":\"ReadAction\",\"target\":[\"https:\\\/\\\/spartasportcenter.com\\\/zizur\\\/kick-boxing-zizur\\\/\"]}]},{\"@type\":\"ImageObject\",\"inLanguage\":\"es\",\"@id\":\"https:\\\/\\\/spartasportcenter.com\\\/zizur\\\/kick-boxing-zizur\\\/#primaryimage\",\"url\":\"https:\\\/\\\/spartasportcenter.com\\\/zizur\\\/wp-content\\\/uploads\\\/2024\\\/06\\\/kick-boxing-zizur.webp\",\"contentUrl\":\"https:\\\/\\\/spartasportcenter.com\\\/zizur\\\/wp-content\\\/uploads\\\/2024\\\/06\\\/kick-boxing-zizur.webp\",\"width\":2000,\"height\":1333,\"caption\":\"kick boxing zizur\"},{\"@type\":\"BreadcrumbList\",\"@id\":\"https:\\\/\\\/spartasportcenter.com\\\/zizur\\\/kick-boxing-zizur\\\/#breadcrumb\",\"itemListElement\":[{\"@type\":\"ListItem\",\"position\":1,\"name\":\"Portada\",\"item\":\"https:\\\/\\\/spartasportcenter.com\\\/zizur\\\/\"},{\"@type\":\"ListItem\",\"position\":2,\"name\":\"Kick boxing Zizur\"}]},{\"@type\":\"WebSite\",\"@id\":\"https:\\\/\\\/spartasportcenter.com\\\/zizur\\\/#website\",\"url\":\"https:\\\/\\\/spartasportcenter.com\\\/zizur\\\/\",\"name\":\"Sparta Sport Center Zizur\",\"description\":\"Gimnasios en Zizur\",\"potentialAction\":[{\"@type\":\"SearchAction\",\"target\":{\"@type\":\"EntryPoint\",\"urlTemplate\":\"https:\\\/\\\/spartasportcenter.com\\\/zizur\\\/?s={search_term_string}\"},\"query-input\":{\"@type\":\"PropertyValueSpecification\",\"valueRequired\":true,\"valueName\":\"search_term_string\"}}],\"inLanguage\":\"es\"}]}<\/script>\n<!-- \/ Yoast SEO plugin. -->","yoast_head_json":{"title":"Kick Boxing Zizur - 1 D\u00cdA GRATIS | Sparta Sport Center","description":"Nuestras CLASES DE KICK BOXING en Zizur son impartidas por profesionales en esta disciplina y en deportes de contacto.","robots":{"index":"index","follow":"follow","max-snippet":"max-snippet:-1","max-image-preview":"max-image-preview:large","max-video-preview":"max-video-preview:-1"},"canonical":"https:\/\/spartasportcenter.com\/zizur\/kick-boxing-zizur\/","og_locale":"es_ES","og_type":"article","og_title":"Kick Boxing Zizur - 1 D\u00cdA GRATIS | Sparta Sport Center","og_description":"Nuestras CLASES DE KICK BOXING en Zizur son impartidas por profesionales en esta disciplina y en deportes de contacto.","og_url":"https:\/\/spartasportcenter.com\/zizur\/kick-boxing-zizur\/","og_site_name":"Sparta Sport Center Zizur","article_modified_time":"2024-06-07T08:18:24+00:00","og_image":[{"width":2000,"height":1333,"url":"https:\/\/spartasportcenter.com\/zizur\/wp-content\/uploads\/2024\/06\/kick-boxing-zizur.webp","type":"image\/webp"}],"twitter_card":"summary_large_image","twitter_misc":{"Tiempo de lectura":"3 minutos"},"schema":{"@context":"https:\/\/schema.org","@graph":[{"@type":"WebPage","@id":"https:\/\/spartasportcenter.com\/zizur\/kick-boxing-zizur\/","url":"https:\/\/spartasportcenter.com\/zizur\/kick-boxing-zizur\/","name":"Kick Boxing Zizur - 1 D\u00cdA GRATIS | Sparta Sport Center","isPartOf":{"@id":"https:\/\/spartasportcenter.com\/zizur\/#website"},"primaryImageOfPage":{"@id":"https:\/\/spartasportcenter.com\/zizur\/kick-boxing-zizur\/#primaryimage"},"image":{"@id":"https:\/\/spartasportcenter.com\/zizur\/kick-boxing-zizur\/#primaryimage"},"thumbnailUrl":"https:\/\/spartasportcenter.com\/zizur\/wp-content\/uploads\/2024\/06\/kick-boxing-zizur.webp","datePublished":"2022-11-17T17:28:13+00:00","dateModified":"2024-06-07T08:18:24+00:00","description":"Nuestras CLASES DE KICK BOXING en Zizur son impartidas por profesionales en esta disciplina y en deportes de contacto.","breadcrumb":{"@id":"https:\/\/spartasportcenter.com\/zizur\/kick-boxing-zizur\/#breadcrumb"},"inLanguage":"es","potentialAction":[{"@type":"ReadAction","target":["https:\/\/spartasportcenter.com\/zizur\/kick-boxing-zizur\/"]}]},{"@type":"ImageObject","inLanguage":"es","@id":"https:\/\/spartasportcenter.com\/zizur\/kick-boxing-zizur\/#primaryimage","url":"https:\/\/spartasportcenter.com\/zizur\/wp-content\/uploads\/2024\/06\/kick-boxing-zizur.webp","contentUrl":"https:\/\/spartasportcenter.com\/zizur\/wp-content\/uploads\/2024\/06\/kick-boxing-zizur.webp","width":2000,"height":1333,"caption":"kick boxing zizur"},{"@type":"BreadcrumbList","@id":"https:\/\/spartasportcenter.com\/zizur\/kick-boxing-zizur\/#breadcrumb","itemListElement":[{"@type":"ListItem","position":1,"name":"Portada","item":"https:\/\/spartasportcenter.com\/zizur\/"},{"@type":"ListItem","position":2,"name":"Kick boxing Zizur"}]},{"@type":"WebSite","@id":"https:\/\/spartasportcenter.com\/zizur\/#website","url":"https:\/\/spartasportcenter.com\/zizur\/","name":"Sparta Sport Center Zizur","description":"Gimnasios en Zizur","potentialAction":[{"@type":"SearchAction","target":{"@type":"EntryPoint","urlTemplate":"https:\/\/spartasportcenter.com\/zizur\/?s={search_term_string}"},"query-input":{"@type":"PropertyValueSpecification","valueRequired":true,"valueName":"search_term_string"}}],"inLanguage":"es"}]}},"_links":{"self":[{"href":"https:\/\/spartasportcenter.com\/zizur\/wp-json\/wp\/v2\/pages\/217386","targetHints":{"allow":["GET"]}}],"collection":[{"href":"https:\/\/spartasportcenter.com\/zizur\/wp-json\/wp\/v2\/pages"}],"about":[{"href":"https:\/\/spartasportcenter.com\/zizur\/wp-json\/wp\/v2\/types\/page"}],"author":[{"embeddable":true,"href":"https:\/\/spartasportcenter.com\/zizur\/wp-json\/wp\/v2\/users\/1"}],"replies":[{"embeddable":true,"href":"https:\/\/spartasportcenter.com\/zizur\/wp-json\/wp\/v2\/comments?post=217386"}],"version-history":[{"count":7,"href":"https:\/\/spartasportcenter.com\/zizur\/wp-json\/wp\/v2\/pages\/217386\/revisions"}],"predecessor-version":[{"id":220561,"href":"https:\/\/spartasportcenter.com\/zizur\/wp-json\/wp\/v2\/pages\/217386\/revisions\/220561"}],"wp:featuredmedia":[{"embeddable":true,"href":"https:\/\/spartasportcenter.com\/zizur\/wp-json\/wp\/v2\/media\/220545"}],"wp:attachment":[{"href":"https:\/\/spartasportcenter.com\/zizur\/wp-json\/wp\/v2\/media?parent=217386"}],"curies":[{"name":"wp","href":"https:\/\/api.w.org\/{rel}","templated":true}]}}