{"id":206563,"date":"2018-08-20T15:59:41","date_gmt":"2018-08-20T15:59:41","guid":{"rendered":"https:\/\/pamplona.spartasportcenter.com\/?page_id=206563"},"modified":"2024-06-07T10:07:14","modified_gmt":"2024-06-07T08:07:14","slug":"yoga-zizur","status":"publish","type":"page","link":"https:\/\/spartasportcenter.com\/zizur\/yoga-zizur\/","title":{"rendered":"Yoga Zizur"},"content":{"rendered":"\n[et_pb_section fb_built=\u00bb1&#8243; custom_padding_last_edited=\u00bbon|phone\u00bb disabled_on=\u00bboff|off|off\u00bb _builder_version=\u00bb4.16&#8243; background_color=\u00bb#262626&#8243; background_enable_image=\u00bboff\u00bb custom_margin=\u00bb||||false|false\u00bb custom_padding=\u00bb80px|0px|0px|0px|false|false\u00bb custom_padding_tablet=\u00bb\u00bb custom_padding_phone=\u00bb30px||50px||false|false\u00bb global_colors_info=\u00bb{}\u00bb][et_pb_row column_structure=\u00bb1_3,2_3&#8243; custom_padding_last_edited=\u00bbon|desktop\u00bb _builder_version=\u00bb4.16&#8243; _module_preset=\u00bbdefault\u00bb custom_padding=\u00bb0px||||false|false\u00bb custom_padding_tablet=\u00bb\u00bb custom_padding_phone=\u00bb0px||||false|false\u00bb global_colors_info=\u00bb{}\u00bb][et_pb_column type=\u00bb1_3&#8243; _builder_version=\u00bb4.16&#8243; _module_preset=\u00bbdefault\u00bb global_colors_info=\u00bb{}\u00bb][et_pb_text _builder_version=\u00bb4.16&#8243; text_font=\u00bb||||||||\u00bb header_font=\u00bb||||||||\u00bb header_text_align=\u00bbcenter\u00bb header_2_font=\u00bb|300||on|||||\u00bb header_2_text_align=\u00bbright\u00bb header_2_font_size=\u00bb29px\u00bb custom_margin=\u00bb||0px||false|false\u00bb custom_padding=\u00bb|15%|0px||false|false\u00bb header_2_text_align_tablet=\u00bb\u00bb header_2_text_align_phone=\u00bbleft\u00bb header_2_text_align_last_edited=\u00bbon|phone\u00bb header_2_font_size_tablet=\u00bb51px\u00bb header_2_font_size_phone=\u00bb25px\u00bb header_2_font_size_last_edited=\u00bbon|phone\u00bb border_width_right=\u00bb2px\u00bb border_color_right=\u00bb#cccccc\u00bb border_width_right_tablet=\u00bb\u00bb border_width_right_phone=\u00bb0px\u00bb border_width_right_last_edited=\u00bbon|phone\u00bb locked=\u00bboff\u00bb global_colors_info=\u00bb{}\u00bb]<h2>clases de yoga en Zizur<\/h2>[\/et_pb_text][\/et_pb_column][et_pb_column type=\u00bb2_3&#8243; _builder_version=\u00bb4.16&#8243; _module_preset=\u00bbdefault\u00bb global_colors_info=\u00bb{}\u00bb][et_pb_text _builder_version=\u00bb4.18.0&#8243; text_font=\u00bb|300|||||||\u00bb text_text_color=\u00bb#cccccc\u00bb text_line_height=\u00bb1.1em\u00bb header_font=\u00bb|300|||||||\u00bb header_2_font=\u00bb|300||on|||||\u00bb header_2_text_color=\u00bb#cccccc\u00bb header_2_font_size=\u00bb36px\u00bb header_2_letter_spacing=\u00bb2px\u00bb background_layout=\u00bbdark\u00bb global_colors_info=\u00bb{}\u00bb]<p><span style=\"font-weight: 400;\">Las clases de yoga en Zizur en el Sparta Sport Center son tu mejor opci\u00f3n para olvidarte de los problemas del d\u00eda a d\u00eda y darle a tu cuerpo ese equilibrio que te ayudar\u00e1 a <\/span><b>mejorar tu rendimiento en el d\u00eda a d\u00eda<\/b><span style=\"font-weight: 400;\"> y liberarte de un mont\u00f3n de cargas. Si te preocupa tu bienestar y salud general, tenemos que recomendarte las posturas de yoga que se imparten en nuestras clases.<\/span><\/p>\n<p><span style=\"font-weight: 400;\">Tienes la oportunidad de practicar con profesores de yoga con capacidad para guiarte en clases tanto en grupo como de manera individual. En nuestro gimnasio adem\u00e1s contamos con monitores de yoga cualificados que est\u00e1n dise\u00f1ados para que puedas tener un control diario de tus actividades y conseguir el mejor equilibrio de mente, cuerpo y salud.\u00a0<\/span><\/p>\n<p><span style=\"font-weight: 400;\">Nuestros cursos de yoga son impartidos en salas ambientadas donde predomina la serenidad, el bienestar y actividades enfocadas en <\/span><b>posturas b\u00e1sicas, asanas, pranayamas<\/b><span style=\"font-weight: 400;\"> y todo lo que necesitas aprender para conseguir un cambio en tu vida.<\/span><\/p>\n<p><span style=\"font-weight: 400;\">Practica tambi\u00e9n los principales ejercicios de respiraci\u00f3n y relajaci\u00f3n para conseguir un equilibrio entre tu mente y tu cuerpo. Si quieres mejorar tu salud y tu bienestar en general, \u00a1esta es tu oportunidad!<\/span><\/p>[\/et_pb_text][\/et_pb_column][\/et_pb_row][et_pb_row column_structure=\u00bb1_3,2_3&#8243; custom_padding_last_edited=\u00bbon|phone\u00bb _builder_version=\u00bb4.16&#8243; _module_preset=\u00bbdefault\u00bb custom_margin=\u00bb||0px||false|false\u00bb custom_padding=\u00bb||||false|false\u00bb custom_padding_tablet=\u00bb\u00bb custom_padding_phone=\u00bb0px||0px||false|false\u00bb global_colors_info=\u00bb{}\u00bb][et_pb_column type=\u00bb1_3&#8243; _builder_version=\u00bb4.16&#8243; _module_preset=\u00bbdefault\u00bb global_colors_info=\u00bb{}\u00bb][et_pb_text _builder_version=\u00bb4.17.6&#8243; text_font=\u00bb||||||||\u00bb header_font=\u00bb||||||||\u00bb header_text_align=\u00bbcenter\u00bb header_2_font=\u00bb|300||on|||||\u00bb header_2_text_align=\u00bbright\u00bb header_2_font_size=\u00bb29px\u00bb custom_margin=\u00bb||0px||false|false\u00bb custom_padding=\u00bb|15%|0px||false|false\u00bb header_2_text_align_tablet=\u00bb\u00bb header_2_text_align_phone=\u00bbleft\u00bb header_2_text_align_last_edited=\u00bbon|phone\u00bb header_2_font_size_tablet=\u00bb51px\u00bb header_2_font_size_phone=\u00bb25px\u00bb header_2_font_size_last_edited=\u00bbon|phone\u00bb border_width_right=\u00bb2px\u00bb border_color_right=\u00bb#cccccc\u00bb border_width_right_tablet=\u00bb\u00bb border_width_right_phone=\u00bb0px\u00bb border_width_right_last_edited=\u00bbon|phone\u00bb locked=\u00bboff\u00bb global_colors_info=\u00bb{}\u00bb]<h2>Beneficios del yoga en Zizur<\/h2>[\/et_pb_text][\/et_pb_column][et_pb_column type=\u00bb2_3&#8243; _builder_version=\u00bb4.16&#8243; _module_preset=\u00bbdefault\u00bb global_colors_info=\u00bb{}\u00bb][et_pb_text _builder_version=\u00bb4.18.0&#8243; text_font=\u00bb|300|||||||\u00bb text_text_color=\u00bb#cccccc\u00bb text_line_height=\u00bb1.1em\u00bb header_font=\u00bb|300|||||||\u00bb header_2_font=\u00bb|300||on|||||\u00bb header_2_text_color=\u00bb#cccccc\u00bb header_2_font_size=\u00bb36px\u00bb header_2_letter_spacing=\u00bb2px\u00bb background_layout=\u00bbdark\u00bb global_colors_info=\u00bb{}\u00bb]<p><span style=\"font-weight: 400;\">\u00bfNo sabes cu\u00e1les son los beneficios de practicar posturas de yoga? \u00a1A continuaci\u00f3n te diremos los m\u00e1s importantes!<\/span><\/p>\n<ul>\n<li style=\"font-weight: 400;\" aria-level=\"1\"><b>Mejor control del cuerpo<\/b><span style=\"font-weight: 400;\">: el yoga es una actividad f\u00edsica que est\u00e1 enfocada en mejorar la flexibilidad de las extremidades y al mismo tiempo mejorar tu respiraci\u00f3n desde la primera sesi\u00f3n. Al mismo tiempo, es un <\/span><b>entrenamiento que contribuye con el control mental<\/b><span style=\"font-weight: 400;\"> y te permite canalizar las situaciones de estr\u00e9s que pueden presentarse durante el d\u00eda a d\u00eda.\u00a0<\/span><\/li>\n<li style=\"font-weight: 400;\" aria-level=\"1\"><b>Disminuye tallas<\/b><span style=\"font-weight: 400;\">: es considerada una actividad suave y sencilla, sin embargo, contribuye con la tonificaci\u00f3n del cuerpo y mejora el funcionamiento de tu metabolismo al momento de procesar los alimentos.\u00a0<\/span><\/li>\n<li style=\"font-weight: 400;\" aria-level=\"1\"><b>Mejores posturas<\/b><span style=\"font-weight: 400;\">: en las clases de yoga de nuestras instalaciones se trabajan las posturas para que puedas mejorar tu rendimiento tanto en la oficina como en tu d\u00eda a d\u00eda.<\/span><\/li>\n<\/ul>[\/et_pb_text][\/et_pb_column][\/et_pb_row][\/et_pb_section][et_pb_section fb_built=\u00bb1&#8243; custom_padding_last_edited=\u00bbon|phone\u00bb _builder_version=\u00bb4.16&#8243; _module_preset=\u00bbdefault\u00bb background_color=\u00bb#262626&#8243; custom_padding=\u00bb0px||50px||false|false\u00bb custom_padding_tablet=\u00bb\u00bb custom_padding_phone=\u00bb||30px||false|false\u00bb global_colors_info=\u00bb{}\u00bb][et_pb_row column_structure=\u00bb1_3,2_3&#8243; custom_padding_last_edited=\u00bbon|phone\u00bb _builder_version=\u00bb4.16&#8243; _module_preset=\u00bbdefault\u00bb custom_padding_tablet=\u00bb\u00bb custom_padding_phone=\u00bb0px||0px||false|false\u00bb global_colors_info=\u00bb{}\u00bb][et_pb_column type=\u00bb1_3&#8243; _builder_version=\u00bb4.16&#8243; _module_preset=\u00bbdefault\u00bb global_colors_info=\u00bb{}\u00bb][et_pb_text _builder_version=\u00bb4.16&#8243; text_font=\u00bb||||||||\u00bb header_font=\u00bb||||||||\u00bb header_text_align=\u00bbcenter\u00bb header_2_font=\u00bb|300||on|||||\u00bb header_2_text_align=\u00bbright\u00bb header_2_font_size=\u00bb29px\u00bb custom_margin=\u00bb||0px||false|false\u00bb custom_padding=\u00bb|15%|0px||false|false\u00bb header_2_text_align_tablet=\u00bb\u00bb header_2_text_align_phone=\u00bbleft\u00bb header_2_text_align_last_edited=\u00bbon|phone\u00bb header_2_font_size_tablet=\u00bb51px\u00bb header_2_font_size_phone=\u00bb25px\u00bb header_2_font_size_last_edited=\u00bbon|phone\u00bb border_width_right=\u00bb2px\u00bb border_color_right=\u00bb#cccccc\u00bb border_width_right_tablet=\u00bb\u00bb border_width_right_phone=\u00bb0px\u00bb border_width_right_last_edited=\u00bbon|phone\u00bb locked=\u00bboff\u00bb global_colors_info=\u00bb{}\u00bb]<h2>Por qu\u00e9 yoga en Sparta Sport Center Zizur<\/h2>[\/et_pb_text][\/et_pb_column][et_pb_column type=\u00bb2_3&#8243; _builder_version=\u00bb4.16&#8243; _module_preset=\u00bbdefault\u00bb global_colors_info=\u00bb{}\u00bb][et_pb_text _builder_version=\u00bb4.18.0&#8243; text_font=\u00bb|300|||||||\u00bb text_text_color=\u00bb#cccccc\u00bb text_line_height=\u00bb1.1em\u00bb header_font=\u00bb|300|||||||\u00bb header_2_font=\u00bb|300||on|||||\u00bb header_2_text_color=\u00bb#cccccc\u00bb header_2_font_size=\u00bb36px\u00bb header_2_letter_spacing=\u00bb2px\u00bb background_layout=\u00bbdark\u00bb global_colors_info=\u00bb{}\u00bb]<p><span style=\"font-weight: 400;\">En Sparta Sport Center Zizur nos tomamos muy en serio tu bienestar, por lo que la pr\u00e1ctica del yoga es una de las actividades principales de nuestros entrenamientos. Contamos con las <\/span><b>mejores instalaciones y tambi\u00e9n yoguis<\/b><span style=\"font-weight: 400;\"> que pueden ayudarte a conseguir el mejor entrenamiento.\u00a0<\/span><\/p>\n<p><span style=\"font-weight: 400;\">En nuestros entrenamientos se toman en cuenta las diferentes posturas e ir\u00e1s aumentando el nivel de complejidad seg\u00fan tu propio ritmo y conseguir un avance integral. De esta forma, nuestras clases son perfectas tanto para principiantes como para estudiantes m\u00e1s avanzados.<\/span><\/p>\n<p><span style=\"font-weight: 400;\">Si quieres comenzar a practicar el yoga cerca de casa, \u00a1Sparta Sport Center en Zizur es tu sitio!<\/span><\/p>[\/et_pb_text][\/et_pb_column][\/et_pb_row][\/et_pb_section][et_pb_section fb_built=\u00bb1&#8243; _builder_version=\u00bb4.18.0&#8243; background_color=\u00bb#363636&#8243; background_image=\u00bbhttps:\/\/spartasportcenter.com\/zizur\/wp-content\/uploads\/2019\/09\/instalaciones-gimnasio-sparta-sport-center-pamplona-11.jpg\u00bb background_enable_image=\u00bboff\u00bb background_blend=\u00bbmultiply\u00bb custom_margin=\u00bb||||false|false\u00bb custom_padding=\u00bb0px|0px|0|0px|false|false\u00bb top_divider_flip=\u00bbhorizontal\u00bb hover_enabled=\u00bb0&#8243; global_module=\u00bb206679&#8243; global_colors_info=\u00bb{}\u00bb admin_label=\u00bbbanner footer prueba un dia\u00bb sticky_enabled=\u00bb0&#8243; locked=\u00bboff\u00bb][et_pb_row _builder_version=\u00bb4.16&#8243; width=\u00bb100%\u00bb custom_padding=\u00bb40px|0px|40px|0px|false|false\u00bb global_colors_info=\u00bb{}\u00bb][et_pb_column type=\u00bb4_4&#8243; _builder_version=\u00bb4.16&#8243; custom_padding=\u00bb|||\u00bb global_colors_info=\u00bb{}\u00bb custom_padding__hover=\u00bb|||\u00bb][et_pb_text _builder_version=\u00bb4.16&#8243; text_font=\u00bb|300|||||||\u00bb text_text_color=\u00bb#cccccc\u00bb text_font_size=\u00bb36px\u00bb text_line_height=\u00bb1.3em\u00bb header_font=\u00bb||||||||\u00bb header_text_align=\u00bbcenter\u00bb header_text_color=\u00bb#ffffff\u00bb header_2_font=\u00bbStencilia-A||||||||\u00bb header_2_text_align=\u00bbcenter\u00bb header_2_text_color=\u00bb#ffffff\u00bb header_2_font_size=\u00bb61px\u00bb custom_margin=\u00bb||0px|\u00bb custom_padding=\u00bb||2%||false|false\u00bb text_font_size_tablet=\u00bb51px\u00bb text_font_size_phone=\u00bb25px\u00bb text_font_size_last_edited=\u00bbon|phone\u00bb header_2_font_size_tablet=\u00bb51px\u00bb header_2_font_size_phone=\u00bb24px\u00bb header_2_font_size_last_edited=\u00bbon|phone\u00bb text_text_shadow_style=\u00bbpreset1&#8243; header_text_shadow_style=\u00bbpreset1&#8243; header_2_text_shadow_style=\u00bbpreset1&#8243; global_colors_info=\u00bb{}\u00bb]<p style=\"text-align: center;\">\u00a1PRUEBA UN D\u00cdA GRATIS!<\/p>[\/et_pb_text][et_pb_button button_url=\u00bbhttps:\/\/spartasportcenter.com\/zizur\/prueba-un-dia-gratis\/\u00bb button_text=\u00bbSOLICITAR PRUEBA\u00bb button_alignment=\u00bbcenter\u00bb _builder_version=\u00bb4.16&#8243; custom_button=\u00bbon\u00bb button_text_color=\u00bb#FFFFFF\u00bb button_bg_color=\u00bb#d23d45&#8243; button_border_width=\u00bb1px\u00bb button_border_color=\u00bb#d23d45&#8243; button_border_radius=\u00bb0px\u00bb button_letter_spacing=\u00bb1px\u00bb button_font=\u00bb|300|||||||\u00bb button_use_icon=\u00bboff\u00bb custom_margin=\u00bb0%|||\u00bb custom_padding=\u00bb|||\u00bb button_text_size_tablet=\u00bb\u00bb button_text_size_phone=\u00bb16px\u00bb button_text_size_last_edited=\u00bbon|desktop\u00bb button_border_radius_hover=\u00bb0px\u00bb button_letter_spacing_hover=\u00bb3px\u00bb global_colors_info=\u00bb{}\u00bb button_text_size__hover_enabled=\u00bboff\u00bb button_text_size__hover=\u00bbnull\u00bb button_one_text_size__hover_enabled=\u00bboff\u00bb button_one_text_size__hover=\u00bbnull\u00bb button_two_text_size__hover_enabled=\u00bboff\u00bb button_two_text_size__hover=\u00bbnull\u00bb button_text_color__hover_enabled=\u00bbon|hover\u00bb button_text_color__hover=\u00bb#ffffff\u00bb button_one_text_color__hover_enabled=\u00bboff\u00bb button_one_text_color__hover=\u00bbnull\u00bb button_two_text_color__hover_enabled=\u00bboff\u00bb button_two_text_color__hover=\u00bbnull\u00bb button_border_width__hover_enabled=\u00bboff\u00bb button_border_width__hover=\u00bbnull\u00bb button_one_border_width__hover_enabled=\u00bboff\u00bb button_one_border_width__hover=\u00bbnull\u00bb button_two_border_width__hover_enabled=\u00bboff\u00bb button_two_border_width__hover=\u00bbnull\u00bb button_border_color__hover_enabled=\u00bbon|hover\u00bb button_border_color__hover=\u00bb#FFFFFF\u00bb button_one_border_color__hover_enabled=\u00bboff\u00bb button_one_border_color__hover=\u00bbnull\u00bb button_two_border_color__hover_enabled=\u00bboff\u00bb button_two_border_color__hover=\u00bbnull\u00bb button_border_radius__hover_enabled=\u00bboff|hover\u00bb button_border_radius__hover=\u00bb0px\u00bb button_one_border_radius__hover_enabled=\u00bboff\u00bb button_one_border_radius__hover=\u00bbnull\u00bb button_two_border_radius__hover_enabled=\u00bboff\u00bb button_two_border_radius__hover=\u00bbnull\u00bb button_letter_spacing__hover_enabled=\u00bboff|hover\u00bb button_letter_spacing__hover=\u00bb3px\u00bb button_one_letter_spacing__hover_enabled=\u00bboff\u00bb button_one_letter_spacing__hover=\u00bbnull\u00bb button_two_letter_spacing__hover_enabled=\u00bboff\u00bb button_two_letter_spacing__hover=\u00bbnull\u00bb button_bg_color__hover_enabled=\u00bbon|hover\u00bb button_bg_color__hover=\u00bbRGBA(0,0,0,0)\u00bb button_one_bg_color__hover_enabled=\u00bboff\u00bb button_one_bg_color__hover=\u00bbnull\u00bb button_two_bg_color__hover_enabled=\u00bboff\u00bb button_two_bg_color__hover=\u00bbnull\u00bb button_bg_enable_color__hover=\u00bbon\u00bb][\/et_pb_button][\/et_pb_column][\/et_pb_row][\/et_pb_section]\n","protected":false},"excerpt":{"rendered":"<p>clases de yoga en ZizurLas clases de yoga en Zizur en el Sparta Sport Center son tu mejor opci\u00f3n para olvidarte de los problemas del d\u00eda a d\u00eda y darle a tu cuerpo ese equilibrio que te ayudar\u00e1 a mejorar tu rendimiento en el d\u00eda a d\u00eda y liberarte de un mont\u00f3n de cargas. Si [&hellip;]<\/p>\n","protected":false},"author":1,"featured_media":220548,"parent":0,"menu_order":0,"comment_status":"closed","ping_status":"closed","template":"","meta":{"_et_pb_use_builder":"on","_et_pb_old_content":"","_et_gb_content_width":"","footnotes":""},"class_list":["post-206563","page","type-page","status-publish","has-post-thumbnail","hentry"],"yoast_head":"<!-- This site is optimized with the Yoast SEO plugin v27.4 - https:\/\/yoast.com\/product\/yoast-seo-wordpress\/ -->\n<title>Yoga en Zizur \u00a11 D\u00cdA GRATIS! | Sparta Sport Center Zizur<\/title>\n<meta name=\"description\" content=\"Mantente equilibrado, mejora tu condici\u00f3n f\u00edsica y espiritual con nuestras CLASES DE YOGA DIRIGIDAS en Zizur. Gana elasticidad y prev\u00e9 lesiones.\" \/>\n<meta name=\"robots\" content=\"index, follow, max-snippet:-1, max-image-preview:large, max-video-preview:-1\" \/>\n<link rel=\"canonical\" href=\"https:\/\/spartasportcenter.com\/zizur\/yoga-zizur\/\" \/>\n<meta property=\"og:locale\" content=\"es_ES\" \/>\n<meta property=\"og:type\" content=\"article\" \/>\n<meta property=\"og:title\" content=\"Yoga en Zizur \u00a11 D\u00cdA GRATIS! | Sparta Sport Center Zizur\" \/>\n<meta property=\"og:description\" content=\"Mantente equilibrado, mejora tu condici\u00f3n f\u00edsica y espiritual con nuestras CLASES DE YOGA DIRIGIDAS en Zizur. Gana elasticidad y prev\u00e9 lesiones.\" \/>\n<meta property=\"og:url\" content=\"https:\/\/spartasportcenter.com\/zizur\/yoga-zizur\/\" \/>\n<meta property=\"og:site_name\" content=\"Sparta Sport Center Zizur\" \/>\n<meta property=\"article:modified_time\" content=\"2024-06-07T08:07:14+00:00\" \/>\n<meta property=\"og:image\" content=\"https:\/\/spartasportcenter.com\/zizur\/wp-content\/uploads\/2024\/06\/yoga-zizur.webp\" \/>\n\t<meta property=\"og:image:width\" content=\"2000\" \/>\n\t<meta property=\"og:image:height\" content=\"1333\" \/>\n\t<meta property=\"og:image:type\" content=\"image\/webp\" \/>\n<meta name=\"twitter:card\" content=\"summary_large_image\" \/>\n<meta name=\"twitter:label1\" content=\"Tiempo de lectura\" \/>\n\t<meta name=\"twitter:data1\" content=\"3 minutos\" \/>\n<script type=\"application\/ld+json\" class=\"yoast-schema-graph\">{\"@context\":\"https:\\\/\\\/schema.org\",\"@graph\":[{\"@type\":\"WebPage\",\"@id\":\"https:\\\/\\\/spartasportcenter.com\\\/zizur\\\/yoga-zizur\\\/\",\"url\":\"https:\\\/\\\/spartasportcenter.com\\\/zizur\\\/yoga-zizur\\\/\",\"name\":\"Yoga en Zizur \u00a11 D\u00cdA GRATIS! | Sparta Sport Center Zizur\",\"isPartOf\":{\"@id\":\"https:\\\/\\\/spartasportcenter.com\\\/zizur\\\/#website\"},\"primaryImageOfPage\":{\"@id\":\"https:\\\/\\\/spartasportcenter.com\\\/zizur\\\/yoga-zizur\\\/#primaryimage\"},\"image\":{\"@id\":\"https:\\\/\\\/spartasportcenter.com\\\/zizur\\\/yoga-zizur\\\/#primaryimage\"},\"thumbnailUrl\":\"https:\\\/\\\/spartasportcenter.com\\\/zizur\\\/wp-content\\\/uploads\\\/2024\\\/06\\\/yoga-zizur.webp\",\"datePublished\":\"2018-08-20T15:59:41+00:00\",\"dateModified\":\"2024-06-07T08:07:14+00:00\",\"description\":\"Mantente equilibrado, mejora tu condici\u00f3n f\u00edsica y espiritual con nuestras CLASES DE YOGA DIRIGIDAS en Zizur. Gana elasticidad y prev\u00e9 lesiones.\",\"breadcrumb\":{\"@id\":\"https:\\\/\\\/spartasportcenter.com\\\/zizur\\\/yoga-zizur\\\/#breadcrumb\"},\"inLanguage\":\"es\",\"potentialAction\":[{\"@type\":\"ReadAction\",\"target\":[\"https:\\\/\\\/spartasportcenter.com\\\/zizur\\\/yoga-zizur\\\/\"]}]},{\"@type\":\"ImageObject\",\"inLanguage\":\"es\",\"@id\":\"https:\\\/\\\/spartasportcenter.com\\\/zizur\\\/yoga-zizur\\\/#primaryimage\",\"url\":\"https:\\\/\\\/spartasportcenter.com\\\/zizur\\\/wp-content\\\/uploads\\\/2024\\\/06\\\/yoga-zizur.webp\",\"contentUrl\":\"https:\\\/\\\/spartasportcenter.com\\\/zizur\\\/wp-content\\\/uploads\\\/2024\\\/06\\\/yoga-zizur.webp\",\"width\":2000,\"height\":1333,\"caption\":\"yoga zizur\"},{\"@type\":\"BreadcrumbList\",\"@id\":\"https:\\\/\\\/spartasportcenter.com\\\/zizur\\\/yoga-zizur\\\/#breadcrumb\",\"itemListElement\":[{\"@type\":\"ListItem\",\"position\":1,\"name\":\"Portada\",\"item\":\"https:\\\/\\\/spartasportcenter.com\\\/zizur\\\/\"},{\"@type\":\"ListItem\",\"position\":2,\"name\":\"Yoga Zizur\"}]},{\"@type\":\"WebSite\",\"@id\":\"https:\\\/\\\/spartasportcenter.com\\\/zizur\\\/#website\",\"url\":\"https:\\\/\\\/spartasportcenter.com\\\/zizur\\\/\",\"name\":\"Sparta Sport Center Zizur\",\"description\":\"Gimnasios en Zizur\",\"potentialAction\":[{\"@type\":\"SearchAction\",\"target\":{\"@type\":\"EntryPoint\",\"urlTemplate\":\"https:\\\/\\\/spartasportcenter.com\\\/zizur\\\/?s={search_term_string}\"},\"query-input\":{\"@type\":\"PropertyValueSpecification\",\"valueRequired\":true,\"valueName\":\"search_term_string\"}}],\"inLanguage\":\"es\"}]}<\/script>\n<!-- \/ Yoast SEO plugin. -->","yoast_head_json":{"title":"Yoga en Zizur \u00a11 D\u00cdA GRATIS! | Sparta Sport Center Zizur","description":"Mantente equilibrado, mejora tu condici\u00f3n f\u00edsica y espiritual con nuestras CLASES DE YOGA DIRIGIDAS en Zizur. Gana elasticidad y prev\u00e9 lesiones.","robots":{"index":"index","follow":"follow","max-snippet":"max-snippet:-1","max-image-preview":"max-image-preview:large","max-video-preview":"max-video-preview:-1"},"canonical":"https:\/\/spartasportcenter.com\/zizur\/yoga-zizur\/","og_locale":"es_ES","og_type":"article","og_title":"Yoga en Zizur \u00a11 D\u00cdA GRATIS! | Sparta Sport Center Zizur","og_description":"Mantente equilibrado, mejora tu condici\u00f3n f\u00edsica y espiritual con nuestras CLASES DE YOGA DIRIGIDAS en Zizur. Gana elasticidad y prev\u00e9 lesiones.","og_url":"https:\/\/spartasportcenter.com\/zizur\/yoga-zizur\/","og_site_name":"Sparta Sport Center Zizur","article_modified_time":"2024-06-07T08:07:14+00:00","og_image":[{"width":2000,"height":1333,"url":"https:\/\/spartasportcenter.com\/zizur\/wp-content\/uploads\/2024\/06\/yoga-zizur.webp","type":"image\/webp"}],"twitter_card":"summary_large_image","twitter_misc":{"Tiempo de lectura":"3 minutos"},"schema":{"@context":"https:\/\/schema.org","@graph":[{"@type":"WebPage","@id":"https:\/\/spartasportcenter.com\/zizur\/yoga-zizur\/","url":"https:\/\/spartasportcenter.com\/zizur\/yoga-zizur\/","name":"Yoga en Zizur \u00a11 D\u00cdA GRATIS! | Sparta Sport Center Zizur","isPartOf":{"@id":"https:\/\/spartasportcenter.com\/zizur\/#website"},"primaryImageOfPage":{"@id":"https:\/\/spartasportcenter.com\/zizur\/yoga-zizur\/#primaryimage"},"image":{"@id":"https:\/\/spartasportcenter.com\/zizur\/yoga-zizur\/#primaryimage"},"thumbnailUrl":"https:\/\/spartasportcenter.com\/zizur\/wp-content\/uploads\/2024\/06\/yoga-zizur.webp","datePublished":"2018-08-20T15:59:41+00:00","dateModified":"2024-06-07T08:07:14+00:00","description":"Mantente equilibrado, mejora tu condici\u00f3n f\u00edsica y espiritual con nuestras CLASES DE YOGA DIRIGIDAS en Zizur. Gana elasticidad y prev\u00e9 lesiones.","breadcrumb":{"@id":"https:\/\/spartasportcenter.com\/zizur\/yoga-zizur\/#breadcrumb"},"inLanguage":"es","potentialAction":[{"@type":"ReadAction","target":["https:\/\/spartasportcenter.com\/zizur\/yoga-zizur\/"]}]},{"@type":"ImageObject","inLanguage":"es","@id":"https:\/\/spartasportcenter.com\/zizur\/yoga-zizur\/#primaryimage","url":"https:\/\/spartasportcenter.com\/zizur\/wp-content\/uploads\/2024\/06\/yoga-zizur.webp","contentUrl":"https:\/\/spartasportcenter.com\/zizur\/wp-content\/uploads\/2024\/06\/yoga-zizur.webp","width":2000,"height":1333,"caption":"yoga zizur"},{"@type":"BreadcrumbList","@id":"https:\/\/spartasportcenter.com\/zizur\/yoga-zizur\/#breadcrumb","itemListElement":[{"@type":"ListItem","position":1,"name":"Portada","item":"https:\/\/spartasportcenter.com\/zizur\/"},{"@type":"ListItem","position":2,"name":"Yoga Zizur"}]},{"@type":"WebSite","@id":"https:\/\/spartasportcenter.com\/zizur\/#website","url":"https:\/\/spartasportcenter.com\/zizur\/","name":"Sparta Sport Center Zizur","description":"Gimnasios en Zizur","potentialAction":[{"@type":"SearchAction","target":{"@type":"EntryPoint","urlTemplate":"https:\/\/spartasportcenter.com\/zizur\/?s={search_term_string}"},"query-input":{"@type":"PropertyValueSpecification","valueRequired":true,"valueName":"search_term_string"}}],"inLanguage":"es"}]}},"_links":{"self":[{"href":"https:\/\/spartasportcenter.com\/zizur\/wp-json\/wp\/v2\/pages\/206563","targetHints":{"allow":["GET"]}}],"collection":[{"href":"https:\/\/spartasportcenter.com\/zizur\/wp-json\/wp\/v2\/pages"}],"about":[{"href":"https:\/\/spartasportcenter.com\/zizur\/wp-json\/wp\/v2\/types\/page"}],"author":[{"embeddable":true,"href":"https:\/\/spartasportcenter.com\/zizur\/wp-json\/wp\/v2\/users\/1"}],"replies":[{"embeddable":true,"href":"https:\/\/spartasportcenter.com\/zizur\/wp-json\/wp\/v2\/comments?post=206563"}],"version-history":[{"count":15,"href":"https:\/\/spartasportcenter.com\/zizur\/wp-json\/wp\/v2\/pages\/206563\/revisions"}],"predecessor-version":[{"id":220558,"href":"https:\/\/spartasportcenter.com\/zizur\/wp-json\/wp\/v2\/pages\/206563\/revisions\/220558"}],"wp:featuredmedia":[{"embeddable":true,"href":"https:\/\/spartasportcenter.com\/zizur\/wp-json\/wp\/v2\/media\/220548"}],"wp:attachment":[{"href":"https:\/\/spartasportcenter.com\/zizur\/wp-json\/wp\/v2\/media?parent=206563"}],"curies":[{"name":"wp","href":"https:\/\/api.w.org\/{rel}","templated":true}]}}