{"id":206559,"date":"2018-08-20T15:51:28","date_gmt":"2018-08-20T15:51:28","guid":{"rendered":"https:\/\/pamplona.spartasportcenter.com\/?page_id=206559"},"modified":"2024-06-07T10:04:40","modified_gmt":"2024-06-07T08:04:40","slug":"core-zizur","status":"publish","type":"page","link":"https:\/\/spartasportcenter.com\/zizur\/core-zizur\/","title":{"rendered":"CORE Zizur"},"content":{"rendered":"\n[et_pb_section fb_built=\u00bb1&#8243; custom_padding_last_edited=\u00bbon|phone\u00bb disabled_on=\u00bboff|off|off\u00bb _builder_version=\u00bb4.16&#8243; background_color=\u00bb#262626&#8243; background_enable_image=\u00bboff\u00bb custom_margin=\u00bb||||false|false\u00bb custom_padding=\u00bb80px|0px|0px|0px|false|false\u00bb custom_padding_tablet=\u00bb\u00bb custom_padding_phone=\u00bb30px||50px||false|false\u00bb global_colors_info=\u00bb{}\u00bb][et_pb_row column_structure=\u00bb1_3,2_3&#8243; custom_padding_last_edited=\u00bbon|desktop\u00bb _builder_version=\u00bb4.16&#8243; _module_preset=\u00bbdefault\u00bb custom_padding=\u00bb0px||||false|false\u00bb custom_padding_tablet=\u00bb\u00bb custom_padding_phone=\u00bb0px||||false|false\u00bb global_colors_info=\u00bb{}\u00bb][et_pb_column type=\u00bb1_3&#8243; _builder_version=\u00bb4.16&#8243; _module_preset=\u00bbdefault\u00bb global_colors_info=\u00bb{}\u00bb][et_pb_text _builder_version=\u00bb4.16&#8243; text_font=\u00bb||||||||\u00bb header_font=\u00bb||||||||\u00bb header_text_align=\u00bbcenter\u00bb header_2_font=\u00bb|300||on|||||\u00bb header_2_text_align=\u00bbright\u00bb header_2_font_size=\u00bb29px\u00bb custom_margin=\u00bb||0px||false|false\u00bb custom_padding=\u00bb|15%|0px||false|false\u00bb header_2_text_align_tablet=\u00bb\u00bb header_2_text_align_phone=\u00bbleft\u00bb header_2_text_align_last_edited=\u00bbon|phone\u00bb header_2_font_size_tablet=\u00bb51px\u00bb header_2_font_size_phone=\u00bb25px\u00bb header_2_font_size_last_edited=\u00bbon|phone\u00bb border_width_right=\u00bb2px\u00bb border_color_right=\u00bb#cccccc\u00bb border_width_right_tablet=\u00bb\u00bb border_width_right_phone=\u00bb0px\u00bb border_width_right_last_edited=\u00bbon|phone\u00bb locked=\u00bboff\u00bb global_colors_info=\u00bb{}\u00bb]<h2>clases de core en Zizur<\/h2>[\/et_pb_text][\/et_pb_column][et_pb_column type=\u00bb2_3&#8243; _builder_version=\u00bb4.16&#8243; _module_preset=\u00bbdefault\u00bb global_colors_info=\u00bb{}\u00bb][et_pb_text _builder_version=\u00bb4.18.0&#8243; text_font=\u00bb|300|||||||\u00bb text_text_color=\u00bb#cccccc\u00bb text_line_height=\u00bb1.1em\u00bb header_font=\u00bb|300|||||||\u00bb header_2_font=\u00bb|300||on|||||\u00bb header_2_text_color=\u00bb#cccccc\u00bb header_2_font_size=\u00bb36px\u00bb header_2_letter_spacing=\u00bb2px\u00bb background_layout=\u00bbdark\u00bb global_colors_info=\u00bb{}\u00bb]<p><span style=\"font-weight: 400;\">\u00a1Lleg\u00f3 el momento de ponerte en forma y cumplir tus objetivos! Y con unas buenas clases de core en Zizur, vas a poder ejercitar tu cuerpo por completo y acostumbrarte a un ritmo de vida activa que influir\u00e1 significativamente en el bienestar de tu cuerpo y tu salud en general.\u00a0<\/span><\/p>\n<p><span style=\"font-weight: 400;\">En Sparta Sport Center Zizur contamos con todas las rutinas y entrenamientos necesarios para conseguir tus objetivos. Con clases dirigidas de diferentes niveles de intensidad, sesiones con tiempo y distintos niveles de exigencia para que puedas avanzar a medida que entrenas.\u00a0<\/span><\/p>\n<p><span style=\"font-weight: 400;\">En nuestro centro encontrar\u00e1s profesores de core especializados que servir\u00e1n como gu\u00edas en tus entrenamientos y adem\u00e1s podr\u00e1n ayudarte de forma personalizada para mejorar el fortalecimiento de cada uno de tus m\u00fasculos.<\/span><\/p>\n<p><span style=\"font-weight: 400;\">En nuestro gimnasio Sparta Sport Center Zizur vas a poder disfrutar de una buena cantidad de clases con ejercicios variados para tu zona abdominal, todos los d\u00edas con rutinas diferentes para que mantengas un ritmo constante y entretenido d\u00eda tras d\u00eda.\u00a0<\/span><\/p>\n<p><span style=\"font-weight: 400;\">Al mismo tiempo, nuestros espacios cuentan con un \u00e1rea destinada para los entrenamientos core en Zizur, con un tama\u00f1o amplio para que puedas hacer todos tus movimientos de manera segura, completa y conseguir los mejores resultados en los m\u00fasculos centrales de tu cuerpo.\u00a0<\/span><\/p>[\/et_pb_text][\/et_pb_column][\/et_pb_row][et_pb_row column_structure=\u00bb1_3,2_3&#8243; custom_padding_last_edited=\u00bbon|phone\u00bb _builder_version=\u00bb4.16&#8243; _module_preset=\u00bbdefault\u00bb custom_margin=\u00bb||0px||false|false\u00bb custom_padding=\u00bb||||false|false\u00bb custom_padding_tablet=\u00bb\u00bb custom_padding_phone=\u00bb0px||0px||false|false\u00bb global_colors_info=\u00bb{}\u00bb][et_pb_column type=\u00bb1_3&#8243; _builder_version=\u00bb4.16&#8243; _module_preset=\u00bbdefault\u00bb global_colors_info=\u00bb{}\u00bb][et_pb_text _builder_version=\u00bb4.16&#8243; text_font=\u00bb||||||||\u00bb header_font=\u00bb||||||||\u00bb header_text_align=\u00bbcenter\u00bb header_2_font=\u00bb|300||on|||||\u00bb header_2_text_align=\u00bbright\u00bb header_2_font_size=\u00bb29px\u00bb custom_margin=\u00bb||0px||false|false\u00bb custom_padding=\u00bb|15%|0px||false|false\u00bb header_2_text_align_tablet=\u00bb\u00bb header_2_text_align_phone=\u00bbleft\u00bb header_2_text_align_last_edited=\u00bbon|phone\u00bb header_2_font_size_tablet=\u00bb51px\u00bb header_2_font_size_phone=\u00bb25px\u00bb header_2_font_size_last_edited=\u00bbon|phone\u00bb border_width_right=\u00bb2px\u00bb border_color_right=\u00bb#cccccc\u00bb border_width_right_tablet=\u00bb\u00bb border_width_right_phone=\u00bb0px\u00bb border_width_right_last_edited=\u00bbon|phone\u00bb locked=\u00bboff\u00bb global_colors_info=\u00bb{}\u00bb]<h2>Beneficios del Core en Zizur<\/h2>[\/et_pb_text][\/et_pb_column][et_pb_column type=\u00bb2_3&#8243; _builder_version=\u00bb4.16&#8243; _module_preset=\u00bbdefault\u00bb global_colors_info=\u00bb{}\u00bb][et_pb_text _builder_version=\u00bb4.18.0&#8243; text_font=\u00bb|300|||||||\u00bb text_text_color=\u00bb#cccccc\u00bb text_line_height=\u00bb1.1em\u00bb header_font=\u00bb|300|||||||\u00bb header_2_font=\u00bb|300||on|||||\u00bb header_2_text_color=\u00bb#cccccc\u00bb header_2_font_size=\u00bb36px\u00bb header_2_letter_spacing=\u00bb2px\u00bb background_layout=\u00bbdark\u00bb global_colors_info=\u00bb{}\u00bb]<p><span style=\"font-weight: 400;\">Desde el primer d\u00eda de entrenamiento en Sparta Sport Center Zizur comenzar\u00e1s a trabajar en tu resistencia y notar\u00e1s como los cambios en tu cuerpo se dar\u00e1n de manera progresiva. As\u00ed que, si a\u00fan no conoces los beneficios de inscribirte en nuestras clases, estos son algunos de ellos:<\/span><\/p>\n<ul>\n<li style=\"font-weight: 400;\" aria-level=\"1\"><span style=\"font-weight: 400;\">Mejora la condici\u00f3n f\u00edsica de tu cuerpo: con estos entrenamientos tu organismo estar\u00e1 mejor preparado para las actividades del d\u00eda a d\u00eda, reduciendo los \u00edndices de cansancio y ofreci\u00e9ndote un mejor rendimiento.\u00a0<\/span><\/li>\n<li style=\"font-weight: 400;\" aria-level=\"1\"><span style=\"font-weight: 400;\">Entrena tu \u00e1rea abdominal: los entrenamientos de core son perfectos para mejorar la fuerza del centro de tu cuerpo, una de las zonas m\u00e1s importantes en lo que a salud y est\u00e9tica se refiere.<\/span><\/li>\n<li style=\"font-weight: 400;\" aria-level=\"1\"><span style=\"font-weight: 400;\">Reduce tus dolores lumbares: con un buen monitor de core y entrenamiento constante vas a poder fortalecer los m\u00fasculos centrales que contribuyen con una buena postura, lo que trae como beneficio la disminuci\u00f3n de los dolores lumbares.<\/span><\/li>\n<\/ul>[\/et_pb_text][\/et_pb_column][\/et_pb_row][\/et_pb_section][et_pb_section fb_built=\u00bb1&#8243; custom_padding_last_edited=\u00bbon|phone\u00bb _builder_version=\u00bb4.16&#8243; _module_preset=\u00bbdefault\u00bb background_color=\u00bb#262626&#8243; custom_padding=\u00bb0px||50px||false|false\u00bb custom_padding_tablet=\u00bb\u00bb custom_padding_phone=\u00bb||30px||false|false\u00bb global_colors_info=\u00bb{}\u00bb][et_pb_row column_structure=\u00bb1_3,2_3&#8243; custom_padding_last_edited=\u00bbon|phone\u00bb _builder_version=\u00bb4.16&#8243; _module_preset=\u00bbdefault\u00bb custom_padding_tablet=\u00bb\u00bb custom_padding_phone=\u00bb0px||0px||false|false\u00bb global_colors_info=\u00bb{}\u00bb][et_pb_column type=\u00bb1_3&#8243; _builder_version=\u00bb4.16&#8243; _module_preset=\u00bbdefault\u00bb global_colors_info=\u00bb{}\u00bb][et_pb_text _builder_version=\u00bb4.16&#8243; text_font=\u00bb||||||||\u00bb header_font=\u00bb||||||||\u00bb header_text_align=\u00bbcenter\u00bb header_2_font=\u00bb|300||on|||||\u00bb header_2_text_align=\u00bbright\u00bb header_2_font_size=\u00bb29px\u00bb custom_margin=\u00bb||0px||false|false\u00bb custom_padding=\u00bb|15%|0px||false|false\u00bb header_2_text_align_tablet=\u00bb\u00bb header_2_text_align_phone=\u00bbleft\u00bb header_2_text_align_last_edited=\u00bbon|phone\u00bb header_2_font_size_tablet=\u00bb51px\u00bb header_2_font_size_phone=\u00bb25px\u00bb header_2_font_size_last_edited=\u00bbon|phone\u00bb border_width_right=\u00bb2px\u00bb border_color_right=\u00bb#cccccc\u00bb border_width_right_tablet=\u00bb\u00bb border_width_right_phone=\u00bb0px\u00bb border_width_right_last_edited=\u00bbon|phone\u00bb locked=\u00bboff\u00bb global_colors_info=\u00bb{}\u00bb]<h2>Por qu\u00e9 Core en Sparta Sport Center Zizur<\/h2>[\/et_pb_text][\/et_pb_column][et_pb_column type=\u00bb2_3&#8243; _builder_version=\u00bb4.16&#8243; _module_preset=\u00bbdefault\u00bb global_colors_info=\u00bb{}\u00bb][et_pb_text _builder_version=\u00bb4.18.0&#8243; text_font=\u00bb|300|||||||\u00bb text_text_color=\u00bb#cccccc\u00bb text_line_height=\u00bb1.1em\u00bb header_font=\u00bb|300|||||||\u00bb header_2_font=\u00bb|300||on|||||\u00bb header_2_text_color=\u00bb#cccccc\u00bb header_2_font_size=\u00bb36px\u00bb header_2_letter_spacing=\u00bb2px\u00bb background_layout=\u00bbdark\u00bb global_colors_info=\u00bb{}\u00bb]<p><span style=\"font-weight: 400;\">\u00bfQuieres tonificar y ganar resistencia al mismo tiempo? En Sparta Sport Center Zizur encuentras m\u00e1s de una forma de conseguirlo. Sus entrenadores se enfocan en el entrenamiento global de tu cuerpo, ofreci\u00e9ndote ejercicios de fuerza y resistencia para trabajar desde todos los puntos de vista.\u00a0<\/span><\/p>\n<p><span style=\"font-weight: 400;\">Todas las sesiones vienen acompa\u00f1adas de un monitor de core que te permite llevar el control de tus entrenamientos, por lo que podr\u00e1s notar el avance d\u00eda tras d\u00eda.\u00a0<\/span><\/p>\n<p><span style=\"font-weight: 400;\">Una vez conozcas nuestros entrenamientos, no querr\u00e1s dejar de visitarnos, as\u00ed que an\u00edmate a cambiar tu estilo de vida y comienza con el pie derecho de la mano de Sparta Sport Center Zizur. \u00a1Te estamos esperando!<\/span><\/p>[\/et_pb_text][\/et_pb_column][\/et_pb_row][\/et_pb_section][et_pb_section fb_built=\u00bb1&#8243; _builder_version=\u00bb4.18.0&#8243; background_color=\u00bb#363636&#8243; background_image=\u00bbhttps:\/\/spartasportcenter.com\/zizur\/wp-content\/uploads\/2019\/09\/instalaciones-gimnasio-sparta-sport-center-pamplona-11.jpg\u00bb background_enable_image=\u00bboff\u00bb background_blend=\u00bbmultiply\u00bb custom_margin=\u00bb||||false|false\u00bb custom_padding=\u00bb0px|0px|0|0px|false|false\u00bb top_divider_flip=\u00bbhorizontal\u00bb hover_enabled=\u00bb0&#8243; global_module=\u00bb206679&#8243; global_colors_info=\u00bb{}\u00bb admin_label=\u00bbbanner footer prueba un dia\u00bb sticky_enabled=\u00bb0&#8243; locked=\u00bboff\u00bb][et_pb_row _builder_version=\u00bb4.16&#8243; width=\u00bb100%\u00bb custom_padding=\u00bb40px|0px|40px|0px|false|false\u00bb global_colors_info=\u00bb{}\u00bb][et_pb_column type=\u00bb4_4&#8243; _builder_version=\u00bb4.16&#8243; custom_padding=\u00bb|||\u00bb global_colors_info=\u00bb{}\u00bb custom_padding__hover=\u00bb|||\u00bb][et_pb_text _builder_version=\u00bb4.16&#8243; text_font=\u00bb|300|||||||\u00bb text_text_color=\u00bb#cccccc\u00bb text_font_size=\u00bb36px\u00bb text_line_height=\u00bb1.3em\u00bb header_font=\u00bb||||||||\u00bb header_text_align=\u00bbcenter\u00bb header_text_color=\u00bb#ffffff\u00bb header_2_font=\u00bbStencilia-A||||||||\u00bb header_2_text_align=\u00bbcenter\u00bb header_2_text_color=\u00bb#ffffff\u00bb header_2_font_size=\u00bb61px\u00bb custom_margin=\u00bb||0px|\u00bb custom_padding=\u00bb||2%||false|false\u00bb text_font_size_tablet=\u00bb51px\u00bb text_font_size_phone=\u00bb25px\u00bb text_font_size_last_edited=\u00bbon|phone\u00bb header_2_font_size_tablet=\u00bb51px\u00bb header_2_font_size_phone=\u00bb24px\u00bb header_2_font_size_last_edited=\u00bbon|phone\u00bb text_text_shadow_style=\u00bbpreset1&#8243; header_text_shadow_style=\u00bbpreset1&#8243; header_2_text_shadow_style=\u00bbpreset1&#8243; global_colors_info=\u00bb{}\u00bb]<p style=\"text-align: center;\">\u00a1PRUEBA UN D\u00cdA GRATIS!<\/p>[\/et_pb_text][et_pb_button button_url=\u00bbhttps:\/\/spartasportcenter.com\/zizur\/prueba-un-dia-gratis\/\u00bb button_text=\u00bbSOLICITAR PRUEBA\u00bb button_alignment=\u00bbcenter\u00bb _builder_version=\u00bb4.16&#8243; custom_button=\u00bbon\u00bb button_text_color=\u00bb#FFFFFF\u00bb button_bg_color=\u00bb#d23d45&#8243; button_border_width=\u00bb1px\u00bb button_border_color=\u00bb#d23d45&#8243; button_border_radius=\u00bb0px\u00bb button_letter_spacing=\u00bb1px\u00bb button_font=\u00bb|300|||||||\u00bb button_use_icon=\u00bboff\u00bb custom_margin=\u00bb0%|||\u00bb custom_padding=\u00bb|||\u00bb button_text_size_tablet=\u00bb\u00bb button_text_size_phone=\u00bb16px\u00bb button_text_size_last_edited=\u00bbon|desktop\u00bb button_border_radius_hover=\u00bb0px\u00bb button_letter_spacing_hover=\u00bb3px\u00bb global_colors_info=\u00bb{}\u00bb button_text_size__hover_enabled=\u00bboff\u00bb button_text_size__hover=\u00bbnull\u00bb button_one_text_size__hover_enabled=\u00bboff\u00bb button_one_text_size__hover=\u00bbnull\u00bb button_two_text_size__hover_enabled=\u00bboff\u00bb button_two_text_size__hover=\u00bbnull\u00bb button_text_color__hover_enabled=\u00bbon|hover\u00bb button_text_color__hover=\u00bb#ffffff\u00bb button_one_text_color__hover_enabled=\u00bboff\u00bb button_one_text_color__hover=\u00bbnull\u00bb button_two_text_color__hover_enabled=\u00bboff\u00bb button_two_text_color__hover=\u00bbnull\u00bb button_border_width__hover_enabled=\u00bboff\u00bb button_border_width__hover=\u00bbnull\u00bb button_one_border_width__hover_enabled=\u00bboff\u00bb button_one_border_width__hover=\u00bbnull\u00bb button_two_border_width__hover_enabled=\u00bboff\u00bb button_two_border_width__hover=\u00bbnull\u00bb button_border_color__hover_enabled=\u00bbon|hover\u00bb button_border_color__hover=\u00bb#FFFFFF\u00bb button_one_border_color__hover_enabled=\u00bboff\u00bb button_one_border_color__hover=\u00bbnull\u00bb button_two_border_color__hover_enabled=\u00bboff\u00bb button_two_border_color__hover=\u00bbnull\u00bb button_border_radius__hover_enabled=\u00bboff|hover\u00bb button_border_radius__hover=\u00bb0px\u00bb button_one_border_radius__hover_enabled=\u00bboff\u00bb button_one_border_radius__hover=\u00bbnull\u00bb button_two_border_radius__hover_enabled=\u00bboff\u00bb button_two_border_radius__hover=\u00bbnull\u00bb button_letter_spacing__hover_enabled=\u00bboff|hover\u00bb button_letter_spacing__hover=\u00bb3px\u00bb button_one_letter_spacing__hover_enabled=\u00bboff\u00bb button_one_letter_spacing__hover=\u00bbnull\u00bb button_two_letter_spacing__hover_enabled=\u00bboff\u00bb button_two_letter_spacing__hover=\u00bbnull\u00bb button_bg_color__hover_enabled=\u00bbon|hover\u00bb button_bg_color__hover=\u00bbRGBA(0,0,0,0)\u00bb button_one_bg_color__hover_enabled=\u00bboff\u00bb button_one_bg_color__hover=\u00bbnull\u00bb button_two_bg_color__hover_enabled=\u00bboff\u00bb button_two_bg_color__hover=\u00bbnull\u00bb button_bg_enable_color__hover=\u00bbon\u00bb][\/et_pb_button][\/et_pb_column][\/et_pb_row][\/et_pb_section]\n","protected":false},"excerpt":{"rendered":"<p>clases de core en Zizur\u00a1Lleg\u00f3 el momento de ponerte en forma y cumplir tus objetivos! Y con unas buenas clases de core en Zizur, vas a poder ejercitar tu cuerpo por completo y acostumbrarte a un ritmo de vida activa que influir\u00e1 significativamente en el bienestar de tu cuerpo y tu salud en general.\u00a0 En [&hellip;]<\/p>\n","protected":false},"author":1,"featured_media":220541,"parent":0,"menu_order":0,"comment_status":"closed","ping_status":"closed","template":"","meta":{"_et_pb_use_builder":"on","_et_pb_old_content":"","_et_gb_content_width":"","footnotes":""},"class_list":["post-206559","page","type-page","status-publish","has-post-thumbnail","hentry"],"yoast_head":"<!-- This site is optimized with the Yoast SEO plugin v27.4 - https:\/\/yoast.com\/product\/yoast-seo-wordpress\/ -->\n<title>Core en Zizur \u00a11 D\u00cdA GRATIS! | Sparta Sport Center Zizur<\/title>\n<meta name=\"description\" content=\"Ponte a prueba con nuestras CLASES DE CORE ABDOMINAL DIRIGIDAS en Zizur. Aumenta la fuerza de tu cuerpo y mejora tu rendimiento f\u00edsico.\" \/>\n<meta name=\"robots\" content=\"index, follow, max-snippet:-1, max-image-preview:large, max-video-preview:-1\" \/>\n<link rel=\"canonical\" href=\"https:\/\/spartasportcenter.com\/zizur\/core-zizur\/\" \/>\n<meta property=\"og:locale\" content=\"es_ES\" \/>\n<meta property=\"og:type\" content=\"article\" \/>\n<meta property=\"og:title\" content=\"Core en Zizur \u00a11 D\u00cdA GRATIS! | Sparta Sport Center Zizur\" \/>\n<meta property=\"og:description\" content=\"Ponte a prueba con nuestras CLASES DE CORE ABDOMINAL DIRIGIDAS en Zizur. Aumenta la fuerza de tu cuerpo y mejora tu rendimiento f\u00edsico.\" \/>\n<meta property=\"og:url\" content=\"https:\/\/spartasportcenter.com\/zizur\/core-zizur\/\" \/>\n<meta property=\"og:site_name\" content=\"Sparta Sport Center Zizur\" \/>\n<meta property=\"article:modified_time\" content=\"2024-06-07T08:04:40+00:00\" \/>\n<meta property=\"og:image\" content=\"https:\/\/spartasportcenter.com\/zizur\/wp-content\/uploads\/2024\/06\/core-zizur.webp\" \/>\n\t<meta property=\"og:image:width\" content=\"2000\" \/>\n\t<meta property=\"og:image:height\" content=\"1333\" \/>\n\t<meta property=\"og:image:type\" content=\"image\/webp\" \/>\n<meta name=\"twitter:card\" content=\"summary_large_image\" \/>\n<meta name=\"twitter:label1\" content=\"Tiempo de lectura\" \/>\n\t<meta name=\"twitter:data1\" content=\"3 minutos\" \/>\n<script type=\"application\/ld+json\" class=\"yoast-schema-graph\">{\"@context\":\"https:\\\/\\\/schema.org\",\"@graph\":[{\"@type\":\"WebPage\",\"@id\":\"https:\\\/\\\/spartasportcenter.com\\\/zizur\\\/core-zizur\\\/\",\"url\":\"https:\\\/\\\/spartasportcenter.com\\\/zizur\\\/core-zizur\\\/\",\"name\":\"Core en Zizur \u00a11 D\u00cdA GRATIS! | Sparta Sport Center Zizur\",\"isPartOf\":{\"@id\":\"https:\\\/\\\/spartasportcenter.com\\\/zizur\\\/#website\"},\"primaryImageOfPage\":{\"@id\":\"https:\\\/\\\/spartasportcenter.com\\\/zizur\\\/core-zizur\\\/#primaryimage\"},\"image\":{\"@id\":\"https:\\\/\\\/spartasportcenter.com\\\/zizur\\\/core-zizur\\\/#primaryimage\"},\"thumbnailUrl\":\"https:\\\/\\\/spartasportcenter.com\\\/zizur\\\/wp-content\\\/uploads\\\/2024\\\/06\\\/core-zizur.webp\",\"datePublished\":\"2018-08-20T15:51:28+00:00\",\"dateModified\":\"2024-06-07T08:04:40+00:00\",\"description\":\"Ponte a prueba con nuestras CLASES DE CORE ABDOMINAL DIRIGIDAS en Zizur. Aumenta la fuerza de tu cuerpo y mejora tu rendimiento f\u00edsico.\",\"breadcrumb\":{\"@id\":\"https:\\\/\\\/spartasportcenter.com\\\/zizur\\\/core-zizur\\\/#breadcrumb\"},\"inLanguage\":\"es\",\"potentialAction\":[{\"@type\":\"ReadAction\",\"target\":[\"https:\\\/\\\/spartasportcenter.com\\\/zizur\\\/core-zizur\\\/\"]}]},{\"@type\":\"ImageObject\",\"inLanguage\":\"es\",\"@id\":\"https:\\\/\\\/spartasportcenter.com\\\/zizur\\\/core-zizur\\\/#primaryimage\",\"url\":\"https:\\\/\\\/spartasportcenter.com\\\/zizur\\\/wp-content\\\/uploads\\\/2024\\\/06\\\/core-zizur.webp\",\"contentUrl\":\"https:\\\/\\\/spartasportcenter.com\\\/zizur\\\/wp-content\\\/uploads\\\/2024\\\/06\\\/core-zizur.webp\",\"width\":2000,\"height\":1333,\"caption\":\"core zizur\"},{\"@type\":\"BreadcrumbList\",\"@id\":\"https:\\\/\\\/spartasportcenter.com\\\/zizur\\\/core-zizur\\\/#breadcrumb\",\"itemListElement\":[{\"@type\":\"ListItem\",\"position\":1,\"name\":\"Portada\",\"item\":\"https:\\\/\\\/spartasportcenter.com\\\/zizur\\\/\"},{\"@type\":\"ListItem\",\"position\":2,\"name\":\"CORE Zizur\"}]},{\"@type\":\"WebSite\",\"@id\":\"https:\\\/\\\/spartasportcenter.com\\\/zizur\\\/#website\",\"url\":\"https:\\\/\\\/spartasportcenter.com\\\/zizur\\\/\",\"name\":\"Sparta Sport Center Zizur\",\"description\":\"Gimnasios en Zizur\",\"potentialAction\":[{\"@type\":\"SearchAction\",\"target\":{\"@type\":\"EntryPoint\",\"urlTemplate\":\"https:\\\/\\\/spartasportcenter.com\\\/zizur\\\/?s={search_term_string}\"},\"query-input\":{\"@type\":\"PropertyValueSpecification\",\"valueRequired\":true,\"valueName\":\"search_term_string\"}}],\"inLanguage\":\"es\"}]}<\/script>\n<!-- \/ Yoast SEO plugin. -->","yoast_head_json":{"title":"Core en Zizur \u00a11 D\u00cdA GRATIS! | Sparta Sport Center Zizur","description":"Ponte a prueba con nuestras CLASES DE CORE ABDOMINAL DIRIGIDAS en Zizur. Aumenta la fuerza de tu cuerpo y mejora tu rendimiento f\u00edsico.","robots":{"index":"index","follow":"follow","max-snippet":"max-snippet:-1","max-image-preview":"max-image-preview:large","max-video-preview":"max-video-preview:-1"},"canonical":"https:\/\/spartasportcenter.com\/zizur\/core-zizur\/","og_locale":"es_ES","og_type":"article","og_title":"Core en Zizur \u00a11 D\u00cdA GRATIS! | Sparta Sport Center Zizur","og_description":"Ponte a prueba con nuestras CLASES DE CORE ABDOMINAL DIRIGIDAS en Zizur. Aumenta la fuerza de tu cuerpo y mejora tu rendimiento f\u00edsico.","og_url":"https:\/\/spartasportcenter.com\/zizur\/core-zizur\/","og_site_name":"Sparta Sport Center Zizur","article_modified_time":"2024-06-07T08:04:40+00:00","og_image":[{"width":2000,"height":1333,"url":"https:\/\/spartasportcenter.com\/zizur\/wp-content\/uploads\/2024\/06\/core-zizur.webp","type":"image\/webp"}],"twitter_card":"summary_large_image","twitter_misc":{"Tiempo de lectura":"3 minutos"},"schema":{"@context":"https:\/\/schema.org","@graph":[{"@type":"WebPage","@id":"https:\/\/spartasportcenter.com\/zizur\/core-zizur\/","url":"https:\/\/spartasportcenter.com\/zizur\/core-zizur\/","name":"Core en Zizur \u00a11 D\u00cdA GRATIS! | Sparta Sport Center Zizur","isPartOf":{"@id":"https:\/\/spartasportcenter.com\/zizur\/#website"},"primaryImageOfPage":{"@id":"https:\/\/spartasportcenter.com\/zizur\/core-zizur\/#primaryimage"},"image":{"@id":"https:\/\/spartasportcenter.com\/zizur\/core-zizur\/#primaryimage"},"thumbnailUrl":"https:\/\/spartasportcenter.com\/zizur\/wp-content\/uploads\/2024\/06\/core-zizur.webp","datePublished":"2018-08-20T15:51:28+00:00","dateModified":"2024-06-07T08:04:40+00:00","description":"Ponte a prueba con nuestras CLASES DE CORE ABDOMINAL DIRIGIDAS en Zizur. Aumenta la fuerza de tu cuerpo y mejora tu rendimiento f\u00edsico.","breadcrumb":{"@id":"https:\/\/spartasportcenter.com\/zizur\/core-zizur\/#breadcrumb"},"inLanguage":"es","potentialAction":[{"@type":"ReadAction","target":["https:\/\/spartasportcenter.com\/zizur\/core-zizur\/"]}]},{"@type":"ImageObject","inLanguage":"es","@id":"https:\/\/spartasportcenter.com\/zizur\/core-zizur\/#primaryimage","url":"https:\/\/spartasportcenter.com\/zizur\/wp-content\/uploads\/2024\/06\/core-zizur.webp","contentUrl":"https:\/\/spartasportcenter.com\/zizur\/wp-content\/uploads\/2024\/06\/core-zizur.webp","width":2000,"height":1333,"caption":"core zizur"},{"@type":"BreadcrumbList","@id":"https:\/\/spartasportcenter.com\/zizur\/core-zizur\/#breadcrumb","itemListElement":[{"@type":"ListItem","position":1,"name":"Portada","item":"https:\/\/spartasportcenter.com\/zizur\/"},{"@type":"ListItem","position":2,"name":"CORE Zizur"}]},{"@type":"WebSite","@id":"https:\/\/spartasportcenter.com\/zizur\/#website","url":"https:\/\/spartasportcenter.com\/zizur\/","name":"Sparta Sport Center Zizur","description":"Gimnasios en Zizur","potentialAction":[{"@type":"SearchAction","target":{"@type":"EntryPoint","urlTemplate":"https:\/\/spartasportcenter.com\/zizur\/?s={search_term_string}"},"query-input":{"@type":"PropertyValueSpecification","valueRequired":true,"valueName":"search_term_string"}}],"inLanguage":"es"}]}},"_links":{"self":[{"href":"https:\/\/spartasportcenter.com\/zizur\/wp-json\/wp\/v2\/pages\/206559","targetHints":{"allow":["GET"]}}],"collection":[{"href":"https:\/\/spartasportcenter.com\/zizur\/wp-json\/wp\/v2\/pages"}],"about":[{"href":"https:\/\/spartasportcenter.com\/zizur\/wp-json\/wp\/v2\/types\/page"}],"author":[{"embeddable":true,"href":"https:\/\/spartasportcenter.com\/zizur\/wp-json\/wp\/v2\/users\/1"}],"replies":[{"embeddable":true,"href":"https:\/\/spartasportcenter.com\/zizur\/wp-json\/wp\/v2\/comments?post=206559"}],"version-history":[{"count":17,"href":"https:\/\/spartasportcenter.com\/zizur\/wp-json\/wp\/v2\/pages\/206559\/revisions"}],"predecessor-version":[{"id":220554,"href":"https:\/\/spartasportcenter.com\/zizur\/wp-json\/wp\/v2\/pages\/206559\/revisions\/220554"}],"wp:featuredmedia":[{"embeddable":true,"href":"https:\/\/spartasportcenter.com\/zizur\/wp-json\/wp\/v2\/media\/220541"}],"wp:attachment":[{"href":"https:\/\/spartasportcenter.com\/zizur\/wp-json\/wp\/v2\/media?parent=206559"}],"curies":[{"name":"wp","href":"https:\/\/api.w.org\/{rel}","templated":true}]}}