{"id":206541,"date":"2018-08-20T15:40:03","date_gmt":"2018-08-20T15:40:03","guid":{"rendered":"https:\/\/pamplona.spartasportcenter.com\/?page_id=206541"},"modified":"2024-06-07T10:06:44","modified_gmt":"2024-06-07T08:06:44","slug":"spinning-zizur","status":"publish","type":"page","link":"https:\/\/spartasportcenter.com\/zizur\/spinning-zizur\/","title":{"rendered":"Spinning Zizur"},"content":{"rendered":"\n[et_pb_section fb_built=\u00bb1&#8243; custom_padding_last_edited=\u00bbon|phone\u00bb disabled_on=\u00bboff|off|off\u00bb _builder_version=\u00bb4.16&#8243; background_color=\u00bb#262626&#8243; background_enable_image=\u00bboff\u00bb custom_margin=\u00bb||||false|false\u00bb custom_padding=\u00bb80px|0px|0px|0px|false|false\u00bb custom_padding_tablet=\u00bb\u00bb custom_padding_phone=\u00bb30px||50px||false|false\u00bb global_colors_info=\u00bb{}\u00bb][et_pb_row column_structure=\u00bb1_3,2_3&#8243; custom_padding_last_edited=\u00bbon|desktop\u00bb _builder_version=\u00bb4.16&#8243; _module_preset=\u00bbdefault\u00bb custom_padding=\u00bb0px||||false|false\u00bb custom_padding_tablet=\u00bb\u00bb custom_padding_phone=\u00bb0px||||false|false\u00bb global_colors_info=\u00bb{}\u00bb][et_pb_column type=\u00bb1_3&#8243; _builder_version=\u00bb4.16&#8243; _module_preset=\u00bbdefault\u00bb global_colors_info=\u00bb{}\u00bb][et_pb_text _builder_version=\u00bb4.16&#8243; text_font=\u00bb||||||||\u00bb header_font=\u00bb||||||||\u00bb header_text_align=\u00bbcenter\u00bb header_2_font=\u00bb|300||on|||||\u00bb header_2_text_align=\u00bbright\u00bb header_2_font_size=\u00bb29px\u00bb custom_margin=\u00bb||0px||false|false\u00bb custom_padding=\u00bb|15%|0px||false|false\u00bb header_2_text_align_tablet=\u00bb\u00bb header_2_text_align_phone=\u00bbleft\u00bb header_2_text_align_last_edited=\u00bbon|phone\u00bb header_2_font_size_tablet=\u00bb51px\u00bb header_2_font_size_phone=\u00bb25px\u00bb header_2_font_size_last_edited=\u00bbon|phone\u00bb border_width_right=\u00bb2px\u00bb border_color_right=\u00bb#cccccc\u00bb border_width_right_tablet=\u00bb\u00bb border_width_right_phone=\u00bb0px\u00bb border_width_right_last_edited=\u00bbon|phone\u00bb locked=\u00bboff\u00bb global_colors_info=\u00bb{}\u00bb]<h2>clases de Spinning en Zizur<\/h2>[\/et_pb_text][\/et_pb_column][et_pb_column type=\u00bb2_3&#8243; _builder_version=\u00bb4.16&#8243; _module_preset=\u00bbdefault\u00bb global_colors_info=\u00bb{}\u00bb][et_pb_text _builder_version=\u00bb4.18.0&#8243; text_font=\u00bb|300|||||||\u00bb text_text_color=\u00bb#cccccc\u00bb text_line_height=\u00bb1.1em\u00bb header_font=\u00bb|300|||||||\u00bb header_2_font=\u00bb|300||on|||||\u00bb header_2_text_color=\u00bb#cccccc\u00bb header_2_font_size=\u00bb36px\u00bb header_2_letter_spacing=\u00bb2px\u00bb background_layout=\u00bbdark\u00bb global_colors_info=\u00bb{}\u00bb]<p><span style=\"font-weight: 400;\">\u00a1Vive la experiencia del spinning en Zizur con las mejores rutinas de ejercicio! As\u00ed como lo lees, en Sparta Sport Center Zizur consigues <\/span><b>la mejor rutina de ejercicios para quemar esas calor\u00edas<\/b><span style=\"font-weight: 400;\"> en el mejor tiempo posible y de la mano de un monitor de spinning que mantiene la motivaci\u00f3n durante todo el ejercicio para que no bajes el ritmo.<\/span><\/p>\n<p><span style=\"font-weight: 400;\">Las clases o entrenamientos est\u00e1n enfocadas en la quema de calor\u00edas, la mejor\u00eda en las capacidades cardiovasculares y un mejor control en tu respiraci\u00f3n. Tambi\u00e9n conocidas como ciclo Indoor, son <\/span><b>actividades din\u00e1micas de mucho movimiento<\/b><span style=\"font-weight: 400;\"> y donde se pone a prueba tu resistencia para hacer ejercicios variados en un intervalo de tiempo determinado.\u00a0<\/span><\/p>\n<p><span style=\"font-weight: 400;\">Contamos con la cantidad de bicicletas necesarias para que puedas practicar tus entrenamientos sin preocuparte por quedarte por fuera. Lo mejor es que vas a poder aumentar el pedaleo seg\u00fan sean tus capacidades, adem\u00e1s de aumentar el ritmo seg\u00fan te vayas sintiendo. Tus logros se miden de manera semanal para ajustar cada entrenamiento a tus capacidades.\u00a0<\/span><\/p>[\/et_pb_text][\/et_pb_column][\/et_pb_row][et_pb_row column_structure=\u00bb1_3,2_3&#8243; custom_padding_last_edited=\u00bbon|phone\u00bb _builder_version=\u00bb4.16&#8243; _module_preset=\u00bbdefault\u00bb custom_margin=\u00bb||0px||false|false\u00bb custom_padding=\u00bb||||false|false\u00bb custom_padding_tablet=\u00bb\u00bb custom_padding_phone=\u00bb0px||0px||false|false\u00bb global_colors_info=\u00bb{}\u00bb][et_pb_column type=\u00bb1_3&#8243; _builder_version=\u00bb4.16&#8243; _module_preset=\u00bbdefault\u00bb global_colors_info=\u00bb{}\u00bb][et_pb_text _builder_version=\u00bb4.16&#8243; text_font=\u00bb||||||||\u00bb header_font=\u00bb||||||||\u00bb header_text_align=\u00bbcenter\u00bb header_2_font=\u00bb|300||on|||||\u00bb header_2_text_align=\u00bbright\u00bb header_2_font_size=\u00bb29px\u00bb custom_margin=\u00bb||0px||false|false\u00bb custom_padding=\u00bb|15%|0px||false|false\u00bb header_2_text_align_tablet=\u00bb\u00bb header_2_text_align_phone=\u00bbleft\u00bb header_2_text_align_last_edited=\u00bbon|phone\u00bb header_2_font_size_tablet=\u00bb51px\u00bb header_2_font_size_phone=\u00bb25px\u00bb header_2_font_size_last_edited=\u00bbon|phone\u00bb border_width_right=\u00bb2px\u00bb border_color_right=\u00bb#cccccc\u00bb border_width_right_tablet=\u00bb\u00bb border_width_right_phone=\u00bb0px\u00bb border_width_right_last_edited=\u00bbon|phone\u00bb locked=\u00bboff\u00bb global_colors_info=\u00bb{}\u00bb]<h2>Beneficios del Spinning en Zizur<\/h2>[\/et_pb_text][\/et_pb_column][et_pb_column type=\u00bb2_3&#8243; _builder_version=\u00bb4.16&#8243; _module_preset=\u00bbdefault\u00bb global_colors_info=\u00bb{}\u00bb][et_pb_text _builder_version=\u00bb4.18.0&#8243; text_font=\u00bb|300|||||||\u00bb text_text_color=\u00bb#cccccc\u00bb text_line_height=\u00bb1.1em\u00bb header_font=\u00bb|300|||||||\u00bb header_2_font=\u00bb|300||on|||||\u00bb header_2_text_color=\u00bb#cccccc\u00bb header_2_font_size=\u00bb36px\u00bb header_2_letter_spacing=\u00bb2px\u00bb background_layout=\u00bbdark\u00bb global_colors_info=\u00bb{}\u00bb]<p><span style=\"font-weight: 400;\">El spinning desde siempre ha sido uno de esos ejercicios con m\u00faltiples beneficios y las clases en Sparta Sport Center Zizur no son la excepci\u00f3n. Algunos de los m\u00e1s interesantes son:<\/span><\/p>\n<ul>\n<li style=\"font-weight: 400;\" aria-level=\"1\"><b>Posibilidad de quemar calor\u00edas:<\/b><span style=\"font-weight: 400;\"> es un entrenamiento que pone en marcha todas las partes del cuerpo, con desarrollo interv\u00e1lico y que <\/span><b>te ayudar\u00e1 a perder peso de manera progresiva<\/b><span style=\"font-weight: 400;\">. Se estima que cada sesi\u00f3n de spinning te permite quemar hasta 700 calor\u00edas.\u00a0<\/span><\/li>\n<li style=\"font-weight: 400;\" aria-level=\"1\"><b>Menos riesgos de lesi\u00f3n:<\/b><span style=\"font-weight: 400;\"> esta actividad es considerada de bajo impacto, por lo que la posibilidad de que puedas lesionarte en nuestro gimnasio es realmente baja.\u00a0<\/span><\/li>\n<li style=\"font-weight: 400;\" aria-level=\"1\"><b>Mejora tu condici\u00f3n f\u00edsica:<\/b><span style=\"font-weight: 400;\"> ponte a tono y aumenta tu resistencia de la mano de bicicletas profesionales que estimulan un buen ritmo cardiovascular y ayudan a tu coraz\u00f3n a funcionar de la manera correcta, influyendo significativamente en tu presi\u00f3n arterial y tus capacidades f\u00edsicas generales.\u00a0<\/span><\/li>\n<li style=\"font-weight: 400;\" aria-level=\"1\"><b>Reduce el estr\u00e9s:<\/b><span style=\"font-weight: 400;\"> al ser una actividad de movimiento y resistencia, es ideal para que puedas trabajar en la reducci\u00f3n del estr\u00e9s, las presiones y liberar toda la tensi\u00f3n de tus actividades del d\u00eda a d\u00eda, liberando endorfinas.\u00a0<\/span><\/li>\n<\/ul>[\/et_pb_text][\/et_pb_column][\/et_pb_row][\/et_pb_section][et_pb_section fb_built=\u00bb1&#8243; custom_padding_last_edited=\u00bbon|phone\u00bb _builder_version=\u00bb4.16&#8243; _module_preset=\u00bbdefault\u00bb background_color=\u00bb#262626&#8243; custom_padding=\u00bb0px||50px||false|false\u00bb custom_padding_tablet=\u00bb\u00bb custom_padding_phone=\u00bb||30px||false|false\u00bb global_colors_info=\u00bb{}\u00bb][et_pb_row column_structure=\u00bb1_3,2_3&#8243; custom_padding_last_edited=\u00bbon|phone\u00bb _builder_version=\u00bb4.16&#8243; _module_preset=\u00bbdefault\u00bb custom_padding_tablet=\u00bb\u00bb custom_padding_phone=\u00bb0px||0px||false|false\u00bb global_colors_info=\u00bb{}\u00bb][et_pb_column type=\u00bb1_3&#8243; _builder_version=\u00bb4.16&#8243; _module_preset=\u00bbdefault\u00bb global_colors_info=\u00bb{}\u00bb][et_pb_text _builder_version=\u00bb4.16&#8243; text_font=\u00bb||||||||\u00bb header_font=\u00bb||||||||\u00bb header_text_align=\u00bbcenter\u00bb header_2_font=\u00bb|300||on|||||\u00bb header_2_text_align=\u00bbright\u00bb header_2_font_size=\u00bb29px\u00bb custom_margin=\u00bb||0px||false|false\u00bb custom_padding=\u00bb|15%|0px||false|false\u00bb header_2_text_align_tablet=\u00bb\u00bb header_2_text_align_phone=\u00bbleft\u00bb header_2_text_align_last_edited=\u00bbon|phone\u00bb header_2_font_size_tablet=\u00bb51px\u00bb header_2_font_size_phone=\u00bb25px\u00bb header_2_font_size_last_edited=\u00bbon|phone\u00bb border_width_right=\u00bb2px\u00bb border_color_right=\u00bb#cccccc\u00bb border_width_right_tablet=\u00bb\u00bb border_width_right_phone=\u00bb0px\u00bb border_width_right_last_edited=\u00bbon|phone\u00bb locked=\u00bboff\u00bb global_colors_info=\u00bb{}\u00bb]<h2>Por qu\u00e9 Spinning en Sparta Sport Center Zizur<\/h2>[\/et_pb_text][\/et_pb_column][et_pb_column type=\u00bb2_3&#8243; _builder_version=\u00bb4.16&#8243; _module_preset=\u00bbdefault\u00bb global_colors_info=\u00bb{}\u00bb][et_pb_text _builder_version=\u00bb4.18.0&#8243; text_font=\u00bb|300|||||||\u00bb text_text_color=\u00bb#cccccc\u00bb text_line_height=\u00bb1.1em\u00bb header_font=\u00bb|300|||||||\u00bb header_2_font=\u00bb|300||on|||||\u00bb header_2_text_color=\u00bb#cccccc\u00bb header_2_font_size=\u00bb36px\u00bb header_2_letter_spacing=\u00bb2px\u00bb background_layout=\u00bbdark\u00bb global_colors_info=\u00bb{}\u00bb]<p><span style=\"font-weight: 400;\">Contamos con las mejores sesiones de entrenamiento de Spinning en Sparta Sport Center Zizur, con actividades a diferentes horas, <\/span><b>espacios amplios y c\u00f3modos<\/b><span style=\"font-weight: 400;\">, monitores para el control y bicicletas profesionales para conseguir los mejores resultados.\u00a0<\/span><\/p>\n<p><span style=\"font-weight: 400;\">No importa si est\u00e1s empezando o quieres retomar tus entrenamientos de spinning antiguos, cualquiera que sea tu situaci\u00f3n, en nuestros espacios encontrar\u00e1s <\/span><b>instructores que pueden brindarte la mejor gu\u00eda<\/b><span style=\"font-weight: 400;\">.\u00a0<\/span><\/p>\n<p><span style=\"font-weight: 400;\">Retoma tu salud f\u00edsica y comienza a entrenar con nosotros para conseguir los cambios que tanto buscas en el menor tiempo posible. \u00bfA qu\u00e9 esperas para visitarnos?<\/span><\/p>[\/et_pb_text][\/et_pb_column][\/et_pb_row][\/et_pb_section][et_pb_section fb_built=\u00bb1&#8243; _builder_version=\u00bb4.18.0&#8243; background_color=\u00bb#363636&#8243; background_image=\u00bbhttps:\/\/spartasportcenter.com\/zizur\/wp-content\/uploads\/2019\/09\/instalaciones-gimnasio-sparta-sport-center-pamplona-11.jpg\u00bb background_enable_image=\u00bboff\u00bb background_blend=\u00bbmultiply\u00bb custom_margin=\u00bb||||false|false\u00bb custom_padding=\u00bb0px|0px|0|0px|false|false\u00bb top_divider_flip=\u00bbhorizontal\u00bb hover_enabled=\u00bb0&#8243; global_module=\u00bb206679&#8243; global_colors_info=\u00bb{}\u00bb admin_label=\u00bbbanner footer prueba un dia\u00bb sticky_enabled=\u00bb0&#8243; locked=\u00bboff\u00bb][et_pb_row _builder_version=\u00bb4.16&#8243; width=\u00bb100%\u00bb custom_padding=\u00bb40px|0px|40px|0px|false|false\u00bb global_colors_info=\u00bb{}\u00bb][et_pb_column type=\u00bb4_4&#8243; _builder_version=\u00bb4.16&#8243; custom_padding=\u00bb|||\u00bb global_colors_info=\u00bb{}\u00bb custom_padding__hover=\u00bb|||\u00bb][et_pb_text _builder_version=\u00bb4.16&#8243; text_font=\u00bb|300|||||||\u00bb text_text_color=\u00bb#cccccc\u00bb text_font_size=\u00bb36px\u00bb text_line_height=\u00bb1.3em\u00bb header_font=\u00bb||||||||\u00bb header_text_align=\u00bbcenter\u00bb header_text_color=\u00bb#ffffff\u00bb header_2_font=\u00bbStencilia-A||||||||\u00bb header_2_text_align=\u00bbcenter\u00bb header_2_text_color=\u00bb#ffffff\u00bb header_2_font_size=\u00bb61px\u00bb custom_margin=\u00bb||0px|\u00bb custom_padding=\u00bb||2%||false|false\u00bb text_font_size_tablet=\u00bb51px\u00bb text_font_size_phone=\u00bb25px\u00bb text_font_size_last_edited=\u00bbon|phone\u00bb header_2_font_size_tablet=\u00bb51px\u00bb header_2_font_size_phone=\u00bb24px\u00bb header_2_font_size_last_edited=\u00bbon|phone\u00bb text_text_shadow_style=\u00bbpreset1&#8243; header_text_shadow_style=\u00bbpreset1&#8243; header_2_text_shadow_style=\u00bbpreset1&#8243; global_colors_info=\u00bb{}\u00bb]<p style=\"text-align: center;\">\u00a1PRUEBA UN D\u00cdA GRATIS!<\/p>[\/et_pb_text][et_pb_button button_url=\u00bbhttps:\/\/spartasportcenter.com\/zizur\/prueba-un-dia-gratis\/\u00bb button_text=\u00bbSOLICITAR PRUEBA\u00bb button_alignment=\u00bbcenter\u00bb _builder_version=\u00bb4.16&#8243; custom_button=\u00bbon\u00bb button_text_color=\u00bb#FFFFFF\u00bb button_bg_color=\u00bb#d23d45&#8243; button_border_width=\u00bb1px\u00bb button_border_color=\u00bb#d23d45&#8243; button_border_radius=\u00bb0px\u00bb button_letter_spacing=\u00bb1px\u00bb button_font=\u00bb|300|||||||\u00bb button_use_icon=\u00bboff\u00bb custom_margin=\u00bb0%|||\u00bb custom_padding=\u00bb|||\u00bb button_text_size_tablet=\u00bb\u00bb button_text_size_phone=\u00bb16px\u00bb button_text_size_last_edited=\u00bbon|desktop\u00bb button_border_radius_hover=\u00bb0px\u00bb button_letter_spacing_hover=\u00bb3px\u00bb global_colors_info=\u00bb{}\u00bb button_text_size__hover_enabled=\u00bboff\u00bb button_text_size__hover=\u00bbnull\u00bb button_one_text_size__hover_enabled=\u00bboff\u00bb button_one_text_size__hover=\u00bbnull\u00bb button_two_text_size__hover_enabled=\u00bboff\u00bb button_two_text_size__hover=\u00bbnull\u00bb button_text_color__hover_enabled=\u00bbon|hover\u00bb button_text_color__hover=\u00bb#ffffff\u00bb button_one_text_color__hover_enabled=\u00bboff\u00bb button_one_text_color__hover=\u00bbnull\u00bb button_two_text_color__hover_enabled=\u00bboff\u00bb button_two_text_color__hover=\u00bbnull\u00bb button_border_width__hover_enabled=\u00bboff\u00bb button_border_width__hover=\u00bbnull\u00bb button_one_border_width__hover_enabled=\u00bboff\u00bb button_one_border_width__hover=\u00bbnull\u00bb button_two_border_width__hover_enabled=\u00bboff\u00bb button_two_border_width__hover=\u00bbnull\u00bb button_border_color__hover_enabled=\u00bbon|hover\u00bb button_border_color__hover=\u00bb#FFFFFF\u00bb button_one_border_color__hover_enabled=\u00bboff\u00bb button_one_border_color__hover=\u00bbnull\u00bb button_two_border_color__hover_enabled=\u00bboff\u00bb button_two_border_color__hover=\u00bbnull\u00bb button_border_radius__hover_enabled=\u00bboff|hover\u00bb button_border_radius__hover=\u00bb0px\u00bb button_one_border_radius__hover_enabled=\u00bboff\u00bb button_one_border_radius__hover=\u00bbnull\u00bb button_two_border_radius__hover_enabled=\u00bboff\u00bb button_two_border_radius__hover=\u00bbnull\u00bb button_letter_spacing__hover_enabled=\u00bboff|hover\u00bb button_letter_spacing__hover=\u00bb3px\u00bb button_one_letter_spacing__hover_enabled=\u00bboff\u00bb button_one_letter_spacing__hover=\u00bbnull\u00bb button_two_letter_spacing__hover_enabled=\u00bboff\u00bb button_two_letter_spacing__hover=\u00bbnull\u00bb button_bg_color__hover_enabled=\u00bbon|hover\u00bb button_bg_color__hover=\u00bbRGBA(0,0,0,0)\u00bb button_one_bg_color__hover_enabled=\u00bboff\u00bb button_one_bg_color__hover=\u00bbnull\u00bb button_two_bg_color__hover_enabled=\u00bboff\u00bb button_two_bg_color__hover=\u00bbnull\u00bb button_bg_enable_color__hover=\u00bbon\u00bb][\/et_pb_button][\/et_pb_column][\/et_pb_row][\/et_pb_section]\n","protected":false},"excerpt":{"rendered":"<p>clases de Spinning en Zizur\u00a1Vive la experiencia del spinning en Zizur con las mejores rutinas de ejercicio! As\u00ed como lo lees, en Sparta Sport Center Zizur consigues la mejor rutina de ejercicios para quemar esas calor\u00edas en el mejor tiempo posible y de la mano de un monitor de spinning que mantiene la motivaci\u00f3n durante [&hellip;]<\/p>\n","protected":false},"author":1,"featured_media":220547,"parent":0,"menu_order":0,"comment_status":"closed","ping_status":"closed","template":"","meta":{"_et_pb_use_builder":"on","_et_pb_old_content":"","_et_gb_content_width":"","footnotes":""},"class_list":["post-206541","page","type-page","status-publish","has-post-thumbnail","hentry"],"yoast_head":"<!-- This site is optimized with the Yoast SEO plugin v27.4 - https:\/\/yoast.com\/product\/yoast-seo-wordpress\/ -->\n<title>Spinning en Zizur \u00a11 D\u00cdA GRATIS! | Sparta Sport Center Zizur<\/title>\n<meta name=\"description\" content=\"Ponte en forma con nuestras CLASES DE SPINNING DIRIGIDAS en Zizur. Nuestros instructores te guiaran para que disfrutes mientras te pones en forma.\" \/>\n<meta name=\"robots\" content=\"index, follow, max-snippet:-1, max-image-preview:large, max-video-preview:-1\" \/>\n<link rel=\"canonical\" href=\"https:\/\/spartasportcenter.com\/zizur\/spinning-zizur\/\" \/>\n<meta property=\"og:locale\" content=\"es_ES\" \/>\n<meta property=\"og:type\" content=\"article\" \/>\n<meta property=\"og:title\" content=\"Spinning en Zizur \u00a11 D\u00cdA GRATIS! | Sparta Sport Center Zizur\" \/>\n<meta property=\"og:description\" content=\"Ponte en forma con nuestras CLASES DE SPINNING DIRIGIDAS en Zizur. Nuestros instructores te guiaran para que disfrutes mientras te pones en forma.\" \/>\n<meta property=\"og:url\" content=\"https:\/\/spartasportcenter.com\/zizur\/spinning-zizur\/\" \/>\n<meta property=\"og:site_name\" content=\"Sparta Sport Center Zizur\" \/>\n<meta property=\"article:modified_time\" content=\"2024-06-07T08:06:44+00:00\" \/>\n<meta property=\"og:image\" content=\"https:\/\/spartasportcenter.com\/zizur\/wp-content\/uploads\/2024\/06\/spinning-zizur.webp\" \/>\n\t<meta property=\"og:image:width\" content=\"2000\" \/>\n\t<meta property=\"og:image:height\" content=\"1333\" \/>\n\t<meta property=\"og:image:type\" content=\"image\/webp\" \/>\n<meta name=\"twitter:card\" content=\"summary_large_image\" \/>\n<meta name=\"twitter:label1\" content=\"Tiempo de lectura\" \/>\n\t<meta name=\"twitter:data1\" content=\"3 minutos\" \/>\n<script type=\"application\/ld+json\" class=\"yoast-schema-graph\">{\"@context\":\"https:\\\/\\\/schema.org\",\"@graph\":[{\"@type\":\"WebPage\",\"@id\":\"https:\\\/\\\/spartasportcenter.com\\\/zizur\\\/spinning-zizur\\\/\",\"url\":\"https:\\\/\\\/spartasportcenter.com\\\/zizur\\\/spinning-zizur\\\/\",\"name\":\"Spinning en Zizur \u00a11 D\u00cdA GRATIS! | Sparta Sport Center Zizur\",\"isPartOf\":{\"@id\":\"https:\\\/\\\/spartasportcenter.com\\\/zizur\\\/#website\"},\"primaryImageOfPage\":{\"@id\":\"https:\\\/\\\/spartasportcenter.com\\\/zizur\\\/spinning-zizur\\\/#primaryimage\"},\"image\":{\"@id\":\"https:\\\/\\\/spartasportcenter.com\\\/zizur\\\/spinning-zizur\\\/#primaryimage\"},\"thumbnailUrl\":\"https:\\\/\\\/spartasportcenter.com\\\/zizur\\\/wp-content\\\/uploads\\\/2024\\\/06\\\/spinning-zizur.webp\",\"datePublished\":\"2018-08-20T15:40:03+00:00\",\"dateModified\":\"2024-06-07T08:06:44+00:00\",\"description\":\"Ponte en forma con nuestras CLASES DE SPINNING DIRIGIDAS en Zizur. Nuestros instructores te guiaran para que disfrutes mientras te pones en forma.\",\"breadcrumb\":{\"@id\":\"https:\\\/\\\/spartasportcenter.com\\\/zizur\\\/spinning-zizur\\\/#breadcrumb\"},\"inLanguage\":\"es\",\"potentialAction\":[{\"@type\":\"ReadAction\",\"target\":[\"https:\\\/\\\/spartasportcenter.com\\\/zizur\\\/spinning-zizur\\\/\"]}]},{\"@type\":\"ImageObject\",\"inLanguage\":\"es\",\"@id\":\"https:\\\/\\\/spartasportcenter.com\\\/zizur\\\/spinning-zizur\\\/#primaryimage\",\"url\":\"https:\\\/\\\/spartasportcenter.com\\\/zizur\\\/wp-content\\\/uploads\\\/2024\\\/06\\\/spinning-zizur.webp\",\"contentUrl\":\"https:\\\/\\\/spartasportcenter.com\\\/zizur\\\/wp-content\\\/uploads\\\/2024\\\/06\\\/spinning-zizur.webp\",\"width\":2000,\"height\":1333,\"caption\":\"spinning zizur\"},{\"@type\":\"BreadcrumbList\",\"@id\":\"https:\\\/\\\/spartasportcenter.com\\\/zizur\\\/spinning-zizur\\\/#breadcrumb\",\"itemListElement\":[{\"@type\":\"ListItem\",\"position\":1,\"name\":\"Portada\",\"item\":\"https:\\\/\\\/spartasportcenter.com\\\/zizur\\\/\"},{\"@type\":\"ListItem\",\"position\":2,\"name\":\"Spinning Zizur\"}]},{\"@type\":\"WebSite\",\"@id\":\"https:\\\/\\\/spartasportcenter.com\\\/zizur\\\/#website\",\"url\":\"https:\\\/\\\/spartasportcenter.com\\\/zizur\\\/\",\"name\":\"Sparta Sport Center Zizur\",\"description\":\"Gimnasios en Zizur\",\"potentialAction\":[{\"@type\":\"SearchAction\",\"target\":{\"@type\":\"EntryPoint\",\"urlTemplate\":\"https:\\\/\\\/spartasportcenter.com\\\/zizur\\\/?s={search_term_string}\"},\"query-input\":{\"@type\":\"PropertyValueSpecification\",\"valueRequired\":true,\"valueName\":\"search_term_string\"}}],\"inLanguage\":\"es\"}]}<\/script>\n<!-- \/ Yoast SEO plugin. -->","yoast_head_json":{"title":"Spinning en Zizur \u00a11 D\u00cdA GRATIS! | Sparta Sport Center Zizur","description":"Ponte en forma con nuestras CLASES DE SPINNING DIRIGIDAS en Zizur. Nuestros instructores te guiaran para que disfrutes mientras te pones en forma.","robots":{"index":"index","follow":"follow","max-snippet":"max-snippet:-1","max-image-preview":"max-image-preview:large","max-video-preview":"max-video-preview:-1"},"canonical":"https:\/\/spartasportcenter.com\/zizur\/spinning-zizur\/","og_locale":"es_ES","og_type":"article","og_title":"Spinning en Zizur \u00a11 D\u00cdA GRATIS! | Sparta Sport Center Zizur","og_description":"Ponte en forma con nuestras CLASES DE SPINNING DIRIGIDAS en Zizur. Nuestros instructores te guiaran para que disfrutes mientras te pones en forma.","og_url":"https:\/\/spartasportcenter.com\/zizur\/spinning-zizur\/","og_site_name":"Sparta Sport Center Zizur","article_modified_time":"2024-06-07T08:06:44+00:00","og_image":[{"width":2000,"height":1333,"url":"https:\/\/spartasportcenter.com\/zizur\/wp-content\/uploads\/2024\/06\/spinning-zizur.webp","type":"image\/webp"}],"twitter_card":"summary_large_image","twitter_misc":{"Tiempo de lectura":"3 minutos"},"schema":{"@context":"https:\/\/schema.org","@graph":[{"@type":"WebPage","@id":"https:\/\/spartasportcenter.com\/zizur\/spinning-zizur\/","url":"https:\/\/spartasportcenter.com\/zizur\/spinning-zizur\/","name":"Spinning en Zizur \u00a11 D\u00cdA GRATIS! | Sparta Sport Center Zizur","isPartOf":{"@id":"https:\/\/spartasportcenter.com\/zizur\/#website"},"primaryImageOfPage":{"@id":"https:\/\/spartasportcenter.com\/zizur\/spinning-zizur\/#primaryimage"},"image":{"@id":"https:\/\/spartasportcenter.com\/zizur\/spinning-zizur\/#primaryimage"},"thumbnailUrl":"https:\/\/spartasportcenter.com\/zizur\/wp-content\/uploads\/2024\/06\/spinning-zizur.webp","datePublished":"2018-08-20T15:40:03+00:00","dateModified":"2024-06-07T08:06:44+00:00","description":"Ponte en forma con nuestras CLASES DE SPINNING DIRIGIDAS en Zizur. Nuestros instructores te guiaran para que disfrutes mientras te pones en forma.","breadcrumb":{"@id":"https:\/\/spartasportcenter.com\/zizur\/spinning-zizur\/#breadcrumb"},"inLanguage":"es","potentialAction":[{"@type":"ReadAction","target":["https:\/\/spartasportcenter.com\/zizur\/spinning-zizur\/"]}]},{"@type":"ImageObject","inLanguage":"es","@id":"https:\/\/spartasportcenter.com\/zizur\/spinning-zizur\/#primaryimage","url":"https:\/\/spartasportcenter.com\/zizur\/wp-content\/uploads\/2024\/06\/spinning-zizur.webp","contentUrl":"https:\/\/spartasportcenter.com\/zizur\/wp-content\/uploads\/2024\/06\/spinning-zizur.webp","width":2000,"height":1333,"caption":"spinning zizur"},{"@type":"BreadcrumbList","@id":"https:\/\/spartasportcenter.com\/zizur\/spinning-zizur\/#breadcrumb","itemListElement":[{"@type":"ListItem","position":1,"name":"Portada","item":"https:\/\/spartasportcenter.com\/zizur\/"},{"@type":"ListItem","position":2,"name":"Spinning Zizur"}]},{"@type":"WebSite","@id":"https:\/\/spartasportcenter.com\/zizur\/#website","url":"https:\/\/spartasportcenter.com\/zizur\/","name":"Sparta Sport Center Zizur","description":"Gimnasios en Zizur","potentialAction":[{"@type":"SearchAction","target":{"@type":"EntryPoint","urlTemplate":"https:\/\/spartasportcenter.com\/zizur\/?s={search_term_string}"},"query-input":{"@type":"PropertyValueSpecification","valueRequired":true,"valueName":"search_term_string"}}],"inLanguage":"es"}]}},"_links":{"self":[{"href":"https:\/\/spartasportcenter.com\/zizur\/wp-json\/wp\/v2\/pages\/206541","targetHints":{"allow":["GET"]}}],"collection":[{"href":"https:\/\/spartasportcenter.com\/zizur\/wp-json\/wp\/v2\/pages"}],"about":[{"href":"https:\/\/spartasportcenter.com\/zizur\/wp-json\/wp\/v2\/types\/page"}],"author":[{"embeddable":true,"href":"https:\/\/spartasportcenter.com\/zizur\/wp-json\/wp\/v2\/users\/1"}],"replies":[{"embeddable":true,"href":"https:\/\/spartasportcenter.com\/zizur\/wp-json\/wp\/v2\/comments?post=206541"}],"version-history":[{"count":16,"href":"https:\/\/spartasportcenter.com\/zizur\/wp-json\/wp\/v2\/pages\/206541\/revisions"}],"predecessor-version":[{"id":220556,"href":"https:\/\/spartasportcenter.com\/zizur\/wp-json\/wp\/v2\/pages\/206541\/revisions\/220556"}],"wp:featuredmedia":[{"embeddable":true,"href":"https:\/\/spartasportcenter.com\/zizur\/wp-json\/wp\/v2\/media\/220547"}],"wp:attachment":[{"href":"https:\/\/spartasportcenter.com\/zizur\/wp-json\/wp\/v2\/media?parent=206541"}],"curies":[{"name":"wp","href":"https:\/\/api.w.org\/{rel}","templated":true}]}}