{"id":206537,"date":"2018-08-20T15:25:27","date_gmt":"2018-08-20T15:25:27","guid":{"rendered":"https:\/\/pamplona.spartasportcenter.com\/?page_id=206537"},"modified":"2024-06-07T10:04:27","modified_gmt":"2024-06-07T08:04:27","slug":"zumba-zizur","status":"publish","type":"page","link":"https:\/\/spartasportcenter.com\/zizur\/zumba-zizur\/","title":{"rendered":"Zumba Zizur"},"content":{"rendered":"\n[et_pb_section fb_built=\u00bb1&#8243; custom_padding_last_edited=\u00bbon|phone\u00bb disabled_on=\u00bboff|off|off\u00bb _builder_version=\u00bb4.16&#8243; background_color=\u00bb#262626&#8243; background_enable_image=\u00bboff\u00bb custom_margin=\u00bb||||false|false\u00bb custom_padding=\u00bb80px|0px|0px|0px|false|false\u00bb custom_padding_tablet=\u00bb\u00bb custom_padding_phone=\u00bb30px||50px||false|false\u00bb global_colors_info=\u00bb{}\u00bb][et_pb_row column_structure=\u00bb1_3,2_3&#8243; custom_padding_last_edited=\u00bbon|desktop\u00bb _builder_version=\u00bb4.16&#8243; _module_preset=\u00bbdefault\u00bb custom_padding=\u00bb0px||||false|false\u00bb custom_padding_tablet=\u00bb\u00bb custom_padding_phone=\u00bb0px||||false|false\u00bb global_colors_info=\u00bb{}\u00bb][et_pb_column type=\u00bb1_3&#8243; _builder_version=\u00bb4.16&#8243; _module_preset=\u00bbdefault\u00bb global_colors_info=\u00bb{}\u00bb][et_pb_text _builder_version=\u00bb4.16&#8243; text_font=\u00bb||||||||\u00bb header_font=\u00bb||||||||\u00bb header_text_align=\u00bbcenter\u00bb header_2_font=\u00bb|300||on|||||\u00bb header_2_text_align=\u00bbright\u00bb header_2_font_size=\u00bb29px\u00bb custom_margin=\u00bb||0px||false|false\u00bb custom_padding=\u00bb|15%|0px||false|false\u00bb header_2_text_align_tablet=\u00bb\u00bb header_2_text_align_phone=\u00bbleft\u00bb header_2_text_align_last_edited=\u00bbon|phone\u00bb header_2_font_size_tablet=\u00bb51px\u00bb header_2_font_size_phone=\u00bb25px\u00bb header_2_font_size_last_edited=\u00bbon|phone\u00bb border_width_right=\u00bb2px\u00bb border_color_right=\u00bb#cccccc\u00bb border_width_right_tablet=\u00bb\u00bb border_width_right_phone=\u00bb0px\u00bb border_width_right_last_edited=\u00bbon|phone\u00bb locked=\u00bboff\u00bb global_colors_info=\u00bb{}\u00bb]<h2>clases de zumba en Zizur<\/h2>[\/et_pb_text][\/et_pb_column][et_pb_column type=\u00bb2_3&#8243; _builder_version=\u00bb4.16&#8243; _module_preset=\u00bbdefault\u00bb global_colors_info=\u00bb{}\u00bb][et_pb_text _builder_version=\u00bb4.18.0&#8243; text_font=\u00bb|300|||||||\u00bb text_text_color=\u00bb#cccccc\u00bb text_line_height=\u00bb1.1em\u00bb header_font=\u00bb|300|||||||\u00bb header_2_font=\u00bb|300||on|||||\u00bb header_2_text_color=\u00bb#cccccc\u00bb header_2_font_size=\u00bb36px\u00bb header_2_letter_spacing=\u00bb2px\u00bb background_layout=\u00bbdark\u00bb global_colors_info=\u00bb{}\u00bb]<p><span style=\"font-weight: 400;\">\u00bfHace tiempo que quieres probar unas clases de Zumba en Zizur pero a\u00fan no has tomado la decisi\u00f3n? \u00a1No lo pienses m\u00e1s! En Sparta Sport Center Zizur tenemos todo lo que buscas y no tenemos dudas de que <\/span><b>nuestras clases se convertir\u00e1n en tu nueva actividad favorita<\/b><span style=\"font-weight: 400;\">.<\/span><\/p>\n<p><span style=\"font-weight: 400;\">Con profesores especializados y rutinas de baile que est\u00e1n enfocadas en mejorar las condiciones de tu cuerpo en el menor tiempo posible, nuestras clases de Zumba son tu mejor opci\u00f3n <\/span><b>para tonificar tus m\u00fasculos<\/b><span style=\"font-weight: 400;\"> y adem\u00e1s divertirte en grupo con otras personas mientras bailas.<\/span><\/p>\n<p><span style=\"font-weight: 400;\">Las clases dirigidas de zumba combinan siempre <\/span><b>una coreograf\u00eda adaptada a una canci\u00f3n espec\u00edfica<\/b><span style=\"font-weight: 400;\">, por lo que el ritmo puede variar d\u00eda tras d\u00eda. Con movimientos completos y donde se trabajan factores importantes como la flexibilidad, el equilibrio, el sistema cardiovascular y el aumento de la energ\u00eda de manera progresiva.<\/span><\/p>\n<p><span style=\"font-weight: 400;\">Lo mejor de este ejercicio es que puede ser realizado por personas de diferente sexo y edad, pues solo basta con seguir el ritmo de la m\u00fasica y tener toda la disposici\u00f3n para completar el entrenamiento.\u00a0<\/span><\/p>[\/et_pb_text][\/et_pb_column][\/et_pb_row][et_pb_row column_structure=\u00bb1_3,2_3&#8243; custom_padding_last_edited=\u00bbon|phone\u00bb _builder_version=\u00bb4.16&#8243; _module_preset=\u00bbdefault\u00bb custom_margin=\u00bb||0px||false|false\u00bb custom_padding=\u00bb||||false|false\u00bb custom_padding_tablet=\u00bb\u00bb custom_padding_phone=\u00bb0px||0px||false|false\u00bb global_colors_info=\u00bb{}\u00bb][et_pb_column type=\u00bb1_3&#8243; _builder_version=\u00bb4.16&#8243; _module_preset=\u00bbdefault\u00bb global_colors_info=\u00bb{}\u00bb][et_pb_text _builder_version=\u00bb4.17.6&#8243; text_font=\u00bb||||||||\u00bb header_font=\u00bb||||||||\u00bb header_text_align=\u00bbcenter\u00bb header_2_font=\u00bb|300||on|||||\u00bb header_2_text_align=\u00bbright\u00bb header_2_font_size=\u00bb29px\u00bb custom_margin=\u00bb||0px||false|false\u00bb custom_padding=\u00bb|15%|0px||false|false\u00bb header_2_text_align_tablet=\u00bb\u00bb header_2_text_align_phone=\u00bbleft\u00bb header_2_text_align_last_edited=\u00bbon|phone\u00bb header_2_font_size_tablet=\u00bb51px\u00bb header_2_font_size_phone=\u00bb25px\u00bb header_2_font_size_last_edited=\u00bbon|phone\u00bb border_width_right=\u00bb2px\u00bb border_color_right=\u00bb#cccccc\u00bb border_width_right_tablet=\u00bb\u00bb border_width_right_phone=\u00bb0px\u00bb border_width_right_last_edited=\u00bbon|phone\u00bb locked=\u00bboff\u00bb global_colors_info=\u00bb{}\u00bb]<h2>Beneficios de la zumba en Zizur<\/h2>[\/et_pb_text][\/et_pb_column][et_pb_column type=\u00bb2_3&#8243; _builder_version=\u00bb4.16&#8243; _module_preset=\u00bbdefault\u00bb global_colors_info=\u00bb{}\u00bb][et_pb_text _builder_version=\u00bb4.18.0&#8243; text_font=\u00bb|300|||||||\u00bb text_text_color=\u00bb#cccccc\u00bb text_line_height=\u00bb1.1em\u00bb header_font=\u00bb|300|||||||\u00bb header_2_font=\u00bb|300||on|||||\u00bb header_2_text_color=\u00bb#cccccc\u00bb header_2_font_size=\u00bb36px\u00bb header_2_letter_spacing=\u00bb2px\u00bb background_layout=\u00bbdark\u00bb global_colors_info=\u00bb{}\u00bb]<p><span style=\"font-weight: 400;\">Comenzar con las clases de Zumba en Sparta Sport Center Zizur te ofrecer\u00e1 beneficios desde el primer d\u00eda y es que empezar\u00e1s a notar los cambios en tu cuerpo, los cuales adem\u00e1s <\/span><b>terminar\u00e1n influyendo positivamente en tu d\u00eda a d\u00eda<\/b><span style=\"font-weight: 400;\">. A continuaci\u00f3n, te mencionaremos algunos de los beneficios m\u00e1s importantes.<\/span><\/p>\n<ul>\n<li style=\"font-weight: 400;\" aria-level=\"1\"><b>Cumplir varios objetivos:<\/b><span style=\"font-weight: 400;\"> es un ejercicio que se adapta a diferentes necesidades, as\u00ed que ya sea porque quieres practicar alg\u00fan deporte, ponerte en marcha, reducir tu peso o <\/span><b>tonificar las diferentes zonas de tu cuerpo<\/b><span style=\"font-weight: 400;\">, el baile y el movimiento son excelentes aliados para todos los casos.<\/span><\/li>\n<li style=\"font-weight: 400;\" aria-level=\"1\"><b>Control constante:<\/b><span style=\"font-weight: 400;\"> en Sparta Sport Center Zizur contamos con un monitor de zumba que te permite conocer cu\u00e1les son tus avances, los objetivos alcanzados y tu rendimiento d\u00eda a d\u00eda para aumentar tus capacidades.<\/span><\/li>\n<li style=\"font-weight: 400;\" aria-level=\"1\"><b>No hay restricciones de edad:<\/b><span style=\"font-weight: 400;\"> hacer zumba es para todos, as\u00ed que no tendr\u00e1s l\u00edmites al momento de practicarlo, solo basta con querer una vida sana y poner todo de tu parte.\u00a0<\/span><\/li>\n<li style=\"font-weight: 400;\" aria-level=\"1\"><b>Mejora tu agilidad:<\/b><span style=\"font-weight: 400;\"> las coreograf\u00edas de coordinaci\u00f3n te ayudar\u00e1n a mejorar tu agilidad en cuanto a movimiento de tu cuerpo, <\/span><b>adem\u00e1s de entrenar tambi\u00e9n tu cerebro<\/b><span style=\"font-weight: 400;\">, poniendo a prueba tu capacidad para llevar el ritmo y los movimientos de manera adecuada.<\/span><\/li>\n<\/ul>[\/et_pb_text][\/et_pb_column][\/et_pb_row][\/et_pb_section][et_pb_section fb_built=\u00bb1&#8243; custom_padding_last_edited=\u00bbon|phone\u00bb _builder_version=\u00bb4.16&#8243; _module_preset=\u00bbdefault\u00bb background_color=\u00bb#262626&#8243; custom_padding=\u00bb0px||50px||false|false\u00bb custom_padding_tablet=\u00bb\u00bb custom_padding_phone=\u00bb||30px||false|false\u00bb global_colors_info=\u00bb{}\u00bb][et_pb_row column_structure=\u00bb1_3,2_3&#8243; custom_padding_last_edited=\u00bbon|phone\u00bb _builder_version=\u00bb4.16&#8243; _module_preset=\u00bbdefault\u00bb custom_padding_tablet=\u00bb\u00bb custom_padding_phone=\u00bb0px||0px||false|false\u00bb global_colors_info=\u00bb{}\u00bb][et_pb_column type=\u00bb1_3&#8243; _builder_version=\u00bb4.16&#8243; _module_preset=\u00bbdefault\u00bb global_colors_info=\u00bb{}\u00bb][et_pb_text _builder_version=\u00bb4.16&#8243; text_font=\u00bb||||||||\u00bb header_font=\u00bb||||||||\u00bb header_text_align=\u00bbcenter\u00bb header_2_font=\u00bb|300||on|||||\u00bb header_2_text_align=\u00bbright\u00bb header_2_font_size=\u00bb29px\u00bb custom_margin=\u00bb||0px||false|false\u00bb custom_padding=\u00bb|15%|0px||false|false\u00bb header_2_text_align_tablet=\u00bb\u00bb header_2_text_align_phone=\u00bbleft\u00bb header_2_text_align_last_edited=\u00bbon|phone\u00bb header_2_font_size_tablet=\u00bb51px\u00bb header_2_font_size_phone=\u00bb25px\u00bb header_2_font_size_last_edited=\u00bbon|phone\u00bb border_width_right=\u00bb2px\u00bb border_color_right=\u00bb#cccccc\u00bb border_width_right_tablet=\u00bb\u00bb border_width_right_phone=\u00bb0px\u00bb border_width_right_last_edited=\u00bbon|phone\u00bb locked=\u00bboff\u00bb global_colors_info=\u00bb{}\u00bb]<h2>Por qu\u00e9 zumba en Sparta Sport Center Zizur<\/h2>[\/et_pb_text][\/et_pb_column][et_pb_column type=\u00bb2_3&#8243; _builder_version=\u00bb4.16&#8243; _module_preset=\u00bbdefault\u00bb global_colors_info=\u00bb{}\u00bb][et_pb_text _builder_version=\u00bb4.18.0&#8243; text_font=\u00bb|300|||||||\u00bb text_text_color=\u00bb#cccccc\u00bb text_line_height=\u00bb1.1em\u00bb header_font=\u00bb|300|||||||\u00bb header_2_font=\u00bb|300||on|||||\u00bb header_2_text_color=\u00bb#cccccc\u00bb header_2_font_size=\u00bb36px\u00bb header_2_letter_spacing=\u00bb2px\u00bb background_layout=\u00bbdark\u00bb global_colors_info=\u00bb{}\u00bb]<p><span style=\"font-weight: 400;\">Los profesores de zumba en Sparta Sport Center Zizur tienen todo el conocimiento que necesitas para comenzar a trabajar en tu cuerpo y conseguir resultados con el paso del tiempo.\u00a0<\/span><\/p>\n<p><span style=\"font-weight: 400;\">Nuestros espacios est\u00e1n <\/span><b>ambientados para que puedas hacer bailes<\/b><span style=\"font-weight: 400;\"> y coreograf\u00edas de forma relajada y en compa\u00f1\u00eda de otros, dejando a un lado el estr\u00e9s y las dolencias producidas por tus actividades del d\u00eda a d\u00eda.\u00a0<\/span><\/p>\n<p><span style=\"font-weight: 400;\">En t\u00e9rminos generales, las clases de zumba tienen una duraci\u00f3n aproximada de 60 minutos, en los que vas a poder experimentar variaciones de ritmo, diferentes niveles de intensidad y ejercicios en serie que ponen en marcha todas las partes de tu cuerpo.\u00a0<\/span><\/p>\n<p><span style=\"font-weight: 400;\">Si quieres comenzar a ejercitar tu cuerpo de forma sencilla y divertida, \u00a1ven a conocernos!<\/span><\/p>[\/et_pb_text][\/et_pb_column][\/et_pb_row][\/et_pb_section][et_pb_section fb_built=\u00bb1&#8243; _builder_version=\u00bb4.18.0&#8243; background_color=\u00bb#363636&#8243; background_image=\u00bbhttps:\/\/spartasportcenter.com\/zizur\/wp-content\/uploads\/2019\/09\/instalaciones-gimnasio-sparta-sport-center-pamplona-11.jpg\u00bb background_enable_image=\u00bboff\u00bb background_blend=\u00bbmultiply\u00bb custom_margin=\u00bb||||false|false\u00bb custom_padding=\u00bb0px|0px|0|0px|false|false\u00bb top_divider_flip=\u00bbhorizontal\u00bb hover_enabled=\u00bb0&#8243; global_module=\u00bb206679&#8243; global_colors_info=\u00bb{}\u00bb admin_label=\u00bbbanner footer prueba un dia\u00bb sticky_enabled=\u00bb0&#8243; locked=\u00bboff\u00bb][et_pb_row _builder_version=\u00bb4.16&#8243; width=\u00bb100%\u00bb custom_padding=\u00bb40px|0px|40px|0px|false|false\u00bb global_colors_info=\u00bb{}\u00bb][et_pb_column type=\u00bb4_4&#8243; _builder_version=\u00bb4.16&#8243; custom_padding=\u00bb|||\u00bb global_colors_info=\u00bb{}\u00bb custom_padding__hover=\u00bb|||\u00bb][et_pb_text _builder_version=\u00bb4.16&#8243; text_font=\u00bb|300|||||||\u00bb text_text_color=\u00bb#cccccc\u00bb text_font_size=\u00bb36px\u00bb text_line_height=\u00bb1.3em\u00bb header_font=\u00bb||||||||\u00bb header_text_align=\u00bbcenter\u00bb header_text_color=\u00bb#ffffff\u00bb header_2_font=\u00bbStencilia-A||||||||\u00bb header_2_text_align=\u00bbcenter\u00bb header_2_text_color=\u00bb#ffffff\u00bb header_2_font_size=\u00bb61px\u00bb custom_margin=\u00bb||0px|\u00bb custom_padding=\u00bb||2%||false|false\u00bb text_font_size_tablet=\u00bb51px\u00bb text_font_size_phone=\u00bb25px\u00bb text_font_size_last_edited=\u00bbon|phone\u00bb header_2_font_size_tablet=\u00bb51px\u00bb header_2_font_size_phone=\u00bb24px\u00bb header_2_font_size_last_edited=\u00bbon|phone\u00bb text_text_shadow_style=\u00bbpreset1&#8243; header_text_shadow_style=\u00bbpreset1&#8243; header_2_text_shadow_style=\u00bbpreset1&#8243; global_colors_info=\u00bb{}\u00bb]<p style=\"text-align: center;\">\u00a1PRUEBA UN D\u00cdA GRATIS!<\/p>[\/et_pb_text][et_pb_button button_url=\u00bbhttps:\/\/spartasportcenter.com\/zizur\/prueba-un-dia-gratis\/\u00bb button_text=\u00bbSOLICITAR PRUEBA\u00bb button_alignment=\u00bbcenter\u00bb _builder_version=\u00bb4.16&#8243; custom_button=\u00bbon\u00bb button_text_color=\u00bb#FFFFFF\u00bb button_bg_color=\u00bb#d23d45&#8243; button_border_width=\u00bb1px\u00bb button_border_color=\u00bb#d23d45&#8243; button_border_radius=\u00bb0px\u00bb button_letter_spacing=\u00bb1px\u00bb button_font=\u00bb|300|||||||\u00bb button_use_icon=\u00bboff\u00bb custom_margin=\u00bb0%|||\u00bb custom_padding=\u00bb|||\u00bb button_text_size_tablet=\u00bb\u00bb button_text_size_phone=\u00bb16px\u00bb button_text_size_last_edited=\u00bbon|desktop\u00bb button_border_radius_hover=\u00bb0px\u00bb button_letter_spacing_hover=\u00bb3px\u00bb global_colors_info=\u00bb{}\u00bb button_text_size__hover_enabled=\u00bboff\u00bb button_text_size__hover=\u00bbnull\u00bb button_one_text_size__hover_enabled=\u00bboff\u00bb button_one_text_size__hover=\u00bbnull\u00bb button_two_text_size__hover_enabled=\u00bboff\u00bb button_two_text_size__hover=\u00bbnull\u00bb button_text_color__hover_enabled=\u00bbon|hover\u00bb button_text_color__hover=\u00bb#ffffff\u00bb button_one_text_color__hover_enabled=\u00bboff\u00bb button_one_text_color__hover=\u00bbnull\u00bb button_two_text_color__hover_enabled=\u00bboff\u00bb button_two_text_color__hover=\u00bbnull\u00bb button_border_width__hover_enabled=\u00bboff\u00bb button_border_width__hover=\u00bbnull\u00bb button_one_border_width__hover_enabled=\u00bboff\u00bb button_one_border_width__hover=\u00bbnull\u00bb button_two_border_width__hover_enabled=\u00bboff\u00bb button_two_border_width__hover=\u00bbnull\u00bb button_border_color__hover_enabled=\u00bbon|hover\u00bb button_border_color__hover=\u00bb#FFFFFF\u00bb button_one_border_color__hover_enabled=\u00bboff\u00bb button_one_border_color__hover=\u00bbnull\u00bb button_two_border_color__hover_enabled=\u00bboff\u00bb button_two_border_color__hover=\u00bbnull\u00bb button_border_radius__hover_enabled=\u00bboff|hover\u00bb button_border_radius__hover=\u00bb0px\u00bb button_one_border_radius__hover_enabled=\u00bboff\u00bb button_one_border_radius__hover=\u00bbnull\u00bb button_two_border_radius__hover_enabled=\u00bboff\u00bb button_two_border_radius__hover=\u00bbnull\u00bb button_letter_spacing__hover_enabled=\u00bboff|hover\u00bb button_letter_spacing__hover=\u00bb3px\u00bb button_one_letter_spacing__hover_enabled=\u00bboff\u00bb button_one_letter_spacing__hover=\u00bbnull\u00bb button_two_letter_spacing__hover_enabled=\u00bboff\u00bb button_two_letter_spacing__hover=\u00bbnull\u00bb button_bg_color__hover_enabled=\u00bbon|hover\u00bb button_bg_color__hover=\u00bbRGBA(0,0,0,0)\u00bb button_one_bg_color__hover_enabled=\u00bboff\u00bb button_one_bg_color__hover=\u00bbnull\u00bb button_two_bg_color__hover_enabled=\u00bboff\u00bb button_two_bg_color__hover=\u00bbnull\u00bb button_bg_enable_color__hover=\u00bbon\u00bb][\/et_pb_button][\/et_pb_column][\/et_pb_row][\/et_pb_section]\n","protected":false},"excerpt":{"rendered":"<p>clases de zumba en Zizur\u00bfHace tiempo que quieres probar unas clases de Zumba en Zizur pero a\u00fan no has tomado la decisi\u00f3n? \u00a1No lo pienses m\u00e1s! En Sparta Sport Center Zizur tenemos todo lo que buscas y no tenemos dudas de que nuestras clases se convertir\u00e1n en tu nueva actividad favorita. Con profesores especializados y [&hellip;]<\/p>\n","protected":false},"author":1,"featured_media":220549,"parent":0,"menu_order":0,"comment_status":"closed","ping_status":"closed","template":"","meta":{"_et_pb_use_builder":"on","_et_pb_old_content":"","_et_gb_content_width":"","footnotes":""},"class_list":["post-206537","page","type-page","status-publish","has-post-thumbnail","hentry"],"yoast_head":"<!-- This site is optimized with the Yoast SEO plugin v27.4 - https:\/\/yoast.com\/product\/yoast-seo-wordpress\/ -->\n<title>Zumba en Zizur \u00a11 D\u00cdA GRATIS! | Sparta Sport Center Zizur<\/title>\n<meta name=\"description\" content=\"P\u00e1satelo en grande en nuestras CLASES DE ZUMBA DIRIGIDAS en Zizur. Comienza a Quemar Calor\u00edas y a Tonificar tu cuerpo de manera DIVERTIDA y SANA.\" \/>\n<meta name=\"robots\" content=\"index, follow, max-snippet:-1, max-image-preview:large, max-video-preview:-1\" \/>\n<link rel=\"canonical\" href=\"https:\/\/spartasportcenter.com\/zizur\/zumba-zizur\/\" \/>\n<meta property=\"og:locale\" content=\"es_ES\" \/>\n<meta property=\"og:type\" content=\"article\" \/>\n<meta property=\"og:title\" content=\"Zumba en Zizur \u00a11 D\u00cdA GRATIS! | Sparta Sport Center Zizur\" \/>\n<meta property=\"og:description\" content=\"P\u00e1satelo en grande en nuestras CLASES DE ZUMBA DIRIGIDAS en Zizur. Comienza a Quemar Calor\u00edas y a Tonificar tu cuerpo de manera DIVERTIDA y SANA.\" \/>\n<meta property=\"og:url\" content=\"https:\/\/spartasportcenter.com\/zizur\/zumba-zizur\/\" \/>\n<meta property=\"og:site_name\" content=\"Sparta Sport Center Zizur\" \/>\n<meta property=\"article:modified_time\" content=\"2024-06-07T08:04:27+00:00\" \/>\n<meta property=\"og:image\" content=\"https:\/\/spartasportcenter.com\/zizur\/wp-content\/uploads\/2024\/06\/zumba-zizur.webp\" \/>\n\t<meta property=\"og:image:width\" content=\"2000\" \/>\n\t<meta property=\"og:image:height\" content=\"1333\" \/>\n\t<meta property=\"og:image:type\" content=\"image\/webp\" \/>\n<meta name=\"twitter:card\" content=\"summary_large_image\" \/>\n<meta name=\"twitter:label1\" content=\"Tiempo de lectura\" \/>\n\t<meta name=\"twitter:data1\" content=\"3 minutos\" \/>\n<script type=\"application\/ld+json\" class=\"yoast-schema-graph\">{\"@context\":\"https:\\\/\\\/schema.org\",\"@graph\":[{\"@type\":\"WebPage\",\"@id\":\"https:\\\/\\\/spartasportcenter.com\\\/zizur\\\/zumba-zizur\\\/\",\"url\":\"https:\\\/\\\/spartasportcenter.com\\\/zizur\\\/zumba-zizur\\\/\",\"name\":\"Zumba en Zizur \u00a11 D\u00cdA GRATIS! | Sparta Sport Center Zizur\",\"isPartOf\":{\"@id\":\"https:\\\/\\\/spartasportcenter.com\\\/zizur\\\/#website\"},\"primaryImageOfPage\":{\"@id\":\"https:\\\/\\\/spartasportcenter.com\\\/zizur\\\/zumba-zizur\\\/#primaryimage\"},\"image\":{\"@id\":\"https:\\\/\\\/spartasportcenter.com\\\/zizur\\\/zumba-zizur\\\/#primaryimage\"},\"thumbnailUrl\":\"https:\\\/\\\/spartasportcenter.com\\\/zizur\\\/wp-content\\\/uploads\\\/2024\\\/06\\\/zumba-zizur.webp\",\"datePublished\":\"2018-08-20T15:25:27+00:00\",\"dateModified\":\"2024-06-07T08:04:27+00:00\",\"description\":\"P\u00e1satelo en grande en nuestras CLASES DE ZUMBA DIRIGIDAS en Zizur. Comienza a Quemar Calor\u00edas y a Tonificar tu cuerpo de manera DIVERTIDA y SANA.\",\"breadcrumb\":{\"@id\":\"https:\\\/\\\/spartasportcenter.com\\\/zizur\\\/zumba-zizur\\\/#breadcrumb\"},\"inLanguage\":\"es\",\"potentialAction\":[{\"@type\":\"ReadAction\",\"target\":[\"https:\\\/\\\/spartasportcenter.com\\\/zizur\\\/zumba-zizur\\\/\"]}]},{\"@type\":\"ImageObject\",\"inLanguage\":\"es\",\"@id\":\"https:\\\/\\\/spartasportcenter.com\\\/zizur\\\/zumba-zizur\\\/#primaryimage\",\"url\":\"https:\\\/\\\/spartasportcenter.com\\\/zizur\\\/wp-content\\\/uploads\\\/2024\\\/06\\\/zumba-zizur.webp\",\"contentUrl\":\"https:\\\/\\\/spartasportcenter.com\\\/zizur\\\/wp-content\\\/uploads\\\/2024\\\/06\\\/zumba-zizur.webp\",\"width\":2000,\"height\":1333,\"caption\":\"zumba zizur\"},{\"@type\":\"BreadcrumbList\",\"@id\":\"https:\\\/\\\/spartasportcenter.com\\\/zizur\\\/zumba-zizur\\\/#breadcrumb\",\"itemListElement\":[{\"@type\":\"ListItem\",\"position\":1,\"name\":\"Portada\",\"item\":\"https:\\\/\\\/spartasportcenter.com\\\/zizur\\\/\"},{\"@type\":\"ListItem\",\"position\":2,\"name\":\"Zumba Zizur\"}]},{\"@type\":\"WebSite\",\"@id\":\"https:\\\/\\\/spartasportcenter.com\\\/zizur\\\/#website\",\"url\":\"https:\\\/\\\/spartasportcenter.com\\\/zizur\\\/\",\"name\":\"Sparta Sport Center Zizur\",\"description\":\"Gimnasios en Zizur\",\"potentialAction\":[{\"@type\":\"SearchAction\",\"target\":{\"@type\":\"EntryPoint\",\"urlTemplate\":\"https:\\\/\\\/spartasportcenter.com\\\/zizur\\\/?s={search_term_string}\"},\"query-input\":{\"@type\":\"PropertyValueSpecification\",\"valueRequired\":true,\"valueName\":\"search_term_string\"}}],\"inLanguage\":\"es\"}]}<\/script>\n<!-- \/ Yoast SEO plugin. -->","yoast_head_json":{"title":"Zumba en Zizur \u00a11 D\u00cdA GRATIS! | Sparta Sport Center Zizur","description":"P\u00e1satelo en grande en nuestras CLASES DE ZUMBA DIRIGIDAS en Zizur. Comienza a Quemar Calor\u00edas y a Tonificar tu cuerpo de manera DIVERTIDA y SANA.","robots":{"index":"index","follow":"follow","max-snippet":"max-snippet:-1","max-image-preview":"max-image-preview:large","max-video-preview":"max-video-preview:-1"},"canonical":"https:\/\/spartasportcenter.com\/zizur\/zumba-zizur\/","og_locale":"es_ES","og_type":"article","og_title":"Zumba en Zizur \u00a11 D\u00cdA GRATIS! | Sparta Sport Center Zizur","og_description":"P\u00e1satelo en grande en nuestras CLASES DE ZUMBA DIRIGIDAS en Zizur. Comienza a Quemar Calor\u00edas y a Tonificar tu cuerpo de manera DIVERTIDA y SANA.","og_url":"https:\/\/spartasportcenter.com\/zizur\/zumba-zizur\/","og_site_name":"Sparta Sport Center Zizur","article_modified_time":"2024-06-07T08:04:27+00:00","og_image":[{"width":2000,"height":1333,"url":"https:\/\/spartasportcenter.com\/zizur\/wp-content\/uploads\/2024\/06\/zumba-zizur.webp","type":"image\/webp"}],"twitter_card":"summary_large_image","twitter_misc":{"Tiempo de lectura":"3 minutos"},"schema":{"@context":"https:\/\/schema.org","@graph":[{"@type":"WebPage","@id":"https:\/\/spartasportcenter.com\/zizur\/zumba-zizur\/","url":"https:\/\/spartasportcenter.com\/zizur\/zumba-zizur\/","name":"Zumba en Zizur \u00a11 D\u00cdA GRATIS! | Sparta Sport Center Zizur","isPartOf":{"@id":"https:\/\/spartasportcenter.com\/zizur\/#website"},"primaryImageOfPage":{"@id":"https:\/\/spartasportcenter.com\/zizur\/zumba-zizur\/#primaryimage"},"image":{"@id":"https:\/\/spartasportcenter.com\/zizur\/zumba-zizur\/#primaryimage"},"thumbnailUrl":"https:\/\/spartasportcenter.com\/zizur\/wp-content\/uploads\/2024\/06\/zumba-zizur.webp","datePublished":"2018-08-20T15:25:27+00:00","dateModified":"2024-06-07T08:04:27+00:00","description":"P\u00e1satelo en grande en nuestras CLASES DE ZUMBA DIRIGIDAS en Zizur. Comienza a Quemar Calor\u00edas y a Tonificar tu cuerpo de manera DIVERTIDA y SANA.","breadcrumb":{"@id":"https:\/\/spartasportcenter.com\/zizur\/zumba-zizur\/#breadcrumb"},"inLanguage":"es","potentialAction":[{"@type":"ReadAction","target":["https:\/\/spartasportcenter.com\/zizur\/zumba-zizur\/"]}]},{"@type":"ImageObject","inLanguage":"es","@id":"https:\/\/spartasportcenter.com\/zizur\/zumba-zizur\/#primaryimage","url":"https:\/\/spartasportcenter.com\/zizur\/wp-content\/uploads\/2024\/06\/zumba-zizur.webp","contentUrl":"https:\/\/spartasportcenter.com\/zizur\/wp-content\/uploads\/2024\/06\/zumba-zizur.webp","width":2000,"height":1333,"caption":"zumba zizur"},{"@type":"BreadcrumbList","@id":"https:\/\/spartasportcenter.com\/zizur\/zumba-zizur\/#breadcrumb","itemListElement":[{"@type":"ListItem","position":1,"name":"Portada","item":"https:\/\/spartasportcenter.com\/zizur\/"},{"@type":"ListItem","position":2,"name":"Zumba Zizur"}]},{"@type":"WebSite","@id":"https:\/\/spartasportcenter.com\/zizur\/#website","url":"https:\/\/spartasportcenter.com\/zizur\/","name":"Sparta Sport Center Zizur","description":"Gimnasios en Zizur","potentialAction":[{"@type":"SearchAction","target":{"@type":"EntryPoint","urlTemplate":"https:\/\/spartasportcenter.com\/zizur\/?s={search_term_string}"},"query-input":{"@type":"PropertyValueSpecification","valueRequired":true,"valueName":"search_term_string"}}],"inLanguage":"es"}]}},"_links":{"self":[{"href":"https:\/\/spartasportcenter.com\/zizur\/wp-json\/wp\/v2\/pages\/206537","targetHints":{"allow":["GET"]}}],"collection":[{"href":"https:\/\/spartasportcenter.com\/zizur\/wp-json\/wp\/v2\/pages"}],"about":[{"href":"https:\/\/spartasportcenter.com\/zizur\/wp-json\/wp\/v2\/types\/page"}],"author":[{"embeddable":true,"href":"https:\/\/spartasportcenter.com\/zizur\/wp-json\/wp\/v2\/users\/1"}],"replies":[{"embeddable":true,"href":"https:\/\/spartasportcenter.com\/zizur\/wp-json\/wp\/v2\/comments?post=206537"}],"version-history":[{"count":17,"href":"https:\/\/spartasportcenter.com\/zizur\/wp-json\/wp\/v2\/pages\/206537\/revisions"}],"predecessor-version":[{"id":220553,"href":"https:\/\/spartasportcenter.com\/zizur\/wp-json\/wp\/v2\/pages\/206537\/revisions\/220553"}],"wp:featuredmedia":[{"embeddable":true,"href":"https:\/\/spartasportcenter.com\/zizur\/wp-json\/wp\/v2\/media\/220549"}],"wp:attachment":[{"href":"https:\/\/spartasportcenter.com\/zizur\/wp-json\/wp\/v2\/media?parent=206537"}],"curies":[{"name":"wp","href":"https:\/\/api.w.org\/{rel}","templated":true}]}}