{"id":209159,"date":"2018-12-04T15:58:36","date_gmt":"2018-12-04T14:58:36","guid":{"rendered":"https:\/\/spartasportcenter.com\/pamplona\/?page_id=209159"},"modified":"2025-08-28T10:26:17","modified_gmt":"2025-08-28T08:26:17","slug":"mapa-web-gimnasios-zarautz","status":"publish","type":"page","link":"https:\/\/spartasportcenter.com\/zarautz\/mapa-web-gimnasios-zarautz\/","title":{"rendered":"Mapa Web"},"content":{"rendered":"<p><a href=\"https:\/\/spartasportcenter.com\/zarautz\/\">Gimnasio Zarautz Sparta Sport Center<\/a><\/p>\n<p><a href=\"https:\/\/spartasportcenter.com\/zarautz\/yoga\/\">Yoga Zarautz<\/a><\/p>\n<p><a href=\"https:\/\/spartasportcenter.com\/zarautz\/nutricionista\/\">Nutricionista Zarautz<\/a><\/p>\n<p><a href=\"https:\/\/spartasportcenter.com\/zarautz\/core\/\">Core Zarautz<\/a><\/p>\n<p><a href=\"https:\/\/spartasportcenter.com\/zarautz\/pilates\/\">Pilates Zarautz<\/a><\/p>\n<p><a href=\"https:\/\/spartasportcenter.com\/zarautz\/entrenador-personal\/\">Entrenador Personal Zarautz<\/a><\/p>\n<p><a href=\"https:\/\/spartasportcenter.com\/zarautz\/spinning\/\">Spinning Zarautz<\/a><\/p>\n<p><a href=\"https:\/\/spartasportcenter.com\/zarautz\/zumba\/\">Zumba Zarautz<\/a><\/p>\n<p><a href=\"https:\/\/spartasportcenter.com\/zarautz\/gap\/\">Gap Zarautz<\/a><\/p>\n<p><a href=\"https:\/\/spartasportcenter.com\/zarautz\/body-pump\/\">Body Pump Zarautz<\/a><\/p>\n<p><a href=\"https:\/\/spartasportcenter.com\/zarautz\/body-balance\/\">Body balance Zarautz<\/a><\/p>\n<p><a href=\"https:\/\/spartasportcenter.com\/zarautz\/cross-training\/\">Cross Training Zarautz<\/a><\/p>\n<p><a href=\"https:\/\/spartasportcenter.com\/zarautz\/horarios\/\">Horario de actividades<\/a><\/p>\n<p><a href=\"https:\/\/spartasportcenter.com\/zarautz\/instalaciones\/\">Instalaciones<\/a><\/p>\n<p><a href=\"https:\/\/spartasportcenter.com\/zarautz\/actividades\/\">Actividades<\/a><\/p>\n<p><a href=\"https:\/\/spartasportcenter.com\/zarautz\/servicios\/\">Servicios<\/a><\/p>\n<p><a href=\"https:\/\/spartasportcenter.com\/zarautz\/prueba-un-dia-gratis\/\">Prueba un d\u00eda gratis<\/a><\/p>\n<p><a href=\"https:\/\/spartasportcenter.com\/zarautz\/contacto\/\">Contacto<\/a><\/p>\n","protected":false},"excerpt":{"rendered":"<p>   &#8211;<\/p>\n","protected":false},"author":1,"featured_media":221640,"parent":0,"menu_order":0,"comment_status":"closed","ping_status":"closed","template":"","meta":{"_et_pb_use_builder":"off","_et_pb_old_content":"<a href=\"https:\/\/spartasportcenter.com\/zarautz\/\">Gimnasio Zarautz Sparta Sport Center<\/a>\n\n<a href=\"https:\/\/spartasportcenter.com\/zarautz\/yoga-zarautz\/\">Yoga Zarautz<\/a>\n\n<a href=\"https:\/\/spartasportcenter.com\/zarautz\/nutricionista-zarautz\/\">Nutricionista Zarautz<\/a>\n\n<a href=\"https:\/\/spartasportcenter.com\/zarautz\/core-zarautz\/\">Core Zarautz<\/a>\n\n<a href=\"https:\/\/spartasportcenter.com\/zarautz\/pilates-zarautz\/\">Pilates Zarautz<\/a>\n\n<a href=\"https:\/\/spartasportcenter.com\/zarautz\/entrenador-personal-zarautz\/\">Entrenador Personal Zarautz<\/a>\n\n<a href=\"https:\/\/spartasportcenter.com\/zarautz\/spinning-zarautz\/\">Spinning Zarautz<\/a>\n\n<a href=\"https:\/\/spartasportcenter.com\/zarautz\/zumba-zarautz\/\">Zumba Zarautz<\/a>\n\n<a href=\"https:\/\/spartasportcenter.com\/zarautz\/gap-zarautz\/\">Gap Zarautz<\/a>\n\n<a href=\"https:\/\/spartasportcenter.com\/zarautz\/body-combat-zarautz\/\">Body combat Zarautz<\/a>\n\n<a href=\"https:\/\/spartasportcenter.com\/zarautz\/entrenamiento-funcional-zarautz\/\">Entrenamiento Funcional Zarautz<\/a>\n\n<a href=\"https:\/\/spartasportcenter.com\/zarautz\/body-pump-zarautz\/\">Body Pump Zarautz<\/a>\n\n<a href=\"https:\/\/spartasportcenter.com\/zarautz\/body-balance-zarautz\/\">Body balance Zarautz<\/a>\n\n<a href=\"https:\/\/spartasportcenter.com\/zarautz\/body-attack-zarautz\/\">Body attack Zarautz<\/a>\n\n<a href=\"https:\/\/spartasportcenter.com\/zarautz\/cross-training-zarautz\/\">Cross Training Zarautz<\/a>\n\n<a href=\"https:\/\/spartasportcenter.com\/zarautz\/strong-zarautz\/\">Strong Zarautz<\/a>\n\n<a href=\"https:\/\/spartasportcenter.com\/zarautz\/horarios\/\">Horario de actividades<\/a>\n\n<a href=\"https:\/\/spartasportcenter.com\/zarautz\/instalaciones\/\">Instalaciones<\/a>\n\n<a href=\"https:\/\/spartasportcenter.com\/zarautz\/tarifas\/\">Tarifas<\/a>\n\n<a href=\"https:\/\/spartasportcenter.com\/zarautz\/actividades\/\">Actividades<\/a>\n\n<a href=\"https:\/\/spartasportcenter.com\/zarautz\/servicios\/\">Servicios<\/a>\n\n<a href=\"https:\/\/spartasportcenter.com\/zarautz\/prueba-un-dia-gratis\/\">Prueba un d\u00eda gratis<\/a>\n\n<a href=\"https:\/\/spartasportcenter.com\/zarautz\/contacto\/\">Contacto<\/a>","_et_gb_content_width":"","footnotes":""},"class_list":["post-209159","page","type-page","status-publish","has-post-thumbnail","hentry"],"yoast_head":"<!-- This site is optimized with the Yoast SEO plugin v27.4 - https:\/\/yoast.com\/product\/yoast-seo-wordpress\/ -->\n<title>Mapa Web - Sparta Sport Center Zarautz<\/title>\n<meta name=\"description\" content=\"Consulta el Mapa Web de Sparta Sport Center Zarautz para conocer las p\u00e1ginas m\u00e1s importantes de nuestra p\u00e1gina web. \u00a1Te las mostramos!\" \/>\n<meta name=\"robots\" content=\"index, follow, max-snippet:-1, max-image-preview:large, max-video-preview:-1\" \/>\n<link rel=\"canonical\" href=\"https:\/\/spartasportcenter.com\/zarautz\/mapa-web-gimnasios-zarautz\/\" \/>\n<meta property=\"og:locale\" content=\"es_ES\" \/>\n<meta property=\"og:type\" content=\"article\" \/>\n<meta property=\"og:title\" content=\"Mapa Web - Sparta Sport Center Zarautz\" \/>\n<meta property=\"og:description\" content=\"Consulta el Mapa Web de Sparta Sport Center Zarautz para conocer las p\u00e1ginas m\u00e1s importantes de nuestra p\u00e1gina web. \u00a1Te las mostramos!\" \/>\n<meta property=\"og:url\" content=\"https:\/\/spartasportcenter.com\/zarautz\/mapa-web-gimnasios-zarautz\/\" \/>\n<meta property=\"og:site_name\" content=\"Sparta Sport Center Zarautz\" \/>\n<meta property=\"article:modified_time\" content=\"2025-08-28T08:26:17+00:00\" \/>\n<meta property=\"og:image\" content=\"https:\/\/spartasportcenter.com\/zarautz\/wp-content\/uploads\/2025\/06\/material-deportivo-de-colores.jpg\" \/>\n\t<meta property=\"og:image:width\" content=\"2000\" \/>\n\t<meta property=\"og:image:height\" content=\"1333\" \/>\n\t<meta property=\"og:image:type\" content=\"image\/jpeg\" \/>\n<meta name=\"twitter:card\" content=\"summary_large_image\" \/>\n<meta name=\"twitter:label1\" content=\"Tiempo de lectura\" \/>\n\t<meta name=\"twitter:data1\" content=\"1 minuto\" \/>\n<script type=\"application\/ld+json\" class=\"yoast-schema-graph\">{\"@context\":\"https:\\\/\\\/schema.org\",\"@graph\":[{\"@type\":\"WebPage\",\"@id\":\"https:\\\/\\\/spartasportcenter.com\\\/zarautz\\\/mapa-web-gimnasios-zarautz\\\/\",\"url\":\"https:\\\/\\\/spartasportcenter.com\\\/zarautz\\\/mapa-web-gimnasios-zarautz\\\/\",\"name\":\"Mapa Web - Sparta Sport Center Zarautz\",\"isPartOf\":{\"@id\":\"https:\\\/\\\/spartasportcenter.com\\\/zarautz\\\/#website\"},\"primaryImageOfPage\":{\"@id\":\"https:\\\/\\\/spartasportcenter.com\\\/zarautz\\\/mapa-web-gimnasios-zarautz\\\/#primaryimage\"},\"image\":{\"@id\":\"https:\\\/\\\/spartasportcenter.com\\\/zarautz\\\/mapa-web-gimnasios-zarautz\\\/#primaryimage\"},\"thumbnailUrl\":\"https:\\\/\\\/spartasportcenter.com\\\/zarautz\\\/wp-content\\\/uploads\\\/2025\\\/06\\\/material-deportivo-de-colores.jpg\",\"datePublished\":\"2018-12-04T14:58:36+00:00\",\"dateModified\":\"2025-08-28T08:26:17+00:00\",\"description\":\"Consulta el Mapa Web de Sparta Sport Center Zarautz para conocer las p\u00e1ginas m\u00e1s importantes de nuestra p\u00e1gina web. \u00a1Te las mostramos!\",\"breadcrumb\":{\"@id\":\"https:\\\/\\\/spartasportcenter.com\\\/zarautz\\\/mapa-web-gimnasios-zarautz\\\/#breadcrumb\"},\"inLanguage\":\"es\",\"potentialAction\":[{\"@type\":\"ReadAction\",\"target\":[\"https:\\\/\\\/spartasportcenter.com\\\/zarautz\\\/mapa-web-gimnasios-zarautz\\\/\"]}]},{\"@type\":\"ImageObject\",\"inLanguage\":\"es\",\"@id\":\"https:\\\/\\\/spartasportcenter.com\\\/zarautz\\\/mapa-web-gimnasios-zarautz\\\/#primaryimage\",\"url\":\"https:\\\/\\\/spartasportcenter.com\\\/zarautz\\\/wp-content\\\/uploads\\\/2025\\\/06\\\/material-deportivo-de-colores.jpg\",\"contentUrl\":\"https:\\\/\\\/spartasportcenter.com\\\/zarautz\\\/wp-content\\\/uploads\\\/2025\\\/06\\\/material-deportivo-de-colores.jpg\",\"width\":2000,\"height\":1333,\"caption\":\"material deportivo de colores\"},{\"@type\":\"BreadcrumbList\",\"@id\":\"https:\\\/\\\/spartasportcenter.com\\\/zarautz\\\/mapa-web-gimnasios-zarautz\\\/#breadcrumb\",\"itemListElement\":[{\"@type\":\"ListItem\",\"position\":1,\"name\":\"Portada\",\"item\":\"https:\\\/\\\/spartasportcenter.com\\\/zarautz\\\/\"},{\"@type\":\"ListItem\",\"position\":2,\"name\":\"Mapa Web\"}]},{\"@type\":\"WebSite\",\"@id\":\"https:\\\/\\\/spartasportcenter.com\\\/zarautz\\\/#website\",\"url\":\"https:\\\/\\\/spartasportcenter.com\\\/zarautz\\\/\",\"name\":\"Sparta Sport Center Zarautz\",\"description\":\"Gimnasios en Zarautz\",\"potentialAction\":[{\"@type\":\"SearchAction\",\"target\":{\"@type\":\"EntryPoint\",\"urlTemplate\":\"https:\\\/\\\/spartasportcenter.com\\\/zarautz\\\/?s={search_term_string}\"},\"query-input\":{\"@type\":\"PropertyValueSpecification\",\"valueRequired\":true,\"valueName\":\"search_term_string\"}}],\"inLanguage\":\"es\"}]}<\/script>\n<!-- \/ Yoast SEO plugin. -->","yoast_head_json":{"title":"Mapa Web - Sparta Sport Center Zarautz","description":"Consulta el Mapa Web de Sparta Sport Center Zarautz para conocer las p\u00e1ginas m\u00e1s importantes de nuestra p\u00e1gina web. \u00a1Te las mostramos!","robots":{"index":"index","follow":"follow","max-snippet":"max-snippet:-1","max-image-preview":"max-image-preview:large","max-video-preview":"max-video-preview:-1"},"canonical":"https:\/\/spartasportcenter.com\/zarautz\/mapa-web-gimnasios-zarautz\/","og_locale":"es_ES","og_type":"article","og_title":"Mapa Web - Sparta Sport Center Zarautz","og_description":"Consulta el Mapa Web de Sparta Sport Center Zarautz para conocer las p\u00e1ginas m\u00e1s importantes de nuestra p\u00e1gina web. \u00a1Te las mostramos!","og_url":"https:\/\/spartasportcenter.com\/zarautz\/mapa-web-gimnasios-zarautz\/","og_site_name":"Sparta Sport Center Zarautz","article_modified_time":"2025-08-28T08:26:17+00:00","og_image":[{"width":2000,"height":1333,"url":"https:\/\/spartasportcenter.com\/zarautz\/wp-content\/uploads\/2025\/06\/material-deportivo-de-colores.jpg","type":"image\/jpeg"}],"twitter_card":"summary_large_image","twitter_misc":{"Tiempo de lectura":"1 minuto"},"schema":{"@context":"https:\/\/schema.org","@graph":[{"@type":"WebPage","@id":"https:\/\/spartasportcenter.com\/zarautz\/mapa-web-gimnasios-zarautz\/","url":"https:\/\/spartasportcenter.com\/zarautz\/mapa-web-gimnasios-zarautz\/","name":"Mapa Web - Sparta Sport Center Zarautz","isPartOf":{"@id":"https:\/\/spartasportcenter.com\/zarautz\/#website"},"primaryImageOfPage":{"@id":"https:\/\/spartasportcenter.com\/zarautz\/mapa-web-gimnasios-zarautz\/#primaryimage"},"image":{"@id":"https:\/\/spartasportcenter.com\/zarautz\/mapa-web-gimnasios-zarautz\/#primaryimage"},"thumbnailUrl":"https:\/\/spartasportcenter.com\/zarautz\/wp-content\/uploads\/2025\/06\/material-deportivo-de-colores.jpg","datePublished":"2018-12-04T14:58:36+00:00","dateModified":"2025-08-28T08:26:17+00:00","description":"Consulta el Mapa Web de Sparta Sport Center Zarautz para conocer las p\u00e1ginas m\u00e1s importantes de nuestra p\u00e1gina web. \u00a1Te las mostramos!","breadcrumb":{"@id":"https:\/\/spartasportcenter.com\/zarautz\/mapa-web-gimnasios-zarautz\/#breadcrumb"},"inLanguage":"es","potentialAction":[{"@type":"ReadAction","target":["https:\/\/spartasportcenter.com\/zarautz\/mapa-web-gimnasios-zarautz\/"]}]},{"@type":"ImageObject","inLanguage":"es","@id":"https:\/\/spartasportcenter.com\/zarautz\/mapa-web-gimnasios-zarautz\/#primaryimage","url":"https:\/\/spartasportcenter.com\/zarautz\/wp-content\/uploads\/2025\/06\/material-deportivo-de-colores.jpg","contentUrl":"https:\/\/spartasportcenter.com\/zarautz\/wp-content\/uploads\/2025\/06\/material-deportivo-de-colores.jpg","width":2000,"height":1333,"caption":"material deportivo de colores"},{"@type":"BreadcrumbList","@id":"https:\/\/spartasportcenter.com\/zarautz\/mapa-web-gimnasios-zarautz\/#breadcrumb","itemListElement":[{"@type":"ListItem","position":1,"name":"Portada","item":"https:\/\/spartasportcenter.com\/zarautz\/"},{"@type":"ListItem","position":2,"name":"Mapa Web"}]},{"@type":"WebSite","@id":"https:\/\/spartasportcenter.com\/zarautz\/#website","url":"https:\/\/spartasportcenter.com\/zarautz\/","name":"Sparta Sport Center Zarautz","description":"Gimnasios en Zarautz","potentialAction":[{"@type":"SearchAction","target":{"@type":"EntryPoint","urlTemplate":"https:\/\/spartasportcenter.com\/zarautz\/?s={search_term_string}"},"query-input":{"@type":"PropertyValueSpecification","valueRequired":true,"valueName":"search_term_string"}}],"inLanguage":"es"}]}},"_links":{"self":[{"href":"https:\/\/spartasportcenter.com\/zarautz\/wp-json\/wp\/v2\/pages\/209159","targetHints":{"allow":["GET"]}}],"collection":[{"href":"https:\/\/spartasportcenter.com\/zarautz\/wp-json\/wp\/v2\/pages"}],"about":[{"href":"https:\/\/spartasportcenter.com\/zarautz\/wp-json\/wp\/v2\/types\/page"}],"author":[{"embeddable":true,"href":"https:\/\/spartasportcenter.com\/zarautz\/wp-json\/wp\/v2\/users\/1"}],"replies":[{"embeddable":true,"href":"https:\/\/spartasportcenter.com\/zarautz\/wp-json\/wp\/v2\/comments?post=209159"}],"version-history":[{"count":29,"href":"https:\/\/spartasportcenter.com\/zarautz\/wp-json\/wp\/v2\/pages\/209159\/revisions"}],"predecessor-version":[{"id":222013,"href":"https:\/\/spartasportcenter.com\/zarautz\/wp-json\/wp\/v2\/pages\/209159\/revisions\/222013"}],"wp:featuredmedia":[{"embeddable":true,"href":"https:\/\/spartasportcenter.com\/zarautz\/wp-json\/wp\/v2\/media\/221640"}],"wp:attachment":[{"href":"https:\/\/spartasportcenter.com\/zarautz\/wp-json\/wp\/v2\/media?parent=209159"}],"curies":[{"name":"wp","href":"https:\/\/api.w.org\/{rel}","templated":true}]}}