{"id":206563,"date":"2018-08-20T15:59:41","date_gmt":"2018-08-20T15:59:41","guid":{"rendered":"https:\/\/pamplona.spartasportcenter.com\/?page_id=206563"},"modified":"2025-02-21T10:30:17","modified_gmt":"2025-02-21T09:30:17","slug":"yoga","status":"publish","type":"page","link":"https:\/\/spartasportcenter.com\/zarautz\/yoga\/","title":{"rendered":"Yoga Zarautz"},"content":{"rendered":"<p>[et_pb_section fb_built=\u00bb1&#8243; custom_padding_last_edited=\u00bbon|phone\u00bb disabled_on=\u00bboff|off|off\u00bb _builder_version=\u00bb4.16&#8243; background_color=\u00bb#262626&#8243; background_enable_image=\u00bboff\u00bb custom_margin=\u00bb||||false|false\u00bb custom_padding=\u00bb80px|0px|0px|0px|false|false\u00bb custom_padding_tablet=\u00bb\u00bb custom_padding_phone=\u00bb30px||50px||false|false\u00bb global_colors_info=\u00bb{}\u00bb][et_pb_row column_structure=\u00bb1_3,2_3&#8243; custom_padding_last_edited=\u00bbon|desktop\u00bb _builder_version=\u00bb4.16&#8243; _module_preset=\u00bbdefault\u00bb custom_padding=\u00bb0px||||false|false\u00bb custom_padding_tablet=\u00bb\u00bb custom_padding_phone=\u00bb0px||||false|false\u00bb global_colors_info=\u00bb{}\u00bb][et_pb_column type=\u00bb1_3&#8243; _builder_version=\u00bb4.16&#8243; _module_preset=\u00bbdefault\u00bb global_colors_info=\u00bb{}\u00bb][et_pb_text _builder_version=\u00bb4.24.2&#8243; text_font=\u00bb||||||||\u00bb header_font=\u00bb||||||||\u00bb header_text_align=\u00bbcenter\u00bb header_2_font=\u00bb|300||on|||||\u00bb header_2_text_align=\u00bbright\u00bb header_2_font_size=\u00bb29px\u00bb custom_margin=\u00bb||0px||false|false\u00bb custom_padding=\u00bb|15%|0px||false|false\u00bb header_2_text_align_tablet=\u00bb\u00bb header_2_text_align_phone=\u00bbleft\u00bb header_2_text_align_last_edited=\u00bbon|phone\u00bb header_2_font_size_tablet=\u00bb51px\u00bb header_2_font_size_phone=\u00bb25px\u00bb header_2_font_size_last_edited=\u00bbon|phone\u00bb border_width_right=\u00bb2px\u00bb border_color_right=\u00bb#cccccc\u00bb border_width_right_tablet=\u00bb\u00bb border_width_right_phone=\u00bb0px\u00bb border_width_right_last_edited=\u00bbon|phone\u00bb locked=\u00bboff\u00bb global_colors_info=\u00bb{}\u00bb]<\/p>\n<h2>Clases de Yoga en Zarautz<\/h2>\n<p>[\/et_pb_text][\/et_pb_column][et_pb_column type=\u00bb2_3&#8243; _builder_version=\u00bb4.16&#8243; _module_preset=\u00bbdefault\u00bb global_colors_info=\u00bb{}\u00bb][et_pb_text _builder_version=\u00bb4.27.4&#8243; text_font=\u00bb|300|||||||\u00bb text_text_color=\u00bb#cccccc\u00bb text_line_height=\u00bb1.1em\u00bb header_font=\u00bb|300|||||||\u00bb header_2_font=\u00bb|300||on|||||\u00bb header_2_text_color=\u00bb#cccccc\u00bb header_2_font_size=\u00bb36px\u00bb header_2_letter_spacing=\u00bb2px\u00bb background_layout=\u00bbdark\u00bb hover_enabled=\u00bb0&#8243; global_colors_info=\u00bb{}\u00bb sticky_enabled=\u00bb0&#8243;]<\/p>\n<p><span style=\"font-weight: 400;\">El yoga es una pr\u00e1ctica ancestral que ha ganado popularidad en todo el mundo por sus m\u00faltiples beneficios tanto para el cuerpo como para la mente. En Sparta Sport Center te ofrecemos las mejores clases de yoga en Zarautz, <\/span><b>adaptadas a todos los niveles<\/b><span style=\"font-weight: 400;\">.<\/span><\/p>\n<p>[\/et_pb_text][et_pb_button button_text=\u00bb+\u00bb button_alignment=\u00bbcenter\u00bb module_class=\u00bbrv_button closed\u00bb _builder_version=\u00bb4.16&#8243; custom_button=\u00bbon\u00bb button_text_size=\u00bb39px\u00bb button_text_color=\u00bb#cccccc\u00bb button_border_width=\u00bb0px\u00bb button_border_radius=\u00bb0px\u00bb button_font=\u00bbOswald|700|||||||\u00bb button_use_icon=\u00bboff\u00bb custom_margin=\u00bb-40px|0px|-10px|0px|false|false\u00bb custom_margin_tablet=\u00bb\u00bb custom_margin_phone=\u00bb\u00bb custom_margin_last_edited=\u00bbon|phone\u00bb custom_padding=\u00bb0px|0px|0px|0px|true|\u00bb button_text_color_hover=\u00bbrgba(224,43,32,0.76)\u00bb button_border_color_hover=\u00bbrgba(0,0,0,0)\u00bb button_border_radius_hover=\u00bb0px\u00bb button_bg_color_hover=\u00bbrgba(0,0,0,0)\u00bb global_colors_info=\u00bb{}\u00bb button_text_size__hover_enabled=\u00bboff\u00bb button_one_text_size__hover_enabled=\u00bboff\u00bb button_two_text_size__hover_enabled=\u00bboff\u00bb button_text_color__hover_enabled=\u00bbon|desktop\u00bb button_text_color__hover=\u00bbrgba(255,255,255,0.5)\u00bb button_one_text_color__hover_enabled=\u00bboff\u00bb button_two_text_color__hover_enabled=\u00bboff\u00bb button_border_width__hover_enabled=\u00bboff\u00bb button_one_border_width__hover_enabled=\u00bboff\u00bb button_two_border_width__hover_enabled=\u00bboff\u00bb button_border_color__hover_enabled=\u00bbon\u00bb button_border_color__hover=\u00bbrgba(0,0,0,0)\u00bb button_one_border_color__hover_enabled=\u00bboff\u00bb button_two_border_color__hover_enabled=\u00bboff\u00bb button_border_radius__hover_enabled=\u00bbon\u00bb button_border_radius__hover=\u00bb0px\u00bb button_one_border_radius__hover_enabled=\u00bboff\u00bb button_two_border_radius__hover_enabled=\u00bboff\u00bb button_letter_spacing__hover_enabled=\u00bboff\u00bb button_one_letter_spacing__hover_enabled=\u00bboff\u00bb button_two_letter_spacing__hover_enabled=\u00bboff\u00bb button_bg_color__hover_enabled=\u00bbon\u00bb button_bg_color__hover=\u00bbrgba(255,255,255,0)\u00bb button_one_bg_color__hover_enabled=\u00bboff\u00bb button_two_bg_color__hover_enabled=\u00bboff\u00bb][\/et_pb_button][et_pb_text module_id=\u00bbreveal\u00bb _builder_version=\u00bb4.27.4&#8243; text_font=\u00bb|300|||||||\u00bb text_text_color=\u00bb#cccccc\u00bb text_line_height=\u00bb1.1em\u00bb header_font=\u00bb|300|||||||\u00bb header_2_font=\u00bb|300||on|||||\u00bb header_2_text_color=\u00bb#cccccc\u00bb header_2_font_size=\u00bb36px\u00bb header_2_letter_spacing=\u00bb2px\u00bb background_layout=\u00bbdark\u00bb hover_enabled=\u00bb0&#8243; global_colors_info=\u00bb{}\u00bb sticky_enabled=\u00bb0&#8243;]<\/p>\n<p><span style=\"font-weight: 400;\">Desde principiantes hasta yoguis avanzados, en Sparta Sport Center puedes encontrar clases dise\u00f1adas para ajustarse a tus necesidades y preferencias. Gracias a nuestra variedad de opciones, instructores y modernas instalaciones, somos un referente para la comunidad yogui en Zarautz.\u00a0<\/span><\/p>\n<p><span style=\"font-weight: 400;\">Con nosotros, puedes mejorar tu flexibilidad, fuerza, equilibrio y bienestar general.<\/span><\/p>\n<p>[\/et_pb_text][\/et_pb_column][\/et_pb_row][et_pb_row column_structure=\u00bb1_3,2_3&#8243; custom_padding_last_edited=\u00bbon|phone\u00bb _builder_version=\u00bb4.16&#8243; _module_preset=\u00bbdefault\u00bb custom_margin=\u00bb||0px||false|false\u00bb custom_padding=\u00bb||||false|false\u00bb custom_padding_tablet=\u00bb\u00bb custom_padding_phone=\u00bb0px||0px||false|false\u00bb global_colors_info=\u00bb{}\u00bb][et_pb_column type=\u00bb1_3&#8243; _builder_version=\u00bb4.16&#8243; _module_preset=\u00bbdefault\u00bb global_colors_info=\u00bb{}\u00bb][et_pb_text _builder_version=\u00bb4.24.2&#8243; text_font=\u00bb||||||||\u00bb header_font=\u00bb||||||||\u00bb header_text_align=\u00bbcenter\u00bb header_2_font=\u00bb|300||on|||||\u00bb header_2_text_align=\u00bbright\u00bb header_2_font_size=\u00bb29px\u00bb header_2_letter_spacing=\u00bb-0.1px\u00bb custom_margin=\u00bb||0px||false|false\u00bb custom_padding=\u00bb|15%|0px||false|false\u00bb header_2_text_align_tablet=\u00bb\u00bb header_2_text_align_phone=\u00bbleft\u00bb header_2_text_align_last_edited=\u00bbon|phone\u00bb header_2_font_size_tablet=\u00bb51px\u00bb header_2_font_size_phone=\u00bb25px\u00bb header_2_font_size_last_edited=\u00bbon|phone\u00bb border_width_right=\u00bb2px\u00bb border_color_right=\u00bb#cccccc\u00bb border_width_right_tablet=\u00bb\u00bb border_width_right_phone=\u00bb0px\u00bb border_width_right_last_edited=\u00bbon|phone\u00bb locked=\u00bboff\u00bb global_colors_info=\u00bb{}\u00bb]<\/p>\n<h2>Beneficios del Yoga en Zarautz<\/h2>\n<p>[\/et_pb_text][\/et_pb_column][et_pb_column type=\u00bb2_3&#8243; _builder_version=\u00bb4.16&#8243; _module_preset=\u00bbdefault\u00bb global_colors_info=\u00bb{}\u00bb][et_pb_text _builder_version=\u00bb4.27.4&#8243; text_font=\u00bb|300|||||||\u00bb text_text_color=\u00bb#cccccc\u00bb text_line_height=\u00bb1.1em\u00bb header_font=\u00bb|300|||||||\u00bb header_2_font=\u00bb|300||on|||||\u00bb header_2_text_color=\u00bb#cccccc\u00bb header_2_font_size=\u00bb36px\u00bb header_2_letter_spacing=\u00bb2px\u00bb background_layout=\u00bbdark\u00bb hover_enabled=\u00bb0&#8243; global_colors_info=\u00bb{}\u00bb sticky_enabled=\u00bb0&#8243;]<\/p>\n<p><span style=\"font-weight: 400;\">Practicar yoga trae innumerables beneficios f\u00edsicos y mentales, y en Zarautz no es la excepci\u00f3n. La pr\u00e1ctica constante de yoga puede ayudarte a <\/span><b>reducir el estr\u00e9s y la ansiedad<\/b><span style=\"font-weight: 400;\">, mejorar la concentraci\u00f3n y la claridad mental, adem\u00e1s de fortalecer los m\u00fasculos y aumentar la flexibilidad.<\/span><\/p>\n<p>[\/et_pb_text][et_pb_button button_text=\u00bb+\u00bb button_alignment=\u00bbcenter\u00bb module_class=\u00bbrv_button2 closed\u00bb _builder_version=\u00bb4.16&#8243; custom_button=\u00bbon\u00bb button_text_size=\u00bb39px\u00bb button_text_color=\u00bb#cccccc\u00bb button_border_width=\u00bb0px\u00bb button_border_radius=\u00bb0px\u00bb button_font=\u00bbOswald|700|||||||\u00bb button_use_icon=\u00bboff\u00bb custom_margin=\u00bb-40px|0px|-10px|0px|false|false\u00bb custom_margin_tablet=\u00bb\u00bb custom_margin_phone=\u00bb\u00bb custom_margin_last_edited=\u00bbon|phone\u00bb custom_padding=\u00bb0px|0px|0px|0px|true|\u00bb button_text_color_hover=\u00bbrgba(224,43,32,0.76)\u00bb button_border_color_hover=\u00bbrgba(0,0,0,0)\u00bb button_border_radius_hover=\u00bb0px\u00bb button_bg_color_hover=\u00bbrgba(0,0,0,0)\u00bb global_colors_info=\u00bb{}\u00bb button_text_size__hover_enabled=\u00bboff\u00bb button_one_text_size__hover_enabled=\u00bboff\u00bb button_two_text_size__hover_enabled=\u00bboff\u00bb button_text_color__hover_enabled=\u00bbon|desktop\u00bb button_text_color__hover=\u00bbrgba(255,255,255,0.5)\u00bb button_one_text_color__hover_enabled=\u00bboff\u00bb button_two_text_color__hover_enabled=\u00bboff\u00bb button_border_width__hover_enabled=\u00bboff\u00bb button_one_border_width__hover_enabled=\u00bboff\u00bb button_two_border_width__hover_enabled=\u00bboff\u00bb button_border_color__hover_enabled=\u00bbon\u00bb button_border_color__hover=\u00bbrgba(0,0,0,0)\u00bb button_one_border_color__hover_enabled=\u00bboff\u00bb button_two_border_color__hover_enabled=\u00bboff\u00bb button_border_radius__hover_enabled=\u00bbon\u00bb button_border_radius__hover=\u00bb0px\u00bb button_one_border_radius__hover_enabled=\u00bboff\u00bb button_two_border_radius__hover_enabled=\u00bboff\u00bb button_letter_spacing__hover_enabled=\u00bboff\u00bb button_one_letter_spacing__hover_enabled=\u00bboff\u00bb button_two_letter_spacing__hover_enabled=\u00bboff\u00bb button_bg_color__hover_enabled=\u00bbon\u00bb button_bg_color__hover=\u00bbrgba(255,255,255,0)\u00bb button_one_bg_color__hover_enabled=\u00bboff\u00bb button_two_bg_color__hover_enabled=\u00bboff\u00bb][\/et_pb_button][et_pb_text module_id=\u00bbreveal2&#8243; _builder_version=\u00bb4.27.4&#8243; text_font=\u00bb|300|||||||\u00bb text_text_color=\u00bb#cccccc\u00bb text_line_height=\u00bb1.1em\u00bb header_font=\u00bb|300|||||||\u00bb header_2_font=\u00bb|300||on|||||\u00bb header_2_text_color=\u00bb#cccccc\u00bb header_2_font_size=\u00bb36px\u00bb header_2_letter_spacing=\u00bb2px\u00bb background_layout=\u00bbdark\u00bb hover_enabled=\u00bb0&#8243; global_colors_info=\u00bb{}\u00bb sticky_enabled=\u00bb0&#8243;]<\/p>\n<p><span style=\"font-weight: 400;\">El yoga tambi\u00e9n es especialmente \u00fatil para quienes sufren de dolores cr\u00f3nicos, como el dolor de espalda. A trav\u00e9s de posturas espec\u00edficas y un enfoque en la respiraci\u00f3n consciente, el yoga puede aliviar el dolor y mejorar la calidad de vida de quienes lo practican.<\/span><\/p>\n<p><span style=\"font-weight: 400;\">Adem\u00e1s, est\u00e1 comprobado que el yoga tiene <\/span><b>efectos positivos sobre el sistema cardiovascular y respiratorio<\/b><span style=\"font-weight: 400;\">. La conexi\u00f3n con la respiraci\u00f3n durante las posturas favorece la circulaci\u00f3n sangu\u00ednea y potencia el funcionamiento del sistema respiratorio.<\/span><\/p>\n<p>[\/et_pb_text][\/et_pb_column][\/et_pb_row][\/et_pb_section][et_pb_section fb_built=\u00bb1&#8243; custom_padding_last_edited=\u00bbon|phone\u00bb _builder_version=\u00bb4.16&#8243; _module_preset=\u00bbdefault\u00bb background_color=\u00bb#262626&#8243; custom_padding=\u00bb0px||50px||false|false\u00bb custom_padding_tablet=\u00bb\u00bb custom_padding_phone=\u00bb||30px||false|false\u00bb global_colors_info=\u00bb{}\u00bb][et_pb_row column_structure=\u00bb1_3,2_3&#8243; custom_padding_last_edited=\u00bbon|phone\u00bb _builder_version=\u00bb4.16&#8243; _module_preset=\u00bbdefault\u00bb custom_padding_tablet=\u00bb\u00bb custom_padding_phone=\u00bb0px||0px||false|false\u00bb global_colors_info=\u00bb{}\u00bb][et_pb_column type=\u00bb1_3&#8243; _builder_version=\u00bb4.16&#8243; _module_preset=\u00bbdefault\u00bb global_colors_info=\u00bb{}\u00bb][et_pb_text _builder_version=\u00bb4.26.1&#8243; text_font=\u00bb||||||||\u00bb header_font=\u00bb||||||||\u00bb header_text_align=\u00bbcenter\u00bb header_2_font=\u00bb|300||on|||||\u00bb header_2_text_align=\u00bbright\u00bb header_2_font_size=\u00bb29px\u00bb custom_margin=\u00bb||0px||false|false\u00bb custom_padding=\u00bb|15%|0px||false|false\u00bb header_2_text_align_tablet=\u00bb\u00bb header_2_text_align_phone=\u00bbleft\u00bb header_2_text_align_last_edited=\u00bbon|phone\u00bb header_2_font_size_tablet=\u00bb51px\u00bb header_2_font_size_phone=\u00bb25px\u00bb header_2_font_size_last_edited=\u00bbon|phone\u00bb border_width_right=\u00bb2px\u00bb border_color_right=\u00bb#cccccc\u00bb border_width_right_tablet=\u00bb\u00bb border_width_right_phone=\u00bb0px\u00bb border_width_right_last_edited=\u00bbon|phone\u00bb locked=\u00bboff\u00bb global_colors_info=\u00bb{}\u00bb]<\/p>\n<h2>Por qu\u00e9 Yoga en Sparta Sport Center Zarautz<\/h2>\n<p>[\/et_pb_text][\/et_pb_column][et_pb_column type=\u00bb2_3&#8243; _builder_version=\u00bb4.16&#8243; _module_preset=\u00bbdefault\u00bb global_colors_info=\u00bb{}\u00bb][et_pb_text _builder_version=\u00bb4.27.4&#8243; text_font=\u00bb|300|||||||\u00bb text_text_color=\u00bb#cccccc\u00bb text_line_height=\u00bb1.1em\u00bb header_font=\u00bb|300|||||||\u00bb header_2_font=\u00bb|300||on|||||\u00bb header_2_text_color=\u00bb#cccccc\u00bb header_2_font_size=\u00bb36px\u00bb header_2_letter_spacing=\u00bb2px\u00bb background_layout=\u00bbdark\u00bb hover_enabled=\u00bb0&#8243; global_colors_info=\u00bb{}\u00bb sticky_enabled=\u00bb0&#8243;]<\/p>\n<p><span style=\"font-weight: 400;\">Practicar yoga en Sparta Sport Center Zarautz es una excelente opci\u00f3n por varias razones. En primer lugar, nuestro gimnasio cuenta con profesores que dan atenci\u00f3n personalizada a cada alumno. Nuestros instructores de yoga tienen amplia experiencia y conocen las necesidades y limitaciones de cada persona.<\/span><\/p>\n<p><span style=\"font-weight: 400;\">Las instalaciones de nuestro gimnasio son de primera categor\u00eda. Las salas de yoga est\u00e1n equipadas con todo lo necesario para ofrecer una <\/span><b>experiencia c\u00f3moda y segura<\/b><span style=\"font-weight: 400;\">, desde esterillas y cojines hasta accesorios adicionales que garantizan el mejor entorno para tu pr\u00e1ctica.<\/span><\/p>\n<p><span style=\"font-weight: 400;\">El ambiente en Sparta Sport Center es acogedor y relajante. Nuestras salas de yoga han sido dise\u00f1adas para proporcionar un espacio tranquilo, perfecto para sumergirse en la pr\u00e1ctica y desconectar del estr\u00e9s diario. \u00a1No lo dudes m\u00e1s y vis\u00edtanos!<\/span><\/p>\n<p>[\/et_pb_text][\/et_pb_column][\/et_pb_row][\/et_pb_section]<\/p>\n","protected":false},"excerpt":{"rendered":"<p>Clases de Yoga en ZarautzEl yoga es una pr\u00e1ctica ancestral que ha ganado popularidad en todo el mundo por sus m\u00faltiples beneficios tanto para el cuerpo como para la mente. En Sparta Sport Center te ofrecemos las mejores clases de yoga en Zarautz, adaptadas a todos los niveles.Desde principiantes hasta yoguis avanzados, en Sparta Sport [&hellip;]<\/p>\n","protected":false},"author":1,"featured_media":220470,"parent":0,"menu_order":0,"comment_status":"closed","ping_status":"closed","template":"","meta":{"_et_pb_use_builder":"on","_et_pb_old_content":"","_et_gb_content_width":"","footnotes":""},"class_list":["post-206563","page","type-page","status-publish","has-post-thumbnail","hentry"],"yoast_head":"<!-- This site is optimized with the Yoast SEO plugin v27.4 - https:\/\/yoast.com\/product\/yoast-seo-wordpress\/ -->\n<title>Yoga en Zarautz \u00a11 D\u00cdA GRATIS! | Sparta Sport Center<\/title>\n<meta name=\"description\" content=\"Inscr\u00edbete y disfruta de las clases de yoga en Zarautz, contamos con un equipo de Instructores dedicados a tu bienestar. \u00a1Disfruta de 1 d\u00eda gratis!\" \/>\n<meta name=\"robots\" content=\"index, follow, max-snippet:-1, max-image-preview:large, max-video-preview:-1\" \/>\n<link rel=\"canonical\" href=\"https:\/\/spartasportcenter.com\/zarautz\/yoga\/\" \/>\n<meta property=\"og:locale\" content=\"es_ES\" \/>\n<meta property=\"og:type\" content=\"article\" \/>\n<meta property=\"og:title\" content=\"Yoga en Zarautz \u00a11 D\u00cdA GRATIS! | Sparta Sport Center\" \/>\n<meta property=\"og:description\" content=\"Inscr\u00edbete y disfruta de las clases de yoga en Zarautz, contamos con un equipo de Instructores dedicados a tu bienestar. \u00a1Disfruta de 1 d\u00eda gratis!\" \/>\n<meta property=\"og:url\" content=\"https:\/\/spartasportcenter.com\/zarautz\/yoga\/\" \/>\n<meta property=\"og:site_name\" content=\"Sparta Sport Center Zarautz\" \/>\n<meta property=\"article:modified_time\" content=\"2025-02-21T09:30:17+00:00\" \/>\n<meta property=\"og:image\" content=\"https:\/\/spartasportcenter.com\/zarautz\/wp-content\/uploads\/2025\/02\/yoga-zarautz.webp\" \/>\n\t<meta property=\"og:image:width\" content=\"2000\" \/>\n\t<meta property=\"og:image:height\" content=\"1333\" \/>\n\t<meta property=\"og:image:type\" content=\"image\/webp\" \/>\n<meta name=\"twitter:card\" content=\"summary_large_image\" \/>\n<meta name=\"twitter:label1\" content=\"Tiempo de lectura\" \/>\n\t<meta name=\"twitter:data1\" content=\"2 minutos\" \/>\n<script type=\"application\/ld+json\" class=\"yoast-schema-graph\">{\"@context\":\"https:\\\/\\\/schema.org\",\"@graph\":[{\"@type\":\"WebPage\",\"@id\":\"https:\\\/\\\/spartasportcenter.com\\\/zarautz\\\/yoga\\\/\",\"url\":\"https:\\\/\\\/spartasportcenter.com\\\/zarautz\\\/yoga\\\/\",\"name\":\"Yoga en Zarautz \u00a11 D\u00cdA GRATIS! | Sparta Sport Center\",\"isPartOf\":{\"@id\":\"https:\\\/\\\/spartasportcenter.com\\\/zarautz\\\/#website\"},\"primaryImageOfPage\":{\"@id\":\"https:\\\/\\\/spartasportcenter.com\\\/zarautz\\\/yoga\\\/#primaryimage\"},\"image\":{\"@id\":\"https:\\\/\\\/spartasportcenter.com\\\/zarautz\\\/yoga\\\/#primaryimage\"},\"thumbnailUrl\":\"https:\\\/\\\/spartasportcenter.com\\\/zarautz\\\/wp-content\\\/uploads\\\/2025\\\/02\\\/yoga-zarautz.webp\",\"datePublished\":\"2018-08-20T15:59:41+00:00\",\"dateModified\":\"2025-02-21T09:30:17+00:00\",\"description\":\"Inscr\u00edbete y disfruta de las clases de yoga en Zarautz, contamos con un equipo de Instructores dedicados a tu bienestar. \u00a1Disfruta de 1 d\u00eda gratis!\",\"breadcrumb\":{\"@id\":\"https:\\\/\\\/spartasportcenter.com\\\/zarautz\\\/yoga\\\/#breadcrumb\"},\"inLanguage\":\"es\",\"potentialAction\":[{\"@type\":\"ReadAction\",\"target\":[\"https:\\\/\\\/spartasportcenter.com\\\/zarautz\\\/yoga\\\/\"]}]},{\"@type\":\"ImageObject\",\"inLanguage\":\"es\",\"@id\":\"https:\\\/\\\/spartasportcenter.com\\\/zarautz\\\/yoga\\\/#primaryimage\",\"url\":\"https:\\\/\\\/spartasportcenter.com\\\/zarautz\\\/wp-content\\\/uploads\\\/2025\\\/02\\\/yoga-zarautz.webp\",\"contentUrl\":\"https:\\\/\\\/spartasportcenter.com\\\/zarautz\\\/wp-content\\\/uploads\\\/2025\\\/02\\\/yoga-zarautz.webp\",\"width\":2000,\"height\":1333,\"caption\":\"yoga zarautz\"},{\"@type\":\"BreadcrumbList\",\"@id\":\"https:\\\/\\\/spartasportcenter.com\\\/zarautz\\\/yoga\\\/#breadcrumb\",\"itemListElement\":[{\"@type\":\"ListItem\",\"position\":1,\"name\":\"Portada\",\"item\":\"https:\\\/\\\/spartasportcenter.com\\\/zarautz\\\/\"},{\"@type\":\"ListItem\",\"position\":2,\"name\":\"Yoga Zarautz\"}]},{\"@type\":\"WebSite\",\"@id\":\"https:\\\/\\\/spartasportcenter.com\\\/zarautz\\\/#website\",\"url\":\"https:\\\/\\\/spartasportcenter.com\\\/zarautz\\\/\",\"name\":\"Sparta Sport Center Zarautz\",\"description\":\"Gimnasios en Zarautz\",\"potentialAction\":[{\"@type\":\"SearchAction\",\"target\":{\"@type\":\"EntryPoint\",\"urlTemplate\":\"https:\\\/\\\/spartasportcenter.com\\\/zarautz\\\/?s={search_term_string}\"},\"query-input\":{\"@type\":\"PropertyValueSpecification\",\"valueRequired\":true,\"valueName\":\"search_term_string\"}}],\"inLanguage\":\"es\"}]}<\/script>\n<!-- \/ Yoast SEO plugin. -->","yoast_head_json":{"title":"Yoga en Zarautz \u00a11 D\u00cdA GRATIS! | Sparta Sport Center","description":"Inscr\u00edbete y disfruta de las clases de yoga en Zarautz, contamos con un equipo de Instructores dedicados a tu bienestar. \u00a1Disfruta de 1 d\u00eda gratis!","robots":{"index":"index","follow":"follow","max-snippet":"max-snippet:-1","max-image-preview":"max-image-preview:large","max-video-preview":"max-video-preview:-1"},"canonical":"https:\/\/spartasportcenter.com\/zarautz\/yoga\/","og_locale":"es_ES","og_type":"article","og_title":"Yoga en Zarautz \u00a11 D\u00cdA GRATIS! | Sparta Sport Center","og_description":"Inscr\u00edbete y disfruta de las clases de yoga en Zarautz, contamos con un equipo de Instructores dedicados a tu bienestar. \u00a1Disfruta de 1 d\u00eda gratis!","og_url":"https:\/\/spartasportcenter.com\/zarautz\/yoga\/","og_site_name":"Sparta Sport Center Zarautz","article_modified_time":"2025-02-21T09:30:17+00:00","og_image":[{"width":2000,"height":1333,"url":"https:\/\/spartasportcenter.com\/zarautz\/wp-content\/uploads\/2025\/02\/yoga-zarautz.webp","type":"image\/webp"}],"twitter_card":"summary_large_image","twitter_misc":{"Tiempo de lectura":"2 minutos"},"schema":{"@context":"https:\/\/schema.org","@graph":[{"@type":"WebPage","@id":"https:\/\/spartasportcenter.com\/zarautz\/yoga\/","url":"https:\/\/spartasportcenter.com\/zarautz\/yoga\/","name":"Yoga en Zarautz \u00a11 D\u00cdA GRATIS! | Sparta Sport Center","isPartOf":{"@id":"https:\/\/spartasportcenter.com\/zarautz\/#website"},"primaryImageOfPage":{"@id":"https:\/\/spartasportcenter.com\/zarautz\/yoga\/#primaryimage"},"image":{"@id":"https:\/\/spartasportcenter.com\/zarautz\/yoga\/#primaryimage"},"thumbnailUrl":"https:\/\/spartasportcenter.com\/zarautz\/wp-content\/uploads\/2025\/02\/yoga-zarautz.webp","datePublished":"2018-08-20T15:59:41+00:00","dateModified":"2025-02-21T09:30:17+00:00","description":"Inscr\u00edbete y disfruta de las clases de yoga en Zarautz, contamos con un equipo de Instructores dedicados a tu bienestar. \u00a1Disfruta de 1 d\u00eda gratis!","breadcrumb":{"@id":"https:\/\/spartasportcenter.com\/zarautz\/yoga\/#breadcrumb"},"inLanguage":"es","potentialAction":[{"@type":"ReadAction","target":["https:\/\/spartasportcenter.com\/zarautz\/yoga\/"]}]},{"@type":"ImageObject","inLanguage":"es","@id":"https:\/\/spartasportcenter.com\/zarautz\/yoga\/#primaryimage","url":"https:\/\/spartasportcenter.com\/zarautz\/wp-content\/uploads\/2025\/02\/yoga-zarautz.webp","contentUrl":"https:\/\/spartasportcenter.com\/zarautz\/wp-content\/uploads\/2025\/02\/yoga-zarautz.webp","width":2000,"height":1333,"caption":"yoga zarautz"},{"@type":"BreadcrumbList","@id":"https:\/\/spartasportcenter.com\/zarautz\/yoga\/#breadcrumb","itemListElement":[{"@type":"ListItem","position":1,"name":"Portada","item":"https:\/\/spartasportcenter.com\/zarautz\/"},{"@type":"ListItem","position":2,"name":"Yoga Zarautz"}]},{"@type":"WebSite","@id":"https:\/\/spartasportcenter.com\/zarautz\/#website","url":"https:\/\/spartasportcenter.com\/zarautz\/","name":"Sparta Sport Center Zarautz","description":"Gimnasios en Zarautz","potentialAction":[{"@type":"SearchAction","target":{"@type":"EntryPoint","urlTemplate":"https:\/\/spartasportcenter.com\/zarautz\/?s={search_term_string}"},"query-input":{"@type":"PropertyValueSpecification","valueRequired":true,"valueName":"search_term_string"}}],"inLanguage":"es"}]}},"_links":{"self":[{"href":"https:\/\/spartasportcenter.com\/zarautz\/wp-json\/wp\/v2\/pages\/206563","targetHints":{"allow":["GET"]}}],"collection":[{"href":"https:\/\/spartasportcenter.com\/zarautz\/wp-json\/wp\/v2\/pages"}],"about":[{"href":"https:\/\/spartasportcenter.com\/zarautz\/wp-json\/wp\/v2\/types\/page"}],"author":[{"embeddable":true,"href":"https:\/\/spartasportcenter.com\/zarautz\/wp-json\/wp\/v2\/users\/1"}],"replies":[{"embeddable":true,"href":"https:\/\/spartasportcenter.com\/zarautz\/wp-json\/wp\/v2\/comments?post=206563"}],"version-history":[{"count":25,"href":"https:\/\/spartasportcenter.com\/zarautz\/wp-json\/wp\/v2\/pages\/206563\/revisions"}],"predecessor-version":[{"id":220543,"href":"https:\/\/spartasportcenter.com\/zarautz\/wp-json\/wp\/v2\/pages\/206563\/revisions\/220543"}],"wp:featuredmedia":[{"embeddable":true,"href":"https:\/\/spartasportcenter.com\/zarautz\/wp-json\/wp\/v2\/media\/220470"}],"wp:attachment":[{"href":"https:\/\/spartasportcenter.com\/zarautz\/wp-json\/wp\/v2\/media?parent=206563"}],"curies":[{"name":"wp","href":"https:\/\/api.w.org\/{rel}","templated":true}]}}