{"id":206541,"date":"2018-08-20T15:40:03","date_gmt":"2018-08-20T15:40:03","guid":{"rendered":"https:\/\/pamplona.spartasportcenter.com\/?page_id=206541"},"modified":"2025-02-21T10:19:14","modified_gmt":"2025-02-21T09:19:14","slug":"spinning","status":"publish","type":"page","link":"https:\/\/spartasportcenter.com\/zarautz\/spinning\/","title":{"rendered":"Spinning Zarautz"},"content":{"rendered":"<p>[et_pb_section fb_built=\u00bb1&#8243; custom_padding_last_edited=\u00bbon|phone\u00bb disabled_on=\u00bboff|off|off\u00bb _builder_version=\u00bb4.16&#8243; background_color=\u00bb#262626&#8243; background_enable_image=\u00bboff\u00bb custom_margin=\u00bb||||false|false\u00bb custom_padding=\u00bb80px|0px|0px|0px|false|false\u00bb custom_padding_tablet=\u00bb\u00bb custom_padding_phone=\u00bb30px||50px||false|false\u00bb global_colors_info=\u00bb{}\u00bb][et_pb_row column_structure=\u00bb1_3,2_3&#8243; custom_padding_last_edited=\u00bbon|desktop\u00bb _builder_version=\u00bb4.16&#8243; _module_preset=\u00bbdefault\u00bb custom_padding=\u00bb0px||||false|false\u00bb custom_padding_tablet=\u00bb\u00bb custom_padding_phone=\u00bb0px||||false|false\u00bb global_colors_info=\u00bb{}\u00bb][et_pb_column type=\u00bb1_3&#8243; _builder_version=\u00bb4.16&#8243; _module_preset=\u00bbdefault\u00bb global_colors_info=\u00bb{}\u00bb][et_pb_text _builder_version=\u00bb4.24.2&#8243; text_font=\u00bb||||||||\u00bb header_font=\u00bb||||||||\u00bb header_text_align=\u00bbcenter\u00bb header_2_font=\u00bb|300||on|||||\u00bb header_2_text_align=\u00bbright\u00bb header_2_font_size=\u00bb29px\u00bb custom_margin=\u00bb||0px||false|false\u00bb custom_padding=\u00bb|15%|0px||false|false\u00bb header_2_text_align_tablet=\u00bb\u00bb header_2_text_align_phone=\u00bbleft\u00bb header_2_text_align_last_edited=\u00bbon|phone\u00bb header_2_font_size_tablet=\u00bb51px\u00bb header_2_font_size_phone=\u00bb25px\u00bb header_2_font_size_last_edited=\u00bbon|phone\u00bb border_width_right=\u00bb2px\u00bb border_color_right=\u00bb#cccccc\u00bb border_width_right_tablet=\u00bb\u00bb border_width_right_phone=\u00bb0px\u00bb border_width_right_last_edited=\u00bbon|phone\u00bb locked=\u00bboff\u00bb global_colors_info=\u00bb{}\u00bb]<\/p>\n<h2>Clases de spinning en Zarautz<\/h2>\n<p>[\/et_pb_text][\/et_pb_column][et_pb_column type=\u00bb2_3&#8243; _builder_version=\u00bb4.16&#8243; _module_preset=\u00bbdefault\u00bb global_colors_info=\u00bb{}\u00bb][et_pb_text _builder_version=\u00bb4.27.4&#8243; text_font=\u00bb|300|||||||\u00bb text_text_color=\u00bb#cccccc\u00bb text_line_height=\u00bb1.1em\u00bb header_font=\u00bb|300|||||||\u00bb header_2_font=\u00bb|300||on|||||\u00bb header_2_text_color=\u00bb#cccccc\u00bb header_2_font_size=\u00bb36px\u00bb header_2_letter_spacing=\u00bb2px\u00bb background_layout=\u00bbdark\u00bb hover_enabled=\u00bb0&#8243; global_colors_info=\u00bb{}\u00bb sticky_enabled=\u00bb0&#8243;]<\/p>\n<p><span style=\"font-weight: 400;\">El Spinning es una actividad cardiovascular emocionante y efectiva que <\/span><b>combina el pedaleo en bicicletas est\u00e1ticas con m\u00fasica energizante<\/b><span style=\"font-weight: 400;\">. Esta disciplina, que simula rutas de ciclismo al aire libre, ha ganado popularidad como una de las formas m\u00e1s din\u00e1micas y divertidas de mantenerse en forma. Si buscas las mejores clases de Spinning en Zarautz, Sparta Sport Center es el lugar perfecto para ti.<\/span><\/p>\n<p>[\/et_pb_text][et_pb_button button_text=\u00bb+\u00bb button_alignment=\u00bbcenter\u00bb module_class=\u00bbrv_button closed\u00bb _builder_version=\u00bb4.16&#8243; custom_button=\u00bbon\u00bb button_text_size=\u00bb39px\u00bb button_text_color=\u00bb#cccccc\u00bb button_border_width=\u00bb0px\u00bb button_border_radius=\u00bb0px\u00bb button_font=\u00bbOswald|700|||||||\u00bb button_use_icon=\u00bboff\u00bb custom_margin=\u00bb-40px|0px|-10px|0px|false|false\u00bb custom_margin_tablet=\u00bb\u00bb custom_margin_phone=\u00bb\u00bb custom_margin_last_edited=\u00bbon|phone\u00bb custom_padding=\u00bb0px|0px|0px|0px|true|\u00bb button_text_color_hover=\u00bbrgba(224,43,32,0.76)\u00bb button_border_color_hover=\u00bbrgba(0,0,0,0)\u00bb button_border_radius_hover=\u00bb0px\u00bb button_bg_color_hover=\u00bbrgba(0,0,0,0)\u00bb locked=\u00bboff\u00bb global_colors_info=\u00bb{}\u00bb button_text_size__hover_enabled=\u00bboff\u00bb button_one_text_size__hover_enabled=\u00bboff\u00bb button_two_text_size__hover_enabled=\u00bboff\u00bb button_text_color__hover_enabled=\u00bbon|desktop\u00bb button_text_color__hover=\u00bbrgba(255,255,255,0.5)\u00bb button_one_text_color__hover_enabled=\u00bboff\u00bb button_two_text_color__hover_enabled=\u00bboff\u00bb button_border_width__hover_enabled=\u00bboff\u00bb button_one_border_width__hover_enabled=\u00bboff\u00bb button_two_border_width__hover_enabled=\u00bboff\u00bb button_border_color__hover_enabled=\u00bbon\u00bb button_border_color__hover=\u00bbrgba(0,0,0,0)\u00bb button_one_border_color__hover_enabled=\u00bboff\u00bb button_two_border_color__hover_enabled=\u00bboff\u00bb button_border_radius__hover_enabled=\u00bbon\u00bb button_border_radius__hover=\u00bb0px\u00bb button_one_border_radius__hover_enabled=\u00bboff\u00bb button_two_border_radius__hover_enabled=\u00bboff\u00bb button_letter_spacing__hover_enabled=\u00bboff\u00bb button_one_letter_spacing__hover_enabled=\u00bboff\u00bb button_two_letter_spacing__hover_enabled=\u00bboff\u00bb button_bg_color__hover_enabled=\u00bbon\u00bb button_bg_color__hover=\u00bbrgba(255,255,255,0)\u00bb button_one_bg_color__hover_enabled=\u00bboff\u00bb button_two_bg_color__hover_enabled=\u00bboff\u00bb][\/et_pb_button][et_pb_text module_id=\u00bbreveal\u00bb _builder_version=\u00bb4.27.4&#8243; text_font=\u00bb|300|||||||\u00bb text_text_color=\u00bb#cccccc\u00bb text_line_height=\u00bb1.1em\u00bb header_font=\u00bb|300|||||||\u00bb header_2_font=\u00bb|300||on|||||\u00bb header_2_text_color=\u00bb#cccccc\u00bb header_2_font_size=\u00bb36px\u00bb header_2_letter_spacing=\u00bb2px\u00bb background_layout=\u00bbdark\u00bb hover_enabled=\u00bb0&#8243; global_colors_info=\u00bb{}\u00bb sticky_enabled=\u00bb0&#8243;]<\/p>\n<p><span style=\"font-weight: 400;\">El Spinning en Zarautz no solo es un entrenamiento f\u00edsico; es una experiencia completa. Nuestras clases est\u00e1n dise\u00f1adas para ofrecerte una combinaci\u00f3n de ejercicio, motivaci\u00f3n y diversi\u00f3n en un entorno acogedor y lleno de energ\u00eda.<\/span><\/p>\n<p><span style=\"font-weight: 400;\">En Sparta Sport Center, nuestras clases est\u00e1n adaptadas a todos los niveles de condici\u00f3n f\u00edsica, desde principiantes hasta ciclistas experimentados. Cada bicicleta est\u00e1tica est\u00e1 equipada con <\/span><b>tecnolog\u00eda avanzada<\/b><span style=\"font-weight: 400;\">, como monitores de ritmo card\u00edaco y sensores que te permiten seguir tu progreso en tiempo real. As\u00ed, puedes personalizar tu experiencia y trabajar a tu propio ritmo mientras alcanzas tus metas.<\/span><\/p>\n<p>[\/et_pb_text][\/et_pb_column][\/et_pb_row][et_pb_row column_structure=\u00bb1_3,2_3&#8243; custom_padding_last_edited=\u00bbon|phone\u00bb _builder_version=\u00bb4.16&#8243; _module_preset=\u00bbdefault\u00bb custom_margin=\u00bb||0px||false|false\u00bb custom_padding=\u00bb||||false|false\u00bb custom_padding_tablet=\u00bb\u00bb custom_padding_phone=\u00bb0px||0px||false|false\u00bb global_colors_info=\u00bb{}\u00bb][et_pb_column type=\u00bb1_3&#8243; _builder_version=\u00bb4.16&#8243; _module_preset=\u00bbdefault\u00bb global_colors_info=\u00bb{}\u00bb][et_pb_text _builder_version=\u00bb4.24.2&#8243; text_font=\u00bb||||||||\u00bb header_font=\u00bb||||||||\u00bb header_text_align=\u00bbcenter\u00bb header_2_font=\u00bb|300||on|||||\u00bb header_2_text_align=\u00bbright\u00bb header_2_font_size=\u00bb29px\u00bb custom_margin=\u00bb||0px||false|false\u00bb custom_padding=\u00bb|15%|0px||false|false\u00bb header_2_text_align_tablet=\u00bb\u00bb header_2_text_align_phone=\u00bbleft\u00bb header_2_text_align_last_edited=\u00bbon|phone\u00bb header_2_font_size_tablet=\u00bb51px\u00bb header_2_font_size_phone=\u00bb25px\u00bb header_2_font_size_last_edited=\u00bbon|phone\u00bb border_width_right=\u00bb2px\u00bb border_color_right=\u00bb#cccccc\u00bb border_width_right_tablet=\u00bb\u00bb border_width_right_phone=\u00bb0px\u00bb border_width_right_last_edited=\u00bbon|phone\u00bb locked=\u00bboff\u00bb global_colors_info=\u00bb{}\u00bb]<\/p>\n<h2>Beneficios del Spinning en Zarautz<\/h2>\n<p>[\/et_pb_text][\/et_pb_column][et_pb_column type=\u00bb2_3&#8243; _builder_version=\u00bb4.16&#8243; _module_preset=\u00bbdefault\u00bb global_colors_info=\u00bb{}\u00bb][et_pb_text _builder_version=\u00bb4.27.4&#8243; text_font=\u00bb|300|||||||\u00bb text_text_color=\u00bb#cccccc\u00bb text_line_height=\u00bb1.1em\u00bb header_font=\u00bb|300|||||||\u00bb header_2_font=\u00bb|300||on|||||\u00bb header_2_text_color=\u00bb#cccccc\u00bb header_2_font_size=\u00bb36px\u00bb header_2_letter_spacing=\u00bb2px\u00bb background_layout=\u00bbdark\u00bb hover_enabled=\u00bb0&#8243; global_colors_info=\u00bb{}\u00bb sticky_enabled=\u00bb0&#8243;]<\/p>\n<p><span style=\"font-weight: 400;\">El Spinning no solo es una excelente manera de quemar calor\u00edas, sino que tambi\u00e9n ofrece muchos beneficios f\u00edsicos y mentales:<\/span><\/p>\n<ul>\n<li style=\"font-weight: 400;\" aria-level=\"1\"><span style=\"font-weight: 400;\">Fortalece piernas y gl\u00fateos: El pedaleo constante tonifica estos m\u00fasculos sin da\u00f1ar las articulaciones.<\/span><\/li>\n<li style=\"font-weight: 400;\" aria-level=\"1\"><span style=\"font-weight: 400;\">Mejora la salud cardiovascular: Aumenta tu resistencia y capacidad pulmonar mientras fortaleces el coraz\u00f3n.<\/span><\/li>\n<li style=\"font-weight: 400;\" aria-level=\"1\"><span style=\"font-weight: 400;\">Quema calor\u00edas: En una sesi\u00f3n, <\/span><b>puedes quemar entre 400 y 600 calor\u00edas<\/b><span style=\"font-weight: 400;\">, lo que lo convierte en una excelente opci\u00f3n para quienes buscan perder peso.<\/span><\/li>\n<li style=\"font-weight: 400;\" aria-level=\"1\"><span style=\"font-weight: 400;\">Reducci\u00f3n del estr\u00e9s: Las endorfinas liberadas durante las clases mejoran tu estado de \u00e1nimo y ayudan a aliviar la tensi\u00f3n.<\/span><\/li>\n<li style=\"font-weight: 400;\" aria-level=\"1\"><span style=\"font-weight: 400;\">Adaptabilidad: Puedes ajustar la resistencia de la bicicleta seg\u00fan tu nivel, lo que hace que el Spinning sea adecuado para todas las edades y habilidades.<\/span><\/li>\n<li style=\"font-weight: 400;\" aria-level=\"1\"><span style=\"font-weight: 400;\">Ambiente motivador: Las clases grupales, acompa\u00f1adas de m\u00fasica energ\u00e9tica y dirigidas por instructores certificados, te mantienen <\/span><b>enfocado e inspirado en cada sesi\u00f3n<\/b><span style=\"font-weight: 400;\">.<\/span><\/li>\n<\/ul>\n<p>[\/et_pb_text][\/et_pb_column][\/et_pb_row][\/et_pb_section][et_pb_section fb_built=\u00bb1&#8243; custom_padding_last_edited=\u00bbon|phone\u00bb _builder_version=\u00bb4.16&#8243; _module_preset=\u00bbdefault\u00bb background_color=\u00bb#262626&#8243; custom_padding=\u00bb0px||50px||false|false\u00bb custom_padding_tablet=\u00bb\u00bb custom_padding_phone=\u00bb||30px||false|false\u00bb global_colors_info=\u00bb{}\u00bb][et_pb_row column_structure=\u00bb1_3,2_3&#8243; custom_padding_last_edited=\u00bbon|phone\u00bb _builder_version=\u00bb4.16&#8243; _module_preset=\u00bbdefault\u00bb custom_padding_tablet=\u00bb\u00bb custom_padding_phone=\u00bb0px||0px||false|false\u00bb global_colors_info=\u00bb{}\u00bb][et_pb_column type=\u00bb1_3&#8243; _builder_version=\u00bb4.16&#8243; _module_preset=\u00bbdefault\u00bb global_colors_info=\u00bb{}\u00bb][et_pb_text _builder_version=\u00bb4.26.1&#8243; text_font=\u00bb||||||||\u00bb header_font=\u00bb||||||||\u00bb header_text_align=\u00bbcenter\u00bb header_2_font=\u00bb|300||on|||||\u00bb header_2_text_align=\u00bbright\u00bb header_2_font_size=\u00bb29px\u00bb custom_margin=\u00bb||0px||false|false\u00bb custom_padding=\u00bb|15%|0px||false|false\u00bb header_2_text_align_tablet=\u00bb\u00bb header_2_text_align_phone=\u00bbleft\u00bb header_2_text_align_last_edited=\u00bbon|phone\u00bb header_2_font_size_tablet=\u00bb51px\u00bb header_2_font_size_phone=\u00bb25px\u00bb header_2_font_size_last_edited=\u00bbon|phone\u00bb border_width_right=\u00bb2px\u00bb border_color_right=\u00bb#cccccc\u00bb border_width_right_tablet=\u00bb\u00bb border_width_right_phone=\u00bb0px\u00bb border_width_right_last_edited=\u00bbon|phone\u00bb locked=\u00bboff\u00bb global_colors_info=\u00bb{}\u00bb]<\/p>\n<h2>Por qu\u00e9 Spinning en Sparta Sport Center Zarautz<\/h2>\n<p>[\/et_pb_text][\/et_pb_column][et_pb_column type=\u00bb2_3&#8243; _builder_version=\u00bb4.16&#8243; _module_preset=\u00bbdefault\u00bb global_colors_info=\u00bb{}\u00bb][et_pb_text _builder_version=\u00bb4.27.4&#8243; text_font=\u00bb|300|||||||\u00bb text_text_color=\u00bb#cccccc\u00bb text_line_height=\u00bb1.1em\u00bb header_font=\u00bb|300|||||||\u00bb header_2_font=\u00bb|300||on|||||\u00bb header_2_text_color=\u00bb#cccccc\u00bb header_2_font_size=\u00bb36px\u00bb header_2_letter_spacing=\u00bb2px\u00bb background_layout=\u00bbdark\u00bb hover_enabled=\u00bb0&#8243; global_colors_info=\u00bb{}\u00bb sticky_enabled=\u00bb0&#8243;]<\/p>\n<p><span style=\"font-weight: 400;\">Si est\u00e1s buscando el mejor lugar para practicar Spinning en Zarautz, Sparta Sport Center tiene todo lo que necesitas:<\/span><\/p>\n<ul>\n<li style=\"font-weight: 400;\" aria-level=\"1\"><span style=\"font-weight: 400;\">Instructores certificados: Nuestro equipo te guia durante cada clase, asegur\u00e1ndose de que realizas los <\/span><b>ejercicios de manera segura y efectiva<\/b><span style=\"font-weight: 400;\">, mientras disfrutas al m\u00e1ximo.<\/span><\/li>\n<li style=\"font-weight: 400;\" aria-level=\"1\"><span style=\"font-weight: 400;\">Instalaciones modernas: Disponemos de bicicletas de \u00faltima generaci\u00f3n y espacios c\u00f3modos, que garantizan una experiencia de entrenamiento de calidad.<\/span><\/li>\n<li style=\"font-weight: 400;\" aria-level=\"1\"><span style=\"font-weight: 400;\">Ambiente motivador: Te rodeas de personas con metas similares, creando una atm\u00f3sfera de apoyo y camarader\u00eda que te ayuda a mantener la motivaci\u00f3n alta.<\/span><\/li>\n<li style=\"font-weight: 400;\" aria-level=\"1\"><span style=\"font-weight: 400;\">Servicios adicionales: Adem\u00e1s de nuestras clases de Spinning, ofrecemos actividades complementarias como <\/span><b>yoga, pilates y entrenamientos personalizados<\/b><span style=\"font-weight: 400;\">, para que puedas trabajar tu cuerpo de manera integral.<\/span><\/li>\n<\/ul>\n<p><span style=\"font-weight: 400;\">No importa si eres principiante o un apasionado del ciclismo, nuestras clases de Spinning en Sparta Sport Center Zarautz est\u00e1n dise\u00f1adas para ayudarte a alcanzar tus objetivos de forma divertida y efectiva.<\/span><\/p>\n<p>[\/et_pb_text][\/et_pb_column][\/et_pb_row][\/et_pb_section]<\/p>\n","protected":false},"excerpt":{"rendered":"<p>Clases de spinning en ZarautzEl Spinning es una actividad cardiovascular emocionante y efectiva que combina el pedaleo en bicicletas est\u00e1ticas con m\u00fasica energizante. Esta disciplina, que simula rutas de ciclismo al aire libre, ha ganado popularidad como una de las formas m\u00e1s din\u00e1micas y divertidas de mantenerse en forma. Si buscas las mejores clases de [&hellip;]<\/p>\n","protected":false},"author":1,"featured_media":220468,"parent":0,"menu_order":0,"comment_status":"closed","ping_status":"closed","template":"","meta":{"_et_pb_use_builder":"on","_et_pb_old_content":"","_et_gb_content_width":"","footnotes":""},"class_list":["post-206541","page","type-page","status-publish","has-post-thumbnail","hentry"],"yoast_head":"<!-- This site is optimized with the Yoast SEO plugin v27.4 - https:\/\/yoast.com\/product\/yoast-seo-wordpress\/ -->\n<title>Spinning Zarautz \u00a11 D\u00cdA GRATIS! | Sparta Sport Center<\/title>\n<meta name=\"description\" content=\"Inscr\u00edbete y disfruta de nuestras clases de spinning en Zarautz, contamos con un equipo de Instructores 100% dedicados a tu bienestar.\" \/>\n<meta name=\"robots\" content=\"index, follow, max-snippet:-1, max-image-preview:large, max-video-preview:-1\" \/>\n<link rel=\"canonical\" href=\"https:\/\/spartasportcenter.com\/zarautz\/spinning\/\" \/>\n<meta property=\"og:locale\" content=\"es_ES\" \/>\n<meta property=\"og:type\" content=\"article\" \/>\n<meta property=\"og:title\" content=\"Spinning Zarautz \u00a11 D\u00cdA GRATIS! | Sparta Sport Center\" \/>\n<meta property=\"og:description\" content=\"Inscr\u00edbete y disfruta de nuestras clases de spinning en Zarautz, contamos con un equipo de Instructores 100% dedicados a tu bienestar.\" \/>\n<meta property=\"og:url\" content=\"https:\/\/spartasportcenter.com\/zarautz\/spinning\/\" \/>\n<meta property=\"og:site_name\" content=\"Sparta Sport Center Zarautz\" \/>\n<meta property=\"article:modified_time\" content=\"2025-02-21T09:19:14+00:00\" \/>\n<meta property=\"og:image\" content=\"https:\/\/spartasportcenter.com\/zarautz\/wp-content\/uploads\/2025\/02\/spinning-zarautz.webp\" \/>\n\t<meta property=\"og:image:width\" content=\"2000\" \/>\n\t<meta property=\"og:image:height\" content=\"1333\" \/>\n\t<meta property=\"og:image:type\" content=\"image\/webp\" \/>\n<meta name=\"twitter:card\" content=\"summary_large_image\" \/>\n<meta name=\"twitter:label1\" content=\"Tiempo de lectura\" \/>\n\t<meta name=\"twitter:data1\" content=\"4 minutos\" \/>\n<script type=\"application\/ld+json\" class=\"yoast-schema-graph\">{\"@context\":\"https:\\\/\\\/schema.org\",\"@graph\":[{\"@type\":\"WebPage\",\"@id\":\"https:\\\/\\\/spartasportcenter.com\\\/zarautz\\\/spinning\\\/\",\"url\":\"https:\\\/\\\/spartasportcenter.com\\\/zarautz\\\/spinning\\\/\",\"name\":\"Spinning Zarautz \u00a11 D\u00cdA GRATIS! | Sparta Sport Center\",\"isPartOf\":{\"@id\":\"https:\\\/\\\/spartasportcenter.com\\\/zarautz\\\/#website\"},\"primaryImageOfPage\":{\"@id\":\"https:\\\/\\\/spartasportcenter.com\\\/zarautz\\\/spinning\\\/#primaryimage\"},\"image\":{\"@id\":\"https:\\\/\\\/spartasportcenter.com\\\/zarautz\\\/spinning\\\/#primaryimage\"},\"thumbnailUrl\":\"https:\\\/\\\/spartasportcenter.com\\\/zarautz\\\/wp-content\\\/uploads\\\/2025\\\/02\\\/spinning-zarautz.webp\",\"datePublished\":\"2018-08-20T15:40:03+00:00\",\"dateModified\":\"2025-02-21T09:19:14+00:00\",\"description\":\"Inscr\u00edbete y disfruta de nuestras clases de spinning en Zarautz, contamos con un equipo de Instructores 100% dedicados a tu bienestar.\",\"breadcrumb\":{\"@id\":\"https:\\\/\\\/spartasportcenter.com\\\/zarautz\\\/spinning\\\/#breadcrumb\"},\"inLanguage\":\"es\",\"potentialAction\":[{\"@type\":\"ReadAction\",\"target\":[\"https:\\\/\\\/spartasportcenter.com\\\/zarautz\\\/spinning\\\/\"]}]},{\"@type\":\"ImageObject\",\"inLanguage\":\"es\",\"@id\":\"https:\\\/\\\/spartasportcenter.com\\\/zarautz\\\/spinning\\\/#primaryimage\",\"url\":\"https:\\\/\\\/spartasportcenter.com\\\/zarautz\\\/wp-content\\\/uploads\\\/2025\\\/02\\\/spinning-zarautz.webp\",\"contentUrl\":\"https:\\\/\\\/spartasportcenter.com\\\/zarautz\\\/wp-content\\\/uploads\\\/2025\\\/02\\\/spinning-zarautz.webp\",\"width\":2000,\"height\":1333,\"caption\":\"spinning zarautz\"},{\"@type\":\"BreadcrumbList\",\"@id\":\"https:\\\/\\\/spartasportcenter.com\\\/zarautz\\\/spinning\\\/#breadcrumb\",\"itemListElement\":[{\"@type\":\"ListItem\",\"position\":1,\"name\":\"Portada\",\"item\":\"https:\\\/\\\/spartasportcenter.com\\\/zarautz\\\/\"},{\"@type\":\"ListItem\",\"position\":2,\"name\":\"Spinning Zarautz\"}]},{\"@type\":\"WebSite\",\"@id\":\"https:\\\/\\\/spartasportcenter.com\\\/zarautz\\\/#website\",\"url\":\"https:\\\/\\\/spartasportcenter.com\\\/zarautz\\\/\",\"name\":\"Sparta Sport Center Zarautz\",\"description\":\"Gimnasios en Zarautz\",\"potentialAction\":[{\"@type\":\"SearchAction\",\"target\":{\"@type\":\"EntryPoint\",\"urlTemplate\":\"https:\\\/\\\/spartasportcenter.com\\\/zarautz\\\/?s={search_term_string}\"},\"query-input\":{\"@type\":\"PropertyValueSpecification\",\"valueRequired\":true,\"valueName\":\"search_term_string\"}}],\"inLanguage\":\"es\"}]}<\/script>\n<!-- \/ Yoast SEO plugin. -->","yoast_head_json":{"title":"Spinning Zarautz \u00a11 D\u00cdA GRATIS! | Sparta Sport Center","description":"Inscr\u00edbete y disfruta de nuestras clases de spinning en Zarautz, contamos con un equipo de Instructores 100% dedicados a tu bienestar.","robots":{"index":"index","follow":"follow","max-snippet":"max-snippet:-1","max-image-preview":"max-image-preview:large","max-video-preview":"max-video-preview:-1"},"canonical":"https:\/\/spartasportcenter.com\/zarautz\/spinning\/","og_locale":"es_ES","og_type":"article","og_title":"Spinning Zarautz \u00a11 D\u00cdA GRATIS! | Sparta Sport Center","og_description":"Inscr\u00edbete y disfruta de nuestras clases de spinning en Zarautz, contamos con un equipo de Instructores 100% dedicados a tu bienestar.","og_url":"https:\/\/spartasportcenter.com\/zarautz\/spinning\/","og_site_name":"Sparta Sport Center Zarautz","article_modified_time":"2025-02-21T09:19:14+00:00","og_image":[{"width":2000,"height":1333,"url":"https:\/\/spartasportcenter.com\/zarautz\/wp-content\/uploads\/2025\/02\/spinning-zarautz.webp","type":"image\/webp"}],"twitter_card":"summary_large_image","twitter_misc":{"Tiempo de lectura":"4 minutos"},"schema":{"@context":"https:\/\/schema.org","@graph":[{"@type":"WebPage","@id":"https:\/\/spartasportcenter.com\/zarautz\/spinning\/","url":"https:\/\/spartasportcenter.com\/zarautz\/spinning\/","name":"Spinning Zarautz \u00a11 D\u00cdA GRATIS! | Sparta Sport Center","isPartOf":{"@id":"https:\/\/spartasportcenter.com\/zarautz\/#website"},"primaryImageOfPage":{"@id":"https:\/\/spartasportcenter.com\/zarautz\/spinning\/#primaryimage"},"image":{"@id":"https:\/\/spartasportcenter.com\/zarautz\/spinning\/#primaryimage"},"thumbnailUrl":"https:\/\/spartasportcenter.com\/zarautz\/wp-content\/uploads\/2025\/02\/spinning-zarautz.webp","datePublished":"2018-08-20T15:40:03+00:00","dateModified":"2025-02-21T09:19:14+00:00","description":"Inscr\u00edbete y disfruta de nuestras clases de spinning en Zarautz, contamos con un equipo de Instructores 100% dedicados a tu bienestar.","breadcrumb":{"@id":"https:\/\/spartasportcenter.com\/zarautz\/spinning\/#breadcrumb"},"inLanguage":"es","potentialAction":[{"@type":"ReadAction","target":["https:\/\/spartasportcenter.com\/zarautz\/spinning\/"]}]},{"@type":"ImageObject","inLanguage":"es","@id":"https:\/\/spartasportcenter.com\/zarautz\/spinning\/#primaryimage","url":"https:\/\/spartasportcenter.com\/zarautz\/wp-content\/uploads\/2025\/02\/spinning-zarautz.webp","contentUrl":"https:\/\/spartasportcenter.com\/zarautz\/wp-content\/uploads\/2025\/02\/spinning-zarautz.webp","width":2000,"height":1333,"caption":"spinning zarautz"},{"@type":"BreadcrumbList","@id":"https:\/\/spartasportcenter.com\/zarautz\/spinning\/#breadcrumb","itemListElement":[{"@type":"ListItem","position":1,"name":"Portada","item":"https:\/\/spartasportcenter.com\/zarautz\/"},{"@type":"ListItem","position":2,"name":"Spinning Zarautz"}]},{"@type":"WebSite","@id":"https:\/\/spartasportcenter.com\/zarautz\/#website","url":"https:\/\/spartasportcenter.com\/zarautz\/","name":"Sparta Sport Center Zarautz","description":"Gimnasios en Zarautz","potentialAction":[{"@type":"SearchAction","target":{"@type":"EntryPoint","urlTemplate":"https:\/\/spartasportcenter.com\/zarautz\/?s={search_term_string}"},"query-input":{"@type":"PropertyValueSpecification","valueRequired":true,"valueName":"search_term_string"}}],"inLanguage":"es"}]}},"_links":{"self":[{"href":"https:\/\/spartasportcenter.com\/zarautz\/wp-json\/wp\/v2\/pages\/206541","targetHints":{"allow":["GET"]}}],"collection":[{"href":"https:\/\/spartasportcenter.com\/zarautz\/wp-json\/wp\/v2\/pages"}],"about":[{"href":"https:\/\/spartasportcenter.com\/zarautz\/wp-json\/wp\/v2\/types\/page"}],"author":[{"embeddable":true,"href":"https:\/\/spartasportcenter.com\/zarautz\/wp-json\/wp\/v2\/users\/1"}],"replies":[{"embeddable":true,"href":"https:\/\/spartasportcenter.com\/zarautz\/wp-json\/wp\/v2\/comments?post=206541"}],"version-history":[{"count":25,"href":"https:\/\/spartasportcenter.com\/zarautz\/wp-json\/wp\/v2\/pages\/206541\/revisions"}],"predecessor-version":[{"id":220538,"href":"https:\/\/spartasportcenter.com\/zarautz\/wp-json\/wp\/v2\/pages\/206541\/revisions\/220538"}],"wp:featuredmedia":[{"embeddable":true,"href":"https:\/\/spartasportcenter.com\/zarautz\/wp-json\/wp\/v2\/media\/220468"}],"wp:attachment":[{"href":"https:\/\/spartasportcenter.com\/zarautz\/wp-json\/wp\/v2\/media?parent=206541"}],"curies":[{"name":"wp","href":"https:\/\/api.w.org\/{rel}","templated":true}]}}