{"id":206533,"date":"2018-08-20T15:24:35","date_gmt":"2018-08-20T15:24:35","guid":{"rendered":"https:\/\/pamplona.spartasportcenter.com\/?page_id=206533"},"modified":"2025-09-22T11:20:02","modified_gmt":"2025-09-22T09:20:02","slug":"entrenador-personal","status":"publish","type":"page","link":"https:\/\/spartasportcenter.com\/zarautz\/entrenador-personal\/","title":{"rendered":"Entrenador Personal Zarautz"},"content":{"rendered":"<p>[et_pb_section fb_built=\u00bb1&#8243; custom_padding_last_edited=\u00bbon|phone\u00bb disabled_on=\u00bboff|off|off\u00bb _builder_version=\u00bb4.16&#8243; background_color=\u00bb#262626&#8243; background_enable_image=\u00bboff\u00bb custom_margin=\u00bb||||false|false\u00bb custom_padding=\u00bb80px|0px|0px|0px|false|false\u00bb custom_padding_tablet=\u00bb\u00bb custom_padding_phone=\u00bb30px||50px||false|false\u00bb global_colors_info=\u00bb{}\u00bb][et_pb_row column_structure=\u00bb1_3,2_3&#8243; custom_padding_last_edited=\u00bbon|desktop\u00bb _builder_version=\u00bb4.16&#8243; _module_preset=\u00bbdefault\u00bb custom_padding=\u00bb0px||||false|false\u00bb custom_padding_tablet=\u00bb\u00bb custom_padding_phone=\u00bb0px||||false|false\u00bb global_colors_info=\u00bb{}\u00bb][et_pb_column type=\u00bb1_3&#8243; _builder_version=\u00bb4.16&#8243; _module_preset=\u00bbdefault\u00bb global_colors_info=\u00bb{}\u00bb][et_pb_text _builder_version=\u00bb4.27.4&#8243; text_font=\u00bb||||||||\u00bb header_font=\u00bb||||||||\u00bb header_text_align=\u00bbcenter\u00bb header_2_font=\u00bb|300||on|||||\u00bb header_2_text_align=\u00bbright\u00bb header_2_font_size=\u00bb29px\u00bb custom_margin=\u00bb||0px||false|false\u00bb custom_padding=\u00bb|15%|0px||false|false\u00bb hover_enabled=\u00bb0&#8243; header_2_text_align_tablet=\u00bb\u00bb header_2_text_align_phone=\u00bbleft\u00bb header_2_text_align_last_edited=\u00bbon|phone\u00bb header_2_font_size_tablet=\u00bb51px\u00bb header_2_font_size_phone=\u00bb25px\u00bb header_2_font_size_last_edited=\u00bbon|phone\u00bb border_width_right=\u00bb2px\u00bb border_color_right=\u00bb#cccccc\u00bb border_width_right_tablet=\u00bb\u00bb border_width_right_phone=\u00bb0px\u00bb border_width_right_last_edited=\u00bbon|phone\u00bb locked=\u00bboff\u00bb global_colors_info=\u00bb{}\u00bb sticky_enabled=\u00bb0&#8243;]<\/p>\n<h2>Alcanza tus objetivos<\/h2>\n<p>[\/et_pb_text][\/et_pb_column][et_pb_column type=\u00bb2_3&#8243; _builder_version=\u00bb4.16&#8243; _module_preset=\u00bbdefault\u00bb global_colors_info=\u00bb{}\u00bb][et_pb_text _builder_version=\u00bb4.27.4&#8243; text_font=\u00bb|300|||||||\u00bb text_text_color=\u00bb#cccccc\u00bb text_line_height=\u00bb1.1em\u00bb header_font=\u00bb|300|||||||\u00bb header_2_font=\u00bb|300||on|||||\u00bb header_2_text_color=\u00bb#cccccc\u00bb header_2_font_size=\u00bb36px\u00bb header_2_letter_spacing=\u00bb2px\u00bb background_layout=\u00bbdark\u00bb global_colors_info=\u00bb{}\u00bb]<\/p>\n<p><span style=\"font-weight: 400;\">Si buscas mejorar tu condici\u00f3n f\u00edsica y alcanzar tus metas, en Sparta Sport Center ponemos a tu disposici\u00f3n a uno de los mejores entrenadores personales en Zarautz. Con su gu\u00eda, puedes transformar tu bienestar y conseguir resultados reales de manera segura y efectiva.<\/span><\/p>\n<p><span style=\"font-weight: 400;\">Nuestro entrenador personal es tu mentor y compa\u00f1ero en este camino, dise\u00f1ando un plan de entrenamiento adaptado a tus necesidades y capacidades. Con su experiencia en acondicionamiento f\u00edsico, te ayuda a:<\/span><\/p>\n<ul>\n<li style=\"font-weight: 400;\" aria-level=\"1\"><span style=\"font-weight: 400;\">Establecer objetivos realistas y alcanzables.<\/span><\/li>\n<li style=\"font-weight: 400;\" aria-level=\"1\"><span style=\"font-weight: 400;\">Crear un <\/span><b>plan de entrenamiento personalizado<\/b><span style=\"font-weight: 400;\"> para maximizar tu rendimiento.<\/span><\/li>\n<li style=\"font-weight: 400;\" aria-level=\"1\"><span style=\"font-weight: 400;\">Lograr metas como perder peso, tonificar tu cuerpo o mejorar tu resistencia.<\/span><\/li>\n<\/ul>\n<p>[\/et_pb_text][et_pb_button button_text=\u00bb+\u00bb button_alignment=\u00bbcenter\u00bb module_class=\u00bbrv_button closed\u00bb _builder_version=\u00bb4.21.0&#8243; custom_button=\u00bbon\u00bb button_text_size=\u00bb39px\u00bb button_text_color=\u00bb#cccccc\u00bb button_border_width=\u00bb0px\u00bb button_border_radius=\u00bb0px\u00bb button_font=\u00bbOswald|700|||||||\u00bb button_use_icon=\u00bboff\u00bb custom_margin=\u00bb-40px|0px|-10px|0px|false|false\u00bb custom_padding=\u00bb0px|0px|0px|0px|true|\u00bb button_text_color_hover=\u00bbrgba(224,43,32,0.76)\u00bb button_bg_color_hover=\u00bbrgba(255,255,255,0)\u00bb locked=\u00bboff\u00bb global_colors_info=\u00bb{}\u00bb button_text_size__hover_enabled=\u00bboff\u00bb button_one_text_size__hover_enabled=\u00bboff\u00bb button_two_text_size__hover_enabled=\u00bboff\u00bb button_text_color__hover_enabled=\u00bbon|desktop\u00bb button_text_color__hover=\u00bbrgba(255,255,255,0.5)\u00bb button_one_text_color__hover_enabled=\u00bboff\u00bb button_two_text_color__hover_enabled=\u00bboff\u00bb button_border_width__hover_enabled=\u00bboff\u00bb button_one_border_width__hover_enabled=\u00bboff\u00bb button_two_border_width__hover_enabled=\u00bboff\u00bb button_border_color__hover_enabled=\u00bboff\u00bb button_one_border_color__hover_enabled=\u00bboff\u00bb button_two_border_color__hover_enabled=\u00bboff\u00bb button_border_radius__hover_enabled=\u00bboff\u00bb button_one_border_radius__hover_enabled=\u00bboff\u00bb button_two_border_radius__hover_enabled=\u00bboff\u00bb button_letter_spacing__hover_enabled=\u00bboff\u00bb button_one_letter_spacing__hover_enabled=\u00bboff\u00bb button_two_letter_spacing__hover_enabled=\u00bboff\u00bb button_bg_color__hover_enabled=\u00bbon\u00bb button_bg_color__hover=\u00bbrgba(255,255,255,0)\u00bb button_one_bg_color__hover_enabled=\u00bboff\u00bb button_two_bg_color__hover_enabled=\u00bboff\u00bb]&nbsp;<br \/>\n[\/et_pb_button][et_pb_text module_id=\u00bbreveal\u00bb _builder_version=\u00bb4.27.4&#8243; text_font=\u00bb|300|||||||\u00bb text_text_color=\u00bb#cccccc\u00bb text_line_height=\u00bb1.1em\u00bb header_font=\u00bb|300|||||||\u00bb header_2_font=\u00bb|300||on|||||\u00bb header_2_text_color=\u00bb#cccccc\u00bb header_2_font_size=\u00bb36px\u00bb header_2_letter_spacing=\u00bb2px\u00bb background_layout=\u00bbdark\u00bb global_colors_info=\u00bb{}\u00bb]<\/p>\n<p>Cada sesi\u00f3n estar\u00e1 dise\u00f1ada para que avances de forma progresiva, asegurando que los ejercicios sean efectivos y seguros. Adem\u00e1s, su enfoque no solo se centra en la actividad f\u00edsica, sino tambi\u00e9n en otros pilares esenciales para tu bienestar:<\/p>\n<ul>\n<li style=\"font-weight: 400;\" aria-level=\"1\"><span style=\"font-weight: 400;\">Nutrici\u00f3n: Recomendaciones para una alimentaci\u00f3n equilibrada y adaptada a tus metas.<\/span><\/li>\n<li style=\"font-weight: 400;\" aria-level=\"1\"><span style=\"font-weight: 400;\">Descanso: Estrategias para <\/span><b>optimizar tu recuperaci\u00f3n y rendimiento<\/b><span style=\"font-weight: 400;\">.<\/span><\/li>\n<li style=\"font-weight: 400;\" aria-level=\"1\"><span style=\"font-weight: 400;\">Bienestar mental: Apoyo para mantenerte motivado y superar cualquier obst\u00e1culo.<\/span><\/li>\n<\/ul>\n<p><span style=\"font-weight: 400;\">Gracias a este enfoque integral, puedes conseguir un equilibrio f\u00edsico y emocional que va a marcar la diferencia en tu progreso.<\/span><\/p>\n<p>[\/et_pb_text][\/et_pb_column][\/et_pb_row][et_pb_row column_structure=\u00bb1_3,2_3&#8243; custom_padding_last_edited=\u00bbon|phone\u00bb _builder_version=\u00bb4.16&#8243; _module_preset=\u00bbdefault\u00bb custom_margin=\u00bb||0px||false|false\u00bb custom_padding=\u00bb||||false|false\u00bb custom_padding_tablet=\u00bb\u00bb custom_padding_phone=\u00bb0px||0px||false|false\u00bb global_colors_info=\u00bb{}\u00bb][et_pb_column type=\u00bb1_3&#8243; _builder_version=\u00bb4.16&#8243; _module_preset=\u00bbdefault\u00bb global_colors_info=\u00bb{}\u00bb][et_pb_text _builder_version=\u00bb4.27.4&#8243; text_font=\u00bb||||||||\u00bb header_font=\u00bb||||||||\u00bb header_text_align=\u00bbcenter\u00bb header_2_font=\u00bb|300||on|||||\u00bb header_2_text_align=\u00bbright\u00bb header_2_font_size=\u00bb29px\u00bb custom_margin=\u00bb||0px||false|false\u00bb custom_padding=\u00bb|15%|0px||false|false\u00bb hover_enabled=\u00bb0&#8243; header_2_text_align_tablet=\u00bb\u00bb header_2_text_align_phone=\u00bbleft\u00bb header_2_text_align_last_edited=\u00bbon|phone\u00bb header_2_font_size_tablet=\u00bb51px\u00bb header_2_font_size_phone=\u00bb25px\u00bb header_2_font_size_last_edited=\u00bbon|phone\u00bb border_width_right=\u00bb2px\u00bb border_color_right=\u00bb#cccccc\u00bb border_width_right_tablet=\u00bb\u00bb border_width_right_phone=\u00bb0px\u00bb border_width_right_last_edited=\u00bbon|phone\u00bb locked=\u00bboff\u00bb global_colors_info=\u00bb{}\u00bb sticky_enabled=\u00bb0&#8243;]<\/p>\n<h2>Beneficios del entrenador personal en Zarautz<\/h2>\n<p>[\/et_pb_text][\/et_pb_column][et_pb_column type=\u00bb2_3&#8243; _builder_version=\u00bb4.16&#8243; _module_preset=\u00bbdefault\u00bb global_colors_info=\u00bb{}\u00bb][et_pb_text _builder_version=\u00bb4.27.4&#8243; text_font=\u00bb|300|||||||\u00bb text_text_color=\u00bb#cccccc\u00bb text_line_height=\u00bb1.1em\u00bb header_font=\u00bb|300|||||||\u00bb header_2_font=\u00bb|300||on|||||\u00bb header_2_text_color=\u00bb#cccccc\u00bb header_2_font_size=\u00bb36px\u00bb header_2_letter_spacing=\u00bb2px\u00bb background_layout=\u00bbdark\u00bb global_colors_info=\u00bb{}\u00bb]<\/p>\n<p><span style=\"font-weight: 400;\">Contar con un entrenador personal te ofrece ventajas clave:<\/span><\/p>\n<ul>\n<li style=\"font-weight: 400;\" aria-level=\"1\"><span style=\"font-weight: 400;\">Atenci\u00f3n individualizada: Correcci\u00f3n de t\u00e9cnica, prevenci\u00f3n de lesiones y seguimiento continuo.<\/span><\/li>\n<li style=\"font-weight: 400;\" aria-level=\"1\"><span style=\"font-weight: 400;\">Motivaci\u00f3n constante: Un impulso extra para <\/span><b>superar desaf\u00edos y mantenerte enfocado<\/b><span style=\"font-weight: 400;\">.<\/span><\/li>\n<li style=\"font-weight: 400;\" aria-level=\"1\"><span style=\"font-weight: 400;\">Variedad y dinamismo: Rutinas adaptadas a tu evoluci\u00f3n para evitar la monoton\u00eda.<\/span><\/li>\n<li style=\"font-weight: 400;\" aria-level=\"1\"><span style=\"font-weight: 400;\">Asesoramiento en h\u00e1bitos saludables: Consejos sobre alimentaci\u00f3n y estilo de vida para <\/span><b>potenciar tus resultados<\/b><span style=\"font-weight: 400;\">.<\/span><\/li>\n<\/ul>\n<p>[\/et_pb_text][\/et_pb_column][\/et_pb_row][\/et_pb_section][et_pb_section fb_built=\u00bb1&#8243; custom_padding_last_edited=\u00bbon|phone\u00bb _builder_version=\u00bb4.16&#8243; _module_preset=\u00bbdefault\u00bb background_color=\u00bb#262626&#8243; custom_padding=\u00bb0px||50px||false|false\u00bb custom_padding_tablet=\u00bb\u00bb custom_padding_phone=\u00bb||30px||false|false\u00bb global_colors_info=\u00bb{}\u00bb][et_pb_row column_structure=\u00bb1_3,2_3&#8243; custom_padding_last_edited=\u00bbon|phone\u00bb _builder_version=\u00bb4.16&#8243; _module_preset=\u00bbdefault\u00bb custom_padding_tablet=\u00bb\u00bb custom_padding_phone=\u00bb0px||0px||false|false\u00bb global_colors_info=\u00bb{}\u00bb][et_pb_column type=\u00bb1_3&#8243; _builder_version=\u00bb4.16&#8243; _module_preset=\u00bbdefault\u00bb global_colors_info=\u00bb{}\u00bb][et_pb_text _builder_version=\u00bb4.27.4&#8243; text_font=\u00bb||||||||\u00bb header_font=\u00bb||||||||\u00bb header_text_align=\u00bbcenter\u00bb header_2_font=\u00bb|300||on|||||\u00bb header_2_text_align=\u00bbright\u00bb header_2_font_size=\u00bb29px\u00bb custom_margin=\u00bb||0px||false|false\u00bb custom_padding=\u00bb|15%|0px||false|false\u00bb hover_enabled=\u00bb0&#8243; header_2_text_align_tablet=\u00bb\u00bb header_2_text_align_phone=\u00bbleft\u00bb header_2_text_align_last_edited=\u00bbon|phone\u00bb header_2_font_size_tablet=\u00bb51px\u00bb header_2_font_size_phone=\u00bb25px\u00bb header_2_font_size_last_edited=\u00bbon|phone\u00bb border_width_right=\u00bb2px\u00bb border_color_right=\u00bb#cccccc\u00bb border_width_right_tablet=\u00bb\u00bb border_width_right_phone=\u00bb0px\u00bb border_width_right_last_edited=\u00bbon|phone\u00bb locked=\u00bboff\u00bb global_colors_info=\u00bb{}\u00bb sticky_enabled=\u00bb0&#8243;]<\/p>\n<h2>Por qu\u00e9 entrenador personal en Sparta Sport Center Zarautz<\/h2>\n<p>[\/et_pb_text][\/et_pb_column][et_pb_column type=\u00bb2_3&#8243; _builder_version=\u00bb4.16&#8243; _module_preset=\u00bbdefault\u00bb global_colors_info=\u00bb{}\u00bb][et_pb_text _builder_version=\u00bb4.27.4&#8243; text_font=\u00bb|300|||||||\u00bb text_text_color=\u00bb#cccccc\u00bb text_line_height=\u00bb1.1em\u00bb header_font=\u00bb|300|||||||\u00bb header_2_font=\u00bb|300||on|||||\u00bb header_2_text_color=\u00bb#cccccc\u00bb header_2_font_size=\u00bb36px\u00bb header_2_letter_spacing=\u00bb2px\u00bb background_layout=\u00bbdark\u00bb global_colors_info=\u00bb{}\u00bb]<\/p>\n<p><span style=\"font-weight: 400;\">En Sparta Sport Center, contamos con un entrenador personal en Zarautz con amplia experiencia en fitness, nutrici\u00f3n y prevenci\u00f3n de lesiones. Su compromiso, conocimientos y pasi\u00f3n por el bienestar lo convierten en el aliado ideal para ayudarte a alcanzar tus metas.<\/span><\/p>\n<p><span style=\"font-weight: 400;\">Si est\u00e1s listo para dar el paso y transformar tu cuerpo, <\/span><b>ahora es el momento<\/b><span style=\"font-weight: 400;\">. Con la orientaci\u00f3n, el apoyo y la motivaci\u00f3n adecuada, puedes sentirte m\u00e1s fuerte, saludable y lleno de energ\u00eda.<\/span><\/p>\n<p><span style=\"font-weight: 400;\">Empieza hoy tu cambio en Sparta Sport Center. Nosotros creemos en ti, \u00bfte animas a dar el primer paso?<\/span><\/p>\n<p>[\/et_pb_text][\/et_pb_column][\/et_pb_row][\/et_pb_section]<\/p>\n","protected":false},"excerpt":{"rendered":"<p>Alcanza tus objetivosSi buscas mejorar tu condici\u00f3n f\u00edsica y alcanzar tus metas, en Sparta Sport Center ponemos a tu disposici\u00f3n a uno de los mejores entrenadores personales en Zarautz. Con su gu\u00eda, puedes transformar tu bienestar y conseguir resultados reales de manera segura y efectiva. Nuestro entrenador personal es tu mentor y compa\u00f1ero en este [&hellip;]<\/p>\n","protected":false},"author":1,"featured_media":220307,"parent":0,"menu_order":0,"comment_status":"closed","ping_status":"closed","template":"","meta":{"_et_pb_use_builder":"on","_et_pb_old_content":"","_et_gb_content_width":"","footnotes":""},"class_list":["post-206533","page","type-page","status-publish","has-post-thumbnail","hentry"],"yoast_head":"<!-- This site is optimized with the Yoast SEO plugin v27.4 - https:\/\/yoast.com\/product\/yoast-seo-wordpress\/ -->\n<title>Entrenador personal en Zarautz | Sparta Sport Center<\/title>\n<meta name=\"description\" content=\"\u00bfEst\u00e1s buscando un gimnasio con entrenador personal en Zarautz? En Sparta Sport Center podemos ayudarte. \u00a1Ap\u00fantate ya y disfruta de 1 d\u00eda gratis!\" \/>\n<meta name=\"robots\" content=\"index, follow, max-snippet:-1, max-image-preview:large, max-video-preview:-1\" \/>\n<link rel=\"canonical\" href=\"https:\/\/spartasportcenter.com\/zarautz\/entrenador-personal\/\" \/>\n<meta property=\"og:locale\" content=\"es_ES\" \/>\n<meta property=\"og:type\" content=\"article\" \/>\n<meta property=\"og:title\" content=\"Entrenador personal en Zarautz | Sparta Sport Center\" \/>\n<meta property=\"og:description\" content=\"\u00bfEst\u00e1s buscando un gimnasio con entrenador personal en Zarautz? En Sparta Sport Center podemos ayudarte. \u00a1Ap\u00fantate ya y disfruta de 1 d\u00eda gratis!\" \/>\n<meta property=\"og:url\" content=\"https:\/\/spartasportcenter.com\/zarautz\/entrenador-personal\/\" \/>\n<meta property=\"og:site_name\" content=\"Sparta Sport Center Zarautz\" \/>\n<meta property=\"article:modified_time\" content=\"2025-09-22T09:20:02+00:00\" \/>\n<meta property=\"og:image\" content=\"https:\/\/spartasportcenter.com\/zarautz\/wp-content\/uploads\/2024\/03\/entrenador-personal-cabecera.jpg\" \/>\n\t<meta property=\"og:image:width\" content=\"2000\" \/>\n\t<meta property=\"og:image:height\" content=\"1333\" \/>\n\t<meta property=\"og:image:type\" content=\"image\/jpeg\" \/>\n<meta name=\"twitter:card\" content=\"summary_large_image\" \/>\n<meta name=\"twitter:label1\" content=\"Tiempo de lectura\" \/>\n\t<meta name=\"twitter:data1\" content=\"4 minutos\" \/>\n<script type=\"application\/ld+json\" class=\"yoast-schema-graph\">{\"@context\":\"https:\\\/\\\/schema.org\",\"@graph\":[{\"@type\":\"WebPage\",\"@id\":\"https:\\\/\\\/spartasportcenter.com\\\/zarautz\\\/entrenador-personal\\\/\",\"url\":\"https:\\\/\\\/spartasportcenter.com\\\/zarautz\\\/entrenador-personal\\\/\",\"name\":\"Entrenador personal en Zarautz | Sparta Sport Center\",\"isPartOf\":{\"@id\":\"https:\\\/\\\/spartasportcenter.com\\\/zarautz\\\/#website\"},\"primaryImageOfPage\":{\"@id\":\"https:\\\/\\\/spartasportcenter.com\\\/zarautz\\\/entrenador-personal\\\/#primaryimage\"},\"image\":{\"@id\":\"https:\\\/\\\/spartasportcenter.com\\\/zarautz\\\/entrenador-personal\\\/#primaryimage\"},\"thumbnailUrl\":\"https:\\\/\\\/spartasportcenter.com\\\/zarautz\\\/wp-content\\\/uploads\\\/2024\\\/03\\\/entrenador-personal-cabecera.jpg\",\"datePublished\":\"2018-08-20T15:24:35+00:00\",\"dateModified\":\"2025-09-22T09:20:02+00:00\",\"description\":\"\u00bfEst\u00e1s buscando un gimnasio con entrenador personal en Zarautz? En Sparta Sport Center podemos ayudarte. \u00a1Ap\u00fantate ya y disfruta de 1 d\u00eda gratis!\",\"breadcrumb\":{\"@id\":\"https:\\\/\\\/spartasportcenter.com\\\/zarautz\\\/entrenador-personal\\\/#breadcrumb\"},\"inLanguage\":\"es\",\"potentialAction\":[{\"@type\":\"ReadAction\",\"target\":[\"https:\\\/\\\/spartasportcenter.com\\\/zarautz\\\/entrenador-personal\\\/\"]}]},{\"@type\":\"ImageObject\",\"inLanguage\":\"es\",\"@id\":\"https:\\\/\\\/spartasportcenter.com\\\/zarautz\\\/entrenador-personal\\\/#primaryimage\",\"url\":\"https:\\\/\\\/spartasportcenter.com\\\/zarautz\\\/wp-content\\\/uploads\\\/2024\\\/03\\\/entrenador-personal-cabecera.jpg\",\"contentUrl\":\"https:\\\/\\\/spartasportcenter.com\\\/zarautz\\\/wp-content\\\/uploads\\\/2024\\\/03\\\/entrenador-personal-cabecera.jpg\",\"width\":2000,\"height\":1333},{\"@type\":\"BreadcrumbList\",\"@id\":\"https:\\\/\\\/spartasportcenter.com\\\/zarautz\\\/entrenador-personal\\\/#breadcrumb\",\"itemListElement\":[{\"@type\":\"ListItem\",\"position\":1,\"name\":\"Portada\",\"item\":\"https:\\\/\\\/spartasportcenter.com\\\/zarautz\\\/\"},{\"@type\":\"ListItem\",\"position\":2,\"name\":\"Entrenador Personal Zarautz\"}]},{\"@type\":\"WebSite\",\"@id\":\"https:\\\/\\\/spartasportcenter.com\\\/zarautz\\\/#website\",\"url\":\"https:\\\/\\\/spartasportcenter.com\\\/zarautz\\\/\",\"name\":\"Sparta Sport Center Zarautz\",\"description\":\"Gimnasios en Zarautz\",\"potentialAction\":[{\"@type\":\"SearchAction\",\"target\":{\"@type\":\"EntryPoint\",\"urlTemplate\":\"https:\\\/\\\/spartasportcenter.com\\\/zarautz\\\/?s={search_term_string}\"},\"query-input\":{\"@type\":\"PropertyValueSpecification\",\"valueRequired\":true,\"valueName\":\"search_term_string\"}}],\"inLanguage\":\"es\"}]}<\/script>\n<!-- \/ Yoast SEO plugin. -->","yoast_head_json":{"title":"Entrenador personal en Zarautz | Sparta Sport Center","description":"\u00bfEst\u00e1s buscando un gimnasio con entrenador personal en Zarautz? En Sparta Sport Center podemos ayudarte. \u00a1Ap\u00fantate ya y disfruta de 1 d\u00eda gratis!","robots":{"index":"index","follow":"follow","max-snippet":"max-snippet:-1","max-image-preview":"max-image-preview:large","max-video-preview":"max-video-preview:-1"},"canonical":"https:\/\/spartasportcenter.com\/zarautz\/entrenador-personal\/","og_locale":"es_ES","og_type":"article","og_title":"Entrenador personal en Zarautz | Sparta Sport Center","og_description":"\u00bfEst\u00e1s buscando un gimnasio con entrenador personal en Zarautz? En Sparta Sport Center podemos ayudarte. \u00a1Ap\u00fantate ya y disfruta de 1 d\u00eda gratis!","og_url":"https:\/\/spartasportcenter.com\/zarautz\/entrenador-personal\/","og_site_name":"Sparta Sport Center Zarautz","article_modified_time":"2025-09-22T09:20:02+00:00","og_image":[{"width":2000,"height":1333,"url":"https:\/\/spartasportcenter.com\/zarautz\/wp-content\/uploads\/2024\/03\/entrenador-personal-cabecera.jpg","type":"image\/jpeg"}],"twitter_card":"summary_large_image","twitter_misc":{"Tiempo de lectura":"4 minutos"},"schema":{"@context":"https:\/\/schema.org","@graph":[{"@type":"WebPage","@id":"https:\/\/spartasportcenter.com\/zarautz\/entrenador-personal\/","url":"https:\/\/spartasportcenter.com\/zarautz\/entrenador-personal\/","name":"Entrenador personal en Zarautz | Sparta Sport Center","isPartOf":{"@id":"https:\/\/spartasportcenter.com\/zarautz\/#website"},"primaryImageOfPage":{"@id":"https:\/\/spartasportcenter.com\/zarautz\/entrenador-personal\/#primaryimage"},"image":{"@id":"https:\/\/spartasportcenter.com\/zarautz\/entrenador-personal\/#primaryimage"},"thumbnailUrl":"https:\/\/spartasportcenter.com\/zarautz\/wp-content\/uploads\/2024\/03\/entrenador-personal-cabecera.jpg","datePublished":"2018-08-20T15:24:35+00:00","dateModified":"2025-09-22T09:20:02+00:00","description":"\u00bfEst\u00e1s buscando un gimnasio con entrenador personal en Zarautz? En Sparta Sport Center podemos ayudarte. \u00a1Ap\u00fantate ya y disfruta de 1 d\u00eda gratis!","breadcrumb":{"@id":"https:\/\/spartasportcenter.com\/zarautz\/entrenador-personal\/#breadcrumb"},"inLanguage":"es","potentialAction":[{"@type":"ReadAction","target":["https:\/\/spartasportcenter.com\/zarautz\/entrenador-personal\/"]}]},{"@type":"ImageObject","inLanguage":"es","@id":"https:\/\/spartasportcenter.com\/zarautz\/entrenador-personal\/#primaryimage","url":"https:\/\/spartasportcenter.com\/zarautz\/wp-content\/uploads\/2024\/03\/entrenador-personal-cabecera.jpg","contentUrl":"https:\/\/spartasportcenter.com\/zarautz\/wp-content\/uploads\/2024\/03\/entrenador-personal-cabecera.jpg","width":2000,"height":1333},{"@type":"BreadcrumbList","@id":"https:\/\/spartasportcenter.com\/zarautz\/entrenador-personal\/#breadcrumb","itemListElement":[{"@type":"ListItem","position":1,"name":"Portada","item":"https:\/\/spartasportcenter.com\/zarautz\/"},{"@type":"ListItem","position":2,"name":"Entrenador Personal Zarautz"}]},{"@type":"WebSite","@id":"https:\/\/spartasportcenter.com\/zarautz\/#website","url":"https:\/\/spartasportcenter.com\/zarautz\/","name":"Sparta Sport Center Zarautz","description":"Gimnasios en Zarautz","potentialAction":[{"@type":"SearchAction","target":{"@type":"EntryPoint","urlTemplate":"https:\/\/spartasportcenter.com\/zarautz\/?s={search_term_string}"},"query-input":{"@type":"PropertyValueSpecification","valueRequired":true,"valueName":"search_term_string"}}],"inLanguage":"es"}]}},"_links":{"self":[{"href":"https:\/\/spartasportcenter.com\/zarautz\/wp-json\/wp\/v2\/pages\/206533","targetHints":{"allow":["GET"]}}],"collection":[{"href":"https:\/\/spartasportcenter.com\/zarautz\/wp-json\/wp\/v2\/pages"}],"about":[{"href":"https:\/\/spartasportcenter.com\/zarautz\/wp-json\/wp\/v2\/types\/page"}],"author":[{"embeddable":true,"href":"https:\/\/spartasportcenter.com\/zarautz\/wp-json\/wp\/v2\/users\/1"}],"replies":[{"embeddable":true,"href":"https:\/\/spartasportcenter.com\/zarautz\/wp-json\/wp\/v2\/comments?post=206533"}],"version-history":[{"count":58,"href":"https:\/\/spartasportcenter.com\/zarautz\/wp-json\/wp\/v2\/pages\/206533\/revisions"}],"predecessor-version":[{"id":222128,"href":"https:\/\/spartasportcenter.com\/zarautz\/wp-json\/wp\/v2\/pages\/206533\/revisions\/222128"}],"wp:featuredmedia":[{"embeddable":true,"href":"https:\/\/spartasportcenter.com\/zarautz\/wp-json\/wp\/v2\/media\/220307"}],"wp:attachment":[{"href":"https:\/\/spartasportcenter.com\/zarautz\/wp-json\/wp\/v2\/media?parent=206533"}],"curies":[{"name":"wp","href":"https:\/\/api.w.org\/{rel}","templated":true}]}}