{"id":216017,"date":"2021-07-22T13:42:08","date_gmt":"2021-07-22T11:42:08","guid":{"rendered":"https:\/\/spartasportcenter.com\/zamora\/?page_id=216017"},"modified":"2026-02-18T17:14:03","modified_gmt":"2026-02-18T16:14:03","slug":"combat-zamora","status":"publish","type":"page","link":"https:\/\/spartasportcenter.com\/zamora\/combat-zamora\/","title":{"rendered":"Body Combat Zamora"},"content":{"rendered":"<p>[et_pb_section fb_built=\u00bb1&#8243; custom_padding_last_edited=\u00bbon|phone\u00bb disabled_on=\u00bboff|off|off\u00bb _builder_version=\u00bb4.27.5&#8243; background_color=\u00bb#000000&#8243; background_enable_image=\u00bboff\u00bb custom_margin=\u00bb||||false|false\u00bb custom_padding=\u00bb80px|0px|0px|0px|false|false\u00bb custom_padding_tablet=\u00bb\u00bb custom_padding_phone=\u00bb30px||50px||false|false\u00bb hover_enabled=\u00bb0&#8243; global_colors_info=\u00bb{}\u00bb sticky_enabled=\u00bb0&#8243;][et_pb_row column_structure=\u00bb1_3,2_3&#8243; custom_padding_last_edited=\u00bbon|desktop\u00bb _builder_version=\u00bb4.16&#8243; _module_preset=\u00bbdefault\u00bb custom_padding=\u00bb0px||||false|false\u00bb custom_padding_tablet=\u00bb\u00bb custom_padding_phone=\u00bb0px||||false|false\u00bb global_colors_info=\u00bb{}\u00bb][et_pb_column type=\u00bb1_3&#8243; _builder_version=\u00bb4.16&#8243; _module_preset=\u00bbdefault\u00bb global_colors_info=\u00bb{}\u00bb][et_pb_text _builder_version=\u00bb4.16&#8243; text_font=\u00bb||||||||\u00bb header_font=\u00bb||||||||\u00bb header_text_align=\u00bbcenter\u00bb header_2_font=\u00bb|300||on|||||\u00bb header_2_text_align=\u00bbright\u00bb header_2_font_size=\u00bb29px\u00bb custom_margin=\u00bb||0px||false|false\u00bb custom_padding=\u00bb|15%|0px||false|false\u00bb header_2_text_align_tablet=\u00bb\u00bb header_2_text_align_phone=\u00bbleft\u00bb header_2_text_align_last_edited=\u00bbon|phone\u00bb header_2_font_size_tablet=\u00bb51px\u00bb header_2_font_size_phone=\u00bb25px\u00bb header_2_font_size_last_edited=\u00bbon|phone\u00bb border_width_right=\u00bb2px\u00bb border_color_right=\u00bb#cccccc\u00bb border_width_right_tablet=\u00bb\u00bb border_width_right_phone=\u00bb0px\u00bb border_width_right_last_edited=\u00bbon|phone\u00bb locked=\u00bboff\u00bb global_colors_info=\u00bb{}\u00bb]<\/p>\n<h2>clases de Body Combat en Zamora<\/h2>\n<p>[\/et_pb_text][\/et_pb_column][et_pb_column type=\u00bb2_3&#8243; _builder_version=\u00bb4.16&#8243; _module_preset=\u00bbdefault\u00bb global_colors_info=\u00bb{}\u00bb][et_pb_text _builder_version=\u00bb4.16&#8243; text_font=\u00bb|300|||||||\u00bb text_text_color=\u00bb#cccccc\u00bb text_line_height=\u00bb1.1em\u00bb header_font=\u00bb|300|||||||\u00bb header_2_font=\u00bb|300||on|||||\u00bb header_2_text_color=\u00bb#cccccc\u00bb header_2_font_size=\u00bb36px\u00bb header_2_letter_spacing=\u00bb2px\u00bb background_layout=\u00bbdark\u00bb global_colors_info=\u00bb{}\u00bb]Nuestras clases de <b>Body Combat en Zamora,<\/b> son ideales para ti, si est\u00e1s buscando un entrenamiento divertido que te ayude a trabajar todo el cuerpo. Esta actividad aer\u00f3bica consiste en una combinaci\u00f3n de deportes como el Boxeo y el Taekwondo, acompa\u00f1ados de movimientos coreografiados que potenciar\u00e1n tu <b>condici\u00f3n f\u00edsica<\/b>, sin importar la edad que tengas.\u00a0\u00a0\u00a0<\/p>\n<p>La mezcla de estas artes marciales, se enfocan en <b>darle forma a tu cuerpo<\/b> y mente, a trav\u00e9s de diferentes pasos. Gracias a la intensidad de las sesiones podr\u00e1s perder un alto \u00edndice de grasa corporal, por lo que es recomendable para todas aquellas personas que quieran adelgazar.<\/p>\n<p>Esta disciplina no requiere contacto f\u00edsico, pero tendr\u00e1s que lanzar muchos golpes y patadas al aire libre. En nuestro<b> gimnasio en Zamora<\/b>, el programa de Body Combat es impartido por un equipo experto en Fitness, quienes te ayudar\u00e1n a evitar posibles lesiones y a conseguir los mejores resultados en poco tiempo.\u00a0[\/et_pb_text][\/et_pb_column][\/et_pb_row][et_pb_row column_structure=\u00bb1_3,2_3&#8243; custom_padding_last_edited=\u00bbon|phone\u00bb _builder_version=\u00bb4.16&#8243; _module_preset=\u00bbdefault\u00bb custom_margin=\u00bb||0px||false|false\u00bb custom_padding=\u00bb||||false|false\u00bb custom_padding_tablet=\u00bb\u00bb custom_padding_phone=\u00bb0px||0px||false|false\u00bb global_colors_info=\u00bb{}\u00bb][et_pb_column type=\u00bb1_3&#8243; _builder_version=\u00bb4.16&#8243; _module_preset=\u00bbdefault\u00bb global_colors_info=\u00bb{}\u00bb][et_pb_text _builder_version=\u00bb4.16&#8243; text_font=\u00bb||||||||\u00bb header_font=\u00bb||||||||\u00bb header_text_align=\u00bbcenter\u00bb header_2_font=\u00bb|300||on|||||\u00bb header_2_text_align=\u00bbright\u00bb header_2_font_size=\u00bb29px\u00bb custom_margin=\u00bb||0px||false|false\u00bb custom_padding=\u00bb|15%|0px||false|false\u00bb header_2_text_align_tablet=\u00bb\u00bb header_2_text_align_phone=\u00bbleft\u00bb header_2_text_align_last_edited=\u00bbon|phone\u00bb header_2_font_size_tablet=\u00bb51px\u00bb header_2_font_size_phone=\u00bb25px\u00bb header_2_font_size_last_edited=\u00bbon|phone\u00bb border_width_right=\u00bb2px\u00bb border_color_right=\u00bb#cccccc\u00bb border_width_right_tablet=\u00bb\u00bb border_width_right_phone=\u00bb0px\u00bb border_width_right_last_edited=\u00bbon|phone\u00bb locked=\u00bboff\u00bb global_colors_info=\u00bb{}\u00bb]<\/p>\n<h2>Beneficios del Body Combat en Zamora<\/h2>\n<p>[\/et_pb_text][\/et_pb_column][et_pb_column type=\u00bb2_3&#8243; _builder_version=\u00bb4.16&#8243; _module_preset=\u00bbdefault\u00bb global_colors_info=\u00bb{}\u00bb][et_pb_text _builder_version=\u00bb4.16&#8243; text_font=\u00bb|300|||||||\u00bb text_text_color=\u00bb#cccccc\u00bb text_line_height=\u00bb1.1em\u00bb header_font=\u00bb|300|||||||\u00bb header_2_font=\u00bb|300||on|||||\u00bb header_2_text_color=\u00bb#cccccc\u00bb header_2_font_size=\u00bb36px\u00bb header_2_letter_spacing=\u00bb2px\u00bb background_layout=\u00bbdark\u00bb global_colors_info=\u00bb{}\u00bb]El Body Combat es un deporte aer\u00f3bico completo, por lo que al practicar esta actividad tu cuerpo se ver\u00e1 muy bien beneficiado. En cada sesi\u00f3n obtendr\u00e1s una mayor resistencia y quemar\u00e1s muchas calor\u00edas que te har\u00e1n <b>bajar de peso<\/b>. Adem\u00e1s, ganar\u00e1s flexibilidad, coordinaci\u00f3n y resistencia, al mismo tiempo que fortaleces y moldeas los m\u00fasculos de tus brazos, hombros, piernas y espalda.\u00a0<\/p>\n<p>Con estos ejercicios es posible ponerse en forma y conseguir la figura con la que siempre has so\u00f1ado, reduciendo el riesgo de enfermedades cardiovasculares y optimizando el funcionamiento de los pulmones y el coraz\u00f3n. Es perfecto si deseas liberar estr\u00e9s, debido al intenso trabajo que realizar\u00e1s junto a nuestro <b>equipo especializado<\/b>, quienes te pondr\u00e1n al l\u00edmite con los distintos movimientos que te ofrece el Body Combat en Zamora.\u00a0<\/p>\n<p>Las clases son planificadas y organizadas por nuestros instructores, es decir, se enfocar\u00e1n en acondicionar tu cuerpo, mientras te diviertes y ni siquiera notar\u00e1s que est\u00e1s entrenando. Esta actividad no necesita de mucho tiempo de recuperaci\u00f3n, lo que hace que sea el deporte id\u00f3neo para mejorar la <b>resistencia cardiovascular<\/b>.[\/et_pb_text][\/et_pb_column][\/et_pb_row][\/et_pb_section][et_pb_section fb_built=\u00bb1&#8243; custom_padding_last_edited=\u00bbon|phone\u00bb _builder_version=\u00bb4.27.5&#8243; _module_preset=\u00bbdefault\u00bb background_color=\u00bb#000000&#8243; custom_padding=\u00bb0px||50px||false|false\u00bb custom_padding_tablet=\u00bb\u00bb custom_padding_phone=\u00bb||30px||false|false\u00bb hover_enabled=\u00bb0&#8243; global_colors_info=\u00bb{}\u00bb sticky_enabled=\u00bb0&#8243;][et_pb_row column_structure=\u00bb1_3,2_3&#8243; custom_padding_last_edited=\u00bbon|phone\u00bb _builder_version=\u00bb4.16&#8243; _module_preset=\u00bbdefault\u00bb custom_padding_tablet=\u00bb\u00bb custom_padding_phone=\u00bb0px||0px||false|false\u00bb global_colors_info=\u00bb{}\u00bb][et_pb_column type=\u00bb1_3&#8243; _builder_version=\u00bb4.16&#8243; _module_preset=\u00bbdefault\u00bb global_colors_info=\u00bb{}\u00bb][et_pb_text _builder_version=\u00bb4.16&#8243; text_font=\u00bb||||||||\u00bb header_font=\u00bb||||||||\u00bb header_text_align=\u00bbcenter\u00bb header_2_font=\u00bb|300||on|||||\u00bb header_2_text_align=\u00bbright\u00bb header_2_font_size=\u00bb29px\u00bb custom_margin=\u00bb||0px||false|false\u00bb custom_padding=\u00bb|15%|0px||false|false\u00bb header_2_text_align_tablet=\u00bb\u00bb header_2_text_align_phone=\u00bbleft\u00bb header_2_text_align_last_edited=\u00bbon|phone\u00bb header_2_font_size_tablet=\u00bb51px\u00bb header_2_font_size_phone=\u00bb25px\u00bb header_2_font_size_last_edited=\u00bbon|phone\u00bb border_width_right=\u00bb2px\u00bb border_color_right=\u00bb#cccccc\u00bb border_width_right_tablet=\u00bb\u00bb border_width_right_phone=\u00bb0px\u00bb border_width_right_last_edited=\u00bbon|phone\u00bb locked=\u00bboff\u00bb global_colors_info=\u00bb{}\u00bb]<\/p>\n<h2>Por qu\u00e9 Body Combat en Sparta Sport Center Zamora<\/h2>\n<p>[\/et_pb_text][\/et_pb_column][et_pb_column type=\u00bb2_3&#8243; _builder_version=\u00bb4.16&#8243; _module_preset=\u00bbdefault\u00bb global_colors_info=\u00bb{}\u00bb][et_pb_text _builder_version=\u00bb4.16&#8243; text_font=\u00bb|300|||||||\u00bb text_text_color=\u00bb#cccccc\u00bb text_line_height=\u00bb1.1em\u00bb header_font=\u00bb|300|||||||\u00bb header_2_font=\u00bb|300||on|||||\u00bb header_2_text_color=\u00bb#cccccc\u00bb header_2_font_size=\u00bb36px\u00bb header_2_letter_spacing=\u00bb2px\u00bb background_layout=\u00bbdark\u00bb global_colors_info=\u00bb{}\u00bb]Las clases de Body Combat en Sparta Sport Center Zamora, revolucionar\u00e1n por completo tu forma de entrenar, ya que nos enfocaremos en tus capacidades y limitaciones. Tambi\u00e9n, guardamos registros de todos tus avances que podr\u00e1s chequear en nuestra aplicaci\u00f3n m\u00f3vil o contactando a nuestros instructores.<\/p>\n<p>Entrena tu cuerpo con las mejores infraestructuras, herramientas y materiales posibles, mientras te ense\u00f1amos a alcanzar tus objetivos. En <b>Sparta Sport Center Zamora,<\/b> disponemos de excelentes rutinas de ejercicios, un espacio c\u00f3modo y confortable para que perfecciones tu acondicionamiento f\u00edsico.<\/p>\n<p>Adicionalmente, podr\u00e1s encontrar un equipo de <b>nutricionistas profesionales<\/b> que te asesorar\u00e1n y ayudar\u00e1n a elegir un plan de alimentaci\u00f3n acorde a lo que necesitas. An\u00edmate y atr\u00e9vete a ser mejor y prueba el Body Combat en Sparta Sport Center Zamora. Comprueba en poco tiempo los beneficios que este entrenamiento tiene para ti. \u00a1Te esperamos en nuestras clases![\/et_pb_text][\/et_pb_column][\/et_pb_row][\/et_pb_section]<\/p>\n","protected":false},"excerpt":{"rendered":"<p>clases de Body Combat en ZamoraNuestras clases de Body Combat en Zamora, son ideales para ti, si est\u00e1s buscando un entrenamiento divertido que te ayude a trabajar todo el cuerpo. Esta actividad aer\u00f3bica consiste en una combinaci\u00f3n de deportes como el Boxeo y el Taekwondo, acompa\u00f1ados de movimientos coreografiados que potenciar\u00e1n tu condici\u00f3n f\u00edsica, sin [&hellip;]<\/p>\n","protected":false},"author":1,"featured_media":220070,"parent":0,"menu_order":0,"comment_status":"closed","ping_status":"closed","template":"","meta":{"_et_pb_use_builder":"on","_et_pb_old_content":"<!-- wp:divi\/placeholder \/-->","_et_gb_content_width":"","footnotes":""},"class_list":["post-216017","page","type-page","status-publish","has-post-thumbnail","hentry"],"yoast_head":"<!-- This site is optimized with the Yoast SEO plugin v27.4 - https:\/\/yoast.com\/product\/yoast-seo-wordpress\/ -->\n<title>Body Combat Zamora - 1 D\u00cdA GRATIS | Sparta Sport Center<\/title>\n<meta name=\"description\" content=\"Ap\u00fantate a nuestras CLASES DE BODY COMBAT en Zamora. Ideal para ganar resistencia, fuerza y elasticidad. Disfruta de nuestra primera clase gratuita\" \/>\n<meta name=\"robots\" content=\"index, follow, max-snippet:-1, max-image-preview:large, max-video-preview:-1\" \/>\n<link rel=\"canonical\" href=\"https:\/\/spartasportcenter.com\/zamora\/combat-zamora\/\" \/>\n<meta property=\"og:locale\" content=\"es_ES\" \/>\n<meta property=\"og:type\" content=\"article\" \/>\n<meta property=\"og:title\" content=\"Body Combat Zamora - 1 D\u00cdA GRATIS | Sparta Sport Center\" \/>\n<meta property=\"og:description\" content=\"Ap\u00fantate a nuestras CLASES DE BODY COMBAT en Zamora. Ideal para ganar resistencia, fuerza y elasticidad. Disfruta de nuestra primera clase gratuita\" \/>\n<meta property=\"og:url\" content=\"https:\/\/spartasportcenter.com\/zamora\/combat-zamora\/\" \/>\n<meta property=\"og:site_name\" content=\"Sparta Sport Center Zamora\" \/>\n<meta property=\"article:modified_time\" content=\"2026-02-18T16:14:03+00:00\" \/>\n<meta property=\"og:image\" content=\"https:\/\/spartasportcenter.com\/zamora\/wp-content\/uploads\/2024\/06\/body-combat-zamora.webp\" \/>\n\t<meta property=\"og:image:width\" content=\"2000\" \/>\n\t<meta property=\"og:image:height\" content=\"1333\" \/>\n\t<meta property=\"og:image:type\" content=\"image\/webp\" \/>\n<meta name=\"twitter:card\" content=\"summary_large_image\" \/>\n<meta name=\"twitter:label1\" content=\"Tiempo de lectura\" \/>\n\t<meta name=\"twitter:data1\" content=\"3 minutos\" \/>\n<script type=\"application\/ld+json\" class=\"yoast-schema-graph\">{\"@context\":\"https:\\\/\\\/schema.org\",\"@graph\":[{\"@type\":\"WebPage\",\"@id\":\"https:\\\/\\\/spartasportcenter.com\\\/zamora\\\/combat-zamora\\\/\",\"url\":\"https:\\\/\\\/spartasportcenter.com\\\/zamora\\\/combat-zamora\\\/\",\"name\":\"Body Combat Zamora - 1 D\u00cdA GRATIS | Sparta Sport Center\",\"isPartOf\":{\"@id\":\"https:\\\/\\\/spartasportcenter.com\\\/zamora\\\/#website\"},\"primaryImageOfPage\":{\"@id\":\"https:\\\/\\\/spartasportcenter.com\\\/zamora\\\/combat-zamora\\\/#primaryimage\"},\"image\":{\"@id\":\"https:\\\/\\\/spartasportcenter.com\\\/zamora\\\/combat-zamora\\\/#primaryimage\"},\"thumbnailUrl\":\"https:\\\/\\\/spartasportcenter.com\\\/zamora\\\/wp-content\\\/uploads\\\/2024\\\/06\\\/body-combat-zamora.webp\",\"datePublished\":\"2021-07-22T11:42:08+00:00\",\"dateModified\":\"2026-02-18T16:14:03+00:00\",\"description\":\"Ap\u00fantate a nuestras CLASES DE BODY COMBAT en Zamora. Ideal para ganar resistencia, fuerza y elasticidad. Disfruta de nuestra primera clase gratuita\",\"breadcrumb\":{\"@id\":\"https:\\\/\\\/spartasportcenter.com\\\/zamora\\\/combat-zamora\\\/#breadcrumb\"},\"inLanguage\":\"es\",\"potentialAction\":[{\"@type\":\"ReadAction\",\"target\":[\"https:\\\/\\\/spartasportcenter.com\\\/zamora\\\/combat-zamora\\\/\"]}]},{\"@type\":\"ImageObject\",\"inLanguage\":\"es\",\"@id\":\"https:\\\/\\\/spartasportcenter.com\\\/zamora\\\/combat-zamora\\\/#primaryimage\",\"url\":\"https:\\\/\\\/spartasportcenter.com\\\/zamora\\\/wp-content\\\/uploads\\\/2024\\\/06\\\/body-combat-zamora.webp\",\"contentUrl\":\"https:\\\/\\\/spartasportcenter.com\\\/zamora\\\/wp-content\\\/uploads\\\/2024\\\/06\\\/body-combat-zamora.webp\",\"width\":2000,\"height\":1333,\"caption\":\"body combat zamora\"},{\"@type\":\"BreadcrumbList\",\"@id\":\"https:\\\/\\\/spartasportcenter.com\\\/zamora\\\/combat-zamora\\\/#breadcrumb\",\"itemListElement\":[{\"@type\":\"ListItem\",\"position\":1,\"name\":\"Portada\",\"item\":\"https:\\\/\\\/spartasportcenter.com\\\/zamora\\\/\"},{\"@type\":\"ListItem\",\"position\":2,\"name\":\"Body Combat Zamora\"}]},{\"@type\":\"WebSite\",\"@id\":\"https:\\\/\\\/spartasportcenter.com\\\/zamora\\\/#website\",\"url\":\"https:\\\/\\\/spartasportcenter.com\\\/zamora\\\/\",\"name\":\"Sparta Sport Center Zamora\",\"description\":\"Gimnasios en Zamora\",\"potentialAction\":[{\"@type\":\"SearchAction\",\"target\":{\"@type\":\"EntryPoint\",\"urlTemplate\":\"https:\\\/\\\/spartasportcenter.com\\\/zamora\\\/?s={search_term_string}\"},\"query-input\":{\"@type\":\"PropertyValueSpecification\",\"valueRequired\":true,\"valueName\":\"search_term_string\"}}],\"inLanguage\":\"es\"}]}<\/script>\n<!-- \/ Yoast SEO plugin. -->","yoast_head_json":{"title":"Body Combat Zamora - 1 D\u00cdA GRATIS | Sparta Sport Center","description":"Ap\u00fantate a nuestras CLASES DE BODY COMBAT en Zamora. Ideal para ganar resistencia, fuerza y elasticidad. Disfruta de nuestra primera clase gratuita","robots":{"index":"index","follow":"follow","max-snippet":"max-snippet:-1","max-image-preview":"max-image-preview:large","max-video-preview":"max-video-preview:-1"},"canonical":"https:\/\/spartasportcenter.com\/zamora\/combat-zamora\/","og_locale":"es_ES","og_type":"article","og_title":"Body Combat Zamora - 1 D\u00cdA GRATIS | Sparta Sport Center","og_description":"Ap\u00fantate a nuestras CLASES DE BODY COMBAT en Zamora. Ideal para ganar resistencia, fuerza y elasticidad. Disfruta de nuestra primera clase gratuita","og_url":"https:\/\/spartasportcenter.com\/zamora\/combat-zamora\/","og_site_name":"Sparta Sport Center Zamora","article_modified_time":"2026-02-18T16:14:03+00:00","og_image":[{"width":2000,"height":1333,"url":"https:\/\/spartasportcenter.com\/zamora\/wp-content\/uploads\/2024\/06\/body-combat-zamora.webp","type":"image\/webp"}],"twitter_card":"summary_large_image","twitter_misc":{"Tiempo de lectura":"3 minutos"},"schema":{"@context":"https:\/\/schema.org","@graph":[{"@type":"WebPage","@id":"https:\/\/spartasportcenter.com\/zamora\/combat-zamora\/","url":"https:\/\/spartasportcenter.com\/zamora\/combat-zamora\/","name":"Body Combat Zamora - 1 D\u00cdA GRATIS | Sparta Sport Center","isPartOf":{"@id":"https:\/\/spartasportcenter.com\/zamora\/#website"},"primaryImageOfPage":{"@id":"https:\/\/spartasportcenter.com\/zamora\/combat-zamora\/#primaryimage"},"image":{"@id":"https:\/\/spartasportcenter.com\/zamora\/combat-zamora\/#primaryimage"},"thumbnailUrl":"https:\/\/spartasportcenter.com\/zamora\/wp-content\/uploads\/2024\/06\/body-combat-zamora.webp","datePublished":"2021-07-22T11:42:08+00:00","dateModified":"2026-02-18T16:14:03+00:00","description":"Ap\u00fantate a nuestras CLASES DE BODY COMBAT en Zamora. Ideal para ganar resistencia, fuerza y elasticidad. Disfruta de nuestra primera clase gratuita","breadcrumb":{"@id":"https:\/\/spartasportcenter.com\/zamora\/combat-zamora\/#breadcrumb"},"inLanguage":"es","potentialAction":[{"@type":"ReadAction","target":["https:\/\/spartasportcenter.com\/zamora\/combat-zamora\/"]}]},{"@type":"ImageObject","inLanguage":"es","@id":"https:\/\/spartasportcenter.com\/zamora\/combat-zamora\/#primaryimage","url":"https:\/\/spartasportcenter.com\/zamora\/wp-content\/uploads\/2024\/06\/body-combat-zamora.webp","contentUrl":"https:\/\/spartasportcenter.com\/zamora\/wp-content\/uploads\/2024\/06\/body-combat-zamora.webp","width":2000,"height":1333,"caption":"body combat zamora"},{"@type":"BreadcrumbList","@id":"https:\/\/spartasportcenter.com\/zamora\/combat-zamora\/#breadcrumb","itemListElement":[{"@type":"ListItem","position":1,"name":"Portada","item":"https:\/\/spartasportcenter.com\/zamora\/"},{"@type":"ListItem","position":2,"name":"Body Combat Zamora"}]},{"@type":"WebSite","@id":"https:\/\/spartasportcenter.com\/zamora\/#website","url":"https:\/\/spartasportcenter.com\/zamora\/","name":"Sparta Sport Center Zamora","description":"Gimnasios en Zamora","potentialAction":[{"@type":"SearchAction","target":{"@type":"EntryPoint","urlTemplate":"https:\/\/spartasportcenter.com\/zamora\/?s={search_term_string}"},"query-input":{"@type":"PropertyValueSpecification","valueRequired":true,"valueName":"search_term_string"}}],"inLanguage":"es"}]}},"_links":{"self":[{"href":"https:\/\/spartasportcenter.com\/zamora\/wp-json\/wp\/v2\/pages\/216017","targetHints":{"allow":["GET"]}}],"collection":[{"href":"https:\/\/spartasportcenter.com\/zamora\/wp-json\/wp\/v2\/pages"}],"about":[{"href":"https:\/\/spartasportcenter.com\/zamora\/wp-json\/wp\/v2\/types\/page"}],"author":[{"embeddable":true,"href":"https:\/\/spartasportcenter.com\/zamora\/wp-json\/wp\/v2\/users\/1"}],"replies":[{"embeddable":true,"href":"https:\/\/spartasportcenter.com\/zamora\/wp-json\/wp\/v2\/comments?post=216017"}],"version-history":[{"count":6,"href":"https:\/\/spartasportcenter.com\/zamora\/wp-json\/wp\/v2\/pages\/216017\/revisions"}],"predecessor-version":[{"id":221283,"href":"https:\/\/spartasportcenter.com\/zamora\/wp-json\/wp\/v2\/pages\/216017\/revisions\/221283"}],"wp:featuredmedia":[{"embeddable":true,"href":"https:\/\/spartasportcenter.com\/zamora\/wp-json\/wp\/v2\/media\/220070"}],"wp:attachment":[{"href":"https:\/\/spartasportcenter.com\/zamora\/wp-json\/wp\/v2\/media?parent=216017"}],"curies":[{"name":"wp","href":"https:\/\/api.w.org\/{rel}","templated":true}]}}