{"id":206559,"date":"2018-08-20T15:51:28","date_gmt":"2018-08-20T15:51:28","guid":{"rendered":"https:\/\/pamplona.spartasportcenter.com\/?page_id=206559"},"modified":"2026-02-18T17:15:16","modified_gmt":"2026-02-18T16:15:16","slug":"core-zamora","status":"publish","type":"page","link":"https:\/\/spartasportcenter.com\/zamora\/core-zamora\/","title":{"rendered":"CORE Zamora"},"content":{"rendered":"<p>[et_pb_section fb_built=\u00bb1&#8243; custom_padding_last_edited=\u00bbon|phone\u00bb disabled_on=\u00bboff|off|off\u00bb _builder_version=\u00bb4.27.5&#8243; background_color=\u00bb#000000&#8243; background_enable_image=\u00bboff\u00bb custom_margin=\u00bb||||false|false\u00bb custom_padding=\u00bb80px|0px|0px|0px|false|false\u00bb custom_padding_tablet=\u00bb\u00bb custom_padding_phone=\u00bb30px||50px||false|false\u00bb hover_enabled=\u00bb0&#8243; global_colors_info=\u00bb{}\u00bb sticky_enabled=\u00bb0&#8243;][et_pb_row column_structure=\u00bb1_3,2_3&#8243; custom_padding_last_edited=\u00bbon|desktop\u00bb _builder_version=\u00bb4.16&#8243; _module_preset=\u00bbdefault\u00bb custom_padding=\u00bb0px||||false|false\u00bb custom_padding_tablet=\u00bb\u00bb custom_padding_phone=\u00bb0px||||false|false\u00bb global_colors_info=\u00bb{}\u00bb][et_pb_column type=\u00bb1_3&#8243; _builder_version=\u00bb4.16&#8243; _module_preset=\u00bbdefault\u00bb global_colors_info=\u00bb{}\u00bb][et_pb_text _builder_version=\u00bb4.16&#8243; text_font=\u00bb||||||||\u00bb header_font=\u00bb||||||||\u00bb header_text_align=\u00bbcenter\u00bb header_2_font=\u00bb|300||on|||||\u00bb header_2_text_align=\u00bbright\u00bb header_2_font_size=\u00bb29px\u00bb custom_margin=\u00bb||0px||false|false\u00bb custom_padding=\u00bb|15%|0px||false|false\u00bb header_2_text_align_tablet=\u00bb\u00bb header_2_text_align_phone=\u00bbleft\u00bb header_2_text_align_last_edited=\u00bbon|phone\u00bb header_2_font_size_tablet=\u00bb51px\u00bb header_2_font_size_phone=\u00bb25px\u00bb header_2_font_size_last_edited=\u00bbon|phone\u00bb border_width_right=\u00bb2px\u00bb border_color_right=\u00bb#cccccc\u00bb border_width_right_tablet=\u00bb\u00bb border_width_right_phone=\u00bb0px\u00bb border_width_right_last_edited=\u00bbon|phone\u00bb locked=\u00bboff\u00bb global_colors_info=\u00bb{}\u00bb]<\/p>\n<h2>clases de core en Zamora<\/h2>\n<p>[\/et_pb_text][\/et_pb_column][et_pb_column type=\u00bb2_3&#8243; _builder_version=\u00bb4.16&#8243; _module_preset=\u00bbdefault\u00bb global_colors_info=\u00bb{}\u00bb][et_pb_text _builder_version=\u00bb4.16&#8243; text_font=\u00bb|300|||||||\u00bb text_text_color=\u00bb#cccccc\u00bb text_line_height=\u00bb1.1em\u00bb header_font=\u00bb|300|||||||\u00bb header_2_font=\u00bb|300||on|||||\u00bb header_2_text_color=\u00bb#cccccc\u00bb header_2_font_size=\u00bb36px\u00bb header_2_letter_spacing=\u00bb2px\u00bb background_layout=\u00bbdark\u00bb global_colors_info=\u00bb{}\u00bb]El Core es toda esa zona central del cuerpo, representa la base de todo. Es por ello, entendiendo la gran importancia de estos, que nuestras clases de<b> Core en Zamora<\/b> est\u00e1n enfocadas en fortalecer los m\u00fasculos centrales. Espec\u00edficamente aquellos que se encuentran en el \u00e1rea abdominal, lumbar, de la pelvis, los gl\u00fateos y la musculatura profunda de la columna.<\/p>\n<p>Para llevar a cabo esta actividad, ponemos a tu disposici\u00f3n una <b>sala de musculaci\u00f3n<\/b> en \u00f3ptimas condiciones, donde un equipo con conocimientos avanzados en Core te dar\u00e1 la asesor\u00eda y el soporte necesario para que ejecutes cada movimiento sin temor a lesionarte. Lo que garantizar\u00e1 que te sientas en total comodidad y tranquilidad, porque estas en las mejores manos.\u00a0<\/p>\n<p>Asimismo, es importante destacar que la clave de tu \u00e9xito est\u00e1 en el<b> trabajo en equipo<\/b> con nuestros profesores de core en Zamora, ya que estos te guiar\u00e1n, orientar\u00e1n y dar\u00e1n el empuje necesario para que no te rindas.\u00a0[\/et_pb_text][\/et_pb_column][\/et_pb_row][et_pb_row column_structure=\u00bb1_3,2_3&#8243; custom_padding_last_edited=\u00bbon|phone\u00bb _builder_version=\u00bb4.16&#8243; _module_preset=\u00bbdefault\u00bb custom_margin=\u00bb||0px||false|false\u00bb custom_padding=\u00bb||||false|false\u00bb custom_padding_tablet=\u00bb\u00bb custom_padding_phone=\u00bb0px||0px||false|false\u00bb global_colors_info=\u00bb{}\u00bb][et_pb_column type=\u00bb1_3&#8243; _builder_version=\u00bb4.16&#8243; _module_preset=\u00bbdefault\u00bb global_colors_info=\u00bb{}\u00bb][et_pb_text _builder_version=\u00bb4.16&#8243; text_font=\u00bb||||||||\u00bb header_font=\u00bb||||||||\u00bb header_text_align=\u00bbcenter\u00bb header_2_font=\u00bb|300||on|||||\u00bb header_2_text_align=\u00bbright\u00bb header_2_font_size=\u00bb29px\u00bb custom_margin=\u00bb||0px||false|false\u00bb custom_padding=\u00bb|15%|0px||false|false\u00bb header_2_text_align_tablet=\u00bb\u00bb header_2_text_align_phone=\u00bbleft\u00bb header_2_text_align_last_edited=\u00bbon|phone\u00bb header_2_font_size_tablet=\u00bb51px\u00bb header_2_font_size_phone=\u00bb25px\u00bb header_2_font_size_last_edited=\u00bbon|phone\u00bb border_width_right=\u00bb2px\u00bb border_color_right=\u00bb#cccccc\u00bb border_width_right_tablet=\u00bb\u00bb border_width_right_phone=\u00bb0px\u00bb border_width_right_last_edited=\u00bbon|phone\u00bb locked=\u00bboff\u00bb global_colors_info=\u00bb{}\u00bb]<\/p>\n<h2>Beneficios del Core en Zamora<\/h2>\n<p>[\/et_pb_text][\/et_pb_column][et_pb_column type=\u00bb2_3&#8243; _builder_version=\u00bb4.16&#8243; _module_preset=\u00bbdefault\u00bb global_colors_info=\u00bb{}\u00bb][et_pb_text _builder_version=\u00bb4.16&#8243; text_font=\u00bb|300|||||||\u00bb text_text_color=\u00bb#cccccc\u00bb text_line_height=\u00bb1.1em\u00bb header_font=\u00bb|300|||||||\u00bb header_2_font=\u00bb|300||on|||||\u00bb header_2_text_color=\u00bb#cccccc\u00bb header_2_font_size=\u00bb36px\u00bb header_2_letter_spacing=\u00bb2px\u00bb background_layout=\u00bbdark\u00bb global_colors_info=\u00bb{}\u00bb]<\/p>\n<p>Realizar nuestros ejercicios de <b>core en Zamora<\/b>, traer\u00e1 m\u00faltiples beneficios a tu calidad de vida, ya que, al tener la parte central del cuerpo fortalecida, esto ayudar\u00e1 a corregir cualquier problema de postura, evitando directamente molestias en el futuro. A su vez aporta al cuerpo un mayor equilibrio y coordinaci\u00f3n motriz.<\/p>\n<p>Al ejecutar este tipo de actividades tan importantes para los m\u00fasculos centrales, <b>aumentar\u00e1 tu resistencia<\/b>, la fuerza y el cuerpo se esculpe de manera definida. Por lo que s\u00ed solo buscas practicar core en Zamora como soluci\u00f3n para alguna dolencia, tambi\u00e9n te beneficiar\u00e1 al lograr una silueta perfecta.<\/p>\n<p>Es importante resaltar que al <b>practicar core<\/b>, el cuerpo tambi\u00e9n te permitir\u00e1 rendir en cualquier otra actividad que te propongas. Esto se debe al buen acondicionamiento f\u00edsico logrado.<\/p>\n<p>[\/et_pb_text][\/et_pb_column][\/et_pb_row][\/et_pb_section][et_pb_section fb_built=\u00bb1&#8243; custom_padding_last_edited=\u00bbon|phone\u00bb _builder_version=\u00bb4.27.5&#8243; _module_preset=\u00bbdefault\u00bb background_color=\u00bb#000000&#8243; custom_padding=\u00bb0px||50px||false|false\u00bb custom_padding_tablet=\u00bb\u00bb custom_padding_phone=\u00bb||30px||false|false\u00bb hover_enabled=\u00bb0&#8243; global_colors_info=\u00bb{}\u00bb sticky_enabled=\u00bb0&#8243;][et_pb_row column_structure=\u00bb1_3,2_3&#8243; custom_padding_last_edited=\u00bbon|phone\u00bb _builder_version=\u00bb4.16&#8243; _module_preset=\u00bbdefault\u00bb custom_padding_tablet=\u00bb\u00bb custom_padding_phone=\u00bb0px||0px||false|false\u00bb global_colors_info=\u00bb{}\u00bb][et_pb_column type=\u00bb1_3&#8243; _builder_version=\u00bb4.16&#8243; _module_preset=\u00bbdefault\u00bb global_colors_info=\u00bb{}\u00bb][et_pb_text _builder_version=\u00bb4.16&#8243; text_font=\u00bb||||||||\u00bb header_font=\u00bb||||||||\u00bb header_text_align=\u00bbcenter\u00bb header_2_font=\u00bb|300||on|||||\u00bb header_2_text_align=\u00bbright\u00bb header_2_font_size=\u00bb29px\u00bb custom_margin=\u00bb||0px||false|false\u00bb custom_padding=\u00bb|15%|0px||false|false\u00bb header_2_text_align_tablet=\u00bb\u00bb header_2_text_align_phone=\u00bbleft\u00bb header_2_text_align_last_edited=\u00bbon|phone\u00bb header_2_font_size_tablet=\u00bb51px\u00bb header_2_font_size_phone=\u00bb25px\u00bb header_2_font_size_last_edited=\u00bbon|phone\u00bb border_width_right=\u00bb2px\u00bb border_color_right=\u00bb#cccccc\u00bb border_width_right_tablet=\u00bb\u00bb border_width_right_phone=\u00bb0px\u00bb border_width_right_last_edited=\u00bbon|phone\u00bb locked=\u00bboff\u00bb global_colors_info=\u00bb{}\u00bb]<\/p>\n<h2>Por qu\u00e9 Core en Sparta Sport Center Zamora<\/h2>\n<p>[\/et_pb_text][\/et_pb_column][et_pb_column type=\u00bb2_3&#8243; _builder_version=\u00bb4.16&#8243; _module_preset=\u00bbdefault\u00bb global_colors_info=\u00bb{}\u00bb][et_pb_text _builder_version=\u00bb4.16&#8243; text_font=\u00bb|300|||||||\u00bb text_text_color=\u00bb#cccccc\u00bb text_line_height=\u00bb1.1em\u00bb header_font=\u00bb|300|||||||\u00bb header_2_font=\u00bb|300||on|||||\u00bb header_2_text_color=\u00bb#cccccc\u00bb header_2_font_size=\u00bb36px\u00bb header_2_letter_spacing=\u00bb2px\u00bb background_layout=\u00bbdark\u00bb global_colors_info=\u00bb{}\u00bb]<\/p>\n<p>En Sparta Sport Center en Zamora adquirimos la responsabilidad de guiarte en cada paso. Nos aseguramos de que no abandones la meta. Es por ello, que al apuntarte a nuestras clases de core en Zamora asumimos tus metas como nuestras y <b>celebramos tus logros<\/b>.<\/p>\n<p>Nuestros profesionales se encargar\u00e1n de llevar un registro detallado y expl\u00edcito de tus progresos, lo que permitir\u00e1 ir ajustando los ejercicios en pro de lograr los objetivos planteados inicialmente. Las clases de core en Zamora ser\u00e1n el <b>complemento ideal<\/b> para que logres el cambio que deseas, y nuestros gu\u00edas te ayudar\u00e1n a superar cada obst\u00e1culo.\u00a0<\/p>\n<p>No sigas posponiendo tu salud, ven y forma parte de Sparta Sport Center, comienza desde ya tu clase de <b>core en Zamora<\/b> y s\u00e9 garante de tus propios logros.<\/p>\n<p>[\/et_pb_text][\/et_pb_column][\/et_pb_row][\/et_pb_section]<\/p>\n","protected":false},"excerpt":{"rendered":"<p>clases de core en ZamoraEl Core es toda esa zona central del cuerpo, representa la base de todo. Es por ello, entendiendo la gran importancia de estos, que nuestras clases de Core en Zamora est\u00e1n enfocadas en fortalecer los m\u00fasculos centrales. Espec\u00edficamente aquellos que se encuentran en el \u00e1rea abdominal, lumbar, de la pelvis, los [&hellip;]<\/p>\n","protected":false},"author":1,"featured_media":220072,"parent":0,"menu_order":0,"comment_status":"closed","ping_status":"closed","template":"","meta":{"_et_pb_use_builder":"on","_et_pb_old_content":"","_et_gb_content_width":"","footnotes":""},"class_list":["post-206559","page","type-page","status-publish","has-post-thumbnail","hentry"],"yoast_head":"<!-- This site is optimized with the Yoast SEO plugin v27.4 - https:\/\/yoast.com\/product\/yoast-seo-wordpress\/ -->\n<title>CORE en Zamora - 1 D\u00cdA GRATIS | Sparta Sport Center<\/title>\n<meta name=\"description\" content=\"Ponte a prueba con nuestras CLASES DE CORE ABDOMINAL DIRIGIDAS en Zamora. Aumenta la fuerza de tu cuerpo y mejora tu rendimiento f\u00edsico.\" \/>\n<meta name=\"robots\" content=\"index, follow, max-snippet:-1, max-image-preview:large, max-video-preview:-1\" \/>\n<link rel=\"canonical\" href=\"https:\/\/spartasportcenter.com\/zamora\/core-zamora\/\" \/>\n<meta property=\"og:locale\" content=\"es_ES\" \/>\n<meta property=\"og:type\" content=\"article\" \/>\n<meta property=\"og:title\" content=\"CORE en Zamora - 1 D\u00cdA GRATIS | Sparta Sport Center\" \/>\n<meta property=\"og:description\" content=\"Ponte a prueba con nuestras CLASES DE CORE ABDOMINAL DIRIGIDAS en Zamora. Aumenta la fuerza de tu cuerpo y mejora tu rendimiento f\u00edsico.\" \/>\n<meta property=\"og:url\" content=\"https:\/\/spartasportcenter.com\/zamora\/core-zamora\/\" \/>\n<meta property=\"og:site_name\" content=\"Sparta Sport Center Zamora\" \/>\n<meta property=\"article:modified_time\" content=\"2026-02-18T16:15:16+00:00\" \/>\n<meta property=\"og:image\" content=\"https:\/\/spartasportcenter.com\/zamora\/wp-content\/uploads\/2024\/06\/core-zamora.webp\" \/>\n\t<meta property=\"og:image:width\" content=\"2000\" \/>\n\t<meta property=\"og:image:height\" content=\"1333\" \/>\n\t<meta property=\"og:image:type\" content=\"image\/webp\" \/>\n<meta name=\"twitter:card\" content=\"summary_large_image\" \/>\n<meta name=\"twitter:label1\" content=\"Tiempo de lectura\" \/>\n\t<meta name=\"twitter:data1\" content=\"3 minutos\" \/>\n<script type=\"application\/ld+json\" class=\"yoast-schema-graph\">{\"@context\":\"https:\\\/\\\/schema.org\",\"@graph\":[{\"@type\":\"WebPage\",\"@id\":\"https:\\\/\\\/spartasportcenter.com\\\/zamora\\\/core-zamora\\\/\",\"url\":\"https:\\\/\\\/spartasportcenter.com\\\/zamora\\\/core-zamora\\\/\",\"name\":\"CORE en Zamora - 1 D\u00cdA GRATIS | Sparta Sport Center\",\"isPartOf\":{\"@id\":\"https:\\\/\\\/spartasportcenter.com\\\/zamora\\\/#website\"},\"primaryImageOfPage\":{\"@id\":\"https:\\\/\\\/spartasportcenter.com\\\/zamora\\\/core-zamora\\\/#primaryimage\"},\"image\":{\"@id\":\"https:\\\/\\\/spartasportcenter.com\\\/zamora\\\/core-zamora\\\/#primaryimage\"},\"thumbnailUrl\":\"https:\\\/\\\/spartasportcenter.com\\\/zamora\\\/wp-content\\\/uploads\\\/2024\\\/06\\\/core-zamora.webp\",\"datePublished\":\"2018-08-20T15:51:28+00:00\",\"dateModified\":\"2026-02-18T16:15:16+00:00\",\"description\":\"Ponte a prueba con nuestras CLASES DE CORE ABDOMINAL DIRIGIDAS en Zamora. Aumenta la fuerza de tu cuerpo y mejora tu rendimiento f\u00edsico.\",\"breadcrumb\":{\"@id\":\"https:\\\/\\\/spartasportcenter.com\\\/zamora\\\/core-zamora\\\/#breadcrumb\"},\"inLanguage\":\"es\",\"potentialAction\":[{\"@type\":\"ReadAction\",\"target\":[\"https:\\\/\\\/spartasportcenter.com\\\/zamora\\\/core-zamora\\\/\"]}]},{\"@type\":\"ImageObject\",\"inLanguage\":\"es\",\"@id\":\"https:\\\/\\\/spartasportcenter.com\\\/zamora\\\/core-zamora\\\/#primaryimage\",\"url\":\"https:\\\/\\\/spartasportcenter.com\\\/zamora\\\/wp-content\\\/uploads\\\/2024\\\/06\\\/core-zamora.webp\",\"contentUrl\":\"https:\\\/\\\/spartasportcenter.com\\\/zamora\\\/wp-content\\\/uploads\\\/2024\\\/06\\\/core-zamora.webp\",\"width\":2000,\"height\":1333,\"caption\":\"core zamora\"},{\"@type\":\"BreadcrumbList\",\"@id\":\"https:\\\/\\\/spartasportcenter.com\\\/zamora\\\/core-zamora\\\/#breadcrumb\",\"itemListElement\":[{\"@type\":\"ListItem\",\"position\":1,\"name\":\"Portada\",\"item\":\"https:\\\/\\\/spartasportcenter.com\\\/zamora\\\/\"},{\"@type\":\"ListItem\",\"position\":2,\"name\":\"CORE Zamora\"}]},{\"@type\":\"WebSite\",\"@id\":\"https:\\\/\\\/spartasportcenter.com\\\/zamora\\\/#website\",\"url\":\"https:\\\/\\\/spartasportcenter.com\\\/zamora\\\/\",\"name\":\"Sparta Sport Center Zamora\",\"description\":\"Gimnasios en Zamora\",\"potentialAction\":[{\"@type\":\"SearchAction\",\"target\":{\"@type\":\"EntryPoint\",\"urlTemplate\":\"https:\\\/\\\/spartasportcenter.com\\\/zamora\\\/?s={search_term_string}\"},\"query-input\":{\"@type\":\"PropertyValueSpecification\",\"valueRequired\":true,\"valueName\":\"search_term_string\"}}],\"inLanguage\":\"es\"}]}<\/script>\n<!-- \/ Yoast SEO plugin. -->","yoast_head_json":{"title":"CORE en Zamora - 1 D\u00cdA GRATIS | Sparta Sport Center","description":"Ponte a prueba con nuestras CLASES DE CORE ABDOMINAL DIRIGIDAS en Zamora. Aumenta la fuerza de tu cuerpo y mejora tu rendimiento f\u00edsico.","robots":{"index":"index","follow":"follow","max-snippet":"max-snippet:-1","max-image-preview":"max-image-preview:large","max-video-preview":"max-video-preview:-1"},"canonical":"https:\/\/spartasportcenter.com\/zamora\/core-zamora\/","og_locale":"es_ES","og_type":"article","og_title":"CORE en Zamora - 1 D\u00cdA GRATIS | Sparta Sport Center","og_description":"Ponte a prueba con nuestras CLASES DE CORE ABDOMINAL DIRIGIDAS en Zamora. Aumenta la fuerza de tu cuerpo y mejora tu rendimiento f\u00edsico.","og_url":"https:\/\/spartasportcenter.com\/zamora\/core-zamora\/","og_site_name":"Sparta Sport Center Zamora","article_modified_time":"2026-02-18T16:15:16+00:00","og_image":[{"width":2000,"height":1333,"url":"https:\/\/spartasportcenter.com\/zamora\/wp-content\/uploads\/2024\/06\/core-zamora.webp","type":"image\/webp"}],"twitter_card":"summary_large_image","twitter_misc":{"Tiempo de lectura":"3 minutos"},"schema":{"@context":"https:\/\/schema.org","@graph":[{"@type":"WebPage","@id":"https:\/\/spartasportcenter.com\/zamora\/core-zamora\/","url":"https:\/\/spartasportcenter.com\/zamora\/core-zamora\/","name":"CORE en Zamora - 1 D\u00cdA GRATIS | Sparta Sport Center","isPartOf":{"@id":"https:\/\/spartasportcenter.com\/zamora\/#website"},"primaryImageOfPage":{"@id":"https:\/\/spartasportcenter.com\/zamora\/core-zamora\/#primaryimage"},"image":{"@id":"https:\/\/spartasportcenter.com\/zamora\/core-zamora\/#primaryimage"},"thumbnailUrl":"https:\/\/spartasportcenter.com\/zamora\/wp-content\/uploads\/2024\/06\/core-zamora.webp","datePublished":"2018-08-20T15:51:28+00:00","dateModified":"2026-02-18T16:15:16+00:00","description":"Ponte a prueba con nuestras CLASES DE CORE ABDOMINAL DIRIGIDAS en Zamora. Aumenta la fuerza de tu cuerpo y mejora tu rendimiento f\u00edsico.","breadcrumb":{"@id":"https:\/\/spartasportcenter.com\/zamora\/core-zamora\/#breadcrumb"},"inLanguage":"es","potentialAction":[{"@type":"ReadAction","target":["https:\/\/spartasportcenter.com\/zamora\/core-zamora\/"]}]},{"@type":"ImageObject","inLanguage":"es","@id":"https:\/\/spartasportcenter.com\/zamora\/core-zamora\/#primaryimage","url":"https:\/\/spartasportcenter.com\/zamora\/wp-content\/uploads\/2024\/06\/core-zamora.webp","contentUrl":"https:\/\/spartasportcenter.com\/zamora\/wp-content\/uploads\/2024\/06\/core-zamora.webp","width":2000,"height":1333,"caption":"core zamora"},{"@type":"BreadcrumbList","@id":"https:\/\/spartasportcenter.com\/zamora\/core-zamora\/#breadcrumb","itemListElement":[{"@type":"ListItem","position":1,"name":"Portada","item":"https:\/\/spartasportcenter.com\/zamora\/"},{"@type":"ListItem","position":2,"name":"CORE Zamora"}]},{"@type":"WebSite","@id":"https:\/\/spartasportcenter.com\/zamora\/#website","url":"https:\/\/spartasportcenter.com\/zamora\/","name":"Sparta Sport Center Zamora","description":"Gimnasios en Zamora","potentialAction":[{"@type":"SearchAction","target":{"@type":"EntryPoint","urlTemplate":"https:\/\/spartasportcenter.com\/zamora\/?s={search_term_string}"},"query-input":{"@type":"PropertyValueSpecification","valueRequired":true,"valueName":"search_term_string"}}],"inLanguage":"es"}]}},"_links":{"self":[{"href":"https:\/\/spartasportcenter.com\/zamora\/wp-json\/wp\/v2\/pages\/206559","targetHints":{"allow":["GET"]}}],"collection":[{"href":"https:\/\/spartasportcenter.com\/zamora\/wp-json\/wp\/v2\/pages"}],"about":[{"href":"https:\/\/spartasportcenter.com\/zamora\/wp-json\/wp\/v2\/types\/page"}],"author":[{"embeddable":true,"href":"https:\/\/spartasportcenter.com\/zamora\/wp-json\/wp\/v2\/users\/1"}],"replies":[{"embeddable":true,"href":"https:\/\/spartasportcenter.com\/zamora\/wp-json\/wp\/v2\/comments?post=206559"}],"version-history":[{"count":14,"href":"https:\/\/spartasportcenter.com\/zamora\/wp-json\/wp\/v2\/pages\/206559\/revisions"}],"predecessor-version":[{"id":221286,"href":"https:\/\/spartasportcenter.com\/zamora\/wp-json\/wp\/v2\/pages\/206559\/revisions\/221286"}],"wp:featuredmedia":[{"embeddable":true,"href":"https:\/\/spartasportcenter.com\/zamora\/wp-json\/wp\/v2\/media\/220072"}],"wp:attachment":[{"href":"https:\/\/spartasportcenter.com\/zamora\/wp-json\/wp\/v2\/media?parent=206559"}],"curies":[{"name":"wp","href":"https:\/\/api.w.org\/{rel}","templated":true}]}}