{"id":206555,"date":"2018-08-20T15:49:40","date_gmt":"2018-08-20T15:49:40","guid":{"rendered":"https:\/\/pamplona.spartasportcenter.com\/?page_id=206555"},"modified":"2026-02-18T17:14:33","modified_gmt":"2026-02-18T16:14:33","slug":"body-pump-zamora","status":"publish","type":"page","link":"https:\/\/spartasportcenter.com\/zamora\/body-pump-zamora\/","title":{"rendered":"Body Pump Zamora"},"content":{"rendered":"<p>[et_pb_section fb_built=\u00bb1&#8243; custom_padding_last_edited=\u00bbon|phone\u00bb disabled_on=\u00bboff|off|off\u00bb _builder_version=\u00bb4.27.5&#8243; background_color=\u00bb#000000&#8243; background_enable_image=\u00bboff\u00bb custom_margin=\u00bb||||false|false\u00bb custom_padding=\u00bb80px|0px|0px|0px|false|false\u00bb custom_padding_tablet=\u00bb\u00bb custom_padding_phone=\u00bb30px||50px||false|false\u00bb hover_enabled=\u00bb0&#8243; global_colors_info=\u00bb{}\u00bb sticky_enabled=\u00bb0&#8243;][et_pb_row column_structure=\u00bb1_3,2_3&#8243; custom_padding_last_edited=\u00bbon|desktop\u00bb _builder_version=\u00bb4.16&#8243; _module_preset=\u00bbdefault\u00bb custom_padding=\u00bb0px||||false|false\u00bb custom_padding_tablet=\u00bb\u00bb custom_padding_phone=\u00bb0px||||false|false\u00bb global_colors_info=\u00bb{}\u00bb][et_pb_column type=\u00bb1_3&#8243; _builder_version=\u00bb4.16&#8243; _module_preset=\u00bbdefault\u00bb global_colors_info=\u00bb{}\u00bb][et_pb_text _builder_version=\u00bb4.16&#8243; text_font=\u00bb||||||||\u00bb header_font=\u00bb||||||||\u00bb header_text_align=\u00bbcenter\u00bb header_2_font=\u00bb|300||on|||||\u00bb header_2_text_align=\u00bbright\u00bb header_2_font_size=\u00bb29px\u00bb custom_margin=\u00bb||0px||false|false\u00bb custom_padding=\u00bb|15%|0px||false|false\u00bb header_2_text_align_tablet=\u00bb\u00bb header_2_text_align_phone=\u00bbleft\u00bb header_2_text_align_last_edited=\u00bbon|phone\u00bb header_2_font_size_tablet=\u00bb51px\u00bb header_2_font_size_phone=\u00bb25px\u00bb header_2_font_size_last_edited=\u00bbon|phone\u00bb border_width_right=\u00bb2px\u00bb border_color_right=\u00bb#cccccc\u00bb border_width_right_tablet=\u00bb\u00bb border_width_right_phone=\u00bb0px\u00bb border_width_right_last_edited=\u00bbon|phone\u00bb locked=\u00bboff\u00bb global_colors_info=\u00bb{}\u00bb]<\/p>\n<h2>clases de<br \/>\nBody Pump<br \/>\nen Zamora<\/h2>\n<p>[\/et_pb_text][\/et_pb_column][et_pb_column type=\u00bb2_3&#8243; _builder_version=\u00bb4.16&#8243; _module_preset=\u00bbdefault\u00bb global_colors_info=\u00bb{}\u00bb][et_pb_text _builder_version=\u00bb4.16&#8243; text_font=\u00bb|300|||||||\u00bb text_text_color=\u00bb#cccccc\u00bb text_line_height=\u00bb1.1em\u00bb header_font=\u00bb|300|||||||\u00bb header_2_font=\u00bb|300||on|||||\u00bb header_2_text_color=\u00bb#cccccc\u00bb header_2_font_size=\u00bb36px\u00bb header_2_letter_spacing=\u00bb2px\u00bb background_layout=\u00bbdark\u00bb global_colors_info=\u00bb{}\u00bb]Tener el cuerpo de tus sue\u00f1os es posible y en nuestro centro de<b> Body Pump<\/b> <b>en Zamora <\/b>lo conseguir\u00e1s en tiempo r\u00e9cord. Esta actividad combina las t\u00e9cnicas propias de los ejercicios aer\u00f3bicos con trabajo muscular y el uso de pesas. Lo que te permitir\u00e1 alcanzar una silueta envidiable de manera segura, saludable y en pocas sesiones.<\/p>\n<p>En Sparta Sport Center contamos con entrenadores especializados y capacitados para impartir una rutina de Body Pump. Estos son los encargados de adaptar a tu <b>condici\u00f3n f\u00edsica <\/b>y de salud el entrenamiento. Con el fin de lograr tener clases entretenidas, en la que cada participante pueda ir a su ritmo sin desaprovechar ni un segundo de los innumerables beneficios que ofrece una pr\u00e1ctica de este ejercicio.\u00a0<\/p>\n<p>En cada sesi\u00f3n ejercitas todo tu cuerpo por 1 hora. El <b>entrenamiento <\/b>resulta bastante completo, ya que la intensidad es alta y el descanso es breve entre los diferentes ejercicios. Adem\u00e1s, los movimientos que se llevan a cabo son bastante sencillos, lo que hace que este deporte sea accesible para todas las personas.[\/et_pb_text][\/et_pb_column][\/et_pb_row][et_pb_row column_structure=\u00bb1_3,2_3&#8243; custom_padding_last_edited=\u00bbon|phone\u00bb _builder_version=\u00bb4.16&#8243; _module_preset=\u00bbdefault\u00bb custom_margin=\u00bb||0px||false|false\u00bb custom_padding=\u00bb||||false|false\u00bb custom_padding_tablet=\u00bb\u00bb custom_padding_phone=\u00bb0px||0px||false|false\u00bb global_colors_info=\u00bb{}\u00bb][et_pb_column type=\u00bb1_3&#8243; _builder_version=\u00bb4.16&#8243; _module_preset=\u00bbdefault\u00bb global_colors_info=\u00bb{}\u00bb][et_pb_text _builder_version=\u00bb4.16&#8243; text_font=\u00bb||||||||\u00bb header_font=\u00bb||||||||\u00bb header_text_align=\u00bbcenter\u00bb header_2_font=\u00bb|300||on|||||\u00bb header_2_text_align=\u00bbright\u00bb header_2_font_size=\u00bb29px\u00bb custom_margin=\u00bb||0px||false|false\u00bb custom_padding=\u00bb|15%|0px||false|false\u00bb header_2_text_align_tablet=\u00bb\u00bb header_2_text_align_phone=\u00bbleft\u00bb header_2_text_align_last_edited=\u00bbon|phone\u00bb header_2_font_size_tablet=\u00bb51px\u00bb header_2_font_size_phone=\u00bb25px\u00bb header_2_font_size_last_edited=\u00bbon|phone\u00bb border_width_right=\u00bb2px\u00bb border_color_right=\u00bb#cccccc\u00bb border_width_right_tablet=\u00bb\u00bb border_width_right_phone=\u00bb0px\u00bb border_width_right_last_edited=\u00bbon|phone\u00bb locked=\u00bboff\u00bb global_colors_info=\u00bb{}\u00bb]<\/p>\n<h2>Beneficios del Body Pump en Zamora<\/h2>\n<p>[\/et_pb_text][\/et_pb_column][et_pb_column type=\u00bb2_3&#8243; _builder_version=\u00bb4.16&#8243; _module_preset=\u00bbdefault\u00bb global_colors_info=\u00bb{}\u00bb][et_pb_text _builder_version=\u00bb4.16&#8243; text_font=\u00bb|300|||||||\u00bb text_text_color=\u00bb#cccccc\u00bb text_line_height=\u00bb1.1em\u00bb header_font=\u00bb|300|||||||\u00bb header_2_font=\u00bb|300||on|||||\u00bb header_2_text_color=\u00bb#cccccc\u00bb header_2_font_size=\u00bb36px\u00bb header_2_letter_spacing=\u00bb2px\u00bb background_layout=\u00bbdark\u00bb global_colors_info=\u00bb{}\u00bb]Debido al trabajo aer\u00f3bico que conlleva, la pr\u00e1ctica del body pump repercute de forma positiva en la <b>quema de m\u00e1s de 400 calor\u00edas<\/b> y en la eliminaci\u00f3n de grasa acumulada en el cuerpo.\u00a0<\/p>\n<p>Al ser tan efectivo este tipo de ejercicios, el <b>body pump en Zamora<\/b> se ha convertido en una de las clases m\u00e1s solicitadas. Esto se debe a que en una clase conseguir\u00e1s relajarte, mejorar tu \u00e1nimo, sistema respiratorio y cardiovascular, logr\u00e1ndose beneficios que se notan desde la primera clase.\u00a0<\/p>\n<p>Para conseguir estos beneficios las clases son estructuradas por los monitores expertos, quienes durante una clase realizan un n\u00famero determinado de repeticiones en donde se trabaja la fuerza, se<b> tonifican y definen los m\u00fasculos,<\/b> gracias al impacto y a la resistencia que ocurre en el tejido muscular.\u00a0<\/p>\n<p>Con estas clases se puede<b> bajar de peso<\/b> considerablemente de manera segura y natural. A su vez tambi\u00e9n se aumentar\u00e1 la densidad \u00f3sea, gracias a sus diversos movimientos que son perfectos para prevenir la osteoporosis.[\/et_pb_text][\/et_pb_column][\/et_pb_row][\/et_pb_section][et_pb_section fb_built=\u00bb1&#8243; custom_padding_last_edited=\u00bbon|phone\u00bb _builder_version=\u00bb4.27.5&#8243; _module_preset=\u00bbdefault\u00bb background_color=\u00bb#000000&#8243; custom_padding=\u00bb0px||50px||false|false\u00bb custom_padding_tablet=\u00bb\u00bb custom_padding_phone=\u00bb||30px||false|false\u00bb hover_enabled=\u00bb0&#8243; global_colors_info=\u00bb{}\u00bb sticky_enabled=\u00bb0&#8243;][et_pb_row column_structure=\u00bb1_3,2_3&#8243; custom_padding_last_edited=\u00bbon|phone\u00bb _builder_version=\u00bb4.16&#8243; _module_preset=\u00bbdefault\u00bb custom_padding_tablet=\u00bb\u00bb custom_padding_phone=\u00bb0px||0px||false|false\u00bb global_colors_info=\u00bb{}\u00bb][et_pb_column type=\u00bb1_3&#8243; _builder_version=\u00bb4.16&#8243; _module_preset=\u00bbdefault\u00bb global_colors_info=\u00bb{}\u00bb][et_pb_text _builder_version=\u00bb4.16&#8243; text_font=\u00bb||||||||\u00bb header_font=\u00bb||||||||\u00bb header_text_align=\u00bbcenter\u00bb header_2_font=\u00bb|300||on|||||\u00bb header_2_text_align=\u00bbright\u00bb header_2_font_size=\u00bb29px\u00bb custom_margin=\u00bb||0px||false|false\u00bb custom_padding=\u00bb|15%|0px||false|false\u00bb header_2_text_align_tablet=\u00bb\u00bb header_2_text_align_phone=\u00bbleft\u00bb header_2_text_align_last_edited=\u00bbon|phone\u00bb header_2_font_size_tablet=\u00bb51px\u00bb header_2_font_size_phone=\u00bb25px\u00bb header_2_font_size_last_edited=\u00bbon|phone\u00bb border_width_right=\u00bb2px\u00bb border_color_right=\u00bb#cccccc\u00bb border_width_right_tablet=\u00bb\u00bb border_width_right_phone=\u00bb0px\u00bb border_width_right_last_edited=\u00bbon|phone\u00bb locked=\u00bboff\u00bb global_colors_info=\u00bb{}\u00bb]<\/p>\n<h2>Por qu\u00e9 Body Pump en Sparta Sport Center Zamora<\/h2>\n<p>[\/et_pb_text][\/et_pb_column][et_pb_column type=\u00bb2_3&#8243; _builder_version=\u00bb4.16&#8243; _module_preset=\u00bbdefault\u00bb global_colors_info=\u00bb{}\u00bb][et_pb_text _builder_version=\u00bb4.16&#8243; text_font=\u00bb|300|||||||\u00bb text_text_color=\u00bb#cccccc\u00bb text_line_height=\u00bb1.1em\u00bb header_font=\u00bb|300|||||||\u00bb header_2_font=\u00bb|300||on|||||\u00bb header_2_text_color=\u00bb#cccccc\u00bb header_2_font_size=\u00bb36px\u00bb header_2_letter_spacing=\u00bb2px\u00bb background_layout=\u00bbdark\u00bb global_colors_info=\u00bb{}\u00bb]Realizar este tipo de actividades en Sparta Sport Center en Zamora es conseguir el \u00e9xito en las metas propuestas. Esto se debe, a que nuestros <b>entrenadores capacitados<\/b> se encargan de mantener la chispa de la motivaci\u00f3n activa. Por lo tanto, los principiantes y avanzados en esta actividad f\u00edsica tienen la oportunidad de sacar el mayor provecho a cada una de las clases.\u00a0<\/p>\n<p>Nuestros profesores encargados de las <b>clases de Body Pump <\/b>son expertos en esta \u00e1rea. Lo que permite que adapten los ejercicios a la condici\u00f3n f\u00edsica de cada persona, siempre exigiendo entre s\u00ed lo que es posible para cada uno. Ya que a pesar de que siguen la misma rutina, cada participante tendr\u00e1 modificaciones pertinentes para que la pr\u00e1ctica sea segura y beneficiosa para el cuerpo.\u00a0<\/p>\n<p>Es por ello que, si deseas comenzar con las clases de <b>Body Pump<\/b> en Sparta Sport Center Zamora, est\u00e1s en las mejores manos. Contacta con nosotros y descubre todas las actividades y promociones que tenemos para ti.[\/et_pb_text][\/et_pb_column][\/et_pb_row][\/et_pb_section]<\/p>\n","protected":false},"excerpt":{"rendered":"<p>clases de Body Pump en ZamoraTener el cuerpo de tus sue\u00f1os es posible y en nuestro centro de Body Pump en Zamora lo conseguir\u00e1s en tiempo r\u00e9cord. Esta actividad combina las t\u00e9cnicas propias de los ejercicios aer\u00f3bicos con trabajo muscular y el uso de pesas. Lo que te permitir\u00e1 alcanzar una silueta envidiable de manera [&hellip;]<\/p>\n","protected":false},"author":1,"featured_media":220071,"parent":0,"menu_order":0,"comment_status":"closed","ping_status":"closed","template":"","meta":{"_et_pb_use_builder":"on","_et_pb_old_content":"","_et_gb_content_width":"","footnotes":""},"class_list":["post-206555","page","type-page","status-publish","has-post-thumbnail","hentry"],"yoast_head":"<!-- This site is optimized with the Yoast SEO plugin v27.4 - https:\/\/yoast.com\/product\/yoast-seo-wordpress\/ -->\n<title>Body Pump Zamora - 1 D\u00cdA GRATIS | Sparta Sport Center<\/title>\n<meta name=\"description\" content=\"Empieza a tonificar tu cuerpo con nuestras CLASES DE BODY PUMP DIRIGIDAS en Zamora. Gana fuerza y reduce tu \u00edndice de gras corporal.\" \/>\n<meta name=\"robots\" content=\"index, follow, max-snippet:-1, max-image-preview:large, max-video-preview:-1\" \/>\n<link rel=\"canonical\" href=\"https:\/\/spartasportcenter.com\/zamora\/body-pump-zamora\/\" \/>\n<meta property=\"og:locale\" content=\"es_ES\" \/>\n<meta property=\"og:type\" content=\"article\" \/>\n<meta property=\"og:title\" content=\"Body Pump Zamora - 1 D\u00cdA GRATIS | Sparta Sport Center\" \/>\n<meta property=\"og:description\" content=\"Empieza a tonificar tu cuerpo con nuestras CLASES DE BODY PUMP DIRIGIDAS en Zamora. Gana fuerza y reduce tu \u00edndice de gras corporal.\" \/>\n<meta property=\"og:url\" content=\"https:\/\/spartasportcenter.com\/zamora\/body-pump-zamora\/\" \/>\n<meta property=\"og:site_name\" content=\"Sparta Sport Center Zamora\" \/>\n<meta property=\"article:modified_time\" content=\"2026-02-18T16:14:33+00:00\" \/>\n<meta property=\"og:image\" content=\"https:\/\/spartasportcenter.com\/zamora\/wp-content\/uploads\/2024\/06\/body-pump-zamora.webp\" \/>\n\t<meta property=\"og:image:width\" content=\"2000\" \/>\n\t<meta property=\"og:image:height\" content=\"1333\" \/>\n\t<meta property=\"og:image:type\" content=\"image\/webp\" \/>\n<meta name=\"twitter:card\" content=\"summary_large_image\" \/>\n<meta name=\"twitter:label1\" content=\"Tiempo de lectura\" \/>\n\t<meta name=\"twitter:data1\" content=\"3 minutos\" \/>\n<script type=\"application\/ld+json\" class=\"yoast-schema-graph\">{\"@context\":\"https:\\\/\\\/schema.org\",\"@graph\":[{\"@type\":\"WebPage\",\"@id\":\"https:\\\/\\\/spartasportcenter.com\\\/zamora\\\/body-pump-zamora\\\/\",\"url\":\"https:\\\/\\\/spartasportcenter.com\\\/zamora\\\/body-pump-zamora\\\/\",\"name\":\"Body Pump Zamora - 1 D\u00cdA GRATIS | Sparta Sport Center\",\"isPartOf\":{\"@id\":\"https:\\\/\\\/spartasportcenter.com\\\/zamora\\\/#website\"},\"primaryImageOfPage\":{\"@id\":\"https:\\\/\\\/spartasportcenter.com\\\/zamora\\\/body-pump-zamora\\\/#primaryimage\"},\"image\":{\"@id\":\"https:\\\/\\\/spartasportcenter.com\\\/zamora\\\/body-pump-zamora\\\/#primaryimage\"},\"thumbnailUrl\":\"https:\\\/\\\/spartasportcenter.com\\\/zamora\\\/wp-content\\\/uploads\\\/2024\\\/06\\\/body-pump-zamora.webp\",\"datePublished\":\"2018-08-20T15:49:40+00:00\",\"dateModified\":\"2026-02-18T16:14:33+00:00\",\"description\":\"Empieza a tonificar tu cuerpo con nuestras CLASES DE BODY PUMP DIRIGIDAS en Zamora. Gana fuerza y reduce tu \u00edndice de gras corporal.\",\"breadcrumb\":{\"@id\":\"https:\\\/\\\/spartasportcenter.com\\\/zamora\\\/body-pump-zamora\\\/#breadcrumb\"},\"inLanguage\":\"es\",\"potentialAction\":[{\"@type\":\"ReadAction\",\"target\":[\"https:\\\/\\\/spartasportcenter.com\\\/zamora\\\/body-pump-zamora\\\/\"]}]},{\"@type\":\"ImageObject\",\"inLanguage\":\"es\",\"@id\":\"https:\\\/\\\/spartasportcenter.com\\\/zamora\\\/body-pump-zamora\\\/#primaryimage\",\"url\":\"https:\\\/\\\/spartasportcenter.com\\\/zamora\\\/wp-content\\\/uploads\\\/2024\\\/06\\\/body-pump-zamora.webp\",\"contentUrl\":\"https:\\\/\\\/spartasportcenter.com\\\/zamora\\\/wp-content\\\/uploads\\\/2024\\\/06\\\/body-pump-zamora.webp\",\"width\":2000,\"height\":1333,\"caption\":\"body pump zamora\"},{\"@type\":\"BreadcrumbList\",\"@id\":\"https:\\\/\\\/spartasportcenter.com\\\/zamora\\\/body-pump-zamora\\\/#breadcrumb\",\"itemListElement\":[{\"@type\":\"ListItem\",\"position\":1,\"name\":\"Portada\",\"item\":\"https:\\\/\\\/spartasportcenter.com\\\/zamora\\\/\"},{\"@type\":\"ListItem\",\"position\":2,\"name\":\"Body Pump Zamora\"}]},{\"@type\":\"WebSite\",\"@id\":\"https:\\\/\\\/spartasportcenter.com\\\/zamora\\\/#website\",\"url\":\"https:\\\/\\\/spartasportcenter.com\\\/zamora\\\/\",\"name\":\"Sparta Sport Center Zamora\",\"description\":\"Gimnasios en Zamora\",\"potentialAction\":[{\"@type\":\"SearchAction\",\"target\":{\"@type\":\"EntryPoint\",\"urlTemplate\":\"https:\\\/\\\/spartasportcenter.com\\\/zamora\\\/?s={search_term_string}\"},\"query-input\":{\"@type\":\"PropertyValueSpecification\",\"valueRequired\":true,\"valueName\":\"search_term_string\"}}],\"inLanguage\":\"es\"}]}<\/script>\n<!-- \/ Yoast SEO plugin. -->","yoast_head_json":{"title":"Body Pump Zamora - 1 D\u00cdA GRATIS | Sparta Sport Center","description":"Empieza a tonificar tu cuerpo con nuestras CLASES DE BODY PUMP DIRIGIDAS en Zamora. Gana fuerza y reduce tu \u00edndice de gras corporal.","robots":{"index":"index","follow":"follow","max-snippet":"max-snippet:-1","max-image-preview":"max-image-preview:large","max-video-preview":"max-video-preview:-1"},"canonical":"https:\/\/spartasportcenter.com\/zamora\/body-pump-zamora\/","og_locale":"es_ES","og_type":"article","og_title":"Body Pump Zamora - 1 D\u00cdA GRATIS | Sparta Sport Center","og_description":"Empieza a tonificar tu cuerpo con nuestras CLASES DE BODY PUMP DIRIGIDAS en Zamora. Gana fuerza y reduce tu \u00edndice de gras corporal.","og_url":"https:\/\/spartasportcenter.com\/zamora\/body-pump-zamora\/","og_site_name":"Sparta Sport Center Zamora","article_modified_time":"2026-02-18T16:14:33+00:00","og_image":[{"width":2000,"height":1333,"url":"https:\/\/spartasportcenter.com\/zamora\/wp-content\/uploads\/2024\/06\/body-pump-zamora.webp","type":"image\/webp"}],"twitter_card":"summary_large_image","twitter_misc":{"Tiempo de lectura":"3 minutos"},"schema":{"@context":"https:\/\/schema.org","@graph":[{"@type":"WebPage","@id":"https:\/\/spartasportcenter.com\/zamora\/body-pump-zamora\/","url":"https:\/\/spartasportcenter.com\/zamora\/body-pump-zamora\/","name":"Body Pump Zamora - 1 D\u00cdA GRATIS | Sparta Sport Center","isPartOf":{"@id":"https:\/\/spartasportcenter.com\/zamora\/#website"},"primaryImageOfPage":{"@id":"https:\/\/spartasportcenter.com\/zamora\/body-pump-zamora\/#primaryimage"},"image":{"@id":"https:\/\/spartasportcenter.com\/zamora\/body-pump-zamora\/#primaryimage"},"thumbnailUrl":"https:\/\/spartasportcenter.com\/zamora\/wp-content\/uploads\/2024\/06\/body-pump-zamora.webp","datePublished":"2018-08-20T15:49:40+00:00","dateModified":"2026-02-18T16:14:33+00:00","description":"Empieza a tonificar tu cuerpo con nuestras CLASES DE BODY PUMP DIRIGIDAS en Zamora. Gana fuerza y reduce tu \u00edndice de gras corporal.","breadcrumb":{"@id":"https:\/\/spartasportcenter.com\/zamora\/body-pump-zamora\/#breadcrumb"},"inLanguage":"es","potentialAction":[{"@type":"ReadAction","target":["https:\/\/spartasportcenter.com\/zamora\/body-pump-zamora\/"]}]},{"@type":"ImageObject","inLanguage":"es","@id":"https:\/\/spartasportcenter.com\/zamora\/body-pump-zamora\/#primaryimage","url":"https:\/\/spartasportcenter.com\/zamora\/wp-content\/uploads\/2024\/06\/body-pump-zamora.webp","contentUrl":"https:\/\/spartasportcenter.com\/zamora\/wp-content\/uploads\/2024\/06\/body-pump-zamora.webp","width":2000,"height":1333,"caption":"body pump zamora"},{"@type":"BreadcrumbList","@id":"https:\/\/spartasportcenter.com\/zamora\/body-pump-zamora\/#breadcrumb","itemListElement":[{"@type":"ListItem","position":1,"name":"Portada","item":"https:\/\/spartasportcenter.com\/zamora\/"},{"@type":"ListItem","position":2,"name":"Body Pump Zamora"}]},{"@type":"WebSite","@id":"https:\/\/spartasportcenter.com\/zamora\/#website","url":"https:\/\/spartasportcenter.com\/zamora\/","name":"Sparta Sport Center Zamora","description":"Gimnasios en Zamora","potentialAction":[{"@type":"SearchAction","target":{"@type":"EntryPoint","urlTemplate":"https:\/\/spartasportcenter.com\/zamora\/?s={search_term_string}"},"query-input":{"@type":"PropertyValueSpecification","valueRequired":true,"valueName":"search_term_string"}}],"inLanguage":"es"}]}},"_links":{"self":[{"href":"https:\/\/spartasportcenter.com\/zamora\/wp-json\/wp\/v2\/pages\/206555","targetHints":{"allow":["GET"]}}],"collection":[{"href":"https:\/\/spartasportcenter.com\/zamora\/wp-json\/wp\/v2\/pages"}],"about":[{"href":"https:\/\/spartasportcenter.com\/zamora\/wp-json\/wp\/v2\/types\/page"}],"author":[{"embeddable":true,"href":"https:\/\/spartasportcenter.com\/zamora\/wp-json\/wp\/v2\/users\/1"}],"replies":[{"embeddable":true,"href":"https:\/\/spartasportcenter.com\/zamora\/wp-json\/wp\/v2\/comments?post=206555"}],"version-history":[{"count":11,"href":"https:\/\/spartasportcenter.com\/zamora\/wp-json\/wp\/v2\/pages\/206555\/revisions"}],"predecessor-version":[{"id":221285,"href":"https:\/\/spartasportcenter.com\/zamora\/wp-json\/wp\/v2\/pages\/206555\/revisions\/221285"}],"wp:featuredmedia":[{"embeddable":true,"href":"https:\/\/spartasportcenter.com\/zamora\/wp-json\/wp\/v2\/media\/220071"}],"wp:attachment":[{"href":"https:\/\/spartasportcenter.com\/zamora\/wp-json\/wp\/v2\/media?parent=206555"}],"curies":[{"name":"wp","href":"https:\/\/api.w.org\/{rel}","templated":true}]}}