{"id":206550,"date":"2018-08-20T15:44:57","date_gmt":"2018-08-20T15:44:57","guid":{"rendered":"https:\/\/pamplona.spartasportcenter.com\/?page_id=206550"},"modified":"2026-02-18T17:16:49","modified_gmt":"2026-02-18T16:16:49","slug":"gap-zamora","status":"publish","type":"page","link":"https:\/\/spartasportcenter.com\/zamora\/gap-zamora\/","title":{"rendered":"GAP Zamora"},"content":{"rendered":"<p>[et_pb_section fb_built=\u00bb1&#8243; custom_padding_last_edited=\u00bbon|phone\u00bb disabled_on=\u00bboff|off|off\u00bb _builder_version=\u00bb4.27.5&#8243; background_color=\u00bb#000000&#8243; background_enable_image=\u00bboff\u00bb custom_margin=\u00bb||||false|false\u00bb custom_padding=\u00bb80px|0px|0px|0px|false|false\u00bb custom_padding_tablet=\u00bb\u00bb custom_padding_phone=\u00bb30px||50px||false|false\u00bb hover_enabled=\u00bb0&#8243; global_colors_info=\u00bb{}\u00bb sticky_enabled=\u00bb0&#8243;][et_pb_row column_structure=\u00bb1_3,2_3&#8243; custom_padding_last_edited=\u00bbon|desktop\u00bb _builder_version=\u00bb4.16&#8243; _module_preset=\u00bbdefault\u00bb custom_padding=\u00bb0px||||false|false\u00bb custom_padding_tablet=\u00bb\u00bb custom_padding_phone=\u00bb0px||||false|false\u00bb global_colors_info=\u00bb{}\u00bb][et_pb_column type=\u00bb1_3&#8243; _builder_version=\u00bb4.16&#8243; _module_preset=\u00bbdefault\u00bb global_colors_info=\u00bb{}\u00bb][et_pb_text _builder_version=\u00bb4.16&#8243; text_font=\u00bb||||||||\u00bb header_font=\u00bb||||||||\u00bb header_text_align=\u00bbcenter\u00bb header_2_font=\u00bb|300||on|||||\u00bb header_2_text_align=\u00bbright\u00bb header_2_font_size=\u00bb29px\u00bb custom_margin=\u00bb||0px||false|false\u00bb custom_padding=\u00bb|15%|0px||false|false\u00bb header_2_text_align_tablet=\u00bb\u00bb header_2_text_align_phone=\u00bbleft\u00bb header_2_text_align_last_edited=\u00bbon|phone\u00bb header_2_font_size_tablet=\u00bb51px\u00bb header_2_font_size_phone=\u00bb25px\u00bb header_2_font_size_last_edited=\u00bbon|phone\u00bb border_width_right=\u00bb2px\u00bb border_color_right=\u00bb#cccccc\u00bb border_width_right_tablet=\u00bb\u00bb border_width_right_phone=\u00bb0px\u00bb border_width_right_last_edited=\u00bbon|phone\u00bb locked=\u00bboff\u00bb global_colors_info=\u00bb{}\u00bb]<\/p>\n<h2>clases de gap en Zamora<\/h2>\n<p>[\/et_pb_text][\/et_pb_column][et_pb_column type=\u00bb2_3&#8243; _builder_version=\u00bb4.16&#8243; _module_preset=\u00bbdefault\u00bb global_colors_info=\u00bb{}\u00bb][et_pb_text _builder_version=\u00bb4.16&#8243; text_font=\u00bb|300|||||||\u00bb text_text_color=\u00bb#cccccc\u00bb text_line_height=\u00bb1.1em\u00bb header_font=\u00bb|300|||||||\u00bb header_2_font=\u00bb|300||on|||||\u00bb header_2_text_color=\u00bb#cccccc\u00bb header_2_font_size=\u00bb36px\u00bb header_2_letter_spacing=\u00bb2px\u00bb background_layout=\u00bbdark\u00bb global_colors_info=\u00bb{}\u00bb]Las opciones para fortalecer y definir regiones particulares del cuerpo incluyen una amplia variedad de ejercicios asociados a otros dinamismos funcionales, cuyo objetivo es realizar la activaci\u00f3n y fortalecimiento de los m\u00fasculos de forma grupal y no particular. Si buscas potenciar el sistema muscular de tu tren inferior, las clases de <b>GAP en Zamora<\/b> deben ser tu primera opci\u00f3n.[\/et_pb_text][et_pb_button button_text=\u00bb+\u00bb button_alignment=\u00bbcenter\u00bb module_class=\u00bbrv_button closed\u00bb _builder_version=\u00bb4.16&#8243; custom_button=\u00bbon\u00bb button_text_size=\u00bb39px\u00bb button_text_color=\u00bb#cccccc\u00bb button_border_width=\u00bb0px\u00bb button_border_radius=\u00bb0px\u00bb button_font=\u00bbOswald|700|||||||\u00bb button_use_icon=\u00bboff\u00bb custom_margin=\u00bb-40px|0px|-10px|0px|false|false\u00bb custom_margin_tablet=\u00bb\u00bb custom_margin_phone=\u00bb\u00bb custom_margin_last_edited=\u00bbon|phone\u00bb custom_padding=\u00bb0px|0px|0px|0px|true|\u00bb button_text_color_hover=\u00bbrgba(224,43,32,0.76)\u00bb button_border_color_hover=\u00bbrgba(0,0,0,0)\u00bb button_border_radius_hover=\u00bb0px\u00bb button_bg_color_hover=\u00bbrgba(0,0,0,0)\u00bb global_colors_info=\u00bb{}\u00bb button_text_size__hover_enabled=\u00bboff\u00bb button_one_text_size__hover_enabled=\u00bboff\u00bb button_two_text_size__hover_enabled=\u00bboff\u00bb button_text_color__hover_enabled=\u00bbon|desktop\u00bb button_text_color__hover=\u00bbrgba(255,255,255,0.5)\u00bb button_one_text_color__hover_enabled=\u00bboff\u00bb button_two_text_color__hover_enabled=\u00bboff\u00bb button_border_width__hover_enabled=\u00bboff\u00bb button_one_border_width__hover_enabled=\u00bboff\u00bb button_two_border_width__hover_enabled=\u00bboff\u00bb button_border_color__hover_enabled=\u00bbon\u00bb button_border_color__hover=\u00bbrgba(0,0,0,0)\u00bb button_one_border_color__hover_enabled=\u00bboff\u00bb button_two_border_color__hover_enabled=\u00bboff\u00bb button_border_radius__hover_enabled=\u00bbon\u00bb button_border_radius__hover=\u00bb0px\u00bb button_one_border_radius__hover_enabled=\u00bboff\u00bb button_two_border_radius__hover_enabled=\u00bboff\u00bb button_letter_spacing__hover_enabled=\u00bboff\u00bb button_one_letter_spacing__hover_enabled=\u00bboff\u00bb button_two_letter_spacing__hover_enabled=\u00bboff\u00bb button_bg_color__hover_enabled=\u00bbon\u00bb button_bg_color__hover=\u00bbrgba(255,255,255,0)\u00bb button_one_bg_color__hover_enabled=\u00bboff\u00bb button_two_bg_color__hover_enabled=\u00bboff\u00bb][\/et_pb_button][et_pb_text module_id=\u00bbreveal\u00bb _builder_version=\u00bb4.16&#8243; text_font=\u00bb|300|||||||\u00bb text_text_color=\u00bb#cccccc\u00bb text_line_height=\u00bb1.1em\u00bb header_font=\u00bb|300|||||||\u00bb header_2_font=\u00bb|300||on|||||\u00bb header_2_text_color=\u00bb#cccccc\u00bb header_2_font_size=\u00bb36px\u00bb header_2_letter_spacing=\u00bb2px\u00bb background_layout=\u00bbdark\u00bb global_colors_info=\u00bb{}\u00bb]Estas clases van dirigidas puntualmente a fortalecer y <b>estimular el desarrollo de gl\u00fateos<\/b>, abdomen y piernas, a trav\u00e9s de nuestras m\u00e1quinas altamente calificadas y eficaces, logrando as\u00ed moldear tu silueta de forma asertiva y exitosa.\u00a0<\/p>\n<p>Nuestros equipos y maquinaria de \u00faltima tecnolog\u00eda se encuentran en espera de ti para ayudarte a lograr tus <b>objetivos f\u00edsicos<\/b>, haci\u00e9ndote sentir en un espacio c\u00f3modo y ameno, en el cual est\u00e9s acompa\u00f1ado en cada paso de tu avance. Nuestras sesiones son supervisadas por profesionales certificados y avalados en acondicionamiento f\u00edsico, quienes cumplen la funci\u00f3n de guiadores, ayud\u00e1ndote a aprovechar al m\u00e1ximo tus aptitudes f\u00edsicas en b\u00fasqueda de los mejores resultados.<\/p>\n<p>Bienestar, confort y confianza son las sensaciones que te har\u00e1n experimentar nuestro sistema de m\u00e1quinas al momento de ejercitar las zonas de gl\u00fateos, abdomen y piernas englobadas como <b>GAP,<\/b> realizando un trabajo focalizado y espec\u00edfico, basado en los objetivos planteados por cada uno de nuestros clientes.\u00a0[\/et_pb_text][\/et_pb_column][\/et_pb_row][et_pb_row column_structure=\u00bb1_3,2_3&#8243; custom_padding_last_edited=\u00bbon|phone\u00bb _builder_version=\u00bb4.16&#8243; _module_preset=\u00bbdefault\u00bb custom_margin=\u00bb||0px||false|false\u00bb custom_padding=\u00bb||||false|false\u00bb custom_padding_tablet=\u00bb\u00bb custom_padding_phone=\u00bb0px||0px||false|false\u00bb global_colors_info=\u00bb{}\u00bb][et_pb_column type=\u00bb1_3&#8243; _builder_version=\u00bb4.16&#8243; _module_preset=\u00bbdefault\u00bb global_colors_info=\u00bb{}\u00bb][et_pb_text _builder_version=\u00bb4.16&#8243; text_font=\u00bb||||||||\u00bb header_font=\u00bb||||||||\u00bb header_text_align=\u00bbcenter\u00bb header_2_font=\u00bb|300||on|||||\u00bb header_2_text_align=\u00bbright\u00bb header_2_font_size=\u00bb29px\u00bb custom_margin=\u00bb||0px||false|false\u00bb custom_padding=\u00bb|15%|0px||false|false\u00bb header_2_text_align_tablet=\u00bb\u00bb header_2_text_align_phone=\u00bbleft\u00bb header_2_text_align_last_edited=\u00bbon|phone\u00bb header_2_font_size_tablet=\u00bb51px\u00bb header_2_font_size_phone=\u00bb25px\u00bb header_2_font_size_last_edited=\u00bbon|phone\u00bb border_width_right=\u00bb2px\u00bb border_color_right=\u00bb#cccccc\u00bb border_width_right_tablet=\u00bb\u00bb border_width_right_phone=\u00bb0px\u00bb border_width_right_last_edited=\u00bbon|phone\u00bb locked=\u00bboff\u00bb global_colors_info=\u00bb{}\u00bb]<\/p>\n<h2>Beneficios del gap en Zamora<\/h2>\n<p>[\/et_pb_text][\/et_pb_column][et_pb_column type=\u00bb2_3&#8243; _builder_version=\u00bb4.16&#8243; _module_preset=\u00bbdefault\u00bb global_colors_info=\u00bb{}\u00bb][et_pb_text _builder_version=\u00bb4.16&#8243; text_font=\u00bb|300|||||||\u00bb text_text_color=\u00bb#cccccc\u00bb text_line_height=\u00bb1.1em\u00bb header_font=\u00bb|300|||||||\u00bb header_2_font=\u00bb|300||on|||||\u00bb header_2_text_color=\u00bb#cccccc\u00bb header_2_font_size=\u00bb36px\u00bb header_2_letter_spacing=\u00bb2px\u00bb background_layout=\u00bbdark\u00bb global_colors_info=\u00bb{}\u00bb]Son numerosas las ventajas de realizar este tipo de <b>ejercicios <\/b>y lo podr\u00e1s verificar t\u00fa mismo al fortalecer tu tren inferior, adquiriendo m\u00e1s resistencia y fuerza. En Zamora, el GAP es el pr\u00f3ximo reto que debes asumir para lograr que tu figura sea lo que siempre so\u00f1aste.<\/p>\n<p>Mediante el fortalecimiento de tus gl\u00fateos, abdomen y piernas, lograr\u00e1s <b>mejorar tus actividades diarias <\/b>como caminar y correr. Esta es la importancia de favorecer tu salud al mismo tiempo que tu figura.<\/p>\n<p>Las grasas no deseadas se depositan en zonas susceptibles como abdomen, gl\u00fateos y piernas, al igual que la piel de naranja o celulitis. En Zamora realizando los <b>ejercicios GAP <\/b>podr\u00e1s evitar, corregir o desaparecer esas peque\u00f1as imperfecciones que pueden abrumarte ocasionalmente causando inseguridades.[\/et_pb_text][\/et_pb_column][\/et_pb_row][\/et_pb_section][et_pb_section fb_built=\u00bb1&#8243; custom_padding_last_edited=\u00bbon|phone\u00bb _builder_version=\u00bb4.27.5&#8243; _module_preset=\u00bbdefault\u00bb background_color=\u00bb#000000&#8243; custom_padding=\u00bb0px||50px||false|false\u00bb custom_padding_tablet=\u00bb\u00bb custom_padding_phone=\u00bb||30px||false|false\u00bb hover_enabled=\u00bb0&#8243; global_colors_info=\u00bb{}\u00bb sticky_enabled=\u00bb0&#8243;][et_pb_row column_structure=\u00bb1_3,2_3&#8243; custom_padding_last_edited=\u00bbon|phone\u00bb _builder_version=\u00bb4.16&#8243; _module_preset=\u00bbdefault\u00bb custom_padding_tablet=\u00bb\u00bb custom_padding_phone=\u00bb0px||0px||false|false\u00bb global_colors_info=\u00bb{}\u00bb][et_pb_column type=\u00bb1_3&#8243; _builder_version=\u00bb4.16&#8243; _module_preset=\u00bbdefault\u00bb global_colors_info=\u00bb{}\u00bb][et_pb_text _builder_version=\u00bb4.16&#8243; text_font=\u00bb||||||||\u00bb header_font=\u00bb||||||||\u00bb header_text_align=\u00bbcenter\u00bb header_2_font=\u00bb|300||on|||||\u00bb header_2_text_align=\u00bbright\u00bb header_2_font_size=\u00bb29px\u00bb custom_margin=\u00bb||0px||false|false\u00bb custom_padding=\u00bb|15%|0px||false|false\u00bb header_2_text_align_tablet=\u00bb\u00bb header_2_text_align_phone=\u00bbleft\u00bb header_2_text_align_last_edited=\u00bbon|phone\u00bb header_2_font_size_tablet=\u00bb51px\u00bb header_2_font_size_phone=\u00bb25px\u00bb header_2_font_size_last_edited=\u00bbon|phone\u00bb border_width_right=\u00bb2px\u00bb border_color_right=\u00bb#cccccc\u00bb border_width_right_tablet=\u00bb\u00bb border_width_right_phone=\u00bb0px\u00bb border_width_right_last_edited=\u00bbon|phone\u00bb locked=\u00bboff\u00bb global_colors_info=\u00bb{}\u00bb]<\/p>\n<h2>Por qu\u00e9 gap en Sparta Sport Center Zamora<\/h2>\n<p>[\/et_pb_text][\/et_pb_column][et_pb_column type=\u00bb2_3&#8243; _builder_version=\u00bb4.16&#8243; _module_preset=\u00bbdefault\u00bb global_colors_info=\u00bb{}\u00bb][et_pb_text _builder_version=\u00bb4.16&#8243; text_font=\u00bb|300|||||||\u00bb text_text_color=\u00bb#cccccc\u00bb text_line_height=\u00bb1.1em\u00bb header_font=\u00bb|300|||||||\u00bb header_2_font=\u00bb|300||on|||||\u00bb header_2_text_color=\u00bb#cccccc\u00bb header_2_font_size=\u00bb36px\u00bb header_2_letter_spacing=\u00bb2px\u00bb background_layout=\u00bbdark\u00bb global_colors_info=\u00bb{}\u00bb]En <b>Sparta Sport Center Zamora<\/b>, somos m\u00e1s que una familia al igual que un gimnasio. Al formar parte de nuestra familia, tendr\u00e1s acceso al mejor equipo con la mejor disposici\u00f3n para cumplir los objetivos propuestos.<\/p>\n<p>Crear h\u00e1bitos y puntualizar metas puede llegar a ser un trabajo tedioso y complicado si est\u00e1s solo, pero de nuestra mano podr\u00e1s llegar al progreso y meta deseada. Tus progresos los compartimos y celebramos, por eso realizamos un registro de cada meta alcanzada, facilitando as\u00ed, entender la capacidad de logro que puedes tener.<\/p>\n<p>Las <b>m\u00e1quinas, espacio y atenci\u00f3n<\/b>, son parte de nuestro ofrecimiento invaluable. Nos enfocamos en ofrecerte un trabajo de alta calidad, facilitando tu preparaci\u00f3n y ejercitaci\u00f3n. Solo falta que te atrevas a aceptar el reto. En Sparta Sport Center Zamora te esperamos para ayudarte a cumplir tus metas f\u00edsicas.[\/et_pb_text][\/et_pb_column][\/et_pb_row][\/et_pb_section]<\/p>\n","protected":false},"excerpt":{"rendered":"<p>clases de gap en ZamoraLas opciones para fortalecer y definir regiones particulares del cuerpo incluyen una amplia variedad de ejercicios asociados a otros dinamismos funcionales, cuyo objetivo es realizar la activaci\u00f3n y fortalecimiento de los m\u00fasculos de forma grupal y no particular. Si buscas potenciar el sistema muscular de tu tren inferior, las clases de [&hellip;]<\/p>\n","protected":false},"author":1,"featured_media":220074,"parent":0,"menu_order":0,"comment_status":"closed","ping_status":"closed","template":"","meta":{"_et_pb_use_builder":"on","_et_pb_old_content":"","_et_gb_content_width":"","footnotes":""},"class_list":["post-206550","page","type-page","status-publish","has-post-thumbnail","hentry"],"yoast_head":"<!-- This site is optimized with the Yoast SEO plugin v27.4 - https:\/\/yoast.com\/product\/yoast-seo-wordpress\/ -->\n<title>GAP en Zamora - 1 D\u00cdA GRATIS | Sparta Sport Center<\/title>\n<meta name=\"description\" content=\"Maximiza tus logros con nuestras CLASES DE GAP DIRIGIDAS en Zamora. Conseguir\u00e1s fortalecer, moldear y tonificar tus gl\u00fateos, piernas y abdomen.\" \/>\n<meta name=\"robots\" content=\"index, follow, max-snippet:-1, max-image-preview:large, max-video-preview:-1\" \/>\n<link rel=\"canonical\" href=\"https:\/\/spartasportcenter.com\/zamora\/gap-zamora\/\" \/>\n<meta property=\"og:locale\" content=\"es_ES\" \/>\n<meta property=\"og:type\" content=\"article\" \/>\n<meta property=\"og:title\" content=\"GAP en Zamora - 1 D\u00cdA GRATIS | Sparta Sport Center\" \/>\n<meta property=\"og:description\" content=\"Maximiza tus logros con nuestras CLASES DE GAP DIRIGIDAS en Zamora. Conseguir\u00e1s fortalecer, moldear y tonificar tus gl\u00fateos, piernas y abdomen.\" \/>\n<meta property=\"og:url\" content=\"https:\/\/spartasportcenter.com\/zamora\/gap-zamora\/\" \/>\n<meta property=\"og:site_name\" content=\"Sparta Sport Center Zamora\" \/>\n<meta property=\"article:modified_time\" content=\"2026-02-18T16:16:49+00:00\" \/>\n<meta property=\"og:image\" content=\"https:\/\/spartasportcenter.com\/zamora\/wp-content\/uploads\/2024\/06\/gap-zamora.webp\" \/>\n\t<meta property=\"og:image:width\" content=\"2000\" \/>\n\t<meta property=\"og:image:height\" content=\"1333\" \/>\n\t<meta property=\"og:image:type\" content=\"image\/webp\" \/>\n<meta name=\"twitter:card\" content=\"summary_large_image\" \/>\n<meta name=\"twitter:label1\" content=\"Tiempo de lectura\" \/>\n\t<meta name=\"twitter:data1\" content=\"3 minutos\" \/>\n<script type=\"application\/ld+json\" class=\"yoast-schema-graph\">{\"@context\":\"https:\\\/\\\/schema.org\",\"@graph\":[{\"@type\":\"WebPage\",\"@id\":\"https:\\\/\\\/spartasportcenter.com\\\/zamora\\\/gap-zamora\\\/\",\"url\":\"https:\\\/\\\/spartasportcenter.com\\\/zamora\\\/gap-zamora\\\/\",\"name\":\"GAP en Zamora - 1 D\u00cdA GRATIS | Sparta Sport Center\",\"isPartOf\":{\"@id\":\"https:\\\/\\\/spartasportcenter.com\\\/zamora\\\/#website\"},\"primaryImageOfPage\":{\"@id\":\"https:\\\/\\\/spartasportcenter.com\\\/zamora\\\/gap-zamora\\\/#primaryimage\"},\"image\":{\"@id\":\"https:\\\/\\\/spartasportcenter.com\\\/zamora\\\/gap-zamora\\\/#primaryimage\"},\"thumbnailUrl\":\"https:\\\/\\\/spartasportcenter.com\\\/zamora\\\/wp-content\\\/uploads\\\/2024\\\/06\\\/gap-zamora.webp\",\"datePublished\":\"2018-08-20T15:44:57+00:00\",\"dateModified\":\"2026-02-18T16:16:49+00:00\",\"description\":\"Maximiza tus logros con nuestras CLASES DE GAP DIRIGIDAS en Zamora. Conseguir\u00e1s fortalecer, moldear y tonificar tus gl\u00fateos, piernas y abdomen.\",\"breadcrumb\":{\"@id\":\"https:\\\/\\\/spartasportcenter.com\\\/zamora\\\/gap-zamora\\\/#breadcrumb\"},\"inLanguage\":\"es\",\"potentialAction\":[{\"@type\":\"ReadAction\",\"target\":[\"https:\\\/\\\/spartasportcenter.com\\\/zamora\\\/gap-zamora\\\/\"]}]},{\"@type\":\"ImageObject\",\"inLanguage\":\"es\",\"@id\":\"https:\\\/\\\/spartasportcenter.com\\\/zamora\\\/gap-zamora\\\/#primaryimage\",\"url\":\"https:\\\/\\\/spartasportcenter.com\\\/zamora\\\/wp-content\\\/uploads\\\/2024\\\/06\\\/gap-zamora.webp\",\"contentUrl\":\"https:\\\/\\\/spartasportcenter.com\\\/zamora\\\/wp-content\\\/uploads\\\/2024\\\/06\\\/gap-zamora.webp\",\"width\":2000,\"height\":1333,\"caption\":\"gap zamora\"},{\"@type\":\"BreadcrumbList\",\"@id\":\"https:\\\/\\\/spartasportcenter.com\\\/zamora\\\/gap-zamora\\\/#breadcrumb\",\"itemListElement\":[{\"@type\":\"ListItem\",\"position\":1,\"name\":\"Portada\",\"item\":\"https:\\\/\\\/spartasportcenter.com\\\/zamora\\\/\"},{\"@type\":\"ListItem\",\"position\":2,\"name\":\"GAP Zamora\"}]},{\"@type\":\"WebSite\",\"@id\":\"https:\\\/\\\/spartasportcenter.com\\\/zamora\\\/#website\",\"url\":\"https:\\\/\\\/spartasportcenter.com\\\/zamora\\\/\",\"name\":\"Sparta Sport Center Zamora\",\"description\":\"Gimnasios en Zamora\",\"potentialAction\":[{\"@type\":\"SearchAction\",\"target\":{\"@type\":\"EntryPoint\",\"urlTemplate\":\"https:\\\/\\\/spartasportcenter.com\\\/zamora\\\/?s={search_term_string}\"},\"query-input\":{\"@type\":\"PropertyValueSpecification\",\"valueRequired\":true,\"valueName\":\"search_term_string\"}}],\"inLanguage\":\"es\"}]}<\/script>\n<!-- \/ Yoast SEO plugin. -->","yoast_head_json":{"title":"GAP en Zamora - 1 D\u00cdA GRATIS | Sparta Sport Center","description":"Maximiza tus logros con nuestras CLASES DE GAP DIRIGIDAS en Zamora. Conseguir\u00e1s fortalecer, moldear y tonificar tus gl\u00fateos, piernas y abdomen.","robots":{"index":"index","follow":"follow","max-snippet":"max-snippet:-1","max-image-preview":"max-image-preview:large","max-video-preview":"max-video-preview:-1"},"canonical":"https:\/\/spartasportcenter.com\/zamora\/gap-zamora\/","og_locale":"es_ES","og_type":"article","og_title":"GAP en Zamora - 1 D\u00cdA GRATIS | Sparta Sport Center","og_description":"Maximiza tus logros con nuestras CLASES DE GAP DIRIGIDAS en Zamora. Conseguir\u00e1s fortalecer, moldear y tonificar tus gl\u00fateos, piernas y abdomen.","og_url":"https:\/\/spartasportcenter.com\/zamora\/gap-zamora\/","og_site_name":"Sparta Sport Center Zamora","article_modified_time":"2026-02-18T16:16:49+00:00","og_image":[{"width":2000,"height":1333,"url":"https:\/\/spartasportcenter.com\/zamora\/wp-content\/uploads\/2024\/06\/gap-zamora.webp","type":"image\/webp"}],"twitter_card":"summary_large_image","twitter_misc":{"Tiempo de lectura":"3 minutos"},"schema":{"@context":"https:\/\/schema.org","@graph":[{"@type":"WebPage","@id":"https:\/\/spartasportcenter.com\/zamora\/gap-zamora\/","url":"https:\/\/spartasportcenter.com\/zamora\/gap-zamora\/","name":"GAP en Zamora - 1 D\u00cdA GRATIS | Sparta Sport Center","isPartOf":{"@id":"https:\/\/spartasportcenter.com\/zamora\/#website"},"primaryImageOfPage":{"@id":"https:\/\/spartasportcenter.com\/zamora\/gap-zamora\/#primaryimage"},"image":{"@id":"https:\/\/spartasportcenter.com\/zamora\/gap-zamora\/#primaryimage"},"thumbnailUrl":"https:\/\/spartasportcenter.com\/zamora\/wp-content\/uploads\/2024\/06\/gap-zamora.webp","datePublished":"2018-08-20T15:44:57+00:00","dateModified":"2026-02-18T16:16:49+00:00","description":"Maximiza tus logros con nuestras CLASES DE GAP DIRIGIDAS en Zamora. Conseguir\u00e1s fortalecer, moldear y tonificar tus gl\u00fateos, piernas y abdomen.","breadcrumb":{"@id":"https:\/\/spartasportcenter.com\/zamora\/gap-zamora\/#breadcrumb"},"inLanguage":"es","potentialAction":[{"@type":"ReadAction","target":["https:\/\/spartasportcenter.com\/zamora\/gap-zamora\/"]}]},{"@type":"ImageObject","inLanguage":"es","@id":"https:\/\/spartasportcenter.com\/zamora\/gap-zamora\/#primaryimage","url":"https:\/\/spartasportcenter.com\/zamora\/wp-content\/uploads\/2024\/06\/gap-zamora.webp","contentUrl":"https:\/\/spartasportcenter.com\/zamora\/wp-content\/uploads\/2024\/06\/gap-zamora.webp","width":2000,"height":1333,"caption":"gap zamora"},{"@type":"BreadcrumbList","@id":"https:\/\/spartasportcenter.com\/zamora\/gap-zamora\/#breadcrumb","itemListElement":[{"@type":"ListItem","position":1,"name":"Portada","item":"https:\/\/spartasportcenter.com\/zamora\/"},{"@type":"ListItem","position":2,"name":"GAP Zamora"}]},{"@type":"WebSite","@id":"https:\/\/spartasportcenter.com\/zamora\/#website","url":"https:\/\/spartasportcenter.com\/zamora\/","name":"Sparta Sport Center Zamora","description":"Gimnasios en Zamora","potentialAction":[{"@type":"SearchAction","target":{"@type":"EntryPoint","urlTemplate":"https:\/\/spartasportcenter.com\/zamora\/?s={search_term_string}"},"query-input":{"@type":"PropertyValueSpecification","valueRequired":true,"valueName":"search_term_string"}}],"inLanguage":"es"}]}},"_links":{"self":[{"href":"https:\/\/spartasportcenter.com\/zamora\/wp-json\/wp\/v2\/pages\/206550","targetHints":{"allow":["GET"]}}],"collection":[{"href":"https:\/\/spartasportcenter.com\/zamora\/wp-json\/wp\/v2\/pages"}],"about":[{"href":"https:\/\/spartasportcenter.com\/zamora\/wp-json\/wp\/v2\/types\/page"}],"author":[{"embeddable":true,"href":"https:\/\/spartasportcenter.com\/zamora\/wp-json\/wp\/v2\/users\/1"}],"replies":[{"embeddable":true,"href":"https:\/\/spartasportcenter.com\/zamora\/wp-json\/wp\/v2\/comments?post=206550"}],"version-history":[{"count":11,"href":"https:\/\/spartasportcenter.com\/zamora\/wp-json\/wp\/v2\/pages\/206550\/revisions"}],"predecessor-version":[{"id":221289,"href":"https:\/\/spartasportcenter.com\/zamora\/wp-json\/wp\/v2\/pages\/206550\/revisions\/221289"}],"wp:featuredmedia":[{"embeddable":true,"href":"https:\/\/spartasportcenter.com\/zamora\/wp-json\/wp\/v2\/media\/220074"}],"wp:attachment":[{"href":"https:\/\/spartasportcenter.com\/zamora\/wp-json\/wp\/v2\/media?parent=206550"}],"curies":[{"name":"wp","href":"https:\/\/api.w.org\/{rel}","templated":true}]}}