{"id":218834,"date":"2023-03-30T13:39:58","date_gmt":"2023-03-30T11:39:58","guid":{"rendered":"https:\/\/spartasportcenter.com\/tudela\/?page_id=218834"},"modified":"2026-01-07T10:30:39","modified_gmt":"2026-01-07T09:30:39","slug":"step-tudela","status":"publish","type":"page","link":"https:\/\/spartasportcenter.com\/tudela\/step-tudela\/","title":{"rendered":"Step Tudela"},"content":{"rendered":"<p>[et_pb_section fb_built=\u00bb1&#8243; custom_padding_last_edited=\u00bbon|phone\u00bb disabled_on=\u00bboff|off|off\u00bb _builder_version=\u00bb4.27.5&#8243; background_color=\u00bb#000000&#8243; background_enable_image=\u00bboff\u00bb custom_margin=\u00bb||||false|false\u00bb custom_padding=\u00bb80px|0px|0px|0px|false|false\u00bb custom_padding_tablet=\u00bb\u00bb custom_padding_phone=\u00bb30px||50px||false|false\u00bb hover_enabled=\u00bb0&#8243; global_colors_info=\u00bb{}\u00bb sticky_enabled=\u00bb0&#8243;][et_pb_row column_structure=\u00bb1_3,2_3&#8243; custom_padding_last_edited=\u00bbon|desktop\u00bb _builder_version=\u00bb4.16&#8243; _module_preset=\u00bbdefault\u00bb custom_padding=\u00bb0px||||false|false\u00bb custom_padding_tablet=\u00bb\u00bb custom_padding_phone=\u00bb0px||||false|false\u00bb global_colors_info=\u00bb{}\u00bb][et_pb_column type=\u00bb1_3&#8243; _builder_version=\u00bb4.16&#8243; _module_preset=\u00bbdefault\u00bb global_colors_info=\u00bb{}\u00bb][et_pb_text _builder_version=\u00bb4.20.2&#8243; text_font=\u00bb||||||||\u00bb header_font=\u00bb||||||||\u00bb header_text_align=\u00bbcenter\u00bb header_2_font=\u00bb|300||on|||||\u00bb header_2_text_align=\u00bbright\u00bb header_2_font_size=\u00bb29px\u00bb custom_margin=\u00bb||0px||false|false\u00bb custom_padding=\u00bb|15%|0px||false|false\u00bb header_2_text_align_tablet=\u00bb\u00bb header_2_text_align_phone=\u00bbleft\u00bb header_2_text_align_last_edited=\u00bbon|phone\u00bb header_2_font_size_tablet=\u00bb51px\u00bb header_2_font_size_phone=\u00bb25px\u00bb header_2_font_size_last_edited=\u00bbon|phone\u00bb border_width_right=\u00bb2px\u00bb border_color_right=\u00bb#cccccc\u00bb border_width_right_tablet=\u00bb\u00bb border_width_right_phone=\u00bb0px\u00bb border_width_right_last_edited=\u00bbon|phone\u00bb locked=\u00bboff\u00bb global_colors_info=\u00bb{}\u00bb]<\/p>\n<h2>Clases de step en Tudela<\/h2>\n<p>[\/et_pb_text][\/et_pb_column][et_pb_column type=\u00bb2_3&#8243; _builder_version=\u00bb4.16&#8243; _module_preset=\u00bbdefault\u00bb global_colors_info=\u00bb{}\u00bb][et_pb_text _builder_version=\u00bb4.20.2&#8243; text_font=\u00bb|300|||||||\u00bb text_text_color=\u00bb#cccccc\u00bb text_line_height=\u00bb1.1em\u00bb header_font=\u00bb|300|||||||\u00bb header_2_font=\u00bb|300||on|||||\u00bb header_2_text_color=\u00bb#cccccc\u00bb header_2_font_size=\u00bb36px\u00bb header_2_letter_spacing=\u00bb2px\u00bb background_layout=\u00bbdark\u00bb global_colors_info=\u00bb{}\u00bb]<\/p>\n<p><span style=\"font-weight: 400;\">\u00bfTe apetece ejercitarte de una forma diferente? Si la respuesta es que s\u00ed, <\/span><b>el Step en Tudela puede ser lo que estabas buscando<\/b><span style=\"font-weight: 400;\">, ya que aunque este deporte tiene ya unos a\u00f1os, lo cierto es que no es muy com\u00fan que se ofrezca en los gimnasios, algo que nosotros s\u00ed hacemos.<\/span><\/p>\n<p><span style=\"font-weight: 400;\">Para las clases de Step en Tudela se necesita una especie de escal\u00f3n que es el que da nombre a esta pr\u00e1ctica deportiva que consiste en subir y bajar de este peque\u00f1o pelda\u00f1o, cuya altura puede ser mayor o menor dependiendo de nuestro nivel f\u00edsico.<\/span><\/p>\n<p><span style=\"font-weight: 400;\">Acompa\u00f1ado de m\u00fasica vas a llevar a cabo una serie de ejercicios que derivan del aerobic, con los cuales vas a mejorar mucho los m\u00fasculos de las piernas y de los gl\u00fateos, que son los que m\u00e1s se trabajan como ocurre si subes escaleras a menudo.<\/span><\/p>\n<p><b>Es un entrenamiento cardiovascular muy completo<\/b><span style=\"font-weight: 400;\"> y no debes dejarte enga\u00f1ar por las apariencias, pues es un ejercicio que llega a ser muy intenso dependiendo de la rutina que nos vaya marcando el entrenador.<\/span><\/p>\n<p><span style=\"font-weight: 400;\">Puedes probarlo si no lo conoces y seguro que te sorprende, pasando a ser un entrenamiento que ir\u00e1 de los primeros en tu lista al ser divertido gracias a la m\u00fasica y a que las clases se hacen en grupo.<\/span><\/p>\n<p>[\/et_pb_text][\/et_pb_column][\/et_pb_row][et_pb_row column_structure=\u00bb1_3,2_3&#8243; custom_padding_last_edited=\u00bbon|phone\u00bb _builder_version=\u00bb4.16&#8243; _module_preset=\u00bbdefault\u00bb custom_margin=\u00bb||0px||false|false\u00bb custom_padding=\u00bb||||false|false\u00bb custom_padding_tablet=\u00bb\u00bb custom_padding_phone=\u00bb0px||0px||false|false\u00bb global_colors_info=\u00bb{}\u00bb][et_pb_column type=\u00bb1_3&#8243; _builder_version=\u00bb4.16&#8243; _module_preset=\u00bbdefault\u00bb global_colors_info=\u00bb{}\u00bb][et_pb_text _builder_version=\u00bb4.20.2&#8243; text_font=\u00bb||||||||\u00bb header_font=\u00bb||||||||\u00bb header_text_align=\u00bbcenter\u00bb header_2_font=\u00bb|300||on|||||\u00bb header_2_text_align=\u00bbright\u00bb header_2_font_size=\u00bb29px\u00bb custom_margin=\u00bb||0px||false|false\u00bb custom_padding=\u00bb|15%|0px||false|false\u00bb header_2_text_align_tablet=\u00bb\u00bb header_2_text_align_phone=\u00bbleft\u00bb header_2_text_align_last_edited=\u00bbon|phone\u00bb header_2_font_size_tablet=\u00bb51px\u00bb header_2_font_size_phone=\u00bb25px\u00bb header_2_font_size_last_edited=\u00bbon|phone\u00bb border_width_right=\u00bb2px\u00bb border_color_right=\u00bb#cccccc\u00bb border_width_right_tablet=\u00bb\u00bb border_width_right_phone=\u00bb0px\u00bb border_width_right_last_edited=\u00bbon|phone\u00bb locked=\u00bboff\u00bb global_colors_info=\u00bb{}\u00bb]<\/p>\n<h2>Beneficios del step en Tudela<\/h2>\n<p>[\/et_pb_text][\/et_pb_column][et_pb_column type=\u00bb2_3&#8243; _builder_version=\u00bb4.16&#8243; _module_preset=\u00bbdefault\u00bb global_colors_info=\u00bb{}\u00bb][et_pb_text _builder_version=\u00bb4.20.2&#8243; text_font=\u00bb|300|||||||\u00bb text_text_color=\u00bb#cccccc\u00bb text_line_height=\u00bb1.1em\u00bb header_font=\u00bb|300|||||||\u00bb header_2_font=\u00bb|300||on|||||\u00bb header_2_text_color=\u00bb#cccccc\u00bb header_2_font_size=\u00bb36px\u00bb header_2_letter_spacing=\u00bb2px\u00bb background_layout=\u00bbdark\u00bb global_colors_info=\u00bb{}\u00bb]<\/p>\n<p><span style=\"font-weight: 400;\">El <\/span><b>entrenamiento de Step<\/b><span style=\"font-weight: 400;\"> en Tudela puede parecer muy suave desde fuera, pero si te decides por \u00e9l enseguida te das cuenta de los beneficios que te proporciona.<\/span><\/p>\n<p><span style=\"font-weight: 400;\">Este deporte te otorga resistencia, la cual vas a ir desarrollando a medida que pasen las sesiones, que tambi\u00e9n te ayudan a ganar coordinaci\u00f3n y agilidad, que son necesarias con el fin de poder seguir el ritmo.<\/span><\/p>\n<p><span style=\"font-weight: 400;\">Adem\u00e1s, y aunque no es una clase de ejercicio encaminado a ello, tambi\u00e9n te permite aumentar tu fuerza muscular, en especial en el tren inferior y lo mismo ocurre con la flexibilidad, que se mejora a base de repeticiones de cada movimiento.<\/span><\/p>\n<p><span style=\"font-weight: 400;\">Tambi\u00e9n te va a ayudar a desarrollar la concentraci\u00f3n, lo cual no es com\u00fan en los ejercicios que se hacen en los gimnasios, puesto que tendr\u00e1s que ir memorizando las rutinas que va proponiendo el profesor, coordinarte con el resto de los compa\u00f1eros y saber cu\u00e1ntas repeticiones llevas, todo ello a un ritmo que puede ser vertiginoso.<\/span><\/p>\n<p><span style=\"font-weight: 400;\">En definitiva, <\/span><b>el Step es una disciplina muy completa<\/b><span style=\"font-weight: 400;\"> en la que intervienen tanto los brazos como las piernas, y en el que se implican todos los m\u00fasculos del cuerpo gracias a los diferentes movimientos desarrollados durante d\u00e9cadas.<\/span><\/p>\n<p>[\/et_pb_text][\/et_pb_column][\/et_pb_row][\/et_pb_section][et_pb_section fb_built=\u00bb1&#8243; custom_padding_last_edited=\u00bbon|phone\u00bb _builder_version=\u00bb4.27.5&#8243; _module_preset=\u00bbdefault\u00bb background_color=\u00bb#000000&#8243; custom_padding=\u00bb0px||50px||false|false\u00bb custom_padding_tablet=\u00bb\u00bb custom_padding_phone=\u00bb||30px||false|false\u00bb hover_enabled=\u00bb0&#8243; global_colors_info=\u00bb{}\u00bb sticky_enabled=\u00bb0&#8243;][et_pb_row column_structure=\u00bb1_3,2_3&#8243; custom_padding_last_edited=\u00bbon|phone\u00bb _builder_version=\u00bb4.16&#8243; _module_preset=\u00bbdefault\u00bb custom_padding_tablet=\u00bb\u00bb custom_padding_phone=\u00bb0px||0px||false|false\u00bb global_colors_info=\u00bb{}\u00bb][et_pb_column type=\u00bb1_3&#8243; _builder_version=\u00bb4.16&#8243; _module_preset=\u00bbdefault\u00bb global_colors_info=\u00bb{}\u00bb][et_pb_text _builder_version=\u00bb4.20.2&#8243; text_font=\u00bb||||||||\u00bb header_font=\u00bb||||||||\u00bb header_text_align=\u00bbcenter\u00bb header_2_font=\u00bb|300||on|||||\u00bb header_2_text_align=\u00bbright\u00bb header_2_font_size=\u00bb29px\u00bb custom_margin=\u00bb||0px||false|false\u00bb custom_padding=\u00bb|15%|0px||false|false\u00bb header_2_text_align_tablet=\u00bb\u00bb header_2_text_align_phone=\u00bbleft\u00bb header_2_text_align_last_edited=\u00bbon|phone\u00bb header_2_font_size_tablet=\u00bb51px\u00bb header_2_font_size_phone=\u00bb25px\u00bb header_2_font_size_last_edited=\u00bbon|phone\u00bb border_width_right=\u00bb2px\u00bb border_color_right=\u00bb#cccccc\u00bb border_width_right_tablet=\u00bb\u00bb border_width_right_phone=\u00bb0px\u00bb border_width_right_last_edited=\u00bbon|phone\u00bb locked=\u00bboff\u00bb global_colors_info=\u00bb{}\u00bb]<\/p>\n<h2>Por qu\u00e9 step en Sparta Sport Center Tudela<\/h2>\n<p>[\/et_pb_text][\/et_pb_column][et_pb_column type=\u00bb2_3&#8243; _builder_version=\u00bb4.16&#8243; _module_preset=\u00bbdefault\u00bb global_colors_info=\u00bb{}\u00bb][et_pb_text _builder_version=\u00bb4.20.2&#8243; text_font=\u00bb|300|||||||\u00bb text_text_color=\u00bb#cccccc\u00bb text_line_height=\u00bb1.1em\u00bb header_font=\u00bb|300|||||||\u00bb header_2_font=\u00bb|300||on|||||\u00bb header_2_text_color=\u00bb#cccccc\u00bb header_2_font_size=\u00bb36px\u00bb header_2_letter_spacing=\u00bb2px\u00bb background_layout=\u00bbdark\u00bb global_colors_info=\u00bb{}\u00bb]<\/p>\n<p><span style=\"font-weight: 400;\">Si quieres tonificar tu cuerpo y mejorar tu salud, puedes <\/span><b>venir a nuestro centro de Tudela a practicar Step<\/b><span style=\"font-weight: 400;\">, ya que te vamos a dar lo necesario para que te lo pases genial mientras pierdes bastantes calor\u00edas en cada sesi\u00f3n.<\/span><\/p>\n<p><span style=\"font-weight: 400;\">Nuestros profesores sabr\u00e1n adaptar las rutinas a tu nivel, con el fin de que no te veas abrumado al principio o que no te aburras si comienzas con un buen nivel f\u00edsico, aunque seguro que la exigencia del Step te va a sorprender y te va a pedir m\u00e1s de lo que pensabas.<\/span><\/p>\n<p>[\/et_pb_text][\/et_pb_column][\/et_pb_row][\/et_pb_section]<\/p>\n","protected":false},"excerpt":{"rendered":"<p>Clases de step en Tudela\u00bfTe apetece ejercitarte de una forma diferente? Si la respuesta es que s\u00ed, el Step en Tudela puede ser lo que estabas buscando, ya que aunque este deporte tiene ya unos a\u00f1os, lo cierto es que no es muy com\u00fan que se ofrezca en los gimnasios, algo que nosotros s\u00ed hacemos. [&hellip;]<\/p>\n","protected":false},"author":1,"featured_media":221103,"parent":0,"menu_order":0,"comment_status":"closed","ping_status":"closed","template":"","meta":{"_et_pb_use_builder":"on","_et_pb_old_content":"","_et_gb_content_width":"","footnotes":""},"class_list":["post-218834","page","type-page","status-publish","has-post-thumbnail","hentry"],"yoast_head":"<!-- This site is optimized with the Yoast SEO plugin v27.4 - https:\/\/yoast.com\/product\/yoast-seo-wordpress\/ -->\n<title>Step Tudela | Sparta Sport Center<\/title>\n<meta name=\"description\" content=\"\u00bfEst\u00e1s buscando un gimnasio para practicar step en Tudela? En Sparta Sport Center podemos ayudarte. \u00a1Reserva con nosotros!\" \/>\n<meta name=\"robots\" content=\"index, follow, max-snippet:-1, max-image-preview:large, max-video-preview:-1\" \/>\n<link rel=\"canonical\" href=\"https:\/\/spartasportcenter.com\/tudela\/step-tudela\/\" \/>\n<meta property=\"og:locale\" content=\"es_ES\" \/>\n<meta property=\"og:type\" content=\"article\" \/>\n<meta property=\"og:title\" content=\"Step Tudela | Sparta Sport Center\" \/>\n<meta property=\"og:description\" content=\"\u00bfEst\u00e1s buscando un gimnasio para practicar step en Tudela? En Sparta Sport Center podemos ayudarte. \u00a1Reserva con nosotros!\" \/>\n<meta property=\"og:url\" content=\"https:\/\/spartasportcenter.com\/tudela\/step-tudela\/\" \/>\n<meta property=\"og:site_name\" content=\"Sparta Sport Center Tudela\" \/>\n<meta property=\"article:modified_time\" content=\"2026-01-07T09:30:39+00:00\" \/>\n<meta property=\"og:image\" content=\"https:\/\/spartasportcenter.com\/tudela\/wp-content\/uploads\/2024\/06\/step-tudela.webp\" \/>\n\t<meta property=\"og:image:width\" content=\"2000\" \/>\n\t<meta property=\"og:image:height\" content=\"1333\" \/>\n\t<meta property=\"og:image:type\" content=\"image\/webp\" \/>\n<meta name=\"twitter:card\" content=\"summary_large_image\" \/>\n<meta name=\"twitter:label1\" content=\"Tiempo de lectura\" \/>\n\t<meta name=\"twitter:data1\" content=\"6 minutos\" \/>\n<script type=\"application\/ld+json\" class=\"yoast-schema-graph\">{\"@context\":\"https:\\\/\\\/schema.org\",\"@graph\":[{\"@type\":\"WebPage\",\"@id\":\"https:\\\/\\\/spartasportcenter.com\\\/tudela\\\/step-tudela\\\/\",\"url\":\"https:\\\/\\\/spartasportcenter.com\\\/tudela\\\/step-tudela\\\/\",\"name\":\"Step Tudela | Sparta Sport Center\",\"isPartOf\":{\"@id\":\"https:\\\/\\\/spartasportcenter.com\\\/tudela\\\/#website\"},\"primaryImageOfPage\":{\"@id\":\"https:\\\/\\\/spartasportcenter.com\\\/tudela\\\/step-tudela\\\/#primaryimage\"},\"image\":{\"@id\":\"https:\\\/\\\/spartasportcenter.com\\\/tudela\\\/step-tudela\\\/#primaryimage\"},\"thumbnailUrl\":\"https:\\\/\\\/spartasportcenter.com\\\/tudela\\\/wp-content\\\/uploads\\\/2024\\\/06\\\/step-tudela.webp\",\"datePublished\":\"2023-03-30T11:39:58+00:00\",\"dateModified\":\"2026-01-07T09:30:39+00:00\",\"description\":\"\u00bfEst\u00e1s buscando un gimnasio para practicar step en Tudela? En Sparta Sport Center podemos ayudarte. \u00a1Reserva con nosotros!\",\"breadcrumb\":{\"@id\":\"https:\\\/\\\/spartasportcenter.com\\\/tudela\\\/step-tudela\\\/#breadcrumb\"},\"inLanguage\":\"es\",\"potentialAction\":[{\"@type\":\"ReadAction\",\"target\":[\"https:\\\/\\\/spartasportcenter.com\\\/tudela\\\/step-tudela\\\/\"]}]},{\"@type\":\"ImageObject\",\"inLanguage\":\"es\",\"@id\":\"https:\\\/\\\/spartasportcenter.com\\\/tudela\\\/step-tudela\\\/#primaryimage\",\"url\":\"https:\\\/\\\/spartasportcenter.com\\\/tudela\\\/wp-content\\\/uploads\\\/2024\\\/06\\\/step-tudela.webp\",\"contentUrl\":\"https:\\\/\\\/spartasportcenter.com\\\/tudela\\\/wp-content\\\/uploads\\\/2024\\\/06\\\/step-tudela.webp\",\"width\":2000,\"height\":1333,\"caption\":\"step tudela\"},{\"@type\":\"BreadcrumbList\",\"@id\":\"https:\\\/\\\/spartasportcenter.com\\\/tudela\\\/step-tudela\\\/#breadcrumb\",\"itemListElement\":[{\"@type\":\"ListItem\",\"position\":1,\"name\":\"Portada\",\"item\":\"https:\\\/\\\/spartasportcenter.com\\\/tudela\\\/\"},{\"@type\":\"ListItem\",\"position\":2,\"name\":\"Step Tudela\"}]},{\"@type\":\"WebSite\",\"@id\":\"https:\\\/\\\/spartasportcenter.com\\\/tudela\\\/#website\",\"url\":\"https:\\\/\\\/spartasportcenter.com\\\/tudela\\\/\",\"name\":\"Sparta Sport Center Tudela\",\"description\":\"Gimnasios en Tudela\",\"potentialAction\":[{\"@type\":\"SearchAction\",\"target\":{\"@type\":\"EntryPoint\",\"urlTemplate\":\"https:\\\/\\\/spartasportcenter.com\\\/tudela\\\/?s={search_term_string}\"},\"query-input\":{\"@type\":\"PropertyValueSpecification\",\"valueRequired\":true,\"valueName\":\"search_term_string\"}}],\"inLanguage\":\"es\"}]}<\/script>\n<!-- \/ Yoast SEO plugin. -->","yoast_head_json":{"title":"Step Tudela | Sparta Sport Center","description":"\u00bfEst\u00e1s buscando un gimnasio para practicar step en Tudela? En Sparta Sport Center podemos ayudarte. \u00a1Reserva con nosotros!","robots":{"index":"index","follow":"follow","max-snippet":"max-snippet:-1","max-image-preview":"max-image-preview:large","max-video-preview":"max-video-preview:-1"},"canonical":"https:\/\/spartasportcenter.com\/tudela\/step-tudela\/","og_locale":"es_ES","og_type":"article","og_title":"Step Tudela | Sparta Sport Center","og_description":"\u00bfEst\u00e1s buscando un gimnasio para practicar step en Tudela? En Sparta Sport Center podemos ayudarte. \u00a1Reserva con nosotros!","og_url":"https:\/\/spartasportcenter.com\/tudela\/step-tudela\/","og_site_name":"Sparta Sport Center Tudela","article_modified_time":"2026-01-07T09:30:39+00:00","og_image":[{"width":2000,"height":1333,"url":"https:\/\/spartasportcenter.com\/tudela\/wp-content\/uploads\/2024\/06\/step-tudela.webp","type":"image\/webp"}],"twitter_card":"summary_large_image","twitter_misc":{"Tiempo de lectura":"6 minutos"},"schema":{"@context":"https:\/\/schema.org","@graph":[{"@type":"WebPage","@id":"https:\/\/spartasportcenter.com\/tudela\/step-tudela\/","url":"https:\/\/spartasportcenter.com\/tudela\/step-tudela\/","name":"Step Tudela | Sparta Sport Center","isPartOf":{"@id":"https:\/\/spartasportcenter.com\/tudela\/#website"},"primaryImageOfPage":{"@id":"https:\/\/spartasportcenter.com\/tudela\/step-tudela\/#primaryimage"},"image":{"@id":"https:\/\/spartasportcenter.com\/tudela\/step-tudela\/#primaryimage"},"thumbnailUrl":"https:\/\/spartasportcenter.com\/tudela\/wp-content\/uploads\/2024\/06\/step-tudela.webp","datePublished":"2023-03-30T11:39:58+00:00","dateModified":"2026-01-07T09:30:39+00:00","description":"\u00bfEst\u00e1s buscando un gimnasio para practicar step en Tudela? En Sparta Sport Center podemos ayudarte. \u00a1Reserva con nosotros!","breadcrumb":{"@id":"https:\/\/spartasportcenter.com\/tudela\/step-tudela\/#breadcrumb"},"inLanguage":"es","potentialAction":[{"@type":"ReadAction","target":["https:\/\/spartasportcenter.com\/tudela\/step-tudela\/"]}]},{"@type":"ImageObject","inLanguage":"es","@id":"https:\/\/spartasportcenter.com\/tudela\/step-tudela\/#primaryimage","url":"https:\/\/spartasportcenter.com\/tudela\/wp-content\/uploads\/2024\/06\/step-tudela.webp","contentUrl":"https:\/\/spartasportcenter.com\/tudela\/wp-content\/uploads\/2024\/06\/step-tudela.webp","width":2000,"height":1333,"caption":"step tudela"},{"@type":"BreadcrumbList","@id":"https:\/\/spartasportcenter.com\/tudela\/step-tudela\/#breadcrumb","itemListElement":[{"@type":"ListItem","position":1,"name":"Portada","item":"https:\/\/spartasportcenter.com\/tudela\/"},{"@type":"ListItem","position":2,"name":"Step Tudela"}]},{"@type":"WebSite","@id":"https:\/\/spartasportcenter.com\/tudela\/#website","url":"https:\/\/spartasportcenter.com\/tudela\/","name":"Sparta Sport Center Tudela","description":"Gimnasios en Tudela","potentialAction":[{"@type":"SearchAction","target":{"@type":"EntryPoint","urlTemplate":"https:\/\/spartasportcenter.com\/tudela\/?s={search_term_string}"},"query-input":{"@type":"PropertyValueSpecification","valueRequired":true,"valueName":"search_term_string"}}],"inLanguage":"es"}]}},"_links":{"self":[{"href":"https:\/\/spartasportcenter.com\/tudela\/wp-json\/wp\/v2\/pages\/218834","targetHints":{"allow":["GET"]}}],"collection":[{"href":"https:\/\/spartasportcenter.com\/tudela\/wp-json\/wp\/v2\/pages"}],"about":[{"href":"https:\/\/spartasportcenter.com\/tudela\/wp-json\/wp\/v2\/types\/page"}],"author":[{"embeddable":true,"href":"https:\/\/spartasportcenter.com\/tudela\/wp-json\/wp\/v2\/users\/1"}],"replies":[{"embeddable":true,"href":"https:\/\/spartasportcenter.com\/tudela\/wp-json\/wp\/v2\/comments?post=218834"}],"version-history":[{"count":4,"href":"https:\/\/spartasportcenter.com\/tudela\/wp-json\/wp\/v2\/pages\/218834\/revisions"}],"predecessor-version":[{"id":223062,"href":"https:\/\/spartasportcenter.com\/tudela\/wp-json\/wp\/v2\/pages\/218834\/revisions\/223062"}],"wp:featuredmedia":[{"embeddable":true,"href":"https:\/\/spartasportcenter.com\/tudela\/wp-json\/wp\/v2\/media\/221103"}],"wp:attachment":[{"href":"https:\/\/spartasportcenter.com\/tudela\/wp-json\/wp\/v2\/media?parent=218834"}],"curies":[{"name":"wp","href":"https:\/\/api.w.org\/{rel}","templated":true}]}}