{"id":218826,"date":"2023-03-30T13:21:39","date_gmt":"2023-03-30T11:21:39","guid":{"rendered":"https:\/\/spartasportcenter.com\/tudela\/?page_id=218826"},"modified":"2026-01-07T10:30:12","modified_gmt":"2026-01-07T09:30:12","slug":"cross-training-tudela","status":"publish","type":"page","link":"https:\/\/spartasportcenter.com\/tudela\/cross-training-tudela\/","title":{"rendered":"Cross Training Tudela"},"content":{"rendered":"<p>[et_pb_section fb_built=\u00bb1&#8243; custom_padding_last_edited=\u00bbon|phone\u00bb disabled_on=\u00bboff|off|off\u00bb _builder_version=\u00bb4.27.5&#8243; background_color=\u00bb#000000&#8243; background_enable_image=\u00bboff\u00bb custom_margin=\u00bb||||false|false\u00bb custom_padding=\u00bb80px|0px|0px|0px|false|false\u00bb custom_padding_tablet=\u00bb\u00bb custom_padding_phone=\u00bb30px||50px||false|false\u00bb hover_enabled=\u00bb0&#8243; global_colors_info=\u00bb{}\u00bb sticky_enabled=\u00bb0&#8243;][et_pb_row column_structure=\u00bb1_3,2_3&#8243; custom_padding_last_edited=\u00bbon|desktop\u00bb _builder_version=\u00bb4.16&#8243; _module_preset=\u00bbdefault\u00bb custom_padding=\u00bb0px||||false|false\u00bb custom_padding_tablet=\u00bb\u00bb custom_padding_phone=\u00bb0px||||false|false\u00bb global_colors_info=\u00bb{}\u00bb][et_pb_column type=\u00bb1_3&#8243; _builder_version=\u00bb4.16&#8243; _module_preset=\u00bbdefault\u00bb global_colors_info=\u00bb{}\u00bb][et_pb_text _builder_version=\u00bb4.20.2&#8243; text_font=\u00bb||||||||\u00bb header_font=\u00bb||||||||\u00bb header_text_align=\u00bbcenter\u00bb header_2_font=\u00bb|300||on|||||\u00bb header_2_text_align=\u00bbright\u00bb header_2_font_size=\u00bb29px\u00bb custom_margin=\u00bb||0px||false|false\u00bb custom_padding=\u00bb|15%|0px||false|false\u00bb header_2_text_align_tablet=\u00bb\u00bb header_2_text_align_phone=\u00bbleft\u00bb header_2_text_align_last_edited=\u00bbon|phone\u00bb header_2_font_size_tablet=\u00bb51px\u00bb header_2_font_size_phone=\u00bb25px\u00bb header_2_font_size_last_edited=\u00bbon|phone\u00bb border_width_right=\u00bb2px\u00bb border_color_right=\u00bb#cccccc\u00bb border_width_right_tablet=\u00bb\u00bb border_width_right_phone=\u00bb0px\u00bb border_width_right_last_edited=\u00bbon|phone\u00bb locked=\u00bboff\u00bb global_colors_info=\u00bb{}\u00bb]<\/p>\n<h2>Clases de cross training en Tudela<\/h2>\n<p>[\/et_pb_text][\/et_pb_column][et_pb_column type=\u00bb2_3&#8243; _builder_version=\u00bb4.16&#8243; _module_preset=\u00bbdefault\u00bb global_colors_info=\u00bb{}\u00bb][et_pb_text _builder_version=\u00bb4.20.2&#8243; text_font=\u00bb|300|||||||\u00bb text_text_color=\u00bb#cccccc\u00bb text_line_height=\u00bb1.1em\u00bb header_font=\u00bb|300|||||||\u00bb header_2_font=\u00bb|300||on|||||\u00bb header_2_text_color=\u00bb#cccccc\u00bb header_2_font_size=\u00bb36px\u00bb header_2_letter_spacing=\u00bb2px\u00bb background_layout=\u00bbdark\u00bb global_colors_info=\u00bb{}\u00bb]<\/p>\n<p><span style=\"font-weight: 400;\">Es posible que ya hayas probado a ir al gimnasio, pero ponerte a trabajar t\u00fa solo en las m\u00e1quinas te aburra un poco y al final lo acabas dejando. Si te ha pasado, quiz\u00e1 <\/span><b>el Cross Training en Tudela<\/b><span style=\"font-weight: 400;\"> sea el tipo de deporte que estabas esperando.<\/span><\/p>\n<p><span style=\"font-weight: 400;\">El entrenamiento de Cross Training no tiene nada que ver con el que se hace en los gimnasios de siempre, ese en el que cada persona est\u00e1 sola en su m\u00e1quina realizando una rutina que se repite d\u00eda tras d\u00eda.<\/span><\/p>\n<p><span style=\"font-weight: 400;\">Aqu\u00ed se combinan ejercicios de fuerza con otros aer\u00f3bicos. Por ejemplo, har\u00e1s sentadillas, flexiones o zancadas, para despu\u00e9s pasar a las anillas o a las barras paralelas y posteriormente montar en bici o saltar.<\/span><\/p>\n<p><span style=\"font-weight: 400;\">De este modo, tu cuerpo ganar\u00e1 agilidad, resistencia y flexibilidad sin que apenas te des cuenta, mejorando poco a poco tu salud mientras te lo pasas bien en nuestro box siguiendo las indicaciones del entrenador, que siempre estar\u00e1 pendiente de ti.<\/span><\/p>\n<p><span style=\"font-weight: 400;\">Adem\u00e1s, vas a poder practicarlo aunque partas desde cero y tu forma f\u00edsica no sea la mejor. Es cierto que es un deporte de una gran intensidad, pero <\/span><b>no se llevan a cabo movimientos explosivos <\/b><span style=\"font-weight: 400;\">y puedes tener tu wod o rutina personalizada dependiendo de tus capacidades.<\/span><\/p>\n<p>[\/et_pb_text][\/et_pb_column][\/et_pb_row][et_pb_row column_structure=\u00bb1_3,2_3&#8243; custom_padding_last_edited=\u00bbon|phone\u00bb _builder_version=\u00bb4.16&#8243; _module_preset=\u00bbdefault\u00bb custom_margin=\u00bb||0px||false|false\u00bb custom_padding=\u00bb||||false|false\u00bb custom_padding_tablet=\u00bb\u00bb custom_padding_phone=\u00bb0px||0px||false|false\u00bb global_colors_info=\u00bb{}\u00bb][et_pb_column type=\u00bb1_3&#8243; _builder_version=\u00bb4.16&#8243; _module_preset=\u00bbdefault\u00bb global_colors_info=\u00bb{}\u00bb][et_pb_text _builder_version=\u00bb4.20.2&#8243; text_font=\u00bb||||||||\u00bb header_font=\u00bb||||||||\u00bb header_text_align=\u00bbcenter\u00bb header_2_font=\u00bb|300||on|||||\u00bb header_2_text_align=\u00bbright\u00bb header_2_font_size=\u00bb29px\u00bb custom_margin=\u00bb||0px||false|false\u00bb custom_padding=\u00bb|15%|0px||false|false\u00bb header_2_text_align_tablet=\u00bb\u00bb header_2_text_align_phone=\u00bbleft\u00bb header_2_text_align_last_edited=\u00bbon|phone\u00bb header_2_font_size_tablet=\u00bb51px\u00bb header_2_font_size_phone=\u00bb25px\u00bb header_2_font_size_last_edited=\u00bbon|phone\u00bb border_width_right=\u00bb2px\u00bb border_color_right=\u00bb#cccccc\u00bb border_width_right_tablet=\u00bb\u00bb border_width_right_phone=\u00bb0px\u00bb border_width_right_last_edited=\u00bbon|phone\u00bb locked=\u00bboff\u00bb global_colors_info=\u00bb{}\u00bb]<\/p>\n<h2>Beneficios del crosstraining en Tudela<\/h2>\n<p>[\/et_pb_text][\/et_pb_column][et_pb_column type=\u00bb2_3&#8243; _builder_version=\u00bb4.16&#8243; _module_preset=\u00bbdefault\u00bb global_colors_info=\u00bb{}\u00bb][et_pb_text _builder_version=\u00bb4.20.2&#8243; text_font=\u00bb|300|||||||\u00bb text_text_color=\u00bb#cccccc\u00bb text_line_height=\u00bb1.1em\u00bb header_font=\u00bb|300|||||||\u00bb header_2_font=\u00bb|300||on|||||\u00bb header_2_text_color=\u00bb#cccccc\u00bb header_2_font_size=\u00bb36px\u00bb header_2_letter_spacing=\u00bb2px\u00bb background_layout=\u00bbdark\u00bb global_colors_info=\u00bb{}\u00bb]<\/p>\n<p><span style=\"font-weight: 400;\">Las clases de Cross Training en Tudela te aportan muchas ventajas, como por ejemplo un mejor equilibrio y una mayor coordinaci\u00f3n en los movimientos de tu cuerpo, los cuales ir\u00e1s notando con el paso de las sesiones.<\/span><\/p>\n<p><span style=\"font-weight: 400;\">Tambi\u00e9n <\/span><b>ver\u00e1s que tienes m\u00e1s velocidad y potencia<\/b><span style=\"font-weight: 400;\">, algo que te vendr\u00e1 muy bien si practicas otros deportes, puesto que notar\u00e1s que puedes correr m\u00e1s deprisa, que tus arrancadas son m\u00e1s explosivas y que te cansas menos.<\/span><\/p>\n<p><span style=\"font-weight: 400;\">Si quieres perder peso este es uno de los mejores deportes que puedes practicar en nuestro gimnasio, pues mezcla ejercicios de fuerza y aer\u00f3bicos. Esta es una combinaci\u00f3n ideal para eliminar esos kilos que te sobran, puesto que te permite quemar grasa sin que tu musculaci\u00f3n se vea perjudicada.<\/span><\/p>\n<p><span style=\"font-weight: 400;\">No hay que olvidarse de que gracias a <\/span><b>practicar Cross Training en Tudela en Sparta Sport Center<\/b><span style=\"font-weight: 400;\"> vas a poder dejar a un lado muchas lesiones, ya que debido a la variedad de movimientos que vas a ejecutar tanto tus tendones como tus articulaciones se fortalecen.<\/span><\/p>\n<p><span style=\"font-weight: 400;\">Esto te servir\u00e1 a la hora de hacer deporte y en tu vida diaria porque la causa de muchos de los dolores articulares que padeces es que tus m\u00fasculos no son lo bastante fuertes, como ocurre con los c\u00e9lebres problemas de espalda.\u00a0<\/span><\/p>\n<p>[\/et_pb_text][\/et_pb_column][\/et_pb_row][\/et_pb_section][et_pb_section fb_built=\u00bb1&#8243; custom_padding_last_edited=\u00bbon|phone\u00bb _builder_version=\u00bb4.27.5&#8243; _module_preset=\u00bbdefault\u00bb background_color=\u00bb#000000&#8243; custom_padding=\u00bb0px||50px||false|false\u00bb custom_padding_tablet=\u00bb\u00bb custom_padding_phone=\u00bb||30px||false|false\u00bb hover_enabled=\u00bb0&#8243; global_colors_info=\u00bb{}\u00bb sticky_enabled=\u00bb0&#8243;][et_pb_row column_structure=\u00bb1_3,2_3&#8243; custom_padding_last_edited=\u00bbon|phone\u00bb _builder_version=\u00bb4.16&#8243; _module_preset=\u00bbdefault\u00bb custom_padding_tablet=\u00bb\u00bb custom_padding_phone=\u00bb0px||0px||false|false\u00bb global_colors_info=\u00bb{}\u00bb][et_pb_column type=\u00bb1_3&#8243; _builder_version=\u00bb4.16&#8243; _module_preset=\u00bbdefault\u00bb global_colors_info=\u00bb{}\u00bb][et_pb_text _builder_version=\u00bb4.20.2&#8243; text_font=\u00bb||||||||\u00bb header_font=\u00bb||||||||\u00bb header_text_align=\u00bbcenter\u00bb header_2_font=\u00bb|300||on|||||\u00bb header_2_text_align=\u00bbright\u00bb header_2_font_size=\u00bb29px\u00bb custom_margin=\u00bb||0px||false|false\u00bb custom_padding=\u00bb|15%|0px||false|false\u00bb header_2_text_align_tablet=\u00bb\u00bb header_2_text_align_phone=\u00bbleft\u00bb header_2_text_align_last_edited=\u00bbon|phone\u00bb header_2_font_size_tablet=\u00bb51px\u00bb header_2_font_size_phone=\u00bb25px\u00bb header_2_font_size_last_edited=\u00bbon|phone\u00bb border_width_right=\u00bb2px\u00bb border_color_right=\u00bb#cccccc\u00bb border_width_right_tablet=\u00bb\u00bb border_width_right_phone=\u00bb0px\u00bb border_width_right_last_edited=\u00bbon|phone\u00bb locked=\u00bboff\u00bb global_colors_info=\u00bb{}\u00bb]<\/p>\n<h2>Por qu\u00e9 cross training en Sparta Sport Center Tudela<\/h2>\n<p>[\/et_pb_text][\/et_pb_column][et_pb_column type=\u00bb2_3&#8243; _builder_version=\u00bb4.16&#8243; _module_preset=\u00bbdefault\u00bb global_colors_info=\u00bb{}\u00bb][et_pb_text _builder_version=\u00bb4.20.2&#8243; text_font=\u00bb|300|||||||\u00bb text_text_color=\u00bb#cccccc\u00bb text_line_height=\u00bb1.1em\u00bb header_font=\u00bb|300|||||||\u00bb header_2_font=\u00bb|300||on|||||\u00bb header_2_text_color=\u00bb#cccccc\u00bb header_2_font_size=\u00bb36px\u00bb header_2_letter_spacing=\u00bb2px\u00bb background_layout=\u00bbdark\u00bb global_colors_info=\u00bb{}\u00bb]<\/p>\n<p><span style=\"font-weight: 400;\">Practicar Crosstraining en Tudela no puede ser m\u00e1s sencillo gracias a las instalaciones de nuestro gimnasio. De hecho, lo \u00fanico que tienes que llevar es ropa c\u00f3moda y unas zapatillas de las que se denominan mixtas.<\/span><\/p>\n<p><span style=\"font-weight: 400;\">Del resto nos encargamos nosotros. <\/span><b>Ponemos a tu disposici\u00f3n un box con todo lo necesario<\/b><span style=\"font-weight: 400;\"> y tenemos profesores que llevan a\u00f1os con esta pr\u00e1ctica deportiva, de modo que sabr\u00e1n guiarte de la mejor manera con el fin de que progreses, pierdas peso si lo necesitas y optimices tu estado de salud casi sin darte cuenta.<\/span><\/p>\n<p>[\/et_pb_text][\/et_pb_column][\/et_pb_row][\/et_pb_section]<\/p>\n","protected":false},"excerpt":{"rendered":"<p>Clases de cross training en TudelaEs posible que ya hayas probado a ir al gimnasio, pero ponerte a trabajar t\u00fa solo en las m\u00e1quinas te aburra un poco y al final lo acabas dejando. Si te ha pasado, quiz\u00e1 el Cross Training en Tudela sea el tipo de deporte que estabas esperando. El entrenamiento de [&hellip;]<\/p>\n","protected":false},"author":1,"featured_media":221099,"parent":0,"menu_order":0,"comment_status":"closed","ping_status":"closed","template":"","meta":{"_et_pb_use_builder":"on","_et_pb_old_content":"","_et_gb_content_width":"","footnotes":""},"class_list":["post-218826","page","type-page","status-publish","has-post-thumbnail","hentry"],"yoast_head":"<!-- This site is optimized with the Yoast SEO plugin v27.4 - https:\/\/yoast.com\/product\/yoast-seo-wordpress\/ -->\n<title>Cross Training Tudela | Sparta Sport Center<\/title>\n<meta name=\"description\" content=\"\u00bfEst\u00e1s buscando un gimnasio para practicar cross training en Tudela? En Sparta Sport Center podemos ayudarte. \u00a1Reserva con nosotros!\" \/>\n<meta name=\"robots\" content=\"index, follow, max-snippet:-1, max-image-preview:large, max-video-preview:-1\" \/>\n<link rel=\"canonical\" href=\"https:\/\/spartasportcenter.com\/tudela\/cross-training-tudela\/\" \/>\n<meta property=\"og:locale\" content=\"es_ES\" \/>\n<meta property=\"og:type\" content=\"article\" \/>\n<meta property=\"og:title\" content=\"Cross Training Tudela | Sparta Sport Center\" \/>\n<meta property=\"og:description\" content=\"\u00bfEst\u00e1s buscando un gimnasio para practicar cross training en Tudela? En Sparta Sport Center podemos ayudarte. \u00a1Reserva con nosotros!\" \/>\n<meta property=\"og:url\" content=\"https:\/\/spartasportcenter.com\/tudela\/cross-training-tudela\/\" \/>\n<meta property=\"og:site_name\" content=\"Sparta Sport Center Tudela\" \/>\n<meta property=\"article:modified_time\" content=\"2026-01-07T09:30:12+00:00\" \/>\n<meta property=\"og:image\" content=\"https:\/\/spartasportcenter.com\/tudela\/wp-content\/uploads\/2024\/06\/cross-training-tudela.webp\" \/>\n\t<meta property=\"og:image:width\" content=\"2000\" \/>\n\t<meta property=\"og:image:height\" content=\"1333\" \/>\n\t<meta property=\"og:image:type\" content=\"image\/webp\" \/>\n<meta name=\"twitter:card\" content=\"summary_large_image\" \/>\n<meta name=\"twitter:label1\" content=\"Tiempo de lectura\" \/>\n\t<meta name=\"twitter:data1\" content=\"6 minutos\" \/>\n<script type=\"application\/ld+json\" class=\"yoast-schema-graph\">{\"@context\":\"https:\\\/\\\/schema.org\",\"@graph\":[{\"@type\":\"WebPage\",\"@id\":\"https:\\\/\\\/spartasportcenter.com\\\/tudela\\\/cross-training-tudela\\\/\",\"url\":\"https:\\\/\\\/spartasportcenter.com\\\/tudela\\\/cross-training-tudela\\\/\",\"name\":\"Cross Training Tudela | Sparta Sport Center\",\"isPartOf\":{\"@id\":\"https:\\\/\\\/spartasportcenter.com\\\/tudela\\\/#website\"},\"primaryImageOfPage\":{\"@id\":\"https:\\\/\\\/spartasportcenter.com\\\/tudela\\\/cross-training-tudela\\\/#primaryimage\"},\"image\":{\"@id\":\"https:\\\/\\\/spartasportcenter.com\\\/tudela\\\/cross-training-tudela\\\/#primaryimage\"},\"thumbnailUrl\":\"https:\\\/\\\/spartasportcenter.com\\\/tudela\\\/wp-content\\\/uploads\\\/2024\\\/06\\\/cross-training-tudela.webp\",\"datePublished\":\"2023-03-30T11:21:39+00:00\",\"dateModified\":\"2026-01-07T09:30:12+00:00\",\"description\":\"\u00bfEst\u00e1s buscando un gimnasio para practicar cross training en Tudela? En Sparta Sport Center podemos ayudarte. \u00a1Reserva con nosotros!\",\"breadcrumb\":{\"@id\":\"https:\\\/\\\/spartasportcenter.com\\\/tudela\\\/cross-training-tudela\\\/#breadcrumb\"},\"inLanguage\":\"es\",\"potentialAction\":[{\"@type\":\"ReadAction\",\"target\":[\"https:\\\/\\\/spartasportcenter.com\\\/tudela\\\/cross-training-tudela\\\/\"]}]},{\"@type\":\"ImageObject\",\"inLanguage\":\"es\",\"@id\":\"https:\\\/\\\/spartasportcenter.com\\\/tudela\\\/cross-training-tudela\\\/#primaryimage\",\"url\":\"https:\\\/\\\/spartasportcenter.com\\\/tudela\\\/wp-content\\\/uploads\\\/2024\\\/06\\\/cross-training-tudela.webp\",\"contentUrl\":\"https:\\\/\\\/spartasportcenter.com\\\/tudela\\\/wp-content\\\/uploads\\\/2024\\\/06\\\/cross-training-tudela.webp\",\"width\":2000,\"height\":1333,\"caption\":\"cross training tudela\"},{\"@type\":\"BreadcrumbList\",\"@id\":\"https:\\\/\\\/spartasportcenter.com\\\/tudela\\\/cross-training-tudela\\\/#breadcrumb\",\"itemListElement\":[{\"@type\":\"ListItem\",\"position\":1,\"name\":\"Portada\",\"item\":\"https:\\\/\\\/spartasportcenter.com\\\/tudela\\\/\"},{\"@type\":\"ListItem\",\"position\":2,\"name\":\"Cross Training Tudela\"}]},{\"@type\":\"WebSite\",\"@id\":\"https:\\\/\\\/spartasportcenter.com\\\/tudela\\\/#website\",\"url\":\"https:\\\/\\\/spartasportcenter.com\\\/tudela\\\/\",\"name\":\"Sparta Sport Center Tudela\",\"description\":\"Gimnasios en Tudela\",\"potentialAction\":[{\"@type\":\"SearchAction\",\"target\":{\"@type\":\"EntryPoint\",\"urlTemplate\":\"https:\\\/\\\/spartasportcenter.com\\\/tudela\\\/?s={search_term_string}\"},\"query-input\":{\"@type\":\"PropertyValueSpecification\",\"valueRequired\":true,\"valueName\":\"search_term_string\"}}],\"inLanguage\":\"es\"}]}<\/script>\n<!-- \/ Yoast SEO plugin. -->","yoast_head_json":{"title":"Cross Training Tudela | Sparta Sport Center","description":"\u00bfEst\u00e1s buscando un gimnasio para practicar cross training en Tudela? En Sparta Sport Center podemos ayudarte. \u00a1Reserva con nosotros!","robots":{"index":"index","follow":"follow","max-snippet":"max-snippet:-1","max-image-preview":"max-image-preview:large","max-video-preview":"max-video-preview:-1"},"canonical":"https:\/\/spartasportcenter.com\/tudela\/cross-training-tudela\/","og_locale":"es_ES","og_type":"article","og_title":"Cross Training Tudela | Sparta Sport Center","og_description":"\u00bfEst\u00e1s buscando un gimnasio para practicar cross training en Tudela? En Sparta Sport Center podemos ayudarte. \u00a1Reserva con nosotros!","og_url":"https:\/\/spartasportcenter.com\/tudela\/cross-training-tudela\/","og_site_name":"Sparta Sport Center Tudela","article_modified_time":"2026-01-07T09:30:12+00:00","og_image":[{"width":2000,"height":1333,"url":"https:\/\/spartasportcenter.com\/tudela\/wp-content\/uploads\/2024\/06\/cross-training-tudela.webp","type":"image\/webp"}],"twitter_card":"summary_large_image","twitter_misc":{"Tiempo de lectura":"6 minutos"},"schema":{"@context":"https:\/\/schema.org","@graph":[{"@type":"WebPage","@id":"https:\/\/spartasportcenter.com\/tudela\/cross-training-tudela\/","url":"https:\/\/spartasportcenter.com\/tudela\/cross-training-tudela\/","name":"Cross Training Tudela | Sparta Sport Center","isPartOf":{"@id":"https:\/\/spartasportcenter.com\/tudela\/#website"},"primaryImageOfPage":{"@id":"https:\/\/spartasportcenter.com\/tudela\/cross-training-tudela\/#primaryimage"},"image":{"@id":"https:\/\/spartasportcenter.com\/tudela\/cross-training-tudela\/#primaryimage"},"thumbnailUrl":"https:\/\/spartasportcenter.com\/tudela\/wp-content\/uploads\/2024\/06\/cross-training-tudela.webp","datePublished":"2023-03-30T11:21:39+00:00","dateModified":"2026-01-07T09:30:12+00:00","description":"\u00bfEst\u00e1s buscando un gimnasio para practicar cross training en Tudela? En Sparta Sport Center podemos ayudarte. \u00a1Reserva con nosotros!","breadcrumb":{"@id":"https:\/\/spartasportcenter.com\/tudela\/cross-training-tudela\/#breadcrumb"},"inLanguage":"es","potentialAction":[{"@type":"ReadAction","target":["https:\/\/spartasportcenter.com\/tudela\/cross-training-tudela\/"]}]},{"@type":"ImageObject","inLanguage":"es","@id":"https:\/\/spartasportcenter.com\/tudela\/cross-training-tudela\/#primaryimage","url":"https:\/\/spartasportcenter.com\/tudela\/wp-content\/uploads\/2024\/06\/cross-training-tudela.webp","contentUrl":"https:\/\/spartasportcenter.com\/tudela\/wp-content\/uploads\/2024\/06\/cross-training-tudela.webp","width":2000,"height":1333,"caption":"cross training tudela"},{"@type":"BreadcrumbList","@id":"https:\/\/spartasportcenter.com\/tudela\/cross-training-tudela\/#breadcrumb","itemListElement":[{"@type":"ListItem","position":1,"name":"Portada","item":"https:\/\/spartasportcenter.com\/tudela\/"},{"@type":"ListItem","position":2,"name":"Cross Training Tudela"}]},{"@type":"WebSite","@id":"https:\/\/spartasportcenter.com\/tudela\/#website","url":"https:\/\/spartasportcenter.com\/tudela\/","name":"Sparta Sport Center Tudela","description":"Gimnasios en Tudela","potentialAction":[{"@type":"SearchAction","target":{"@type":"EntryPoint","urlTemplate":"https:\/\/spartasportcenter.com\/tudela\/?s={search_term_string}"},"query-input":{"@type":"PropertyValueSpecification","valueRequired":true,"valueName":"search_term_string"}}],"inLanguage":"es"}]}},"_links":{"self":[{"href":"https:\/\/spartasportcenter.com\/tudela\/wp-json\/wp\/v2\/pages\/218826","targetHints":{"allow":["GET"]}}],"collection":[{"href":"https:\/\/spartasportcenter.com\/tudela\/wp-json\/wp\/v2\/pages"}],"about":[{"href":"https:\/\/spartasportcenter.com\/tudela\/wp-json\/wp\/v2\/types\/page"}],"author":[{"embeddable":true,"href":"https:\/\/spartasportcenter.com\/tudela\/wp-json\/wp\/v2\/users\/1"}],"replies":[{"embeddable":true,"href":"https:\/\/spartasportcenter.com\/tudela\/wp-json\/wp\/v2\/comments?post=218826"}],"version-history":[{"count":6,"href":"https:\/\/spartasportcenter.com\/tudela\/wp-json\/wp\/v2\/pages\/218826\/revisions"}],"predecessor-version":[{"id":223061,"href":"https:\/\/spartasportcenter.com\/tudela\/wp-json\/wp\/v2\/pages\/218826\/revisions\/223061"}],"wp:featuredmedia":[{"embeddable":true,"href":"https:\/\/spartasportcenter.com\/tudela\/wp-json\/wp\/v2\/media\/221099"}],"wp:attachment":[{"href":"https:\/\/spartasportcenter.com\/tudela\/wp-json\/wp\/v2\/media?parent=218826"}],"curies":[{"name":"wp","href":"https:\/\/api.w.org\/{rel}","templated":true}]}}