{"id":206555,"date":"2018-08-20T15:49:40","date_gmt":"2018-08-20T15:49:40","guid":{"rendered":"https:\/\/pamplona.spartasportcenter.com\/?page_id=206555"},"modified":"2026-01-07T10:24:36","modified_gmt":"2026-01-07T09:24:36","slug":"body-pump-tudela","status":"publish","type":"page","link":"https:\/\/spartasportcenter.com\/tudela\/body-pump-tudela\/","title":{"rendered":"Body Pump Tudela"},"content":{"rendered":"<p>[et_pb_section fb_built=\u00bb1&#8243; custom_padding_last_edited=\u00bbon|phone\u00bb disabled_on=\u00bboff|off|off\u00bb _builder_version=\u00bb4.27.5&#8243; background_color=\u00bb#000000&#8243; background_enable_image=\u00bboff\u00bb custom_margin=\u00bb||||false|false\u00bb custom_padding=\u00bb80px|0px|0px|0px|false|false\u00bb custom_padding_tablet=\u00bb\u00bb custom_padding_phone=\u00bb30px||50px||false|false\u00bb hover_enabled=\u00bb0&#8243; global_colors_info=\u00bb{}\u00bb sticky_enabled=\u00bb0&#8243;][et_pb_row column_structure=\u00bb1_3,2_3&#8243; custom_padding_last_edited=\u00bbon|desktop\u00bb _builder_version=\u00bb4.16&#8243; _module_preset=\u00bbdefault\u00bb custom_padding=\u00bb0px||||false|false\u00bb custom_padding_tablet=\u00bb\u00bb custom_padding_phone=\u00bb0px||||false|false\u00bb global_colors_info=\u00bb{}\u00bb][et_pb_column type=\u00bb1_3&#8243; _builder_version=\u00bb4.16&#8243; _module_preset=\u00bbdefault\u00bb global_colors_info=\u00bb{}\u00bb][et_pb_text _builder_version=\u00bb4.16&#8243; text_font=\u00bb||||||||\u00bb header_font=\u00bb||||||||\u00bb header_text_align=\u00bbcenter\u00bb header_2_font=\u00bb|300||on|||||\u00bb header_2_text_align=\u00bbright\u00bb header_2_font_size=\u00bb29px\u00bb custom_margin=\u00bb||0px||false|false\u00bb custom_padding=\u00bb|15%|0px||false|false\u00bb header_2_text_align_tablet=\u00bb\u00bb header_2_text_align_phone=\u00bbleft\u00bb header_2_text_align_last_edited=\u00bbon|phone\u00bb header_2_font_size_tablet=\u00bb51px\u00bb header_2_font_size_phone=\u00bb25px\u00bb header_2_font_size_last_edited=\u00bbon|phone\u00bb border_width_right=\u00bb2px\u00bb border_color_right=\u00bb#cccccc\u00bb border_width_right_tablet=\u00bb\u00bb border_width_right_phone=\u00bb0px\u00bb border_width_right_last_edited=\u00bbon|phone\u00bb locked=\u00bboff\u00bb global_colors_info=\u00bb{}\u00bb]<\/p>\n<h2>clases de<br \/>\nBody Pump en Tudela<\/h2>\n<p>[\/et_pb_text][\/et_pb_column][et_pb_column type=\u00bb2_3&#8243; _builder_version=\u00bb4.16&#8243; _module_preset=\u00bbdefault\u00bb global_colors_info=\u00bb{}\u00bb][et_pb_text _builder_version=\u00bb4.16&#8243; text_font=\u00bb|300|||||||\u00bb text_text_color=\u00bb#cccccc\u00bb text_line_height=\u00bb1.1em\u00bb header_font=\u00bb|300|||||||\u00bb header_2_font=\u00bb|300||on|||||\u00bb header_2_text_color=\u00bb#cccccc\u00bb header_2_font_size=\u00bb36px\u00bb header_2_letter_spacing=\u00bb2px\u00bb background_layout=\u00bbdark\u00bb global_colors_info=\u00bb{}\u00bb]<\/p>\n<p><span style=\"font-weight: 400;\">En Sparta Sport Center en Tudela las clases de <\/span><b>Body Pump<\/b><span style=\"font-weight: 400;\"> combinan lo mejor de los ejercicios aer\u00f3bicos y el uso de pesas, en complemento con la mejor m\u00fasica escogida para motivarte y que logres esa figura deseada en pocas sesiones.\u00a0<\/span><\/p>\n<p><span style=\"font-weight: 400;\">En nuestro centro de Body Pump en Tudela lograr\u00e1s tus objetivos con ayuda de los entrenadores capacitados en acondicionamiento f\u00edsico, quienes ser\u00e1n los encargados de adaptar esta actividad a tu<\/span><b> condici\u00f3n f\u00edsica y de salud,<\/b><span style=\"font-weight: 400;\"> con la intenci\u00f3n de incentivar el logro de las metas planteadas.\u00a0<\/span><\/p>\n<p><span style=\"font-weight: 400;\">Lo m\u00e1s interesante de esta clase es la energ\u00eda que se vive en el ambiente gracias a la m\u00fasica escogida por los entrenadores de la sala de Body Pump en Tudela. En cada sesi\u00f3n <\/span><b>ejercitas todo tu cuerpo por 1 hora<\/b><span style=\"font-weight: 400;\">, logrando as\u00ed que comiences a gozar los beneficios que ofrece esta actividad.<\/span><\/p>\n<p>[\/et_pb_text][\/et_pb_column][\/et_pb_row][et_pb_row column_structure=\u00bb1_3,2_3&#8243; custom_padding_last_edited=\u00bbon|phone\u00bb _builder_version=\u00bb4.16&#8243; _module_preset=\u00bbdefault\u00bb custom_margin=\u00bb||0px||false|false\u00bb custom_padding=\u00bb||||false|false\u00bb custom_padding_tablet=\u00bb\u00bb custom_padding_phone=\u00bb0px||0px||false|false\u00bb global_colors_info=\u00bb{}\u00bb][et_pb_column type=\u00bb1_3&#8243; _builder_version=\u00bb4.16&#8243; _module_preset=\u00bbdefault\u00bb global_colors_info=\u00bb{}\u00bb][et_pb_text _builder_version=\u00bb4.16&#8243; text_font=\u00bb||||||||\u00bb header_font=\u00bb||||||||\u00bb header_text_align=\u00bbcenter\u00bb header_2_font=\u00bb|300||on|||||\u00bb header_2_text_align=\u00bbright\u00bb header_2_font_size=\u00bb29px\u00bb custom_margin=\u00bb||0px||false|false\u00bb custom_padding=\u00bb|15%|0px||false|false\u00bb header_2_text_align_tablet=\u00bb\u00bb header_2_text_align_phone=\u00bbleft\u00bb header_2_text_align_last_edited=\u00bbon|phone\u00bb header_2_font_size_tablet=\u00bb51px\u00bb header_2_font_size_phone=\u00bb25px\u00bb header_2_font_size_last_edited=\u00bbon|phone\u00bb border_width_right=\u00bb2px\u00bb border_color_right=\u00bb#cccccc\u00bb border_width_right_tablet=\u00bb\u00bb border_width_right_phone=\u00bb0px\u00bb border_width_right_last_edited=\u00bbon|phone\u00bb locked=\u00bboff\u00bb global_colors_info=\u00bb{}\u00bb]<\/p>\n<h2>Beneficios del Body Pump en Tudela<\/h2>\n<p>[\/et_pb_text][\/et_pb_column][et_pb_column type=\u00bb2_3&#8243; _builder_version=\u00bb4.16&#8243; _module_preset=\u00bbdefault\u00bb global_colors_info=\u00bb{}\u00bb][et_pb_text _builder_version=\u00bb4.16&#8243; text_font=\u00bb|300|||||||\u00bb text_text_color=\u00bb#cccccc\u00bb text_line_height=\u00bb1.1em\u00bb header_font=\u00bb|300|||||||\u00bb header_2_font=\u00bb|300||on|||||\u00bb header_2_text_color=\u00bb#cccccc\u00bb header_2_font_size=\u00bb36px\u00bb header_2_letter_spacing=\u00bb2px\u00bb background_layout=\u00bbdark\u00bb global_colors_info=\u00bb{}\u00bb]<\/p>\n<p><span style=\"font-weight: 400;\">Debido al trabajo aer\u00f3bico que conlleva el realizar esta actividad, el <\/span><b>body pump en Tudela <\/b><span style=\"font-weight: 400;\">es una de las clases donde se reduce en gran medida la grasa corporal, por lo que es muy com\u00fan quemar un aproximado de 400-500 kcal en una sesi\u00f3n de una hora.\u00a0<\/span><\/p>\n<p><span style=\"font-weight: 400;\">En las clases de body pump en Tudela se juntan los <\/span><b>ejercicios de aer\u00f3bicos y el uso de pesas,<\/b><span style=\"font-weight: 400;\"> lo que ayuda significativamente en el aumento de masa muscular. Sin contar la capacidad que tiene una actividad de este tipo para relajarte, mejorar el estado de \u00e1nimo, sistema respiratorio y cardiovascular.\u00a0<\/span><\/p>\n<p><span style=\"font-weight: 400;\">En <\/span><b>Sparta Sport Center<\/b><span style=\"font-weight: 400;\"> la pr\u00e1ctica de esta actividad es la m\u00e1s com\u00fan por el impacto inmediato en el cuerpo. Es ideal para aumentar la densidad \u00f3sea, ya que gracias a sus diversos movimientos se tiene un impacto directo sobre esta, trayendo como beneficio la prevenci\u00f3n de la osteoporosis.<\/span><\/p>\n<p><span style=\"font-weight: 400;\">Es por ello, que si deseas bajar de peso, <\/span><b>cuidar tu salud mental y mantener un cuerpo<\/b><span style=\"font-weight: 400;\"> saludable, estas clases ser\u00e1n el complemento perfecto. Y sin duda en nuestras instalaciones las puedes realizar de manera segura y natural.<\/span><\/p>\n<p>[\/et_pb_text][\/et_pb_column][\/et_pb_row][\/et_pb_section][et_pb_section fb_built=\u00bb1&#8243; custom_padding_last_edited=\u00bbon|phone\u00bb _builder_version=\u00bb4.27.5&#8243; _module_preset=\u00bbdefault\u00bb background_color=\u00bb#000000&#8243; custom_padding=\u00bb0px||50px||false|false\u00bb custom_padding_tablet=\u00bb\u00bb custom_padding_phone=\u00bb||30px||false|false\u00bb hover_enabled=\u00bb0&#8243; global_colors_info=\u00bb{}\u00bb sticky_enabled=\u00bb0&#8243;][et_pb_row column_structure=\u00bb1_3,2_3&#8243; custom_padding_last_edited=\u00bbon|phone\u00bb _builder_version=\u00bb4.16&#8243; _module_preset=\u00bbdefault\u00bb custom_padding_tablet=\u00bb\u00bb custom_padding_phone=\u00bb0px||0px||false|false\u00bb global_colors_info=\u00bb{}\u00bb][et_pb_column type=\u00bb1_3&#8243; _builder_version=\u00bb4.16&#8243; _module_preset=\u00bbdefault\u00bb global_colors_info=\u00bb{}\u00bb][et_pb_text _builder_version=\u00bb4.16&#8243; text_font=\u00bb||||||||\u00bb header_font=\u00bb||||||||\u00bb header_text_align=\u00bbcenter\u00bb header_2_font=\u00bb|300||on|||||\u00bb header_2_text_align=\u00bbright\u00bb header_2_font_size=\u00bb29px\u00bb custom_margin=\u00bb||0px||false|false\u00bb custom_padding=\u00bb|15%|0px||false|false\u00bb header_2_text_align_tablet=\u00bb\u00bb header_2_text_align_phone=\u00bbleft\u00bb header_2_text_align_last_edited=\u00bbon|phone\u00bb header_2_font_size_tablet=\u00bb51px\u00bb header_2_font_size_phone=\u00bb25px\u00bb header_2_font_size_last_edited=\u00bbon|phone\u00bb border_width_right=\u00bb2px\u00bb border_color_right=\u00bb#cccccc\u00bb border_width_right_tablet=\u00bb\u00bb border_width_right_phone=\u00bb0px\u00bb border_width_right_last_edited=\u00bbon|phone\u00bb locked=\u00bboff\u00bb global_colors_info=\u00bb{}\u00bb]<\/p>\n<h2>Por qu\u00e9 Body Pump en Sparta Sport Center Tudela<\/h2>\n<p>[\/et_pb_text][\/et_pb_column][et_pb_column type=\u00bb2_3&#8243; _builder_version=\u00bb4.16&#8243; _module_preset=\u00bbdefault\u00bb global_colors_info=\u00bb{}\u00bb][et_pb_text _builder_version=\u00bb4.16&#8243; text_font=\u00bb|300|||||||\u00bb text_text_color=\u00bb#cccccc\u00bb text_line_height=\u00bb1.1em\u00bb header_font=\u00bb|300|||||||\u00bb header_2_font=\u00bb|300||on|||||\u00bb header_2_text_color=\u00bb#cccccc\u00bb header_2_font_size=\u00bb36px\u00bb header_2_letter_spacing=\u00bb2px\u00bb background_layout=\u00bbdark\u00bb global_colors_info=\u00bb{}\u00bb]<\/p>\n<p><span style=\"font-weight: 400;\">En Sparta Sport Center Tudela contamos con clases de Body Pump<\/span><b> dirigidas a todos los niveles<\/b><span style=\"font-weight: 400;\">, desde principiantes hasta avanzados. En esta actividad f\u00edsica el monitor cuenta con la experiencia y capacidad de hacerte sacar el mayor provecho a cada una de las clases. Ellos est\u00e1n preparados para adaptar los ejercicios y las pesas a cada persona. As\u00ed que no te preocupes, est\u00e1s en las mejores manos.\u00a0<\/span><\/p>\n<p><span style=\"font-weight: 400;\">En este <\/span><b>sistema de entrenamiento<\/b><span style=\"font-weight: 400;\">, cada participante recibe indicaciones basadas en su propio desarrollo durante la actividad, de manera que este aporte solo beneficios al cuerpo. Por eso, si deseas comenzar con las clases de<\/span><b> Body Pump en Tudela<\/b><span style=\"font-weight: 400;\">, contacta con nosotros, tenemos planes y promociones adaptados a ti.<\/span><\/p>\n<p>[\/et_pb_text][\/et_pb_column][\/et_pb_row][\/et_pb_section]<\/p>\n","protected":false},"excerpt":{"rendered":"<p>clases de Body Pump en TudelaEn Sparta Sport Center en Tudela las clases de Body Pump combinan lo mejor de los ejercicios aer\u00f3bicos y el uso de pesas, en complemento con la mejor m\u00fasica escogida para motivarte y que logres esa figura deseada en pocas sesiones.\u00a0 En nuestro centro de Body Pump en Tudela lograr\u00e1s [&hellip;]<\/p>\n","protected":false},"author":1,"featured_media":221097,"parent":0,"menu_order":0,"comment_status":"closed","ping_status":"closed","template":"","meta":{"_et_pb_use_builder":"on","_et_pb_old_content":"","_et_gb_content_width":"","footnotes":""},"class_list":["post-206555","page","type-page","status-publish","has-post-thumbnail","hentry"],"yoast_head":"<!-- This site is optimized with the Yoast SEO plugin v27.4 - https:\/\/yoast.com\/product\/yoast-seo-wordpress\/ -->\n<title>Body Pump Tudela - 1 D\u00cdA GRATIS | Sparta Sport Center<\/title>\n<meta name=\"description\" content=\"Empieza a tonificar tu cuerpo con nuestras CLASES DE BODY PUMP DIRIGIDAS en Tudela. Gana fuerza y reduce tu \u00edndice de gras corporal.\" \/>\n<meta name=\"robots\" content=\"index, follow, max-snippet:-1, max-image-preview:large, max-video-preview:-1\" \/>\n<link rel=\"canonical\" href=\"https:\/\/spartasportcenter.com\/tudela\/body-pump-tudela\/\" \/>\n<meta property=\"og:locale\" content=\"es_ES\" \/>\n<meta property=\"og:type\" content=\"article\" \/>\n<meta property=\"og:title\" content=\"Body Pump Tudela - 1 D\u00cdA GRATIS | Sparta Sport Center\" \/>\n<meta property=\"og:description\" content=\"Empieza a tonificar tu cuerpo con nuestras CLASES DE BODY PUMP DIRIGIDAS en Tudela. Gana fuerza y reduce tu \u00edndice de gras corporal.\" \/>\n<meta property=\"og:url\" content=\"https:\/\/spartasportcenter.com\/tudela\/body-pump-tudela\/\" \/>\n<meta property=\"og:site_name\" content=\"Sparta Sport Center Tudela\" \/>\n<meta property=\"article:modified_time\" content=\"2026-01-07T09:24:36+00:00\" \/>\n<meta property=\"og:image\" content=\"https:\/\/spartasportcenter.com\/tudela\/wp-content\/uploads\/2024\/06\/body-pump-tudela.webp\" \/>\n\t<meta property=\"og:image:width\" content=\"2000\" \/>\n\t<meta property=\"og:image:height\" content=\"1333\" \/>\n\t<meta property=\"og:image:type\" content=\"image\/webp\" \/>\n<meta name=\"twitter:card\" content=\"summary_large_image\" \/>\n<meta name=\"twitter:label1\" content=\"Tiempo de lectura\" \/>\n\t<meta name=\"twitter:data1\" content=\"4 minutos\" \/>\n<script type=\"application\/ld+json\" class=\"yoast-schema-graph\">{\"@context\":\"https:\\\/\\\/schema.org\",\"@graph\":[{\"@type\":\"WebPage\",\"@id\":\"https:\\\/\\\/spartasportcenter.com\\\/tudela\\\/body-pump-tudela\\\/\",\"url\":\"https:\\\/\\\/spartasportcenter.com\\\/tudela\\\/body-pump-tudela\\\/\",\"name\":\"Body Pump Tudela - 1 D\u00cdA GRATIS | Sparta Sport Center\",\"isPartOf\":{\"@id\":\"https:\\\/\\\/spartasportcenter.com\\\/tudela\\\/#website\"},\"primaryImageOfPage\":{\"@id\":\"https:\\\/\\\/spartasportcenter.com\\\/tudela\\\/body-pump-tudela\\\/#primaryimage\"},\"image\":{\"@id\":\"https:\\\/\\\/spartasportcenter.com\\\/tudela\\\/body-pump-tudela\\\/#primaryimage\"},\"thumbnailUrl\":\"https:\\\/\\\/spartasportcenter.com\\\/tudela\\\/wp-content\\\/uploads\\\/2024\\\/06\\\/body-pump-tudela.webp\",\"datePublished\":\"2018-08-20T15:49:40+00:00\",\"dateModified\":\"2026-01-07T09:24:36+00:00\",\"description\":\"Empieza a tonificar tu cuerpo con nuestras CLASES DE BODY PUMP DIRIGIDAS en Tudela. Gana fuerza y reduce tu \u00edndice de gras corporal.\",\"breadcrumb\":{\"@id\":\"https:\\\/\\\/spartasportcenter.com\\\/tudela\\\/body-pump-tudela\\\/#breadcrumb\"},\"inLanguage\":\"es\",\"potentialAction\":[{\"@type\":\"ReadAction\",\"target\":[\"https:\\\/\\\/spartasportcenter.com\\\/tudela\\\/body-pump-tudela\\\/\"]}]},{\"@type\":\"ImageObject\",\"inLanguage\":\"es\",\"@id\":\"https:\\\/\\\/spartasportcenter.com\\\/tudela\\\/body-pump-tudela\\\/#primaryimage\",\"url\":\"https:\\\/\\\/spartasportcenter.com\\\/tudela\\\/wp-content\\\/uploads\\\/2024\\\/06\\\/body-pump-tudela.webp\",\"contentUrl\":\"https:\\\/\\\/spartasportcenter.com\\\/tudela\\\/wp-content\\\/uploads\\\/2024\\\/06\\\/body-pump-tudela.webp\",\"width\":2000,\"height\":1333,\"caption\":\"body pump tudela\"},{\"@type\":\"BreadcrumbList\",\"@id\":\"https:\\\/\\\/spartasportcenter.com\\\/tudela\\\/body-pump-tudela\\\/#breadcrumb\",\"itemListElement\":[{\"@type\":\"ListItem\",\"position\":1,\"name\":\"Portada\",\"item\":\"https:\\\/\\\/spartasportcenter.com\\\/tudela\\\/\"},{\"@type\":\"ListItem\",\"position\":2,\"name\":\"Body Pump Tudela\"}]},{\"@type\":\"WebSite\",\"@id\":\"https:\\\/\\\/spartasportcenter.com\\\/tudela\\\/#website\",\"url\":\"https:\\\/\\\/spartasportcenter.com\\\/tudela\\\/\",\"name\":\"Sparta Sport Center Tudela\",\"description\":\"Gimnasios en Tudela\",\"potentialAction\":[{\"@type\":\"SearchAction\",\"target\":{\"@type\":\"EntryPoint\",\"urlTemplate\":\"https:\\\/\\\/spartasportcenter.com\\\/tudela\\\/?s={search_term_string}\"},\"query-input\":{\"@type\":\"PropertyValueSpecification\",\"valueRequired\":true,\"valueName\":\"search_term_string\"}}],\"inLanguage\":\"es\"}]}<\/script>\n<!-- \/ Yoast SEO plugin. -->","yoast_head_json":{"title":"Body Pump Tudela - 1 D\u00cdA GRATIS | Sparta Sport Center","description":"Empieza a tonificar tu cuerpo con nuestras CLASES DE BODY PUMP DIRIGIDAS en Tudela. Gana fuerza y reduce tu \u00edndice de gras corporal.","robots":{"index":"index","follow":"follow","max-snippet":"max-snippet:-1","max-image-preview":"max-image-preview:large","max-video-preview":"max-video-preview:-1"},"canonical":"https:\/\/spartasportcenter.com\/tudela\/body-pump-tudela\/","og_locale":"es_ES","og_type":"article","og_title":"Body Pump Tudela - 1 D\u00cdA GRATIS | Sparta Sport Center","og_description":"Empieza a tonificar tu cuerpo con nuestras CLASES DE BODY PUMP DIRIGIDAS en Tudela. Gana fuerza y reduce tu \u00edndice de gras corporal.","og_url":"https:\/\/spartasportcenter.com\/tudela\/body-pump-tudela\/","og_site_name":"Sparta Sport Center Tudela","article_modified_time":"2026-01-07T09:24:36+00:00","og_image":[{"width":2000,"height":1333,"url":"https:\/\/spartasportcenter.com\/tudela\/wp-content\/uploads\/2024\/06\/body-pump-tudela.webp","type":"image\/webp"}],"twitter_card":"summary_large_image","twitter_misc":{"Tiempo de lectura":"4 minutos"},"schema":{"@context":"https:\/\/schema.org","@graph":[{"@type":"WebPage","@id":"https:\/\/spartasportcenter.com\/tudela\/body-pump-tudela\/","url":"https:\/\/spartasportcenter.com\/tudela\/body-pump-tudela\/","name":"Body Pump Tudela - 1 D\u00cdA GRATIS | Sparta Sport Center","isPartOf":{"@id":"https:\/\/spartasportcenter.com\/tudela\/#website"},"primaryImageOfPage":{"@id":"https:\/\/spartasportcenter.com\/tudela\/body-pump-tudela\/#primaryimage"},"image":{"@id":"https:\/\/spartasportcenter.com\/tudela\/body-pump-tudela\/#primaryimage"},"thumbnailUrl":"https:\/\/spartasportcenter.com\/tudela\/wp-content\/uploads\/2024\/06\/body-pump-tudela.webp","datePublished":"2018-08-20T15:49:40+00:00","dateModified":"2026-01-07T09:24:36+00:00","description":"Empieza a tonificar tu cuerpo con nuestras CLASES DE BODY PUMP DIRIGIDAS en Tudela. Gana fuerza y reduce tu \u00edndice de gras corporal.","breadcrumb":{"@id":"https:\/\/spartasportcenter.com\/tudela\/body-pump-tudela\/#breadcrumb"},"inLanguage":"es","potentialAction":[{"@type":"ReadAction","target":["https:\/\/spartasportcenter.com\/tudela\/body-pump-tudela\/"]}]},{"@type":"ImageObject","inLanguage":"es","@id":"https:\/\/spartasportcenter.com\/tudela\/body-pump-tudela\/#primaryimage","url":"https:\/\/spartasportcenter.com\/tudela\/wp-content\/uploads\/2024\/06\/body-pump-tudela.webp","contentUrl":"https:\/\/spartasportcenter.com\/tudela\/wp-content\/uploads\/2024\/06\/body-pump-tudela.webp","width":2000,"height":1333,"caption":"body pump tudela"},{"@type":"BreadcrumbList","@id":"https:\/\/spartasportcenter.com\/tudela\/body-pump-tudela\/#breadcrumb","itemListElement":[{"@type":"ListItem","position":1,"name":"Portada","item":"https:\/\/spartasportcenter.com\/tudela\/"},{"@type":"ListItem","position":2,"name":"Body Pump Tudela"}]},{"@type":"WebSite","@id":"https:\/\/spartasportcenter.com\/tudela\/#website","url":"https:\/\/spartasportcenter.com\/tudela\/","name":"Sparta Sport Center Tudela","description":"Gimnasios en Tudela","potentialAction":[{"@type":"SearchAction","target":{"@type":"EntryPoint","urlTemplate":"https:\/\/spartasportcenter.com\/tudela\/?s={search_term_string}"},"query-input":{"@type":"PropertyValueSpecification","valueRequired":true,"valueName":"search_term_string"}}],"inLanguage":"es"}]}},"_links":{"self":[{"href":"https:\/\/spartasportcenter.com\/tudela\/wp-json\/wp\/v2\/pages\/206555","targetHints":{"allow":["GET"]}}],"collection":[{"href":"https:\/\/spartasportcenter.com\/tudela\/wp-json\/wp\/v2\/pages"}],"about":[{"href":"https:\/\/spartasportcenter.com\/tudela\/wp-json\/wp\/v2\/types\/page"}],"author":[{"embeddable":true,"href":"https:\/\/spartasportcenter.com\/tudela\/wp-json\/wp\/v2\/users\/1"}],"replies":[{"embeddable":true,"href":"https:\/\/spartasportcenter.com\/tudela\/wp-json\/wp\/v2\/comments?post=206555"}],"version-history":[{"count":14,"href":"https:\/\/spartasportcenter.com\/tudela\/wp-json\/wp\/v2\/pages\/206555\/revisions"}],"predecessor-version":[{"id":223053,"href":"https:\/\/spartasportcenter.com\/tudela\/wp-json\/wp\/v2\/pages\/206555\/revisions\/223053"}],"wp:featuredmedia":[{"embeddable":true,"href":"https:\/\/spartasportcenter.com\/tudela\/wp-json\/wp\/v2\/media\/221097"}],"wp:attachment":[{"href":"https:\/\/spartasportcenter.com\/tudela\/wp-json\/wp\/v2\/media?parent=206555"}],"curies":[{"name":"wp","href":"https:\/\/api.w.org\/{rel}","templated":true}]}}