{"id":206550,"date":"2018-08-20T15:44:57","date_gmt":"2018-08-20T15:44:57","guid":{"rendered":"https:\/\/pamplona.spartasportcenter.com\/?page_id=206550"},"modified":"2026-01-07T10:23:48","modified_gmt":"2026-01-07T09:23:48","slug":"gap-tudela","status":"publish","type":"page","link":"https:\/\/spartasportcenter.com\/tudela\/gap-tudela\/","title":{"rendered":"GAP Tudela"},"content":{"rendered":"<p>[et_pb_section fb_built=\u00bb1&#8243; custom_padding_last_edited=\u00bbon|phone\u00bb disabled_on=\u00bboff|off|off\u00bb _builder_version=\u00bb4.27.5&#8243; background_color=\u00bb#000000&#8243; background_enable_image=\u00bboff\u00bb custom_margin=\u00bb||||false|false\u00bb custom_padding=\u00bb80px|0px|0px|0px|false|false\u00bb custom_padding_tablet=\u00bb\u00bb custom_padding_phone=\u00bb30px||50px||false|false\u00bb hover_enabled=\u00bb0&#8243; global_colors_info=\u00bb{}\u00bb sticky_enabled=\u00bb0&#8243;][et_pb_row column_structure=\u00bb1_3,2_3&#8243; custom_padding_last_edited=\u00bbon|desktop\u00bb _builder_version=\u00bb4.16&#8243; _module_preset=\u00bbdefault\u00bb custom_padding=\u00bb0px||||false|false\u00bb custom_padding_tablet=\u00bb\u00bb custom_padding_phone=\u00bb0px||||false|false\u00bb global_colors_info=\u00bb{}\u00bb][et_pb_column type=\u00bb1_3&#8243; _builder_version=\u00bb4.16&#8243; _module_preset=\u00bbdefault\u00bb global_colors_info=\u00bb{}\u00bb][et_pb_text _builder_version=\u00bb4.16&#8243; text_font=\u00bb||||||||\u00bb header_font=\u00bb||||||||\u00bb header_text_align=\u00bbcenter\u00bb header_2_font=\u00bb|300||on|||||\u00bb header_2_text_align=\u00bbright\u00bb header_2_font_size=\u00bb29px\u00bb custom_margin=\u00bb||0px||false|false\u00bb custom_padding=\u00bb|15%|0px||false|false\u00bb header_2_text_align_tablet=\u00bb\u00bb header_2_text_align_phone=\u00bbleft\u00bb header_2_text_align_last_edited=\u00bbon|phone\u00bb header_2_font_size_tablet=\u00bb51px\u00bb header_2_font_size_phone=\u00bb25px\u00bb header_2_font_size_last_edited=\u00bbon|phone\u00bb border_width_right=\u00bb2px\u00bb border_color_right=\u00bb#cccccc\u00bb border_width_right_tablet=\u00bb\u00bb border_width_right_phone=\u00bb0px\u00bb border_width_right_last_edited=\u00bbon|phone\u00bb locked=\u00bboff\u00bb global_colors_info=\u00bb{}\u00bb]<\/p>\n<h2>clases de gap en Tudela<\/h2>\n<p>[\/et_pb_text][\/et_pb_column][et_pb_column type=\u00bb2_3&#8243; _builder_version=\u00bb4.16&#8243; _module_preset=\u00bbdefault\u00bb global_colors_info=\u00bb{}\u00bb][et_pb_text _builder_version=\u00bb4.16&#8243; text_font=\u00bb|300|||||||\u00bb text_text_color=\u00bb#cccccc\u00bb text_line_height=\u00bb1.1em\u00bb header_font=\u00bb|300|||||||\u00bb header_2_font=\u00bb|300||on|||||\u00bb header_2_text_color=\u00bb#cccccc\u00bb header_2_font_size=\u00bb36px\u00bb header_2_letter_spacing=\u00bb2px\u00bb background_layout=\u00bbdark\u00bb global_colors_info=\u00bb{}\u00bb]El <b>GAP en Tudela<\/b> es un ejercicio que consiste en trabajar tres zonas espec\u00edficas donde se encuentran los m\u00fasculos m\u00e1s grandes del cuerpo. Es decir, los gl\u00fateos, abdominales y piernas. Siendo estas las m\u00e1s afectadas por la acumulaci\u00f3n de grasa, en consecuencia las que m\u00e1s queremos esculpir, para tener una figura so\u00f1ada.\u00a0[\/et_pb_text][et_pb_button button_text=\u00bb+\u00bb button_alignment=\u00bbcenter\u00bb module_class=\u00bbrv_button closed\u00bb _builder_version=\u00bb4.16&#8243; custom_button=\u00bbon\u00bb button_text_size=\u00bb39px\u00bb button_text_color=\u00bb#cccccc\u00bb button_border_width=\u00bb0px\u00bb button_border_radius=\u00bb0px\u00bb button_font=\u00bbOswald|700|||||||\u00bb button_use_icon=\u00bboff\u00bb custom_margin=\u00bb-40px|0px|-10px|0px|false|false\u00bb custom_margin_tablet=\u00bb\u00bb custom_margin_phone=\u00bb\u00bb custom_margin_last_edited=\u00bbon|phone\u00bb custom_padding=\u00bb0px|0px|0px|0px|true|\u00bb button_text_color_hover=\u00bbrgba(224,43,32,0.76)\u00bb button_border_color_hover=\u00bbrgba(0,0,0,0)\u00bb button_border_radius_hover=\u00bb0px\u00bb button_bg_color_hover=\u00bbrgba(0,0,0,0)\u00bb global_colors_info=\u00bb{}\u00bb button_text_size__hover_enabled=\u00bboff\u00bb button_one_text_size__hover_enabled=\u00bboff\u00bb button_two_text_size__hover_enabled=\u00bboff\u00bb button_text_color__hover_enabled=\u00bbon|desktop\u00bb button_text_color__hover=\u00bbrgba(255,255,255,0.5)\u00bb button_one_text_color__hover_enabled=\u00bboff\u00bb button_two_text_color__hover_enabled=\u00bboff\u00bb button_border_width__hover_enabled=\u00bboff\u00bb button_one_border_width__hover_enabled=\u00bboff\u00bb button_two_border_width__hover_enabled=\u00bboff\u00bb button_border_color__hover_enabled=\u00bbon\u00bb button_border_color__hover=\u00bbrgba(0,0,0,0)\u00bb button_one_border_color__hover_enabled=\u00bboff\u00bb button_two_border_color__hover_enabled=\u00bboff\u00bb button_border_radius__hover_enabled=\u00bbon\u00bb button_border_radius__hover=\u00bb0px\u00bb button_one_border_radius__hover_enabled=\u00bboff\u00bb button_two_border_radius__hover_enabled=\u00bboff\u00bb button_letter_spacing__hover_enabled=\u00bboff\u00bb button_one_letter_spacing__hover_enabled=\u00bboff\u00bb button_two_letter_spacing__hover_enabled=\u00bboff\u00bb button_bg_color__hover_enabled=\u00bbon\u00bb button_bg_color__hover=\u00bbrgba(255,255,255,0)\u00bb button_one_bg_color__hover_enabled=\u00bboff\u00bb button_two_bg_color__hover_enabled=\u00bboff\u00bb][\/et_pb_button][et_pb_text module_id=\u00bbreveal\u00bb _builder_version=\u00bb4.16&#8243; text_font=\u00bb|300|||||||\u00bb text_text_color=\u00bb#cccccc\u00bb text_line_height=\u00bb1.1em\u00bb header_font=\u00bb|300|||||||\u00bb header_2_font=\u00bb|300||on|||||\u00bb header_2_text_color=\u00bb#cccccc\u00bb header_2_font_size=\u00bb36px\u00bb header_2_letter_spacing=\u00bb2px\u00bb background_layout=\u00bbdark\u00bb global_colors_info=\u00bb{}\u00bb]Nuestras clases de GAP, se encargar\u00e1n de ayudarte a <b>ejercitar todo tu tren inferior<\/b>. Esto es gracias a la \u00faltima tecnolog\u00eda ofrecida en cada una de nuestras m\u00e1quinas y equipos, que te favorecer\u00e1 al momento de definir y tonificar de forma expl\u00edcita la silueta. Ponemos a tu entera disposici\u00f3n el equipo adecuado, cuyo mantenimiento constante, te har\u00e1 sentir confiado y en el lugar indicado.<\/p>\n<p>Todas las sesiones de <b>GAP<\/b> ser\u00e1n monitoreadas por profesores certificados que tendr\u00e1n como \u00fanico objetivo explotar tus capacidades e impulsarte a lograr la meta planteada. De esta forma tendr\u00e1s como recompensa los mejores resultados en el menor tiempo posible.<\/p>\n<p>Existen otras actividades que se encargan de trabajar distintos m\u00fasculos de forma simult\u00e1nea. Sin embargo, los <b>gl\u00fateos, abdomen y piernas<\/b> ser\u00e1n el enfoque.\u00a0<\/p>\n<p>Nuestras m\u00e1quinas te ayudar\u00e1n a potenciar con la mayor seguridad y comodidad. Mientras que nuestros profesionales en <b>acondicionamiento f\u00edsico<\/b>podr\u00e1n ofrecerte toda la informaci\u00f3n necesaria sobre nuestros entrenamientos de GAP en Tudela.\u00a0[\/et_pb_text][\/et_pb_column][\/et_pb_row][et_pb_row column_structure=\u00bb1_3,2_3&#8243; custom_padding_last_edited=\u00bbon|phone\u00bb _builder_version=\u00bb4.16&#8243; _module_preset=\u00bbdefault\u00bb custom_margin=\u00bb||0px||false|false\u00bb custom_padding=\u00bb||||false|false\u00bb custom_padding_tablet=\u00bb\u00bb custom_padding_phone=\u00bb0px||0px||false|false\u00bb global_colors_info=\u00bb{}\u00bb][et_pb_column type=\u00bb1_3&#8243; _builder_version=\u00bb4.16&#8243; _module_preset=\u00bbdefault\u00bb global_colors_info=\u00bb{}\u00bb][et_pb_text _builder_version=\u00bb4.16&#8243; text_font=\u00bb||||||||\u00bb header_font=\u00bb||||||||\u00bb header_text_align=\u00bbcenter\u00bb header_2_font=\u00bb|300||on|||||\u00bb header_2_text_align=\u00bbright\u00bb header_2_font_size=\u00bb29px\u00bb custom_margin=\u00bb||0px||false|false\u00bb custom_padding=\u00bb|15%|0px||false|false\u00bb header_2_text_align_tablet=\u00bb\u00bb header_2_text_align_phone=\u00bbleft\u00bb header_2_text_align_last_edited=\u00bbon|phone\u00bb header_2_font_size_tablet=\u00bb51px\u00bb header_2_font_size_phone=\u00bb25px\u00bb header_2_font_size_last_edited=\u00bbon|phone\u00bb border_width_right=\u00bb2px\u00bb border_color_right=\u00bb#cccccc\u00bb border_width_right_tablet=\u00bb\u00bb border_width_right_phone=\u00bb0px\u00bb border_width_right_last_edited=\u00bbon|phone\u00bb locked=\u00bboff\u00bb global_colors_info=\u00bb{}\u00bb]<\/p>\n<h2>Beneficios del gap en tudela<\/h2>\n<p>[\/et_pb_text][\/et_pb_column][et_pb_column type=\u00bb2_3&#8243; _builder_version=\u00bb4.16&#8243; _module_preset=\u00bbdefault\u00bb global_colors_info=\u00bb{}\u00bb][et_pb_text _builder_version=\u00bb4.16&#8243; text_font=\u00bb|300|||||||\u00bb text_text_color=\u00bb#cccccc\u00bb text_line_height=\u00bb1.1em\u00bb header_font=\u00bb|300|||||||\u00bb header_2_font=\u00bb|300||on|||||\u00bb header_2_text_color=\u00bb#cccccc\u00bb header_2_font_size=\u00bb36px\u00bb header_2_letter_spacing=\u00bb2px\u00bb background_layout=\u00bbdark\u00bb global_colors_info=\u00bb{}\u00bb]Practicar regularmente <b>GAP en Tudela<\/b> te aportar\u00e1 numerosos beneficios que ser\u00e1n visibles a corto plazo, gracias a la ayuda recibida por los profesionales.\u00a0<\/p>\n<p>Adem\u00e1s de fortalecer y tonificar la zona de los <b> gl\u00fateos, abdominales y piernas<\/b>, con el GAP en Tudela podr\u00e1s corregir problemas de espalda, combatir la celulitis y mejorar el equilibrio de la cadera.\u00a0<\/p>\n<p>Realizar GAP en Tudela, te ayudar\u00e1 a <b>definir los m\u00fasculos<\/b> y favorecer\u00e1 la aparici\u00f3n de un cuerpo est\u00e9tico deseable. Por eso, asume el reto y demuestra que eres capaz de lograr esa meta que tanto deseas.<\/p>\n<p>Otro de los beneficios que notar\u00e1s desde el primer d\u00eda que comiences la pr\u00e1ctica de<b> GAP en Tudela<\/b> es la disminuci\u00f3n de los niveles de estr\u00e9s, esto es gracias a que al realizar los ejercicios se liberan las tensiones.\u00a0[\/et_pb_text][\/et_pb_column][\/et_pb_row][\/et_pb_section][et_pb_section fb_built=\u00bb1&#8243; custom_padding_last_edited=\u00bbon|phone\u00bb _builder_version=\u00bb4.27.5&#8243; _module_preset=\u00bbdefault\u00bb background_color=\u00bb#000000&#8243; custom_padding=\u00bb0px||50px||false|false\u00bb custom_padding_tablet=\u00bb\u00bb custom_padding_phone=\u00bb||30px||false|false\u00bb hover_enabled=\u00bb0&#8243; global_colors_info=\u00bb{}\u00bb sticky_enabled=\u00bb0&#8243;][et_pb_row column_structure=\u00bb1_3,2_3&#8243; custom_padding_last_edited=\u00bbon|phone\u00bb _builder_version=\u00bb4.16&#8243; _module_preset=\u00bbdefault\u00bb custom_padding_tablet=\u00bb\u00bb custom_padding_phone=\u00bb0px||0px||false|false\u00bb global_colors_info=\u00bb{}\u00bb][et_pb_column type=\u00bb1_3&#8243; _builder_version=\u00bb4.16&#8243; _module_preset=\u00bbdefault\u00bb global_colors_info=\u00bb{}\u00bb][et_pb_text _builder_version=\u00bb4.16&#8243; text_font=\u00bb||||||||\u00bb header_font=\u00bb||||||||\u00bb header_text_align=\u00bbcenter\u00bb header_2_font=\u00bb|300||on|||||\u00bb header_2_text_align=\u00bbright\u00bb header_2_font_size=\u00bb29px\u00bb custom_margin=\u00bb||0px||false|false\u00bb custom_padding=\u00bb|15%|0px||false|false\u00bb header_2_text_align_tablet=\u00bb\u00bb header_2_text_align_phone=\u00bbleft\u00bb header_2_text_align_last_edited=\u00bbon|phone\u00bb header_2_font_size_tablet=\u00bb51px\u00bb header_2_font_size_phone=\u00bb25px\u00bb header_2_font_size_last_edited=\u00bbon|phone\u00bb border_width_right=\u00bb2px\u00bb border_color_right=\u00bb#cccccc\u00bb border_width_right_tablet=\u00bb\u00bb border_width_right_phone=\u00bb0px\u00bb border_width_right_last_edited=\u00bbon|phone\u00bb locked=\u00bboff\u00bb global_colors_info=\u00bb{}\u00bb]<\/p>\n<h2>Por qu\u00e9 gap en Sparta Sport Center tudela<\/h2>\n<p>[\/et_pb_text][\/et_pb_column][et_pb_column type=\u00bb2_3&#8243; _builder_version=\u00bb4.16&#8243; _module_preset=\u00bbdefault\u00bb global_colors_info=\u00bb{}\u00bb][et_pb_text _builder_version=\u00bb4.16&#8243; text_font=\u00bb|300|||||||\u00bb text_text_color=\u00bb#cccccc\u00bb text_line_height=\u00bb1.1em\u00bb header_font=\u00bb|300|||||||\u00bb header_2_font=\u00bb|300||on|||||\u00bb header_2_text_color=\u00bb#cccccc\u00bb header_2_font_size=\u00bb36px\u00bb header_2_letter_spacing=\u00bb2px\u00bb background_layout=\u00bbdark\u00bb global_colors_info=\u00bb{}\u00bb]En<b> Sparta Sport Center Tudela<\/b>, somos m\u00e1s que un gimnasio. Te ofrecemos la mejor experiencia de entrenamiento GAP para que puedas alcanzar tus metas de forma r\u00e1pida y segura.\u00a0<\/p>\n<p>Al formar parte de nuestra familia, contar\u00e1s con un grupo de profesionales que se encargaran de acompa\u00f1arte y aportar\u00e1n a tus objetivos la mejor orientaci\u00f3n para superar cada obst\u00e1culo que exista en tu mente.<\/p>\n<p>Cuando practicas <b>GAP en Tudela<\/b> tus objetivos tambi\u00e9n son nuestros, es por ello que celebraremos cada uno de tus logros. Para de esta forma demostrarte que eres capaz de lograr grandes cosas, cuando conf\u00edas en ti.<\/p>\n<p>Te esperamos en Sparta Sport Center Tudela donde contamos con <b>equipos de \u00faltima tecnolog\u00eda<\/b>, instalaciones c\u00f3modas y una atenci\u00f3n de primera, para ofrecerte un servicio de calidad, y que tu entrenamiento sea el mejor.[\/et_pb_text][\/et_pb_column][\/et_pb_row][\/et_pb_section]<\/p>\n","protected":false},"excerpt":{"rendered":"<p>clases de gap en TudelaEl GAP en Tudela es un ejercicio que consiste en trabajar tres zonas espec\u00edficas donde se encuentran los m\u00fasculos m\u00e1s grandes del cuerpo. Es decir, los gl\u00fateos, abdominales y piernas. Siendo estas las m\u00e1s afectadas por la acumulaci\u00f3n de grasa, en consecuencia las que m\u00e1s queremos esculpir, para tener una figura [&hellip;]<\/p>\n","protected":false},"author":1,"featured_media":221100,"parent":0,"menu_order":0,"comment_status":"closed","ping_status":"closed","template":"","meta":{"_et_pb_use_builder":"on","_et_pb_old_content":"","_et_gb_content_width":"","footnotes":""},"class_list":["post-206550","page","type-page","status-publish","has-post-thumbnail","hentry"],"yoast_head":"<!-- This site is optimized with the Yoast SEO plugin v27.4 - https:\/\/yoast.com\/product\/yoast-seo-wordpress\/ -->\n<title>GAP en Tudela \u00a11 D\u00cdA GRATIS! | Sparta Sport Center Tudela<\/title>\n<meta name=\"description\" content=\"Maximiza tus logros con nuestras CLASES DE GAP DIRIGIDAS en Tudela. Conseguir\u00e1s fortalecer, moldear y tonificar tus gl\u00fateos, piernas y abdomen.\" \/>\n<meta name=\"robots\" content=\"index, follow, max-snippet:-1, max-image-preview:large, max-video-preview:-1\" \/>\n<link rel=\"canonical\" href=\"https:\/\/spartasportcenter.com\/tudela\/gap-tudela\/\" \/>\n<meta property=\"og:locale\" content=\"es_ES\" \/>\n<meta property=\"og:type\" content=\"article\" \/>\n<meta property=\"og:title\" content=\"GAP en Tudela \u00a11 D\u00cdA GRATIS! | Sparta Sport Center Tudela\" \/>\n<meta property=\"og:description\" content=\"Maximiza tus logros con nuestras CLASES DE GAP DIRIGIDAS en Tudela. Conseguir\u00e1s fortalecer, moldear y tonificar tus gl\u00fateos, piernas y abdomen.\" \/>\n<meta property=\"og:url\" content=\"https:\/\/spartasportcenter.com\/tudela\/gap-tudela\/\" \/>\n<meta property=\"og:site_name\" content=\"Sparta Sport Center Tudela\" \/>\n<meta property=\"article:modified_time\" content=\"2026-01-07T09:23:48+00:00\" \/>\n<meta property=\"og:image\" content=\"https:\/\/spartasportcenter.com\/tudela\/wp-content\/uploads\/2024\/06\/gap-tudela.webp\" \/>\n\t<meta property=\"og:image:width\" content=\"2000\" \/>\n\t<meta property=\"og:image:height\" content=\"1333\" \/>\n\t<meta property=\"og:image:type\" content=\"image\/webp\" \/>\n<meta name=\"twitter:card\" content=\"summary_large_image\" \/>\n<meta name=\"twitter:label1\" content=\"Tiempo de lectura\" \/>\n\t<meta name=\"twitter:data1\" content=\"5 minutos\" \/>\n<script type=\"application\/ld+json\" class=\"yoast-schema-graph\">{\"@context\":\"https:\\\/\\\/schema.org\",\"@graph\":[{\"@type\":\"WebPage\",\"@id\":\"https:\\\/\\\/spartasportcenter.com\\\/tudela\\\/gap-tudela\\\/\",\"url\":\"https:\\\/\\\/spartasportcenter.com\\\/tudela\\\/gap-tudela\\\/\",\"name\":\"GAP en Tudela \u00a11 D\u00cdA GRATIS! | Sparta Sport Center Tudela\",\"isPartOf\":{\"@id\":\"https:\\\/\\\/spartasportcenter.com\\\/tudela\\\/#website\"},\"primaryImageOfPage\":{\"@id\":\"https:\\\/\\\/spartasportcenter.com\\\/tudela\\\/gap-tudela\\\/#primaryimage\"},\"image\":{\"@id\":\"https:\\\/\\\/spartasportcenter.com\\\/tudela\\\/gap-tudela\\\/#primaryimage\"},\"thumbnailUrl\":\"https:\\\/\\\/spartasportcenter.com\\\/tudela\\\/wp-content\\\/uploads\\\/2024\\\/06\\\/gap-tudela.webp\",\"datePublished\":\"2018-08-20T15:44:57+00:00\",\"dateModified\":\"2026-01-07T09:23:48+00:00\",\"description\":\"Maximiza tus logros con nuestras CLASES DE GAP DIRIGIDAS en Tudela. Conseguir\u00e1s fortalecer, moldear y tonificar tus gl\u00fateos, piernas y abdomen.\",\"breadcrumb\":{\"@id\":\"https:\\\/\\\/spartasportcenter.com\\\/tudela\\\/gap-tudela\\\/#breadcrumb\"},\"inLanguage\":\"es\",\"potentialAction\":[{\"@type\":\"ReadAction\",\"target\":[\"https:\\\/\\\/spartasportcenter.com\\\/tudela\\\/gap-tudela\\\/\"]}]},{\"@type\":\"ImageObject\",\"inLanguage\":\"es\",\"@id\":\"https:\\\/\\\/spartasportcenter.com\\\/tudela\\\/gap-tudela\\\/#primaryimage\",\"url\":\"https:\\\/\\\/spartasportcenter.com\\\/tudela\\\/wp-content\\\/uploads\\\/2024\\\/06\\\/gap-tudela.webp\",\"contentUrl\":\"https:\\\/\\\/spartasportcenter.com\\\/tudela\\\/wp-content\\\/uploads\\\/2024\\\/06\\\/gap-tudela.webp\",\"width\":2000,\"height\":1333,\"caption\":\"gap tudela\"},{\"@type\":\"BreadcrumbList\",\"@id\":\"https:\\\/\\\/spartasportcenter.com\\\/tudela\\\/gap-tudela\\\/#breadcrumb\",\"itemListElement\":[{\"@type\":\"ListItem\",\"position\":1,\"name\":\"Portada\",\"item\":\"https:\\\/\\\/spartasportcenter.com\\\/tudela\\\/\"},{\"@type\":\"ListItem\",\"position\":2,\"name\":\"GAP Tudela\"}]},{\"@type\":\"WebSite\",\"@id\":\"https:\\\/\\\/spartasportcenter.com\\\/tudela\\\/#website\",\"url\":\"https:\\\/\\\/spartasportcenter.com\\\/tudela\\\/\",\"name\":\"Sparta Sport Center Tudela\",\"description\":\"Gimnasios en Tudela\",\"potentialAction\":[{\"@type\":\"SearchAction\",\"target\":{\"@type\":\"EntryPoint\",\"urlTemplate\":\"https:\\\/\\\/spartasportcenter.com\\\/tudela\\\/?s={search_term_string}\"},\"query-input\":{\"@type\":\"PropertyValueSpecification\",\"valueRequired\":true,\"valueName\":\"search_term_string\"}}],\"inLanguage\":\"es\"}]}<\/script>\n<!-- \/ Yoast SEO plugin. -->","yoast_head_json":{"title":"GAP en Tudela \u00a11 D\u00cdA GRATIS! | Sparta Sport Center Tudela","description":"Maximiza tus logros con nuestras CLASES DE GAP DIRIGIDAS en Tudela. Conseguir\u00e1s fortalecer, moldear y tonificar tus gl\u00fateos, piernas y abdomen.","robots":{"index":"index","follow":"follow","max-snippet":"max-snippet:-1","max-image-preview":"max-image-preview:large","max-video-preview":"max-video-preview:-1"},"canonical":"https:\/\/spartasportcenter.com\/tudela\/gap-tudela\/","og_locale":"es_ES","og_type":"article","og_title":"GAP en Tudela \u00a11 D\u00cdA GRATIS! | Sparta Sport Center Tudela","og_description":"Maximiza tus logros con nuestras CLASES DE GAP DIRIGIDAS en Tudela. Conseguir\u00e1s fortalecer, moldear y tonificar tus gl\u00fateos, piernas y abdomen.","og_url":"https:\/\/spartasportcenter.com\/tudela\/gap-tudela\/","og_site_name":"Sparta Sport Center Tudela","article_modified_time":"2026-01-07T09:23:48+00:00","og_image":[{"width":2000,"height":1333,"url":"https:\/\/spartasportcenter.com\/tudela\/wp-content\/uploads\/2024\/06\/gap-tudela.webp","type":"image\/webp"}],"twitter_card":"summary_large_image","twitter_misc":{"Tiempo de lectura":"5 minutos"},"schema":{"@context":"https:\/\/schema.org","@graph":[{"@type":"WebPage","@id":"https:\/\/spartasportcenter.com\/tudela\/gap-tudela\/","url":"https:\/\/spartasportcenter.com\/tudela\/gap-tudela\/","name":"GAP en Tudela \u00a11 D\u00cdA GRATIS! | Sparta Sport Center Tudela","isPartOf":{"@id":"https:\/\/spartasportcenter.com\/tudela\/#website"},"primaryImageOfPage":{"@id":"https:\/\/spartasportcenter.com\/tudela\/gap-tudela\/#primaryimage"},"image":{"@id":"https:\/\/spartasportcenter.com\/tudela\/gap-tudela\/#primaryimage"},"thumbnailUrl":"https:\/\/spartasportcenter.com\/tudela\/wp-content\/uploads\/2024\/06\/gap-tudela.webp","datePublished":"2018-08-20T15:44:57+00:00","dateModified":"2026-01-07T09:23:48+00:00","description":"Maximiza tus logros con nuestras CLASES DE GAP DIRIGIDAS en Tudela. Conseguir\u00e1s fortalecer, moldear y tonificar tus gl\u00fateos, piernas y abdomen.","breadcrumb":{"@id":"https:\/\/spartasportcenter.com\/tudela\/gap-tudela\/#breadcrumb"},"inLanguage":"es","potentialAction":[{"@type":"ReadAction","target":["https:\/\/spartasportcenter.com\/tudela\/gap-tudela\/"]}]},{"@type":"ImageObject","inLanguage":"es","@id":"https:\/\/spartasportcenter.com\/tudela\/gap-tudela\/#primaryimage","url":"https:\/\/spartasportcenter.com\/tudela\/wp-content\/uploads\/2024\/06\/gap-tudela.webp","contentUrl":"https:\/\/spartasportcenter.com\/tudela\/wp-content\/uploads\/2024\/06\/gap-tudela.webp","width":2000,"height":1333,"caption":"gap tudela"},{"@type":"BreadcrumbList","@id":"https:\/\/spartasportcenter.com\/tudela\/gap-tudela\/#breadcrumb","itemListElement":[{"@type":"ListItem","position":1,"name":"Portada","item":"https:\/\/spartasportcenter.com\/tudela\/"},{"@type":"ListItem","position":2,"name":"GAP Tudela"}]},{"@type":"WebSite","@id":"https:\/\/spartasportcenter.com\/tudela\/#website","url":"https:\/\/spartasportcenter.com\/tudela\/","name":"Sparta Sport Center Tudela","description":"Gimnasios en Tudela","potentialAction":[{"@type":"SearchAction","target":{"@type":"EntryPoint","urlTemplate":"https:\/\/spartasportcenter.com\/tudela\/?s={search_term_string}"},"query-input":{"@type":"PropertyValueSpecification","valueRequired":true,"valueName":"search_term_string"}}],"inLanguage":"es"}]}},"_links":{"self":[{"href":"https:\/\/spartasportcenter.com\/tudela\/wp-json\/wp\/v2\/pages\/206550","targetHints":{"allow":["GET"]}}],"collection":[{"href":"https:\/\/spartasportcenter.com\/tudela\/wp-json\/wp\/v2\/pages"}],"about":[{"href":"https:\/\/spartasportcenter.com\/tudela\/wp-json\/wp\/v2\/types\/page"}],"author":[{"embeddable":true,"href":"https:\/\/spartasportcenter.com\/tudela\/wp-json\/wp\/v2\/users\/1"}],"replies":[{"embeddable":true,"href":"https:\/\/spartasportcenter.com\/tudela\/wp-json\/wp\/v2\/comments?post=206550"}],"version-history":[{"count":15,"href":"https:\/\/spartasportcenter.com\/tudela\/wp-json\/wp\/v2\/pages\/206550\/revisions"}],"predecessor-version":[{"id":223052,"href":"https:\/\/spartasportcenter.com\/tudela\/wp-json\/wp\/v2\/pages\/206550\/revisions\/223052"}],"wp:featuredmedia":[{"embeddable":true,"href":"https:\/\/spartasportcenter.com\/tudela\/wp-json\/wp\/v2\/media\/221100"}],"wp:attachment":[{"href":"https:\/\/spartasportcenter.com\/tudela\/wp-json\/wp\/v2\/media?parent=206550"}],"curies":[{"name":"wp","href":"https:\/\/api.w.org\/{rel}","templated":true}]}}