{"id":217726,"date":"2023-04-10T12:10:13","date_gmt":"2023-04-10T10:10:13","guid":{"rendered":"https:\/\/spartasportcenter.com\/soria\/?page_id=217726"},"modified":"2025-12-29T13:32:59","modified_gmt":"2025-12-29T12:32:59","slug":"gimnasio-centro-comercial-camaretas","status":"publish","type":"page","link":"https:\/\/spartasportcenter.com\/soria\/gimnasio-centro-comercial-camaretas\/","title":{"rendered":"Gimnasio Centro Comercial Camaretas"},"content":{"rendered":"<p>[et_pb_section fb_built=\u00bb1&#8243; custom_padding_last_edited=\u00bbon|phone\u00bb disabled_on=\u00bboff|off|off\u00bb _builder_version=\u00bb4.27.4&#8243; background_color=\u00bb#000000&#8243; background_enable_image=\u00bboff\u00bb custom_margin=\u00bb||||false|false\u00bb custom_padding=\u00bb80px|0px|0px|0px|false|false\u00bb custom_padding_tablet=\u00bb\u00bb custom_padding_phone=\u00bb30px||50px||false|false\u00bb hover_enabled=\u00bb0&#8243; global_colors_info=\u00bb{}\u00bb sticky_enabled=\u00bb0&#8243;][et_pb_row column_structure=\u00bb1_3,2_3&#8243; custom_padding_last_edited=\u00bbon|desktop\u00bb _builder_version=\u00bb4.16&#8243; _module_preset=\u00bbdefault\u00bb custom_padding=\u00bb0px||||false|false\u00bb custom_padding_tablet=\u00bb\u00bb custom_padding_phone=\u00bb0px||||false|false\u00bb global_colors_info=\u00bb{}\u00bb][et_pb_column type=\u00bb1_3&#8243; _builder_version=\u00bb4.16&#8243; _module_preset=\u00bbdefault\u00bb global_colors_info=\u00bb{}\u00bb][et_pb_text _builder_version=\u00bb4.20.2&#8243; text_font=\u00bb||||||||\u00bb header_font=\u00bb||||||||\u00bb header_text_align=\u00bbcenter\u00bb header_2_font=\u00bb|300||on|||||\u00bb header_2_text_align=\u00bbright\u00bb header_2_font_size=\u00bb29px\u00bb custom_margin=\u00bb||0px||false|false\u00bb custom_padding=\u00bb|15%|0px||false|false\u00bb header_2_text_align_tablet=\u00bb\u00bb header_2_text_align_phone=\u00bbleft\u00bb header_2_text_align_last_edited=\u00bbon|phone\u00bb header_2_font_size_tablet=\u00bb51px\u00bb header_2_font_size_phone=\u00bb25px\u00bb header_2_font_size_last_edited=\u00bbon|phone\u00bb border_width_right=\u00bb2px\u00bb border_color_right=\u00bb#cccccc\u00bb border_width_right_tablet=\u00bb\u00bb border_width_right_phone=\u00bb0px\u00bb border_width_right_last_edited=\u00bbon|phone\u00bb locked=\u00bboff\u00bb global_colors_info=\u00bb{}\u00bb]<\/p>\n<h2>Tu gimnasio de confianza<\/h2>\n<p>[\/et_pb_text][\/et_pb_column][et_pb_column type=\u00bb2_3&#8243; _builder_version=\u00bb4.16&#8243; _module_preset=\u00bbdefault\u00bb global_colors_info=\u00bb{}\u00bb][et_pb_text _builder_version=\u00bb4.20.2&#8243; text_font=\u00bb|300|||||||\u00bb text_text_color=\u00bb#cccccc\u00bb text_line_height=\u00bb1.1em\u00bb header_font=\u00bb|300|||||||\u00bb header_2_font=\u00bb|300||on|||||\u00bb header_2_text_color=\u00bb#cccccc\u00bb header_2_font_size=\u00bb36px\u00bb header_2_letter_spacing=\u00bb2px\u00bb background_layout=\u00bbdark\u00bb global_colors_info=\u00bb{}\u00bb]<\/p>\n<p><span style=\"font-weight: 400;\">\u00a1Bienvenido al gimnasio del Centro Comercial Camaretas! Tanto si eres un <\/span><b>deportista<\/b> <b>joven<\/b><span style=\"font-weight: 400;\"> en busca de una ventaja f\u00edsica en deportes de competici\u00f3n, o un <\/span><b>adulto <\/b><span style=\"font-weight: 400;\">consciente de tu salud y con ganas de alcanzar tus objetivos personales de fitness, nuestro gimnasio tiene algo para todos.<\/span><\/p>\n<p><span style=\"font-weight: 400;\">Nuestro <\/span><b>ambiente acogedor<\/b><span style=\"font-weight: 400;\"> y nuestro personal te ayudar\u00e1 a encontrar el mejor camino para alcanzar tus objetivos con <\/span><b>atenci\u00f3n personalizada<\/b><span style=\"font-weight: 400;\"> y orientaci\u00f3n especializada.<\/span><\/p>\n<p><span style=\"font-weight: 400;\">Ofrecemos las <\/span><b>\u00faltimas novedades<\/b><span style=\"font-weight: 400;\"> en <\/span><b>m\u00e1quinas de entrenamiento<\/b><span style=\"font-weight: 400;\"> de algunas de las marcas l\u00edderes del mercado, as\u00ed como <\/span><b>numerosas clases<\/b><span style=\"font-weight: 400;\"> de diversas disciplinas como yoga, kickboxing, body combat y cross training.<\/span><\/p>\n<p><span style=\"font-weight: 400;\">Aprovechar estos recursos puede ayudarte a alcanzar nuevas cotas de actividad f\u00edsica. Ven y \u00fanete a <\/span><b>Sparta Sport Center<\/b><span style=\"font-weight: 400;\"> hoy mismo. \u00a1Estamos deseando ayudarte a convertirte en una versi\u00f3n m\u00e1s saludable de ti mismo!<\/span><\/p>\n<p>[\/et_pb_text][\/et_pb_column][\/et_pb_row][et_pb_row column_structure=\u00bb1_3,2_3&#8243; custom_padding_last_edited=\u00bbon|phone\u00bb _builder_version=\u00bb4.16&#8243; _module_preset=\u00bbdefault\u00bb custom_margin=\u00bb||0px||false|false\u00bb custom_padding=\u00bb||||false|false\u00bb custom_padding_tablet=\u00bb\u00bb custom_padding_phone=\u00bb0px||0px||false|false\u00bb global_colors_info=\u00bb{}\u00bb][et_pb_column type=\u00bb1_3&#8243; _builder_version=\u00bb4.16&#8243; _module_preset=\u00bbdefault\u00bb global_colors_info=\u00bb{}\u00bb][et_pb_text _builder_version=\u00bb4.20.2&#8243; text_font=\u00bb||||||||\u00bb header_font=\u00bb||||||||\u00bb header_text_align=\u00bbcenter\u00bb header_2_font=\u00bb|300||on|||||\u00bb header_2_text_align=\u00bbright\u00bb header_2_font_size=\u00bb29px\u00bb custom_margin=\u00bb||0px||false|false\u00bb custom_padding=\u00bb|15%|0px||false|false\u00bb header_2_text_align_tablet=\u00bb\u00bb header_2_text_align_phone=\u00bbleft\u00bb header_2_text_align_last_edited=\u00bbon|phone\u00bb header_2_font_size_tablet=\u00bb51px\u00bb header_2_font_size_phone=\u00bb25px\u00bb header_2_font_size_last_edited=\u00bbon|phone\u00bb border_width_right=\u00bb2px\u00bb border_color_right=\u00bb#cccccc\u00bb border_width_right_tablet=\u00bb\u00bb border_width_right_phone=\u00bb0px\u00bb border_width_right_last_edited=\u00bbon|phone\u00bb locked=\u00bboff\u00bb global_colors_info=\u00bb{}\u00bb]<\/p>\n<h2>Beneficios de entrenar en Sparta Sport Center<\/h2>\n<p>[\/et_pb_text][\/et_pb_column][et_pb_column type=\u00bb2_3&#8243; _builder_version=\u00bb4.16&#8243; _module_preset=\u00bbdefault\u00bb global_colors_info=\u00bb{}\u00bb][et_pb_text _builder_version=\u00bb4.20.2&#8243; text_font=\u00bb|300|||||||\u00bb text_text_color=\u00bb#cccccc\u00bb text_line_height=\u00bb1.1em\u00bb header_font=\u00bb|300|||||||\u00bb header_2_font=\u00bb|300||on|||||\u00bb header_2_text_color=\u00bb#cccccc\u00bb header_2_font_size=\u00bb36px\u00bb header_2_letter_spacing=\u00bb2px\u00bb background_layout=\u00bbdark\u00bb global_colors_info=\u00bb{}\u00bb]<\/p>\n<p><span style=\"font-weight: 400;\">\u00bfBuscas un lugar para entrenar que ofrezca una experiencia completa y personalizada? \u00a1Sparta Sport Center Centro Comercial Camaretas es la elecci\u00f3n perfecta para ti!<\/span><\/p>\n<p><span style=\"font-weight: 400;\">Con modernas instalaciones y una amplia gama de equipos de alta calidad, nuestro gimnasio en Centro Comercial Camaretas te ofrece<\/span><b> programas de entrenamiento adaptados <\/b><span style=\"font-weight: 400;\">a tus necesidades y objetivos.<\/span><\/p>\n<p><span style=\"font-weight: 400;\">Los beneficios de entrenar en Sparta Sport Center son muchos, como la mejora de tu condici\u00f3n f\u00edsica, aumento de energ\u00eda y resistencia, fortalecimiento de m\u00fasculos, reducci\u00f3n del estr\u00e9s y mejora de tu salud mental en general.<\/span><\/p>\n<p><span style=\"font-weight: 400;\">Adem\u00e1s, su equipo de <\/span><b>entrenadores con amplia experiencia <\/b><span style=\"font-weight: 400;\">est\u00e1 listo para ayudarte en todo momento para que puedas alcanzar tus metas fitness.\u00a0<\/span><\/p>\n<p><span style=\"font-weight: 400;\">Y no s\u00f3lo eso, sino que tambi\u00e9n tenemos una amplia variedad de actividades disponibles para que te apuntes:<\/span><\/p>\n<p><span style=\"font-weight: 400;\"><\/span><\/p>\n<ul>\n<li style=\"font-weight: 400;\" aria-level=\"1\"><span style=\"font-weight: 400;\">Pilates<\/span><\/li>\n<li style=\"font-weight: 400;\" aria-level=\"1\"><span style=\"font-weight: 400;\">Boxeo<\/span><\/li>\n<li style=\"font-weight: 400;\" aria-level=\"1\"><span style=\"font-weight: 400;\">Cross training<\/span><\/li>\n<li style=\"font-weight: 400;\" aria-level=\"1\"><span style=\"font-weight: 400;\">Body attack<\/span><\/li>\n<li style=\"font-weight: 400;\" aria-level=\"1\"><span style=\"font-weight: 400;\">Core<\/span><\/li>\n<li style=\"font-weight: 400;\" aria-level=\"1\"><span style=\"font-weight: 400;\">Kick boxing<\/span><\/li>\n<li style=\"font-weight: 400;\" aria-level=\"1\"><span style=\"font-weight: 400;\">Zumba<\/span><\/li>\n<li style=\"font-weight: 400;\" aria-level=\"1\"><span style=\"font-weight: 400;\">Body pump<\/span><\/li>\n<li style=\"font-weight: 400;\" aria-level=\"1\"><span style=\"font-weight: 400;\">Spinning<\/span><\/li>\n<li style=\"font-weight: 400;\" aria-level=\"1\"><span style=\"font-weight: 400;\">Body combat<\/span><\/li>\n<li style=\"font-weight: 400;\" aria-level=\"1\"><span style=\"font-weight: 400;\">Yoga<\/span><\/li>\n<li style=\"font-weight: 400;\" aria-level=\"1\"><span style=\"font-weight: 400;\">Entrenamiento funcional<\/span><\/li>\n<\/ul>\n<p><span style=\"font-weight: 400;\">\u00a1\u00danete ahora a la comunidad de Sparta Sport Center y comienza a ver los resultados que siempre has deseado!<\/span><\/p>\n<p>[\/et_pb_text][\/et_pb_column][\/et_pb_row][\/et_pb_section][et_pb_section fb_built=\u00bb1&#8243; custom_padding_last_edited=\u00bbon|phone\u00bb _builder_version=\u00bb4.27.4&#8243; _module_preset=\u00bbdefault\u00bb background_color=\u00bb#000000&#8243; custom_padding=\u00bb0px||50px||false|false\u00bb custom_padding_tablet=\u00bb\u00bb custom_padding_phone=\u00bb||30px||false|false\u00bb hover_enabled=\u00bb0&#8243; global_colors_info=\u00bb{}\u00bb sticky_enabled=\u00bb0&#8243;][et_pb_row column_structure=\u00bb1_3,2_3&#8243; custom_padding_last_edited=\u00bbon|phone\u00bb _builder_version=\u00bb4.16&#8243; _module_preset=\u00bbdefault\u00bb custom_padding_tablet=\u00bb\u00bb custom_padding_phone=\u00bb0px||0px||false|false\u00bb global_colors_info=\u00bb{}\u00bb][et_pb_column type=\u00bb1_3&#8243; _builder_version=\u00bb4.16&#8243; _module_preset=\u00bbdefault\u00bb global_colors_info=\u00bb{}\u00bb][et_pb_text _builder_version=\u00bb4.20.2&#8243; text_font=\u00bb||||||||\u00bb header_font=\u00bb||||||||\u00bb header_text_align=\u00bbcenter\u00bb header_2_font=\u00bb|300||on|||||\u00bb header_2_text_align=\u00bbright\u00bb header_2_font_size=\u00bb29px\u00bb custom_margin=\u00bb||0px||false|false\u00bb custom_padding=\u00bb|15%|0px||false|false\u00bb header_2_text_align_tablet=\u00bb\u00bb header_2_text_align_phone=\u00bbleft\u00bb header_2_text_align_last_edited=\u00bbon|phone\u00bb header_2_font_size_tablet=\u00bb51px\u00bb header_2_font_size_phone=\u00bb25px\u00bb header_2_font_size_last_edited=\u00bbon|phone\u00bb border_width_right=\u00bb2px\u00bb border_color_right=\u00bb#cccccc\u00bb border_width_right_tablet=\u00bb\u00bb border_width_right_phone=\u00bb0px\u00bb border_width_right_last_edited=\u00bbon|phone\u00bb locked=\u00bboff\u00bb global_colors_info=\u00bb{}\u00bb]<\/p>\n<h2>Por qu\u00e9 elegir nuestro gimnasio de Centro Comercial Camaretas<\/h2>\n<p>[\/et_pb_text][\/et_pb_column][et_pb_column type=\u00bb2_3&#8243; _builder_version=\u00bb4.16&#8243; _module_preset=\u00bbdefault\u00bb global_colors_info=\u00bb{}\u00bb][et_pb_text _builder_version=\u00bb4.20.2&#8243; text_font=\u00bb|300|||||||\u00bb text_text_color=\u00bb#cccccc\u00bb text_line_height=\u00bb1.1em\u00bb header_font=\u00bb|300|||||||\u00bb header_2_font=\u00bb|300||on|||||\u00bb header_2_text_color=\u00bb#cccccc\u00bb header_2_font_size=\u00bb36px\u00bb header_2_letter_spacing=\u00bb2px\u00bb background_layout=\u00bbdark\u00bb global_colors_info=\u00bb{}\u00bb]<\/p>\n<p><span style=\"font-weight: 400;\">Nuestro gimnasio del Centro Comercial Camaretas es la opci\u00f3n ideal para quienes buscan un lugar donde mantenerte en forma con comodidad y seguridad.<\/span><\/p>\n<p><span style=\"font-weight: 400;\">Una de las principales ventajas de Sparta Sport Center es el <\/span><b>parking gratuito<\/b><span style=\"font-weight: 400;\">, lo que hace que sea muy c\u00f3modo y accesible para los clientes que se desplacen en coche.<\/span><\/p>\n<p><span style=\"font-weight: 400;\">Adem\u00e1s, nuestro gimnasio cuenta con un <\/span><b>horario abierto todo el a\u00f1o<\/b><span style=\"font-weight: 400;\">, lo que significa que no tendr\u00e1s que preocuparte por los d\u00edas festivos o los horarios reducidos en vacaciones, ya que siempre podr\u00e1s acceder a sus instalaciones.<\/span><\/p>\n<p><span style=\"font-weight: 400;\">Este hecho es especialmente importante para aquellos que tienen un ritmo de vida ocupado y necesitan flexibilidad en el horario de entrenamiento.<\/span><\/p>\n<p><span style=\"font-weight: 400;\">Otro de los aspectos que hacen del gimnasio de Centro Comercial Camaretas una excelente opci\u00f3n es el <\/span><b>acceso ilimitado a las instalaciones<\/b><span style=\"font-weight: 400;\">, lo que te permite entrenar en cualquier momento del d\u00eda o de la noche.<\/span><\/p>\n<p><span style=\"font-weight: 400;\">Con una amplia variedad de m\u00e1quinas y equipamiento de \u00faltima generaci\u00f3n, podr\u00e1s realizar entrenamientos completos y personalizados con la ayuda de los profesionales del gimnasio, que estar\u00e1n disponibles para asesorarte y acompa\u00f1arte en todo momento.<\/span><\/p>\n<p><span style=\"font-weight: 400;\">En resumen, el gimnasio del Centro Comercial Camaretas es una<\/span><b> excelente opci\u00f3n<\/b><span style=\"font-weight: 400;\"> para aquellos que buscan comodidad, flexibilidad y acceso ilimitado a un gimnasio moderno y equipado, entre otras caracter\u00edsticas.<\/span><\/p>\n<p><span style=\"font-weight: 400;\">\u00bfEst\u00e1s listo para alcanzar tus <\/span><b>objetivos de fitness<\/b><span style=\"font-weight: 400;\">? \u00a1\u00danete hoy mismo a nuestro <\/span><a href=\"https:\/\/spartasportcenter.com\/soria\/\"><b>gimnasio en Soria<\/b><\/a><span style=\"font-weight: 400;\"> y comienza tu camino hacia una vida m\u00e1s saludable!<\/span><\/p>\n<p>[\/et_pb_text][\/et_pb_column][\/et_pb_row][\/et_pb_section]<\/p>\n","protected":false},"excerpt":{"rendered":"<p>Tu gimnasio de confianza\u00a1Bienvenido al gimnasio del Centro Comercial Camaretas! Tanto si eres un deportista joven en busca de una ventaja f\u00edsica en deportes de competici\u00f3n, o un adulto consciente de tu salud y con ganas de alcanzar tus objetivos personales de fitness, nuestro gimnasio tiene algo para todos. Nuestro ambiente acogedor y nuestro personal [&hellip;]<\/p>\n","protected":false},"author":1,"featured_media":217727,"parent":0,"menu_order":0,"comment_status":"closed","ping_status":"closed","template":"","meta":{"_et_pb_use_builder":"on","_et_pb_old_content":"","_et_gb_content_width":"","footnotes":""},"class_list":["post-217726","page","type-page","status-publish","has-post-thumbnail","hentry"],"yoast_head":"<!-- This site is optimized with the Yoast SEO plugin v27.4 - https:\/\/yoast.com\/product\/yoast-seo-wordpress\/ -->\n<title>Gimnasio Centro Comercial Camaretas | Sparta Sport Center<\/title>\n<meta name=\"description\" content=\"\u00bfEst\u00e1s buscando un gimnasio en el Centro Comercial Camaretas en Soria? En Sparta Sport Center podemos ayudarte. \u00a1Pide informaci\u00f3n!\" \/>\n<meta name=\"robots\" content=\"index, follow, max-snippet:-1, max-image-preview:large, max-video-preview:-1\" \/>\n<link rel=\"canonical\" href=\"https:\/\/spartasportcenter.com\/soria\/gimnasio-centro-comercial-camaretas\/\" \/>\n<meta property=\"og:locale\" content=\"es_ES\" \/>\n<meta property=\"og:type\" content=\"article\" \/>\n<meta property=\"og:title\" content=\"Gimnasio Centro Comercial Camaretas | Sparta Sport Center\" \/>\n<meta property=\"og:description\" content=\"\u00bfEst\u00e1s buscando un gimnasio en el Centro Comercial Camaretas en Soria? En Sparta Sport Center podemos ayudarte. \u00a1Pide informaci\u00f3n!\" \/>\n<meta property=\"og:url\" content=\"https:\/\/spartasportcenter.com\/soria\/gimnasio-centro-comercial-camaretas\/\" \/>\n<meta property=\"og:site_name\" content=\"Sparta Sport Center Soria\" \/>\n<meta property=\"article:modified_time\" content=\"2025-12-29T12:32:59+00:00\" \/>\n<meta property=\"og:image\" content=\"https:\/\/spartasportcenter.com\/soria\/wp-content\/uploads\/2023\/04\/gimnasios-en-centro-comercial-camaretas.jpg\" \/>\n\t<meta property=\"og:image:width\" content=\"2000\" \/>\n\t<meta property=\"og:image:height\" content=\"1334\" \/>\n\t<meta property=\"og:image:type\" content=\"image\/jpeg\" \/>\n<meta name=\"twitter:card\" content=\"summary_large_image\" \/>\n<script type=\"application\/ld+json\" class=\"yoast-schema-graph\">{\"@context\":\"https:\\\/\\\/schema.org\",\"@graph\":[{\"@type\":\"WebPage\",\"@id\":\"https:\\\/\\\/spartasportcenter.com\\\/soria\\\/gimnasio-centro-comercial-camaretas\\\/\",\"url\":\"https:\\\/\\\/spartasportcenter.com\\\/soria\\\/gimnasio-centro-comercial-camaretas\\\/\",\"name\":\"Gimnasio Centro Comercial Camaretas | Sparta Sport Center\",\"isPartOf\":{\"@id\":\"https:\\\/\\\/spartasportcenter.com\\\/soria\\\/#website\"},\"primaryImageOfPage\":{\"@id\":\"https:\\\/\\\/spartasportcenter.com\\\/soria\\\/gimnasio-centro-comercial-camaretas\\\/#primaryimage\"},\"image\":{\"@id\":\"https:\\\/\\\/spartasportcenter.com\\\/soria\\\/gimnasio-centro-comercial-camaretas\\\/#primaryimage\"},\"thumbnailUrl\":\"https:\\\/\\\/spartasportcenter.com\\\/soria\\\/wp-content\\\/uploads\\\/2023\\\/04\\\/gimnasios-en-centro-comercial-camaretas.jpg\",\"datePublished\":\"2023-04-10T10:10:13+00:00\",\"dateModified\":\"2025-12-29T12:32:59+00:00\",\"description\":\"\u00bfEst\u00e1s buscando un gimnasio en el Centro Comercial Camaretas en Soria? En Sparta Sport Center podemos ayudarte. \u00a1Pide informaci\u00f3n!\",\"breadcrumb\":{\"@id\":\"https:\\\/\\\/spartasportcenter.com\\\/soria\\\/gimnasio-centro-comercial-camaretas\\\/#breadcrumb\"},\"inLanguage\":\"es\",\"potentialAction\":[{\"@type\":\"ReadAction\",\"target\":[\"https:\\\/\\\/spartasportcenter.com\\\/soria\\\/gimnasio-centro-comercial-camaretas\\\/\"]}]},{\"@type\":\"ImageObject\",\"inLanguage\":\"es\",\"@id\":\"https:\\\/\\\/spartasportcenter.com\\\/soria\\\/gimnasio-centro-comercial-camaretas\\\/#primaryimage\",\"url\":\"https:\\\/\\\/spartasportcenter.com\\\/soria\\\/wp-content\\\/uploads\\\/2023\\\/04\\\/gimnasios-en-centro-comercial-camaretas.jpg\",\"contentUrl\":\"https:\\\/\\\/spartasportcenter.com\\\/soria\\\/wp-content\\\/uploads\\\/2023\\\/04\\\/gimnasios-en-centro-comercial-camaretas.jpg\",\"width\":2000,\"height\":1334,\"caption\":\"gimnasios-en-centro-comercial-camaretas\"},{\"@type\":\"BreadcrumbList\",\"@id\":\"https:\\\/\\\/spartasportcenter.com\\\/soria\\\/gimnasio-centro-comercial-camaretas\\\/#breadcrumb\",\"itemListElement\":[{\"@type\":\"ListItem\",\"position\":1,\"name\":\"Portada\",\"item\":\"https:\\\/\\\/spartasportcenter.com\\\/soria\\\/\"},{\"@type\":\"ListItem\",\"position\":2,\"name\":\"Gimnasio Centro Comercial Camaretas\"}]},{\"@type\":\"WebSite\",\"@id\":\"https:\\\/\\\/spartasportcenter.com\\\/soria\\\/#website\",\"url\":\"https:\\\/\\\/spartasportcenter.com\\\/soria\\\/\",\"name\":\"Sparta Sport Center Soria\",\"description\":\"Gimnasios en Soria\",\"potentialAction\":[{\"@type\":\"SearchAction\",\"target\":{\"@type\":\"EntryPoint\",\"urlTemplate\":\"https:\\\/\\\/spartasportcenter.com\\\/soria\\\/?s={search_term_string}\"},\"query-input\":{\"@type\":\"PropertyValueSpecification\",\"valueRequired\":true,\"valueName\":\"search_term_string\"}}],\"inLanguage\":\"es\"}]}<\/script>\n<!-- \/ Yoast SEO plugin. -->","yoast_head_json":{"title":"Gimnasio Centro Comercial Camaretas | Sparta Sport Center","description":"\u00bfEst\u00e1s buscando un gimnasio en el Centro Comercial Camaretas en Soria? En Sparta Sport Center podemos ayudarte. \u00a1Pide informaci\u00f3n!","robots":{"index":"index","follow":"follow","max-snippet":"max-snippet:-1","max-image-preview":"max-image-preview:large","max-video-preview":"max-video-preview:-1"},"canonical":"https:\/\/spartasportcenter.com\/soria\/gimnasio-centro-comercial-camaretas\/","og_locale":"es_ES","og_type":"article","og_title":"Gimnasio Centro Comercial Camaretas | Sparta Sport Center","og_description":"\u00bfEst\u00e1s buscando un gimnasio en el Centro Comercial Camaretas en Soria? En Sparta Sport Center podemos ayudarte. \u00a1Pide informaci\u00f3n!","og_url":"https:\/\/spartasportcenter.com\/soria\/gimnasio-centro-comercial-camaretas\/","og_site_name":"Sparta Sport Center Soria","article_modified_time":"2025-12-29T12:32:59+00:00","og_image":[{"width":2000,"height":1334,"url":"https:\/\/spartasportcenter.com\/soria\/wp-content\/uploads\/2023\/04\/gimnasios-en-centro-comercial-camaretas.jpg","type":"image\/jpeg"}],"twitter_card":"summary_large_image","schema":{"@context":"https:\/\/schema.org","@graph":[{"@type":"WebPage","@id":"https:\/\/spartasportcenter.com\/soria\/gimnasio-centro-comercial-camaretas\/","url":"https:\/\/spartasportcenter.com\/soria\/gimnasio-centro-comercial-camaretas\/","name":"Gimnasio Centro Comercial Camaretas | Sparta Sport Center","isPartOf":{"@id":"https:\/\/spartasportcenter.com\/soria\/#website"},"primaryImageOfPage":{"@id":"https:\/\/spartasportcenter.com\/soria\/gimnasio-centro-comercial-camaretas\/#primaryimage"},"image":{"@id":"https:\/\/spartasportcenter.com\/soria\/gimnasio-centro-comercial-camaretas\/#primaryimage"},"thumbnailUrl":"https:\/\/spartasportcenter.com\/soria\/wp-content\/uploads\/2023\/04\/gimnasios-en-centro-comercial-camaretas.jpg","datePublished":"2023-04-10T10:10:13+00:00","dateModified":"2025-12-29T12:32:59+00:00","description":"\u00bfEst\u00e1s buscando un gimnasio en el Centro Comercial Camaretas en Soria? En Sparta Sport Center podemos ayudarte. \u00a1Pide informaci\u00f3n!","breadcrumb":{"@id":"https:\/\/spartasportcenter.com\/soria\/gimnasio-centro-comercial-camaretas\/#breadcrumb"},"inLanguage":"es","potentialAction":[{"@type":"ReadAction","target":["https:\/\/spartasportcenter.com\/soria\/gimnasio-centro-comercial-camaretas\/"]}]},{"@type":"ImageObject","inLanguage":"es","@id":"https:\/\/spartasportcenter.com\/soria\/gimnasio-centro-comercial-camaretas\/#primaryimage","url":"https:\/\/spartasportcenter.com\/soria\/wp-content\/uploads\/2023\/04\/gimnasios-en-centro-comercial-camaretas.jpg","contentUrl":"https:\/\/spartasportcenter.com\/soria\/wp-content\/uploads\/2023\/04\/gimnasios-en-centro-comercial-camaretas.jpg","width":2000,"height":1334,"caption":"gimnasios-en-centro-comercial-camaretas"},{"@type":"BreadcrumbList","@id":"https:\/\/spartasportcenter.com\/soria\/gimnasio-centro-comercial-camaretas\/#breadcrumb","itemListElement":[{"@type":"ListItem","position":1,"name":"Portada","item":"https:\/\/spartasportcenter.com\/soria\/"},{"@type":"ListItem","position":2,"name":"Gimnasio Centro Comercial Camaretas"}]},{"@type":"WebSite","@id":"https:\/\/spartasportcenter.com\/soria\/#website","url":"https:\/\/spartasportcenter.com\/soria\/","name":"Sparta Sport Center Soria","description":"Gimnasios en Soria","potentialAction":[{"@type":"SearchAction","target":{"@type":"EntryPoint","urlTemplate":"https:\/\/spartasportcenter.com\/soria\/?s={search_term_string}"},"query-input":{"@type":"PropertyValueSpecification","valueRequired":true,"valueName":"search_term_string"}}],"inLanguage":"es"}]}},"_links":{"self":[{"href":"https:\/\/spartasportcenter.com\/soria\/wp-json\/wp\/v2\/pages\/217726","targetHints":{"allow":["GET"]}}],"collection":[{"href":"https:\/\/spartasportcenter.com\/soria\/wp-json\/wp\/v2\/pages"}],"about":[{"href":"https:\/\/spartasportcenter.com\/soria\/wp-json\/wp\/v2\/types\/page"}],"author":[{"embeddable":true,"href":"https:\/\/spartasportcenter.com\/soria\/wp-json\/wp\/v2\/users\/1"}],"replies":[{"embeddable":true,"href":"https:\/\/spartasportcenter.com\/soria\/wp-json\/wp\/v2\/comments?post=217726"}],"version-history":[{"count":1,"href":"https:\/\/spartasportcenter.com\/soria\/wp-json\/wp\/v2\/pages\/217726\/revisions"}],"predecessor-version":[{"id":219993,"href":"https:\/\/spartasportcenter.com\/soria\/wp-json\/wp\/v2\/pages\/217726\/revisions\/219993"}],"wp:featuredmedia":[{"embeddable":true,"href":"https:\/\/spartasportcenter.com\/soria\/wp-json\/wp\/v2\/media\/217727"}],"wp:attachment":[{"href":"https:\/\/spartasportcenter.com\/soria\/wp-json\/wp\/v2\/media?parent=217726"}],"curies":[{"name":"wp","href":"https:\/\/api.w.org\/{rel}","templated":true}]}}