{"id":217696,"date":"2023-03-30T12:33:05","date_gmt":"2023-03-30T10:33:05","guid":{"rendered":"https:\/\/spartasportcenter.com\/soria\/?page_id=217696"},"modified":"2025-12-29T13:31:13","modified_gmt":"2025-12-29T12:31:13","slug":"cross-training-soria","status":"publish","type":"page","link":"https:\/\/spartasportcenter.com\/soria\/cross-training-soria\/","title":{"rendered":"Cross Training Soria"},"content":{"rendered":"<p>[et_pb_section fb_built=\u00bb1&#8243; custom_padding_last_edited=\u00bbon|phone\u00bb disabled_on=\u00bboff|off|off\u00bb _builder_version=\u00bb4.27.4&#8243; background_color=\u00bb#000000&#8243; background_enable_image=\u00bboff\u00bb custom_margin=\u00bb||||false|false\u00bb custom_padding=\u00bb80px|0px|0px|0px|false|false\u00bb custom_padding_tablet=\u00bb\u00bb custom_padding_phone=\u00bb30px||50px||false|false\u00bb hover_enabled=\u00bb0&#8243; global_colors_info=\u00bb{}\u00bb sticky_enabled=\u00bb0&#8243;][et_pb_row column_structure=\u00bb1_3,2_3&#8243; custom_padding_last_edited=\u00bbon|desktop\u00bb _builder_version=\u00bb4.16&#8243; _module_preset=\u00bbdefault\u00bb custom_padding=\u00bb0px||||false|false\u00bb custom_padding_tablet=\u00bb\u00bb custom_padding_phone=\u00bb0px||||false|false\u00bb global_colors_info=\u00bb{}\u00bb][et_pb_column type=\u00bb1_3&#8243; _builder_version=\u00bb4.16&#8243; _module_preset=\u00bbdefault\u00bb global_colors_info=\u00bb{}\u00bb][et_pb_text _builder_version=\u00bb4.20.2&#8243; text_font=\u00bb||||||||\u00bb header_font=\u00bb||||||||\u00bb header_text_align=\u00bbcenter\u00bb header_2_font=\u00bb|300||on|||||\u00bb header_2_text_align=\u00bbright\u00bb header_2_font_size=\u00bb29px\u00bb custom_margin=\u00bb||0px||false|false\u00bb custom_padding=\u00bb|15%|0px||false|false\u00bb header_2_text_align_tablet=\u00bb\u00bb header_2_text_align_phone=\u00bbleft\u00bb header_2_text_align_last_edited=\u00bbon|phone\u00bb header_2_font_size_tablet=\u00bb51px\u00bb header_2_font_size_phone=\u00bb25px\u00bb header_2_font_size_last_edited=\u00bbon|phone\u00bb border_width_right=\u00bb2px\u00bb border_color_right=\u00bb#cccccc\u00bb border_width_right_tablet=\u00bb\u00bb border_width_right_phone=\u00bb0px\u00bb border_width_right_last_edited=\u00bbon|phone\u00bb locked=\u00bboff\u00bb global_colors_info=\u00bb{}\u00bb]<\/p>\n<h2>Clases de cross training en Soria<\/h2>\n<p>[\/et_pb_text][\/et_pb_column][et_pb_column type=\u00bb2_3&#8243; _builder_version=\u00bb4.16&#8243; _module_preset=\u00bbdefault\u00bb global_colors_info=\u00bb{}\u00bb][et_pb_text _builder_version=\u00bb4.20.2&#8243; text_font=\u00bb|300|||||||\u00bb text_text_color=\u00bb#cccccc\u00bb text_line_height=\u00bb1.1em\u00bb header_font=\u00bb|300|||||||\u00bb header_2_font=\u00bb|300||on|||||\u00bb header_2_text_color=\u00bb#cccccc\u00bb header_2_font_size=\u00bb36px\u00bb header_2_letter_spacing=\u00bb2px\u00bb background_layout=\u00bbdark\u00bb global_colors_info=\u00bb{}\u00bb]<\/p>\n<p><span style=\"font-weight: 400;\">La cantidad de deportes que podemos hacer es enorme y ahora uno de ellos es <\/span><b>el Cross Training en Soria<\/b><span style=\"font-weight: 400;\">. Puedes venir a Sparta Sport Center Soria si te interesa poner tu cuerpo a prueba y ganar salud.<\/span><\/p>\n<p><span style=\"font-weight: 400;\">En muchas ocasiones, cuando se habla de un gimnasio, siempre nos vienen a la mente personas aburridas, levantando pesas o corriendo en m\u00e1quinas, de forma que para aquellos que no se deciden a ir a uno de estos lugares las clases de Cross Training son una buena manera de animarlos.<\/span><\/p>\n<p><span style=\"font-weight: 400;\">Este es un deporte en el que la idea no es ganar masa muscular porque s\u00ed, sino que los ejercicios van encaminados a que aumente tu velocidad, tu resistencia o tu fuerza, sin hipertrofiar sin raz\u00f3n.<\/span><\/p>\n<p><span style=\"font-weight: 400;\">Con el <\/span><b>entrenamiento de Cross Training en Soria<\/b><span style=\"font-weight: 400;\"> s\u00ed que vas a notar c\u00f3mo tus m\u00fasculos crecen, pero tambi\u00e9n que tienes m\u00e1s potencia, una agilidad mayor y una mejor coordinaci\u00f3n que te van a beneficiar en tu vida diaria.<\/span><\/p>\n<p><span style=\"font-weight: 400;\">Todo ello lo vas a conseguir en nuestro box, en donde un entrenador va a estar siempre pendiente de ti y elaborar\u00e1 tu wod de acuerdo a tu forma f\u00edsica y a tus objetivos.<\/span><\/p>\n<p>[\/et_pb_text][\/et_pb_column][\/et_pb_row][et_pb_row column_structure=\u00bb1_3,2_3&#8243; custom_padding_last_edited=\u00bbon|phone\u00bb _builder_version=\u00bb4.16&#8243; _module_preset=\u00bbdefault\u00bb custom_margin=\u00bb||0px||false|false\u00bb custom_padding=\u00bb||||false|false\u00bb custom_padding_tablet=\u00bb\u00bb custom_padding_phone=\u00bb0px||0px||false|false\u00bb global_colors_info=\u00bb{}\u00bb][et_pb_column type=\u00bb1_3&#8243; _builder_version=\u00bb4.16&#8243; _module_preset=\u00bbdefault\u00bb global_colors_info=\u00bb{}\u00bb][et_pb_text _builder_version=\u00bb4.20.2&#8243; text_font=\u00bb||||||||\u00bb header_font=\u00bb||||||||\u00bb header_text_align=\u00bbcenter\u00bb header_2_font=\u00bb|300||on|||||\u00bb header_2_text_align=\u00bbright\u00bb header_2_font_size=\u00bb29px\u00bb custom_margin=\u00bb||0px||false|false\u00bb custom_padding=\u00bb|15%|0px||false|false\u00bb header_2_text_align_tablet=\u00bb\u00bb header_2_text_align_phone=\u00bbleft\u00bb header_2_text_align_last_edited=\u00bbon|phone\u00bb header_2_font_size_tablet=\u00bb51px\u00bb header_2_font_size_phone=\u00bb25px\u00bb header_2_font_size_last_edited=\u00bbon|phone\u00bb border_width_right=\u00bb2px\u00bb border_color_right=\u00bb#cccccc\u00bb border_width_right_tablet=\u00bb\u00bb border_width_right_phone=\u00bb0px\u00bb border_width_right_last_edited=\u00bbon|phone\u00bb locked=\u00bboff\u00bb global_colors_info=\u00bb{}\u00bb]<\/p>\n<h2>Beneficios del crosstraining en Soria<\/h2>\n<p>[\/et_pb_text][\/et_pb_column][et_pb_column type=\u00bb2_3&#8243; _builder_version=\u00bb4.16&#8243; _module_preset=\u00bbdefault\u00bb global_colors_info=\u00bb{}\u00bb][et_pb_text _builder_version=\u00bb4.20.2&#8243; text_font=\u00bb|300|||||||\u00bb text_text_color=\u00bb#cccccc\u00bb text_line_height=\u00bb1.1em\u00bb header_font=\u00bb|300|||||||\u00bb header_2_font=\u00bb|300||on|||||\u00bb header_2_text_color=\u00bb#cccccc\u00bb header_2_font_size=\u00bb36px\u00bb header_2_letter_spacing=\u00bb2px\u00bb background_layout=\u00bbdark\u00bb global_colors_info=\u00bb{}\u00bb]<\/p>\n<p><b>Hacer Crosstraining en Soria tiene una serie de beneficios<\/b><span style=\"font-weight: 400;\"> que se derivan tanto de la intensidad como de la forma de trabajar, puesto que aqu\u00ed no se involucran grupos musculares aislados, sino que se intenta movilizar todos ellos.<\/span><\/p>\n<p><span style=\"font-weight: 400;\">Los ejercicios son tan variados que se obtiene equilibrio y flexibilidad y adem\u00e1s vas a fortalecer m\u00fasculos como los de los abdominales y los de\u00a0la espalda, olvid\u00e1ndote as\u00ed de los dolores que todos padecemos al trabajar sentados.<\/span><\/p>\n<p><span style=\"font-weight: 400;\">De hecho, el equilibrio que vas a ganar te vendr\u00e1 genial a la hora de tener una mejor higiene postural, muy importante si tienes un trabajo de esos en los que est\u00e1s toda la jornada delante de un ordenador.<\/span><\/p>\n<p><span style=\"font-weight: 400;\">Quemar\u00e1s la grasa a una velocidad que te parecer\u00e1 incre\u00edble, ya que se combinan ejercicios aer\u00f3bicos y de fuerza. As\u00ed, vas a perder calor\u00edas con el aer\u00f3bico en cada sesi\u00f3n, mientras tu cuerpo gana m\u00fasculo que quemar\u00e1 m\u00e1s energ\u00eda en reposo.<\/span><\/p>\n<p><span style=\"font-weight: 400;\">Por supuesto, <\/span><b>jam\u00e1s te vas a aburrir<\/b><span style=\"font-weight: 400;\">, puesto que en el box siempre hay gente y se forman grupos en los que te van a ir animando para que des un poco m\u00e1s de ti,\u00a0algo que va muy bien cuando est\u00e1s extenuado y crees que no puedes m\u00e1s.<\/span><\/p>\n<p>[\/et_pb_text][\/et_pb_column][\/et_pb_row][\/et_pb_section][et_pb_section fb_built=\u00bb1&#8243; custom_padding_last_edited=\u00bbon|phone\u00bb _builder_version=\u00bb4.27.4&#8243; _module_preset=\u00bbdefault\u00bb background_color=\u00bb#000000&#8243; custom_padding=\u00bb0px||50px||false|false\u00bb custom_padding_tablet=\u00bb\u00bb custom_padding_phone=\u00bb||30px||false|false\u00bb hover_enabled=\u00bb0&#8243; global_colors_info=\u00bb{}\u00bb sticky_enabled=\u00bb0&#8243;][et_pb_row column_structure=\u00bb1_3,2_3&#8243; custom_padding_last_edited=\u00bbon|phone\u00bb _builder_version=\u00bb4.16&#8243; _module_preset=\u00bbdefault\u00bb custom_padding_tablet=\u00bb\u00bb custom_padding_phone=\u00bb0px||0px||false|false\u00bb global_colors_info=\u00bb{}\u00bb][et_pb_column type=\u00bb1_3&#8243; _builder_version=\u00bb4.16&#8243; _module_preset=\u00bbdefault\u00bb global_colors_info=\u00bb{}\u00bb][et_pb_text _builder_version=\u00bb4.20.2&#8243; text_font=\u00bb||||||||\u00bb header_font=\u00bb||||||||\u00bb header_text_align=\u00bbcenter\u00bb header_2_font=\u00bb|300||on|||||\u00bb header_2_text_align=\u00bbright\u00bb header_2_font_size=\u00bb29px\u00bb custom_margin=\u00bb||0px||false|false\u00bb custom_padding=\u00bb|15%|0px||false|false\u00bb header_2_text_align_tablet=\u00bb\u00bb header_2_text_align_phone=\u00bbleft\u00bb header_2_text_align_last_edited=\u00bbon|phone\u00bb header_2_font_size_tablet=\u00bb51px\u00bb header_2_font_size_phone=\u00bb25px\u00bb header_2_font_size_last_edited=\u00bbon|phone\u00bb border_width_right=\u00bb2px\u00bb border_color_right=\u00bb#cccccc\u00bb border_width_right_tablet=\u00bb\u00bb border_width_right_phone=\u00bb0px\u00bb border_width_right_last_edited=\u00bbon|phone\u00bb locked=\u00bboff\u00bb global_colors_info=\u00bb{}\u00bb]<\/p>\n<h2>Por qu\u00e9 cross training en Sparta Sport Center Soria<\/h2>\n<p>[\/et_pb_text][\/et_pb_column][et_pb_column type=\u00bb2_3&#8243; _builder_version=\u00bb4.16&#8243; _module_preset=\u00bbdefault\u00bb global_colors_info=\u00bb{}\u00bb][et_pb_text _builder_version=\u00bb4.20.2&#8243; text_font=\u00bb|300|||||||\u00bb text_text_color=\u00bb#cccccc\u00bb text_line_height=\u00bb1.1em\u00bb header_font=\u00bb|300|||||||\u00bb header_2_font=\u00bb|300||on|||||\u00bb header_2_text_color=\u00bb#cccccc\u00bb header_2_font_size=\u00bb36px\u00bb header_2_letter_spacing=\u00bb2px\u00bb background_layout=\u00bbdark\u00bb global_colors_info=\u00bb{}\u00bb]<\/p>\n<p><span style=\"font-weight: 400;\">Nuestro gimnasio est\u00e1 preparado para que practiques este deporte sin complicaciones, con un box bien equipado y adaptado a varios niveles, pues aqu\u00ed vas a poder empezar incluso aunque lleves a\u00f1os sin hacer deporte.<\/span><\/p>\n<p><span style=\"font-weight: 400;\">Los profesores son profesionales con una experiencia dilatada, por lo que <\/span><b>te crear\u00e1n una rutina diaria que depender\u00e1 de tu nivel f\u00edsico<\/b><span style=\"font-weight: 400;\"> y con la que te lo pases bien, pues al final uno de los objetivos es que quieras venir al gimnasio todos los d\u00edas sin que tengas que hacer un esfuerzo.<\/span><\/p>\n<p>[\/et_pb_text][\/et_pb_column][\/et_pb_row][\/et_pb_section]<\/p>\n","protected":false},"excerpt":{"rendered":"<p>Clases de cross training en SoriaLa cantidad de deportes que podemos hacer es enorme y ahora uno de ellos es el Cross Training en Soria. Puedes venir a Sparta Sport Center Soria si te interesa poner tu cuerpo a prueba y ganar salud. En muchas ocasiones, cuando se habla de un gimnasio, siempre nos vienen [&hellip;]<\/p>\n","protected":false},"author":1,"featured_media":218866,"parent":0,"menu_order":0,"comment_status":"closed","ping_status":"closed","template":"","meta":{"_et_pb_use_builder":"on","_et_pb_old_content":"","_et_gb_content_width":"","footnotes":""},"class_list":["post-217696","page","type-page","status-publish","has-post-thumbnail","hentry"],"yoast_head":"<!-- This site is optimized with the Yoast SEO plugin v27.4 - https:\/\/yoast.com\/product\/yoast-seo-wordpress\/ -->\n<title>Cross Training Soria | Sparta Sport Center<\/title>\n<meta name=\"description\" content=\"\u00bfEst\u00e1s buscando un gimnasio para practicar cross training en Soria? En Sparta Sport Center podemos ayudarte. \u00a1Reserva con nosotros!\" \/>\n<meta name=\"robots\" content=\"index, follow, max-snippet:-1, max-image-preview:large, max-video-preview:-1\" \/>\n<link rel=\"canonical\" href=\"https:\/\/spartasportcenter.com\/soria\/cross-training-soria\/\" \/>\n<meta property=\"og:locale\" content=\"es_ES\" \/>\n<meta property=\"og:type\" content=\"article\" \/>\n<meta property=\"og:title\" content=\"Cross Training Soria | Sparta Sport Center\" \/>\n<meta property=\"og:description\" content=\"\u00bfEst\u00e1s buscando un gimnasio para practicar cross training en Soria? En Sparta Sport Center podemos ayudarte. \u00a1Reserva con nosotros!\" \/>\n<meta property=\"og:url\" content=\"https:\/\/spartasportcenter.com\/soria\/cross-training-soria\/\" \/>\n<meta property=\"og:site_name\" content=\"Sparta Sport Center Soria\" \/>\n<meta property=\"article:modified_time\" content=\"2025-12-29T12:31:13+00:00\" \/>\n<meta property=\"og:image\" content=\"https:\/\/spartasportcenter.com\/soria\/wp-content\/uploads\/2024\/06\/cross-training-soria.webp\" \/>\n\t<meta property=\"og:image:width\" content=\"2000\" \/>\n\t<meta property=\"og:image:height\" content=\"1333\" \/>\n\t<meta property=\"og:image:type\" content=\"image\/webp\" \/>\n<meta name=\"twitter:card\" content=\"summary_large_image\" \/>\n<meta name=\"twitter:label1\" content=\"Tiempo de lectura\" \/>\n\t<meta name=\"twitter:data1\" content=\"3 minutos\" \/>\n<script type=\"application\/ld+json\" class=\"yoast-schema-graph\">{\"@context\":\"https:\\\/\\\/schema.org\",\"@graph\":[{\"@type\":\"WebPage\",\"@id\":\"https:\\\/\\\/spartasportcenter.com\\\/soria\\\/cross-training-soria\\\/\",\"url\":\"https:\\\/\\\/spartasportcenter.com\\\/soria\\\/cross-training-soria\\\/\",\"name\":\"Cross Training Soria | Sparta Sport Center\",\"isPartOf\":{\"@id\":\"https:\\\/\\\/spartasportcenter.com\\\/soria\\\/#website\"},\"primaryImageOfPage\":{\"@id\":\"https:\\\/\\\/spartasportcenter.com\\\/soria\\\/cross-training-soria\\\/#primaryimage\"},\"image\":{\"@id\":\"https:\\\/\\\/spartasportcenter.com\\\/soria\\\/cross-training-soria\\\/#primaryimage\"},\"thumbnailUrl\":\"https:\\\/\\\/spartasportcenter.com\\\/soria\\\/wp-content\\\/uploads\\\/2024\\\/06\\\/cross-training-soria.webp\",\"datePublished\":\"2023-03-30T10:33:05+00:00\",\"dateModified\":\"2025-12-29T12:31:13+00:00\",\"description\":\"\u00bfEst\u00e1s buscando un gimnasio para practicar cross training en Soria? En Sparta Sport Center podemos ayudarte. \u00a1Reserva con nosotros!\",\"breadcrumb\":{\"@id\":\"https:\\\/\\\/spartasportcenter.com\\\/soria\\\/cross-training-soria\\\/#breadcrumb\"},\"inLanguage\":\"es\",\"potentialAction\":[{\"@type\":\"ReadAction\",\"target\":[\"https:\\\/\\\/spartasportcenter.com\\\/soria\\\/cross-training-soria\\\/\"]}]},{\"@type\":\"ImageObject\",\"inLanguage\":\"es\",\"@id\":\"https:\\\/\\\/spartasportcenter.com\\\/soria\\\/cross-training-soria\\\/#primaryimage\",\"url\":\"https:\\\/\\\/spartasportcenter.com\\\/soria\\\/wp-content\\\/uploads\\\/2024\\\/06\\\/cross-training-soria.webp\",\"contentUrl\":\"https:\\\/\\\/spartasportcenter.com\\\/soria\\\/wp-content\\\/uploads\\\/2024\\\/06\\\/cross-training-soria.webp\",\"width\":2000,\"height\":1333,\"caption\":\"cross training soria\"},{\"@type\":\"BreadcrumbList\",\"@id\":\"https:\\\/\\\/spartasportcenter.com\\\/soria\\\/cross-training-soria\\\/#breadcrumb\",\"itemListElement\":[{\"@type\":\"ListItem\",\"position\":1,\"name\":\"Portada\",\"item\":\"https:\\\/\\\/spartasportcenter.com\\\/soria\\\/\"},{\"@type\":\"ListItem\",\"position\":2,\"name\":\"Cross Training Soria\"}]},{\"@type\":\"WebSite\",\"@id\":\"https:\\\/\\\/spartasportcenter.com\\\/soria\\\/#website\",\"url\":\"https:\\\/\\\/spartasportcenter.com\\\/soria\\\/\",\"name\":\"Sparta Sport Center Soria\",\"description\":\"Gimnasios en Soria\",\"potentialAction\":[{\"@type\":\"SearchAction\",\"target\":{\"@type\":\"EntryPoint\",\"urlTemplate\":\"https:\\\/\\\/spartasportcenter.com\\\/soria\\\/?s={search_term_string}\"},\"query-input\":{\"@type\":\"PropertyValueSpecification\",\"valueRequired\":true,\"valueName\":\"search_term_string\"}}],\"inLanguage\":\"es\"}]}<\/script>\n<!-- \/ Yoast SEO plugin. -->","yoast_head_json":{"title":"Cross Training Soria | Sparta Sport Center","description":"\u00bfEst\u00e1s buscando un gimnasio para practicar cross training en Soria? En Sparta Sport Center podemos ayudarte. \u00a1Reserva con nosotros!","robots":{"index":"index","follow":"follow","max-snippet":"max-snippet:-1","max-image-preview":"max-image-preview:large","max-video-preview":"max-video-preview:-1"},"canonical":"https:\/\/spartasportcenter.com\/soria\/cross-training-soria\/","og_locale":"es_ES","og_type":"article","og_title":"Cross Training Soria | Sparta Sport Center","og_description":"\u00bfEst\u00e1s buscando un gimnasio para practicar cross training en Soria? En Sparta Sport Center podemos ayudarte. \u00a1Reserva con nosotros!","og_url":"https:\/\/spartasportcenter.com\/soria\/cross-training-soria\/","og_site_name":"Sparta Sport Center Soria","article_modified_time":"2025-12-29T12:31:13+00:00","og_image":[{"width":2000,"height":1333,"url":"https:\/\/spartasportcenter.com\/soria\/wp-content\/uploads\/2024\/06\/cross-training-soria.webp","type":"image\/webp"}],"twitter_card":"summary_large_image","twitter_misc":{"Tiempo de lectura":"3 minutos"},"schema":{"@context":"https:\/\/schema.org","@graph":[{"@type":"WebPage","@id":"https:\/\/spartasportcenter.com\/soria\/cross-training-soria\/","url":"https:\/\/spartasportcenter.com\/soria\/cross-training-soria\/","name":"Cross Training Soria | Sparta Sport Center","isPartOf":{"@id":"https:\/\/spartasportcenter.com\/soria\/#website"},"primaryImageOfPage":{"@id":"https:\/\/spartasportcenter.com\/soria\/cross-training-soria\/#primaryimage"},"image":{"@id":"https:\/\/spartasportcenter.com\/soria\/cross-training-soria\/#primaryimage"},"thumbnailUrl":"https:\/\/spartasportcenter.com\/soria\/wp-content\/uploads\/2024\/06\/cross-training-soria.webp","datePublished":"2023-03-30T10:33:05+00:00","dateModified":"2025-12-29T12:31:13+00:00","description":"\u00bfEst\u00e1s buscando un gimnasio para practicar cross training en Soria? En Sparta Sport Center podemos ayudarte. \u00a1Reserva con nosotros!","breadcrumb":{"@id":"https:\/\/spartasportcenter.com\/soria\/cross-training-soria\/#breadcrumb"},"inLanguage":"es","potentialAction":[{"@type":"ReadAction","target":["https:\/\/spartasportcenter.com\/soria\/cross-training-soria\/"]}]},{"@type":"ImageObject","inLanguage":"es","@id":"https:\/\/spartasportcenter.com\/soria\/cross-training-soria\/#primaryimage","url":"https:\/\/spartasportcenter.com\/soria\/wp-content\/uploads\/2024\/06\/cross-training-soria.webp","contentUrl":"https:\/\/spartasportcenter.com\/soria\/wp-content\/uploads\/2024\/06\/cross-training-soria.webp","width":2000,"height":1333,"caption":"cross training soria"},{"@type":"BreadcrumbList","@id":"https:\/\/spartasportcenter.com\/soria\/cross-training-soria\/#breadcrumb","itemListElement":[{"@type":"ListItem","position":1,"name":"Portada","item":"https:\/\/spartasportcenter.com\/soria\/"},{"@type":"ListItem","position":2,"name":"Cross Training Soria"}]},{"@type":"WebSite","@id":"https:\/\/spartasportcenter.com\/soria\/#website","url":"https:\/\/spartasportcenter.com\/soria\/","name":"Sparta Sport Center Soria","description":"Gimnasios en Soria","potentialAction":[{"@type":"SearchAction","target":{"@type":"EntryPoint","urlTemplate":"https:\/\/spartasportcenter.com\/soria\/?s={search_term_string}"},"query-input":{"@type":"PropertyValueSpecification","valueRequired":true,"valueName":"search_term_string"}}],"inLanguage":"es"}]}},"_links":{"self":[{"href":"https:\/\/spartasportcenter.com\/soria\/wp-json\/wp\/v2\/pages\/217696","targetHints":{"allow":["GET"]}}],"collection":[{"href":"https:\/\/spartasportcenter.com\/soria\/wp-json\/wp\/v2\/pages"}],"about":[{"href":"https:\/\/spartasportcenter.com\/soria\/wp-json\/wp\/v2\/types\/page"}],"author":[{"embeddable":true,"href":"https:\/\/spartasportcenter.com\/soria\/wp-json\/wp\/v2\/users\/1"}],"replies":[{"embeddable":true,"href":"https:\/\/spartasportcenter.com\/soria\/wp-json\/wp\/v2\/comments?post=217696"}],"version-history":[{"count":1,"href":"https:\/\/spartasportcenter.com\/soria\/wp-json\/wp\/v2\/pages\/217696\/revisions"}],"predecessor-version":[{"id":219990,"href":"https:\/\/spartasportcenter.com\/soria\/wp-json\/wp\/v2\/pages\/217696\/revisions\/219990"}],"wp:featuredmedia":[{"embeddable":true,"href":"https:\/\/spartasportcenter.com\/soria\/wp-json\/wp\/v2\/media\/218866"}],"wp:attachment":[{"href":"https:\/\/spartasportcenter.com\/soria\/wp-json\/wp\/v2\/media?parent=217696"}],"curies":[{"name":"wp","href":"https:\/\/api.w.org\/{rel}","templated":true}]}}