{"id":217689,"date":"2023-03-30T12:26:58","date_gmt":"2023-03-30T10:26:58","guid":{"rendered":"https:\/\/spartasportcenter.com\/soria\/?page_id=217689"},"modified":"2025-12-29T13:30:12","modified_gmt":"2025-12-29T12:30:12","slug":"body-attack-soria","status":"publish","type":"page","link":"https:\/\/spartasportcenter.com\/soria\/body-attack-soria\/","title":{"rendered":"Body Attack Soria"},"content":{"rendered":"<p>[et_pb_section fb_built=\u00bb1&#8243; custom_padding_last_edited=\u00bbon|phone\u00bb disabled_on=\u00bboff|off|off\u00bb _builder_version=\u00bb4.27.4&#8243; background_color=\u00bb#000000&#8243; background_enable_image=\u00bboff\u00bb custom_margin=\u00bb||||false|false\u00bb custom_padding=\u00bb80px|0px|0px|0px|false|false\u00bb custom_padding_tablet=\u00bb\u00bb custom_padding_phone=\u00bb30px||50px||false|false\u00bb hover_enabled=\u00bb0&#8243; global_colors_info=\u00bb{}\u00bb sticky_enabled=\u00bb0&#8243;][et_pb_row column_structure=\u00bb1_3,2_3&#8243; custom_padding_last_edited=\u00bbon|desktop\u00bb _builder_version=\u00bb4.20.2&#8243; _module_preset=\u00bbdefault\u00bb custom_padding=\u00bb0px||||false|false\u00bb custom_padding_tablet=\u00bb\u00bb custom_padding_phone=\u00bb0px||||false|false\u00bb global_colors_info=\u00bb{}\u00bb][et_pb_column type=\u00bb1_3&#8243; _builder_version=\u00bb4.16&#8243; _module_preset=\u00bbdefault\u00bb global_colors_info=\u00bb{}\u00bb][et_pb_text _builder_version=\u00bb4.20.2&#8243; text_font=\u00bb||||||||\u00bb header_font=\u00bb||||||||\u00bb header_text_align=\u00bbcenter\u00bb header_2_font=\u00bb|300||on|||||\u00bb header_2_text_align=\u00bbright\u00bb header_2_font_size=\u00bb29px\u00bb custom_margin=\u00bb||0px||false|false\u00bb custom_padding=\u00bb|15%|0px||false|false\u00bb header_2_text_align_tablet=\u00bb\u00bb header_2_text_align_phone=\u00bbleft\u00bb header_2_text_align_last_edited=\u00bbon|phone\u00bb header_2_font_size_tablet=\u00bb51px\u00bb header_2_font_size_phone=\u00bb25px\u00bb header_2_font_size_last_edited=\u00bbon|phone\u00bb border_width_right=\u00bb2px\u00bb border_color_right=\u00bb#cccccc\u00bb border_width_right_tablet=\u00bb\u00bb border_width_right_phone=\u00bb0px\u00bb border_width_right_last_edited=\u00bbon|phone\u00bb locked=\u00bboff\u00bb global_colors_info=\u00bb{}\u00bb]<\/p>\n<h2>Clases de<br \/>\nbody attack<br \/>\nen Soria<\/h2>\n<p>[\/et_pb_text][\/et_pb_column][et_pb_column type=\u00bb2_3&#8243; _builder_version=\u00bb4.16&#8243; _module_preset=\u00bbdefault\u00bb global_colors_info=\u00bb{}\u00bb][et_pb_text _builder_version=\u00bb4.20.2&#8243; text_font=\u00bb|300|||||||\u00bb text_text_color=\u00bb#cccccc\u00bb text_line_height=\u00bb1.1em\u00bb header_font=\u00bb|300|||||||\u00bb header_2_font=\u00bb|300||on|||||\u00bb header_2_text_color=\u00bb#cccccc\u00bb header_2_font_size=\u00bb36px\u00bb header_2_letter_spacing=\u00bb2px\u00bb background_layout=\u00bbdark\u00bb global_colors_info=\u00bb{}\u00bb]<\/p>\n<p><span style=\"font-weight: 400;\">Si ya tienes una buena forma f\u00edsica y quieres ir m\u00e1s all\u00e1, llevar tu cuerpo al m\u00e1ximo, puedes venir a nuestras <\/span><b>clases de Body Attack en Soria<\/b><span style=\"font-weight: 400;\">, ya que seguro que vamos a poner a prueba tu resistencia.<\/span><\/p>\n<p><span style=\"font-weight: 400;\">A diferencia del Body Balance, en donde las coreograf\u00edas son suaves y pausadas, en el Body Attack hay explosividad e intensidad, combinando movimientos atl\u00e9ticos con ejercicios de fuerza, todo ello destinado a movilizar la m\u00e1xima cantidad de m\u00fasculos posible.<\/span><\/p>\n<p><span style=\"font-weight: 400;\">Se trata de un ejercicio f\u00edsico exigente, aunque a la vez es un deporte en el que puede empezar todo el que quiera marcando su propio ritmo y gracias a que los movimientos no son complicados, aunque siempre hay que poseer una buena base.<\/span><\/p>\n<p><span style=\"font-weight: 400;\">Dicho de otra manera, si quieres seguir el ritmo de los profesores tienes que haber hecho deporte de cierta intensidad antes, pero <\/span><b>en las clases de Body Attack en Soria<\/b><span style=\"font-weight: 400;\"> puedes elegir qu\u00e9 coreograf\u00edas hacer y cu\u00e1ndo te detienes.<\/span><\/p>\n<p><span style=\"font-weight: 400;\">En Sparta Sport Center Soria encontrar\u00e1s lo necesario a la hora de practicar este deporte, aunque en \u00e9l lo principal es tener monitores con experiencia y que sepan motivarte, con el fin de que siempre vayas un poco m\u00e1s all\u00e1 y obtengas progresos.<\/span><\/p>\n<p>[\/et_pb_text][\/et_pb_column][\/et_pb_row][et_pb_row column_structure=\u00bb1_3,2_3&#8243; custom_padding_last_edited=\u00bbon|phone\u00bb _builder_version=\u00bb4.16&#8243; _module_preset=\u00bbdefault\u00bb custom_margin=\u00bb||0px||false|false\u00bb custom_padding=\u00bb||||false|false\u00bb custom_padding_tablet=\u00bb\u00bb custom_padding_phone=\u00bb0px||0px||false|false\u00bb global_colors_info=\u00bb{}\u00bb][et_pb_column type=\u00bb1_3&#8243; _builder_version=\u00bb4.16&#8243; _module_preset=\u00bbdefault\u00bb global_colors_info=\u00bb{}\u00bb][et_pb_text _builder_version=\u00bb4.20.2&#8243; text_font=\u00bb||||||||\u00bb header_font=\u00bb||||||||\u00bb header_text_align=\u00bbcenter\u00bb header_2_font=\u00bb|300||on|||||\u00bb header_2_text_align=\u00bbright\u00bb header_2_font_size=\u00bb29px\u00bb custom_margin=\u00bb||0px||false|false\u00bb custom_padding=\u00bb|15%|0px||false|false\u00bb header_2_text_align_tablet=\u00bb\u00bb header_2_text_align_phone=\u00bbleft\u00bb header_2_text_align_last_edited=\u00bbon|phone\u00bb header_2_font_size_tablet=\u00bb51px\u00bb header_2_font_size_phone=\u00bb25px\u00bb header_2_font_size_last_edited=\u00bbon|phone\u00bb border_width_right=\u00bb2px\u00bb border_color_right=\u00bb#cccccc\u00bb border_width_right_tablet=\u00bb\u00bb border_width_right_phone=\u00bb0px\u00bb border_width_right_last_edited=\u00bbon|phone\u00bb locked=\u00bboff\u00bb global_colors_info=\u00bb{}\u00bb]<\/p>\n<h2>Beneficios del body attack en Soria<\/h2>\n<p>[\/et_pb_text][\/et_pb_column][et_pb_column type=\u00bb2_3&#8243; _builder_version=\u00bb4.16&#8243; _module_preset=\u00bbdefault\u00bb global_colors_info=\u00bb{}\u00bb][et_pb_text _builder_version=\u00bb4.20.2&#8243; text_font=\u00bb|300|||||||\u00bb text_text_color=\u00bb#cccccc\u00bb text_line_height=\u00bb1.1em\u00bb header_font=\u00bb|300|||||||\u00bb header_2_font=\u00bb|300||on|||||\u00bb header_2_text_color=\u00bb#cccccc\u00bb header_2_font_size=\u00bb36px\u00bb header_2_letter_spacing=\u00bb2px\u00bb background_layout=\u00bbdark\u00bb global_colors_info=\u00bb{}\u00bb]<\/p>\n<p><span style=\"font-weight: 400;\">El Body Attack es un deporte en el que el metabolismo se acelera, de forma que uno de los primeros beneficios viene dado por la p\u00e9rdida de calor\u00edas y de esa grasa que no se va de ninguna de las maneras.<\/span><\/p>\n<p><span style=\"font-weight: 400;\">Adem\u00e1s, y dado que se mezclan varios tipos de rutinas, en pocas semanas vas a notar un gran aumento de fuerza y de la coordinaci\u00f3n, la cual viene de las diferentes posturas que se llevan a cabo durante las sesiones.<\/span><\/p>\n<p><b>Tu salud en general saldr\u00e1 beneficiada<\/b><span style=\"font-weight: 400;\"> e incluso vas a notar que tu respiraci\u00f3n va mejor, que ya no te asfixias cuando subes una cuesta o si tienes que correr para coger el autob\u00fas al que llegas tarde.<\/span><\/p>\n<p><span style=\"font-weight: 400;\">No hay que olvidar el bienestar que producen las clases. Al ser tan intensas, vas a conseguir arrinconar los problemas de la vida diaria, al menos en ese momento, aunque gracias a la liberaci\u00f3n de endorfinas esa sensaci\u00f3n dura bastante rato.<\/span><\/p>\n<p><span style=\"font-weight: 400;\">Esta pr\u00e1ctica mejora la salud y los cuerpos de aquellos que ya llevan un tiempo haciendo deporte y se encuentran estancados, en especial si tu caso es de esos en los que te sobran unos kilos que no consigues perder de ninguna de las maneras.<\/span><\/p>\n<p>[\/et_pb_text][\/et_pb_column][\/et_pb_row][\/et_pb_section][et_pb_section fb_built=\u00bb1&#8243; custom_padding_last_edited=\u00bbon|phone\u00bb _builder_version=\u00bb4.27.4&#8243; _module_preset=\u00bbdefault\u00bb background_color=\u00bb#000000&#8243; custom_padding=\u00bb0px||50px||false|false\u00bb custom_padding_tablet=\u00bb\u00bb custom_padding_phone=\u00bb||30px||false|false\u00bb hover_enabled=\u00bb0&#8243; global_colors_info=\u00bb{}\u00bb sticky_enabled=\u00bb0&#8243;][et_pb_row column_structure=\u00bb1_3,2_3&#8243; custom_padding_last_edited=\u00bbon|phone\u00bb _builder_version=\u00bb4.16&#8243; _module_preset=\u00bbdefault\u00bb custom_padding_tablet=\u00bb\u00bb custom_padding_phone=\u00bb0px||0px||false|false\u00bb global_colors_info=\u00bb{}\u00bb][et_pb_column type=\u00bb1_3&#8243; _builder_version=\u00bb4.16&#8243; _module_preset=\u00bbdefault\u00bb global_colors_info=\u00bb{}\u00bb][et_pb_text _builder_version=\u00bb4.20.2&#8243; text_font=\u00bb||||||||\u00bb header_font=\u00bb||||||||\u00bb header_text_align=\u00bbcenter\u00bb header_2_font=\u00bb|300||on|||||\u00bb header_2_text_align=\u00bbright\u00bb header_2_font_size=\u00bb29px\u00bb custom_margin=\u00bb||0px||false|false\u00bb custom_padding=\u00bb|15%|0px||false|false\u00bb header_2_text_align_tablet=\u00bb\u00bb header_2_text_align_phone=\u00bbleft\u00bb header_2_text_align_last_edited=\u00bbon|phone\u00bb header_2_font_size_tablet=\u00bb51px\u00bb header_2_font_size_phone=\u00bb25px\u00bb header_2_font_size_last_edited=\u00bbon|phone\u00bb border_width_right=\u00bb2px\u00bb border_color_right=\u00bb#cccccc\u00bb border_width_right_tablet=\u00bb\u00bb border_width_right_phone=\u00bb0px\u00bb border_width_right_last_edited=\u00bbon|phone\u00bb locked=\u00bboff\u00bb global_colors_info=\u00bb{}\u00bb]<\/p>\n<h2>Por qu\u00e9 body attack en Sparta Sport Center Soria<\/h2>\n<p>[\/et_pb_text][\/et_pb_column][et_pb_column type=\u00bb2_3&#8243; _builder_version=\u00bb4.16&#8243; _module_preset=\u00bbdefault\u00bb global_colors_info=\u00bb{}\u00bb][et_pb_text _builder_version=\u00bb4.20.2&#8243; text_font=\u00bb|300|||||||\u00bb text_text_color=\u00bb#cccccc\u00bb text_line_height=\u00bb1.1em\u00bb header_font=\u00bb|300|||||||\u00bb header_2_font=\u00bb|300||on|||||\u00bb header_2_text_color=\u00bb#cccccc\u00bb header_2_font_size=\u00bb36px\u00bb header_2_letter_spacing=\u00bb2px\u00bb background_layout=\u00bbdark\u00bb global_colors_info=\u00bb{}\u00bb]<\/p>\n<p><b>Hay varias razones para que hagas Body Attack en Soria en Sparta Sport Center<\/b><span style=\"font-weight: 400;\">, pero quiz\u00e1 la principal es el equipo de profesionales con el que contamos, personas comprometidas y con una enorme experiencia dando clases.<\/span><\/p>\n<p><span style=\"font-weight: 400;\">Ellos son los que te van a motivar en esos momentos en los que no puedes m\u00e1s o en los que ves que no avanzas, haciendo que pierdas peso y calor\u00edas casi sin darte cuenta y mientras te lo pasas bien con el resto de los compa\u00f1eros del Sparta Sport Center.<\/span><\/p>\n<p>[\/et_pb_text][\/et_pb_column][\/et_pb_row][\/et_pb_section]<\/p>\n","protected":false},"excerpt":{"rendered":"<p>Clases de body attack en SoriaSi ya tienes una buena forma f\u00edsica y quieres ir m\u00e1s all\u00e1, llevar tu cuerpo al m\u00e1ximo, puedes venir a nuestras clases de Body Attack en Soria, ya que seguro que vamos a poner a prueba tu resistencia. A diferencia del Body Balance, en donde las coreograf\u00edas son suaves y [&hellip;]<\/p>\n","protected":false},"author":1,"featured_media":218861,"parent":0,"menu_order":0,"comment_status":"closed","ping_status":"closed","template":"","meta":{"_et_pb_use_builder":"on","_et_pb_old_content":"","_et_gb_content_width":"","footnotes":""},"class_list":["post-217689","page","type-page","status-publish","has-post-thumbnail","hentry"],"yoast_head":"<!-- This site is optimized with the Yoast SEO plugin v27.4 - https:\/\/yoast.com\/product\/yoast-seo-wordpress\/ -->\n<title>Body Attack Soria - 1 D\u00cdA GRATIS | Sparta Sport Center<\/title>\n<meta name=\"description\" content=\"\u00bfEst\u00e1s buscando un gimnasio para practicar body attack en Soria? En Sparta Sport Center podemos ayudarte. \u00a1Reserva con nosotros!\" \/>\n<meta name=\"robots\" content=\"index, follow, max-snippet:-1, max-image-preview:large, max-video-preview:-1\" \/>\n<link rel=\"canonical\" href=\"https:\/\/spartasportcenter.com\/soria\/body-attack-soria\/\" \/>\n<meta property=\"og:locale\" content=\"es_ES\" \/>\n<meta property=\"og:type\" content=\"article\" \/>\n<meta property=\"og:title\" content=\"Body Attack Soria - 1 D\u00cdA GRATIS | Sparta Sport Center\" \/>\n<meta property=\"og:description\" content=\"\u00bfEst\u00e1s buscando un gimnasio para practicar body attack en Soria? En Sparta Sport Center podemos ayudarte. \u00a1Reserva con nosotros!\" \/>\n<meta property=\"og:url\" content=\"https:\/\/spartasportcenter.com\/soria\/body-attack-soria\/\" \/>\n<meta property=\"og:site_name\" content=\"Sparta Sport Center Soria\" \/>\n<meta property=\"article:modified_time\" content=\"2025-12-29T12:30:12+00:00\" \/>\n<meta property=\"og:image\" content=\"https:\/\/spartasportcenter.com\/soria\/wp-content\/uploads\/2024\/06\/body-attack-soria.webp\" \/>\n\t<meta property=\"og:image:width\" content=\"2000\" \/>\n\t<meta property=\"og:image:height\" content=\"1333\" \/>\n\t<meta property=\"og:image:type\" content=\"image\/webp\" \/>\n<meta name=\"twitter:card\" content=\"summary_large_image\" \/>\n<meta name=\"twitter:label1\" content=\"Tiempo de lectura\" \/>\n\t<meta name=\"twitter:data1\" content=\"3 minutos\" \/>\n<script type=\"application\/ld+json\" class=\"yoast-schema-graph\">{\"@context\":\"https:\\\/\\\/schema.org\",\"@graph\":[{\"@type\":\"WebPage\",\"@id\":\"https:\\\/\\\/spartasportcenter.com\\\/soria\\\/body-attack-soria\\\/\",\"url\":\"https:\\\/\\\/spartasportcenter.com\\\/soria\\\/body-attack-soria\\\/\",\"name\":\"Body Attack Soria - 1 D\u00cdA GRATIS | Sparta Sport Center\",\"isPartOf\":{\"@id\":\"https:\\\/\\\/spartasportcenter.com\\\/soria\\\/#website\"},\"primaryImageOfPage\":{\"@id\":\"https:\\\/\\\/spartasportcenter.com\\\/soria\\\/body-attack-soria\\\/#primaryimage\"},\"image\":{\"@id\":\"https:\\\/\\\/spartasportcenter.com\\\/soria\\\/body-attack-soria\\\/#primaryimage\"},\"thumbnailUrl\":\"https:\\\/\\\/spartasportcenter.com\\\/soria\\\/wp-content\\\/uploads\\\/2024\\\/06\\\/body-attack-soria.webp\",\"datePublished\":\"2023-03-30T10:26:58+00:00\",\"dateModified\":\"2025-12-29T12:30:12+00:00\",\"description\":\"\u00bfEst\u00e1s buscando un gimnasio para practicar body attack en Soria? En Sparta Sport Center podemos ayudarte. \u00a1Reserva con nosotros!\",\"breadcrumb\":{\"@id\":\"https:\\\/\\\/spartasportcenter.com\\\/soria\\\/body-attack-soria\\\/#breadcrumb\"},\"inLanguage\":\"es\",\"potentialAction\":[{\"@type\":\"ReadAction\",\"target\":[\"https:\\\/\\\/spartasportcenter.com\\\/soria\\\/body-attack-soria\\\/\"]}]},{\"@type\":\"ImageObject\",\"inLanguage\":\"es\",\"@id\":\"https:\\\/\\\/spartasportcenter.com\\\/soria\\\/body-attack-soria\\\/#primaryimage\",\"url\":\"https:\\\/\\\/spartasportcenter.com\\\/soria\\\/wp-content\\\/uploads\\\/2024\\\/06\\\/body-attack-soria.webp\",\"contentUrl\":\"https:\\\/\\\/spartasportcenter.com\\\/soria\\\/wp-content\\\/uploads\\\/2024\\\/06\\\/body-attack-soria.webp\",\"width\":2000,\"height\":1333,\"caption\":\"body attack soria\"},{\"@type\":\"BreadcrumbList\",\"@id\":\"https:\\\/\\\/spartasportcenter.com\\\/soria\\\/body-attack-soria\\\/#breadcrumb\",\"itemListElement\":[{\"@type\":\"ListItem\",\"position\":1,\"name\":\"Portada\",\"item\":\"https:\\\/\\\/spartasportcenter.com\\\/soria\\\/\"},{\"@type\":\"ListItem\",\"position\":2,\"name\":\"Body Attack Soria\"}]},{\"@type\":\"WebSite\",\"@id\":\"https:\\\/\\\/spartasportcenter.com\\\/soria\\\/#website\",\"url\":\"https:\\\/\\\/spartasportcenter.com\\\/soria\\\/\",\"name\":\"Sparta Sport Center Soria\",\"description\":\"Gimnasios en Soria\",\"potentialAction\":[{\"@type\":\"SearchAction\",\"target\":{\"@type\":\"EntryPoint\",\"urlTemplate\":\"https:\\\/\\\/spartasportcenter.com\\\/soria\\\/?s={search_term_string}\"},\"query-input\":{\"@type\":\"PropertyValueSpecification\",\"valueRequired\":true,\"valueName\":\"search_term_string\"}}],\"inLanguage\":\"es\"}]}<\/script>\n<!-- \/ Yoast SEO plugin. -->","yoast_head_json":{"title":"Body Attack Soria - 1 D\u00cdA GRATIS | Sparta Sport Center","description":"\u00bfEst\u00e1s buscando un gimnasio para practicar body attack en Soria? En Sparta Sport Center podemos ayudarte. \u00a1Reserva con nosotros!","robots":{"index":"index","follow":"follow","max-snippet":"max-snippet:-1","max-image-preview":"max-image-preview:large","max-video-preview":"max-video-preview:-1"},"canonical":"https:\/\/spartasportcenter.com\/soria\/body-attack-soria\/","og_locale":"es_ES","og_type":"article","og_title":"Body Attack Soria - 1 D\u00cdA GRATIS | Sparta Sport Center","og_description":"\u00bfEst\u00e1s buscando un gimnasio para practicar body attack en Soria? En Sparta Sport Center podemos ayudarte. \u00a1Reserva con nosotros!","og_url":"https:\/\/spartasportcenter.com\/soria\/body-attack-soria\/","og_site_name":"Sparta Sport Center Soria","article_modified_time":"2025-12-29T12:30:12+00:00","og_image":[{"width":2000,"height":1333,"url":"https:\/\/spartasportcenter.com\/soria\/wp-content\/uploads\/2024\/06\/body-attack-soria.webp","type":"image\/webp"}],"twitter_card":"summary_large_image","twitter_misc":{"Tiempo de lectura":"3 minutos"},"schema":{"@context":"https:\/\/schema.org","@graph":[{"@type":"WebPage","@id":"https:\/\/spartasportcenter.com\/soria\/body-attack-soria\/","url":"https:\/\/spartasportcenter.com\/soria\/body-attack-soria\/","name":"Body Attack Soria - 1 D\u00cdA GRATIS | Sparta Sport Center","isPartOf":{"@id":"https:\/\/spartasportcenter.com\/soria\/#website"},"primaryImageOfPage":{"@id":"https:\/\/spartasportcenter.com\/soria\/body-attack-soria\/#primaryimage"},"image":{"@id":"https:\/\/spartasportcenter.com\/soria\/body-attack-soria\/#primaryimage"},"thumbnailUrl":"https:\/\/spartasportcenter.com\/soria\/wp-content\/uploads\/2024\/06\/body-attack-soria.webp","datePublished":"2023-03-30T10:26:58+00:00","dateModified":"2025-12-29T12:30:12+00:00","description":"\u00bfEst\u00e1s buscando un gimnasio para practicar body attack en Soria? En Sparta Sport Center podemos ayudarte. \u00a1Reserva con nosotros!","breadcrumb":{"@id":"https:\/\/spartasportcenter.com\/soria\/body-attack-soria\/#breadcrumb"},"inLanguage":"es","potentialAction":[{"@type":"ReadAction","target":["https:\/\/spartasportcenter.com\/soria\/body-attack-soria\/"]}]},{"@type":"ImageObject","inLanguage":"es","@id":"https:\/\/spartasportcenter.com\/soria\/body-attack-soria\/#primaryimage","url":"https:\/\/spartasportcenter.com\/soria\/wp-content\/uploads\/2024\/06\/body-attack-soria.webp","contentUrl":"https:\/\/spartasportcenter.com\/soria\/wp-content\/uploads\/2024\/06\/body-attack-soria.webp","width":2000,"height":1333,"caption":"body attack soria"},{"@type":"BreadcrumbList","@id":"https:\/\/spartasportcenter.com\/soria\/body-attack-soria\/#breadcrumb","itemListElement":[{"@type":"ListItem","position":1,"name":"Portada","item":"https:\/\/spartasportcenter.com\/soria\/"},{"@type":"ListItem","position":2,"name":"Body Attack Soria"}]},{"@type":"WebSite","@id":"https:\/\/spartasportcenter.com\/soria\/#website","url":"https:\/\/spartasportcenter.com\/soria\/","name":"Sparta Sport Center Soria","description":"Gimnasios en Soria","potentialAction":[{"@type":"SearchAction","target":{"@type":"EntryPoint","urlTemplate":"https:\/\/spartasportcenter.com\/soria\/?s={search_term_string}"},"query-input":{"@type":"PropertyValueSpecification","valueRequired":true,"valueName":"search_term_string"}}],"inLanguage":"es"}]}},"_links":{"self":[{"href":"https:\/\/spartasportcenter.com\/soria\/wp-json\/wp\/v2\/pages\/217689","targetHints":{"allow":["GET"]}}],"collection":[{"href":"https:\/\/spartasportcenter.com\/soria\/wp-json\/wp\/v2\/pages"}],"about":[{"href":"https:\/\/spartasportcenter.com\/soria\/wp-json\/wp\/v2\/types\/page"}],"author":[{"embeddable":true,"href":"https:\/\/spartasportcenter.com\/soria\/wp-json\/wp\/v2\/users\/1"}],"replies":[{"embeddable":true,"href":"https:\/\/spartasportcenter.com\/soria\/wp-json\/wp\/v2\/comments?post=217689"}],"version-history":[{"count":1,"href":"https:\/\/spartasportcenter.com\/soria\/wp-json\/wp\/v2\/pages\/217689\/revisions"}],"predecessor-version":[{"id":219989,"href":"https:\/\/spartasportcenter.com\/soria\/wp-json\/wp\/v2\/pages\/217689\/revisions\/219989"}],"wp:featuredmedia":[{"embeddable":true,"href":"https:\/\/spartasportcenter.com\/soria\/wp-json\/wp\/v2\/media\/218861"}],"wp:attachment":[{"href":"https:\/\/spartasportcenter.com\/soria\/wp-json\/wp\/v2\/media?parent=217689"}],"curies":[{"name":"wp","href":"https:\/\/api.w.org\/{rel}","templated":true}]}}