{"id":209159,"date":"2018-12-04T15:58:36","date_gmt":"2018-12-04T14:58:36","guid":{"rendered":"https:\/\/spartasportcenter.com\/pamplona\/?page_id=209159"},"modified":"2025-06-24T17:08:27","modified_gmt":"2025-06-24T15:08:27","slug":"mapa-web-gimnasios-soria","status":"publish","type":"page","link":"https:\/\/spartasportcenter.com\/soria\/mapa-web-gimnasios-soria\/","title":{"rendered":"Mapa Web de Sparta Sport Center Soria"},"content":{"rendered":"<p><a href=\"https:\/\/spartasportcenter.com\/soria\/\">Gimnasio soria Sparta Sport Center<\/a><\/p>\n<p><a href=\"https:\/\/spartasportcenter.com\/soria\/entrenador-personal-soria\/\">Entrenador Personal Soria<\/a><\/p>\n<p><a href=\"https:\/\/spartasportcenter.com\/soria\/yoga-soria\/\">Yoga Soria<\/a><\/p>\n<p><a href=\"https:\/\/spartasportcenter.com\/soria\/boxeo-soria\/\">Boxeo Soria<\/a><\/p>\n<p><a href=\"https:\/\/spartasportcenter.com\/soria\/nutricionista-soria\/\">Nutricionista Soria<\/a><\/p>\n<p><a href=\"https:\/\/spartasportcenter.com\/soria\/zumba-soria\/\">Zumba Soria<\/a><\/p>\n<p><a href=\"https:\/\/spartasportcenter.com\/soria\/pilates-soria\/\">Pilates Soria<\/a><\/p>\n<p><a href=\"https:\/\/spartasportcenter.com\/soria\/entrenamiento-funcional-soria\/\">Entrenamiento Funcional Soria<\/a><\/p>\n<p><a href=\"https:\/\/spartasportcenter.com\/soria\/core-soria\/\">Core Soria<\/a><\/p>\n<p><a href=\"https:\/\/spartasportcenter.com\/soria\/kick-boxing-soria\/\">Kick Boxing Soria<\/a><\/p>\n<p><a href=\"https:\/\/spartasportcenter.com\/soria\/spinning-soria\/\">Spinning Soria<\/a><\/p>\n<p><a href=\"https:\/\/spartasportcenter.com\/soria\/body-pump-soria\/\">Body Pump Soria<\/a><\/p>\n<p><a href=\"https:\/\/spartasportcenter.com\/soria\/body-attack-soria\/\">Body attack Soria<\/a><\/p>\n<p><a href=\"https:\/\/spartasportcenter.com\/soria\/cross-training-soria\/\">Cross training Soria<\/a><\/p>\n<p><a href=\"https:\/\/spartasportcenter.com\/soria\/body-combat-soria\/\">Body combat Soria<\/a><\/p>\n<p><a href=\"https:\/\/spartasportcenter.com\/soria\/gap-soria\/\">GAP Soria<\/a><\/p>\n<p><a href=\"https:\/\/spartasportcenter.com\/soria\/horarios\/\">Horario de actividades<\/a><\/p>\n<p><a href=\"https:\/\/spartasportcenter.com\/soria\/instalaciones\/\">Instalaciones<\/a><\/p>\n<p><a href=\"https:\/\/spartasportcenter.com\/soria\/actividades\/\">Actividades<\/a><\/p>\n<p><a href=\"https:\/\/spartasportcenter.com\/soria\/servicios\/\">Servicios<\/a><\/p>\n<p><a href=\"https:\/\/spartasportcenter.com\/soria\/gimnasio-centro-comercial-camaretas\/\">Gimnasio Centro Comercial Camaretas<\/a><\/p>\n<p><a href=\"https:\/\/spartasportcenter.com\/soria\/gimnasio-urbanizacion-las-camaretas\/\">Gimnasio Urbanizaci\u00f3n las Camaretas<\/a><\/p>\n<p><a href=\"https:\/\/spartasportcenter.com\/soria\/gimnasio-las-casas\/\">Gimnasio Las Casas<\/a><\/p>\n<p><a href=\"https:\/\/spartasportcenter.com\/soria\/gimnasio-san-pedro\/\">Gimnasio San Pedro<\/a><\/p>\n<p><a href=\"https:\/\/spartasportcenter.com\/soria\/prueba-un-dia-gratis\/\">Prueba un d\u00eda gratis<\/a><\/p>\n<p><a href=\"https:\/\/spartasportcenter.com\/soria\/contacto\/\">Contacto<\/a><\/p>\n","protected":false},"excerpt":{"rendered":"<p>.<\/p>\n","protected":false},"author":1,"featured_media":219536,"parent":0,"menu_order":0,"comment_status":"closed","ping_status":"closed","template":"","meta":{"_et_pb_use_builder":"off","_et_pb_old_content":"<h1><a href=\"https:\/\/spartasportcenter.com\/soria\/\">Gimnasios Pamplona Sparta Sport Center<\/a><\/h1>\r\n<h2><a href=\"https:\/\/spartasportcenter.com\/soria\/actividades\/\">Actividades del gimnasio<\/a><\/h2>\r\n<h2><a href=\"https:\/\/spartasportcenter.com\/soria\/entrenador-personal-pamplona\/\">Entrenador personal Pamplona<\/a><\/h2>\r\n<h2><a href=\"https:\/\/spartasportcenter.com\/soria\/pilates-pamplona\/\">Pilates Pamplona<\/a><\/h2>\r\n<h2><a href=\"https:\/\/spartasportcenter.com\/soria\/zumba-pamplona\/\">Zumba Pamplona<\/a><\/h2>\r\n<h2><a href=\"https:\/\/spartasportcenter.com\/soria\/spinning-pamplona\/\">Spinning Pamplona<\/a><\/h2>\r\n<h2><a href=\"https:\/\/spartasportcenter.com\/soria\/trx-pamplona\/\">TRX Pamplona<\/a><\/h2>\r\n<h2><a href=\"https:\/\/spartasportcenter.com\/soria\/core-pamplona\/\">Core Pamplona<\/a><\/h2>\r\n<h2><a href=\"https:\/\/spartasportcenter.com\/soria\/gap-pamplona\/\">Gap Pamplona<\/a><\/h2>\r\n<h2><a href=\"https:\/\/spartasportcenter.com\/soria\/boxeo-pamplona\/\">Boxeo Pamplona<\/a><\/h2>\r\n<h2><a href=\"https:\/\/spartasportcenter.com\/soria\/body-tonic-pamplona\/\">Body Tonic Pamplona<\/a><\/h2>\r\n<h2><a href=\"https:\/\/spartasportcenter.com\/soria\/yoga-pamplona\/\">Yoga Pamplona<\/a><\/h2>\r\n<h2><a href=\"https:\/\/spartasportcenter.com\/soria\/kick-boxing-pamplona\/\">Kick Boxing Pamplona<\/a><\/h2>\r\n<h2><a href=\"https:\/\/spartasportcenter.com\/soria\/asesoramiento-nutricional-pamplona\/\">Asesoramiento Nutricional Pamplona<\/a><\/h2>\r\n<h2><a href=\"https:\/\/spartasportcenter.com\/soria\/tabata-pamplona\/\">Tabata Pamplona<\/a><\/h2>\r\n<h2><a href=\"https:\/\/spartasportcenter.com\/soria\/defensa-personal-pamplona\/\">Defensa Personal Pamplona<\/a><\/h2>\r\n<h2><a href=\"https:\/\/spartasportcenter.com\/soria\/gimnasia-mantenimiento-pamplona\/\">Gimnasia de Mantenimiento Pamplona<\/a><\/h2>\r\n<h2>Ballet Pamplona<\/h2>\r\n<h2><a href=\"https:\/\/spartasportcenter.com\/soria\/ballet-ninos-pamplona\/\">Ballet Ni\u00f1os Pamplona<\/a><\/h2>\r\n<h2><a href=\"https:\/\/spartasportcenter.com\/soria\/zumba-kids-pamplona\/\">Zumba Kids Pamplona<\/a><\/h2>\r\n<h3><a href=\"https:\/\/spartasportcenter.com\/soria\/horarios\/\">Horarios del gimnasio de Pamplona<\/a><\/h3>\r\n<h3><a href=\"https:\/\/spartasportcenter.com\/soria\/instalaciones\/\">Instalaciones del gimnasio de Pamplona<\/a><\/h3>\r\n<h3><a href=\"https:\/\/spartasportcenter.com\/soria\/tarifas\/\">Tarifas del gimnasio de Pamplona<\/a><\/h3>\r\n<h3><a href=\"https:\/\/spartasportcenter.com\/soria\/contacto\/\">P\u00e1gina de Contacto del gimnasio de Pamplona<\/a><\/h3>\r\n\u00a0\r\n\r\n\u00a0\r\n\r\n\u00a0","_et_gb_content_width":"","footnotes":""},"class_list":["post-209159","page","type-page","status-publish","has-post-thumbnail","hentry"],"yoast_head":"<!-- This site is optimized with the Yoast SEO plugin v27.4 - https:\/\/yoast.com\/product\/yoast-seo-wordpress\/ -->\n<title>Mapa Web - Sparta Sport Center Soria<\/title>\n<meta name=\"description\" content=\"Consulta el Mapa Web de Sparta Sport Center Soria para conocer las p\u00e1ginas m\u00e1s importantes de nuestra p\u00e1gina web. \u00a1Te las mostramos!\" \/>\n<meta name=\"robots\" content=\"index, follow, max-snippet:-1, max-image-preview:large, max-video-preview:-1\" \/>\n<link rel=\"canonical\" href=\"https:\/\/spartasportcenter.com\/soria\/mapa-web-gimnasios-soria\/\" \/>\n<meta property=\"og:locale\" content=\"es_ES\" \/>\n<meta property=\"og:type\" content=\"article\" \/>\n<meta property=\"og:title\" content=\"Mapa Web - Sparta Sport Center Soria\" \/>\n<meta property=\"og:description\" content=\"Consulta el Mapa Web de Sparta Sport Center Soria para conocer las p\u00e1ginas m\u00e1s importantes de nuestra p\u00e1gina web. \u00a1Te las mostramos!\" \/>\n<meta property=\"og:url\" content=\"https:\/\/spartasportcenter.com\/soria\/mapa-web-gimnasios-soria\/\" \/>\n<meta property=\"og:site_name\" content=\"Sparta Sport Center Soria\" \/>\n<meta property=\"article:modified_time\" content=\"2025-06-24T15:08:27+00:00\" \/>\n<meta property=\"og:image\" content=\"https:\/\/spartasportcenter.com\/soria\/wp-content\/uploads\/2025\/06\/material-deportivo-de-colores.jpg\" \/>\n\t<meta property=\"og:image:width\" content=\"2000\" \/>\n\t<meta property=\"og:image:height\" content=\"1333\" \/>\n\t<meta property=\"og:image:type\" content=\"image\/jpeg\" \/>\n<meta name=\"twitter:card\" content=\"summary_large_image\" \/>\n<meta name=\"twitter:label1\" content=\"Tiempo de lectura\" \/>\n\t<meta name=\"twitter:data1\" content=\"1 minuto\" \/>\n<script type=\"application\/ld+json\" class=\"yoast-schema-graph\">{\"@context\":\"https:\\\/\\\/schema.org\",\"@graph\":[{\"@type\":\"WebPage\",\"@id\":\"https:\\\/\\\/spartasportcenter.com\\\/soria\\\/mapa-web-gimnasios-soria\\\/\",\"url\":\"https:\\\/\\\/spartasportcenter.com\\\/soria\\\/mapa-web-gimnasios-soria\\\/\",\"name\":\"Mapa Web - Sparta Sport Center Soria\",\"isPartOf\":{\"@id\":\"https:\\\/\\\/spartasportcenter.com\\\/soria\\\/#website\"},\"primaryImageOfPage\":{\"@id\":\"https:\\\/\\\/spartasportcenter.com\\\/soria\\\/mapa-web-gimnasios-soria\\\/#primaryimage\"},\"image\":{\"@id\":\"https:\\\/\\\/spartasportcenter.com\\\/soria\\\/mapa-web-gimnasios-soria\\\/#primaryimage\"},\"thumbnailUrl\":\"https:\\\/\\\/spartasportcenter.com\\\/soria\\\/wp-content\\\/uploads\\\/2025\\\/06\\\/material-deportivo-de-colores.jpg\",\"datePublished\":\"2018-12-04T14:58:36+00:00\",\"dateModified\":\"2025-06-24T15:08:27+00:00\",\"description\":\"Consulta el Mapa Web de Sparta Sport Center Soria para conocer las p\u00e1ginas m\u00e1s importantes de nuestra p\u00e1gina web. \u00a1Te las mostramos!\",\"breadcrumb\":{\"@id\":\"https:\\\/\\\/spartasportcenter.com\\\/soria\\\/mapa-web-gimnasios-soria\\\/#breadcrumb\"},\"inLanguage\":\"es\",\"potentialAction\":[{\"@type\":\"ReadAction\",\"target\":[\"https:\\\/\\\/spartasportcenter.com\\\/soria\\\/mapa-web-gimnasios-soria\\\/\"]}]},{\"@type\":\"ImageObject\",\"inLanguage\":\"es\",\"@id\":\"https:\\\/\\\/spartasportcenter.com\\\/soria\\\/mapa-web-gimnasios-soria\\\/#primaryimage\",\"url\":\"https:\\\/\\\/spartasportcenter.com\\\/soria\\\/wp-content\\\/uploads\\\/2025\\\/06\\\/material-deportivo-de-colores.jpg\",\"contentUrl\":\"https:\\\/\\\/spartasportcenter.com\\\/soria\\\/wp-content\\\/uploads\\\/2025\\\/06\\\/material-deportivo-de-colores.jpg\",\"width\":2000,\"height\":1333,\"caption\":\"material deportivo de colores\"},{\"@type\":\"BreadcrumbList\",\"@id\":\"https:\\\/\\\/spartasportcenter.com\\\/soria\\\/mapa-web-gimnasios-soria\\\/#breadcrumb\",\"itemListElement\":[{\"@type\":\"ListItem\",\"position\":1,\"name\":\"Portada\",\"item\":\"https:\\\/\\\/spartasportcenter.com\\\/soria\\\/\"},{\"@type\":\"ListItem\",\"position\":2,\"name\":\"Mapa Web de Sparta Sport Center Soria\"}]},{\"@type\":\"WebSite\",\"@id\":\"https:\\\/\\\/spartasportcenter.com\\\/soria\\\/#website\",\"url\":\"https:\\\/\\\/spartasportcenter.com\\\/soria\\\/\",\"name\":\"Sparta Sport Center Soria\",\"description\":\"Gimnasios en Soria\",\"potentialAction\":[{\"@type\":\"SearchAction\",\"target\":{\"@type\":\"EntryPoint\",\"urlTemplate\":\"https:\\\/\\\/spartasportcenter.com\\\/soria\\\/?s={search_term_string}\"},\"query-input\":{\"@type\":\"PropertyValueSpecification\",\"valueRequired\":true,\"valueName\":\"search_term_string\"}}],\"inLanguage\":\"es\"}]}<\/script>\n<!-- \/ Yoast SEO plugin. -->","yoast_head_json":{"title":"Mapa Web - Sparta Sport Center Soria","description":"Consulta el Mapa Web de Sparta Sport Center Soria para conocer las p\u00e1ginas m\u00e1s importantes de nuestra p\u00e1gina web. \u00a1Te las mostramos!","robots":{"index":"index","follow":"follow","max-snippet":"max-snippet:-1","max-image-preview":"max-image-preview:large","max-video-preview":"max-video-preview:-1"},"canonical":"https:\/\/spartasportcenter.com\/soria\/mapa-web-gimnasios-soria\/","og_locale":"es_ES","og_type":"article","og_title":"Mapa Web - Sparta Sport Center Soria","og_description":"Consulta el Mapa Web de Sparta Sport Center Soria para conocer las p\u00e1ginas m\u00e1s importantes de nuestra p\u00e1gina web. \u00a1Te las mostramos!","og_url":"https:\/\/spartasportcenter.com\/soria\/mapa-web-gimnasios-soria\/","og_site_name":"Sparta Sport Center Soria","article_modified_time":"2025-06-24T15:08:27+00:00","og_image":[{"width":2000,"height":1333,"url":"https:\/\/spartasportcenter.com\/soria\/wp-content\/uploads\/2025\/06\/material-deportivo-de-colores.jpg","type":"image\/jpeg"}],"twitter_card":"summary_large_image","twitter_misc":{"Tiempo de lectura":"1 minuto"},"schema":{"@context":"https:\/\/schema.org","@graph":[{"@type":"WebPage","@id":"https:\/\/spartasportcenter.com\/soria\/mapa-web-gimnasios-soria\/","url":"https:\/\/spartasportcenter.com\/soria\/mapa-web-gimnasios-soria\/","name":"Mapa Web - Sparta Sport Center Soria","isPartOf":{"@id":"https:\/\/spartasportcenter.com\/soria\/#website"},"primaryImageOfPage":{"@id":"https:\/\/spartasportcenter.com\/soria\/mapa-web-gimnasios-soria\/#primaryimage"},"image":{"@id":"https:\/\/spartasportcenter.com\/soria\/mapa-web-gimnasios-soria\/#primaryimage"},"thumbnailUrl":"https:\/\/spartasportcenter.com\/soria\/wp-content\/uploads\/2025\/06\/material-deportivo-de-colores.jpg","datePublished":"2018-12-04T14:58:36+00:00","dateModified":"2025-06-24T15:08:27+00:00","description":"Consulta el Mapa Web de Sparta Sport Center Soria para conocer las p\u00e1ginas m\u00e1s importantes de nuestra p\u00e1gina web. \u00a1Te las mostramos!","breadcrumb":{"@id":"https:\/\/spartasportcenter.com\/soria\/mapa-web-gimnasios-soria\/#breadcrumb"},"inLanguage":"es","potentialAction":[{"@type":"ReadAction","target":["https:\/\/spartasportcenter.com\/soria\/mapa-web-gimnasios-soria\/"]}]},{"@type":"ImageObject","inLanguage":"es","@id":"https:\/\/spartasportcenter.com\/soria\/mapa-web-gimnasios-soria\/#primaryimage","url":"https:\/\/spartasportcenter.com\/soria\/wp-content\/uploads\/2025\/06\/material-deportivo-de-colores.jpg","contentUrl":"https:\/\/spartasportcenter.com\/soria\/wp-content\/uploads\/2025\/06\/material-deportivo-de-colores.jpg","width":2000,"height":1333,"caption":"material deportivo de colores"},{"@type":"BreadcrumbList","@id":"https:\/\/spartasportcenter.com\/soria\/mapa-web-gimnasios-soria\/#breadcrumb","itemListElement":[{"@type":"ListItem","position":1,"name":"Portada","item":"https:\/\/spartasportcenter.com\/soria\/"},{"@type":"ListItem","position":2,"name":"Mapa Web de Sparta Sport Center Soria"}]},{"@type":"WebSite","@id":"https:\/\/spartasportcenter.com\/soria\/#website","url":"https:\/\/spartasportcenter.com\/soria\/","name":"Sparta Sport Center Soria","description":"Gimnasios en Soria","potentialAction":[{"@type":"SearchAction","target":{"@type":"EntryPoint","urlTemplate":"https:\/\/spartasportcenter.com\/soria\/?s={search_term_string}"},"query-input":{"@type":"PropertyValueSpecification","valueRequired":true,"valueName":"search_term_string"}}],"inLanguage":"es"}]}},"_links":{"self":[{"href":"https:\/\/spartasportcenter.com\/soria\/wp-json\/wp\/v2\/pages\/209159","targetHints":{"allow":["GET"]}}],"collection":[{"href":"https:\/\/spartasportcenter.com\/soria\/wp-json\/wp\/v2\/pages"}],"about":[{"href":"https:\/\/spartasportcenter.com\/soria\/wp-json\/wp\/v2\/types\/page"}],"author":[{"embeddable":true,"href":"https:\/\/spartasportcenter.com\/soria\/wp-json\/wp\/v2\/users\/1"}],"replies":[{"embeddable":true,"href":"https:\/\/spartasportcenter.com\/soria\/wp-json\/wp\/v2\/comments?post=209159"}],"version-history":[{"count":0,"href":"https:\/\/spartasportcenter.com\/soria\/wp-json\/wp\/v2\/pages\/209159\/revisions"}],"wp:featuredmedia":[{"embeddable":true,"href":"https:\/\/spartasportcenter.com\/soria\/wp-json\/wp\/v2\/media\/219536"}],"wp:attachment":[{"href":"https:\/\/spartasportcenter.com\/soria\/wp-json\/wp\/v2\/media?parent=209159"}],"curies":[{"name":"wp","href":"https:\/\/api.w.org\/{rel}","templated":true}]}}