{"id":206559,"date":"2018-08-20T15:51:28","date_gmt":"2018-08-20T15:51:28","guid":{"rendered":"https:\/\/pamplona.spartasportcenter.com\/?page_id=206559"},"modified":"2025-12-29T13:25:51","modified_gmt":"2025-12-29T12:25:51","slug":"core-soria","status":"publish","type":"page","link":"https:\/\/spartasportcenter.com\/soria\/core-soria\/","title":{"rendered":"CORE Soria"},"content":{"rendered":"<p>[et_pb_section fb_built=\u00bb1&#8243; custom_padding_last_edited=\u00bbon|phone\u00bb disabled_on=\u00bboff|off|off\u00bb _builder_version=\u00bb4.27.4&#8243; background_color=\u00bb#000000&#8243; background_enable_image=\u00bboff\u00bb custom_margin=\u00bb||||false|false\u00bb custom_padding=\u00bb80px|0px|0px|0px|false|false\u00bb custom_padding_tablet=\u00bb\u00bb custom_padding_phone=\u00bb30px||50px||false|false\u00bb hover_enabled=\u00bb0&#8243; global_colors_info=\u00bb{}\u00bb sticky_enabled=\u00bb0&#8243;][et_pb_row column_structure=\u00bb1_3,2_3&#8243; custom_padding_last_edited=\u00bbon|desktop\u00bb _builder_version=\u00bb4.16&#8243; _module_preset=\u00bbdefault\u00bb custom_padding=\u00bb0px||||false|false\u00bb custom_padding_tablet=\u00bb\u00bb custom_padding_phone=\u00bb0px||||false|false\u00bb global_colors_info=\u00bb{}\u00bb][et_pb_column type=\u00bb1_3&#8243; _builder_version=\u00bb4.16&#8243; _module_preset=\u00bbdefault\u00bb global_colors_info=\u00bb{}\u00bb][et_pb_text _builder_version=\u00bb4.16&#8243; text_font=\u00bb||||||||\u00bb header_font=\u00bb||||||||\u00bb header_text_align=\u00bbcenter\u00bb header_2_font=\u00bb|300||on|||||\u00bb header_2_text_align=\u00bbright\u00bb header_2_font_size=\u00bb29px\u00bb custom_margin=\u00bb||0px||false|false\u00bb custom_padding=\u00bb|15%|0px||false|false\u00bb header_2_text_align_tablet=\u00bb\u00bb header_2_text_align_phone=\u00bbleft\u00bb header_2_text_align_last_edited=\u00bbon|phone\u00bb header_2_font_size_tablet=\u00bb51px\u00bb header_2_font_size_phone=\u00bb25px\u00bb header_2_font_size_last_edited=\u00bbon|phone\u00bb border_width_right=\u00bb2px\u00bb border_color_right=\u00bb#cccccc\u00bb border_width_right_tablet=\u00bb\u00bb border_width_right_phone=\u00bb0px\u00bb border_width_right_last_edited=\u00bbon|phone\u00bb locked=\u00bboff\u00bb global_colors_info=\u00bb{}\u00bb]<\/p>\n<h2>clases de core en Soria<\/h2>\n<p>[\/et_pb_text][\/et_pb_column][et_pb_column type=\u00bb2_3&#8243; _builder_version=\u00bb4.16&#8243; _module_preset=\u00bbdefault\u00bb global_colors_info=\u00bb{}\u00bb][et_pb_text _builder_version=\u00bb4.16&#8243; text_font=\u00bb|300|||||||\u00bb text_text_color=\u00bb#cccccc\u00bb text_line_height=\u00bb1.1em\u00bb header_font=\u00bb|300|||||||\u00bb header_2_font=\u00bb|300||on|||||\u00bb header_2_text_color=\u00bb#cccccc\u00bb header_2_font_size=\u00bb36px\u00bb header_2_letter_spacing=\u00bb2px\u00bb background_layout=\u00bbdark\u00bb global_colors_info=\u00bb{}\u00bb]<\/p>\n<p><span>Debes tener presente, que el core es una zona fundamental de tu cuerpo. Siendo su traducci\u00f3n al espa\u00f1ol centro o n\u00facleo, nos dice por s\u00ed misma, que es la base de todo. Es por ello, que las<\/span><b><span>\u00a0<\/span>clases de Core en Soria<\/b><span>, est\u00e1n enfocadas en fortalecer los m\u00fasculos centrales del cuerpo. Espec\u00edficamente aquellos que se encuentran en el \u00e1rea abdominal.<\/span><\/p>\n<p><span>En muchas ocasiones no le damos la importancia necesaria, siendo este el principal escal\u00f3n hacia la excelencia. Para llevar a cabo esta actividad, ponemos a tu disposici\u00f3n una\u00a0<\/span><b>sala de musculaci\u00f3n<\/b><span>\u00a0en \u00f3ptimas condiciones. Adem\u00e1s, contamos con las mejores m\u00e1quinas, cuyo mantenimiento peri\u00f3dico, te dar\u00e1n la comodidad y tranquilidad que mereces.<\/span><\/p>\n<p><span>Asimismo, es importante destacar que tendr\u00e1s a un<\/span><b><span>\u00a0<\/span>equipo multidisciplinario de expertos<span>\u00a0<\/span><\/b><span>en la materia. Gracias a ellos, podr\u00e1s tener un acondicionamiento f\u00edsico acorde a tus necesidades. La gu\u00eda, orientaci\u00f3n y empuje que te ofrecer\u00e1n nuestros profesores, ser\u00e1n la clave de tu \u00e9xito.<\/span><\/p>\n<p>[\/et_pb_text][\/et_pb_column][\/et_pb_row][et_pb_row column_structure=\u00bb1_3,2_3&#8243; custom_padding_last_edited=\u00bbon|phone\u00bb _builder_version=\u00bb4.16&#8243; _module_preset=\u00bbdefault\u00bb custom_margin=\u00bb||0px||false|false\u00bb custom_padding=\u00bb||||false|false\u00bb custom_padding_tablet=\u00bb\u00bb custom_padding_phone=\u00bb0px||0px||false|false\u00bb global_colors_info=\u00bb{}\u00bb][et_pb_column type=\u00bb1_3&#8243; _builder_version=\u00bb4.16&#8243; _module_preset=\u00bbdefault\u00bb global_colors_info=\u00bb{}\u00bb][et_pb_text _builder_version=\u00bb4.16&#8243; text_font=\u00bb||||||||\u00bb header_font=\u00bb||||||||\u00bb header_text_align=\u00bbcenter\u00bb header_2_font=\u00bb|300||on|||||\u00bb header_2_text_align=\u00bbright\u00bb header_2_font_size=\u00bb29px\u00bb custom_margin=\u00bb||0px||false|false\u00bb custom_padding=\u00bb|15%|0px||false|false\u00bb header_2_text_align_tablet=\u00bb\u00bb header_2_text_align_phone=\u00bbleft\u00bb header_2_text_align_last_edited=\u00bbon|phone\u00bb header_2_font_size_tablet=\u00bb51px\u00bb header_2_font_size_phone=\u00bb25px\u00bb header_2_font_size_last_edited=\u00bbon|phone\u00bb border_width_right=\u00bb2px\u00bb border_color_right=\u00bb#cccccc\u00bb border_width_right_tablet=\u00bb\u00bb border_width_right_phone=\u00bb0px\u00bb border_width_right_last_edited=\u00bbon|phone\u00bb locked=\u00bboff\u00bb global_colors_info=\u00bb{}\u00bb]<\/p>\n<h2>Beneficios del Core en Soria<\/h2>\n<p>[\/et_pb_text][\/et_pb_column][et_pb_column type=\u00bb2_3&#8243; _builder_version=\u00bb4.16&#8243; _module_preset=\u00bbdefault\u00bb global_colors_info=\u00bb{}\u00bb][et_pb_text _builder_version=\u00bb4.16&#8243; text_font=\u00bb|300|||||||\u00bb text_text_color=\u00bb#cccccc\u00bb text_line_height=\u00bb1.1em\u00bb header_font=\u00bb|300|||||||\u00bb header_2_font=\u00bb|300||on|||||\u00bb header_2_text_color=\u00bb#cccccc\u00bb header_2_font_size=\u00bb36px\u00bb header_2_letter_spacing=\u00bb2px\u00bb background_layout=\u00bbdark\u00bb global_colors_info=\u00bb{}\u00bb]<span>Gracias a nuestros\u00a0<\/span><b>ejercicios de Core en Soria<\/b><span>, lograr\u00e1s fortalecer esta zona tan importante del cuerpo. Lo cual te permitir\u00e1 un mejor rendimiento en cualquier otro ejercicio que te propongas. Los m\u00fasculos centrales del cuerpo, deben contar con un buen acondicionamiento f\u00edsico por ser el n\u00facleo de todo. Adem\u00e1s tienen que estar educado para brindar equilibrio y coordinaci\u00f3n motriz.<\/span><\/p>\n<p><span>Aunque tal vez no lo sepas, el objetivo general de esta actividad tambi\u00e9n posee muchos otros objetivos espec\u00edficos. Tener un centro fortalecido, te ayudar\u00e1 a\u00a0<\/span><b>corregir cualquier problema de postura.<\/b><span>\u00a0Mientras evitas malestares o molestias en el futuro. Sin esperarlo, podr\u00e1s observa c\u00f3mo tu cuerpo se va esculpiendo irremediablemente o c\u00f3mo tu fuerza y equilibrio aumentan exponencialmente.<\/span>[\/et_pb_text][\/et_pb_column][\/et_pb_row][\/et_pb_section][et_pb_section fb_built=\u00bb1&#8243; custom_padding_last_edited=\u00bbon|phone\u00bb _builder_version=\u00bb4.27.4&#8243; _module_preset=\u00bbdefault\u00bb background_color=\u00bb#000000&#8243; custom_padding=\u00bb0px||50px||false|false\u00bb custom_padding_tablet=\u00bb\u00bb custom_padding_phone=\u00bb||30px||false|false\u00bb hover_enabled=\u00bb0&#8243; global_colors_info=\u00bb{}\u00bb sticky_enabled=\u00bb0&#8243;][et_pb_row column_structure=\u00bb1_3,2_3&#8243; custom_padding_last_edited=\u00bbon|phone\u00bb _builder_version=\u00bb4.16&#8243; _module_preset=\u00bbdefault\u00bb custom_padding_tablet=\u00bb\u00bb custom_padding_phone=\u00bb0px||0px||false|false\u00bb global_colors_info=\u00bb{}\u00bb][et_pb_column type=\u00bb1_3&#8243; _builder_version=\u00bb4.16&#8243; _module_preset=\u00bbdefault\u00bb global_colors_info=\u00bb{}\u00bb][et_pb_text _builder_version=\u00bb4.16&#8243; text_font=\u00bb||||||||\u00bb header_font=\u00bb||||||||\u00bb header_text_align=\u00bbcenter\u00bb header_2_font=\u00bb|300||on|||||\u00bb header_2_text_align=\u00bbright\u00bb header_2_font_size=\u00bb29px\u00bb custom_margin=\u00bb||0px||false|false\u00bb custom_padding=\u00bb|15%|0px||false|false\u00bb header_2_text_align_tablet=\u00bb\u00bb header_2_text_align_phone=\u00bbleft\u00bb header_2_text_align_last_edited=\u00bbon|phone\u00bb header_2_font_size_tablet=\u00bb51px\u00bb header_2_font_size_phone=\u00bb25px\u00bb header_2_font_size_last_edited=\u00bbon|phone\u00bb border_width_right=\u00bb2px\u00bb border_color_right=\u00bb#cccccc\u00bb border_width_right_tablet=\u00bb\u00bb border_width_right_phone=\u00bb0px\u00bb border_width_right_last_edited=\u00bbon|phone\u00bb locked=\u00bboff\u00bb global_colors_info=\u00bb{}\u00bb]<\/p>\n<h2>Por qu\u00e9 Core en Sparta Sport Center Soria<\/h2>\n<p>[\/et_pb_text][\/et_pb_column][et_pb_column type=\u00bb2_3&#8243; _builder_version=\u00bb4.16&#8243; _module_preset=\u00bbdefault\u00bb global_colors_info=\u00bb{}\u00bb][et_pb_text _builder_version=\u00bb4.16&#8243; text_font=\u00bb|300|||||||\u00bb text_text_color=\u00bb#cccccc\u00bb text_line_height=\u00bb1.1em\u00bb header_font=\u00bb|300|||||||\u00bb header_2_font=\u00bb|300||on|||||\u00bb header_2_text_color=\u00bb#cccccc\u00bb header_2_font_size=\u00bb36px\u00bb header_2_letter_spacing=\u00bb2px\u00bb background_layout=\u00bbdark\u00bb global_colors_info=\u00bb{}\u00bb]<span>Los retos que te planteas no son solo tuyos, al formar parte de las clases de\u00a0<\/span><b>Core en Sparta Sport Center Soria<\/b><span>, nosotros adquirimos la responsabilidad de guiarte en cada paso. Desde ahora, asumimos cada una de tus metas y celebraremos juntos cada logro.<\/span><\/p>\n<p><span>A trav\u00e9s de nuestro sistema de registro, iremos detallando cada uno de los progresos. Cada sesi\u00f3n de entrenamiento, ser\u00e1 una nueva oportunidad para superar tus propios l\u00edmites.<\/span><\/p>\n<p><span>La idea de estos datos, es que obtengas de una forma tangible, la informaci\u00f3n que necesitas en esos d\u00edas grises. Cumplir una meta en muchas ocasiones es algo que podr\u00eda causar terror. Pero en\u00a0<\/span><b>Sparta Sport Center Soria<\/b><span>, solo es un obst\u00e1culo que debe ser y ser\u00e1 superado.<\/span><\/p>\n<p><span>Ha llegado la hora, no sigas posponiendo tu salud, forma parte de las clases de Core en Sparta Sport Center Soria y s\u00e9 garante de tus propios logros.<\/span>[\/et_pb_text][\/et_pb_column][\/et_pb_row][\/et_pb_section]<\/p>\n","protected":false},"excerpt":{"rendered":"<p>clases de core en SoriaDebes tener presente, que el core es una zona fundamental de tu cuerpo. Siendo su traducci\u00f3n al espa\u00f1ol centro o n\u00facleo, nos dice por s\u00ed misma, que es la base de todo. Es por ello, que las\u00a0clases de Core en Soria, est\u00e1n enfocadas en fortalecer los m\u00fasculos centrales del cuerpo. Espec\u00edficamente [&hellip;]<\/p>\n","protected":false},"author":1,"featured_media":218865,"parent":0,"menu_order":0,"comment_status":"closed","ping_status":"closed","template":"","meta":{"_et_pb_use_builder":"on","_et_pb_old_content":"","_et_gb_content_width":"","footnotes":""},"class_list":["post-206559","page","type-page","status-publish","has-post-thumbnail","hentry"],"yoast_head":"<!-- This site is optimized with the Yoast SEO plugin v27.4 - https:\/\/yoast.com\/product\/yoast-seo-wordpress\/ -->\n<title>Core en Soria \u00a11 D\u00cdA GRATIS! | Sparta Sport Center Soria<\/title>\n<meta name=\"description\" content=\"Ponte a prueba con nuestras CLASES DE CORE ABDOMINAL DIRIGIDAS en Soria. Aumenta la fuerza de tu cuerpo y mejora tu rendimiento f\u00edsico.\" \/>\n<meta name=\"robots\" content=\"index, follow, max-snippet:-1, max-image-preview:large, max-video-preview:-1\" \/>\n<link rel=\"canonical\" href=\"https:\/\/spartasportcenter.com\/soria\/core-soria\/\" \/>\n<meta property=\"og:locale\" content=\"es_ES\" \/>\n<meta property=\"og:type\" content=\"article\" \/>\n<meta property=\"og:title\" content=\"Core en Soria \u00a11 D\u00cdA GRATIS! | Sparta Sport Center Soria\" \/>\n<meta property=\"og:description\" content=\"Ponte a prueba con nuestras CLASES DE CORE ABDOMINAL DIRIGIDAS en Soria. Aumenta la fuerza de tu cuerpo y mejora tu rendimiento f\u00edsico.\" \/>\n<meta property=\"og:url\" content=\"https:\/\/spartasportcenter.com\/soria\/core-soria\/\" \/>\n<meta property=\"og:site_name\" content=\"Sparta Sport Center Soria\" \/>\n<meta property=\"article:modified_time\" content=\"2025-12-29T12:25:51+00:00\" \/>\n<meta property=\"og:image\" content=\"https:\/\/spartasportcenter.com\/soria\/wp-content\/uploads\/2024\/06\/core-soria.webp\" \/>\n\t<meta property=\"og:image:width\" content=\"2000\" \/>\n\t<meta property=\"og:image:height\" content=\"1333\" \/>\n\t<meta property=\"og:image:type\" content=\"image\/webp\" \/>\n<meta name=\"twitter:card\" content=\"summary_large_image\" \/>\n<meta name=\"twitter:label1\" content=\"Tiempo de lectura\" \/>\n\t<meta name=\"twitter:data1\" content=\"3 minutos\" \/>\n<script type=\"application\/ld+json\" class=\"yoast-schema-graph\">{\"@context\":\"https:\\\/\\\/schema.org\",\"@graph\":[{\"@type\":\"WebPage\",\"@id\":\"https:\\\/\\\/spartasportcenter.com\\\/soria\\\/core-soria\\\/\",\"url\":\"https:\\\/\\\/spartasportcenter.com\\\/soria\\\/core-soria\\\/\",\"name\":\"Core en Soria \u00a11 D\u00cdA GRATIS! | Sparta Sport Center Soria\",\"isPartOf\":{\"@id\":\"https:\\\/\\\/spartasportcenter.com\\\/soria\\\/#website\"},\"primaryImageOfPage\":{\"@id\":\"https:\\\/\\\/spartasportcenter.com\\\/soria\\\/core-soria\\\/#primaryimage\"},\"image\":{\"@id\":\"https:\\\/\\\/spartasportcenter.com\\\/soria\\\/core-soria\\\/#primaryimage\"},\"thumbnailUrl\":\"https:\\\/\\\/spartasportcenter.com\\\/soria\\\/wp-content\\\/uploads\\\/2024\\\/06\\\/core-soria.webp\",\"datePublished\":\"2018-08-20T15:51:28+00:00\",\"dateModified\":\"2025-12-29T12:25:51+00:00\",\"description\":\"Ponte a prueba con nuestras CLASES DE CORE ABDOMINAL DIRIGIDAS en Soria. Aumenta la fuerza de tu cuerpo y mejora tu rendimiento f\u00edsico.\",\"breadcrumb\":{\"@id\":\"https:\\\/\\\/spartasportcenter.com\\\/soria\\\/core-soria\\\/#breadcrumb\"},\"inLanguage\":\"es\",\"potentialAction\":[{\"@type\":\"ReadAction\",\"target\":[\"https:\\\/\\\/spartasportcenter.com\\\/soria\\\/core-soria\\\/\"]}]},{\"@type\":\"ImageObject\",\"inLanguage\":\"es\",\"@id\":\"https:\\\/\\\/spartasportcenter.com\\\/soria\\\/core-soria\\\/#primaryimage\",\"url\":\"https:\\\/\\\/spartasportcenter.com\\\/soria\\\/wp-content\\\/uploads\\\/2024\\\/06\\\/core-soria.webp\",\"contentUrl\":\"https:\\\/\\\/spartasportcenter.com\\\/soria\\\/wp-content\\\/uploads\\\/2024\\\/06\\\/core-soria.webp\",\"width\":2000,\"height\":1333,\"caption\":\"core soria\"},{\"@type\":\"BreadcrumbList\",\"@id\":\"https:\\\/\\\/spartasportcenter.com\\\/soria\\\/core-soria\\\/#breadcrumb\",\"itemListElement\":[{\"@type\":\"ListItem\",\"position\":1,\"name\":\"Portada\",\"item\":\"https:\\\/\\\/spartasportcenter.com\\\/soria\\\/\"},{\"@type\":\"ListItem\",\"position\":2,\"name\":\"CORE Soria\"}]},{\"@type\":\"WebSite\",\"@id\":\"https:\\\/\\\/spartasportcenter.com\\\/soria\\\/#website\",\"url\":\"https:\\\/\\\/spartasportcenter.com\\\/soria\\\/\",\"name\":\"Sparta Sport Center Soria\",\"description\":\"Gimnasios en Soria\",\"potentialAction\":[{\"@type\":\"SearchAction\",\"target\":{\"@type\":\"EntryPoint\",\"urlTemplate\":\"https:\\\/\\\/spartasportcenter.com\\\/soria\\\/?s={search_term_string}\"},\"query-input\":{\"@type\":\"PropertyValueSpecification\",\"valueRequired\":true,\"valueName\":\"search_term_string\"}}],\"inLanguage\":\"es\"}]}<\/script>\n<!-- \/ Yoast SEO plugin. -->","yoast_head_json":{"title":"Core en Soria \u00a11 D\u00cdA GRATIS! | Sparta Sport Center Soria","description":"Ponte a prueba con nuestras CLASES DE CORE ABDOMINAL DIRIGIDAS en Soria. Aumenta la fuerza de tu cuerpo y mejora tu rendimiento f\u00edsico.","robots":{"index":"index","follow":"follow","max-snippet":"max-snippet:-1","max-image-preview":"max-image-preview:large","max-video-preview":"max-video-preview:-1"},"canonical":"https:\/\/spartasportcenter.com\/soria\/core-soria\/","og_locale":"es_ES","og_type":"article","og_title":"Core en Soria \u00a11 D\u00cdA GRATIS! | Sparta Sport Center Soria","og_description":"Ponte a prueba con nuestras CLASES DE CORE ABDOMINAL DIRIGIDAS en Soria. Aumenta la fuerza de tu cuerpo y mejora tu rendimiento f\u00edsico.","og_url":"https:\/\/spartasportcenter.com\/soria\/core-soria\/","og_site_name":"Sparta Sport Center Soria","article_modified_time":"2025-12-29T12:25:51+00:00","og_image":[{"width":2000,"height":1333,"url":"https:\/\/spartasportcenter.com\/soria\/wp-content\/uploads\/2024\/06\/core-soria.webp","type":"image\/webp"}],"twitter_card":"summary_large_image","twitter_misc":{"Tiempo de lectura":"3 minutos"},"schema":{"@context":"https:\/\/schema.org","@graph":[{"@type":"WebPage","@id":"https:\/\/spartasportcenter.com\/soria\/core-soria\/","url":"https:\/\/spartasportcenter.com\/soria\/core-soria\/","name":"Core en Soria \u00a11 D\u00cdA GRATIS! | Sparta Sport Center Soria","isPartOf":{"@id":"https:\/\/spartasportcenter.com\/soria\/#website"},"primaryImageOfPage":{"@id":"https:\/\/spartasportcenter.com\/soria\/core-soria\/#primaryimage"},"image":{"@id":"https:\/\/spartasportcenter.com\/soria\/core-soria\/#primaryimage"},"thumbnailUrl":"https:\/\/spartasportcenter.com\/soria\/wp-content\/uploads\/2024\/06\/core-soria.webp","datePublished":"2018-08-20T15:51:28+00:00","dateModified":"2025-12-29T12:25:51+00:00","description":"Ponte a prueba con nuestras CLASES DE CORE ABDOMINAL DIRIGIDAS en Soria. Aumenta la fuerza de tu cuerpo y mejora tu rendimiento f\u00edsico.","breadcrumb":{"@id":"https:\/\/spartasportcenter.com\/soria\/core-soria\/#breadcrumb"},"inLanguage":"es","potentialAction":[{"@type":"ReadAction","target":["https:\/\/spartasportcenter.com\/soria\/core-soria\/"]}]},{"@type":"ImageObject","inLanguage":"es","@id":"https:\/\/spartasportcenter.com\/soria\/core-soria\/#primaryimage","url":"https:\/\/spartasportcenter.com\/soria\/wp-content\/uploads\/2024\/06\/core-soria.webp","contentUrl":"https:\/\/spartasportcenter.com\/soria\/wp-content\/uploads\/2024\/06\/core-soria.webp","width":2000,"height":1333,"caption":"core soria"},{"@type":"BreadcrumbList","@id":"https:\/\/spartasportcenter.com\/soria\/core-soria\/#breadcrumb","itemListElement":[{"@type":"ListItem","position":1,"name":"Portada","item":"https:\/\/spartasportcenter.com\/soria\/"},{"@type":"ListItem","position":2,"name":"CORE Soria"}]},{"@type":"WebSite","@id":"https:\/\/spartasportcenter.com\/soria\/#website","url":"https:\/\/spartasportcenter.com\/soria\/","name":"Sparta Sport Center Soria","description":"Gimnasios en Soria","potentialAction":[{"@type":"SearchAction","target":{"@type":"EntryPoint","urlTemplate":"https:\/\/spartasportcenter.com\/soria\/?s={search_term_string}"},"query-input":{"@type":"PropertyValueSpecification","valueRequired":true,"valueName":"search_term_string"}}],"inLanguage":"es"}]}},"_links":{"self":[{"href":"https:\/\/spartasportcenter.com\/soria\/wp-json\/wp\/v2\/pages\/206559","targetHints":{"allow":["GET"]}}],"collection":[{"href":"https:\/\/spartasportcenter.com\/soria\/wp-json\/wp\/v2\/pages"}],"about":[{"href":"https:\/\/spartasportcenter.com\/soria\/wp-json\/wp\/v2\/types\/page"}],"author":[{"embeddable":true,"href":"https:\/\/spartasportcenter.com\/soria\/wp-json\/wp\/v2\/users\/1"}],"replies":[{"embeddable":true,"href":"https:\/\/spartasportcenter.com\/soria\/wp-json\/wp\/v2\/comments?post=206559"}],"version-history":[{"count":1,"href":"https:\/\/spartasportcenter.com\/soria\/wp-json\/wp\/v2\/pages\/206559\/revisions"}],"predecessor-version":[{"id":219983,"href":"https:\/\/spartasportcenter.com\/soria\/wp-json\/wp\/v2\/pages\/206559\/revisions\/219983"}],"wp:featuredmedia":[{"embeddable":true,"href":"https:\/\/spartasportcenter.com\/soria\/wp-json\/wp\/v2\/media\/218865"}],"wp:attachment":[{"href":"https:\/\/spartasportcenter.com\/soria\/wp-json\/wp\/v2\/media?parent=206559"}],"curies":[{"name":"wp","href":"https:\/\/api.w.org\/{rel}","templated":true}]}}