{"id":206555,"date":"2018-08-20T15:49:40","date_gmt":"2018-08-20T15:49:40","guid":{"rendered":"https:\/\/pamplona.spartasportcenter.com\/?page_id=206555"},"modified":"2025-12-29T13:27:12","modified_gmt":"2025-12-29T12:27:12","slug":"body-pump-soria","status":"publish","type":"page","link":"https:\/\/spartasportcenter.com\/soria\/body-pump-soria\/","title":{"rendered":"Body Pump Soria"},"content":{"rendered":"<p>[et_pb_section fb_built=\u00bb1&#8243; custom_padding_last_edited=\u00bbon|phone\u00bb disabled_on=\u00bboff|off|off\u00bb _builder_version=\u00bb4.27.4&#8243; background_color=\u00bb#000000&#8243; background_enable_image=\u00bboff\u00bb custom_margin=\u00bb||||false|false\u00bb custom_padding=\u00bb80px|0px|0px|0px|false|false\u00bb custom_padding_tablet=\u00bb\u00bb custom_padding_phone=\u00bb30px||50px||false|false\u00bb hover_enabled=\u00bb0&#8243; global_colors_info=\u00bb{}\u00bb sticky_enabled=\u00bb0&#8243;][et_pb_row column_structure=\u00bb1_3,2_3&#8243; custom_padding_last_edited=\u00bbon|desktop\u00bb _builder_version=\u00bb4.16&#8243; _module_preset=\u00bbdefault\u00bb custom_padding=\u00bb0px||||false|false\u00bb custom_padding_tablet=\u00bb\u00bb custom_padding_phone=\u00bb0px||||false|false\u00bb global_colors_info=\u00bb{}\u00bb][et_pb_column type=\u00bb1_3&#8243; _builder_version=\u00bb4.16&#8243; _module_preset=\u00bbdefault\u00bb global_colors_info=\u00bb{}\u00bb][et_pb_text _builder_version=\u00bb4.16&#8243; text_font=\u00bb||||||||\u00bb header_font=\u00bb||||||||\u00bb header_text_align=\u00bbcenter\u00bb header_2_font=\u00bb|300||on|||||\u00bb header_2_text_align=\u00bbright\u00bb header_2_font_size=\u00bb29px\u00bb custom_margin=\u00bb||0px||false|false\u00bb custom_padding=\u00bb|15%|0px||false|false\u00bb header_2_text_align_tablet=\u00bb\u00bb header_2_text_align_phone=\u00bbleft\u00bb header_2_text_align_last_edited=\u00bbon|phone\u00bb header_2_font_size_tablet=\u00bb51px\u00bb header_2_font_size_phone=\u00bb25px\u00bb header_2_font_size_last_edited=\u00bbon|phone\u00bb border_width_right=\u00bb2px\u00bb border_color_right=\u00bb#cccccc\u00bb border_width_right_tablet=\u00bb\u00bb border_width_right_phone=\u00bb0px\u00bb border_width_right_last_edited=\u00bbon|phone\u00bb locked=\u00bboff\u00bb global_colors_info=\u00bb{}\u00bb]<\/p>\n<h2>clases de Body Pump en Soria<\/h2>\n<p>[\/et_pb_text][\/et_pb_column][et_pb_column type=\u00bb2_3&#8243; _builder_version=\u00bb4.16&#8243; _module_preset=\u00bbdefault\u00bb global_colors_info=\u00bb{}\u00bb][et_pb_text _builder_version=\u00bb4.16&#8243; text_font=\u00bb|300|||||||\u00bb text_text_color=\u00bb#cccccc\u00bb text_line_height=\u00bb1.1em\u00bb header_font=\u00bb|300|||||||\u00bb header_2_font=\u00bb|300||on|||||\u00bb header_2_text_color=\u00bb#cccccc\u00bb header_2_font_size=\u00bb36px\u00bb header_2_letter_spacing=\u00bb2px\u00bb background_layout=\u00bbdark\u00bb global_colors_info=\u00bb{}\u00bb]<\/p>\n<p><span>Logra tu cuerpo so\u00f1ado en tiempo r\u00e9cord con nuestro\u00a0<\/span><b>centro de Body Pump en Soria<\/b><span>. Esta actividad combina lo mejor de los aerobics, el uso de pesas, la m\u00fasica y el conocimiento de los instructores experimentados para que alcances tu mejor figura de manera segura, saludable y en pocas sesiones.<\/span><\/p>\n<p><span>Nosotros en<\/span><b><span>\u00a0<\/span>Sparta Sport Center<\/b><span>\u00a0contamos con entrenadores especialistas en Body Pump y acondicionamiento f\u00edsico que adaptar\u00e1n esta entretenida y beneficiosa actividad a tu condici\u00f3n f\u00edsica y de salud.\u00a0<\/span><\/p>\n<p><span>Las clases suelen estar llenas de energ\u00eda gracias a la m\u00fasica escogida por nuestros profesionales. En cada sesi\u00f3n ejercitar\u00e1s todo tu cuerpo por 1 hora, logrando as\u00ed que comience a gozar los\u00a0<\/span><b>beneficios del Body Pump en Soria.<\/b><\/p>\n<p>[\/et_pb_text][\/et_pb_column][\/et_pb_row][et_pb_row column_structure=\u00bb1_3,2_3&#8243; custom_padding_last_edited=\u00bbon|phone\u00bb _builder_version=\u00bb4.16&#8243; _module_preset=\u00bbdefault\u00bb custom_margin=\u00bb||0px||false|false\u00bb custom_padding=\u00bb||||false|false\u00bb custom_padding_tablet=\u00bb\u00bb custom_padding_phone=\u00bb0px||0px||false|false\u00bb global_colors_info=\u00bb{}\u00bb][et_pb_column type=\u00bb1_3&#8243; _builder_version=\u00bb4.16&#8243; _module_preset=\u00bbdefault\u00bb global_colors_info=\u00bb{}\u00bb][et_pb_text _builder_version=\u00bb4.16&#8243; text_font=\u00bb||||||||\u00bb header_font=\u00bb||||||||\u00bb header_text_align=\u00bbcenter\u00bb header_2_font=\u00bb|300||on|||||\u00bb header_2_text_align=\u00bbright\u00bb header_2_font_size=\u00bb29px\u00bb custom_margin=\u00bb||0px||false|false\u00bb custom_padding=\u00bb|15%|0px||false|false\u00bb header_2_text_align_tablet=\u00bb\u00bb header_2_text_align_phone=\u00bbleft\u00bb header_2_text_align_last_edited=\u00bbon|phone\u00bb header_2_font_size_tablet=\u00bb51px\u00bb header_2_font_size_phone=\u00bb25px\u00bb header_2_font_size_last_edited=\u00bbon|phone\u00bb border_width_right=\u00bb2px\u00bb border_color_right=\u00bb#cccccc\u00bb border_width_right_tablet=\u00bb\u00bb border_width_right_phone=\u00bb0px\u00bb border_width_right_last_edited=\u00bbon|phone\u00bb locked=\u00bboff\u00bb global_colors_info=\u00bb{}\u00bb]<\/p>\n<h2>Beneficios del Body Pump en Soria<\/h2>\n<p>[\/et_pb_text][\/et_pb_column][et_pb_column type=\u00bb2_3&#8243; _builder_version=\u00bb4.16&#8243; _module_preset=\u00bbdefault\u00bb global_colors_info=\u00bb{}\u00bb][et_pb_text _builder_version=\u00bb4.16&#8243; text_font=\u00bb|300|||||||\u00bb text_text_color=\u00bb#cccccc\u00bb text_line_height=\u00bb1.1em\u00bb header_font=\u00bb|300|||||||\u00bb header_2_font=\u00bb|300||on|||||\u00bb header_2_text_color=\u00bb#cccccc\u00bb header_2_font_size=\u00bb36px\u00bb header_2_letter_spacing=\u00bb2px\u00bb background_layout=\u00bbdark\u00bb global_colors_info=\u00bb{}\u00bb]<span>El Body Pump es una de nuestras clases m\u00e1s solicitadas, porque gracias a ellas, ser\u00e1s capaz de relajarte,\u00a0<\/span><b>mejorar tu \u00e1nimo,<\/b><span>\u00a0sistema respiratorio y cardiovascular. Pero lo m\u00e1s importante es que logras ejercitarte y mantener un impacto verdadero en tu cuerpo, el cual se refleja de m\u00faltiples maneras.<\/span><\/p>\n<p><span>Un gran ejemplo es el\u00a0<\/span><b>aumento de masa muscular,<span>\u00a0<\/span><\/b><span>ya que<\/span><span>\u00a0<\/span><span>las clases de body pump son la combinaci\u00f3n de los ejercicios de aerobics y el uso de pesas. Por lo que es natural para el cuerpo desarrollar\u00a0<\/span><b>resistencia en el tejido muscular,<\/b><span>\u00a0lo que te permite tonificar y aumentar el tama\u00f1o de tus m\u00fasculos. Generalmente, en una sesi\u00f3n de 1 hora se trabaja todo el cuerpo, por lo que es de esperarse resultados desde la primera sesi\u00f3n.<\/span><\/p>\n<p><span>Adem\u00e1s al ser una actividad f\u00edsica que acondiciona la resistencia aer\u00f3bica del cuerpo permite\u00a0<\/span><b>reducir la grasa corporal<\/b><span>. Es com\u00fan quemar un aproximado de 400-500 k\/cal por sesi\u00f3n. Por lo tanto, puedes bajar de peso con ayuda de estas clases de manera segura y natural.<\/span><\/p>\n<p><span>Por \u00faltimo pero no menos importante, este tipo de actividad es ideal para\u00a0<\/span><b>aumentar la densidad \u00f3sea,<span>\u00a0<\/span><\/b><span>ya que gracias a sus diversos movimientos los practicantes logran aumentar su densidad \u00f3sea, previniendo as\u00ed la osteoporosis.<\/span>[\/et_pb_text][\/et_pb_column][\/et_pb_row][\/et_pb_section][et_pb_section fb_built=\u00bb1&#8243; custom_padding_last_edited=\u00bbon|phone\u00bb _builder_version=\u00bb4.27.4&#8243; _module_preset=\u00bbdefault\u00bb background_color=\u00bb#000000&#8243; custom_padding=\u00bb0px||50px||false|false\u00bb custom_padding_tablet=\u00bb\u00bb custom_padding_phone=\u00bb||30px||false|false\u00bb hover_enabled=\u00bb0&#8243; global_colors_info=\u00bb{}\u00bb sticky_enabled=\u00bb0&#8243;][et_pb_row column_structure=\u00bb1_3,2_3&#8243; custom_padding_last_edited=\u00bbon|phone\u00bb _builder_version=\u00bb4.16&#8243; _module_preset=\u00bbdefault\u00bb custom_padding_tablet=\u00bb\u00bb custom_padding_phone=\u00bb0px||0px||false|false\u00bb global_colors_info=\u00bb{}\u00bb][et_pb_column type=\u00bb1_3&#8243; _builder_version=\u00bb4.16&#8243; _module_preset=\u00bbdefault\u00bb global_colors_info=\u00bb{}\u00bb][et_pb_text _builder_version=\u00bb4.16&#8243; text_font=\u00bb||||||||\u00bb header_font=\u00bb||||||||\u00bb header_text_align=\u00bbcenter\u00bb header_2_font=\u00bb|300||on|||||\u00bb header_2_text_align=\u00bbright\u00bb header_2_font_size=\u00bb29px\u00bb custom_margin=\u00bb||0px||false|false\u00bb custom_padding=\u00bb|15%|0px||false|false\u00bb header_2_text_align_tablet=\u00bb\u00bb header_2_text_align_phone=\u00bbleft\u00bb header_2_text_align_last_edited=\u00bbon|phone\u00bb header_2_font_size_tablet=\u00bb51px\u00bb header_2_font_size_phone=\u00bb25px\u00bb header_2_font_size_last_edited=\u00bbon|phone\u00bb border_width_right=\u00bb2px\u00bb border_color_right=\u00bb#cccccc\u00bb border_width_right_tablet=\u00bb\u00bb border_width_right_phone=\u00bb0px\u00bb border_width_right_last_edited=\u00bbon|phone\u00bb locked=\u00bboff\u00bb global_colors_info=\u00bb{}\u00bb]<\/p>\n<h2>Por qu\u00e9 Body Pump en Sparta Sport Center Soria<\/h2>\n<p>[\/et_pb_text][\/et_pb_column][et_pb_column type=\u00bb2_3&#8243; _builder_version=\u00bb4.16&#8243; _module_preset=\u00bbdefault\u00bb global_colors_info=\u00bb{}\u00bb][et_pb_text _builder_version=\u00bb4.16&#8243; text_font=\u00bb|300|||||||\u00bb text_text_color=\u00bb#cccccc\u00bb text_line_height=\u00bb1.1em\u00bb header_font=\u00bb|300|||||||\u00bb header_2_font=\u00bb|300||on|||||\u00bb header_2_text_color=\u00bb#cccccc\u00bb header_2_font_size=\u00bb36px\u00bb header_2_letter_spacing=\u00bb2px\u00bb background_layout=\u00bbdark\u00bb global_colors_info=\u00bb{}\u00bb]<span>En Sparta Sport Center en Soria contamos con clases de Body Pump dirigidas por expertos en esta \u00e1rea. Ellos est\u00e1n preparados para adaptar\u00a0<\/span><b>los ejercicios y las pesas<\/b><span>\u00a0a cada persona.<\/span><\/p>\n<p><span>Por lo tanto, los principiantes y avanzados en esta actividad f\u00edsica tienen la oportunidad de sacar el mayor provecho a cada una de las clases. Ya que a pesar de que siguen la misma rutina, cada participante tendr\u00e1 modificaciones pertinentes para que la pr\u00e1ctica sea segura y beneficiosa para el cuerpo. Es por ello que, si deseas comenzar con las clases de\u00a0<\/span><b>Body Pump en Sparta Sport Center Soria,<\/b><span>\u00a0cont\u00e1ctanos y descubre todas las promociones que tenemos para ti.<\/span>[\/et_pb_text][\/et_pb_column][\/et_pb_row][\/et_pb_section]<\/p>\n","protected":false},"excerpt":{"rendered":"<p>clases de Body Pump en SoriaLogra tu cuerpo so\u00f1ado en tiempo r\u00e9cord con nuestro\u00a0centro de Body Pump en Soria. Esta actividad combina lo mejor de los aerobics, el uso de pesas, la m\u00fasica y el conocimiento de los instructores experimentados para que alcances tu mejor figura de manera segura, saludable y en pocas sesiones. Nosotros [&hellip;]<\/p>\n","protected":false},"author":1,"featured_media":218863,"parent":0,"menu_order":0,"comment_status":"closed","ping_status":"closed","template":"","meta":{"_et_pb_use_builder":"on","_et_pb_old_content":"","_et_gb_content_width":"","footnotes":""},"class_list":["post-206555","page","type-page","status-publish","has-post-thumbnail","hentry"],"yoast_head":"<!-- This site is optimized with the Yoast SEO plugin v27.4 - https:\/\/yoast.com\/product\/yoast-seo-wordpress\/ -->\n<title>Body Pump Soria - \u00a11 D\u00cdA GRATIS! | Sparta Sport Center<\/title>\n<meta name=\"description\" content=\"Empieza a tonificar tu cuerpo con nuestras CLASES DE BODY PUMP DIRIGIDAS en Soria. Gana fuerza y reduce tu \u00edndice de gras corporal.\" \/>\n<meta name=\"robots\" content=\"index, follow, max-snippet:-1, max-image-preview:large, max-video-preview:-1\" \/>\n<link rel=\"canonical\" href=\"https:\/\/spartasportcenter.com\/soria\/body-pump-soria\/\" \/>\n<meta property=\"og:locale\" content=\"es_ES\" \/>\n<meta property=\"og:type\" content=\"article\" \/>\n<meta property=\"og:title\" content=\"Body Pump Soria - \u00a11 D\u00cdA GRATIS! | Sparta Sport Center\" \/>\n<meta property=\"og:description\" content=\"Empieza a tonificar tu cuerpo con nuestras CLASES DE BODY PUMP DIRIGIDAS en Soria. Gana fuerza y reduce tu \u00edndice de gras corporal.\" \/>\n<meta property=\"og:url\" content=\"https:\/\/spartasportcenter.com\/soria\/body-pump-soria\/\" \/>\n<meta property=\"og:site_name\" content=\"Sparta Sport Center Soria\" \/>\n<meta property=\"article:modified_time\" content=\"2025-12-29T12:27:12+00:00\" \/>\n<meta property=\"og:image\" content=\"https:\/\/spartasportcenter.com\/soria\/wp-content\/uploads\/2024\/06\/body-pump-soria.webp\" \/>\n\t<meta property=\"og:image:width\" content=\"2000\" \/>\n\t<meta property=\"og:image:height\" content=\"1333\" \/>\n\t<meta property=\"og:image:type\" content=\"image\/webp\" \/>\n<meta name=\"twitter:card\" content=\"summary_large_image\" \/>\n<meta name=\"twitter:label1\" content=\"Tiempo de lectura\" \/>\n\t<meta name=\"twitter:data1\" content=\"3 minutos\" \/>\n<script type=\"application\/ld+json\" class=\"yoast-schema-graph\">{\"@context\":\"https:\\\/\\\/schema.org\",\"@graph\":[{\"@type\":\"WebPage\",\"@id\":\"https:\\\/\\\/spartasportcenter.com\\\/soria\\\/body-pump-soria\\\/\",\"url\":\"https:\\\/\\\/spartasportcenter.com\\\/soria\\\/body-pump-soria\\\/\",\"name\":\"Body Pump Soria - \u00a11 D\u00cdA GRATIS! | Sparta Sport Center\",\"isPartOf\":{\"@id\":\"https:\\\/\\\/spartasportcenter.com\\\/soria\\\/#website\"},\"primaryImageOfPage\":{\"@id\":\"https:\\\/\\\/spartasportcenter.com\\\/soria\\\/body-pump-soria\\\/#primaryimage\"},\"image\":{\"@id\":\"https:\\\/\\\/spartasportcenter.com\\\/soria\\\/body-pump-soria\\\/#primaryimage\"},\"thumbnailUrl\":\"https:\\\/\\\/spartasportcenter.com\\\/soria\\\/wp-content\\\/uploads\\\/2024\\\/06\\\/body-pump-soria.webp\",\"datePublished\":\"2018-08-20T15:49:40+00:00\",\"dateModified\":\"2025-12-29T12:27:12+00:00\",\"description\":\"Empieza a tonificar tu cuerpo con nuestras CLASES DE BODY PUMP DIRIGIDAS en Soria. Gana fuerza y reduce tu \u00edndice de gras corporal.\",\"breadcrumb\":{\"@id\":\"https:\\\/\\\/spartasportcenter.com\\\/soria\\\/body-pump-soria\\\/#breadcrumb\"},\"inLanguage\":\"es\",\"potentialAction\":[{\"@type\":\"ReadAction\",\"target\":[\"https:\\\/\\\/spartasportcenter.com\\\/soria\\\/body-pump-soria\\\/\"]}]},{\"@type\":\"ImageObject\",\"inLanguage\":\"es\",\"@id\":\"https:\\\/\\\/spartasportcenter.com\\\/soria\\\/body-pump-soria\\\/#primaryimage\",\"url\":\"https:\\\/\\\/spartasportcenter.com\\\/soria\\\/wp-content\\\/uploads\\\/2024\\\/06\\\/body-pump-soria.webp\",\"contentUrl\":\"https:\\\/\\\/spartasportcenter.com\\\/soria\\\/wp-content\\\/uploads\\\/2024\\\/06\\\/body-pump-soria.webp\",\"width\":2000,\"height\":1333,\"caption\":\"body pump soria\"},{\"@type\":\"BreadcrumbList\",\"@id\":\"https:\\\/\\\/spartasportcenter.com\\\/soria\\\/body-pump-soria\\\/#breadcrumb\",\"itemListElement\":[{\"@type\":\"ListItem\",\"position\":1,\"name\":\"Portada\",\"item\":\"https:\\\/\\\/spartasportcenter.com\\\/soria\\\/\"},{\"@type\":\"ListItem\",\"position\":2,\"name\":\"Body Pump Soria\"}]},{\"@type\":\"WebSite\",\"@id\":\"https:\\\/\\\/spartasportcenter.com\\\/soria\\\/#website\",\"url\":\"https:\\\/\\\/spartasportcenter.com\\\/soria\\\/\",\"name\":\"Sparta Sport Center Soria\",\"description\":\"Gimnasios en Soria\",\"potentialAction\":[{\"@type\":\"SearchAction\",\"target\":{\"@type\":\"EntryPoint\",\"urlTemplate\":\"https:\\\/\\\/spartasportcenter.com\\\/soria\\\/?s={search_term_string}\"},\"query-input\":{\"@type\":\"PropertyValueSpecification\",\"valueRequired\":true,\"valueName\":\"search_term_string\"}}],\"inLanguage\":\"es\"}]}<\/script>\n<!-- \/ Yoast SEO plugin. -->","yoast_head_json":{"title":"Body Pump Soria - \u00a11 D\u00cdA GRATIS! | Sparta Sport Center","description":"Empieza a tonificar tu cuerpo con nuestras CLASES DE BODY PUMP DIRIGIDAS en Soria. Gana fuerza y reduce tu \u00edndice de gras corporal.","robots":{"index":"index","follow":"follow","max-snippet":"max-snippet:-1","max-image-preview":"max-image-preview:large","max-video-preview":"max-video-preview:-1"},"canonical":"https:\/\/spartasportcenter.com\/soria\/body-pump-soria\/","og_locale":"es_ES","og_type":"article","og_title":"Body Pump Soria - \u00a11 D\u00cdA GRATIS! | Sparta Sport Center","og_description":"Empieza a tonificar tu cuerpo con nuestras CLASES DE BODY PUMP DIRIGIDAS en Soria. Gana fuerza y reduce tu \u00edndice de gras corporal.","og_url":"https:\/\/spartasportcenter.com\/soria\/body-pump-soria\/","og_site_name":"Sparta Sport Center Soria","article_modified_time":"2025-12-29T12:27:12+00:00","og_image":[{"width":2000,"height":1333,"url":"https:\/\/spartasportcenter.com\/soria\/wp-content\/uploads\/2024\/06\/body-pump-soria.webp","type":"image\/webp"}],"twitter_card":"summary_large_image","twitter_misc":{"Tiempo de lectura":"3 minutos"},"schema":{"@context":"https:\/\/schema.org","@graph":[{"@type":"WebPage","@id":"https:\/\/spartasportcenter.com\/soria\/body-pump-soria\/","url":"https:\/\/spartasportcenter.com\/soria\/body-pump-soria\/","name":"Body Pump Soria - \u00a11 D\u00cdA GRATIS! | Sparta Sport Center","isPartOf":{"@id":"https:\/\/spartasportcenter.com\/soria\/#website"},"primaryImageOfPage":{"@id":"https:\/\/spartasportcenter.com\/soria\/body-pump-soria\/#primaryimage"},"image":{"@id":"https:\/\/spartasportcenter.com\/soria\/body-pump-soria\/#primaryimage"},"thumbnailUrl":"https:\/\/spartasportcenter.com\/soria\/wp-content\/uploads\/2024\/06\/body-pump-soria.webp","datePublished":"2018-08-20T15:49:40+00:00","dateModified":"2025-12-29T12:27:12+00:00","description":"Empieza a tonificar tu cuerpo con nuestras CLASES DE BODY PUMP DIRIGIDAS en Soria. Gana fuerza y reduce tu \u00edndice de gras corporal.","breadcrumb":{"@id":"https:\/\/spartasportcenter.com\/soria\/body-pump-soria\/#breadcrumb"},"inLanguage":"es","potentialAction":[{"@type":"ReadAction","target":["https:\/\/spartasportcenter.com\/soria\/body-pump-soria\/"]}]},{"@type":"ImageObject","inLanguage":"es","@id":"https:\/\/spartasportcenter.com\/soria\/body-pump-soria\/#primaryimage","url":"https:\/\/spartasportcenter.com\/soria\/wp-content\/uploads\/2024\/06\/body-pump-soria.webp","contentUrl":"https:\/\/spartasportcenter.com\/soria\/wp-content\/uploads\/2024\/06\/body-pump-soria.webp","width":2000,"height":1333,"caption":"body pump soria"},{"@type":"BreadcrumbList","@id":"https:\/\/spartasportcenter.com\/soria\/body-pump-soria\/#breadcrumb","itemListElement":[{"@type":"ListItem","position":1,"name":"Portada","item":"https:\/\/spartasportcenter.com\/soria\/"},{"@type":"ListItem","position":2,"name":"Body Pump Soria"}]},{"@type":"WebSite","@id":"https:\/\/spartasportcenter.com\/soria\/#website","url":"https:\/\/spartasportcenter.com\/soria\/","name":"Sparta Sport Center Soria","description":"Gimnasios en Soria","potentialAction":[{"@type":"SearchAction","target":{"@type":"EntryPoint","urlTemplate":"https:\/\/spartasportcenter.com\/soria\/?s={search_term_string}"},"query-input":{"@type":"PropertyValueSpecification","valueRequired":true,"valueName":"search_term_string"}}],"inLanguage":"es"}]}},"_links":{"self":[{"href":"https:\/\/spartasportcenter.com\/soria\/wp-json\/wp\/v2\/pages\/206555","targetHints":{"allow":["GET"]}}],"collection":[{"href":"https:\/\/spartasportcenter.com\/soria\/wp-json\/wp\/v2\/pages"}],"about":[{"href":"https:\/\/spartasportcenter.com\/soria\/wp-json\/wp\/v2\/types\/page"}],"author":[{"embeddable":true,"href":"https:\/\/spartasportcenter.com\/soria\/wp-json\/wp\/v2\/users\/1"}],"replies":[{"embeddable":true,"href":"https:\/\/spartasportcenter.com\/soria\/wp-json\/wp\/v2\/comments?post=206555"}],"version-history":[{"count":1,"href":"https:\/\/spartasportcenter.com\/soria\/wp-json\/wp\/v2\/pages\/206555\/revisions"}],"predecessor-version":[{"id":219985,"href":"https:\/\/spartasportcenter.com\/soria\/wp-json\/wp\/v2\/pages\/206555\/revisions\/219985"}],"wp:featuredmedia":[{"embeddable":true,"href":"https:\/\/spartasportcenter.com\/soria\/wp-json\/wp\/v2\/media\/218863"}],"wp:attachment":[{"href":"https:\/\/spartasportcenter.com\/soria\/wp-json\/wp\/v2\/media?parent=206555"}],"curies":[{"name":"wp","href":"https:\/\/api.w.org\/{rel}","templated":true}]}}