{"id":206528,"date":"2018-08-20T15:22:05","date_gmt":"2018-08-20T15:22:05","guid":{"rendered":"https:\/\/pamplona.spartasportcenter.com\/?page_id=206528"},"modified":"2025-12-29T13:26:21","modified_gmt":"2025-12-29T12:26:21","slug":"boxeo-soria","status":"publish","type":"page","link":"https:\/\/spartasportcenter.com\/soria\/boxeo-soria\/","title":{"rendered":"Boxeo Soria"},"content":{"rendered":"<p>[et_pb_section fb_built=\u00bb1&#8243; custom_padding_last_edited=\u00bbon|phone\u00bb disabled_on=\u00bboff|off|off\u00bb _builder_version=\u00bb4.27.4&#8243; background_color=\u00bb#000000&#8243; background_enable_image=\u00bboff\u00bb custom_margin=\u00bb||||false|false\u00bb custom_padding=\u00bb80px|0px|0px|0px|false|false\u00bb custom_padding_tablet=\u00bb\u00bb custom_padding_phone=\u00bb30px||50px||false|false\u00bb hover_enabled=\u00bb0&#8243; global_colors_info=\u00bb{}\u00bb sticky_enabled=\u00bb0&#8243;][et_pb_row column_structure=\u00bb1_3,2_3&#8243; custom_padding_last_edited=\u00bbon|desktop\u00bb _builder_version=\u00bb4.16&#8243; _module_preset=\u00bbdefault\u00bb custom_padding=\u00bb0px||||false|false\u00bb custom_padding_tablet=\u00bb\u00bb custom_padding_phone=\u00bb0px||||false|false\u00bb global_colors_info=\u00bb{}\u00bb][et_pb_column type=\u00bb1_3&#8243; _builder_version=\u00bb4.16&#8243; _module_preset=\u00bbdefault\u00bb global_colors_info=\u00bb{}\u00bb][et_pb_text _builder_version=\u00bb4.16&#8243; text_font=\u00bb||||||||\u00bb header_font=\u00bb||||||||\u00bb header_text_align=\u00bbcenter\u00bb header_2_font=\u00bb|300||on|||||\u00bb header_2_text_align=\u00bbright\u00bb header_2_font_size=\u00bb29px\u00bb custom_margin=\u00bb||0px||false|false\u00bb custom_padding=\u00bb|15%|0px||false|false\u00bb header_2_text_align_tablet=\u00bb\u00bb header_2_text_align_phone=\u00bbleft\u00bb header_2_text_align_last_edited=\u00bbon|phone\u00bb header_2_font_size_tablet=\u00bb51px\u00bb header_2_font_size_phone=\u00bb25px\u00bb header_2_font_size_last_edited=\u00bbon|phone\u00bb border_width_right=\u00bb2px\u00bb border_color_right=\u00bb#cccccc\u00bb border_width_right_tablet=\u00bb\u00bb border_width_right_phone=\u00bb0px\u00bb border_width_right_last_edited=\u00bbon|phone\u00bb locked=\u00bboff\u00bb global_colors_info=\u00bb{}\u00bb]<\/p>\n<h2>clases de boxeo en Soria<\/h2>\n<p>[\/et_pb_text][\/et_pb_column][et_pb_column type=\u00bb2_3&#8243; _builder_version=\u00bb4.16&#8243; _module_preset=\u00bbdefault\u00bb global_colors_info=\u00bb{}\u00bb][et_pb_text _builder_version=\u00bb4.16&#8243; text_font=\u00bb|300|||||||\u00bb text_text_color=\u00bb#cccccc\u00bb text_line_height=\u00bb1.1em\u00bb header_font=\u00bb|300|||||||\u00bb header_2_font=\u00bb|300||on|||||\u00bb header_2_text_color=\u00bb#cccccc\u00bb header_2_font_size=\u00bb36px\u00bb header_2_letter_spacing=\u00bb2px\u00bb background_layout=\u00bbdark\u00bb global_colors_info=\u00bb{}\u00bb]<span>Lleva tu cuerpo al m\u00e1ximo con el boxeo. El\u00a0<\/span><b>deporte m\u00e1s popular<span>\u00a0<\/span><\/b><span>utilizado para mejorar la condici\u00f3n f\u00edsica de atletas profesionales est\u00e1 en Sparta Sport Center en Soria. Nosotros contamos con instructores dedicados al boxeo, que est\u00e1n listos para prepararte en esta actividad junto a nuestro\u00a0<\/span><b>equipo de especialistas en nutrici\u00f3n<\/b><span>, acondicionamiento f\u00edsico y motivaci\u00f3n.<\/span><\/p>\n<p><span>El boxeo que practicamos en\u00a0<\/span><b>Sparta Sport Center Soria<\/b><span>\u00a0es una combinaci\u00f3n de las diferentes t\u00e9cnicas que existen en esta \u00e1rea, creando un entrenamiento completo donde podr\u00e1s obtener los conocimientos esenciales para este deporte y seguir mejorando tus pr\u00e1cticas.<\/span>[\/et_pb_text][\/et_pb_column][\/et_pb_row][et_pb_row column_structure=\u00bb1_3,2_3&#8243; custom_padding_last_edited=\u00bbon|phone\u00bb _builder_version=\u00bb4.16&#8243; _module_preset=\u00bbdefault\u00bb custom_margin=\u00bb||0px||false|false\u00bb custom_padding=\u00bb||||false|false\u00bb custom_padding_tablet=\u00bb\u00bb custom_padding_phone=\u00bb0px||0px||false|false\u00bb global_colors_info=\u00bb{}\u00bb][et_pb_column type=\u00bb1_3&#8243; _builder_version=\u00bb4.16&#8243; _module_preset=\u00bbdefault\u00bb global_colors_info=\u00bb{}\u00bb][et_pb_text _builder_version=\u00bb4.16&#8243; text_font=\u00bb||||||||\u00bb header_font=\u00bb||||||||\u00bb header_text_align=\u00bbcenter\u00bb header_2_font=\u00bb|300||on|||||\u00bb header_2_text_align=\u00bbright\u00bb header_2_font_size=\u00bb29px\u00bb custom_margin=\u00bb||0px||false|false\u00bb custom_padding=\u00bb|15%|0px||false|false\u00bb header_2_text_align_tablet=\u00bb\u00bb header_2_text_align_phone=\u00bbleft\u00bb header_2_text_align_last_edited=\u00bbon|phone\u00bb header_2_font_size_tablet=\u00bb51px\u00bb header_2_font_size_phone=\u00bb25px\u00bb header_2_font_size_last_edited=\u00bbon|phone\u00bb border_width_right=\u00bb2px\u00bb border_color_right=\u00bb#cccccc\u00bb border_width_right_tablet=\u00bb\u00bb border_width_right_phone=\u00bb0px\u00bb border_width_right_last_edited=\u00bbon|phone\u00bb locked=\u00bboff\u00bb global_colors_info=\u00bb{}\u00bb]<\/p>\n<h2>Beneficios del Boxeo en Soria<\/h2>\n<p>[\/et_pb_text][\/et_pb_column][et_pb_column type=\u00bb2_3&#8243; _builder_version=\u00bb4.16&#8243; _module_preset=\u00bbdefault\u00bb global_colors_info=\u00bb{}\u00bb][et_pb_text _builder_version=\u00bb4.16&#8243; text_font=\u00bb|300|||||||\u00bb text_text_color=\u00bb#cccccc\u00bb text_line_height=\u00bb1.1em\u00bb header_font=\u00bb|300|||||||\u00bb header_2_font=\u00bb|300||on|||||\u00bb header_2_text_color=\u00bb#cccccc\u00bb header_2_font_size=\u00bb36px\u00bb header_2_letter_spacing=\u00bb2px\u00bb background_layout=\u00bbdark\u00bb global_colors_info=\u00bb{}\u00bb]<span>Los beneficios del boxeo en Sparta Sport Center en Soria se concentran en la reducci\u00f3n de grasa debido a que nos permitir\u00e1 quemar hasta 750 k\/cal por sesi\u00f3n. Adem\u00e1s nos ayuda a mejorar el equilibrio y la salud de los huesos.\u00a0<\/span><\/p>\n<p><span>Gracias a nuestros instructores experimentados, podr\u00e1s gozar de m\u00faltiples ventajas como <b>tonifica el cuerpo,<span>\u00a0<\/span><\/b><span>debido a que<\/span> <span>el boxeo es un ejercicio de alto impacto, que ayuda a\u00a0<\/span><b>desarrollar la resistencia f\u00edsica<\/b><span>\u00a0y los tejidos de los m\u00fasculos, espec\u00edficamente los tr\u00edceps, deltoides, cu\u00e1driceps y m\u00fasculos lumbares.\u00a0<\/span><\/p>\n<p><span>Incluso\u00a0<\/span><b>mejora el sistema cardiovascular, <\/b><span>ya que requiere de movimientos constantes y realizados con precisi\u00f3n. Pero, adem\u00e1s de eso, tambi\u00e9n necesita de<\/span><b> preparaci\u00f3n f\u00edsica<\/b><span>\u00a0que est\u00e1 llena de entrenamientos con series de 3 minutos y descansos de 1 minuto, durante estos intervalos realizar\u00e1s constantes sprint y saltos con cuerda.<\/span>[\/et_pb_text][\/et_pb_column][\/et_pb_row][\/et_pb_section][et_pb_section fb_built=\u00bb1&#8243; custom_padding_last_edited=\u00bbon|phone\u00bb _builder_version=\u00bb4.27.4&#8243; _module_preset=\u00bbdefault\u00bb background_color=\u00bb#000000&#8243; custom_padding=\u00bb0px||50px||false|false\u00bb custom_padding_tablet=\u00bb\u00bb custom_padding_phone=\u00bb||30px||false|false\u00bb hover_enabled=\u00bb0&#8243; global_colors_info=\u00bb{}\u00bb sticky_enabled=\u00bb0&#8243;][et_pb_row column_structure=\u00bb1_3,2_3&#8243; custom_padding_last_edited=\u00bbon|phone\u00bb _builder_version=\u00bb4.16&#8243; _module_preset=\u00bbdefault\u00bb custom_padding_tablet=\u00bb\u00bb custom_padding_phone=\u00bb0px||0px||false|false\u00bb global_colors_info=\u00bb{}\u00bb][et_pb_column type=\u00bb1_3&#8243; _builder_version=\u00bb4.16&#8243; _module_preset=\u00bbdefault\u00bb global_colors_info=\u00bb{}\u00bb][et_pb_text _builder_version=\u00bb4.16&#8243; text_font=\u00bb||||||||\u00bb header_font=\u00bb||||||||\u00bb header_text_align=\u00bbcenter\u00bb header_2_font=\u00bb|300||on|||||\u00bb header_2_text_align=\u00bbright\u00bb header_2_font_size=\u00bb29px\u00bb custom_margin=\u00bb||0px||false|false\u00bb custom_padding=\u00bb|15%|0px||false|false\u00bb header_2_text_align_tablet=\u00bb\u00bb header_2_text_align_phone=\u00bbleft\u00bb header_2_text_align_last_edited=\u00bbon|phone\u00bb header_2_font_size_tablet=\u00bb51px\u00bb header_2_font_size_phone=\u00bb25px\u00bb header_2_font_size_last_edited=\u00bbon|phone\u00bb border_width_right=\u00bb2px\u00bb border_color_right=\u00bb#cccccc\u00bb border_width_right_tablet=\u00bb\u00bb border_width_right_phone=\u00bb0px\u00bb border_width_right_last_edited=\u00bbon|phone\u00bb locked=\u00bboff\u00bb global_colors_info=\u00bb{}\u00bb]<\/p>\n<h2>Por qu\u00e9 Boxeo en Sparta Sport Center Soria<\/h2>\n<p>[\/et_pb_text][\/et_pb_column][et_pb_column type=\u00bb2_3&#8243; _builder_version=\u00bb4.16&#8243; _module_preset=\u00bbdefault\u00bb global_colors_info=\u00bb{}\u00bb][et_pb_text _builder_version=\u00bb4.16&#8243; text_font=\u00bb|300|||||||\u00bb text_text_color=\u00bb#cccccc\u00bb text_line_height=\u00bb1.1em\u00bb header_font=\u00bb|300|||||||\u00bb header_2_font=\u00bb|300||on|||||\u00bb header_2_text_color=\u00bb#cccccc\u00bb header_2_font_size=\u00bb36px\u00bb header_2_letter_spacing=\u00bb2px\u00bb background_layout=\u00bbdark\u00bb global_colors_info=\u00bb{}\u00bb]<span>En\u00a0<\/span><b>Sparta Sport Center Soria<\/b><span>\u00a0tendr\u00e1s a tu disposici\u00f3n un equipo de instructores dedicados exclusivamente al \u00e1rea del boxeo. Ellos est\u00e1n listos para prepararte en esta disciplina y en combate. Este proceso se realiza tomando en cuenta tu actual condici\u00f3n f\u00edsica, donde el instructor despu\u00e9s de la evaluaci\u00f3n realizar\u00e1 un plan general para el mejoramiento de tu salud y resistencia aer\u00f3bica a trav\u00e9s de este deporte.<\/span><\/p>\n<p><span>Tu acondicionamiento como practicante del boxeo debe ser general, por lo que tambi\u00e9n contar\u00e1s con nutricionistas,\u00a0<\/span><b>maquinar\u00eda de la \u00faltima generaci\u00f3n<\/b><span>\u00a0y entrenadores personales e instructores que te guiar\u00e1n en alcanzar tus objetivos referentes a este deporte y a ti mismo.<\/span>[\/et_pb_text][\/et_pb_column][\/et_pb_row][\/et_pb_section]<\/p>\n","protected":false},"excerpt":{"rendered":"<p>clases de boxeo en SoriaLleva tu cuerpo al m\u00e1ximo con el boxeo. El\u00a0deporte m\u00e1s popular\u00a0utilizado para mejorar la condici\u00f3n f\u00edsica de atletas profesionales est\u00e1 en Sparta Sport Center en Soria. Nosotros contamos con instructores dedicados al boxeo, que est\u00e1n listos para prepararte en esta actividad junto a nuestro\u00a0equipo de especialistas en nutrici\u00f3n, acondicionamiento f\u00edsico y [&hellip;]<\/p>\n","protected":false},"author":1,"featured_media":218864,"parent":0,"menu_order":0,"comment_status":"closed","ping_status":"closed","template":"","meta":{"_et_pb_use_builder":"on","_et_pb_old_content":"","_et_gb_content_width":"","footnotes":""},"class_list":["post-206528","page","type-page","status-publish","has-post-thumbnail","hentry"],"yoast_head":"<!-- This site is optimized with the Yoast SEO plugin v27.4 - https:\/\/yoast.com\/product\/yoast-seo-wordpress\/ -->\n<title>Boxeo en Soria \u00a11 D\u00cdA GRATIS! | Sparta Sport Center Soria<\/title>\n<meta name=\"description\" content=\"Ap\u00fantate a nuestras CLASES DE BOXEO en Soria. en este deporte de contacto mejorar\u00e1s la capacidad de sincronizaci\u00f3n, velocidad y agilidad.\" \/>\n<meta name=\"robots\" content=\"index, follow, max-snippet:-1, max-image-preview:large, max-video-preview:-1\" \/>\n<link rel=\"canonical\" href=\"https:\/\/spartasportcenter.com\/soria\/boxeo-soria\/\" \/>\n<meta property=\"og:locale\" content=\"es_ES\" \/>\n<meta property=\"og:type\" content=\"article\" \/>\n<meta property=\"og:title\" content=\"Boxeo en Soria \u00a11 D\u00cdA GRATIS! | Sparta Sport Center Soria\" \/>\n<meta property=\"og:description\" content=\"Ap\u00fantate a nuestras CLASES DE BOXEO en Soria. en este deporte de contacto mejorar\u00e1s la capacidad de sincronizaci\u00f3n, velocidad y agilidad.\" \/>\n<meta property=\"og:url\" content=\"https:\/\/spartasportcenter.com\/soria\/boxeo-soria\/\" \/>\n<meta property=\"og:site_name\" content=\"Sparta Sport Center Soria\" \/>\n<meta property=\"article:modified_time\" content=\"2025-12-29T12:26:21+00:00\" \/>\n<meta property=\"og:image\" content=\"https:\/\/spartasportcenter.com\/soria\/wp-content\/uploads\/2024\/06\/boxeo-soria.webp\" \/>\n\t<meta property=\"og:image:width\" content=\"2000\" \/>\n\t<meta property=\"og:image:height\" content=\"1333\" \/>\n\t<meta property=\"og:image:type\" content=\"image\/webp\" \/>\n<meta name=\"twitter:card\" content=\"summary_large_image\" \/>\n<meta name=\"twitter:label1\" content=\"Tiempo de lectura\" \/>\n\t<meta name=\"twitter:data1\" content=\"2 minutos\" \/>\n<script type=\"application\/ld+json\" class=\"yoast-schema-graph\">{\"@context\":\"https:\\\/\\\/schema.org\",\"@graph\":[{\"@type\":\"WebPage\",\"@id\":\"https:\\\/\\\/spartasportcenter.com\\\/soria\\\/boxeo-soria\\\/\",\"url\":\"https:\\\/\\\/spartasportcenter.com\\\/soria\\\/boxeo-soria\\\/\",\"name\":\"Boxeo en Soria \u00a11 D\u00cdA GRATIS! | Sparta Sport Center Soria\",\"isPartOf\":{\"@id\":\"https:\\\/\\\/spartasportcenter.com\\\/soria\\\/#website\"},\"primaryImageOfPage\":{\"@id\":\"https:\\\/\\\/spartasportcenter.com\\\/soria\\\/boxeo-soria\\\/#primaryimage\"},\"image\":{\"@id\":\"https:\\\/\\\/spartasportcenter.com\\\/soria\\\/boxeo-soria\\\/#primaryimage\"},\"thumbnailUrl\":\"https:\\\/\\\/spartasportcenter.com\\\/soria\\\/wp-content\\\/uploads\\\/2024\\\/06\\\/boxeo-soria.webp\",\"datePublished\":\"2018-08-20T15:22:05+00:00\",\"dateModified\":\"2025-12-29T12:26:21+00:00\",\"description\":\"Ap\u00fantate a nuestras CLASES DE BOXEO en Soria. en este deporte de contacto mejorar\u00e1s la capacidad de sincronizaci\u00f3n, velocidad y agilidad.\",\"breadcrumb\":{\"@id\":\"https:\\\/\\\/spartasportcenter.com\\\/soria\\\/boxeo-soria\\\/#breadcrumb\"},\"inLanguage\":\"es\",\"potentialAction\":[{\"@type\":\"ReadAction\",\"target\":[\"https:\\\/\\\/spartasportcenter.com\\\/soria\\\/boxeo-soria\\\/\"]}]},{\"@type\":\"ImageObject\",\"inLanguage\":\"es\",\"@id\":\"https:\\\/\\\/spartasportcenter.com\\\/soria\\\/boxeo-soria\\\/#primaryimage\",\"url\":\"https:\\\/\\\/spartasportcenter.com\\\/soria\\\/wp-content\\\/uploads\\\/2024\\\/06\\\/boxeo-soria.webp\",\"contentUrl\":\"https:\\\/\\\/spartasportcenter.com\\\/soria\\\/wp-content\\\/uploads\\\/2024\\\/06\\\/boxeo-soria.webp\",\"width\":2000,\"height\":1333,\"caption\":\"boxeo soria\"},{\"@type\":\"BreadcrumbList\",\"@id\":\"https:\\\/\\\/spartasportcenter.com\\\/soria\\\/boxeo-soria\\\/#breadcrumb\",\"itemListElement\":[{\"@type\":\"ListItem\",\"position\":1,\"name\":\"Portada\",\"item\":\"https:\\\/\\\/spartasportcenter.com\\\/soria\\\/\"},{\"@type\":\"ListItem\",\"position\":2,\"name\":\"Boxeo Soria\"}]},{\"@type\":\"WebSite\",\"@id\":\"https:\\\/\\\/spartasportcenter.com\\\/soria\\\/#website\",\"url\":\"https:\\\/\\\/spartasportcenter.com\\\/soria\\\/\",\"name\":\"Sparta Sport Center Soria\",\"description\":\"Gimnasios en Soria\",\"potentialAction\":[{\"@type\":\"SearchAction\",\"target\":{\"@type\":\"EntryPoint\",\"urlTemplate\":\"https:\\\/\\\/spartasportcenter.com\\\/soria\\\/?s={search_term_string}\"},\"query-input\":{\"@type\":\"PropertyValueSpecification\",\"valueRequired\":true,\"valueName\":\"search_term_string\"}}],\"inLanguage\":\"es\"}]}<\/script>\n<!-- \/ Yoast SEO plugin. -->","yoast_head_json":{"title":"Boxeo en Soria \u00a11 D\u00cdA GRATIS! | Sparta Sport Center Soria","description":"Ap\u00fantate a nuestras CLASES DE BOXEO en Soria. en este deporte de contacto mejorar\u00e1s la capacidad de sincronizaci\u00f3n, velocidad y agilidad.","robots":{"index":"index","follow":"follow","max-snippet":"max-snippet:-1","max-image-preview":"max-image-preview:large","max-video-preview":"max-video-preview:-1"},"canonical":"https:\/\/spartasportcenter.com\/soria\/boxeo-soria\/","og_locale":"es_ES","og_type":"article","og_title":"Boxeo en Soria \u00a11 D\u00cdA GRATIS! | Sparta Sport Center Soria","og_description":"Ap\u00fantate a nuestras CLASES DE BOXEO en Soria. en este deporte de contacto mejorar\u00e1s la capacidad de sincronizaci\u00f3n, velocidad y agilidad.","og_url":"https:\/\/spartasportcenter.com\/soria\/boxeo-soria\/","og_site_name":"Sparta Sport Center Soria","article_modified_time":"2025-12-29T12:26:21+00:00","og_image":[{"width":2000,"height":1333,"url":"https:\/\/spartasportcenter.com\/soria\/wp-content\/uploads\/2024\/06\/boxeo-soria.webp","type":"image\/webp"}],"twitter_card":"summary_large_image","twitter_misc":{"Tiempo de lectura":"2 minutos"},"schema":{"@context":"https:\/\/schema.org","@graph":[{"@type":"WebPage","@id":"https:\/\/spartasportcenter.com\/soria\/boxeo-soria\/","url":"https:\/\/spartasportcenter.com\/soria\/boxeo-soria\/","name":"Boxeo en Soria \u00a11 D\u00cdA GRATIS! | Sparta Sport Center Soria","isPartOf":{"@id":"https:\/\/spartasportcenter.com\/soria\/#website"},"primaryImageOfPage":{"@id":"https:\/\/spartasportcenter.com\/soria\/boxeo-soria\/#primaryimage"},"image":{"@id":"https:\/\/spartasportcenter.com\/soria\/boxeo-soria\/#primaryimage"},"thumbnailUrl":"https:\/\/spartasportcenter.com\/soria\/wp-content\/uploads\/2024\/06\/boxeo-soria.webp","datePublished":"2018-08-20T15:22:05+00:00","dateModified":"2025-12-29T12:26:21+00:00","description":"Ap\u00fantate a nuestras CLASES DE BOXEO en Soria. en este deporte de contacto mejorar\u00e1s la capacidad de sincronizaci\u00f3n, velocidad y agilidad.","breadcrumb":{"@id":"https:\/\/spartasportcenter.com\/soria\/boxeo-soria\/#breadcrumb"},"inLanguage":"es","potentialAction":[{"@type":"ReadAction","target":["https:\/\/spartasportcenter.com\/soria\/boxeo-soria\/"]}]},{"@type":"ImageObject","inLanguage":"es","@id":"https:\/\/spartasportcenter.com\/soria\/boxeo-soria\/#primaryimage","url":"https:\/\/spartasportcenter.com\/soria\/wp-content\/uploads\/2024\/06\/boxeo-soria.webp","contentUrl":"https:\/\/spartasportcenter.com\/soria\/wp-content\/uploads\/2024\/06\/boxeo-soria.webp","width":2000,"height":1333,"caption":"boxeo soria"},{"@type":"BreadcrumbList","@id":"https:\/\/spartasportcenter.com\/soria\/boxeo-soria\/#breadcrumb","itemListElement":[{"@type":"ListItem","position":1,"name":"Portada","item":"https:\/\/spartasportcenter.com\/soria\/"},{"@type":"ListItem","position":2,"name":"Boxeo Soria"}]},{"@type":"WebSite","@id":"https:\/\/spartasportcenter.com\/soria\/#website","url":"https:\/\/spartasportcenter.com\/soria\/","name":"Sparta Sport Center Soria","description":"Gimnasios en Soria","potentialAction":[{"@type":"SearchAction","target":{"@type":"EntryPoint","urlTemplate":"https:\/\/spartasportcenter.com\/soria\/?s={search_term_string}"},"query-input":{"@type":"PropertyValueSpecification","valueRequired":true,"valueName":"search_term_string"}}],"inLanguage":"es"}]}},"_links":{"self":[{"href":"https:\/\/spartasportcenter.com\/soria\/wp-json\/wp\/v2\/pages\/206528","targetHints":{"allow":["GET"]}}],"collection":[{"href":"https:\/\/spartasportcenter.com\/soria\/wp-json\/wp\/v2\/pages"}],"about":[{"href":"https:\/\/spartasportcenter.com\/soria\/wp-json\/wp\/v2\/types\/page"}],"author":[{"embeddable":true,"href":"https:\/\/spartasportcenter.com\/soria\/wp-json\/wp\/v2\/users\/1"}],"replies":[{"embeddable":true,"href":"https:\/\/spartasportcenter.com\/soria\/wp-json\/wp\/v2\/comments?post=206528"}],"version-history":[{"count":1,"href":"https:\/\/spartasportcenter.com\/soria\/wp-json\/wp\/v2\/pages\/206528\/revisions"}],"predecessor-version":[{"id":219984,"href":"https:\/\/spartasportcenter.com\/soria\/wp-json\/wp\/v2\/pages\/206528\/revisions\/219984"}],"wp:featuredmedia":[{"embeddable":true,"href":"https:\/\/spartasportcenter.com\/soria\/wp-json\/wp\/v2\/media\/218864"}],"wp:attachment":[{"href":"https:\/\/spartasportcenter.com\/soria\/wp-json\/wp\/v2\/media?parent=206528"}],"curies":[{"name":"wp","href":"https:\/\/api.w.org\/{rel}","templated":true}]}}