{"id":217625,"date":"2023-03-30T11:25:25","date_gmt":"2023-03-30T09:25:25","guid":{"rendered":"https:\/\/spartasportcenter.com\/santander\/?page_id=217625"},"modified":"2025-11-06T09:37:32","modified_gmt":"2025-11-06T08:37:32","slug":"cross-training-santander","status":"publish","type":"page","link":"https:\/\/spartasportcenter.com\/santander\/cross-training-santander\/","title":{"rendered":"Cross Training Santander"},"content":{"rendered":"<p>[et_pb_section fb_built=\u00bb1&#8243; custom_padding_last_edited=\u00bbon|phone\u00bb disabled_on=\u00bboff|off|off\u00bb _builder_version=\u00bb4.27.4&#8243; background_color=\u00bb#000000&#8243; background_enable_image=\u00bboff\u00bb custom_margin=\u00bb||||false|false\u00bb custom_padding=\u00bb80px|0px|0px|0px|false|false\u00bb custom_padding_tablet=\u00bb\u00bb custom_padding_phone=\u00bb30px||50px||false|false\u00bb hover_enabled=\u00bb0&#8243; global_colors_info=\u00bb{}\u00bb sticky_enabled=\u00bb0&#8243;][et_pb_row column_structure=\u00bb1_3,2_3&#8243; custom_padding_last_edited=\u00bbon|desktop\u00bb _builder_version=\u00bb4.16&#8243; _module_preset=\u00bbdefault\u00bb custom_padding=\u00bb0px||||false|false\u00bb custom_padding_tablet=\u00bb\u00bb custom_padding_phone=\u00bb0px||||false|false\u00bb global_colors_info=\u00bb{}\u00bb][et_pb_column type=\u00bb1_3&#8243; _builder_version=\u00bb4.16&#8243; _module_preset=\u00bbdefault\u00bb global_colors_info=\u00bb{}\u00bb][et_pb_text _builder_version=\u00bb4.20.1&#8243; text_font=\u00bb||||||||\u00bb header_font=\u00bb||||||||\u00bb header_text_align=\u00bbcenter\u00bb header_2_font=\u00bb|300||on|||||\u00bb header_2_text_align=\u00bbright\u00bb header_2_font_size=\u00bb29px\u00bb custom_margin=\u00bb||0px||false|false\u00bb custom_padding=\u00bb|15%|0px||false|false\u00bb header_2_text_align_tablet=\u00bb\u00bb header_2_text_align_phone=\u00bbleft\u00bb header_2_text_align_last_edited=\u00bbon|phone\u00bb header_2_font_size_tablet=\u00bb51px\u00bb header_2_font_size_phone=\u00bb25px\u00bb header_2_font_size_last_edited=\u00bbon|phone\u00bb border_width_right=\u00bb2px\u00bb border_color_right=\u00bb#cccccc\u00bb border_width_right_tablet=\u00bb\u00bb border_width_right_phone=\u00bb0px\u00bb border_width_right_last_edited=\u00bbon|phone\u00bb locked=\u00bboff\u00bb global_colors_info=\u00bb{}\u00bb]<\/p>\n<h2>Clases de cross training en Santander<\/h2>\n<p>[\/et_pb_text][\/et_pb_column][et_pb_column type=\u00bb2_3&#8243; _builder_version=\u00bb4.16&#8243; _module_preset=\u00bbdefault\u00bb global_colors_info=\u00bb{}\u00bb][et_pb_text _builder_version=\u00bb4.20.1&#8243; text_font=\u00bb|300|||||||\u00bb text_text_color=\u00bb#cccccc\u00bb text_line_height=\u00bb1.1em\u00bb header_font=\u00bb|300|||||||\u00bb header_2_font=\u00bb|300||on|||||\u00bb header_2_text_color=\u00bb#cccccc\u00bb header_2_font_size=\u00bb36px\u00bb header_2_letter_spacing=\u00bb2px\u00bb background_layout=\u00bbdark\u00bb global_colors_info=\u00bb{}\u00bb]<\/p>\n<p><span style=\"font-weight: 400;\">Si quieres ponerte en forma puedes hacer <\/span><b>Cross Training en Santander<\/b><span style=\"font-weight: 400;\"> en Sparta Sport Center, en donde vamos a poner a tu disposici\u00f3n todo\u00a0lo necesario con el fin de que hagas este deporte que es muy beneficioso para la salud.<\/span><\/p>\n<p><span style=\"font-weight: 400;\">Las clases de Cross Training en Santander son muy din\u00e1micas, ya que aqu\u00ed se combinan ejercicios de varias disciplinas, los cuales est\u00e1n pensados para una mejora funcional con el objetivo de tener un cuerpo m\u00e1s saludable.<\/span><\/p>\n<p><span style=\"font-weight: 400;\">Por ejemplo, mezclan los ejercicios de fuerza, como los que se hacen en la halterofilia, con otros de acondicionamiento metab\u00f3lico o incluso los de la gimnasia, los cuales te permiten ganar equilibrio y coordinaci\u00f3n.<\/span><\/p>\n<p><span style=\"font-weight: 400;\">Yendo a lo concreto, en el <\/span><b>entrenamiento de Cross Training<\/b><span style=\"font-weight: 400;\"> se lanza el bal\u00f3n medicinal, se hacen sentadillas con \u00e9l, se realizan dominadas, ejercicios con pesas rusas, mancuernas o barras, siempre con una alta intensidad, la cual es una de las caracter\u00edsticas de este deporte.<\/span><\/p>\n<p><span style=\"font-weight: 400;\">Aunque es una actividad intensa, lo cierto es que hay varios niveles para que todas las personas se puedan enganchar a ella y ser\u00e1 el entrenador el que te vaya orientando seg\u00fan tu nivel y tu progreso.<\/span><\/p>\n<p>[\/et_pb_text][\/et_pb_column][\/et_pb_row][et_pb_row column_structure=\u00bb1_3,2_3&#8243; custom_padding_last_edited=\u00bbon|phone\u00bb _builder_version=\u00bb4.16&#8243; _module_preset=\u00bbdefault\u00bb custom_margin=\u00bb||0px||false|false\u00bb custom_padding=\u00bb||||false|false\u00bb custom_padding_tablet=\u00bb\u00bb custom_padding_phone=\u00bb0px||0px||false|false\u00bb global_colors_info=\u00bb{}\u00bb][et_pb_column type=\u00bb1_3&#8243; _builder_version=\u00bb4.16&#8243; _module_preset=\u00bbdefault\u00bb global_colors_info=\u00bb{}\u00bb][et_pb_text _builder_version=\u00bb4.20.1&#8243; text_font=\u00bb||||||||\u00bb header_font=\u00bb||||||||\u00bb header_text_align=\u00bbcenter\u00bb header_2_font=\u00bb|300||on|||||\u00bb header_2_text_align=\u00bbright\u00bb header_2_font_size=\u00bb29px\u00bb custom_margin=\u00bb||0px||false|false\u00bb custom_padding=\u00bb|15%|0px||false|false\u00bb header_2_text_align_tablet=\u00bb\u00bb header_2_text_align_phone=\u00bbleft\u00bb header_2_text_align_last_edited=\u00bbon|phone\u00bb header_2_font_size_tablet=\u00bb51px\u00bb header_2_font_size_phone=\u00bb25px\u00bb header_2_font_size_last_edited=\u00bbon|phone\u00bb border_width_right=\u00bb2px\u00bb border_color_right=\u00bb#cccccc\u00bb border_width_right_tablet=\u00bb\u00bb border_width_right_phone=\u00bb0px\u00bb border_width_right_last_edited=\u00bbon|phone\u00bb locked=\u00bboff\u00bb global_colors_info=\u00bb{}\u00bb]<\/p>\n<h2>Beneficios del crosstraining en Santander<\/h2>\n<p>[\/et_pb_text][\/et_pb_column][et_pb_column type=\u00bb2_3&#8243; _builder_version=\u00bb4.16&#8243; _module_preset=\u00bbdefault\u00bb global_colors_info=\u00bb{}\u00bb][et_pb_text _builder_version=\u00bb4.20.1&#8243; text_font=\u00bb|300|||||||\u00bb text_text_color=\u00bb#cccccc\u00bb text_line_height=\u00bb1.1em\u00bb header_font=\u00bb|300|||||||\u00bb header_2_font=\u00bb|300||on|||||\u00bb header_2_text_color=\u00bb#cccccc\u00bb header_2_font_size=\u00bb36px\u00bb header_2_letter_spacing=\u00bb2px\u00bb background_layout=\u00bbdark\u00bb global_colors_info=\u00bb{}\u00bb]<\/p>\n<p><b>Practicar Crosstraining en Santander<\/b><span style=\"font-weight: 400;\"> tiene una serie de beneficios para la salud que lo hacen un ejercicio de lo m\u00e1s recomendable para la mayor\u00eda de las personas.<\/span><\/p>\n<p><span style=\"font-weight: 400;\">As\u00ed, vas a notar muy pronto que tus habilidades f\u00edsicas est\u00e1n mejorando. Te dar\u00e1s cuenta de que tienes una mayor resistencia, as\u00ed como que has ganado velocidad y potencia a la hora de correr o practicar otros deportes.<\/span><\/p>\n<p><span style=\"font-weight: 400;\">Tambi\u00e9n mejorar\u00e1 tu flexibilidad y tu agilidad, cualidades que se trabajan poco debido a que casi todos pasamos la jornada laboral delante de un ordenador, sentados sin hacer ninguna actividad f\u00edsica m\u00e1s que teclear.<\/span><\/p>\n<p><span style=\"font-weight: 400;\">Gracias a la intensidad con la que se realiza, tu cuerpo se va a acostumbrar al trabajo duro, desarrollando todos los grupos musculares y previniendo las lesiones. De hecho, <\/span><b>hacer Cross Training en nuestro gimnasio<\/b><span style=\"font-weight: 400;\"> te va a ayudar mucho a prevenir dolores de espalda, de las articulaciones o de los tendones, ya que se van a fortalecer.<\/span><\/p>\n<p><span style=\"font-weight: 400;\">No hay que olvidar que en el box vas a perder grasa al combinar los ejercicios de fuerza con el cardio siguiendo el wod o trabajo del d\u00eda a rajatabla, por lo que este deporte es uno de los mejores a la hora de perder esos kilos que te sobran.<\/span><\/p>\n<p>[\/et_pb_text][\/et_pb_column][\/et_pb_row][\/et_pb_section][et_pb_section fb_built=\u00bb1&#8243; custom_padding_last_edited=\u00bbon|phone\u00bb _builder_version=\u00bb4.27.4&#8243; _module_preset=\u00bbdefault\u00bb background_color=\u00bb#000000&#8243; custom_padding=\u00bb0px||50px||false|false\u00bb custom_padding_tablet=\u00bb\u00bb custom_padding_phone=\u00bb||30px||false|false\u00bb hover_enabled=\u00bb0&#8243; global_colors_info=\u00bb{}\u00bb sticky_enabled=\u00bb0&#8243;][et_pb_row column_structure=\u00bb1_3,2_3&#8243; custom_padding_last_edited=\u00bbon|phone\u00bb _builder_version=\u00bb4.16&#8243; _module_preset=\u00bbdefault\u00bb custom_padding_tablet=\u00bb\u00bb custom_padding_phone=\u00bb0px||0px||false|false\u00bb global_colors_info=\u00bb{}\u00bb][et_pb_column type=\u00bb1_3&#8243; _builder_version=\u00bb4.16&#8243; _module_preset=\u00bbdefault\u00bb global_colors_info=\u00bb{}\u00bb][et_pb_text _builder_version=\u00bb4.20.1&#8243; text_font=\u00bb||||||||\u00bb header_font=\u00bb||||||||\u00bb header_text_align=\u00bbcenter\u00bb header_2_font=\u00bb|300||on|||||\u00bb header_2_text_align=\u00bbright\u00bb header_2_font_size=\u00bb29px\u00bb custom_margin=\u00bb||0px||false|false\u00bb custom_padding=\u00bb|15%|0px||false|false\u00bb header_2_text_align_tablet=\u00bb\u00bb header_2_text_align_phone=\u00bbleft\u00bb header_2_text_align_last_edited=\u00bbon|phone\u00bb header_2_font_size_tablet=\u00bb51px\u00bb header_2_font_size_phone=\u00bb25px\u00bb header_2_font_size_last_edited=\u00bbon|phone\u00bb border_width_right=\u00bb2px\u00bb border_color_right=\u00bb#cccccc\u00bb border_width_right_tablet=\u00bb\u00bb border_width_right_phone=\u00bb0px\u00bb border_width_right_last_edited=\u00bbon|phone\u00bb locked=\u00bboff\u00bb global_colors_info=\u00bb{}\u00bb]<\/p>\n<h2>Por qu\u00e9 cross training en Sparta Sport Center Santander<\/h2>\n<p>[\/et_pb_text][\/et_pb_column][et_pb_column type=\u00bb2_3&#8243; _builder_version=\u00bb4.16&#8243; _module_preset=\u00bbdefault\u00bb global_colors_info=\u00bb{}\u00bb][et_pb_text _builder_version=\u00bb4.20.1&#8243; text_font=\u00bb|300|||||||\u00bb text_text_color=\u00bb#cccccc\u00bb text_line_height=\u00bb1.1em\u00bb header_font=\u00bb|300|||||||\u00bb header_2_font=\u00bb|300||on|||||\u00bb header_2_text_color=\u00bb#cccccc\u00bb header_2_font_size=\u00bb36px\u00bb header_2_letter_spacing=\u00bb2px\u00bb background_layout=\u00bbdark\u00bb global_colors_info=\u00bb{}\u00bb]<\/p>\n<p><span style=\"font-weight: 400;\">En Sparta Sport Center tenemos lo necesario para que practiques Cross Training en Santander la intensidad que t\u00fa quieras, siempre ayudado por monitores y profesores que te van a venir muy bien tanto al principio, como en el momento en el que vayas subiendo pelda\u00f1os y necesites m\u00e1s intensidad.<\/span><\/p>\n<p><b>Ven a probar cuando quieras<\/b><span style=\"font-weight: 400;\">, damos la posibilidad de venir un d\u00eda gratis, y disfruta de esta disciplina que trabaja todo el cuerpo y mejora tu salud en poco tiempo a la vez que te lo pasas bien, ya que nuestros profesores se esmeran con el fin de que las rutinas sean variadas y divertidas.<\/span><\/p>\n<p>[\/et_pb_text][\/et_pb_column][\/et_pb_row][\/et_pb_section][et_pb_section fb_built=\u00bb1&#8243; admin_label=\u00bbbanner footer prueba un dia\u00bb _builder_version=\u00bb4.23.4&#8243; background_color=\u00bb#363636&#8243; background_enable_color=\u00bboff\u00bb background_image=\u00bbhttps:\/\/spartasportcenter.com\/santander\/wp-content\/uploads\/2019\/09\/instalaciones-gimnasio-sparta-sport-center-pamplona-11.jpg\u00bb background_enable_image=\u00bboff\u00bb background_blend=\u00bbmultiply\u00bb custom_margin=\u00bb||||false|false\u00bb custom_padding=\u00bb0px|0px|0|0px|false|false\u00bb top_divider_flip=\u00bbhorizontal\u00bb global_module=\u00bb206679&#8243; locked=\u00bboff\u00bb global_colors_info=\u00bb{}\u00bb][\/et_pb_section]<\/p>\n","protected":false},"excerpt":{"rendered":"<p>Clases de cross training en SantanderSi quieres ponerte en forma puedes hacer Cross Training en Santander en Sparta Sport Center, en donde vamos a poner a tu disposici\u00f3n todo\u00a0lo necesario con el fin de que hagas este deporte que es muy beneficioso para la salud. Las clases de Cross Training en Santander son muy din\u00e1micas, [&hellip;]<\/p>\n","protected":false},"author":1,"featured_media":218626,"parent":0,"menu_order":0,"comment_status":"closed","ping_status":"closed","template":"","meta":{"_et_pb_use_builder":"on","_et_pb_old_content":"","_et_gb_content_width":"","footnotes":""},"class_list":["post-217625","page","type-page","status-publish","has-post-thumbnail","hentry"],"yoast_head":"<!-- This site is optimized with the Yoast SEO plugin v27.4 - https:\/\/yoast.com\/product\/yoast-seo-wordpress\/ -->\n<title>Cross Training Santander | Sparta Sport Center<\/title>\n<meta name=\"description\" content=\"\u00bfEst\u00e1s buscando un gimnasio para practicar cross training en Santander? En Sparta Sport Center podemos ayudarte. \u00a1Reserva con nosotros!\" \/>\n<meta name=\"robots\" content=\"index, follow, max-snippet:-1, max-image-preview:large, max-video-preview:-1\" \/>\n<link rel=\"canonical\" href=\"https:\/\/spartasportcenter.com\/santander\/cross-training-santander\/\" \/>\n<meta property=\"og:locale\" content=\"es_ES\" \/>\n<meta property=\"og:type\" content=\"article\" \/>\n<meta property=\"og:title\" content=\"Cross Training Santander | Sparta Sport Center\" \/>\n<meta property=\"og:description\" content=\"\u00bfEst\u00e1s buscando un gimnasio para practicar cross training en Santander? En Sparta Sport Center podemos ayudarte. \u00a1Reserva con nosotros!\" \/>\n<meta property=\"og:url\" content=\"https:\/\/spartasportcenter.com\/santander\/cross-training-santander\/\" \/>\n<meta property=\"og:site_name\" content=\"Sparta Sport Center Santander\" \/>\n<meta property=\"article:modified_time\" content=\"2025-11-06T08:37:32+00:00\" \/>\n<meta property=\"og:image\" content=\"https:\/\/spartasportcenter.com\/santander\/wp-content\/uploads\/2024\/06\/cross-training-santander.webp\" \/>\n\t<meta property=\"og:image:width\" content=\"2000\" \/>\n\t<meta property=\"og:image:height\" content=\"1333\" \/>\n\t<meta property=\"og:image:type\" content=\"image\/webp\" \/>\n<meta name=\"twitter:card\" content=\"summary_large_image\" \/>\n<meta name=\"twitter:label1\" content=\"Tiempo de lectura\" \/>\n\t<meta name=\"twitter:data1\" content=\"3 minutos\" \/>\n<script type=\"application\/ld+json\" class=\"yoast-schema-graph\">{\"@context\":\"https:\\\/\\\/schema.org\",\"@graph\":[{\"@type\":\"WebPage\",\"@id\":\"https:\\\/\\\/spartasportcenter.com\\\/santander\\\/cross-training-santander\\\/\",\"url\":\"https:\\\/\\\/spartasportcenter.com\\\/santander\\\/cross-training-santander\\\/\",\"name\":\"Cross Training Santander | Sparta Sport Center\",\"isPartOf\":{\"@id\":\"https:\\\/\\\/spartasportcenter.com\\\/santander\\\/#website\"},\"primaryImageOfPage\":{\"@id\":\"https:\\\/\\\/spartasportcenter.com\\\/santander\\\/cross-training-santander\\\/#primaryimage\"},\"image\":{\"@id\":\"https:\\\/\\\/spartasportcenter.com\\\/santander\\\/cross-training-santander\\\/#primaryimage\"},\"thumbnailUrl\":\"https:\\\/\\\/spartasportcenter.com\\\/santander\\\/wp-content\\\/uploads\\\/2024\\\/06\\\/cross-training-santander.webp\",\"datePublished\":\"2023-03-30T09:25:25+00:00\",\"dateModified\":\"2025-11-06T08:37:32+00:00\",\"description\":\"\u00bfEst\u00e1s buscando un gimnasio para practicar cross training en Santander? En Sparta Sport Center podemos ayudarte. \u00a1Reserva con nosotros!\",\"breadcrumb\":{\"@id\":\"https:\\\/\\\/spartasportcenter.com\\\/santander\\\/cross-training-santander\\\/#breadcrumb\"},\"inLanguage\":\"es\",\"potentialAction\":[{\"@type\":\"ReadAction\",\"target\":[\"https:\\\/\\\/spartasportcenter.com\\\/santander\\\/cross-training-santander\\\/\"]}]},{\"@type\":\"ImageObject\",\"inLanguage\":\"es\",\"@id\":\"https:\\\/\\\/spartasportcenter.com\\\/santander\\\/cross-training-santander\\\/#primaryimage\",\"url\":\"https:\\\/\\\/spartasportcenter.com\\\/santander\\\/wp-content\\\/uploads\\\/2024\\\/06\\\/cross-training-santander.webp\",\"contentUrl\":\"https:\\\/\\\/spartasportcenter.com\\\/santander\\\/wp-content\\\/uploads\\\/2024\\\/06\\\/cross-training-santander.webp\",\"width\":2000,\"height\":1333,\"caption\":\"cross training santander\"},{\"@type\":\"BreadcrumbList\",\"@id\":\"https:\\\/\\\/spartasportcenter.com\\\/santander\\\/cross-training-santander\\\/#breadcrumb\",\"itemListElement\":[{\"@type\":\"ListItem\",\"position\":1,\"name\":\"Portada\",\"item\":\"https:\\\/\\\/spartasportcenter.com\\\/santander\\\/\"},{\"@type\":\"ListItem\",\"position\":2,\"name\":\"Cross Training Santander\"}]},{\"@type\":\"WebSite\",\"@id\":\"https:\\\/\\\/spartasportcenter.com\\\/santander\\\/#website\",\"url\":\"https:\\\/\\\/spartasportcenter.com\\\/santander\\\/\",\"name\":\"Sparta Sport Center Santander\",\"description\":\"Gimnasios en Santander\",\"potentialAction\":[{\"@type\":\"SearchAction\",\"target\":{\"@type\":\"EntryPoint\",\"urlTemplate\":\"https:\\\/\\\/spartasportcenter.com\\\/santander\\\/?s={search_term_string}\"},\"query-input\":{\"@type\":\"PropertyValueSpecification\",\"valueRequired\":true,\"valueName\":\"search_term_string\"}}],\"inLanguage\":\"es\"}]}<\/script>\n<!-- \/ Yoast SEO plugin. -->","yoast_head_json":{"title":"Cross Training Santander | Sparta Sport Center","description":"\u00bfEst\u00e1s buscando un gimnasio para practicar cross training en Santander? En Sparta Sport Center podemos ayudarte. \u00a1Reserva con nosotros!","robots":{"index":"index","follow":"follow","max-snippet":"max-snippet:-1","max-image-preview":"max-image-preview:large","max-video-preview":"max-video-preview:-1"},"canonical":"https:\/\/spartasportcenter.com\/santander\/cross-training-santander\/","og_locale":"es_ES","og_type":"article","og_title":"Cross Training Santander | Sparta Sport Center","og_description":"\u00bfEst\u00e1s buscando un gimnasio para practicar cross training en Santander? En Sparta Sport Center podemos ayudarte. \u00a1Reserva con nosotros!","og_url":"https:\/\/spartasportcenter.com\/santander\/cross-training-santander\/","og_site_name":"Sparta Sport Center Santander","article_modified_time":"2025-11-06T08:37:32+00:00","og_image":[{"width":2000,"height":1333,"url":"https:\/\/spartasportcenter.com\/santander\/wp-content\/uploads\/2024\/06\/cross-training-santander.webp","type":"image\/webp"}],"twitter_card":"summary_large_image","twitter_misc":{"Tiempo de lectura":"3 minutos"},"schema":{"@context":"https:\/\/schema.org","@graph":[{"@type":"WebPage","@id":"https:\/\/spartasportcenter.com\/santander\/cross-training-santander\/","url":"https:\/\/spartasportcenter.com\/santander\/cross-training-santander\/","name":"Cross Training Santander | Sparta Sport Center","isPartOf":{"@id":"https:\/\/spartasportcenter.com\/santander\/#website"},"primaryImageOfPage":{"@id":"https:\/\/spartasportcenter.com\/santander\/cross-training-santander\/#primaryimage"},"image":{"@id":"https:\/\/spartasportcenter.com\/santander\/cross-training-santander\/#primaryimage"},"thumbnailUrl":"https:\/\/spartasportcenter.com\/santander\/wp-content\/uploads\/2024\/06\/cross-training-santander.webp","datePublished":"2023-03-30T09:25:25+00:00","dateModified":"2025-11-06T08:37:32+00:00","description":"\u00bfEst\u00e1s buscando un gimnasio para practicar cross training en Santander? En Sparta Sport Center podemos ayudarte. \u00a1Reserva con nosotros!","breadcrumb":{"@id":"https:\/\/spartasportcenter.com\/santander\/cross-training-santander\/#breadcrumb"},"inLanguage":"es","potentialAction":[{"@type":"ReadAction","target":["https:\/\/spartasportcenter.com\/santander\/cross-training-santander\/"]}]},{"@type":"ImageObject","inLanguage":"es","@id":"https:\/\/spartasportcenter.com\/santander\/cross-training-santander\/#primaryimage","url":"https:\/\/spartasportcenter.com\/santander\/wp-content\/uploads\/2024\/06\/cross-training-santander.webp","contentUrl":"https:\/\/spartasportcenter.com\/santander\/wp-content\/uploads\/2024\/06\/cross-training-santander.webp","width":2000,"height":1333,"caption":"cross training santander"},{"@type":"BreadcrumbList","@id":"https:\/\/spartasportcenter.com\/santander\/cross-training-santander\/#breadcrumb","itemListElement":[{"@type":"ListItem","position":1,"name":"Portada","item":"https:\/\/spartasportcenter.com\/santander\/"},{"@type":"ListItem","position":2,"name":"Cross Training Santander"}]},{"@type":"WebSite","@id":"https:\/\/spartasportcenter.com\/santander\/#website","url":"https:\/\/spartasportcenter.com\/santander\/","name":"Sparta Sport Center Santander","description":"Gimnasios en Santander","potentialAction":[{"@type":"SearchAction","target":{"@type":"EntryPoint","urlTemplate":"https:\/\/spartasportcenter.com\/santander\/?s={search_term_string}"},"query-input":{"@type":"PropertyValueSpecification","valueRequired":true,"valueName":"search_term_string"}}],"inLanguage":"es"}]}},"_links":{"self":[{"href":"https:\/\/spartasportcenter.com\/santander\/wp-json\/wp\/v2\/pages\/217625","targetHints":{"allow":["GET"]}}],"collection":[{"href":"https:\/\/spartasportcenter.com\/santander\/wp-json\/wp\/v2\/pages"}],"about":[{"href":"https:\/\/spartasportcenter.com\/santander\/wp-json\/wp\/v2\/types\/page"}],"author":[{"embeddable":true,"href":"https:\/\/spartasportcenter.com\/santander\/wp-json\/wp\/v2\/users\/1"}],"replies":[{"embeddable":true,"href":"https:\/\/spartasportcenter.com\/santander\/wp-json\/wp\/v2\/comments?post=217625"}],"version-history":[{"count":4,"href":"https:\/\/spartasportcenter.com\/santander\/wp-json\/wp\/v2\/pages\/217625\/revisions"}],"predecessor-version":[{"id":219408,"href":"https:\/\/spartasportcenter.com\/santander\/wp-json\/wp\/v2\/pages\/217625\/revisions\/219408"}],"wp:featuredmedia":[{"embeddable":true,"href":"https:\/\/spartasportcenter.com\/santander\/wp-json\/wp\/v2\/media\/218626"}],"wp:attachment":[{"href":"https:\/\/spartasportcenter.com\/santander\/wp-json\/wp\/v2\/media?parent=217625"}],"curies":[{"name":"wp","href":"https:\/\/api.w.org\/{rel}","templated":true}]}}