{"id":217614,"date":"2023-03-30T11:12:49","date_gmt":"2023-03-30T09:12:49","guid":{"rendered":"https:\/\/spartasportcenter.com\/santander\/?page_id=217614"},"modified":"2025-11-06T09:35:48","modified_gmt":"2025-11-06T08:35:48","slug":"body-balance-santander","status":"publish","type":"page","link":"https:\/\/spartasportcenter.com\/santander\/body-balance-santander\/","title":{"rendered":"Body Balance Santander"},"content":{"rendered":"<p>[et_pb_section fb_built=\u00bb1&#8243; custom_padding_last_edited=\u00bbon|phone\u00bb disabled_on=\u00bboff|off|off\u00bb _builder_version=\u00bb4.27.4&#8243; background_color=\u00bb#000000&#8243; background_enable_image=\u00bboff\u00bb custom_margin=\u00bb||||false|false\u00bb custom_padding=\u00bb80px|0px|0px|0px|false|false\u00bb custom_padding_tablet=\u00bb\u00bb custom_padding_phone=\u00bb30px||50px||false|false\u00bb hover_enabled=\u00bb0&#8243; global_colors_info=\u00bb{}\u00bb sticky_enabled=\u00bb0&#8243;][et_pb_row column_structure=\u00bb1_3,2_3&#8243; custom_padding_last_edited=\u00bbon|desktop\u00bb _builder_version=\u00bb4.16&#8243; _module_preset=\u00bbdefault\u00bb custom_padding=\u00bb0px||||false|false\u00bb custom_padding_tablet=\u00bb\u00bb custom_padding_phone=\u00bb0px||||false|false\u00bb global_colors_info=\u00bb{}\u00bb][et_pb_column type=\u00bb1_3&#8243; _builder_version=\u00bb4.16&#8243; _module_preset=\u00bbdefault\u00bb global_colors_info=\u00bb{}\u00bb][et_pb_text _builder_version=\u00bb4.20.1&#8243; text_font=\u00bb||||||||\u00bb header_font=\u00bb||||||||\u00bb header_text_align=\u00bbcenter\u00bb header_2_font=\u00bb|300||on|||||\u00bb header_2_text_align=\u00bbright\u00bb header_2_font_size=\u00bb29px\u00bb custom_margin=\u00bb||0px||false|false\u00bb custom_padding=\u00bb|15%|0px||false|false\u00bb header_2_text_align_tablet=\u00bb\u00bb header_2_text_align_phone=\u00bbleft\u00bb header_2_text_align_last_edited=\u00bbon|phone\u00bb header_2_font_size_tablet=\u00bb51px\u00bb header_2_font_size_phone=\u00bb25px\u00bb header_2_font_size_last_edited=\u00bbon|phone\u00bb border_width_right=\u00bb2px\u00bb border_color_right=\u00bb#cccccc\u00bb border_width_right_tablet=\u00bb\u00bb border_width_right_phone=\u00bb0px\u00bb border_width_right_last_edited=\u00bbon|phone\u00bb locked=\u00bboff\u00bb global_colors_info=\u00bb{}\u00bb]<\/p>\n<h2>Clases de Body Balance en Santander<\/h2>\n<p>[\/et_pb_text][\/et_pb_column][et_pb_column type=\u00bb2_3&#8243; _builder_version=\u00bb4.16&#8243; _module_preset=\u00bbdefault\u00bb global_colors_info=\u00bb{}\u00bb][et_pb_text _builder_version=\u00bb4.20.1&#8243; text_font=\u00bb|300|||||||\u00bb text_text_color=\u00bb#cccccc\u00bb text_line_height=\u00bb1.1em\u00bb header_font=\u00bb|300|||||||\u00bb header_2_font=\u00bb|300||on|||||\u00bb header_2_text_color=\u00bb#cccccc\u00bb header_2_font_size=\u00bb36px\u00bb header_2_letter_spacing=\u00bb2px\u00bb background_layout=\u00bbdark\u00bb global_colors_info=\u00bb{}\u00bb]<\/p>\n<p><span style=\"font-weight: 400;\">Ya es posible <\/span><b>hacer Body Balance en Santander<\/b><span style=\"font-weight: 400;\"> en Sparta Sport Center, un tipo de ejercicio f\u00edsico que est\u00e1 recomendado para todo el mundo con independencia de su resistencia o peso, puesto que aqu\u00ed no hay explosividad ni grandes impactos.<\/span><\/p>\n<p><span style=\"font-weight: 400;\">El Body Balance es un tipo de entrenamiento en el que impera la calma y el equilibrio, puesto que es una disciplina que nace de la mezcla de otras como el Yoga, el Taich\u00ed o el Pilates, as\u00ed que adem\u00e1s de buscar la tonificaci\u00f3n muscular, tambi\u00e9n se encamina a conseguir una relajaci\u00f3n profunda. \u00a0<\/span><\/p>\n<p><span style=\"font-weight: 400;\">A la hora de hacer Body Balance en Santander, en nuestro centro tenemos monitores y profesores cualificados. Te van a ayudar a conseguir resultados a la vez que te motivan con el fin de que ganes salud, que al final es de lo que se trata.<\/span><\/p>\n<p><b>Vas a tener todo lo necesario para hacer este deporte a tu alcance<\/b><span style=\"font-weight: 400;\">, en unas instalaciones modernas y nuevas en las que te vas a sentir muy a gusto. De esa forma, solo te vas a tener que centrar en mejorar tu bienestar, saliendo del gimnasio con una enorme sensaci\u00f3n de relajaci\u00f3n.<\/span><\/p>\n<p>[\/et_pb_text][\/et_pb_column][\/et_pb_row][et_pb_row column_structure=\u00bb1_3,2_3&#8243; custom_padding_last_edited=\u00bbon|phone\u00bb _builder_version=\u00bb4.16&#8243; _module_preset=\u00bbdefault\u00bb custom_margin=\u00bb||0px||false|false\u00bb custom_padding=\u00bb||||false|false\u00bb custom_padding_tablet=\u00bb\u00bb custom_padding_phone=\u00bb0px||0px||false|false\u00bb global_colors_info=\u00bb{}\u00bb][et_pb_column type=\u00bb1_3&#8243; _builder_version=\u00bb4.16&#8243; _module_preset=\u00bbdefault\u00bb global_colors_info=\u00bb{}\u00bb][et_pb_text _builder_version=\u00bb4.20.1&#8243; text_font=\u00bb||||||||\u00bb header_font=\u00bb||||||||\u00bb header_text_align=\u00bbcenter\u00bb header_2_font=\u00bb|300||on|||||\u00bb header_2_text_align=\u00bbright\u00bb header_2_font_size=\u00bb29px\u00bb custom_margin=\u00bb||0px||false|false\u00bb custom_padding=\u00bb|15%|0px||false|false\u00bb header_2_text_align_tablet=\u00bb\u00bb header_2_text_align_phone=\u00bbleft\u00bb header_2_text_align_last_edited=\u00bbon|phone\u00bb header_2_font_size_tablet=\u00bb51px\u00bb header_2_font_size_phone=\u00bb25px\u00bb header_2_font_size_last_edited=\u00bbon|phone\u00bb border_width_right=\u00bb2px\u00bb border_color_right=\u00bb#cccccc\u00bb border_width_right_tablet=\u00bb\u00bb border_width_right_phone=\u00bb0px\u00bb border_width_right_last_edited=\u00bbon|phone\u00bb locked=\u00bboff\u00bb global_colors_info=\u00bb{}\u00bb]<\/p>\n<h2>Beneficios del body balance en Santander<\/h2>\n<p>[\/et_pb_text][\/et_pb_column][et_pb_column type=\u00bb2_3&#8243; _builder_version=\u00bb4.16&#8243; _module_preset=\u00bbdefault\u00bb global_colors_info=\u00bb{}\u00bb][et_pb_text _builder_version=\u00bb4.20.1&#8243; text_font=\u00bb|300|||||||\u00bb text_text_color=\u00bb#cccccc\u00bb text_line_height=\u00bb1.1em\u00bb header_font=\u00bb|300|||||||\u00bb header_2_font=\u00bb|300||on|||||\u00bb header_2_text_color=\u00bb#cccccc\u00bb header_2_font_size=\u00bb36px\u00bb header_2_letter_spacing=\u00bb2px\u00bb background_layout=\u00bbdark\u00bb global_colors_info=\u00bb{}\u00bb]<\/p>\n<p><span style=\"font-weight: 400;\">Tu cuerpo est\u00e1 sometido a una gran cantidad de estr\u00e9s y ansiedad, por lo que una forma de que lo liberes es <\/span><b>mediante el Body Balance<\/b><span style=\"font-weight: 400;\">, ya que vas a practicar la respiraci\u00f3n y la concentraci\u00f3n.<\/span><\/p>\n<p><span style=\"font-weight: 400;\">Adem\u00e1s, tambi\u00e9n te vendr\u00e1 bien a la hora de eliminar esos dolores de espalda y cuello que sufres por pasar tu jornada laboral sentado, puesto que este tipo de gimnasia va muy bien para la correcci\u00f3n postural.<\/span><\/p>\n<p><span style=\"font-weight: 400;\">Los ejercicios, entre los que se incluyen los estiramientos, se hacen de manera moderada, por lo que el riesgo de lesiones es casi nulo, pero no debes enga\u00f1arte, pues se queman cientos de calor\u00edas en cada clase, las cuales pueden ser m\u00e1s intensas cuando tu nivel sea mayor.<\/span><\/p>\n<p><span style=\"font-weight: 400;\">De hecho, con el Body Balance en Santander no s\u00f3lo alcanzar\u00e1s el equilibrio entre cuerpo y mente, sino que <\/span><b>vas a adelgazar si te sobra peso<\/b><span style=\"font-weight: 400;\"> y a ganar musculatura, por lo que notar\u00e1s c\u00f3mo poco a poco tu f\u00edsico se estiliza. \u00a0<\/span><\/p>\n<p><span style=\"font-weight: 400;\">No queda un m\u00fasculo sin trabajar en las sesiones, y adem\u00e1s la mente permanece despejada durante horas, as\u00ed que no hay nada mejor si quieres librarte del estr\u00e9s de la vida diaria.<\/span><\/p>\n<p>[\/et_pb_text][\/et_pb_column][\/et_pb_row][\/et_pb_section][et_pb_section fb_built=\u00bb1&#8243; custom_padding_last_edited=\u00bbon|phone\u00bb _builder_version=\u00bb4.27.4&#8243; _module_preset=\u00bbdefault\u00bb background_color=\u00bb#000000&#8243; custom_padding=\u00bb0px||50px||false|false\u00bb custom_padding_tablet=\u00bb\u00bb custom_padding_phone=\u00bb||30px||false|false\u00bb hover_enabled=\u00bb0&#8243; global_colors_info=\u00bb{}\u00bb sticky_enabled=\u00bb0&#8243;][et_pb_row column_structure=\u00bb1_3,2_3&#8243; custom_padding_last_edited=\u00bbon|phone\u00bb _builder_version=\u00bb4.16&#8243; _module_preset=\u00bbdefault\u00bb custom_padding_tablet=\u00bb\u00bb custom_padding_phone=\u00bb0px||0px||false|false\u00bb global_colors_info=\u00bb{}\u00bb][et_pb_column type=\u00bb1_3&#8243; _builder_version=\u00bb4.16&#8243; _module_preset=\u00bbdefault\u00bb global_colors_info=\u00bb{}\u00bb][et_pb_text _builder_version=\u00bb4.20.1&#8243; text_font=\u00bb||||||||\u00bb header_font=\u00bb||||||||\u00bb header_text_align=\u00bbcenter\u00bb header_2_font=\u00bb|300||on|||||\u00bb header_2_text_align=\u00bbright\u00bb header_2_font_size=\u00bb29px\u00bb custom_margin=\u00bb||0px||false|false\u00bb custom_padding=\u00bb|15%|0px||false|false\u00bb header_2_text_align_tablet=\u00bb\u00bb header_2_text_align_phone=\u00bbleft\u00bb header_2_text_align_last_edited=\u00bbon|phone\u00bb header_2_font_size_tablet=\u00bb51px\u00bb header_2_font_size_phone=\u00bb25px\u00bb header_2_font_size_last_edited=\u00bbon|phone\u00bb border_width_right=\u00bb2px\u00bb border_color_right=\u00bb#cccccc\u00bb border_width_right_tablet=\u00bb\u00bb border_width_right_phone=\u00bb0px\u00bb border_width_right_last_edited=\u00bbon|phone\u00bb locked=\u00bboff\u00bb global_colors_info=\u00bb{}\u00bb]<\/p>\n<h2>Por qu\u00e9 body balance en Sparta Sport Center Santander<\/h2>\n<p>[\/et_pb_text][\/et_pb_column][et_pb_column type=\u00bb2_3&#8243; _builder_version=\u00bb4.16&#8243; _module_preset=\u00bbdefault\u00bb global_colors_info=\u00bb{}\u00bb][et_pb_text _builder_version=\u00bb4.20.1&#8243; text_font=\u00bb|300|||||||\u00bb text_text_color=\u00bb#cccccc\u00bb text_line_height=\u00bb1.1em\u00bb header_font=\u00bb|300|||||||\u00bb header_2_font=\u00bb|300||on|||||\u00bb header_2_text_color=\u00bb#cccccc\u00bb header_2_font_size=\u00bb36px\u00bb header_2_letter_spacing=\u00bb2px\u00bb background_layout=\u00bbdark\u00bb global_colors_info=\u00bb{}\u00bb]<\/p>\n<p><b>En Sparta Sport Center tenemos la mente puesta en ayudarte<\/b><span style=\"font-weight: 400;\"> a que siempre alcances los objetivos que te has marcado. De este modo, ponemos a tu disposici\u00f3n todo lo necesario para que t\u00fa solo te centres en hacer la actividad f\u00edsica que has elegido.<\/span><\/p>\n<p><span style=\"font-weight: 400;\">Por supuesto, vas a contar con un sistema de seguimiento personalizado, y de eso se van a encargar los profesores, que te van a ayudar en todo lo que necesites desde el primer d\u00eda.<\/span><\/p>\n<p><span style=\"font-weight: 400;\">Te esperamos, as\u00ed que ven cuando quieras a visitarnos a nuestro centro de Santander. En \u00e9l vas a poder disfrutar de una prueba gratuita de un d\u00eda para que puedas conocernos sin ning\u00fan tipo de compromiso.<\/span><\/p>\n<p>[\/et_pb_text][\/et_pb_column][\/et_pb_row][\/et_pb_section][et_pb_section fb_built=\u00bb1&#8243; admin_label=\u00bbbanner footer prueba un dia\u00bb _builder_version=\u00bb4.23.4&#8243; background_color=\u00bb#363636&#8243; background_enable_color=\u00bboff\u00bb background_image=\u00bbhttps:\/\/spartasportcenter.com\/santander\/wp-content\/uploads\/2019\/09\/instalaciones-gimnasio-sparta-sport-center-pamplona-11.jpg\u00bb background_enable_image=\u00bboff\u00bb background_blend=\u00bbmultiply\u00bb custom_margin=\u00bb||||false|false\u00bb custom_padding=\u00bb0px|0px|0|0px|false|false\u00bb top_divider_flip=\u00bbhorizontal\u00bb global_module=\u00bb206679&#8243; locked=\u00bboff\u00bb global_colors_info=\u00bb{}\u00bb][\/et_pb_section]<\/p>\n","protected":false},"excerpt":{"rendered":"<p>Clases de Body Balance en SantanderYa es posible hacer Body Balance en Santander en Sparta Sport Center, un tipo de ejercicio f\u00edsico que est\u00e1 recomendado para todo el mundo con independencia de su resistencia o peso, puesto que aqu\u00ed no hay explosividad ni grandes impactos. El Body Balance es un tipo de entrenamiento en el [&hellip;]<\/p>\n","protected":false},"author":1,"featured_media":218723,"parent":0,"menu_order":0,"comment_status":"closed","ping_status":"closed","template":"","meta":{"_et_pb_use_builder":"on","_et_pb_old_content":"","_et_gb_content_width":"","footnotes":""},"class_list":["post-217614","page","type-page","status-publish","has-post-thumbnail","hentry"],"yoast_head":"<!-- This site is optimized with the Yoast SEO plugin v27.4 - https:\/\/yoast.com\/product\/yoast-seo-wordpress\/ -->\n<title>Body Balance Santander | Sparta Sport Center<\/title>\n<meta name=\"description\" content=\"\u00bfEst\u00e1s buscando un gimnasio para practicar body balance en Santander? En Sparta Sport Center podemos ayudarte. \u00a1Reserva con nosotros!\" \/>\n<meta name=\"robots\" content=\"index, follow, max-snippet:-1, max-image-preview:large, max-video-preview:-1\" \/>\n<link rel=\"canonical\" href=\"https:\/\/spartasportcenter.com\/santander\/body-balance-santander\/\" \/>\n<meta property=\"og:locale\" content=\"es_ES\" \/>\n<meta property=\"og:type\" content=\"article\" \/>\n<meta property=\"og:title\" content=\"Body Balance Santander | Sparta Sport Center\" \/>\n<meta property=\"og:description\" content=\"\u00bfEst\u00e1s buscando un gimnasio para practicar body balance en Santander? En Sparta Sport Center podemos ayudarte. \u00a1Reserva con nosotros!\" \/>\n<meta property=\"og:url\" content=\"https:\/\/spartasportcenter.com\/santander\/body-balance-santander\/\" \/>\n<meta property=\"og:site_name\" content=\"Sparta Sport Center Santander\" \/>\n<meta property=\"article:modified_time\" content=\"2025-11-06T08:35:48+00:00\" \/>\n<meta property=\"og:image\" content=\"https:\/\/spartasportcenter.com\/santander\/wp-content\/uploads\/2024\/07\/body-balance-santander.webp\" \/>\n\t<meta property=\"og:image:width\" content=\"2000\" \/>\n\t<meta property=\"og:image:height\" content=\"1333\" \/>\n\t<meta property=\"og:image:type\" content=\"image\/webp\" \/>\n<meta name=\"twitter:card\" content=\"summary_large_image\" \/>\n<meta name=\"twitter:label1\" content=\"Tiempo de lectura\" \/>\n\t<meta name=\"twitter:data1\" content=\"3 minutos\" \/>\n<script type=\"application\/ld+json\" class=\"yoast-schema-graph\">{\"@context\":\"https:\\\/\\\/schema.org\",\"@graph\":[{\"@type\":\"WebPage\",\"@id\":\"https:\\\/\\\/spartasportcenter.com\\\/santander\\\/body-balance-santander\\\/\",\"url\":\"https:\\\/\\\/spartasportcenter.com\\\/santander\\\/body-balance-santander\\\/\",\"name\":\"Body Balance Santander | Sparta Sport Center\",\"isPartOf\":{\"@id\":\"https:\\\/\\\/spartasportcenter.com\\\/santander\\\/#website\"},\"primaryImageOfPage\":{\"@id\":\"https:\\\/\\\/spartasportcenter.com\\\/santander\\\/body-balance-santander\\\/#primaryimage\"},\"image\":{\"@id\":\"https:\\\/\\\/spartasportcenter.com\\\/santander\\\/body-balance-santander\\\/#primaryimage\"},\"thumbnailUrl\":\"https:\\\/\\\/spartasportcenter.com\\\/santander\\\/wp-content\\\/uploads\\\/2024\\\/07\\\/body-balance-santander.webp\",\"datePublished\":\"2023-03-30T09:12:49+00:00\",\"dateModified\":\"2025-11-06T08:35:48+00:00\",\"description\":\"\u00bfEst\u00e1s buscando un gimnasio para practicar body balance en Santander? En Sparta Sport Center podemos ayudarte. \u00a1Reserva con nosotros!\",\"breadcrumb\":{\"@id\":\"https:\\\/\\\/spartasportcenter.com\\\/santander\\\/body-balance-santander\\\/#breadcrumb\"},\"inLanguage\":\"es\",\"potentialAction\":[{\"@type\":\"ReadAction\",\"target\":[\"https:\\\/\\\/spartasportcenter.com\\\/santander\\\/body-balance-santander\\\/\"]}]},{\"@type\":\"ImageObject\",\"inLanguage\":\"es\",\"@id\":\"https:\\\/\\\/spartasportcenter.com\\\/santander\\\/body-balance-santander\\\/#primaryimage\",\"url\":\"https:\\\/\\\/spartasportcenter.com\\\/santander\\\/wp-content\\\/uploads\\\/2024\\\/07\\\/body-balance-santander.webp\",\"contentUrl\":\"https:\\\/\\\/spartasportcenter.com\\\/santander\\\/wp-content\\\/uploads\\\/2024\\\/07\\\/body-balance-santander.webp\",\"width\":2000,\"height\":1333,\"caption\":\"body balance santander\"},{\"@type\":\"BreadcrumbList\",\"@id\":\"https:\\\/\\\/spartasportcenter.com\\\/santander\\\/body-balance-santander\\\/#breadcrumb\",\"itemListElement\":[{\"@type\":\"ListItem\",\"position\":1,\"name\":\"Portada\",\"item\":\"https:\\\/\\\/spartasportcenter.com\\\/santander\\\/\"},{\"@type\":\"ListItem\",\"position\":2,\"name\":\"Body Balance Santander\"}]},{\"@type\":\"WebSite\",\"@id\":\"https:\\\/\\\/spartasportcenter.com\\\/santander\\\/#website\",\"url\":\"https:\\\/\\\/spartasportcenter.com\\\/santander\\\/\",\"name\":\"Sparta Sport Center Santander\",\"description\":\"Gimnasios en Santander\",\"potentialAction\":[{\"@type\":\"SearchAction\",\"target\":{\"@type\":\"EntryPoint\",\"urlTemplate\":\"https:\\\/\\\/spartasportcenter.com\\\/santander\\\/?s={search_term_string}\"},\"query-input\":{\"@type\":\"PropertyValueSpecification\",\"valueRequired\":true,\"valueName\":\"search_term_string\"}}],\"inLanguage\":\"es\"}]}<\/script>\n<!-- \/ Yoast SEO plugin. -->","yoast_head_json":{"title":"Body Balance Santander | Sparta Sport Center","description":"\u00bfEst\u00e1s buscando un gimnasio para practicar body balance en Santander? En Sparta Sport Center podemos ayudarte. \u00a1Reserva con nosotros!","robots":{"index":"index","follow":"follow","max-snippet":"max-snippet:-1","max-image-preview":"max-image-preview:large","max-video-preview":"max-video-preview:-1"},"canonical":"https:\/\/spartasportcenter.com\/santander\/body-balance-santander\/","og_locale":"es_ES","og_type":"article","og_title":"Body Balance Santander | Sparta Sport Center","og_description":"\u00bfEst\u00e1s buscando un gimnasio para practicar body balance en Santander? En Sparta Sport Center podemos ayudarte. \u00a1Reserva con nosotros!","og_url":"https:\/\/spartasportcenter.com\/santander\/body-balance-santander\/","og_site_name":"Sparta Sport Center Santander","article_modified_time":"2025-11-06T08:35:48+00:00","og_image":[{"width":2000,"height":1333,"url":"https:\/\/spartasportcenter.com\/santander\/wp-content\/uploads\/2024\/07\/body-balance-santander.webp","type":"image\/webp"}],"twitter_card":"summary_large_image","twitter_misc":{"Tiempo de lectura":"3 minutos"},"schema":{"@context":"https:\/\/schema.org","@graph":[{"@type":"WebPage","@id":"https:\/\/spartasportcenter.com\/santander\/body-balance-santander\/","url":"https:\/\/spartasportcenter.com\/santander\/body-balance-santander\/","name":"Body Balance Santander | Sparta Sport Center","isPartOf":{"@id":"https:\/\/spartasportcenter.com\/santander\/#website"},"primaryImageOfPage":{"@id":"https:\/\/spartasportcenter.com\/santander\/body-balance-santander\/#primaryimage"},"image":{"@id":"https:\/\/spartasportcenter.com\/santander\/body-balance-santander\/#primaryimage"},"thumbnailUrl":"https:\/\/spartasportcenter.com\/santander\/wp-content\/uploads\/2024\/07\/body-balance-santander.webp","datePublished":"2023-03-30T09:12:49+00:00","dateModified":"2025-11-06T08:35:48+00:00","description":"\u00bfEst\u00e1s buscando un gimnasio para practicar body balance en Santander? En Sparta Sport Center podemos ayudarte. \u00a1Reserva con nosotros!","breadcrumb":{"@id":"https:\/\/spartasportcenter.com\/santander\/body-balance-santander\/#breadcrumb"},"inLanguage":"es","potentialAction":[{"@type":"ReadAction","target":["https:\/\/spartasportcenter.com\/santander\/body-balance-santander\/"]}]},{"@type":"ImageObject","inLanguage":"es","@id":"https:\/\/spartasportcenter.com\/santander\/body-balance-santander\/#primaryimage","url":"https:\/\/spartasportcenter.com\/santander\/wp-content\/uploads\/2024\/07\/body-balance-santander.webp","contentUrl":"https:\/\/spartasportcenter.com\/santander\/wp-content\/uploads\/2024\/07\/body-balance-santander.webp","width":2000,"height":1333,"caption":"body balance santander"},{"@type":"BreadcrumbList","@id":"https:\/\/spartasportcenter.com\/santander\/body-balance-santander\/#breadcrumb","itemListElement":[{"@type":"ListItem","position":1,"name":"Portada","item":"https:\/\/spartasportcenter.com\/santander\/"},{"@type":"ListItem","position":2,"name":"Body Balance Santander"}]},{"@type":"WebSite","@id":"https:\/\/spartasportcenter.com\/santander\/#website","url":"https:\/\/spartasportcenter.com\/santander\/","name":"Sparta Sport Center Santander","description":"Gimnasios en Santander","potentialAction":[{"@type":"SearchAction","target":{"@type":"EntryPoint","urlTemplate":"https:\/\/spartasportcenter.com\/santander\/?s={search_term_string}"},"query-input":{"@type":"PropertyValueSpecification","valueRequired":true,"valueName":"search_term_string"}}],"inLanguage":"es"}]}},"_links":{"self":[{"href":"https:\/\/spartasportcenter.com\/santander\/wp-json\/wp\/v2\/pages\/217614","targetHints":{"allow":["GET"]}}],"collection":[{"href":"https:\/\/spartasportcenter.com\/santander\/wp-json\/wp\/v2\/pages"}],"about":[{"href":"https:\/\/spartasportcenter.com\/santander\/wp-json\/wp\/v2\/types\/page"}],"author":[{"embeddable":true,"href":"https:\/\/spartasportcenter.com\/santander\/wp-json\/wp\/v2\/users\/1"}],"replies":[{"embeddable":true,"href":"https:\/\/spartasportcenter.com\/santander\/wp-json\/wp\/v2\/comments?post=217614"}],"version-history":[{"count":6,"href":"https:\/\/spartasportcenter.com\/santander\/wp-json\/wp\/v2\/pages\/217614\/revisions"}],"predecessor-version":[{"id":219404,"href":"https:\/\/spartasportcenter.com\/santander\/wp-json\/wp\/v2\/pages\/217614\/revisions\/219404"}],"wp:featuredmedia":[{"embeddable":true,"href":"https:\/\/spartasportcenter.com\/santander\/wp-json\/wp\/v2\/media\/218723"}],"wp:attachment":[{"href":"https:\/\/spartasportcenter.com\/santander\/wp-json\/wp\/v2\/media?parent=217614"}],"curies":[{"name":"wp","href":"https:\/\/api.w.org\/{rel}","templated":true}]}}