{"id":206567,"date":"2018-08-20T16:00:32","date_gmt":"2018-08-20T16:00:32","guid":{"rendered":"https:\/\/pamplona.spartasportcenter.com\/?page_id=206567"},"modified":"2025-11-06T09:44:04","modified_gmt":"2025-11-06T08:44:04","slug":"kick-boxing-santander","status":"publish","type":"page","link":"https:\/\/spartasportcenter.com\/santander\/kick-boxing-santander\/","title":{"rendered":"Kick Boxing Santander"},"content":{"rendered":"<p>[et_pb_section fb_built=\u00bb1&#8243; custom_padding_last_edited=\u00bbon|phone\u00bb disabled_on=\u00bboff|off|off\u00bb _builder_version=\u00bb4.27.4&#8243; background_color=\u00bb#000000&#8243; background_enable_image=\u00bboff\u00bb custom_margin=\u00bb||||false|false\u00bb custom_padding=\u00bb80px|0px|0px|0px|false|false\u00bb custom_padding_tablet=\u00bb\u00bb custom_padding_phone=\u00bb30px||50px||false|false\u00bb hover_enabled=\u00bb0&#8243; global_colors_info=\u00bb{}\u00bb sticky_enabled=\u00bb0&#8243;][et_pb_row column_structure=\u00bb1_3,2_3&#8243; custom_padding_last_edited=\u00bbon|desktop\u00bb _builder_version=\u00bb4.16&#8243; _module_preset=\u00bbdefault\u00bb custom_padding=\u00bb0px||||false|false\u00bb custom_padding_tablet=\u00bb\u00bb custom_padding_phone=\u00bb0px||||false|false\u00bb global_colors_info=\u00bb{}\u00bb][et_pb_column type=\u00bb1_3&#8243; _builder_version=\u00bb4.16&#8243; _module_preset=\u00bbdefault\u00bb global_colors_info=\u00bb{}\u00bb][et_pb_text _builder_version=\u00bb4.16&#8243; text_font=\u00bb||||||||\u00bb header_font=\u00bb||||||||\u00bb header_text_align=\u00bbcenter\u00bb header_2_font=\u00bb|300||on|||||\u00bb header_2_text_align=\u00bbright\u00bb header_2_font_size=\u00bb29px\u00bb custom_margin=\u00bb||0px||false|false\u00bb custom_padding=\u00bb|15%|0px||false|false\u00bb header_2_text_align_tablet=\u00bb\u00bb header_2_text_align_phone=\u00bbleft\u00bb header_2_text_align_last_edited=\u00bbon|phone\u00bb header_2_font_size_tablet=\u00bb51px\u00bb header_2_font_size_phone=\u00bb25px\u00bb header_2_font_size_last_edited=\u00bbon|phone\u00bb border_width_right=\u00bb2px\u00bb border_color_right=\u00bb#cccccc\u00bb border_width_right_tablet=\u00bb\u00bb border_width_right_phone=\u00bb0px\u00bb border_width_right_last_edited=\u00bbon|phone\u00bb locked=\u00bboff\u00bb global_colors_info=\u00bb{}\u00bb]<\/p>\n<h2>Clases de<br \/>\nkick boxing<br \/>\nen Santander<\/h2>\n<p>[\/et_pb_text][\/et_pb_column][et_pb_column type=\u00bb2_3&#8243; _builder_version=\u00bb4.16&#8243; _module_preset=\u00bbdefault\u00bb global_colors_info=\u00bb{}\u00bb][et_pb_text _builder_version=\u00bb4.16&#8243; text_font=\u00bb|300|||||||\u00bb text_text_color=\u00bb#cccccc\u00bb text_line_height=\u00bb1.1em\u00bb header_font=\u00bb|300|||||||\u00bb header_2_font=\u00bb|300||on|||||\u00bb header_2_text_color=\u00bb#cccccc\u00bb header_2_font_size=\u00bb36px\u00bb header_2_letter_spacing=\u00bb2px\u00bb background_layout=\u00bbdark\u00bb global_colors_info=\u00bb{}\u00bb]<\/p>\n<div class=\"et_pb_module et_pb_text et_pb_text_1  et_pb_text_align_justified et_pb_bg_layout_light\">\n<div class=\"et_pb_text_inner\">\n<p><span>Si eres de esas personas que aman el trabajo duro, entonces debes formar parte de nuestras clases de\u00a0<\/span><b>kick boxing en Santander<\/b><span>. Ponte a prueba y ve de qu\u00e9 est\u00e1s hecho con la pr\u00e1ctica de este deporte de contacto. Esta es la a\u00f1adidura que necesitas para definir tus m\u00fasculos y aumentar la resistencia o coordinaci\u00f3n. Esta pr\u00e1ctica consiste en combinar patadas y golpes de pu\u00f1o, con la finalidad de crear una \u00edntima relaci\u00f3n entre tu mente y cuerpo para lograr tus objetivos.<\/span><\/p>\n<\/div>\n<\/div>\n<p>[\/et_pb_text][et_pb_button button_text=\u00bb+\u00bb button_alignment=\u00bbcenter\u00bb module_class=\u00bbrv_button closed\u00bb _builder_version=\u00bb4.16&#8243; custom_button=\u00bbon\u00bb button_text_size=\u00bb39px\u00bb button_text_color=\u00bb#cccccc\u00bb button_border_width=\u00bb0px\u00bb button_border_radius=\u00bb0px\u00bb button_font=\u00bbOswald|700|||||||\u00bb button_use_icon=\u00bboff\u00bb custom_margin=\u00bb-40px|0px|-10px|0px|false|false\u00bb custom_margin_tablet=\u00bb\u00bb custom_margin_phone=\u00bb\u00bb custom_margin_last_edited=\u00bbon|phone\u00bb custom_padding=\u00bb0px|0px|0px|0px|true|\u00bb button_text_color_hover=\u00bbrgba(224,43,32,0.76)\u00bb button_border_color_hover=\u00bbrgba(0,0,0,0)\u00bb button_border_radius_hover=\u00bb0px\u00bb button_bg_color_hover=\u00bbrgba(0,0,0,0)\u00bb locked=\u00bboff\u00bb global_colors_info=\u00bb{}\u00bb button_text_size__hover_enabled=\u00bboff\u00bb button_one_text_size__hover_enabled=\u00bboff\u00bb button_two_text_size__hover_enabled=\u00bboff\u00bb button_text_color__hover_enabled=\u00bbon|desktop\u00bb button_text_color__hover=\u00bbrgba(255,255,255,0.5)\u00bb button_one_text_color__hover_enabled=\u00bboff\u00bb button_two_text_color__hover_enabled=\u00bboff\u00bb button_border_width__hover_enabled=\u00bboff\u00bb button_one_border_width__hover_enabled=\u00bboff\u00bb button_two_border_width__hover_enabled=\u00bboff\u00bb button_border_color__hover_enabled=\u00bbon\u00bb button_border_color__hover=\u00bbrgba(0,0,0,0)\u00bb button_one_border_color__hover_enabled=\u00bboff\u00bb button_two_border_color__hover_enabled=\u00bboff\u00bb button_border_radius__hover_enabled=\u00bbon\u00bb button_border_radius__hover=\u00bb0px\u00bb button_one_border_radius__hover_enabled=\u00bboff\u00bb button_two_border_radius__hover_enabled=\u00bboff\u00bb button_letter_spacing__hover_enabled=\u00bboff\u00bb button_one_letter_spacing__hover_enabled=\u00bboff\u00bb button_two_letter_spacing__hover_enabled=\u00bboff\u00bb button_bg_color__hover_enabled=\u00bbon\u00bb button_bg_color__hover=\u00bbrgba(255,255,255,0)\u00bb button_one_bg_color__hover_enabled=\u00bboff\u00bb button_two_bg_color__hover_enabled=\u00bboff\u00bb][\/et_pb_button][et_pb_text module_id=\u00bbreveal\u00bb _builder_version=\u00bb4.16&#8243; text_font=\u00bb|300|||||||\u00bb text_text_color=\u00bb#cccccc\u00bb text_line_height=\u00bb1.1em\u00bb header_font=\u00bb|300|||||||\u00bb header_2_font=\u00bb|300||on|||||\u00bb header_2_text_color=\u00bb#cccccc\u00bb header_2_font_size=\u00bb36px\u00bb header_2_letter_spacing=\u00bb2px\u00bb background_layout=\u00bbdark\u00bb global_colors_info=\u00bb{}\u00bb]<\/p>\n<div class=\"et_pb_module et_pb_text et_pb_text_1  et_pb_text_align_justified et_pb_bg_layout_light\">\n<div class=\"et_pb_text_inner\">\n<p><span>Al igual que t\u00fa, en\u00a0<\/span><b>Sparta Sport Center Santander<\/b><span>\u00a0somos fieles a los retos. Por ello te ofrecemos un deporte en donde ser\u00e1s capaz de ganar valent\u00eda y con ella, una mejor calidad de vida. T\u00fa ser\u00e1s testigo de todos los<\/span><b><span>\u00a0<\/span>beneficios<\/b><span>\u00a0que esta pr\u00e1ctica traer\u00e1 de forma interna y externa. Ven y conoce nuestras instalaciones y a nuestro personal calificado, ambos aspectos son determinantes para un buen entrenamiento y en nuestros gimnasios te ofrecemos justo lo que mereces, un trato excelente.<\/span><\/p>\n<p><span>La familia Sparta es una\u00a0<\/span><b>comunidad solidaria<\/b><span>\u00a0en donde podr\u00e1s sentirte en compa\u00f1\u00eda constante. Nos caracteriza la humildad y la solidaridad, por ello tratamos de impartir este tipo de valores a nuestros usuarios para lograr un sal\u00f3n de clases \u00f3ptimo en el desarrollo de nuestras distintas actividades f\u00edsicas.<\/span><\/p>\n<p><span>Ya que contamos con la experiencia necesaria, los espacios adecuados y el\u00a0<\/span><b>personal calificado<\/b><span>\u00a0que te guiar\u00e1 hasta la meta, debes saber que t\u00fa no tienes nada de que preocuparte. Pon los ojos en tu objetivo y enf\u00f3cate, nosotros hacemos el resto.<\/span><\/p>\n<\/div>\n<\/div>\n<p>[\/et_pb_text][\/et_pb_column][\/et_pb_row][et_pb_row column_structure=\u00bb1_3,2_3&#8243; custom_padding_last_edited=\u00bbon|phone\u00bb _builder_version=\u00bb4.16&#8243; _module_preset=\u00bbdefault\u00bb custom_margin=\u00bb||0px||false|false\u00bb custom_padding=\u00bb||||false|false\u00bb custom_padding_tablet=\u00bb\u00bb custom_padding_phone=\u00bb0px||0px||false|false\u00bb global_colors_info=\u00bb{}\u00bb][et_pb_column type=\u00bb1_3&#8243; _builder_version=\u00bb4.16&#8243; _module_preset=\u00bbdefault\u00bb global_colors_info=\u00bb{}\u00bb][et_pb_text _builder_version=\u00bb4.16&#8243; text_font=\u00bb||||||||\u00bb header_font=\u00bb||||||||\u00bb header_text_align=\u00bbcenter\u00bb header_2_font=\u00bb|300||on|||||\u00bb header_2_text_align=\u00bbright\u00bb header_2_font_size=\u00bb29px\u00bb custom_margin=\u00bb||0px||false|false\u00bb custom_padding=\u00bb|15%|0px||false|false\u00bb header_2_text_align_tablet=\u00bb\u00bb header_2_text_align_phone=\u00bbleft\u00bb header_2_text_align_last_edited=\u00bbon|phone\u00bb header_2_font_size_tablet=\u00bb51px\u00bb header_2_font_size_phone=\u00bb25px\u00bb header_2_font_size_last_edited=\u00bbon|phone\u00bb border_width_right=\u00bb2px\u00bb border_color_right=\u00bb#cccccc\u00bb border_width_right_tablet=\u00bb\u00bb border_width_right_phone=\u00bb0px\u00bb border_width_right_last_edited=\u00bbon|phone\u00bb locked=\u00bboff\u00bb global_colors_info=\u00bb{}\u00bb]<\/p>\n<h2>Beneficios del Kick Boxing en Santander<\/h2>\n<p>[\/et_pb_text][\/et_pb_column][et_pb_column type=\u00bb2_3&#8243; _builder_version=\u00bb4.16&#8243; _module_preset=\u00bbdefault\u00bb global_colors_info=\u00bb{}\u00bb][et_pb_text _builder_version=\u00bb4.16&#8243; text_font=\u00bb|300|||||||\u00bb text_text_color=\u00bb#cccccc\u00bb text_line_height=\u00bb1.1em\u00bb header_font=\u00bb|300|||||||\u00bb header_2_font=\u00bb|300||on|||||\u00bb header_2_text_color=\u00bb#cccccc\u00bb header_2_font_size=\u00bb36px\u00bb header_2_letter_spacing=\u00bb2px\u00bb background_layout=\u00bbdark\u00bb global_colors_info=\u00bb{}\u00bb]<\/p>\n<p><span>Cuando practicas\u00a0<\/span><b>kick boxing en Santander<\/b><span>\u00a0quemas una cantidad importante de calor\u00edas. Aunque el entrenamiento es exigente se adapta a las posibilidades de cada uno de nuestros usuarios. De esta manera podr\u00e1s realizar un buen trabajo cardiovascular mientras te diviertes y aprendes la disciplina.<\/span><\/p>\n<p>[\/et_pb_text][et_pb_button button_text=\u00bb+\u00bb button_alignment=\u00bbcenter\u00bb module_class=\u00bbrv_button2 closed\u00bb _builder_version=\u00bb4.16&#8243; custom_button=\u00bbon\u00bb button_text_size=\u00bb39px\u00bb button_text_color=\u00bb#cccccc\u00bb button_border_width=\u00bb0px\u00bb button_border_radius=\u00bb0px\u00bb button_font=\u00bbOswald|700|||||||\u00bb button_use_icon=\u00bboff\u00bb custom_margin=\u00bb-40px|0px|-10px|0px|false|false\u00bb custom_margin_tablet=\u00bb\u00bb custom_margin_phone=\u00bb\u00bb custom_margin_last_edited=\u00bbon|phone\u00bb custom_padding=\u00bb0px|0px|0px|0px|true|\u00bb button_text_color_hover=\u00bbrgba(224,43,32,0.76)\u00bb button_border_color_hover=\u00bbrgba(0,0,0,0)\u00bb button_border_radius_hover=\u00bb0px\u00bb button_bg_color_hover=\u00bbrgba(0,0,0,0)\u00bb locked=\u00bboff\u00bb global_colors_info=\u00bb{}\u00bb button_text_size__hover_enabled=\u00bboff\u00bb button_one_text_size__hover_enabled=\u00bboff\u00bb button_two_text_size__hover_enabled=\u00bboff\u00bb button_text_color__hover_enabled=\u00bbon|desktop\u00bb button_text_color__hover=\u00bbrgba(255,255,255,0.5)\u00bb button_one_text_color__hover_enabled=\u00bboff\u00bb button_two_text_color__hover_enabled=\u00bboff\u00bb button_border_width__hover_enabled=\u00bboff\u00bb button_one_border_width__hover_enabled=\u00bboff\u00bb button_two_border_width__hover_enabled=\u00bboff\u00bb button_border_color__hover_enabled=\u00bbon\u00bb button_border_color__hover=\u00bbrgba(0,0,0,0)\u00bb button_one_border_color__hover_enabled=\u00bboff\u00bb button_two_border_color__hover_enabled=\u00bboff\u00bb button_border_radius__hover_enabled=\u00bbon\u00bb button_border_radius__hover=\u00bb0px\u00bb button_one_border_radius__hover_enabled=\u00bboff\u00bb button_two_border_radius__hover_enabled=\u00bboff\u00bb button_letter_spacing__hover_enabled=\u00bboff\u00bb button_one_letter_spacing__hover_enabled=\u00bboff\u00bb button_two_letter_spacing__hover_enabled=\u00bboff\u00bb button_bg_color__hover_enabled=\u00bbon\u00bb button_bg_color__hover=\u00bbrgba(255,255,255,0)\u00bb button_one_bg_color__hover_enabled=\u00bboff\u00bb button_two_bg_color__hover_enabled=\u00bboff\u00bb][\/et_pb_button][et_pb_text module_id=\u00bbreveal2&#8243; _builder_version=\u00bb4.16&#8243; text_font=\u00bb|300|||||||\u00bb text_text_color=\u00bb#cccccc\u00bb text_line_height=\u00bb1.1em\u00bb header_font=\u00bb|300|||||||\u00bb header_2_font=\u00bb|300||on|||||\u00bb header_2_text_color=\u00bb#cccccc\u00bb header_2_font_size=\u00bb36px\u00bb header_2_letter_spacing=\u00bb2px\u00bb background_layout=\u00bbdark\u00bb global_colors_info=\u00bb{}\u00bb]<span>Al ser un ejercicio que involucra todas las extremidades del cuerpo ser\u00e1s capaz de tonificar aquellas zonas que ya hab\u00edas olvidado. Tus piernas, brazos y abdomen agradecer\u00e1n la atenci\u00f3n y se esculpir\u00e1n a corto plazo para regalarte una mayor confianza en ti mismo.<\/span><\/p>\n<p><span>Sabemos que la rutina diaria por lo general se encarga de quitarnos la sonrisa. Pero al practicar en nuestras clases de\u00a0<\/span><b>kick boxing<\/b><span>\u00a0podr\u00e1s sentirte libre de cualquier estr\u00e9s ocasionado. Suelta todo y consigue esa paz o energ\u00eda que tanto necesitas.<\/span>[\/et_pb_text][\/et_pb_column][\/et_pb_row][\/et_pb_section][et_pb_section fb_built=\u00bb1&#8243; custom_padding_last_edited=\u00bbon|phone\u00bb _builder_version=\u00bb4.27.4&#8243; _module_preset=\u00bbdefault\u00bb background_color=\u00bb#000000&#8243; custom_padding=\u00bb0px||50px||false|false\u00bb custom_padding_tablet=\u00bb\u00bb custom_padding_phone=\u00bb||30px||false|false\u00bb hover_enabled=\u00bb0&#8243; global_colors_info=\u00bb{}\u00bb sticky_enabled=\u00bb0&#8243;][et_pb_row column_structure=\u00bb1_3,2_3&#8243; custom_padding_last_edited=\u00bbon|phone\u00bb _builder_version=\u00bb4.16&#8243; _module_preset=\u00bbdefault\u00bb custom_padding_tablet=\u00bb\u00bb custom_padding_phone=\u00bb0px||0px||false|false\u00bb global_colors_info=\u00bb{}\u00bb][et_pb_column type=\u00bb1_3&#8243; _builder_version=\u00bb4.16&#8243; _module_preset=\u00bbdefault\u00bb global_colors_info=\u00bb{}\u00bb][et_pb_text _builder_version=\u00bb4.16&#8243; text_font=\u00bb||||||||\u00bb header_font=\u00bb||||||||\u00bb header_text_align=\u00bbcenter\u00bb header_2_font=\u00bb|300||on|||||\u00bb header_2_text_align=\u00bbright\u00bb header_2_font_size=\u00bb29px\u00bb custom_margin=\u00bb||0px||false|false\u00bb custom_padding=\u00bb|15%|0px||false|false\u00bb header_2_text_align_tablet=\u00bb\u00bb header_2_text_align_phone=\u00bbleft\u00bb header_2_text_align_last_edited=\u00bbon|phone\u00bb header_2_font_size_tablet=\u00bb51px\u00bb header_2_font_size_phone=\u00bb25px\u00bb header_2_font_size_last_edited=\u00bbon|phone\u00bb border_width_right=\u00bb2px\u00bb border_color_right=\u00bb#cccccc\u00bb border_width_right_tablet=\u00bb\u00bb border_width_right_phone=\u00bb0px\u00bb border_width_right_last_edited=\u00bbon|phone\u00bb locked=\u00bboff\u00bb global_colors_info=\u00bb{}\u00bb]<\/p>\n<h2>Por qu\u00e9 Kick Boxing en Sparta Sport Center Santander<\/h2>\n<p>[\/et_pb_text][\/et_pb_column][et_pb_column type=\u00bb2_3&#8243; _builder_version=\u00bb4.16&#8243; _module_preset=\u00bbdefault\u00bb global_colors_info=\u00bb{}\u00bb][et_pb_text _builder_version=\u00bb4.16&#8243; text_font=\u00bb|300|||||||\u00bb text_text_color=\u00bb#cccccc\u00bb text_line_height=\u00bb1.1em\u00bb header_font=\u00bb|300|||||||\u00bb header_2_font=\u00bb|300||on|||||\u00bb header_2_text_color=\u00bb#cccccc\u00bb header_2_font_size=\u00bb36px\u00bb header_2_letter_spacing=\u00bb2px\u00bb background_layout=\u00bbdark\u00bb global_colors_info=\u00bb{}\u00bb]<span>En las instalaciones de\u00a0<\/span><b>Sparta Sport Center Santander<\/b><span>\u00a0contar\u00e1s con una atenci\u00f3n de calidad. Nuestros entrenamientos son personalizados y nos enfocamos en que cada uno de nuestros usuarios logren su cometido. Por eso llevamos un registro detallado de cada meta trazada, para mostrarte que puedes y siempre has podido.<\/span><\/p>\n<p><span>Tenemos todo lo que necesitas, ahora depende de ti. Forma parte de nuestras clases de\u00a0<\/span><b>kick boxing<\/b><span>\u00a0y reg\u00e1late un mejor estilo de vida.<\/span>[\/et_pb_text][\/et_pb_column][\/et_pb_row][\/et_pb_section][et_pb_section fb_built=\u00bb1&#8243; admin_label=\u00bbbanner footer prueba un dia\u00bb _builder_version=\u00bb4.23.4&#8243; background_color=\u00bb#363636&#8243; background_enable_color=\u00bboff\u00bb background_image=\u00bbhttps:\/\/spartasportcenter.com\/santander\/wp-content\/uploads\/2019\/09\/instalaciones-gimnasio-sparta-sport-center-pamplona-11.jpg\u00bb background_enable_image=\u00bboff\u00bb background_blend=\u00bbmultiply\u00bb custom_margin=\u00bb||||false|false\u00bb custom_padding=\u00bb0px|0px|0|0px|false|false\u00bb top_divider_flip=\u00bbhorizontal\u00bb global_module=\u00bb206679&#8243; locked=\u00bboff\u00bb global_colors_info=\u00bb{}\u00bb][\/et_pb_section]<\/p>\n","protected":false},"excerpt":{"rendered":"<p>Clases de kick boxing en Santander Si eres de esas personas que aman el trabajo duro, entonces debes formar parte de nuestras clases de\u00a0kick boxing en Santander. Ponte a prueba y ve de qu\u00e9 est\u00e1s hecho con la pr\u00e1ctica de este deporte de contacto. Esta es la a\u00f1adidura que necesitas para definir tus m\u00fasculos y [&hellip;]<\/p>\n","protected":false},"author":1,"featured_media":218629,"parent":0,"menu_order":0,"comment_status":"closed","ping_status":"closed","template":"","meta":{"_et_pb_use_builder":"on","_et_pb_old_content":"","_et_gb_content_width":"","footnotes":""},"class_list":["post-206567","page","type-page","status-publish","has-post-thumbnail","hentry"],"yoast_head":"<!-- This site is optimized with the Yoast SEO plugin v27.4 - https:\/\/yoast.com\/product\/yoast-seo-wordpress\/ -->\n<title>Kick Boxing en Santander | Sparta Sport Center<\/title>\n<meta name=\"description\" content=\"Nuestras CLASES DE KICK BOXING en Santander son impartidas por profesionales en esta disciplina y en deportes de contacto.\" \/>\n<meta name=\"robots\" content=\"index, follow, max-snippet:-1, max-image-preview:large, max-video-preview:-1\" \/>\n<link rel=\"canonical\" href=\"https:\/\/spartasportcenter.com\/santander\/kick-boxing-santander\/\" \/>\n<meta property=\"og:locale\" content=\"es_ES\" \/>\n<meta property=\"og:type\" content=\"article\" \/>\n<meta property=\"og:title\" content=\"Kick Boxing en Santander | Sparta Sport Center\" \/>\n<meta property=\"og:description\" content=\"Nuestras CLASES DE KICK BOXING en Santander son impartidas por profesionales en esta disciplina y en deportes de contacto.\" \/>\n<meta property=\"og:url\" content=\"https:\/\/spartasportcenter.com\/santander\/kick-boxing-santander\/\" \/>\n<meta property=\"og:site_name\" content=\"Sparta Sport Center Santander\" \/>\n<meta property=\"article:modified_time\" content=\"2025-11-06T08:44:04+00:00\" \/>\n<meta property=\"og:image\" content=\"https:\/\/spartasportcenter.com\/santander\/wp-content\/uploads\/2024\/06\/kick-boxing-santander.webp\" \/>\n\t<meta property=\"og:image:width\" content=\"2000\" \/>\n\t<meta property=\"og:image:height\" content=\"1333\" \/>\n\t<meta property=\"og:image:type\" content=\"image\/webp\" \/>\n<meta name=\"twitter:card\" content=\"summary_large_image\" \/>\n<meta name=\"twitter:label1\" content=\"Tiempo de lectura\" \/>\n\t<meta name=\"twitter:data1\" content=\"3 minutos\" \/>\n<script type=\"application\/ld+json\" class=\"yoast-schema-graph\">{\"@context\":\"https:\\\/\\\/schema.org\",\"@graph\":[{\"@type\":\"WebPage\",\"@id\":\"https:\\\/\\\/spartasportcenter.com\\\/santander\\\/kick-boxing-santander\\\/\",\"url\":\"https:\\\/\\\/spartasportcenter.com\\\/santander\\\/kick-boxing-santander\\\/\",\"name\":\"Kick Boxing en Santander | Sparta Sport Center\",\"isPartOf\":{\"@id\":\"https:\\\/\\\/spartasportcenter.com\\\/santander\\\/#website\"},\"primaryImageOfPage\":{\"@id\":\"https:\\\/\\\/spartasportcenter.com\\\/santander\\\/kick-boxing-santander\\\/#primaryimage\"},\"image\":{\"@id\":\"https:\\\/\\\/spartasportcenter.com\\\/santander\\\/kick-boxing-santander\\\/#primaryimage\"},\"thumbnailUrl\":\"https:\\\/\\\/spartasportcenter.com\\\/santander\\\/wp-content\\\/uploads\\\/2024\\\/06\\\/kick-boxing-santander.webp\",\"datePublished\":\"2018-08-20T16:00:32+00:00\",\"dateModified\":\"2025-11-06T08:44:04+00:00\",\"description\":\"Nuestras CLASES DE KICK BOXING en Santander son impartidas por profesionales en esta disciplina y en deportes de contacto.\",\"breadcrumb\":{\"@id\":\"https:\\\/\\\/spartasportcenter.com\\\/santander\\\/kick-boxing-santander\\\/#breadcrumb\"},\"inLanguage\":\"es\",\"potentialAction\":[{\"@type\":\"ReadAction\",\"target\":[\"https:\\\/\\\/spartasportcenter.com\\\/santander\\\/kick-boxing-santander\\\/\"]}]},{\"@type\":\"ImageObject\",\"inLanguage\":\"es\",\"@id\":\"https:\\\/\\\/spartasportcenter.com\\\/santander\\\/kick-boxing-santander\\\/#primaryimage\",\"url\":\"https:\\\/\\\/spartasportcenter.com\\\/santander\\\/wp-content\\\/uploads\\\/2024\\\/06\\\/kick-boxing-santander.webp\",\"contentUrl\":\"https:\\\/\\\/spartasportcenter.com\\\/santander\\\/wp-content\\\/uploads\\\/2024\\\/06\\\/kick-boxing-santander.webp\",\"width\":2000,\"height\":1333,\"caption\":\"kick boxing santander\"},{\"@type\":\"BreadcrumbList\",\"@id\":\"https:\\\/\\\/spartasportcenter.com\\\/santander\\\/kick-boxing-santander\\\/#breadcrumb\",\"itemListElement\":[{\"@type\":\"ListItem\",\"position\":1,\"name\":\"Portada\",\"item\":\"https:\\\/\\\/spartasportcenter.com\\\/santander\\\/\"},{\"@type\":\"ListItem\",\"position\":2,\"name\":\"Kick Boxing Santander\"}]},{\"@type\":\"WebSite\",\"@id\":\"https:\\\/\\\/spartasportcenter.com\\\/santander\\\/#website\",\"url\":\"https:\\\/\\\/spartasportcenter.com\\\/santander\\\/\",\"name\":\"Sparta Sport Center Santander\",\"description\":\"Gimnasios en Santander\",\"potentialAction\":[{\"@type\":\"SearchAction\",\"target\":{\"@type\":\"EntryPoint\",\"urlTemplate\":\"https:\\\/\\\/spartasportcenter.com\\\/santander\\\/?s={search_term_string}\"},\"query-input\":{\"@type\":\"PropertyValueSpecification\",\"valueRequired\":true,\"valueName\":\"search_term_string\"}}],\"inLanguage\":\"es\"}]}<\/script>\n<!-- \/ Yoast SEO plugin. -->","yoast_head_json":{"title":"Kick Boxing en Santander | Sparta Sport Center","description":"Nuestras CLASES DE KICK BOXING en Santander son impartidas por profesionales en esta disciplina y en deportes de contacto.","robots":{"index":"index","follow":"follow","max-snippet":"max-snippet:-1","max-image-preview":"max-image-preview:large","max-video-preview":"max-video-preview:-1"},"canonical":"https:\/\/spartasportcenter.com\/santander\/kick-boxing-santander\/","og_locale":"es_ES","og_type":"article","og_title":"Kick Boxing en Santander | Sparta Sport Center","og_description":"Nuestras CLASES DE KICK BOXING en Santander son impartidas por profesionales en esta disciplina y en deportes de contacto.","og_url":"https:\/\/spartasportcenter.com\/santander\/kick-boxing-santander\/","og_site_name":"Sparta Sport Center Santander","article_modified_time":"2025-11-06T08:44:04+00:00","og_image":[{"width":2000,"height":1333,"url":"https:\/\/spartasportcenter.com\/santander\/wp-content\/uploads\/2024\/06\/kick-boxing-santander.webp","type":"image\/webp"}],"twitter_card":"summary_large_image","twitter_misc":{"Tiempo de lectura":"3 minutos"},"schema":{"@context":"https:\/\/schema.org","@graph":[{"@type":"WebPage","@id":"https:\/\/spartasportcenter.com\/santander\/kick-boxing-santander\/","url":"https:\/\/spartasportcenter.com\/santander\/kick-boxing-santander\/","name":"Kick Boxing en Santander | Sparta Sport Center","isPartOf":{"@id":"https:\/\/spartasportcenter.com\/santander\/#website"},"primaryImageOfPage":{"@id":"https:\/\/spartasportcenter.com\/santander\/kick-boxing-santander\/#primaryimage"},"image":{"@id":"https:\/\/spartasportcenter.com\/santander\/kick-boxing-santander\/#primaryimage"},"thumbnailUrl":"https:\/\/spartasportcenter.com\/santander\/wp-content\/uploads\/2024\/06\/kick-boxing-santander.webp","datePublished":"2018-08-20T16:00:32+00:00","dateModified":"2025-11-06T08:44:04+00:00","description":"Nuestras CLASES DE KICK BOXING en Santander son impartidas por profesionales en esta disciplina y en deportes de contacto.","breadcrumb":{"@id":"https:\/\/spartasportcenter.com\/santander\/kick-boxing-santander\/#breadcrumb"},"inLanguage":"es","potentialAction":[{"@type":"ReadAction","target":["https:\/\/spartasportcenter.com\/santander\/kick-boxing-santander\/"]}]},{"@type":"ImageObject","inLanguage":"es","@id":"https:\/\/spartasportcenter.com\/santander\/kick-boxing-santander\/#primaryimage","url":"https:\/\/spartasportcenter.com\/santander\/wp-content\/uploads\/2024\/06\/kick-boxing-santander.webp","contentUrl":"https:\/\/spartasportcenter.com\/santander\/wp-content\/uploads\/2024\/06\/kick-boxing-santander.webp","width":2000,"height":1333,"caption":"kick boxing santander"},{"@type":"BreadcrumbList","@id":"https:\/\/spartasportcenter.com\/santander\/kick-boxing-santander\/#breadcrumb","itemListElement":[{"@type":"ListItem","position":1,"name":"Portada","item":"https:\/\/spartasportcenter.com\/santander\/"},{"@type":"ListItem","position":2,"name":"Kick Boxing Santander"}]},{"@type":"WebSite","@id":"https:\/\/spartasportcenter.com\/santander\/#website","url":"https:\/\/spartasportcenter.com\/santander\/","name":"Sparta Sport Center Santander","description":"Gimnasios en Santander","potentialAction":[{"@type":"SearchAction","target":{"@type":"EntryPoint","urlTemplate":"https:\/\/spartasportcenter.com\/santander\/?s={search_term_string}"},"query-input":{"@type":"PropertyValueSpecification","valueRequired":true,"valueName":"search_term_string"}}],"inLanguage":"es"}]}},"_links":{"self":[{"href":"https:\/\/spartasportcenter.com\/santander\/wp-json\/wp\/v2\/pages\/206567","targetHints":{"allow":["GET"]}}],"collection":[{"href":"https:\/\/spartasportcenter.com\/santander\/wp-json\/wp\/v2\/pages"}],"about":[{"href":"https:\/\/spartasportcenter.com\/santander\/wp-json\/wp\/v2\/types\/page"}],"author":[{"embeddable":true,"href":"https:\/\/spartasportcenter.com\/santander\/wp-json\/wp\/v2\/users\/1"}],"replies":[{"embeddable":true,"href":"https:\/\/spartasportcenter.com\/santander\/wp-json\/wp\/v2\/comments?post=206567"}],"version-history":[{"count":9,"href":"https:\/\/spartasportcenter.com\/santander\/wp-json\/wp\/v2\/pages\/206567\/revisions"}],"predecessor-version":[{"id":219424,"href":"https:\/\/spartasportcenter.com\/santander\/wp-json\/wp\/v2\/pages\/206567\/revisions\/219424"}],"wp:featuredmedia":[{"embeddable":true,"href":"https:\/\/spartasportcenter.com\/santander\/wp-json\/wp\/v2\/media\/218629"}],"wp:attachment":[{"href":"https:\/\/spartasportcenter.com\/santander\/wp-json\/wp\/v2\/media?parent=206567"}],"curies":[{"name":"wp","href":"https:\/\/api.w.org\/{rel}","templated":true}]}}