{"id":206555,"date":"2018-08-20T15:49:40","date_gmt":"2018-08-20T15:49:40","guid":{"rendered":"https:\/\/pamplona.spartasportcenter.com\/?page_id=206555"},"modified":"2025-11-06T09:36:41","modified_gmt":"2025-11-06T08:36:41","slug":"body-pump-santander","status":"publish","type":"page","link":"https:\/\/spartasportcenter.com\/santander\/body-pump-santander\/","title":{"rendered":"Body Pump Santander"},"content":{"rendered":"<p>[et_pb_section fb_built=\u00bb1&#8243; custom_padding_last_edited=\u00bbon|phone\u00bb disabled_on=\u00bboff|off|off\u00bb _builder_version=\u00bb4.27.4&#8243; background_color=\u00bb#000000&#8243; background_enable_image=\u00bboff\u00bb custom_margin=\u00bb||||false|false\u00bb custom_padding=\u00bb80px|0px|0px|0px|false|false\u00bb custom_padding_tablet=\u00bb\u00bb custom_padding_phone=\u00bb30px||50px||false|false\u00bb hover_enabled=\u00bb0&#8243; global_colors_info=\u00bb{}\u00bb sticky_enabled=\u00bb0&#8243;][et_pb_row column_structure=\u00bb1_3,2_3&#8243; custom_padding_last_edited=\u00bbon|desktop\u00bb _builder_version=\u00bb4.16&#8243; _module_preset=\u00bbdefault\u00bb custom_padding=\u00bb0px||||false|false\u00bb custom_padding_tablet=\u00bb\u00bb custom_padding_phone=\u00bb0px||||false|false\u00bb global_colors_info=\u00bb{}\u00bb][et_pb_column type=\u00bb1_3&#8243; _builder_version=\u00bb4.16&#8243; _module_preset=\u00bbdefault\u00bb global_colors_info=\u00bb{}\u00bb][et_pb_text _builder_version=\u00bb4.16&#8243; text_font=\u00bb||||||||\u00bb header_font=\u00bb||||||||\u00bb header_text_align=\u00bbcenter\u00bb header_2_font=\u00bb|300||on|||||\u00bb header_2_text_align=\u00bbright\u00bb header_2_font_size=\u00bb29px\u00bb custom_margin=\u00bb||0px||false|false\u00bb custom_padding=\u00bb|15%|0px||false|false\u00bb header_2_text_align_tablet=\u00bb\u00bb header_2_text_align_phone=\u00bbleft\u00bb header_2_text_align_last_edited=\u00bbon|phone\u00bb header_2_font_size_tablet=\u00bb51px\u00bb header_2_font_size_phone=\u00bb25px\u00bb header_2_font_size_last_edited=\u00bbon|phone\u00bb border_width_right=\u00bb2px\u00bb border_color_right=\u00bb#cccccc\u00bb border_width_right_tablet=\u00bb\u00bb border_width_right_phone=\u00bb0px\u00bb border_width_right_last_edited=\u00bbon|phone\u00bb locked=\u00bboff\u00bb global_colors_info=\u00bb{}\u00bb]<\/p>\n<h2>clases de Body Pump en Santander<\/h2>\n<p>[\/et_pb_text][\/et_pb_column][et_pb_column type=\u00bb2_3&#8243; _builder_version=\u00bb4.16&#8243; _module_preset=\u00bbdefault\u00bb global_colors_info=\u00bb{}\u00bb][et_pb_text _builder_version=\u00bb4.16&#8243; text_font=\u00bb|300|||||||\u00bb text_text_color=\u00bb#cccccc\u00bb text_line_height=\u00bb1.1em\u00bb header_font=\u00bb|300|||||||\u00bb header_2_font=\u00bb|300||on|||||\u00bb header_2_text_color=\u00bb#cccccc\u00bb header_2_font_size=\u00bb36px\u00bb header_2_letter_spacing=\u00bb2px\u00bb background_layout=\u00bbdark\u00bb global_colors_info=\u00bb{}\u00bb]<\/p>\n<p><span>Si lo que est\u00e1s buscando es la obtenci\u00f3n de un resultado r\u00e1pido y duradero, tu mejor opci\u00f3n ser\u00e1n nuestras clases de\u00a0<\/span><b>body pump en Santander<\/b><span>. Gracias a nuestros profesores matriculados podr\u00e1s optar por excelentes rutinas que te har\u00e1n lograr tus metas en corto tiempo. Todos nuestros instructores est\u00e1n capacitados para brindarle una excelente experiencia a los usuarios, por ello la atenci\u00f3n siempre ser\u00e1 personalizada.<\/span><\/p>\n<p><span>En\u00a0<\/span><b>Sparta Sport Center<\/b><span>\u00a0te acompa\u00f1amos desde el d\u00eda uno en nuestras instalaciones. En poco tiempo podr\u00e1s observar que has tomado la mejor elecci\u00f3n, pues ser\u00e1s garante de tus cambios y tendr\u00e1s un mejor estilo de vida. Cabe destacar que esta novedosa actividad deportiva es la combinaci\u00f3n de ejercicios aer\u00f3bicos con trabajo muscular. A trav\u00e9s del levantamiento de pesas y el trabajo cardiovascular, lograr\u00e1s un cambio evidente.<\/span><\/p>\n<p>[\/et_pb_text][\/et_pb_column][\/et_pb_row][et_pb_row column_structure=\u00bb1_3,2_3&#8243; custom_padding_last_edited=\u00bbon|phone\u00bb _builder_version=\u00bb4.16&#8243; _module_preset=\u00bbdefault\u00bb custom_margin=\u00bb||0px||false|false\u00bb custom_padding=\u00bb||||false|false\u00bb custom_padding_tablet=\u00bb\u00bb custom_padding_phone=\u00bb0px||0px||false|false\u00bb global_colors_info=\u00bb{}\u00bb][et_pb_column type=\u00bb1_3&#8243; _builder_version=\u00bb4.16&#8243; _module_preset=\u00bbdefault\u00bb global_colors_info=\u00bb{}\u00bb][et_pb_text _builder_version=\u00bb4.16&#8243; text_font=\u00bb||||||||\u00bb header_font=\u00bb||||||||\u00bb header_text_align=\u00bbcenter\u00bb header_2_font=\u00bb|300||on|||||\u00bb header_2_text_align=\u00bbright\u00bb header_2_font_size=\u00bb29px\u00bb custom_margin=\u00bb||0px||false|false\u00bb custom_padding=\u00bb|15%|0px||false|false\u00bb header_2_text_align_tablet=\u00bb\u00bb header_2_text_align_phone=\u00bbleft\u00bb header_2_text_align_last_edited=\u00bbon|phone\u00bb header_2_font_size_tablet=\u00bb51px\u00bb header_2_font_size_phone=\u00bb25px\u00bb header_2_font_size_last_edited=\u00bbon|phone\u00bb border_width_right=\u00bb2px\u00bb border_color_right=\u00bb#cccccc\u00bb border_width_right_tablet=\u00bb\u00bb border_width_right_phone=\u00bb0px\u00bb border_width_right_last_edited=\u00bbon|phone\u00bb locked=\u00bboff\u00bb global_colors_info=\u00bb{}\u00bb]<\/p>\n<h2>Beneficios del Body Pump en Santander<\/h2>\n<p>[\/et_pb_text][\/et_pb_column][et_pb_column type=\u00bb2_3&#8243; _builder_version=\u00bb4.16&#8243; _module_preset=\u00bbdefault\u00bb global_colors_info=\u00bb{}\u00bb][et_pb_text _builder_version=\u00bb4.16&#8243; text_font=\u00bb|300|||||||\u00bb text_text_color=\u00bb#cccccc\u00bb text_line_height=\u00bb1.1em\u00bb header_font=\u00bb|300|||||||\u00bb header_2_font=\u00bb|300||on|||||\u00bb header_2_text_color=\u00bb#cccccc\u00bb header_2_font_size=\u00bb36px\u00bb header_2_letter_spacing=\u00bb2px\u00bb background_layout=\u00bbdark\u00bb global_colors_info=\u00bb{}\u00bb]<span>Al ser una combinaci\u00f3n pura entre ejercicios aer\u00f3bicos y levantamiento de peso, la pr\u00e1ctica del\u00a0<\/span><b>body pump en Santander<\/b><span>\u00a0te har\u00e1 quemar esa grasa indeseada y aumentar\u00e1 tu masa muscular. Asimismo, trabajar\u00e1s de forma constante tu fuerza y capacidad muscular, logrando una excelente tonificaci\u00f3n del cuerpo.<\/span><\/p>\n<p><span>Por otra parte tu coraz\u00f3n estar\u00e1 acostumbrado al ejercicio y tendr\u00e1s una mejor resistencia f\u00edsica. De esta manera\u00a0<\/span><b>ganar\u00e1s m\u00e1s energ\u00eda<\/b><span>\u00a0para llevar tu cotidianidad, sin olvidar que podr\u00e1s regalarle a tu espalda una mejor postura. Este tipo de ejercicios reeducan nuestra columna y evitan cualquier molestia futura.<\/span><\/p>\n<p><span>Adem\u00e1s la combinaci\u00f3n entre el mejor espacio y una atenci\u00f3n de calidad te har\u00e1n sentirte en el lugar correcto. La trayectoria de\u00a0<\/span><b>Sparta Sport Center<\/b><span>\u00a0nos hace merecedores de un t\u00edtulo respetable y todo esto es gracias a nuestros usuarios, ellos pusieron los l\u00edmites y nosotros solo los guiamos hasta verlos cruzar la meta.<\/span>[\/et_pb_text][\/et_pb_column][\/et_pb_row][\/et_pb_section][et_pb_section fb_built=\u00bb1&#8243; custom_padding_last_edited=\u00bbon|phone\u00bb _builder_version=\u00bb4.27.4&#8243; _module_preset=\u00bbdefault\u00bb background_color=\u00bb#000000&#8243; custom_padding=\u00bb0px||50px||false|false\u00bb custom_padding_tablet=\u00bb\u00bb custom_padding_phone=\u00bb||30px||false|false\u00bb hover_enabled=\u00bb0&#8243; global_colors_info=\u00bb{}\u00bb sticky_enabled=\u00bb0&#8243;][et_pb_row column_structure=\u00bb1_3,2_3&#8243; custom_padding_last_edited=\u00bbon|phone\u00bb _builder_version=\u00bb4.16&#8243; _module_preset=\u00bbdefault\u00bb custom_padding_tablet=\u00bb\u00bb custom_padding_phone=\u00bb0px||0px||false|false\u00bb global_colors_info=\u00bb{}\u00bb][et_pb_column type=\u00bb1_3&#8243; _builder_version=\u00bb4.16&#8243; _module_preset=\u00bbdefault\u00bb global_colors_info=\u00bb{}\u00bb][et_pb_text _builder_version=\u00bb4.16&#8243; text_font=\u00bb||||||||\u00bb header_font=\u00bb||||||||\u00bb header_text_align=\u00bbcenter\u00bb header_2_font=\u00bb|300||on|||||\u00bb header_2_text_align=\u00bbright\u00bb header_2_font_size=\u00bb29px\u00bb custom_margin=\u00bb||0px||false|false\u00bb custom_padding=\u00bb|15%|0px||false|false\u00bb header_2_text_align_tablet=\u00bb\u00bb header_2_text_align_phone=\u00bbleft\u00bb header_2_text_align_last_edited=\u00bbon|phone\u00bb header_2_font_size_tablet=\u00bb51px\u00bb header_2_font_size_phone=\u00bb25px\u00bb header_2_font_size_last_edited=\u00bbon|phone\u00bb border_width_right=\u00bb2px\u00bb border_color_right=\u00bb#cccccc\u00bb border_width_right_tablet=\u00bb\u00bb border_width_right_phone=\u00bb0px\u00bb border_width_right_last_edited=\u00bbon|phone\u00bb locked=\u00bboff\u00bb global_colors_info=\u00bb{}\u00bb]<\/p>\n<h2>Por qu\u00e9 Body Pump en Sparta Sport Center Santander<\/h2>\n<p>[\/et_pb_text][\/et_pb_column][et_pb_column type=\u00bb2_3&#8243; _builder_version=\u00bb4.16&#8243; _module_preset=\u00bbdefault\u00bb global_colors_info=\u00bb{}\u00bb][et_pb_text _builder_version=\u00bb4.16&#8243; text_font=\u00bb|300|||||||\u00bb text_text_color=\u00bb#cccccc\u00bb text_line_height=\u00bb1.1em\u00bb header_font=\u00bb|300|||||||\u00bb header_2_font=\u00bb|300||on|||||\u00bb header_2_text_color=\u00bb#cccccc\u00bb header_2_font_size=\u00bb36px\u00bb header_2_letter_spacing=\u00bb2px\u00bb background_layout=\u00bbdark\u00bb global_colors_info=\u00bb{}\u00bb]<span>Lo que nos hace \u00fanicos es nuestra trayectoria y el acompa\u00f1amiento constante e individualizado que le ofrecemos a nuestros usuarios. Por esto al formar parte de nuestras\u00a0<\/span><b>clases de<\/b><span>\u00a0<\/span><b>body pump<\/b><span>\u00a0asumimos el reto contigo y realizamos la mejor rutina seg\u00fan tus necesidades, objetivos y limitaciones.<\/span><span><\/span><\/p>\n<p><span>En las instalaciones de\u00a0<\/span><b>Sparta Sport Center Santander<\/b><span>\u00a0contar\u00e1s con la mayor calidad. No solo por nuestros profesores certificados, sino tambi\u00e9n por las instalaciones y herramientas que tenemos para ti. Si est\u00e1 decidido y por fin realizaras eso que tanto pensaste, debes hacerlo de la mejor forma posible.<\/span><\/p>\n<p><span>No podemos ofrecerte menos de lo que mereces, por ello nos preocupamos en otorgarte una atenci\u00f3n personalizada llena de maquinarias \u00f3ptimas y de punta que te ayudar\u00e1n a cruzar la meta en el menor tiempo posible.<\/span><\/p>\n<p><span>Ahora que est\u00e1s aqu\u00ed, esperamos verte en nuestras clases de\u00a0<\/span><b>body pump<\/b><span>\u00a0en donde podr\u00e1s observar a corto plazo cada uno de tus logros. Esto te dar\u00e1 la confianza que necesitas y te har\u00e1 ser una persona m\u00e1s positiva y en\u00e9rgica. Tu salud no puede esperar y tu \u00edmpetud tampoco, cont\u00e1ctanos y s\u00e9 parte de la familia\u00a0<\/span><b>Sparta Sport Center.<\/b>[\/et_pb_text][\/et_pb_column][\/et_pb_row][\/et_pb_section][et_pb_section fb_built=\u00bb1&#8243; admin_label=\u00bbbanner footer prueba un dia\u00bb _builder_version=\u00bb4.23.4&#8243; background_color=\u00bb#363636&#8243; background_enable_color=\u00bboff\u00bb background_image=\u00bbhttps:\/\/spartasportcenter.com\/santander\/wp-content\/uploads\/2019\/09\/instalaciones-gimnasio-sparta-sport-center-pamplona-11.jpg\u00bb background_enable_image=\u00bboff\u00bb background_blend=\u00bbmultiply\u00bb custom_margin=\u00bb||||false|false\u00bb custom_padding=\u00bb0px|0px|0|0px|false|false\u00bb top_divider_flip=\u00bbhorizontal\u00bb global_module=\u00bb206679&#8243; locked=\u00bboff\u00bb global_colors_info=\u00bb{}\u00bb][\/et_pb_section]<\/p>\n","protected":false},"excerpt":{"rendered":"<p>clases de Body Pump en SantanderSi lo que est\u00e1s buscando es la obtenci\u00f3n de un resultado r\u00e1pido y duradero, tu mejor opci\u00f3n ser\u00e1n nuestras clases de\u00a0body pump en Santander. Gracias a nuestros profesores matriculados podr\u00e1s optar por excelentes rutinas que te har\u00e1n lograr tus metas en corto tiempo. Todos nuestros instructores est\u00e1n capacitados para brindarle [&hellip;]<\/p>\n","protected":false},"author":1,"featured_media":218624,"parent":0,"menu_order":0,"comment_status":"closed","ping_status":"closed","template":"","meta":{"_et_pb_use_builder":"on","_et_pb_old_content":"","_et_gb_content_width":"","footnotes":""},"class_list":["post-206555","page","type-page","status-publish","has-post-thumbnail","hentry"],"yoast_head":"<!-- This site is optimized with the Yoast SEO plugin v26.6 - https:\/\/yoast.com\/wordpress\/plugins\/seo\/ -->\n<title>Body Pump en Santander | Sparta Sport Center<\/title>\n<meta name=\"description\" content=\"Empieza a tonificar tu cuerpo con nuestras CLASES DE BODY PUMP DIRIGIDAS en Santander. Gana fuerza y reduce tu \u00edndice de gras corporal.\" \/>\n<meta name=\"robots\" content=\"index, follow, max-snippet:-1, max-image-preview:large, max-video-preview:-1\" \/>\n<link rel=\"canonical\" href=\"https:\/\/spartasportcenter.com\/santander\/body-pump-santander\/\" \/>\n<meta property=\"og:locale\" content=\"es_ES\" \/>\n<meta property=\"og:type\" content=\"article\" \/>\n<meta property=\"og:title\" content=\"Body Pump en Santander | Sparta Sport Center\" \/>\n<meta property=\"og:description\" content=\"Empieza a tonificar tu cuerpo con nuestras CLASES DE BODY PUMP DIRIGIDAS en Santander. Gana fuerza y reduce tu \u00edndice de gras corporal.\" \/>\n<meta property=\"og:url\" content=\"https:\/\/spartasportcenter.com\/santander\/body-pump-santander\/\" \/>\n<meta property=\"og:site_name\" content=\"Sparta Sport Center Santander\" \/>\n<meta property=\"article:modified_time\" content=\"2025-11-06T08:36:41+00:00\" \/>\n<meta property=\"og:image\" content=\"https:\/\/spartasportcenter.com\/santander\/wp-content\/uploads\/2024\/06\/body-pump-santander.webp\" \/>\n\t<meta property=\"og:image:width\" content=\"2000\" \/>\n\t<meta property=\"og:image:height\" content=\"1333\" \/>\n\t<meta property=\"og:image:type\" content=\"image\/webp\" \/>\n<meta name=\"twitter:card\" content=\"summary_large_image\" \/>\n<meta name=\"twitter:label1\" content=\"Tiempo de lectura\" \/>\n\t<meta name=\"twitter:data1\" content=\"3 minutos\" \/>\n<script type=\"application\/ld+json\" class=\"yoast-schema-graph\">{\"@context\":\"https:\/\/schema.org\",\"@graph\":[{\"@type\":\"WebPage\",\"@id\":\"https:\/\/spartasportcenter.com\/santander\/body-pump-santander\/\",\"url\":\"https:\/\/spartasportcenter.com\/santander\/body-pump-santander\/\",\"name\":\"Body Pump en Santander | Sparta Sport Center\",\"isPartOf\":{\"@id\":\"https:\/\/spartasportcenter.com\/santander\/#website\"},\"primaryImageOfPage\":{\"@id\":\"https:\/\/spartasportcenter.com\/santander\/body-pump-santander\/#primaryimage\"},\"image\":{\"@id\":\"https:\/\/spartasportcenter.com\/santander\/body-pump-santander\/#primaryimage\"},\"thumbnailUrl\":\"https:\/\/spartasportcenter.com\/santander\/wp-content\/uploads\/2024\/06\/body-pump-santander.webp\",\"datePublished\":\"2018-08-20T15:49:40+00:00\",\"dateModified\":\"2025-11-06T08:36:41+00:00\",\"description\":\"Empieza a tonificar tu cuerpo con nuestras CLASES DE BODY PUMP DIRIGIDAS en Santander. Gana fuerza y reduce tu \u00edndice de gras corporal.\",\"breadcrumb\":{\"@id\":\"https:\/\/spartasportcenter.com\/santander\/body-pump-santander\/#breadcrumb\"},\"inLanguage\":\"es\",\"potentialAction\":[{\"@type\":\"ReadAction\",\"target\":[\"https:\/\/spartasportcenter.com\/santander\/body-pump-santander\/\"]}]},{\"@type\":\"ImageObject\",\"inLanguage\":\"es\",\"@id\":\"https:\/\/spartasportcenter.com\/santander\/body-pump-santander\/#primaryimage\",\"url\":\"https:\/\/spartasportcenter.com\/santander\/wp-content\/uploads\/2024\/06\/body-pump-santander.webp\",\"contentUrl\":\"https:\/\/spartasportcenter.com\/santander\/wp-content\/uploads\/2024\/06\/body-pump-santander.webp\",\"width\":2000,\"height\":1333,\"caption\":\"body pump santander\"},{\"@type\":\"BreadcrumbList\",\"@id\":\"https:\/\/spartasportcenter.com\/santander\/body-pump-santander\/#breadcrumb\",\"itemListElement\":[{\"@type\":\"ListItem\",\"position\":1,\"name\":\"Portada\",\"item\":\"https:\/\/spartasportcenter.com\/santander\/\"},{\"@type\":\"ListItem\",\"position\":2,\"name\":\"Body Pump Santander\"}]},{\"@type\":\"WebSite\",\"@id\":\"https:\/\/spartasportcenter.com\/santander\/#website\",\"url\":\"https:\/\/spartasportcenter.com\/santander\/\",\"name\":\"Sparta Sport Center Santander\",\"description\":\"Gimnasios en Santander\",\"potentialAction\":[{\"@type\":\"SearchAction\",\"target\":{\"@type\":\"EntryPoint\",\"urlTemplate\":\"https:\/\/spartasportcenter.com\/santander\/?s={search_term_string}\"},\"query-input\":{\"@type\":\"PropertyValueSpecification\",\"valueRequired\":true,\"valueName\":\"search_term_string\"}}],\"inLanguage\":\"es\"}]}<\/script>\n<!-- \/ Yoast SEO plugin. -->","yoast_head_json":{"title":"Body Pump en Santander | Sparta Sport Center","description":"Empieza a tonificar tu cuerpo con nuestras CLASES DE BODY PUMP DIRIGIDAS en Santander. Gana fuerza y reduce tu \u00edndice de gras corporal.","robots":{"index":"index","follow":"follow","max-snippet":"max-snippet:-1","max-image-preview":"max-image-preview:large","max-video-preview":"max-video-preview:-1"},"canonical":"https:\/\/spartasportcenter.com\/santander\/body-pump-santander\/","og_locale":"es_ES","og_type":"article","og_title":"Body Pump en Santander | Sparta Sport Center","og_description":"Empieza a tonificar tu cuerpo con nuestras CLASES DE BODY PUMP DIRIGIDAS en Santander. Gana fuerza y reduce tu \u00edndice de gras corporal.","og_url":"https:\/\/spartasportcenter.com\/santander\/body-pump-santander\/","og_site_name":"Sparta Sport Center Santander","article_modified_time":"2025-11-06T08:36:41+00:00","og_image":[{"width":2000,"height":1333,"url":"https:\/\/spartasportcenter.com\/santander\/wp-content\/uploads\/2024\/06\/body-pump-santander.webp","type":"image\/webp"}],"twitter_card":"summary_large_image","twitter_misc":{"Tiempo de lectura":"3 minutos"},"schema":{"@context":"https:\/\/schema.org","@graph":[{"@type":"WebPage","@id":"https:\/\/spartasportcenter.com\/santander\/body-pump-santander\/","url":"https:\/\/spartasportcenter.com\/santander\/body-pump-santander\/","name":"Body Pump en Santander | Sparta Sport Center","isPartOf":{"@id":"https:\/\/spartasportcenter.com\/santander\/#website"},"primaryImageOfPage":{"@id":"https:\/\/spartasportcenter.com\/santander\/body-pump-santander\/#primaryimage"},"image":{"@id":"https:\/\/spartasportcenter.com\/santander\/body-pump-santander\/#primaryimage"},"thumbnailUrl":"https:\/\/spartasportcenter.com\/santander\/wp-content\/uploads\/2024\/06\/body-pump-santander.webp","datePublished":"2018-08-20T15:49:40+00:00","dateModified":"2025-11-06T08:36:41+00:00","description":"Empieza a tonificar tu cuerpo con nuestras CLASES DE BODY PUMP DIRIGIDAS en Santander. Gana fuerza y reduce tu \u00edndice de gras corporal.","breadcrumb":{"@id":"https:\/\/spartasportcenter.com\/santander\/body-pump-santander\/#breadcrumb"},"inLanguage":"es","potentialAction":[{"@type":"ReadAction","target":["https:\/\/spartasportcenter.com\/santander\/body-pump-santander\/"]}]},{"@type":"ImageObject","inLanguage":"es","@id":"https:\/\/spartasportcenter.com\/santander\/body-pump-santander\/#primaryimage","url":"https:\/\/spartasportcenter.com\/santander\/wp-content\/uploads\/2024\/06\/body-pump-santander.webp","contentUrl":"https:\/\/spartasportcenter.com\/santander\/wp-content\/uploads\/2024\/06\/body-pump-santander.webp","width":2000,"height":1333,"caption":"body pump santander"},{"@type":"BreadcrumbList","@id":"https:\/\/spartasportcenter.com\/santander\/body-pump-santander\/#breadcrumb","itemListElement":[{"@type":"ListItem","position":1,"name":"Portada","item":"https:\/\/spartasportcenter.com\/santander\/"},{"@type":"ListItem","position":2,"name":"Body Pump Santander"}]},{"@type":"WebSite","@id":"https:\/\/spartasportcenter.com\/santander\/#website","url":"https:\/\/spartasportcenter.com\/santander\/","name":"Sparta Sport Center Santander","description":"Gimnasios en Santander","potentialAction":[{"@type":"SearchAction","target":{"@type":"EntryPoint","urlTemplate":"https:\/\/spartasportcenter.com\/santander\/?s={search_term_string}"},"query-input":{"@type":"PropertyValueSpecification","valueRequired":true,"valueName":"search_term_string"}}],"inLanguage":"es"}]}},"_links":{"self":[{"href":"https:\/\/spartasportcenter.com\/santander\/wp-json\/wp\/v2\/pages\/206555","targetHints":{"allow":["GET"]}}],"collection":[{"href":"https:\/\/spartasportcenter.com\/santander\/wp-json\/wp\/v2\/pages"}],"about":[{"href":"https:\/\/spartasportcenter.com\/santander\/wp-json\/wp\/v2\/types\/page"}],"author":[{"embeddable":true,"href":"https:\/\/spartasportcenter.com\/santander\/wp-json\/wp\/v2\/users\/1"}],"replies":[{"embeddable":true,"href":"https:\/\/spartasportcenter.com\/santander\/wp-json\/wp\/v2\/comments?post=206555"}],"version-history":[{"count":8,"href":"https:\/\/spartasportcenter.com\/santander\/wp-json\/wp\/v2\/pages\/206555\/revisions"}],"predecessor-version":[{"id":219406,"href":"https:\/\/spartasportcenter.com\/santander\/wp-json\/wp\/v2\/pages\/206555\/revisions\/219406"}],"wp:featuredmedia":[{"embeddable":true,"href":"https:\/\/spartasportcenter.com\/santander\/wp-json\/wp\/v2\/media\/218624"}],"wp:attachment":[{"href":"https:\/\/spartasportcenter.com\/santander\/wp-json\/wp\/v2\/media?parent=206555"}],"curies":[{"name":"wp","href":"https:\/\/api.w.org\/{rel}","templated":true}]}}