{"id":206550,"date":"2018-08-20T15:44:57","date_gmt":"2018-08-20T15:44:57","guid":{"rendered":"https:\/\/pamplona.spartasportcenter.com\/?page_id=206550"},"modified":"2025-11-06T09:38:53","modified_gmt":"2025-11-06T08:38:53","slug":"gap-santander","status":"publish","type":"page","link":"https:\/\/spartasportcenter.com\/santander\/gap-santander\/","title":{"rendered":"GAP Santander"},"content":{"rendered":"<p>[et_pb_section fb_built=\u00bb1&#8243; custom_padding_last_edited=\u00bbon|phone\u00bb disabled_on=\u00bboff|off|off\u00bb _builder_version=\u00bb4.27.4&#8243; background_color=\u00bb#000000&#8243; background_enable_image=\u00bboff\u00bb custom_margin=\u00bb||||false|false\u00bb custom_padding=\u00bb80px|0px|0px|0px|false|false\u00bb custom_padding_tablet=\u00bb\u00bb custom_padding_phone=\u00bb30px||50px||false|false\u00bb hover_enabled=\u00bb0&#8243; global_colors_info=\u00bb{}\u00bb sticky_enabled=\u00bb0&#8243;][et_pb_row column_structure=\u00bb1_3,2_3&#8243; custom_padding_last_edited=\u00bbon|desktop\u00bb _builder_version=\u00bb4.16&#8243; _module_preset=\u00bbdefault\u00bb custom_padding=\u00bb0px||||false|false\u00bb custom_padding_tablet=\u00bb\u00bb custom_padding_phone=\u00bb0px||||false|false\u00bb global_colors_info=\u00bb{}\u00bb][et_pb_column type=\u00bb1_3&#8243; _builder_version=\u00bb4.16&#8243; _module_preset=\u00bbdefault\u00bb global_colors_info=\u00bb{}\u00bb][et_pb_text _builder_version=\u00bb4.16&#8243; text_font=\u00bb||||||||\u00bb header_font=\u00bb||||||||\u00bb header_text_align=\u00bbcenter\u00bb header_2_font=\u00bb|300||on|||||\u00bb header_2_text_align=\u00bbright\u00bb header_2_font_size=\u00bb29px\u00bb custom_margin=\u00bb||0px||false|false\u00bb custom_padding=\u00bb|15%|0px||false|false\u00bb header_2_text_align_tablet=\u00bb\u00bb header_2_text_align_phone=\u00bbleft\u00bb header_2_text_align_last_edited=\u00bbon|phone\u00bb header_2_font_size_tablet=\u00bb51px\u00bb header_2_font_size_phone=\u00bb25px\u00bb header_2_font_size_last_edited=\u00bbon|phone\u00bb border_width_right=\u00bb2px\u00bb border_color_right=\u00bb#cccccc\u00bb border_width_right_tablet=\u00bb\u00bb border_width_right_phone=\u00bb0px\u00bb border_width_right_last_edited=\u00bbon|phone\u00bb locked=\u00bboff\u00bb global_colors_info=\u00bb{}\u00bb]<\/p>\n<h2>clases de gap en Santander<\/h2>\n<p>[\/et_pb_text][\/et_pb_column][et_pb_column type=\u00bb2_3&#8243; _builder_version=\u00bb4.16&#8243; _module_preset=\u00bbdefault\u00bb global_colors_info=\u00bb{}\u00bb][et_pb_text _builder_version=\u00bb4.16&#8243; text_font=\u00bb|300|||||||\u00bb text_text_color=\u00bb#cccccc\u00bb text_line_height=\u00bb1.1em\u00bb header_font=\u00bb|300|||||||\u00bb header_2_font=\u00bb|300||on|||||\u00bb header_2_text_color=\u00bb#cccccc\u00bb header_2_font_size=\u00bb36px\u00bb header_2_letter_spacing=\u00bb2px\u00bb background_layout=\u00bbdark\u00bb global_colors_info=\u00bb{}\u00bb]<\/p>\n<p><span>Destaca los puntos fuertes de tu cuerpo con nuestras\u00a0<\/span><b>sesiones de GAP en Sparta Sport Center en Santander.<\/b><span>\u00a0El entrenamiento GAP se encarga de fortalecer tus m\u00fasculos de los abdominales, gl\u00fateos y cu\u00e1driceps, resultando en un cuerpo medio y tren inferior tonificado.<\/span><\/p>\n<p>[\/et_pb_text][et_pb_button button_text=\u00bb+\u00bb button_alignment=\u00bbcenter\u00bb module_class=\u00bbrv_button closed\u00bb _builder_version=\u00bb4.16&#8243; custom_button=\u00bbon\u00bb button_text_size=\u00bb39px\u00bb button_text_color=\u00bb#cccccc\u00bb button_border_width=\u00bb0px\u00bb button_border_radius=\u00bb0px\u00bb button_font=\u00bbOswald|700|||||||\u00bb button_use_icon=\u00bboff\u00bb custom_margin=\u00bb-40px|0px|-10px|0px|false|false\u00bb custom_margin_tablet=\u00bb\u00bb custom_margin_phone=\u00bb\u00bb custom_margin_last_edited=\u00bbon|phone\u00bb custom_padding=\u00bb0px|0px|0px|0px|true|\u00bb button_text_color_hover=\u00bbrgba(224,43,32,0.76)\u00bb button_border_color_hover=\u00bbrgba(0,0,0,0)\u00bb button_border_radius_hover=\u00bb0px\u00bb button_bg_color_hover=\u00bbrgba(0,0,0,0)\u00bb global_colors_info=\u00bb{}\u00bb button_text_size__hover_enabled=\u00bboff\u00bb button_one_text_size__hover_enabled=\u00bboff\u00bb button_two_text_size__hover_enabled=\u00bboff\u00bb button_text_color__hover_enabled=\u00bbon|desktop\u00bb button_text_color__hover=\u00bbrgba(255,255,255,0.5)\u00bb button_one_text_color__hover_enabled=\u00bboff\u00bb button_two_text_color__hover_enabled=\u00bboff\u00bb button_border_width__hover_enabled=\u00bboff\u00bb button_one_border_width__hover_enabled=\u00bboff\u00bb button_two_border_width__hover_enabled=\u00bboff\u00bb button_border_color__hover_enabled=\u00bbon\u00bb button_border_color__hover=\u00bbrgba(0,0,0,0)\u00bb button_one_border_color__hover_enabled=\u00bboff\u00bb button_two_border_color__hover_enabled=\u00bboff\u00bb button_border_radius__hover_enabled=\u00bbon\u00bb button_border_radius__hover=\u00bb0px\u00bb button_one_border_radius__hover_enabled=\u00bboff\u00bb button_two_border_radius__hover_enabled=\u00bboff\u00bb button_letter_spacing__hover_enabled=\u00bboff\u00bb button_one_letter_spacing__hover_enabled=\u00bboff\u00bb button_two_letter_spacing__hover_enabled=\u00bboff\u00bb button_bg_color__hover_enabled=\u00bbon\u00bb button_bg_color__hover=\u00bbrgba(255,255,255,0)\u00bb button_one_bg_color__hover_enabled=\u00bboff\u00bb button_two_bg_color__hover_enabled=\u00bboff\u00bb][\/et_pb_button][et_pb_text module_id=\u00bbreveal\u00bb _builder_version=\u00bb4.16&#8243; text_font=\u00bb|300|||||||\u00bb text_text_color=\u00bb#cccccc\u00bb text_line_height=\u00bb1.1em\u00bb header_font=\u00bb|300|||||||\u00bb header_2_font=\u00bb|300||on|||||\u00bb header_2_text_color=\u00bb#cccccc\u00bb header_2_font_size=\u00bb36px\u00bb header_2_letter_spacing=\u00bb2px\u00bb background_layout=\u00bbdark\u00bb global_colors_info=\u00bb{}\u00bb]<\/p>\n<p><span>En nuestro gimnasio tenemos clases de 1 hora, en la que realizamos ejercicios funcionales para aumentar la resistencia de tus m\u00fasculos inferiores y medios, con el objetivo de mejorar la postura y tu desempe\u00f1o en la vida diaria.\u00a0<\/span><\/p>\n<p><span>Este tipo de ejercicios son ideales para todo el p\u00fablico, porque tanto los atletas dedicados al running como los principiantes que quieren<\/span><b><span>\u00a0<\/span>mejorar su aptitud f\u00edsica<\/b><span>, sin cansarse al subir las escaleras, tendr\u00e1n resultados.<\/span><\/p>\n<p><span>Cada\u00a0<\/span><b>sesi\u00f3n de GAP<\/b><span>\u00a0en nuestro gimnasio de Santander est\u00e1 lleno de m\u00fasica, ejercicios con steps y funcionales. Adem\u00e1s de un instructor que se encargar\u00e1 de guiar la clase de manera en\u00e9rgica para motivar a todos los participantes a realizar sentadillas, step-ups, zancadas y planchas.<\/span><\/p>\n<p>[\/et_pb_text][\/et_pb_column][\/et_pb_row][et_pb_row column_structure=\u00bb1_3,2_3&#8243; custom_padding_last_edited=\u00bbon|phone\u00bb _builder_version=\u00bb4.16&#8243; _module_preset=\u00bbdefault\u00bb custom_margin=\u00bb||0px||false|false\u00bb custom_padding=\u00bb||||false|false\u00bb custom_padding_tablet=\u00bb\u00bb custom_padding_phone=\u00bb0px||0px||false|false\u00bb global_colors_info=\u00bb{}\u00bb][et_pb_column type=\u00bb1_3&#8243; _builder_version=\u00bb4.16&#8243; _module_preset=\u00bbdefault\u00bb global_colors_info=\u00bb{}\u00bb][et_pb_text _builder_version=\u00bb4.16&#8243; text_font=\u00bb||||||||\u00bb header_font=\u00bb||||||||\u00bb header_text_align=\u00bbcenter\u00bb header_2_font=\u00bb|300||on|||||\u00bb header_2_text_align=\u00bbright\u00bb header_2_font_size=\u00bb29px\u00bb custom_margin=\u00bb||0px||false|false\u00bb custom_padding=\u00bb|15%|0px||false|false\u00bb header_2_text_align_tablet=\u00bb\u00bb header_2_text_align_phone=\u00bbleft\u00bb header_2_text_align_last_edited=\u00bbon|phone\u00bb header_2_font_size_tablet=\u00bb51px\u00bb header_2_font_size_phone=\u00bb25px\u00bb header_2_font_size_last_edited=\u00bbon|phone\u00bb border_width_right=\u00bb2px\u00bb border_color_right=\u00bb#cccccc\u00bb border_width_right_tablet=\u00bb\u00bb border_width_right_phone=\u00bb0px\u00bb border_width_right_last_edited=\u00bbon|phone\u00bb locked=\u00bboff\u00bb global_colors_info=\u00bb{}\u00bb]<\/p>\n<h2>Beneficios<br \/>\ndel gap en Santander<\/h2>\n<p>[\/et_pb_text][\/et_pb_column][et_pb_column type=\u00bb2_3&#8243; _builder_version=\u00bb4.16&#8243; _module_preset=\u00bbdefault\u00bb global_colors_info=\u00bb{}\u00bb][et_pb_text _builder_version=\u00bb4.16&#8243; text_font=\u00bb|300|||||||\u00bb text_text_color=\u00bb#cccccc\u00bb text_line_height=\u00bb1.1em\u00bb header_font=\u00bb|300|||||||\u00bb header_2_font=\u00bb|300||on|||||\u00bb header_2_text_color=\u00bb#cccccc\u00bb header_2_font_size=\u00bb36px\u00bb header_2_letter_spacing=\u00bb2px\u00bb background_layout=\u00bbdark\u00bb global_colors_info=\u00bb{}\u00bb]<\/p>\n<p><span>Realizar el\u00a0<\/span><b>curso GAP<\/b><span>\u00a0con nosotros te da acceso a entrenamientos que duran entre 40 minutos a 1 hora. Durante este tiempo ser\u00e1s parte de una rutina de calentamiento, para luego pasar a ejercicios b\u00e1sicos combinados con el step. Luego comenzar\u00e1s a realizar ejercicios localizados y centrados \u00fanicamente en un \u00e1rea de tu cuerpo. Por ejemplo, un d\u00eda ser\u00e1n los gl\u00fateos y otro ser\u00e1n las abdominales.<\/span><\/p>\n<p>[\/et_pb_text][et_pb_button button_text=\u00bb+\u00bb button_alignment=\u00bbcenter\u00bb module_class=\u00bbrv_button2 closed\u00bb _builder_version=\u00bb4.16&#8243; custom_button=\u00bbon\u00bb button_text_size=\u00bb39px\u00bb button_text_color=\u00bb#cccccc\u00bb button_border_width=\u00bb0px\u00bb button_border_radius=\u00bb0px\u00bb button_font=\u00bbOswald|700|||||||\u00bb button_use_icon=\u00bboff\u00bb custom_margin=\u00bb-40px|0px|-10px|0px|false|false\u00bb custom_margin_tablet=\u00bb\u00bb custom_margin_phone=\u00bb\u00bb custom_margin_last_edited=\u00bbon|phone\u00bb custom_padding=\u00bb0px|0px|0px|0px|true|\u00bb button_text_color_hover=\u00bbrgba(224,43,32,0.76)\u00bb button_border_color_hover=\u00bbrgba(0,0,0,0)\u00bb button_border_radius_hover=\u00bb0px\u00bb button_bg_color_hover=\u00bbrgba(0,0,0,0)\u00bb global_colors_info=\u00bb{}\u00bb button_text_size__hover_enabled=\u00bboff\u00bb button_one_text_size__hover_enabled=\u00bboff\u00bb button_two_text_size__hover_enabled=\u00bboff\u00bb button_text_color__hover_enabled=\u00bbon|desktop\u00bb button_text_color__hover=\u00bbrgba(255,255,255,0.5)\u00bb button_one_text_color__hover_enabled=\u00bboff\u00bb button_two_text_color__hover_enabled=\u00bboff\u00bb button_border_width__hover_enabled=\u00bboff\u00bb button_one_border_width__hover_enabled=\u00bboff\u00bb button_two_border_width__hover_enabled=\u00bboff\u00bb button_border_color__hover_enabled=\u00bbon\u00bb button_border_color__hover=\u00bbrgba(0,0,0,0)\u00bb button_one_border_color__hover_enabled=\u00bboff\u00bb button_two_border_color__hover_enabled=\u00bboff\u00bb button_border_radius__hover_enabled=\u00bbon\u00bb button_border_radius__hover=\u00bb0px\u00bb button_one_border_radius__hover_enabled=\u00bboff\u00bb button_two_border_radius__hover_enabled=\u00bboff\u00bb button_letter_spacing__hover_enabled=\u00bboff\u00bb button_one_letter_spacing__hover_enabled=\u00bboff\u00bb button_two_letter_spacing__hover_enabled=\u00bboff\u00bb button_bg_color__hover_enabled=\u00bbon\u00bb button_bg_color__hover=\u00bbrgba(255,255,255,0)\u00bb button_one_bg_color__hover_enabled=\u00bboff\u00bb button_two_bg_color__hover_enabled=\u00bboff\u00bb][\/et_pb_button][et_pb_text module_id=\u00bbreveal2&#8243; _builder_version=\u00bb4.16&#8243; text_font=\u00bb|300|||||||\u00bb text_text_color=\u00bb#cccccc\u00bb text_line_height=\u00bb1.1em\u00bb header_font=\u00bb|300|||||||\u00bb header_2_font=\u00bb|300||on|||||\u00bb header_2_text_color=\u00bb#cccccc\u00bb header_2_font_size=\u00bb36px\u00bb header_2_letter_spacing=\u00bb2px\u00bb background_layout=\u00bbdark\u00bb global_colors_info=\u00bb{}\u00bb]<span>En el transcurso de la sesi\u00f3n quemar\u00e1s un aproximado de 450 k\/cal, pero gracias a que el GAP es demandante para el cuerpo,\u00a0<\/span><b>seguir\u00e1s quemando calor\u00edas<\/b><span>\u00a0incluso despu\u00e9s de tu entrenamiento.<\/span><\/p>\n<p><span>Al ejercitar los abdominales, oblicuos, dorsales, cu\u00e1driceps y especialmente los gl\u00fateos, le garantizar\u00e1s a tu cuerpo un soporte de hierro en el cual no tendr\u00e1s que utilizar los m\u00fasculos lumbares excesivamente. Permiti\u00e9ndote as\u00ed\u00a0<\/span><b>mantener una correcta postura<\/b><span>\u00a0al manejar, trabajar en un computador o estar sentado por largos periodos de tiempo.<\/span>[\/et_pb_text][\/et_pb_column][\/et_pb_row][\/et_pb_section][et_pb_section fb_built=\u00bb1&#8243; custom_padding_last_edited=\u00bbon|phone\u00bb _builder_version=\u00bb4.27.4&#8243; _module_preset=\u00bbdefault\u00bb background_color=\u00bb#000000&#8243; custom_padding=\u00bb0px||50px||false|false\u00bb custom_padding_tablet=\u00bb\u00bb custom_padding_phone=\u00bb||30px||false|false\u00bb hover_enabled=\u00bb0&#8243; global_colors_info=\u00bb{}\u00bb sticky_enabled=\u00bb0&#8243;][et_pb_row column_structure=\u00bb1_3,2_3&#8243; custom_padding_last_edited=\u00bbon|phone\u00bb _builder_version=\u00bb4.16&#8243; _module_preset=\u00bbdefault\u00bb custom_padding_tablet=\u00bb\u00bb custom_padding_phone=\u00bb0px||0px||false|false\u00bb global_colors_info=\u00bb{}\u00bb][et_pb_column type=\u00bb1_3&#8243; _builder_version=\u00bb4.16&#8243; _module_preset=\u00bbdefault\u00bb global_colors_info=\u00bb{}\u00bb][et_pb_text _builder_version=\u00bb4.16&#8243; text_font=\u00bb||||||||\u00bb header_font=\u00bb||||||||\u00bb header_text_align=\u00bbcenter\u00bb header_2_font=\u00bb|300||on|||||\u00bb header_2_text_align=\u00bbright\u00bb header_2_font_size=\u00bb29px\u00bb custom_margin=\u00bb||0px||false|false\u00bb custom_padding=\u00bb|15%|0px||false|false\u00bb header_2_text_align_tablet=\u00bb\u00bb header_2_text_align_phone=\u00bbleft\u00bb header_2_text_align_last_edited=\u00bbon|phone\u00bb header_2_font_size_tablet=\u00bb51px\u00bb header_2_font_size_phone=\u00bb25px\u00bb header_2_font_size_last_edited=\u00bbon|phone\u00bb border_width_right=\u00bb2px\u00bb border_color_right=\u00bb#cccccc\u00bb border_width_right_tablet=\u00bb\u00bb border_width_right_phone=\u00bb0px\u00bb border_width_right_last_edited=\u00bbon|phone\u00bb locked=\u00bboff\u00bb global_colors_info=\u00bb{}\u00bb]<\/p>\n<h2>Por qu\u00e9 gap en Sparta Sport Center Santander<\/h2>\n<p>[\/et_pb_text][\/et_pb_column][et_pb_column type=\u00bb2_3&#8243; _builder_version=\u00bb4.16&#8243; _module_preset=\u00bbdefault\u00bb global_colors_info=\u00bb{}\u00bb][et_pb_text _builder_version=\u00bb4.16&#8243; text_font=\u00bb|300|||||||\u00bb text_text_color=\u00bb#cccccc\u00bb text_line_height=\u00bb1.1em\u00bb header_font=\u00bb|300|||||||\u00bb header_2_font=\u00bb|300||on|||||\u00bb header_2_text_color=\u00bb#cccccc\u00bb header_2_font_size=\u00bb36px\u00bb header_2_letter_spacing=\u00bb2px\u00bb background_layout=\u00bbdark\u00bb global_colors_info=\u00bb{}\u00bb]<span>En\u00a0<\/span><b>Sparta Sport Center en Santander<\/b><span>\u00a0tenemos clases de GAP guiadas por instructores especialistas en el acondicionamiento f\u00edsico. Lo que significa que a pesar de que el entrenador est\u00e9 dirigiendo la clase, de todas maneras estar\u00e1 atento a tu avance y te dar\u00e1 las modificaciones pertinentes seg\u00fan tu nivel de resistencia f\u00edsica.<\/span><\/p>\n<p><span>Esto es lo que hace perfecta nuestras\u00a0<\/span><b>clases de GAP<span>\u00a0<\/span><\/b><span>tanto para profesionales en el deporte como para principiantes, ya que ambos desarrollan su cuerpo de manera segura, saludable y constante. Es por ello que debes contactarnos y descubrir todas las promociones que tenemos para ti.<\/span>[\/et_pb_text][\/et_pb_column][\/et_pb_row][\/et_pb_section][et_pb_section fb_built=\u00bb1&#8243; admin_label=\u00bbbanner footer prueba un dia\u00bb _builder_version=\u00bb4.23.4&#8243; background_color=\u00bb#363636&#8243; background_enable_color=\u00bboff\u00bb background_image=\u00bbhttps:\/\/spartasportcenter.com\/santander\/wp-content\/uploads\/2019\/09\/instalaciones-gimnasio-sparta-sport-center-pamplona-11.jpg\u00bb background_enable_image=\u00bboff\u00bb background_blend=\u00bbmultiply\u00bb custom_margin=\u00bb||||false|false\u00bb custom_padding=\u00bb0px|0px|0|0px|false|false\u00bb top_divider_flip=\u00bbhorizontal\u00bb global_module=\u00bb206679&#8243; locked=\u00bboff\u00bb global_colors_info=\u00bb{}\u00bb][\/et_pb_section]<\/p>\n","protected":false},"excerpt":{"rendered":"<p>clases de gap en SantanderDestaca los puntos fuertes de tu cuerpo con nuestras\u00a0sesiones de GAP en Sparta Sport Center en Santander.\u00a0El entrenamiento GAP se encarga de fortalecer tus m\u00fasculos de los abdominales, gl\u00fateos y cu\u00e1driceps, resultando en un cuerpo medio y tren inferior tonificado.En nuestro gimnasio tenemos clases de 1 hora, en la que realizamos [&hellip;]<\/p>\n","protected":false},"author":1,"featured_media":218628,"parent":0,"menu_order":0,"comment_status":"closed","ping_status":"closed","template":"","meta":{"_et_pb_use_builder":"on","_et_pb_old_content":"","_et_gb_content_width":"","footnotes":""},"class_list":["post-206550","page","type-page","status-publish","has-post-thumbnail","hentry"],"yoast_head":"<!-- This site is optimized with the Yoast SEO plugin v27.4 - https:\/\/yoast.com\/product\/yoast-seo-wordpress\/ -->\n<title>GAP en Santander - 1 D\u00cdA GRATIS | Sparta Sport Center<\/title>\n<meta name=\"description\" content=\"Maximiza tus logros con nuestras CLASES DE GAP DIRIGIDAS en Santander. Conseguir\u00e1s fortalecer, moldear y tonificar tus gl\u00fateos, piernas y abdomen.\" \/>\n<meta name=\"robots\" content=\"index, follow, max-snippet:-1, max-image-preview:large, max-video-preview:-1\" \/>\n<link rel=\"canonical\" href=\"https:\/\/spartasportcenter.com\/santander\/gap-santander\/\" \/>\n<meta property=\"og:locale\" content=\"es_ES\" \/>\n<meta property=\"og:type\" content=\"article\" \/>\n<meta property=\"og:title\" content=\"GAP en Santander - 1 D\u00cdA GRATIS | Sparta Sport Center\" \/>\n<meta property=\"og:description\" content=\"Maximiza tus logros con nuestras CLASES DE GAP DIRIGIDAS en Santander. Conseguir\u00e1s fortalecer, moldear y tonificar tus gl\u00fateos, piernas y abdomen.\" \/>\n<meta property=\"og:url\" content=\"https:\/\/spartasportcenter.com\/santander\/gap-santander\/\" \/>\n<meta property=\"og:site_name\" content=\"Sparta Sport Center Santander\" \/>\n<meta property=\"article:modified_time\" content=\"2025-11-06T08:38:53+00:00\" \/>\n<meta property=\"og:image\" content=\"https:\/\/spartasportcenter.com\/santander\/wp-content\/uploads\/2024\/06\/gap-santander.webp\" \/>\n\t<meta property=\"og:image:width\" content=\"2000\" \/>\n\t<meta property=\"og:image:height\" content=\"1333\" \/>\n\t<meta property=\"og:image:type\" content=\"image\/webp\" \/>\n<meta name=\"twitter:card\" content=\"summary_large_image\" \/>\n<meta name=\"twitter:label1\" content=\"Tiempo de lectura\" \/>\n\t<meta name=\"twitter:data1\" content=\"3 minutos\" \/>\n<script type=\"application\/ld+json\" class=\"yoast-schema-graph\">{\"@context\":\"https:\\\/\\\/schema.org\",\"@graph\":[{\"@type\":\"WebPage\",\"@id\":\"https:\\\/\\\/spartasportcenter.com\\\/santander\\\/gap-santander\\\/\",\"url\":\"https:\\\/\\\/spartasportcenter.com\\\/santander\\\/gap-santander\\\/\",\"name\":\"GAP en Santander - 1 D\u00cdA GRATIS | Sparta Sport Center\",\"isPartOf\":{\"@id\":\"https:\\\/\\\/spartasportcenter.com\\\/santander\\\/#website\"},\"primaryImageOfPage\":{\"@id\":\"https:\\\/\\\/spartasportcenter.com\\\/santander\\\/gap-santander\\\/#primaryimage\"},\"image\":{\"@id\":\"https:\\\/\\\/spartasportcenter.com\\\/santander\\\/gap-santander\\\/#primaryimage\"},\"thumbnailUrl\":\"https:\\\/\\\/spartasportcenter.com\\\/santander\\\/wp-content\\\/uploads\\\/2024\\\/06\\\/gap-santander.webp\",\"datePublished\":\"2018-08-20T15:44:57+00:00\",\"dateModified\":\"2025-11-06T08:38:53+00:00\",\"description\":\"Maximiza tus logros con nuestras CLASES DE GAP DIRIGIDAS en Santander. Conseguir\u00e1s fortalecer, moldear y tonificar tus gl\u00fateos, piernas y abdomen.\",\"breadcrumb\":{\"@id\":\"https:\\\/\\\/spartasportcenter.com\\\/santander\\\/gap-santander\\\/#breadcrumb\"},\"inLanguage\":\"es\",\"potentialAction\":[{\"@type\":\"ReadAction\",\"target\":[\"https:\\\/\\\/spartasportcenter.com\\\/santander\\\/gap-santander\\\/\"]}]},{\"@type\":\"ImageObject\",\"inLanguage\":\"es\",\"@id\":\"https:\\\/\\\/spartasportcenter.com\\\/santander\\\/gap-santander\\\/#primaryimage\",\"url\":\"https:\\\/\\\/spartasportcenter.com\\\/santander\\\/wp-content\\\/uploads\\\/2024\\\/06\\\/gap-santander.webp\",\"contentUrl\":\"https:\\\/\\\/spartasportcenter.com\\\/santander\\\/wp-content\\\/uploads\\\/2024\\\/06\\\/gap-santander.webp\",\"width\":2000,\"height\":1333,\"caption\":\"gap santander\"},{\"@type\":\"BreadcrumbList\",\"@id\":\"https:\\\/\\\/spartasportcenter.com\\\/santander\\\/gap-santander\\\/#breadcrumb\",\"itemListElement\":[{\"@type\":\"ListItem\",\"position\":1,\"name\":\"Portada\",\"item\":\"https:\\\/\\\/spartasportcenter.com\\\/santander\\\/\"},{\"@type\":\"ListItem\",\"position\":2,\"name\":\"GAP Santander\"}]},{\"@type\":\"WebSite\",\"@id\":\"https:\\\/\\\/spartasportcenter.com\\\/santander\\\/#website\",\"url\":\"https:\\\/\\\/spartasportcenter.com\\\/santander\\\/\",\"name\":\"Sparta Sport Center Santander\",\"description\":\"Gimnasios en Santander\",\"potentialAction\":[{\"@type\":\"SearchAction\",\"target\":{\"@type\":\"EntryPoint\",\"urlTemplate\":\"https:\\\/\\\/spartasportcenter.com\\\/santander\\\/?s={search_term_string}\"},\"query-input\":{\"@type\":\"PropertyValueSpecification\",\"valueRequired\":true,\"valueName\":\"search_term_string\"}}],\"inLanguage\":\"es\"}]}<\/script>\n<!-- \/ Yoast SEO plugin. -->","yoast_head_json":{"title":"GAP en Santander - 1 D\u00cdA GRATIS | Sparta Sport Center","description":"Maximiza tus logros con nuestras CLASES DE GAP DIRIGIDAS en Santander. Conseguir\u00e1s fortalecer, moldear y tonificar tus gl\u00fateos, piernas y abdomen.","robots":{"index":"index","follow":"follow","max-snippet":"max-snippet:-1","max-image-preview":"max-image-preview:large","max-video-preview":"max-video-preview:-1"},"canonical":"https:\/\/spartasportcenter.com\/santander\/gap-santander\/","og_locale":"es_ES","og_type":"article","og_title":"GAP en Santander - 1 D\u00cdA GRATIS | Sparta Sport Center","og_description":"Maximiza tus logros con nuestras CLASES DE GAP DIRIGIDAS en Santander. Conseguir\u00e1s fortalecer, moldear y tonificar tus gl\u00fateos, piernas y abdomen.","og_url":"https:\/\/spartasportcenter.com\/santander\/gap-santander\/","og_site_name":"Sparta Sport Center Santander","article_modified_time":"2025-11-06T08:38:53+00:00","og_image":[{"width":2000,"height":1333,"url":"https:\/\/spartasportcenter.com\/santander\/wp-content\/uploads\/2024\/06\/gap-santander.webp","type":"image\/webp"}],"twitter_card":"summary_large_image","twitter_misc":{"Tiempo de lectura":"3 minutos"},"schema":{"@context":"https:\/\/schema.org","@graph":[{"@type":"WebPage","@id":"https:\/\/spartasportcenter.com\/santander\/gap-santander\/","url":"https:\/\/spartasportcenter.com\/santander\/gap-santander\/","name":"GAP en Santander - 1 D\u00cdA GRATIS | Sparta Sport Center","isPartOf":{"@id":"https:\/\/spartasportcenter.com\/santander\/#website"},"primaryImageOfPage":{"@id":"https:\/\/spartasportcenter.com\/santander\/gap-santander\/#primaryimage"},"image":{"@id":"https:\/\/spartasportcenter.com\/santander\/gap-santander\/#primaryimage"},"thumbnailUrl":"https:\/\/spartasportcenter.com\/santander\/wp-content\/uploads\/2024\/06\/gap-santander.webp","datePublished":"2018-08-20T15:44:57+00:00","dateModified":"2025-11-06T08:38:53+00:00","description":"Maximiza tus logros con nuestras CLASES DE GAP DIRIGIDAS en Santander. Conseguir\u00e1s fortalecer, moldear y tonificar tus gl\u00fateos, piernas y abdomen.","breadcrumb":{"@id":"https:\/\/spartasportcenter.com\/santander\/gap-santander\/#breadcrumb"},"inLanguage":"es","potentialAction":[{"@type":"ReadAction","target":["https:\/\/spartasportcenter.com\/santander\/gap-santander\/"]}]},{"@type":"ImageObject","inLanguage":"es","@id":"https:\/\/spartasportcenter.com\/santander\/gap-santander\/#primaryimage","url":"https:\/\/spartasportcenter.com\/santander\/wp-content\/uploads\/2024\/06\/gap-santander.webp","contentUrl":"https:\/\/spartasportcenter.com\/santander\/wp-content\/uploads\/2024\/06\/gap-santander.webp","width":2000,"height":1333,"caption":"gap santander"},{"@type":"BreadcrumbList","@id":"https:\/\/spartasportcenter.com\/santander\/gap-santander\/#breadcrumb","itemListElement":[{"@type":"ListItem","position":1,"name":"Portada","item":"https:\/\/spartasportcenter.com\/santander\/"},{"@type":"ListItem","position":2,"name":"GAP Santander"}]},{"@type":"WebSite","@id":"https:\/\/spartasportcenter.com\/santander\/#website","url":"https:\/\/spartasportcenter.com\/santander\/","name":"Sparta Sport Center Santander","description":"Gimnasios en Santander","potentialAction":[{"@type":"SearchAction","target":{"@type":"EntryPoint","urlTemplate":"https:\/\/spartasportcenter.com\/santander\/?s={search_term_string}"},"query-input":{"@type":"PropertyValueSpecification","valueRequired":true,"valueName":"search_term_string"}}],"inLanguage":"es"}]}},"_links":{"self":[{"href":"https:\/\/spartasportcenter.com\/santander\/wp-json\/wp\/v2\/pages\/206550","targetHints":{"allow":["GET"]}}],"collection":[{"href":"https:\/\/spartasportcenter.com\/santander\/wp-json\/wp\/v2\/pages"}],"about":[{"href":"https:\/\/spartasportcenter.com\/santander\/wp-json\/wp\/v2\/types\/page"}],"author":[{"embeddable":true,"href":"https:\/\/spartasportcenter.com\/santander\/wp-json\/wp\/v2\/users\/1"}],"replies":[{"embeddable":true,"href":"https:\/\/spartasportcenter.com\/santander\/wp-json\/wp\/v2\/comments?post=206550"}],"version-history":[{"count":10,"href":"https:\/\/spartasportcenter.com\/santander\/wp-json\/wp\/v2\/pages\/206550\/revisions"}],"predecessor-version":[{"id":219411,"href":"https:\/\/spartasportcenter.com\/santander\/wp-json\/wp\/v2\/pages\/206550\/revisions\/219411"}],"wp:featuredmedia":[{"embeddable":true,"href":"https:\/\/spartasportcenter.com\/santander\/wp-json\/wp\/v2\/media\/218628"}],"wp:attachment":[{"href":"https:\/\/spartasportcenter.com\/santander\/wp-json\/wp\/v2\/media?parent=206550"}],"curies":[{"name":"wp","href":"https:\/\/api.w.org\/{rel}","templated":true}]}}