{"id":209780,"date":"2019-01-29T15:41:35","date_gmt":"2019-01-29T14:41:35","guid":{"rendered":"https:\/\/spartasportcenter.com\/pamplona\/?page_id=209780"},"modified":"2025-12-09T09:13:50","modified_gmt":"2025-12-09T08:13:50","slug":"nutricionista-pamplona","status":"publish","type":"page","link":"https:\/\/spartasportcenter.com\/pamplona\/nutricionista-pamplona\/","title":{"rendered":"Nutricionista Pamplona"},"content":{"rendered":"<p>[et_pb_section fb_built=\u00bb1&#8243; custom_padding_last_edited=\u00bbon|phone\u00bb disabled_on=\u00bboff|off|off\u00bb _builder_version=\u00bb4.27.5&#8243; background_color=\u00bb#000000&#8243; background_enable_image=\u00bboff\u00bb custom_margin=\u00bb||||false|false\u00bb custom_padding=\u00bb80px|0px|0px|0px|false|false\u00bb custom_padding_tablet=\u00bb\u00bb custom_padding_phone=\u00bb30px||50px||false|false\u00bb hover_enabled=\u00bb0&#8243; global_colors_info=\u00bb{}\u00bb sticky_enabled=\u00bb0&#8243;][et_pb_row column_structure=\u00bb1_3,2_3&#8243; custom_padding_last_edited=\u00bbon|desktop\u00bb _builder_version=\u00bb4.16&#8243; _module_preset=\u00bbdefault\u00bb custom_padding=\u00bb0px||||false|false\u00bb custom_padding_tablet=\u00bb\u00bb custom_padding_phone=\u00bb0px||||false|false\u00bb global_colors_info=\u00bb{}\u00bb][et_pb_column type=\u00bb1_3&#8243; _builder_version=\u00bb4.16&#8243; _module_preset=\u00bbdefault\u00bb global_colors_info=\u00bb{}\u00bb][et_pb_text _builder_version=\u00bb4.16&#8243; text_font=\u00bb||||||||\u00bb header_font=\u00bb||||||||\u00bb header_text_align=\u00bbcenter\u00bb header_2_font=\u00bb|300||on|||||\u00bb header_2_text_align=\u00bbright\u00bb header_2_font_size=\u00bb29px\u00bb custom_margin=\u00bb||0px||false|false\u00bb custom_padding=\u00bb|15%|0px||false|false\u00bb header_2_text_align_tablet=\u00bb\u00bb header_2_text_align_phone=\u00bbleft\u00bb header_2_text_align_last_edited=\u00bbon|phone\u00bb header_2_font_size_tablet=\u00bb51px\u00bb header_2_font_size_phone=\u00bb25px\u00bb header_2_font_size_last_edited=\u00bbon|phone\u00bb border_width_right=\u00bb2px\u00bb border_color_right=\u00bb#cccccc\u00bb border_width_right_tablet=\u00bb\u00bb border_width_right_phone=\u00bb0px\u00bb border_width_right_last_edited=\u00bbon|phone\u00bb locked=\u00bboff\u00bb global_colors_info=\u00bb{}\u00bb]<\/p>\n<h2>Nutricionista en Pamplona<\/h2>\n<p>[\/et_pb_text][\/et_pb_column][et_pb_column type=\u00bb2_3&#8243; _builder_version=\u00bb4.16&#8243; _module_preset=\u00bbdefault\u00bb global_colors_info=\u00bb{}\u00bb][et_pb_text _builder_version=\u00bb4.16&#8243; text_font=\u00bb|300|||||||\u00bb text_text_color=\u00bb#cccccc\u00bb text_line_height=\u00bb1.1em\u00bb header_font=\u00bb|300|||||||\u00bb header_2_font=\u00bb|300||on|||||\u00bb header_2_text_color=\u00bb#cccccc\u00bb header_2_font_size=\u00bb36px\u00bb header_2_letter_spacing=\u00bb2px\u00bb background_layout=\u00bbdark\u00bb global_colors_info=\u00bb{}\u00bb]En Sparta Sport Center contamos con <b>nutricionistas en Pamplona <\/b>que piensan en tu salud. Es por ello que te ofrecemos un programa adecuado de asesoramiento alimenticio, el cual te ayudar\u00e1 a perder peso o ganar masa muscular dependiendo de la necesidad que tengas, as\u00ed como tambi\u00e9n tratar temas espec\u00edficos de salud dedicados a obtener cambios duraderos.\u00a0<\/p>\n<p>En el momento que te comprometes a realizar las rutinas de actividad f\u00edsica, es esencial que cuentes con la gu\u00eda de <b>nutricionistas expertos,<\/b> ya que ellos dise\u00f1ar\u00e1n planes nutricionales personalizados, tales como dietas equilibradas y saludables, que permiten tener un desarrollo \u00edntegro para lograr alcanzar todos los objetivos de manera correcta.\u00a0<\/p>\n<p>Cambiar tus h\u00e1bitos alimenticios puede llegar a ser dif\u00edcil e incluso desalentador, pero trabajando de la mano con nutricionistas profesionales para planificar programas de nutrici\u00f3n y diet\u00e9tica de alta calidad y recetas deliciosas de forma saludable, podr\u00e1s disfrutar de esta nueva transici\u00f3n de manera incre\u00edble.\u00a0<\/p>\n<p>Tu cuerpo es el mejor instrumento que puedes tener y es por eso que merece la pena apostar por una buena calidad de vida, con el apoyo y motivaci\u00f3n por parte de <b>nutricionistas clasificados <\/b>podr\u00e1s tener los cambios f\u00edsicos que tanto has deseado de manera sana, asegurando tu salud y bienestar.[\/et_pb_text][\/et_pb_column][\/et_pb_row][et_pb_row column_structure=\u00bb1_3,2_3&#8243; custom_padding_last_edited=\u00bbon|phone\u00bb _builder_version=\u00bb4.16&#8243; _module_preset=\u00bbdefault\u00bb custom_margin=\u00bb||0px||false|false\u00bb custom_padding=\u00bb||||false|false\u00bb custom_padding_tablet=\u00bb\u00bb custom_padding_phone=\u00bb0px||0px||false|false\u00bb global_colors_info=\u00bb{}\u00bb][et_pb_column type=\u00bb1_3&#8243; _builder_version=\u00bb4.16&#8243; _module_preset=\u00bbdefault\u00bb global_colors_info=\u00bb{}\u00bb][et_pb_text _builder_version=\u00bb4.16&#8243; text_font=\u00bb||||||||\u00bb header_font=\u00bb||||||||\u00bb header_text_align=\u00bbcenter\u00bb header_2_font=\u00bb|300||on|||||\u00bb header_2_text_align=\u00bbright\u00bb header_2_font_size=\u00bb29px\u00bb custom_margin=\u00bb||0px||false|false\u00bb custom_padding=\u00bb|15%|0px||false|false\u00bb header_2_text_align_tablet=\u00bb\u00bb header_2_text_align_phone=\u00bbleft\u00bb header_2_text_align_last_edited=\u00bbon|phone\u00bb header_2_font_size_tablet=\u00bb51px\u00bb header_2_font_size_phone=\u00bb25px\u00bb header_2_font_size_last_edited=\u00bbon|phone\u00bb border_width_right=\u00bb2px\u00bb border_color_right=\u00bb#cccccc\u00bb border_width_right_tablet=\u00bb\u00bb border_width_right_phone=\u00bb0px\u00bb border_width_right_last_edited=\u00bbon|phone\u00bb locked=\u00bboff\u00bb global_colors_info=\u00bb{}\u00bb]<\/p>\n<h2>Planes personalizados de nutrici\u00f3n en Pamplona<\/h2>\n<p>[\/et_pb_text][\/et_pb_column][et_pb_column type=\u00bb2_3&#8243; _builder_version=\u00bb4.16&#8243; _module_preset=\u00bbdefault\u00bb global_colors_info=\u00bb{}\u00bb][et_pb_text _builder_version=\u00bb4.16&#8243; text_font=\u00bb|300|||||||\u00bb text_text_color=\u00bb#cccccc\u00bb text_line_height=\u00bb1.1em\u00bb header_font=\u00bb|300|||||||\u00bb header_2_font=\u00bb|300||on|||||\u00bb header_2_text_color=\u00bb#cccccc\u00bb header_2_font_size=\u00bb36px\u00bb header_2_letter_spacing=\u00bb2px\u00bb background_layout=\u00bbdark\u00bb global_colors_info=\u00bb{}\u00bb]Es muy com\u00fan practicar ejercicios de manera frecuente sin lograr alcanzar el objetivo deseado, muchos de estos casos se deben a que se realiza una dieta incorrecta. Es por esto que los nutricionistas profesionales de <a href=\"https:\/\/spartasportcenter.com\/pamplona\/\">Sparta Sport Center Pamplona<\/a> confeccionan excelentes <b>planes de alimentaci\u00f3n <\/b>acordes a las necesidades que mejor se adapten al cuerpo del usuario, lo que le permitir\u00e1 afrontar con mayor vitalidad y energ\u00eda cualquier rutina de entrenamiento.\u00a0<\/p>\n<p>Gracias a ello, cada d\u00eda podr\u00e1s mejorar tu rendimiento y salud. Asimismo, si cuentas con un<b> plan nutricional personalizado <\/b>por parte de nuestros dietistas, podr\u00e1s adquirir un estilo de vida saludable, mejorar tu aspecto f\u00edsico en funci\u00f3n a tus objetivos personales, e incluso prevenir enfermedades que se adquieren mediante una mala nutrici\u00f3n.\u00a0<\/p>\n<p>Con el asesoramiento de nuestros dietistas aprender\u00e1s c\u00f3mo puedes tener un estilo de vida saludable, c\u00f3mo combinar los distintos alimentos con nuevas y ricas recetas. Adem\u00e1s de saber cu\u00e1les son las cantidades correctas que tu cuerpo necesita para el avance \u00f3ptimo, hacia las metas que te has trazado.\u00a0[\/et_pb_text][\/et_pb_column][\/et_pb_row][\/et_pb_section][et_pb_section fb_built=\u00bb1&#8243; custom_padding_last_edited=\u00bbon|phone\u00bb _builder_version=\u00bb4.27.5&#8243; _module_preset=\u00bbdefault\u00bb background_color=\u00bb#000000&#8243; custom_padding=\u00bb0px||50px||false|false\u00bb custom_padding_tablet=\u00bb\u00bb custom_padding_phone=\u00bb||30px||false|false\u00bb hover_enabled=\u00bb0&#8243; global_colors_info=\u00bb{}\u00bb sticky_enabled=\u00bb0&#8243;][et_pb_row column_structure=\u00bb1_3,2_3&#8243; custom_padding_last_edited=\u00bbon|phone\u00bb _builder_version=\u00bb4.16&#8243; _module_preset=\u00bbdefault\u00bb custom_padding_tablet=\u00bb\u00bb custom_padding_phone=\u00bb0px||0px||false|false\u00bb global_colors_info=\u00bb{}\u00bb][et_pb_column type=\u00bb1_3&#8243; _builder_version=\u00bb4.16&#8243; _module_preset=\u00bbdefault\u00bb global_colors_info=\u00bb{}\u00bb][et_pb_text _builder_version=\u00bb4.16&#8243; text_font=\u00bb||||||||\u00bb header_font=\u00bb||||||||\u00bb header_text_align=\u00bbcenter\u00bb header_2_font=\u00bb|300||on|||||\u00bb header_2_text_align=\u00bbright\u00bb header_2_font_size=\u00bb29px\u00bb custom_margin=\u00bb||0px||false|false\u00bb custom_padding=\u00bb|15%|0px||false|false\u00bb header_2_text_align_tablet=\u00bb\u00bb header_2_text_align_phone=\u00bbleft\u00bb header_2_text_align_last_edited=\u00bbon|phone\u00bb header_2_font_size_tablet=\u00bb51px\u00bb header_2_font_size_phone=\u00bb25px\u00bb header_2_font_size_last_edited=\u00bbon|phone\u00bb border_width_right=\u00bb2px\u00bb border_color_right=\u00bb#cccccc\u00bb border_width_right_tablet=\u00bb\u00bb border_width_right_phone=\u00bb0px\u00bb border_width_right_last_edited=\u00bbon|phone\u00bb locked=\u00bboff\u00bb global_colors_info=\u00bb{}\u00bb]<\/p>\n<h2>Los mejores nutricionistas en Pamplona<\/h2>\n<p>[\/et_pb_text][\/et_pb_column][et_pb_column type=\u00bb2_3&#8243; _builder_version=\u00bb4.16&#8243; _module_preset=\u00bbdefault\u00bb global_colors_info=\u00bb{}\u00bb][et_pb_text _builder_version=\u00bb4.16&#8243; text_font=\u00bb|300|||||||\u00bb text_text_color=\u00bb#cccccc\u00bb text_line_height=\u00bb1.1em\u00bb header_font=\u00bb|300|||||||\u00bb header_2_font=\u00bb|300||on|||||\u00bb header_2_text_color=\u00bb#cccccc\u00bb header_2_font_size=\u00bb36px\u00bb header_2_letter_spacing=\u00bb2px\u00bb background_layout=\u00bbdark\u00bb global_colors_info=\u00bb{}\u00bb]La salud es lo m\u00e1s valioso que tenemos, por ello, no podemos ponerla en manos de cualquiera. En Sparta Sport Center Pamplona encontrar\u00e1s nutricionistas profesionales y el mejor <b>personal calificado <\/b>para implementar y planificar dietas altamente balanceadas, ya que ellos poseen el mayor conocimiento en temas relacionados con la nutrici\u00f3n, la diet\u00e9tica y la salud.<\/p>\n<p>Mediante el plan individualizado que nuestros expertos proyectan para ti, aprender\u00e1s a gozar de tus nuevos h\u00e1bitos alimenticios y empezar\u00e1s a tener una vida activa y sana, teniendo en cuenta siempre todas tus necesidades. De esta manera, alcanzar\u00e1s todas las metas que te hayas propuesto de forma correcta y segura.\u00a0<\/p>\n<p>\u00a1No esperes m\u00e1s! Acude al asesoramiento por parte de los<b> mejores nutricionistas en Pamplona,<\/b> y que Sparta Sport Center tiene para ti, ven y descubre todos los beneficios que te puede traer una buena alimentaci\u00f3n.\u00a0[\/et_pb_text][\/et_pb_column][\/et_pb_row][et_pb_row _builder_version=\u00bb4.16&#8243; custom_margin=\u00bb||5%||false|false\u00bb custom_padding=\u00bb||0px||false|false\u00bb locked=\u00bboff\u00bb global_colors_info=\u00bb{}\u00bb][et_pb_column type=\u00bb4_4&#8243; _builder_version=\u00bb4.16&#8243; global_colors_info=\u00bb{}\u00bb][et_pb_button button_url=\u00bbhttps:\/\/spartasportcenter.com\/pamplona\/wp-content\/uploads\/2024\/05\/nutricionista-en-pamplona.jpg\u00bb url_new_window=\u00bbon\u00bb button_text=\u00bbDESCARGAR PDF INFORMATIVO\u00bb button_alignment=\u00bbcenter\u00bb _builder_version=\u00bb4.24.0&#8243; custom_button=\u00bbon\u00bb button_text_color=\u00bb#cccccc\u00bb button_border_width=\u00bb1px\u00bb button_border_color=\u00bb#cccccc\u00bb button_border_radius=\u00bb0px\u00bb button_letter_spacing=\u00bb1px\u00bb button_font=\u00bb|300||on|||||\u00bb button_use_icon=\u00bboff\u00bb custom_margin=\u00bb0%|||\u00bb custom_padding=\u00bb|||\u00bb button_text_size_tablet=\u00bb\u00bb button_text_size_phone=\u00bb16px\u00bb button_text_size_last_edited=\u00bbon|phone\u00bb button_border_radius_hover=\u00bb0px\u00bb button_letter_spacing_hover=\u00bb3px\u00bb global_colors_info=\u00bb{}\u00bb button_text_size__hover_enabled=\u00bboff\u00bb button_text_size__hover=\u00bbnull\u00bb button_one_text_size__hover_enabled=\u00bboff\u00bb button_one_text_size__hover=\u00bbnull\u00bb button_two_text_size__hover_enabled=\u00bboff\u00bb button_two_text_size__hover=\u00bbnull\u00bb button_text_color__hover_enabled=\u00bbon|hover\u00bb button_text_color__hover=\u00bb#ffffff\u00bb button_one_text_color__hover_enabled=\u00bboff\u00bb button_one_text_color__hover=\u00bbnull\u00bb button_two_text_color__hover_enabled=\u00bboff\u00bb button_two_text_color__hover=\u00bbnull\u00bb button_border_width__hover_enabled=\u00bboff\u00bb button_border_width__hover=\u00bbnull\u00bb button_one_border_width__hover_enabled=\u00bboff\u00bb button_one_border_width__hover=\u00bbnull\u00bb button_two_border_width__hover_enabled=\u00bboff\u00bb button_two_border_width__hover=\u00bbnull\u00bb button_border_color__hover_enabled=\u00bboff\u00bb button_border_color__hover=\u00bbnull\u00bb button_one_border_color__hover_enabled=\u00bboff\u00bb button_one_border_color__hover=\u00bbnull\u00bb button_two_border_color__hover_enabled=\u00bboff\u00bb button_two_border_color__hover=\u00bbnull\u00bb button_border_radius__hover_enabled=\u00bboff|hover\u00bb button_border_radius__hover=\u00bb0px\u00bb button_one_border_radius__hover_enabled=\u00bboff\u00bb button_one_border_radius__hover=\u00bbnull\u00bb button_two_border_radius__hover_enabled=\u00bboff\u00bb button_two_border_radius__hover=\u00bbnull\u00bb button_letter_spacing__hover_enabled=\u00bboff|hover\u00bb button_letter_spacing__hover=\u00bb3px\u00bb button_one_letter_spacing__hover_enabled=\u00bboff\u00bb button_one_letter_spacing__hover=\u00bbnull\u00bb button_two_letter_spacing__hover_enabled=\u00bboff\u00bb button_two_letter_spacing__hover=\u00bbnull\u00bb button_bg_color__hover_enabled=\u00bboff\u00bb button_bg_color__hover=\u00bbnull\u00bb button_one_bg_color__hover_enabled=\u00bboff\u00bb button_one_bg_color__hover=\u00bbnull\u00bb button_two_bg_color__hover_enabled=\u00bboff\u00bb button_two_bg_color__hover=\u00bbnull\u00bb][\/et_pb_button][\/et_pb_column][\/et_pb_row][\/et_pb_section][et_pb_section fb_built=\u00bb1&#8243; admin_label=\u00bbbanner footer prueba un dia\u00bb _builder_version=\u00bb4.23.4&#8243; background_color=\u00bb#363636&#8243; background_enable_color=\u00bboff\u00bb background_image=\u00bbhttps:\/\/spartasportcenter.com\/pamplona\/wp-content\/uploads\/2019\/09\/instalaciones-gimnasio-sparta-sport-center-pamplona-11.jpg\u00bb background_enable_image=\u00bboff\u00bb background_blend=\u00bbmultiply\u00bb custom_margin=\u00bb||||false|false\u00bb custom_padding=\u00bb0px|0px|0|0px|false|false\u00bb top_divider_flip=\u00bbhorizontal\u00bb global_module=\u00bb206679&#8243; locked=\u00bboff\u00bb global_colors_info=\u00bb{}\u00bb][\/et_pb_section]<\/p>\n","protected":false},"excerpt":{"rendered":"<p>Nutricionista en PamplonaEn Sparta Sport Center contamos con nutricionistas en Pamplona que piensan en tu salud. Es por ello que te ofrecemos un programa adecuado de asesoramiento alimenticio, el cual te ayudar\u00e1 a perder peso o ganar masa muscular dependiendo de la necesidad que tengas, as\u00ed como tambi\u00e9n tratar temas espec\u00edficos de salud dedicados a [&hellip;]<\/p>\n","protected":false},"author":1,"featured_media":220799,"parent":0,"menu_order":0,"comment_status":"closed","ping_status":"closed","template":"","meta":{"_et_pb_use_builder":"on","_et_pb_old_content":"","_et_gb_content_width":"","footnotes":""},"class_list":["post-209780","page","type-page","status-publish","has-post-thumbnail","hentry"],"yoast_head":"<!-- This site is optimized with the Yoast SEO plugin v27.4 - https:\/\/yoast.com\/product\/yoast-seo-wordpress\/ -->\n<title>Nutricionista Pamplona \u00a11 D\u00cdA GRATIS! | Sparta Sport Center<\/title>\n<meta name=\"description\" content=\"Controla tu alimentaci\u00f3n con nuestro ASESORAMIENTO NUTRICIONAL en PAMPLONA. Alim\u00e9ntate adecuadamente y empieza a conseguir resultados.\" \/>\n<meta name=\"robots\" content=\"index, follow, max-snippet:-1, max-image-preview:large, max-video-preview:-1\" \/>\n<link rel=\"canonical\" href=\"https:\/\/spartasportcenter.com\/pamplona\/nutricionista-pamplona\/\" \/>\n<meta property=\"og:locale\" content=\"es_ES\" \/>\n<meta property=\"og:type\" content=\"article\" \/>\n<meta property=\"og:title\" content=\"Nutricionista Pamplona \u00a11 D\u00cdA GRATIS! | Sparta Sport Center\" \/>\n<meta property=\"og:description\" content=\"Controla tu alimentaci\u00f3n con nuestro ASESORAMIENTO NUTRICIONAL en PAMPLONA. Alim\u00e9ntate adecuadamente y empieza a conseguir resultados.\" \/>\n<meta property=\"og:url\" content=\"https:\/\/spartasportcenter.com\/pamplona\/nutricionista-pamplona\/\" \/>\n<meta property=\"og:site_name\" content=\"Sparta Sport Center Pamplona\" \/>\n<meta property=\"article:modified_time\" content=\"2025-12-09T08:13:50+00:00\" \/>\n<meta property=\"og:image\" content=\"https:\/\/spartasportcenter.com\/pamplona\/wp-content\/uploads\/2024\/03\/nutricionista-cabecera.jpg\" \/>\n\t<meta property=\"og:image:width\" content=\"2000\" \/>\n\t<meta property=\"og:image:height\" content=\"1333\" \/>\n\t<meta property=\"og:image:type\" content=\"image\/jpeg\" \/>\n<meta name=\"twitter:card\" content=\"summary_large_image\" \/>\n<meta name=\"twitter:label1\" content=\"Tiempo de lectura\" \/>\n\t<meta name=\"twitter:data1\" content=\"3 minutos\" \/>\n<script type=\"application\/ld+json\" class=\"yoast-schema-graph\">{\"@context\":\"https:\\\/\\\/schema.org\",\"@graph\":[{\"@type\":\"WebPage\",\"@id\":\"https:\\\/\\\/spartasportcenter.com\\\/pamplona\\\/nutricionista-pamplona\\\/\",\"url\":\"https:\\\/\\\/spartasportcenter.com\\\/pamplona\\\/nutricionista-pamplona\\\/\",\"name\":\"Nutricionista Pamplona \u00a11 D\u00cdA GRATIS! | Sparta Sport Center\",\"isPartOf\":{\"@id\":\"https:\\\/\\\/spartasportcenter.com\\\/pamplona\\\/#website\"},\"primaryImageOfPage\":{\"@id\":\"https:\\\/\\\/spartasportcenter.com\\\/pamplona\\\/nutricionista-pamplona\\\/#primaryimage\"},\"image\":{\"@id\":\"https:\\\/\\\/spartasportcenter.com\\\/pamplona\\\/nutricionista-pamplona\\\/#primaryimage\"},\"thumbnailUrl\":\"https:\\\/\\\/spartasportcenter.com\\\/pamplona\\\/wp-content\\\/uploads\\\/2024\\\/03\\\/nutricionista-cabecera.jpg\",\"datePublished\":\"2019-01-29T14:41:35+00:00\",\"dateModified\":\"2025-12-09T08:13:50+00:00\",\"description\":\"Controla tu alimentaci\u00f3n con nuestro ASESORAMIENTO NUTRICIONAL en PAMPLONA. Alim\u00e9ntate adecuadamente y empieza a conseguir resultados.\",\"breadcrumb\":{\"@id\":\"https:\\\/\\\/spartasportcenter.com\\\/pamplona\\\/nutricionista-pamplona\\\/#breadcrumb\"},\"inLanguage\":\"es\",\"potentialAction\":[{\"@type\":\"ReadAction\",\"target\":[\"https:\\\/\\\/spartasportcenter.com\\\/pamplona\\\/nutricionista-pamplona\\\/\"]}]},{\"@type\":\"ImageObject\",\"inLanguage\":\"es\",\"@id\":\"https:\\\/\\\/spartasportcenter.com\\\/pamplona\\\/nutricionista-pamplona\\\/#primaryimage\",\"url\":\"https:\\\/\\\/spartasportcenter.com\\\/pamplona\\\/wp-content\\\/uploads\\\/2024\\\/03\\\/nutricionista-cabecera.jpg\",\"contentUrl\":\"https:\\\/\\\/spartasportcenter.com\\\/pamplona\\\/wp-content\\\/uploads\\\/2024\\\/03\\\/nutricionista-cabecera.jpg\",\"width\":2000,\"height\":1333,\"caption\":\"nutricionista cabecera\"},{\"@type\":\"BreadcrumbList\",\"@id\":\"https:\\\/\\\/spartasportcenter.com\\\/pamplona\\\/nutricionista-pamplona\\\/#breadcrumb\",\"itemListElement\":[{\"@type\":\"ListItem\",\"position\":1,\"name\":\"Portada\",\"item\":\"https:\\\/\\\/spartasportcenter.com\\\/pamplona\\\/\"},{\"@type\":\"ListItem\",\"position\":2,\"name\":\"Nutricionista Pamplona\"}]},{\"@type\":\"WebSite\",\"@id\":\"https:\\\/\\\/spartasportcenter.com\\\/pamplona\\\/#website\",\"url\":\"https:\\\/\\\/spartasportcenter.com\\\/pamplona\\\/\",\"name\":\"Sparta Sport Center Pamplona\",\"description\":\"Gimnasios en Pamplona\",\"potentialAction\":[{\"@type\":\"SearchAction\",\"target\":{\"@type\":\"EntryPoint\",\"urlTemplate\":\"https:\\\/\\\/spartasportcenter.com\\\/pamplona\\\/?s={search_term_string}\"},\"query-input\":{\"@type\":\"PropertyValueSpecification\",\"valueRequired\":true,\"valueName\":\"search_term_string\"}}],\"inLanguage\":\"es\"}]}<\/script>\n<!-- \/ Yoast SEO plugin. -->","yoast_head_json":{"title":"Nutricionista Pamplona \u00a11 D\u00cdA GRATIS! | Sparta Sport Center","description":"Controla tu alimentaci\u00f3n con nuestro ASESORAMIENTO NUTRICIONAL en PAMPLONA. Alim\u00e9ntate adecuadamente y empieza a conseguir resultados.","robots":{"index":"index","follow":"follow","max-snippet":"max-snippet:-1","max-image-preview":"max-image-preview:large","max-video-preview":"max-video-preview:-1"},"canonical":"https:\/\/spartasportcenter.com\/pamplona\/nutricionista-pamplona\/","og_locale":"es_ES","og_type":"article","og_title":"Nutricionista Pamplona \u00a11 D\u00cdA GRATIS! | Sparta Sport Center","og_description":"Controla tu alimentaci\u00f3n con nuestro ASESORAMIENTO NUTRICIONAL en PAMPLONA. Alim\u00e9ntate adecuadamente y empieza a conseguir resultados.","og_url":"https:\/\/spartasportcenter.com\/pamplona\/nutricionista-pamplona\/","og_site_name":"Sparta Sport Center Pamplona","article_modified_time":"2025-12-09T08:13:50+00:00","og_image":[{"width":2000,"height":1333,"url":"https:\/\/spartasportcenter.com\/pamplona\/wp-content\/uploads\/2024\/03\/nutricionista-cabecera.jpg","type":"image\/jpeg"}],"twitter_card":"summary_large_image","twitter_misc":{"Tiempo de lectura":"3 minutos"},"schema":{"@context":"https:\/\/schema.org","@graph":[{"@type":"WebPage","@id":"https:\/\/spartasportcenter.com\/pamplona\/nutricionista-pamplona\/","url":"https:\/\/spartasportcenter.com\/pamplona\/nutricionista-pamplona\/","name":"Nutricionista Pamplona \u00a11 D\u00cdA GRATIS! | Sparta Sport Center","isPartOf":{"@id":"https:\/\/spartasportcenter.com\/pamplona\/#website"},"primaryImageOfPage":{"@id":"https:\/\/spartasportcenter.com\/pamplona\/nutricionista-pamplona\/#primaryimage"},"image":{"@id":"https:\/\/spartasportcenter.com\/pamplona\/nutricionista-pamplona\/#primaryimage"},"thumbnailUrl":"https:\/\/spartasportcenter.com\/pamplona\/wp-content\/uploads\/2024\/03\/nutricionista-cabecera.jpg","datePublished":"2019-01-29T14:41:35+00:00","dateModified":"2025-12-09T08:13:50+00:00","description":"Controla tu alimentaci\u00f3n con nuestro ASESORAMIENTO NUTRICIONAL en PAMPLONA. Alim\u00e9ntate adecuadamente y empieza a conseguir resultados.","breadcrumb":{"@id":"https:\/\/spartasportcenter.com\/pamplona\/nutricionista-pamplona\/#breadcrumb"},"inLanguage":"es","potentialAction":[{"@type":"ReadAction","target":["https:\/\/spartasportcenter.com\/pamplona\/nutricionista-pamplona\/"]}]},{"@type":"ImageObject","inLanguage":"es","@id":"https:\/\/spartasportcenter.com\/pamplona\/nutricionista-pamplona\/#primaryimage","url":"https:\/\/spartasportcenter.com\/pamplona\/wp-content\/uploads\/2024\/03\/nutricionista-cabecera.jpg","contentUrl":"https:\/\/spartasportcenter.com\/pamplona\/wp-content\/uploads\/2024\/03\/nutricionista-cabecera.jpg","width":2000,"height":1333,"caption":"nutricionista cabecera"},{"@type":"BreadcrumbList","@id":"https:\/\/spartasportcenter.com\/pamplona\/nutricionista-pamplona\/#breadcrumb","itemListElement":[{"@type":"ListItem","position":1,"name":"Portada","item":"https:\/\/spartasportcenter.com\/pamplona\/"},{"@type":"ListItem","position":2,"name":"Nutricionista Pamplona"}]},{"@type":"WebSite","@id":"https:\/\/spartasportcenter.com\/pamplona\/#website","url":"https:\/\/spartasportcenter.com\/pamplona\/","name":"Sparta Sport Center Pamplona","description":"Gimnasios en Pamplona","potentialAction":[{"@type":"SearchAction","target":{"@type":"EntryPoint","urlTemplate":"https:\/\/spartasportcenter.com\/pamplona\/?s={search_term_string}"},"query-input":{"@type":"PropertyValueSpecification","valueRequired":true,"valueName":"search_term_string"}}],"inLanguage":"es"}]}},"_links":{"self":[{"href":"https:\/\/spartasportcenter.com\/pamplona\/wp-json\/wp\/v2\/pages\/209780","targetHints":{"allow":["GET"]}}],"collection":[{"href":"https:\/\/spartasportcenter.com\/pamplona\/wp-json\/wp\/v2\/pages"}],"about":[{"href":"https:\/\/spartasportcenter.com\/pamplona\/wp-json\/wp\/v2\/types\/page"}],"author":[{"embeddable":true,"href":"https:\/\/spartasportcenter.com\/pamplona\/wp-json\/wp\/v2\/users\/1"}],"replies":[{"embeddable":true,"href":"https:\/\/spartasportcenter.com\/pamplona\/wp-json\/wp\/v2\/comments?post=209780"}],"version-history":[{"count":1,"href":"https:\/\/spartasportcenter.com\/pamplona\/wp-json\/wp\/v2\/pages\/209780\/revisions"}],"predecessor-version":[{"id":224756,"href":"https:\/\/spartasportcenter.com\/pamplona\/wp-json\/wp\/v2\/pages\/209780\/revisions\/224756"}],"wp:featuredmedia":[{"embeddable":true,"href":"https:\/\/spartasportcenter.com\/pamplona\/wp-json\/wp\/v2\/media\/220799"}],"wp:attachment":[{"href":"https:\/\/spartasportcenter.com\/pamplona\/wp-json\/wp\/v2\/media?parent=209780"}],"curies":[{"name":"wp","href":"https:\/\/api.w.org\/{rel}","templated":true}]}}