{"id":209159,"date":"2018-12-04T15:58:36","date_gmt":"2018-12-04T14:58:36","guid":{"rendered":"https:\/\/spartasportcenter.com\/pamplona\/?page_id=209159"},"modified":"2025-06-23T14:52:27","modified_gmt":"2025-06-23T12:52:27","slug":"mapa-web-gimnasios-pamplona","status":"publish","type":"page","link":"https:\/\/spartasportcenter.com\/pamplona\/mapa-web-gimnasios-pamplona\/","title":{"rendered":"Mapa Web de Sparta Sport Center Pamplona"},"content":{"rendered":"<p><a href=\"https:\/\/spartasportcenter.com\/pamplona\/\">Gimnasio Pamplona Sparta Sport Center<\/a><\/p>\n<p><a href=\"https:\/\/spartasportcenter.com\/pamplona\/yoga-pamplona\/\">Yoga Pamplona<\/a><\/p>\n<p><a href=\"https:\/\/spartasportcenter.com\/pamplona\/entrenador-personal-pamplona\/\">Entrenador Personal Pamplona<\/a><\/p>\n<p><a href=\"https:\/\/spartasportcenter.com\/pamplona\/nutricionista-pamplona\/\">Nutricionista Pamplona<\/a><\/p>\n<p><a href=\"https:\/\/spartasportcenter.com\/pamplona\/boxeo-pamplona\/\">Boxeo Pamplona<\/a><\/p>\n<p><a href=\"https:\/\/spartasportcenter.com\/pamplona\/spinning-pamplona\/\">Spinning Pamplona<\/a><\/p>\n<p><a href=\"https:\/\/spartasportcenter.com\/pamplona\/pilates-pamplona\/\">Pilates Pamplona<\/a><\/p>\n<p><a href=\"https:\/\/spartasportcenter.com\/pamplona\/defensa-personal-pamplona\/\">Defensa Personal Pamplona<\/a><\/p>\n<p><a href=\"https:\/\/spartasportcenter.com\/pamplona\/kick-boxing-pamplona\/\">Kick Boxing Pamplona<\/a><\/p>\n<p><a href=\"https:\/\/spartasportcenter.com\/pamplona\/zumba-pamplona\/\">Zumba Pamplona<\/a><\/p>\n<p><a href=\"https:\/\/spartasportcenter.com\/pamplona\/core-pamplona\/\">Core Pamplona<\/a><\/p>\n<p><a href=\"https:\/\/spartasportcenter.com\/pamplona\/body-pump-pamplona\/\">Body Pump Pamplona<\/a><\/p>\n<p><a href=\"https:\/\/spartasportcenter.com\/pamplona\/body-balance-pamplona\/\">Body Balance Pamplona<\/a><\/p>\n<p><a href=\"https:\/\/spartasportcenter.com\/pamplona\/body-attack-pamplona\/\">Body Attack Pamplona<\/a><\/p>\n<p><a href=\"https:\/\/spartasportcenter.com\/pamplona\/entrenamiento-funcional-pamplona\/\">Entrenamiento Funcional Pamplona<\/a><\/p>\n<p><a href=\"https:\/\/spartasportcenter.com\/pamplona\/horarios\/\">Horario de actividades<\/a><\/p>\n<p><a href=\"https:\/\/spartasportcenter.com\/pamplona\/instalaciones\/\">Instalaciones<\/a><\/p>\n<p><a href=\"https:\/\/spartasportcenter.com\/pamplona\/actividades\/\">Actividades<\/a><\/p>\n<p><a href=\"https:\/\/spartasportcenter.com\/pamplona\/servicios\/\">Servicios<\/a><\/p>\n<p><a href=\"https:\/\/spartasportcenter.com\/pamplona\/gimnasio-san-juan\/\">Gimnasio San Juan<\/a><\/p>\n<p><a href=\"https:\/\/spartasportcenter.com\/pamplona\/gimnasio-iturrama\/\">Gimnasio Iturrama<\/a><\/p>\n<p><a href=\"https:\/\/spartasportcenter.com\/pamplona\/gimnasio-mendebaldea\/\">Gimnasio Mendebaldea<\/a><\/p>\n<p><a href=\"https:\/\/spartasportcenter.com\/pamplona\/gimnasio-pio-xii\/\">Gimnasio P\u00edo XII<\/a><\/p>\n<p><a href=\"https:\/\/spartasportcenter.com\/pamplona\/prueba-un-dia-gratis\/\">Prueba un d\u00eda gratis<\/a><\/p>\n<p><a href=\"https:\/\/spartasportcenter.com\/pamplona\/contacto\/\">Contacto<\/a><\/p>\n","protected":false},"excerpt":{"rendered":"<p>   &#8211;<\/p>\n","protected":false},"author":1,"featured_media":223668,"parent":0,"menu_order":0,"comment_status":"closed","ping_status":"closed","template":"","meta":{"_et_pb_use_builder":"off","_et_pb_old_content":"<a href=\"https:\/\/spartasportcenter.com\/pamplona\/\">Gimnasio Pamplona Sparta Sport Center<\/a>\n\n<a href=\"https:\/\/spartasportcenter.com\/pamplona\/yoga-pamplona\/\">Yoga Pamplona<\/a>\n\n<a href=\"https:\/\/spartasportcenter.com\/pamplona\/entrenador-personal-pamplona\/\">Entrenador Personal Pamplona<\/a>\n\n<a href=\"https:\/\/spartasportcenter.com\/pamplona\/nutricionista-pamplona\/\">Nutricionista Pamplona<\/a>\n\n<a href=\"https:\/\/spartasportcenter.com\/pamplona\/boxeo-pamplona\/\">Boxeo Pamplona<\/a>\n\n<a href=\"https:\/\/spartasportcenter.com\/pamplona\/spinning-pamplona\/\">Spinning Pamplona<\/a>\n\n<a href=\"https:\/\/spartasportcenter.com\/pamplona\/pilates-pamplona\/\">Pilates Pamplona<\/a>\n\n<a href=\"https:\/\/spartasportcenter.com\/pamplona\/defensa-personal-pamplona\/\">Defensa Personal Pamplona<\/a>\n\n<a href=\"https:\/\/spartasportcenter.com\/pamplona\/kick-boxing-pamplona\/\">Kick Boxing Pamplona<\/a>\n\n<a href=\"https:\/\/spartasportcenter.com\/pamplona\/zumba-pamplona\/\">Zumba Pamplona<\/a>\n\n<a href=\"https:\/\/spartasportcenter.com\/pamplona\/core-pamplona\/\">Core Pamplona<\/a>\n\n<a href=\"https:\/\/spartasportcenter.com\/pamplona\/trx-pamplona\/\">TRX Pamplona<\/a>\n\n<a href=\"https:\/\/spartasportcenter.com\/pamplona\/body-pump-pamplona\/\">Body Pump Pamplona<\/a>\n\n<a href=\"https:\/\/spartasportcenter.com\/pamplona\/tabata-pamplona\/\">Tabata Pamplona<\/a>\n\n<a href=\"https:\/\/spartasportcenter.com\/pamplona\/zumba-kids-pamplona\/\">Zumba Kids Pamplona<\/a>\n\n<a href=\"https:\/\/spartasportcenter.com\/pamplona\/body-balance-pamplona\/\">Body Balance Pamplona<\/a>\n\n<a href=\"https:\/\/spartasportcenter.com\/pamplona\/body-attack-pamplona\/\">Body Attack Pamplona<\/a>\n\n<a href=\"https:\/\/spartasportcenter.com\/pamplona\/entrenamiento-funcional-pamplona\/\">Entrenamiento Funcional Pamplona<\/a>\n\n<a href=\"https:\/\/spartasportcenter.com\/pamplona\/horarios\/\">Horario de actividades<\/a>\n\n<a href=\"https:\/\/spartasportcenter.com\/pamplona\/instalaciones\/\">Instalaciones<\/a>\n\n<a href=\"https:\/\/spartasportcenter.com\/pamplona\/tarifas\/\">Tarifas<\/a>\n\n<a href=\"https:\/\/spartasportcenter.com\/pamplona\/actividades\/\">Actividades<\/a>\n\n<a href=\"https:\/\/spartasportcenter.com\/pamplona\/servicios\/\">Servicios<\/a>\n\n<a href=\"https:\/\/spartasportcenter.com\/pamplona\/gimnasio-san-juan\/\">Gimnasio San Juan<\/a>\n\n<a href=\"https:\/\/spartasportcenter.com\/pamplona\/gimnasio-iturrama\/\">Gimnasio Iturrama<\/a>\n\n<a href=\"https:\/\/spartasportcenter.com\/pamplona\/gimnasio-mendebaldea\/\">Gimnasio Mendebaldea<\/a>\n\n<a href=\"https:\/\/spartasportcenter.com\/pamplona\/gimnasio-pio-xii\/\">Gimnasio P\u00edo XII<\/a>\n\n<a href=\"https:\/\/spartasportcenter.com\/pamplona\/prueba-un-dia-gratis\/\">Prueba un d\u00eda gratis<\/a>\n\n<a href=\"https:\/\/spartasportcenter.com\/pamplona\/contacto\/\">Contacto<\/a>","_et_gb_content_width":"","footnotes":""},"class_list":["post-209159","page","type-page","status-publish","has-post-thumbnail","hentry"],"yoast_head":"<!-- This site is optimized with the Yoast SEO plugin v27.4 - https:\/\/yoast.com\/product\/yoast-seo-wordpress\/ -->\n<title>Mapa Web - Sparta Sport Center Pamplona<\/title>\n<meta name=\"description\" content=\"Consulta el Mapa Web de Sparta Sport Center Pamplona para conocer las p\u00e1ginas m\u00e1s importantes de nuestra p\u00e1gina web. \u00a1Te las mostramos!\" \/>\n<meta name=\"robots\" content=\"index, follow, max-snippet:-1, max-image-preview:large, max-video-preview:-1\" \/>\n<link rel=\"canonical\" href=\"https:\/\/spartasportcenter.com\/pamplona\/mapa-web-gimnasios-pamplona\/\" \/>\n<meta property=\"og:locale\" content=\"es_ES\" \/>\n<meta property=\"og:type\" content=\"article\" \/>\n<meta property=\"og:title\" content=\"Mapa Web - Sparta Sport Center Pamplona\" \/>\n<meta property=\"og:description\" content=\"Consulta el Mapa Web de Sparta Sport Center Pamplona para conocer las p\u00e1ginas m\u00e1s importantes de nuestra p\u00e1gina web. \u00a1Te las mostramos!\" \/>\n<meta property=\"og:url\" content=\"https:\/\/spartasportcenter.com\/pamplona\/mapa-web-gimnasios-pamplona\/\" \/>\n<meta property=\"og:site_name\" content=\"Sparta Sport Center Pamplona\" \/>\n<meta property=\"article:modified_time\" content=\"2025-06-23T12:52:27+00:00\" \/>\n<meta property=\"og:image\" content=\"https:\/\/spartasportcenter.com\/pamplona\/wp-content\/uploads\/2025\/06\/material-deportivo-de-colores.jpg\" \/>\n\t<meta property=\"og:image:width\" content=\"2000\" \/>\n\t<meta property=\"og:image:height\" content=\"1333\" \/>\n\t<meta property=\"og:image:type\" content=\"image\/jpeg\" \/>\n<meta name=\"twitter:card\" content=\"summary_large_image\" \/>\n<meta name=\"twitter:label1\" content=\"Tiempo de lectura\" \/>\n\t<meta name=\"twitter:data1\" content=\"1 minuto\" \/>\n<script type=\"application\/ld+json\" class=\"yoast-schema-graph\">{\"@context\":\"https:\\\/\\\/schema.org\",\"@graph\":[{\"@type\":\"WebPage\",\"@id\":\"https:\\\/\\\/spartasportcenter.com\\\/pamplona\\\/mapa-web-gimnasios-pamplona\\\/\",\"url\":\"https:\\\/\\\/spartasportcenter.com\\\/pamplona\\\/mapa-web-gimnasios-pamplona\\\/\",\"name\":\"Mapa Web - Sparta Sport Center Pamplona\",\"isPartOf\":{\"@id\":\"https:\\\/\\\/spartasportcenter.com\\\/pamplona\\\/#website\"},\"primaryImageOfPage\":{\"@id\":\"https:\\\/\\\/spartasportcenter.com\\\/pamplona\\\/mapa-web-gimnasios-pamplona\\\/#primaryimage\"},\"image\":{\"@id\":\"https:\\\/\\\/spartasportcenter.com\\\/pamplona\\\/mapa-web-gimnasios-pamplona\\\/#primaryimage\"},\"thumbnailUrl\":\"https:\\\/\\\/spartasportcenter.com\\\/pamplona\\\/wp-content\\\/uploads\\\/2025\\\/06\\\/material-deportivo-de-colores.jpg\",\"datePublished\":\"2018-12-04T14:58:36+00:00\",\"dateModified\":\"2025-06-23T12:52:27+00:00\",\"description\":\"Consulta el Mapa Web de Sparta Sport Center Pamplona para conocer las p\u00e1ginas m\u00e1s importantes de nuestra p\u00e1gina web. \u00a1Te las mostramos!\",\"breadcrumb\":{\"@id\":\"https:\\\/\\\/spartasportcenter.com\\\/pamplona\\\/mapa-web-gimnasios-pamplona\\\/#breadcrumb\"},\"inLanguage\":\"es\",\"potentialAction\":[{\"@type\":\"ReadAction\",\"target\":[\"https:\\\/\\\/spartasportcenter.com\\\/pamplona\\\/mapa-web-gimnasios-pamplona\\\/\"]}]},{\"@type\":\"ImageObject\",\"inLanguage\":\"es\",\"@id\":\"https:\\\/\\\/spartasportcenter.com\\\/pamplona\\\/mapa-web-gimnasios-pamplona\\\/#primaryimage\",\"url\":\"https:\\\/\\\/spartasportcenter.com\\\/pamplona\\\/wp-content\\\/uploads\\\/2025\\\/06\\\/material-deportivo-de-colores.jpg\",\"contentUrl\":\"https:\\\/\\\/spartasportcenter.com\\\/pamplona\\\/wp-content\\\/uploads\\\/2025\\\/06\\\/material-deportivo-de-colores.jpg\",\"width\":2000,\"height\":1333,\"caption\":\"material deportivo de colores\"},{\"@type\":\"BreadcrumbList\",\"@id\":\"https:\\\/\\\/spartasportcenter.com\\\/pamplona\\\/mapa-web-gimnasios-pamplona\\\/#breadcrumb\",\"itemListElement\":[{\"@type\":\"ListItem\",\"position\":1,\"name\":\"Portada\",\"item\":\"https:\\\/\\\/spartasportcenter.com\\\/pamplona\\\/\"},{\"@type\":\"ListItem\",\"position\":2,\"name\":\"Mapa Web de Sparta Sport Center Pamplona\"}]},{\"@type\":\"WebSite\",\"@id\":\"https:\\\/\\\/spartasportcenter.com\\\/pamplona\\\/#website\",\"url\":\"https:\\\/\\\/spartasportcenter.com\\\/pamplona\\\/\",\"name\":\"Sparta Sport Center Pamplona\",\"description\":\"Gimnasios en Pamplona\",\"potentialAction\":[{\"@type\":\"SearchAction\",\"target\":{\"@type\":\"EntryPoint\",\"urlTemplate\":\"https:\\\/\\\/spartasportcenter.com\\\/pamplona\\\/?s={search_term_string}\"},\"query-input\":{\"@type\":\"PropertyValueSpecification\",\"valueRequired\":true,\"valueName\":\"search_term_string\"}}],\"inLanguage\":\"es\"}]}<\/script>\n<!-- \/ Yoast SEO plugin. -->","yoast_head_json":{"title":"Mapa Web - Sparta Sport Center Pamplona","description":"Consulta el Mapa Web de Sparta Sport Center Pamplona para conocer las p\u00e1ginas m\u00e1s importantes de nuestra p\u00e1gina web. \u00a1Te las mostramos!","robots":{"index":"index","follow":"follow","max-snippet":"max-snippet:-1","max-image-preview":"max-image-preview:large","max-video-preview":"max-video-preview:-1"},"canonical":"https:\/\/spartasportcenter.com\/pamplona\/mapa-web-gimnasios-pamplona\/","og_locale":"es_ES","og_type":"article","og_title":"Mapa Web - Sparta Sport Center Pamplona","og_description":"Consulta el Mapa Web de Sparta Sport Center Pamplona para conocer las p\u00e1ginas m\u00e1s importantes de nuestra p\u00e1gina web. \u00a1Te las mostramos!","og_url":"https:\/\/spartasportcenter.com\/pamplona\/mapa-web-gimnasios-pamplona\/","og_site_name":"Sparta Sport Center Pamplona","article_modified_time":"2025-06-23T12:52:27+00:00","og_image":[{"width":2000,"height":1333,"url":"https:\/\/spartasportcenter.com\/pamplona\/wp-content\/uploads\/2025\/06\/material-deportivo-de-colores.jpg","type":"image\/jpeg"}],"twitter_card":"summary_large_image","twitter_misc":{"Tiempo de lectura":"1 minuto"},"schema":{"@context":"https:\/\/schema.org","@graph":[{"@type":"WebPage","@id":"https:\/\/spartasportcenter.com\/pamplona\/mapa-web-gimnasios-pamplona\/","url":"https:\/\/spartasportcenter.com\/pamplona\/mapa-web-gimnasios-pamplona\/","name":"Mapa Web - Sparta Sport Center Pamplona","isPartOf":{"@id":"https:\/\/spartasportcenter.com\/pamplona\/#website"},"primaryImageOfPage":{"@id":"https:\/\/spartasportcenter.com\/pamplona\/mapa-web-gimnasios-pamplona\/#primaryimage"},"image":{"@id":"https:\/\/spartasportcenter.com\/pamplona\/mapa-web-gimnasios-pamplona\/#primaryimage"},"thumbnailUrl":"https:\/\/spartasportcenter.com\/pamplona\/wp-content\/uploads\/2025\/06\/material-deportivo-de-colores.jpg","datePublished":"2018-12-04T14:58:36+00:00","dateModified":"2025-06-23T12:52:27+00:00","description":"Consulta el Mapa Web de Sparta Sport Center Pamplona para conocer las p\u00e1ginas m\u00e1s importantes de nuestra p\u00e1gina web. \u00a1Te las mostramos!","breadcrumb":{"@id":"https:\/\/spartasportcenter.com\/pamplona\/mapa-web-gimnasios-pamplona\/#breadcrumb"},"inLanguage":"es","potentialAction":[{"@type":"ReadAction","target":["https:\/\/spartasportcenter.com\/pamplona\/mapa-web-gimnasios-pamplona\/"]}]},{"@type":"ImageObject","inLanguage":"es","@id":"https:\/\/spartasportcenter.com\/pamplona\/mapa-web-gimnasios-pamplona\/#primaryimage","url":"https:\/\/spartasportcenter.com\/pamplona\/wp-content\/uploads\/2025\/06\/material-deportivo-de-colores.jpg","contentUrl":"https:\/\/spartasportcenter.com\/pamplona\/wp-content\/uploads\/2025\/06\/material-deportivo-de-colores.jpg","width":2000,"height":1333,"caption":"material deportivo de colores"},{"@type":"BreadcrumbList","@id":"https:\/\/spartasportcenter.com\/pamplona\/mapa-web-gimnasios-pamplona\/#breadcrumb","itemListElement":[{"@type":"ListItem","position":1,"name":"Portada","item":"https:\/\/spartasportcenter.com\/pamplona\/"},{"@type":"ListItem","position":2,"name":"Mapa Web de Sparta Sport Center Pamplona"}]},{"@type":"WebSite","@id":"https:\/\/spartasportcenter.com\/pamplona\/#website","url":"https:\/\/spartasportcenter.com\/pamplona\/","name":"Sparta Sport Center Pamplona","description":"Gimnasios en Pamplona","potentialAction":[{"@type":"SearchAction","target":{"@type":"EntryPoint","urlTemplate":"https:\/\/spartasportcenter.com\/pamplona\/?s={search_term_string}"},"query-input":{"@type":"PropertyValueSpecification","valueRequired":true,"valueName":"search_term_string"}}],"inLanguage":"es"}]}},"_links":{"self":[{"href":"https:\/\/spartasportcenter.com\/pamplona\/wp-json\/wp\/v2\/pages\/209159","targetHints":{"allow":["GET"]}}],"collection":[{"href":"https:\/\/spartasportcenter.com\/pamplona\/wp-json\/wp\/v2\/pages"}],"about":[{"href":"https:\/\/spartasportcenter.com\/pamplona\/wp-json\/wp\/v2\/types\/page"}],"author":[{"embeddable":true,"href":"https:\/\/spartasportcenter.com\/pamplona\/wp-json\/wp\/v2\/users\/1"}],"replies":[{"embeddable":true,"href":"https:\/\/spartasportcenter.com\/pamplona\/wp-json\/wp\/v2\/comments?post=209159"}],"version-history":[{"count":0,"href":"https:\/\/spartasportcenter.com\/pamplona\/wp-json\/wp\/v2\/pages\/209159\/revisions"}],"wp:featuredmedia":[{"embeddable":true,"href":"https:\/\/spartasportcenter.com\/pamplona\/wp-json\/wp\/v2\/media\/223668"}],"wp:attachment":[{"href":"https:\/\/spartasportcenter.com\/pamplona\/wp-json\/wp\/v2\/media?parent=209159"}],"curies":[{"name":"wp","href":"https:\/\/api.w.org\/{rel}","templated":true}]}}