{"id":206559,"date":"2018-08-20T15:51:28","date_gmt":"2018-08-20T15:51:28","guid":{"rendered":"https:\/\/pamplona.spartasportcenter.com\/?page_id=206559"},"modified":"2025-12-09T09:05:40","modified_gmt":"2025-12-09T08:05:40","slug":"core-pamplona","status":"publish","type":"page","link":"https:\/\/spartasportcenter.com\/pamplona\/core-pamplona\/","title":{"rendered":"CORE Pamplona"},"content":{"rendered":"<p>[et_pb_section fb_built=\u00bb1&#8243; custom_padding_last_edited=\u00bbon|phone\u00bb disabled_on=\u00bboff|off|off\u00bb _builder_version=\u00bb4.27.5&#8243; background_color=\u00bb#000000&#8243; background_enable_image=\u00bboff\u00bb custom_margin=\u00bb||||false|false\u00bb custom_padding=\u00bb80px|0px|0px|0px|false|false\u00bb custom_padding_tablet=\u00bb\u00bb custom_padding_phone=\u00bb30px||50px||false|false\u00bb hover_enabled=\u00bb0&#8243; global_colors_info=\u00bb{}\u00bb sticky_enabled=\u00bb0&#8243;][et_pb_row column_structure=\u00bb1_3,2_3&#8243; custom_padding_last_edited=\u00bbon|desktop\u00bb _builder_version=\u00bb4.16&#8243; _module_preset=\u00bbdefault\u00bb custom_padding=\u00bb0px||||false|false\u00bb custom_padding_tablet=\u00bb\u00bb custom_padding_phone=\u00bb0px||||false|false\u00bb global_colors_info=\u00bb{}\u00bb][et_pb_column type=\u00bb1_3&#8243; _builder_version=\u00bb4.16&#8243; _module_preset=\u00bbdefault\u00bb global_colors_info=\u00bb{}\u00bb][et_pb_text _builder_version=\u00bb4.16&#8243; text_font=\u00bb||||||||\u00bb header_font=\u00bb||||||||\u00bb header_text_align=\u00bbcenter\u00bb header_2_font=\u00bb|300||on|||||\u00bb header_2_text_align=\u00bbright\u00bb header_2_font_size=\u00bb29px\u00bb custom_margin=\u00bb||0px||false|false\u00bb custom_padding=\u00bb|15%|0px||false|false\u00bb header_2_text_align_tablet=\u00bb\u00bb header_2_text_align_phone=\u00bbleft\u00bb header_2_text_align_last_edited=\u00bbon|phone\u00bb header_2_font_size_tablet=\u00bb51px\u00bb header_2_font_size_phone=\u00bb25px\u00bb header_2_font_size_last_edited=\u00bbon|phone\u00bb border_width_right=\u00bb2px\u00bb border_color_right=\u00bb#cccccc\u00bb border_width_right_tablet=\u00bb\u00bb border_width_right_phone=\u00bb0px\u00bb border_width_right_last_edited=\u00bbon|phone\u00bb locked=\u00bboff\u00bb global_colors_info=\u00bb{}\u00bb]<\/p>\n<h2>clases de core en Pamplona<\/h2>\n<p>[\/et_pb_text][\/et_pb_column][et_pb_column type=\u00bb2_3&#8243; _builder_version=\u00bb4.16&#8243; _module_preset=\u00bbdefault\u00bb global_colors_info=\u00bb{}\u00bb][et_pb_text _builder_version=\u00bb4.16&#8243; text_font=\u00bb|300|||||||\u00bb text_text_color=\u00bb#cccccc\u00bb text_line_height=\u00bb1.1em\u00bb header_font=\u00bb|300|||||||\u00bb header_2_font=\u00bb|300||on|||||\u00bb header_2_text_color=\u00bb#cccccc\u00bb header_2_font_size=\u00bb36px\u00bb header_2_letter_spacing=\u00bb2px\u00bb background_layout=\u00bbdark\u00bb global_colors_info=\u00bb{}\u00bb]Este tipo de entrenamiento se encuentra centrado en fortalecer m\u00fasculos centrales de nuestro cuerpo. De hecho, la palabra CORE en espa\u00f1ol se traduce literalmente como <b>\u201cN\u00facleo\u201d<\/b>, situaci\u00f3n que deja bastante clara la esencia de esta disciplina.<\/span><\/p>\n<p>Si eres un amante de los desaf\u00edos y te gusta disfrutar de nuevas experiencias, nuestras <strong>clases de CORE Abdominal en Pamplona<\/strong> son una oportunidad que no puedes dejar pasar. Contamos con <\/span>profesionales de alt\u00edsimo nivel y preparados exclusivamente para sacar a relucir tu m\u00e1ximo potencial f\u00edsico.<\/span><\/p>\n<p>Es por esto que si quieres ver hasta donde puedes llegar, integrarte a nuestras <strong>clases de CORE Pamplona<\/strong> ser\u00e1 una excelente manera de ponerte a prueba y redefinir tus l\u00edmites. <\/p>\n<p>Recuerda que contamos con una infraestructura perfectamente acondicionada para la pr\u00e1ctica de este tipo de entrenamiento, por lo que podr\u00e1s obtener los mejores resultados en el menor tiempo posible<strong>. Ac\u00e9rcate a nuestro gimnasio en Pamplona<\/strong> y disfruta de maquinarias de primer nivel y de un ambiente centrado en la superaci\u00f3n personal.[\/et_pb_text][\/et_pb_column][\/et_pb_row][et_pb_row column_structure=\u00bb1_3,2_3&#8243; custom_padding_last_edited=\u00bbon|phone\u00bb _builder_version=\u00bb4.16&#8243; _module_preset=\u00bbdefault\u00bb custom_margin=\u00bb||0px||false|false\u00bb custom_padding=\u00bb||||false|false\u00bb custom_padding_tablet=\u00bb\u00bb custom_padding_phone=\u00bb0px||0px||false|false\u00bb global_colors_info=\u00bb{}\u00bb][et_pb_column type=\u00bb1_3&#8243; _builder_version=\u00bb4.16&#8243; _module_preset=\u00bbdefault\u00bb global_colors_info=\u00bb{}\u00bb][et_pb_text _builder_version=\u00bb4.16&#8243; text_font=\u00bb||||||||\u00bb header_font=\u00bb||||||||\u00bb header_text_align=\u00bbcenter\u00bb header_2_font=\u00bb|300||on|||||\u00bb header_2_text_align=\u00bbright\u00bb header_2_font_size=\u00bb29px\u00bb custom_margin=\u00bb||0px||false|false\u00bb custom_padding=\u00bb|15%|0px||false|false\u00bb header_2_text_align_tablet=\u00bb\u00bb header_2_text_align_phone=\u00bbleft\u00bb header_2_text_align_last_edited=\u00bbon|phone\u00bb header_2_font_size_tablet=\u00bb51px\u00bb header_2_font_size_phone=\u00bb25px\u00bb header_2_font_size_last_edited=\u00bbon|phone\u00bb border_width_right=\u00bb2px\u00bb border_color_right=\u00bb#cccccc\u00bb border_width_right_tablet=\u00bb\u00bb border_width_right_phone=\u00bb0px\u00bb border_width_right_last_edited=\u00bbon|phone\u00bb locked=\u00bboff\u00bb global_colors_info=\u00bb{}\u00bb]<\/p>\n<h2>Beneficios<br \/>\ndel Core en Pamplona<\/h2>\n<p>[\/et_pb_text][\/et_pb_column][et_pb_column type=\u00bb2_3&#8243; _builder_version=\u00bb4.16&#8243; _module_preset=\u00bbdefault\u00bb global_colors_info=\u00bb{}\u00bb][et_pb_text _builder_version=\u00bb4.16&#8243; text_font=\u00bb|300|||||||\u00bb text_text_color=\u00bb#cccccc\u00bb text_line_height=\u00bb1.1em\u00bb header_font=\u00bb|300|||||||\u00bb header_2_font=\u00bb|300||on|||||\u00bb header_2_text_color=\u00bb#cccccc\u00bb header_2_font_size=\u00bb36px\u00bb header_2_letter_spacing=\u00bb2px\u00bb background_layout=\u00bbdark\u00bb global_colors_info=\u00bb{}\u00bb]Como bien te mencionamos anteriormente, el CORE trata espec\u00edficamente los m\u00fasculos de mayor importancia en nuestro cuerpo.<\/p>\n<p>Es por esto que al fortalecer las bases de nuestra estructura, mejorar\u00e1s enormemente tu sentido del equilibrio y el rendimiento f\u00edsico al que est\u00e1s acostumbrado.<\/p>\n<p>Tu capacidad para coordinar las diferentes partes de tu cuerpo se ver\u00e1 muy favorecida y <strong>podr\u00e1s mejorar todos tus<\/strong> <b>problemas de postura con nuestras clases de Core en Pamplona.\u00a0<\/b>Finalmente, sentir\u00e1s que la fuerza de tu cuerpo aumenta y esculpir\u00e1s tu silueta de la forma que siempre has so\u00f1ado.[\/et_pb_text][\/et_pb_column][\/et_pb_row][\/et_pb_section][et_pb_section fb_built=\u00bb1&#8243; custom_padding_last_edited=\u00bbon|phone\u00bb _builder_version=\u00bb4.27.5&#8243; _module_preset=\u00bbdefault\u00bb background_color=\u00bb#000000&#8243; custom_padding=\u00bb0px||50px||false|false\u00bb custom_padding_tablet=\u00bb\u00bb custom_padding_phone=\u00bb||30px||false|false\u00bb hover_enabled=\u00bb0&#8243; global_colors_info=\u00bb{}\u00bb sticky_enabled=\u00bb0&#8243;][et_pb_row column_structure=\u00bb1_3,2_3&#8243; custom_padding_last_edited=\u00bbon|phone\u00bb _builder_version=\u00bb4.16&#8243; _module_preset=\u00bbdefault\u00bb custom_padding_tablet=\u00bb\u00bb custom_padding_phone=\u00bb0px||0px||false|false\u00bb global_colors_info=\u00bb{}\u00bb][et_pb_column type=\u00bb1_3&#8243; _builder_version=\u00bb4.16&#8243; _module_preset=\u00bbdefault\u00bb global_colors_info=\u00bb{}\u00bb][et_pb_text _builder_version=\u00bb4.16&#8243; text_font=\u00bb||||||||\u00bb header_font=\u00bb||||||||\u00bb header_text_align=\u00bbcenter\u00bb header_2_font=\u00bb|300||on|||||\u00bb header_2_text_align=\u00bbright\u00bb header_2_font_size=\u00bb29px\u00bb custom_margin=\u00bb||0px||false|false\u00bb custom_padding=\u00bb|15%|0px||false|false\u00bb header_2_text_align_tablet=\u00bb\u00bb header_2_text_align_phone=\u00bbleft\u00bb header_2_text_align_last_edited=\u00bbon|phone\u00bb header_2_font_size_tablet=\u00bb51px\u00bb header_2_font_size_phone=\u00bb25px\u00bb header_2_font_size_last_edited=\u00bbon|phone\u00bb border_width_right=\u00bb2px\u00bb border_color_right=\u00bb#cccccc\u00bb border_width_right_tablet=\u00bb\u00bb border_width_right_phone=\u00bb0px\u00bb border_width_right_last_edited=\u00bbon|phone\u00bb locked=\u00bboff\u00bb global_colors_info=\u00bb{}\u00bb]<\/p>\n<h2>Por qu\u00e9 Core en Sparta Sport Center Pamplona<\/h2>\n<p>[\/et_pb_text][\/et_pb_column][et_pb_column type=\u00bb2_3&#8243; _builder_version=\u00bb4.16&#8243; _module_preset=\u00bbdefault\u00bb global_colors_info=\u00bb{}\u00bb][et_pb_text _builder_version=\u00bb4.16&#8243; text_font=\u00bb|300|||||||\u00bb text_text_color=\u00bb#cccccc\u00bb text_line_height=\u00bb1.1em\u00bb header_font=\u00bb|300|||||||\u00bb header_2_font=\u00bb|300||on|||||\u00bb header_2_text_color=\u00bb#cccccc\u00bb header_2_font_size=\u00bb36px\u00bb header_2_letter_spacing=\u00bb2px\u00bb background_layout=\u00bbdark\u00bb global_colors_info=\u00bb{}\u00bb]Nuestras clase de CORE Abdominal en Pamplona cuentan con la particularidad de ser monitoreadas de cerca por nuestros profesionales.<\/p>\n<p>Esto significa que tendr\u00e1s informaci\u00f3n detallada de todas tus sesiones y los diferentes progresos que logres a lo largo de ellas.<\/p>\n<p>El equipo de profesionales de Sparta se encuentra a tu entera disposici\u00f3n para que resuelvas tus dudas y puedas obtener resultados que se adec\u00faen a tus expectativas. S\u00famate cuanto antes y prueba gratis una<strong> clase\u00a0de CORE Abdominal en Pamplona<\/strong> y empieza a notar los cambios en tu cuerpo.[\/et_pb_text][\/et_pb_column][\/et_pb_row][\/et_pb_section][et_pb_section fb_built=\u00bb1&#8243; admin_label=\u00bbbanner footer prueba un dia\u00bb _builder_version=\u00bb4.23.4&#8243; background_color=\u00bb#363636&#8243; background_enable_color=\u00bboff\u00bb background_image=\u00bbhttps:\/\/spartasportcenter.com\/pamplona\/wp-content\/uploads\/2019\/09\/instalaciones-gimnasio-sparta-sport-center-pamplona-11.jpg\u00bb background_enable_image=\u00bboff\u00bb background_blend=\u00bbmultiply\u00bb custom_margin=\u00bb||||false|false\u00bb custom_padding=\u00bb0px|0px|0|0px|false|false\u00bb top_divider_flip=\u00bbhorizontal\u00bb global_module=\u00bb206679&#8243; locked=\u00bboff\u00bb global_colors_info=\u00bb{}\u00bb][\/et_pb_section]<\/p>\n","protected":false},"excerpt":{"rendered":"<p>clases de core en PamplonaEste tipo de entrenamiento se encuentra centrado en fortalecer m\u00fasculos centrales de nuestro cuerpo. De hecho, la palabra CORE en espa\u00f1ol se traduce literalmente como \u201cN\u00facleo\u201d, situaci\u00f3n que deja bastante clara la esencia de esta disciplina. Si eres un amante de los desaf\u00edos y te gusta disfrutar de nuevas experiencias, nuestras [&hellip;]<\/p>\n","protected":false},"author":1,"featured_media":220987,"parent":0,"menu_order":0,"comment_status":"closed","ping_status":"closed","template":"","meta":{"_et_pb_use_builder":"on","_et_pb_old_content":"","_et_gb_content_width":"","footnotes":""},"class_list":["post-206559","page","type-page","status-publish","has-post-thumbnail","hentry"],"yoast_head":"<!-- This site is optimized with the Yoast SEO plugin v27.5 - https:\/\/yoast.com\/product\/yoast-seo-wordpress\/ -->\n<title>Core Pamplona \u00a11 D\u00cdA GRATIS! | Sparta Sport Center<\/title>\n<meta name=\"description\" content=\"Ponte a prueba con nuestras CLASES DE CORE ABDOMINAL DIRIGIDAS en Pamplona. Aumenta la fuerza de tu cuerpo y mejora tu rendimiento f\u00edsico.\" \/>\n<meta name=\"robots\" content=\"index, follow, max-snippet:-1, max-image-preview:large, max-video-preview:-1\" \/>\n<link rel=\"canonical\" href=\"https:\/\/spartasportcenter.com\/pamplona\/core-pamplona\/\" \/>\n<meta property=\"og:locale\" content=\"es_ES\" \/>\n<meta property=\"og:type\" content=\"article\" \/>\n<meta property=\"og:title\" content=\"Core Pamplona \u00a11 D\u00cdA GRATIS! | Sparta Sport Center\" \/>\n<meta property=\"og:description\" content=\"Ponte a prueba con nuestras CLASES DE CORE ABDOMINAL DIRIGIDAS en Pamplona. Aumenta la fuerza de tu cuerpo y mejora tu rendimiento f\u00edsico.\" \/>\n<meta property=\"og:url\" content=\"https:\/\/spartasportcenter.com\/pamplona\/core-pamplona\/\" \/>\n<meta property=\"og:site_name\" content=\"Sparta Sport Center Pamplona\" \/>\n<meta property=\"article:modified_time\" content=\"2025-12-09T08:05:40+00:00\" \/>\n<meta property=\"og:image\" content=\"https:\/\/spartasportcenter.com\/pamplona\/wp-content\/uploads\/2024\/05\/core-pamplona.webp\" \/>\n\t<meta property=\"og:image:width\" content=\"2000\" \/>\n\t<meta property=\"og:image:height\" content=\"1333\" \/>\n\t<meta property=\"og:image:type\" content=\"image\/webp\" \/>\n<meta name=\"twitter:card\" content=\"summary_large_image\" \/>\n<meta name=\"twitter:label1\" content=\"Tiempo de lectura\" \/>\n\t<meta name=\"twitter:data1\" content=\"2 minutos\" \/>\n<script type=\"application\/ld+json\" class=\"yoast-schema-graph\">{\"@context\":\"https:\\\/\\\/schema.org\",\"@graph\":[{\"@type\":\"WebPage\",\"@id\":\"https:\\\/\\\/spartasportcenter.com\\\/pamplona\\\/core-pamplona\\\/\",\"url\":\"https:\\\/\\\/spartasportcenter.com\\\/pamplona\\\/core-pamplona\\\/\",\"name\":\"Core Pamplona \u00a11 D\u00cdA GRATIS! | Sparta Sport Center\",\"isPartOf\":{\"@id\":\"https:\\\/\\\/spartasportcenter.com\\\/pamplona\\\/#website\"},\"primaryImageOfPage\":{\"@id\":\"https:\\\/\\\/spartasportcenter.com\\\/pamplona\\\/core-pamplona\\\/#primaryimage\"},\"image\":{\"@id\":\"https:\\\/\\\/spartasportcenter.com\\\/pamplona\\\/core-pamplona\\\/#primaryimage\"},\"thumbnailUrl\":\"https:\\\/\\\/spartasportcenter.com\\\/pamplona\\\/wp-content\\\/uploads\\\/2024\\\/05\\\/core-pamplona.webp\",\"datePublished\":\"2018-08-20T15:51:28+00:00\",\"dateModified\":\"2025-12-09T08:05:40+00:00\",\"description\":\"Ponte a prueba con nuestras CLASES DE CORE ABDOMINAL DIRIGIDAS en Pamplona. Aumenta la fuerza de tu cuerpo y mejora tu rendimiento f\u00edsico.\",\"breadcrumb\":{\"@id\":\"https:\\\/\\\/spartasportcenter.com\\\/pamplona\\\/core-pamplona\\\/#breadcrumb\"},\"inLanguage\":\"es\",\"potentialAction\":[{\"@type\":\"ReadAction\",\"target\":[\"https:\\\/\\\/spartasportcenter.com\\\/pamplona\\\/core-pamplona\\\/\"]}]},{\"@type\":\"ImageObject\",\"inLanguage\":\"es\",\"@id\":\"https:\\\/\\\/spartasportcenter.com\\\/pamplona\\\/core-pamplona\\\/#primaryimage\",\"url\":\"https:\\\/\\\/spartasportcenter.com\\\/pamplona\\\/wp-content\\\/uploads\\\/2024\\\/05\\\/core-pamplona.webp\",\"contentUrl\":\"https:\\\/\\\/spartasportcenter.com\\\/pamplona\\\/wp-content\\\/uploads\\\/2024\\\/05\\\/core-pamplona.webp\",\"width\":2000,\"height\":1333,\"caption\":\"core pamplona\"},{\"@type\":\"BreadcrumbList\",\"@id\":\"https:\\\/\\\/spartasportcenter.com\\\/pamplona\\\/core-pamplona\\\/#breadcrumb\",\"itemListElement\":[{\"@type\":\"ListItem\",\"position\":1,\"name\":\"Portada\",\"item\":\"https:\\\/\\\/spartasportcenter.com\\\/pamplona\\\/\"},{\"@type\":\"ListItem\",\"position\":2,\"name\":\"CORE Pamplona\"}]},{\"@type\":\"WebSite\",\"@id\":\"https:\\\/\\\/spartasportcenter.com\\\/pamplona\\\/#website\",\"url\":\"https:\\\/\\\/spartasportcenter.com\\\/pamplona\\\/\",\"name\":\"Sparta Sport Center Pamplona\",\"description\":\"Gimnasios en Pamplona\",\"potentialAction\":[{\"@type\":\"SearchAction\",\"target\":{\"@type\":\"EntryPoint\",\"urlTemplate\":\"https:\\\/\\\/spartasportcenter.com\\\/pamplona\\\/?s={search_term_string}\"},\"query-input\":{\"@type\":\"PropertyValueSpecification\",\"valueRequired\":true,\"valueName\":\"search_term_string\"}}],\"inLanguage\":\"es\"}]}<\/script>\n<!-- \/ Yoast SEO plugin. -->","yoast_head_json":{"title":"Core Pamplona \u00a11 D\u00cdA GRATIS! | Sparta Sport Center","description":"Ponte a prueba con nuestras CLASES DE CORE ABDOMINAL DIRIGIDAS en Pamplona. Aumenta la fuerza de tu cuerpo y mejora tu rendimiento f\u00edsico.","robots":{"index":"index","follow":"follow","max-snippet":"max-snippet:-1","max-image-preview":"max-image-preview:large","max-video-preview":"max-video-preview:-1"},"canonical":"https:\/\/spartasportcenter.com\/pamplona\/core-pamplona\/","og_locale":"es_ES","og_type":"article","og_title":"Core Pamplona \u00a11 D\u00cdA GRATIS! | Sparta Sport Center","og_description":"Ponte a prueba con nuestras CLASES DE CORE ABDOMINAL DIRIGIDAS en Pamplona. Aumenta la fuerza de tu cuerpo y mejora tu rendimiento f\u00edsico.","og_url":"https:\/\/spartasportcenter.com\/pamplona\/core-pamplona\/","og_site_name":"Sparta Sport Center Pamplona","article_modified_time":"2025-12-09T08:05:40+00:00","og_image":[{"width":2000,"height":1333,"url":"https:\/\/spartasportcenter.com\/pamplona\/wp-content\/uploads\/2024\/05\/core-pamplona.webp","type":"image\/webp"}],"twitter_card":"summary_large_image","twitter_misc":{"Tiempo de lectura":"2 minutos"},"schema":{"@context":"https:\/\/schema.org","@graph":[{"@type":"WebPage","@id":"https:\/\/spartasportcenter.com\/pamplona\/core-pamplona\/","url":"https:\/\/spartasportcenter.com\/pamplona\/core-pamplona\/","name":"Core Pamplona \u00a11 D\u00cdA GRATIS! | Sparta Sport Center","isPartOf":{"@id":"https:\/\/spartasportcenter.com\/pamplona\/#website"},"primaryImageOfPage":{"@id":"https:\/\/spartasportcenter.com\/pamplona\/core-pamplona\/#primaryimage"},"image":{"@id":"https:\/\/spartasportcenter.com\/pamplona\/core-pamplona\/#primaryimage"},"thumbnailUrl":"https:\/\/spartasportcenter.com\/pamplona\/wp-content\/uploads\/2024\/05\/core-pamplona.webp","datePublished":"2018-08-20T15:51:28+00:00","dateModified":"2025-12-09T08:05:40+00:00","description":"Ponte a prueba con nuestras CLASES DE CORE ABDOMINAL DIRIGIDAS en Pamplona. Aumenta la fuerza de tu cuerpo y mejora tu rendimiento f\u00edsico.","breadcrumb":{"@id":"https:\/\/spartasportcenter.com\/pamplona\/core-pamplona\/#breadcrumb"},"inLanguage":"es","potentialAction":[{"@type":"ReadAction","target":["https:\/\/spartasportcenter.com\/pamplona\/core-pamplona\/"]}]},{"@type":"ImageObject","inLanguage":"es","@id":"https:\/\/spartasportcenter.com\/pamplona\/core-pamplona\/#primaryimage","url":"https:\/\/spartasportcenter.com\/pamplona\/wp-content\/uploads\/2024\/05\/core-pamplona.webp","contentUrl":"https:\/\/spartasportcenter.com\/pamplona\/wp-content\/uploads\/2024\/05\/core-pamplona.webp","width":2000,"height":1333,"caption":"core pamplona"},{"@type":"BreadcrumbList","@id":"https:\/\/spartasportcenter.com\/pamplona\/core-pamplona\/#breadcrumb","itemListElement":[{"@type":"ListItem","position":1,"name":"Portada","item":"https:\/\/spartasportcenter.com\/pamplona\/"},{"@type":"ListItem","position":2,"name":"CORE Pamplona"}]},{"@type":"WebSite","@id":"https:\/\/spartasportcenter.com\/pamplona\/#website","url":"https:\/\/spartasportcenter.com\/pamplona\/","name":"Sparta Sport Center Pamplona","description":"Gimnasios en Pamplona","potentialAction":[{"@type":"SearchAction","target":{"@type":"EntryPoint","urlTemplate":"https:\/\/spartasportcenter.com\/pamplona\/?s={search_term_string}"},"query-input":{"@type":"PropertyValueSpecification","valueRequired":true,"valueName":"search_term_string"}}],"inLanguage":"es"}]}},"_links":{"self":[{"href":"https:\/\/spartasportcenter.com\/pamplona\/wp-json\/wp\/v2\/pages\/206559","targetHints":{"allow":["GET"]}}],"collection":[{"href":"https:\/\/spartasportcenter.com\/pamplona\/wp-json\/wp\/v2\/pages"}],"about":[{"href":"https:\/\/spartasportcenter.com\/pamplona\/wp-json\/wp\/v2\/types\/page"}],"author":[{"embeddable":true,"href":"https:\/\/spartasportcenter.com\/pamplona\/wp-json\/wp\/v2\/users\/1"}],"replies":[{"embeddable":true,"href":"https:\/\/spartasportcenter.com\/pamplona\/wp-json\/wp\/v2\/comments?post=206559"}],"version-history":[{"count":1,"href":"https:\/\/spartasportcenter.com\/pamplona\/wp-json\/wp\/v2\/pages\/206559\/revisions"}],"predecessor-version":[{"id":224746,"href":"https:\/\/spartasportcenter.com\/pamplona\/wp-json\/wp\/v2\/pages\/206559\/revisions\/224746"}],"wp:featuredmedia":[{"embeddable":true,"href":"https:\/\/spartasportcenter.com\/pamplona\/wp-json\/wp\/v2\/media\/220987"}],"wp:attachment":[{"href":"https:\/\/spartasportcenter.com\/pamplona\/wp-json\/wp\/v2\/media?parent=206559"}],"curies":[{"name":"wp","href":"https:\/\/api.w.org\/{rel}","templated":true}]}}