{"id":206541,"date":"2018-08-20T15:40:03","date_gmt":"2018-08-20T15:40:03","guid":{"rendered":"https:\/\/pamplona.spartasportcenter.com\/?page_id=206541"},"modified":"2025-12-09T09:02:48","modified_gmt":"2025-12-09T08:02:48","slug":"spinning-pamplona","status":"publish","type":"page","link":"https:\/\/spartasportcenter.com\/pamplona\/spinning-pamplona\/","title":{"rendered":"Spinning Pamplona"},"content":{"rendered":"<p>[et_pb_section fb_built=\u00bb1&#8243; custom_padding_last_edited=\u00bbon|phone\u00bb disabled_on=\u00bboff|off|off\u00bb _builder_version=\u00bb4.27.5&#8243; background_color=\u00bb#000000&#8243; background_enable_image=\u00bboff\u00bb custom_margin=\u00bb||||false|false\u00bb custom_padding=\u00bb80px|0px|0px|0px|false|false\u00bb custom_padding_tablet=\u00bb\u00bb custom_padding_phone=\u00bb30px||50px||false|false\u00bb hover_enabled=\u00bb0&#8243; global_colors_info=\u00bb{}\u00bb sticky_enabled=\u00bb0&#8243;][et_pb_row column_structure=\u00bb1_3,2_3&#8243; custom_padding_last_edited=\u00bbon|desktop\u00bb _builder_version=\u00bb4.16&#8243; _module_preset=\u00bbdefault\u00bb custom_padding=\u00bb0px||||false|false\u00bb custom_padding_tablet=\u00bb\u00bb custom_padding_phone=\u00bb0px||||false|false\u00bb global_colors_info=\u00bb{}\u00bb][et_pb_column type=\u00bb1_3&#8243; _builder_version=\u00bb4.16&#8243; _module_preset=\u00bbdefault\u00bb global_colors_info=\u00bb{}\u00bb][et_pb_text _builder_version=\u00bb4.16&#8243; text_font=\u00bb||||||||\u00bb header_font=\u00bb||||||||\u00bb header_text_align=\u00bbcenter\u00bb header_2_font=\u00bb|300||on|||||\u00bb header_2_text_align=\u00bbright\u00bb header_2_font_size=\u00bb29px\u00bb custom_margin=\u00bb||0px||false|false\u00bb custom_padding=\u00bb|15%|0px||false|false\u00bb header_2_text_align_tablet=\u00bb\u00bb header_2_text_align_phone=\u00bbleft\u00bb header_2_text_align_last_edited=\u00bbon|phone\u00bb header_2_font_size_tablet=\u00bb51px\u00bb header_2_font_size_phone=\u00bb25px\u00bb header_2_font_size_last_edited=\u00bbon|phone\u00bb border_width_right=\u00bb2px\u00bb border_color_right=\u00bb#cccccc\u00bb border_width_right_tablet=\u00bb\u00bb border_width_right_phone=\u00bb0px\u00bb border_width_right_last_edited=\u00bbon|phone\u00bb locked=\u00bboff\u00bb global_colors_info=\u00bb{}\u00bb]<\/p>\n<h2>clases de Spinning en Pamplona<\/h2>\n<p>[\/et_pb_text][\/et_pb_column][et_pb_column type=\u00bb2_3&#8243; _builder_version=\u00bb4.16&#8243; _module_preset=\u00bbdefault\u00bb global_colors_info=\u00bb{}\u00bb][et_pb_text _builder_version=\u00bb4.16&#8243; text_font=\u00bb|300|||||||\u00bb text_text_color=\u00bb#cccccc\u00bb text_line_height=\u00bb1.1em\u00bb header_font=\u00bb|300|||||||\u00bb header_2_font=\u00bb|300||on|||||\u00bb header_2_text_color=\u00bb#cccccc\u00bb header_2_font_size=\u00bb36px\u00bb header_2_letter_spacing=\u00bb2px\u00bb background_layout=\u00bbdark\u00bb global_colors_info=\u00bb{}\u00bb]El <strong>Ciclo Indoor<\/strong> es una de las actividades que mayor cantidad adeptos genera en la actualidad. La eficiencia de sus ejercicios y lo din\u00e1mico de sus clases, convertir\u00e1n al <strong>Spinning en Pamplona<\/strong> en tu mejor aliado para mantenerte en forma.<\/p>\n<p>Nuestro curso de Ciclo Indoor en Pamplona es impartido por profesionales del acondicionamiento f\u00edsico, quienes cuentan con a\u00f1os de experiencia en esta disciplina. Por supuesto, tambi\u00e9n podr\u00e1s encontrar diferentes tipos de asesoramiento y descubrir junto a nosotros todos los beneficios del Ciclo Indoor.<\/p>\n<p>Una de las grandes ventajas de acudir a nuestras instalaciones, es que est\u00e1n perfectamente acondicionadas para la pr\u00e1ctica de este ejercicio. Adem\u00e1s, podr\u00e1s disfrutar de un completo asesoramiento por parte de nuestro personal, as\u00ed como de un seguimiento personal y planificaciones personalizadas para tus <strong>clases de Spinning en Pamplona.<\/strong>[\/et_pb_text][\/et_pb_column][\/et_pb_row][et_pb_row column_structure=\u00bb1_3,2_3&#8243; custom_padding_last_edited=\u00bbon|phone\u00bb _builder_version=\u00bb4.16&#8243; _module_preset=\u00bbdefault\u00bb custom_margin=\u00bb||0px||false|false\u00bb custom_padding=\u00bb||||false|false\u00bb custom_padding_tablet=\u00bb\u00bb custom_padding_phone=\u00bb0px||0px||false|false\u00bb global_colors_info=\u00bb{}\u00bb][et_pb_column type=\u00bb1_3&#8243; _builder_version=\u00bb4.16&#8243; _module_preset=\u00bbdefault\u00bb global_colors_info=\u00bb{}\u00bb][et_pb_text _builder_version=\u00bb4.16&#8243; text_font=\u00bb||||||||\u00bb header_font=\u00bb||||||||\u00bb header_text_align=\u00bbcenter\u00bb header_2_font=\u00bb|300||on|||||\u00bb header_2_text_align=\u00bbright\u00bb header_2_font_size=\u00bb29px\u00bb custom_margin=\u00bb||0px||false|false\u00bb custom_padding=\u00bb|15%|0px||false|false\u00bb header_2_text_align_tablet=\u00bb\u00bb header_2_text_align_phone=\u00bbleft\u00bb header_2_text_align_last_edited=\u00bbon|phone\u00bb header_2_font_size_tablet=\u00bb51px\u00bb header_2_font_size_phone=\u00bb25px\u00bb header_2_font_size_last_edited=\u00bbon|phone\u00bb border_width_right=\u00bb2px\u00bb border_color_right=\u00bb#cccccc\u00bb border_width_right_tablet=\u00bb\u00bb border_width_right_phone=\u00bb0px\u00bb border_width_right_last_edited=\u00bbon|phone\u00bb locked=\u00bboff\u00bb global_colors_info=\u00bb{}\u00bb]<\/p>\n<h2>Beneficios del Spinning en Pamplona<\/h2>\n<p>[\/et_pb_text][\/et_pb_column][et_pb_column type=\u00bb2_3&#8243; _builder_version=\u00bb4.16&#8243; _module_preset=\u00bbdefault\u00bb global_colors_info=\u00bb{}\u00bb][et_pb_text _builder_version=\u00bb4.16&#8243; text_font=\u00bb|300|||||||\u00bb text_text_color=\u00bb#cccccc\u00bb text_line_height=\u00bb1.1em\u00bb header_font=\u00bb|300|||||||\u00bb header_2_font=\u00bb|300||on|||||\u00bb header_2_text_color=\u00bb#cccccc\u00bb header_2_font_size=\u00bb36px\u00bb header_2_letter_spacing=\u00bb2px\u00bb background_layout=\u00bbdark\u00bb global_colors_info=\u00bb{}\u00bb]Gracias a nuestro <strong>curso de Ciclo Indoor en Pamplona<\/strong> podr\u00e1s perder peso r\u00e1pidamente a trav\u00e9s de ejercicios de bajo impacto f\u00edsico.<\/p>\n<p>Esto quiere decir que existen posibilidades casi nulas de que puedas lesionarte o fatigar tus m\u00fasculos, debido a que ser\u00e1s t\u00fa quien regule la intensidad de las m\u00e1quinas de Spinning.<\/p>\n<p>Desarrollar\u00e1s una gran coordinaci\u00f3n motriz y <strong>fortalecer\u00e1s tu tren inferior<\/strong>, otorg\u00e1ndole una definici\u00f3n nunca antes vista a tus piernas y gl\u00fateos. Por lo dem\u00e1s, es una actividad bastante divertida, que te transporta al ritmo de la m\u00fasica y que ayudar\u00e1 a reducir el estr\u00e9s de la vida diaria.<\/p>\n<p>Finalmente, otro de los aspectos positivos que ver\u00e1s en nuestro Ciclo Indoor en Pamplona es que tu capacidad aer\u00f3bica y resistencia aumentar\u00e1n de forma considerable.[\/et_pb_text][\/et_pb_column][\/et_pb_row][\/et_pb_section][et_pb_section fb_built=\u00bb1&#8243; custom_padding_last_edited=\u00bbon|phone\u00bb _builder_version=\u00bb4.27.5&#8243; _module_preset=\u00bbdefault\u00bb background_color=\u00bb#000000&#8243; custom_padding=\u00bb0px||50px||false|false\u00bb custom_padding_tablet=\u00bb\u00bb custom_padding_phone=\u00bb||30px||false|false\u00bb hover_enabled=\u00bb0&#8243; global_colors_info=\u00bb{}\u00bb sticky_enabled=\u00bb0&#8243;][et_pb_row column_structure=\u00bb1_3,2_3&#8243; custom_padding_last_edited=\u00bbon|phone\u00bb _builder_version=\u00bb4.16&#8243; _module_preset=\u00bbdefault\u00bb custom_padding_tablet=\u00bb\u00bb custom_padding_phone=\u00bb0px||0px||false|false\u00bb global_colors_info=\u00bb{}\u00bb][et_pb_column type=\u00bb1_3&#8243; _builder_version=\u00bb4.16&#8243; _module_preset=\u00bbdefault\u00bb global_colors_info=\u00bb{}\u00bb][et_pb_text _builder_version=\u00bb4.16&#8243; text_font=\u00bb||||||||\u00bb header_font=\u00bb||||||||\u00bb header_text_align=\u00bbcenter\u00bb header_2_font=\u00bb|300||on|||||\u00bb header_2_text_align=\u00bbright\u00bb header_2_font_size=\u00bb29px\u00bb custom_margin=\u00bb||0px||false|false\u00bb custom_padding=\u00bb|15%|0px||false|false\u00bb header_2_text_align_tablet=\u00bb\u00bb header_2_text_align_phone=\u00bbleft\u00bb header_2_text_align_last_edited=\u00bbon|phone\u00bb header_2_font_size_tablet=\u00bb51px\u00bb header_2_font_size_phone=\u00bb25px\u00bb header_2_font_size_last_edited=\u00bbon|phone\u00bb border_width_right=\u00bb2px\u00bb border_color_right=\u00bb#cccccc\u00bb border_width_right_tablet=\u00bb\u00bb border_width_right_phone=\u00bb0px\u00bb border_width_right_last_edited=\u00bbon|phone\u00bb locked=\u00bboff\u00bb global_colors_info=\u00bb{}\u00bb]<\/p>\n<h2>Por qu\u00e9 Spinning en Sparta Sport Center Pamplona<\/h2>\n<p>[\/et_pb_text][\/et_pb_column][et_pb_column type=\u00bb2_3&#8243; _builder_version=\u00bb4.16&#8243; _module_preset=\u00bbdefault\u00bb global_colors_info=\u00bb{}\u00bb][et_pb_text _builder_version=\u00bb4.16&#8243; text_font=\u00bb|300|||||||\u00bb text_text_color=\u00bb#cccccc\u00bb text_line_height=\u00bb1.1em\u00bb header_font=\u00bb|300|||||||\u00bb header_2_font=\u00bb|300||on|||||\u00bb header_2_text_color=\u00bb#cccccc\u00bb header_2_font_size=\u00bb36px\u00bb header_2_letter_spacing=\u00bb2px\u00bb background_layout=\u00bbdark\u00bb global_colors_info=\u00bb{}\u00bb]Porque contamos con <strong>instalaciones perfectamente acondicionadas para la pr\u00e1ctica del Spinning en Pamplona.<\/strong><\/p>\n<p>Adem\u00e1s de contar con un servicio totalmente personalizado. Registraremos cada una de tus sesiones y podr\u00e1s apreciar de primera fuente la manera en que progresas en tus ejercicios.<\/p>\n<p>S\u00famate a nuestro curso de Ciclo Indoor en Pamplona y comienza a transformar tu vida.[\/et_pb_text][\/et_pb_column][\/et_pb_row][\/et_pb_section][et_pb_section fb_built=\u00bb1&#8243; admin_label=\u00bbbanner footer prueba un dia\u00bb _builder_version=\u00bb4.23.4&#8243; background_color=\u00bb#363636&#8243; background_enable_color=\u00bboff\u00bb background_image=\u00bbhttps:\/\/spartasportcenter.com\/pamplona\/wp-content\/uploads\/2019\/09\/instalaciones-gimnasio-sparta-sport-center-pamplona-11.jpg\u00bb background_enable_image=\u00bboff\u00bb background_blend=\u00bbmultiply\u00bb custom_margin=\u00bb||||false|false\u00bb custom_padding=\u00bb0px|0px|0|0px|false|false\u00bb top_divider_flip=\u00bbhorizontal\u00bb global_module=\u00bb206679&#8243; locked=\u00bboff\u00bb global_colors_info=\u00bb{}\u00bb][\/et_pb_section]<\/p>\n","protected":false},"excerpt":{"rendered":"<p>clases de Spinning en PamplonaEl Ciclo Indoor es una de las actividades que mayor cantidad adeptos genera en la actualidad. La eficiencia de sus ejercicios y lo din\u00e1mico de sus clases, convertir\u00e1n al Spinning en Pamplona en tu mejor aliado para mantenerte en forma. Nuestro curso de Ciclo Indoor en Pamplona es impartido por profesionales [&hellip;]<\/p>\n","protected":false},"author":1,"featured_media":220992,"parent":0,"menu_order":0,"comment_status":"closed","ping_status":"closed","template":"","meta":{"_et_pb_use_builder":"on","_et_pb_old_content":"","_et_gb_content_width":"","footnotes":""},"class_list":["post-206541","page","type-page","status-publish","has-post-thumbnail","hentry"],"yoast_head":"<!-- This site is optimized with the Yoast SEO plugin v27.3 - https:\/\/yoast.com\/product\/yoast-seo-wordpress\/ -->\n<title>Spinning Pamplona \u00a11 D\u00cdA GRATIS! | Sparta Sport Center<\/title>\n<meta name=\"description\" content=\"Ponte en forma con nuestras CLASES DE SPINNING DIRIGIDAS en Pamplona. Nuestros instructores te guiaran para que disfrutes mientras te pones en forma.\" \/>\n<meta name=\"robots\" content=\"index, follow, max-snippet:-1, max-image-preview:large, max-video-preview:-1\" \/>\n<link rel=\"canonical\" href=\"https:\/\/spartasportcenter.com\/pamplona\/spinning-pamplona\/\" \/>\n<meta property=\"og:locale\" content=\"es_ES\" \/>\n<meta property=\"og:type\" content=\"article\" \/>\n<meta property=\"og:title\" content=\"Spinning Pamplona \u00a11 D\u00cdA GRATIS! | Sparta Sport Center\" \/>\n<meta property=\"og:description\" content=\"Ponte en forma con nuestras CLASES DE SPINNING DIRIGIDAS en Pamplona. Nuestros instructores te guiaran para que disfrutes mientras te pones en forma.\" \/>\n<meta property=\"og:url\" content=\"https:\/\/spartasportcenter.com\/pamplona\/spinning-pamplona\/\" \/>\n<meta property=\"og:site_name\" content=\"Sparta Sport Center Pamplona\" \/>\n<meta property=\"article:modified_time\" content=\"2025-12-09T08:02:48+00:00\" \/>\n<meta property=\"og:image\" content=\"https:\/\/spartasportcenter.com\/pamplona\/wp-content\/uploads\/2024\/05\/spinning-pamplona.webp\" \/>\n\t<meta property=\"og:image:width\" content=\"2000\" \/>\n\t<meta property=\"og:image:height\" content=\"1333\" \/>\n\t<meta property=\"og:image:type\" content=\"image\/webp\" \/>\n<meta name=\"twitter:card\" content=\"summary_large_image\" \/>\n<meta name=\"twitter:label1\" content=\"Tiempo de lectura\" \/>\n\t<meta name=\"twitter:data1\" content=\"2 minutos\" \/>\n<script type=\"application\/ld+json\" class=\"yoast-schema-graph\">{\"@context\":\"https:\\\/\\\/schema.org\",\"@graph\":[{\"@type\":\"WebPage\",\"@id\":\"https:\\\/\\\/spartasportcenter.com\\\/pamplona\\\/spinning-pamplona\\\/\",\"url\":\"https:\\\/\\\/spartasportcenter.com\\\/pamplona\\\/spinning-pamplona\\\/\",\"name\":\"Spinning Pamplona \u00a11 D\u00cdA GRATIS! | Sparta Sport Center\",\"isPartOf\":{\"@id\":\"https:\\\/\\\/spartasportcenter.com\\\/pamplona\\\/#website\"},\"primaryImageOfPage\":{\"@id\":\"https:\\\/\\\/spartasportcenter.com\\\/pamplona\\\/spinning-pamplona\\\/#primaryimage\"},\"image\":{\"@id\":\"https:\\\/\\\/spartasportcenter.com\\\/pamplona\\\/spinning-pamplona\\\/#primaryimage\"},\"thumbnailUrl\":\"https:\\\/\\\/spartasportcenter.com\\\/pamplona\\\/wp-content\\\/uploads\\\/2024\\\/05\\\/spinning-pamplona.webp\",\"datePublished\":\"2018-08-20T15:40:03+00:00\",\"dateModified\":\"2025-12-09T08:02:48+00:00\",\"description\":\"Ponte en forma con nuestras CLASES DE SPINNING DIRIGIDAS en Pamplona. Nuestros instructores te guiaran para que disfrutes mientras te pones en forma.\",\"breadcrumb\":{\"@id\":\"https:\\\/\\\/spartasportcenter.com\\\/pamplona\\\/spinning-pamplona\\\/#breadcrumb\"},\"inLanguage\":\"es\",\"potentialAction\":[{\"@type\":\"ReadAction\",\"target\":[\"https:\\\/\\\/spartasportcenter.com\\\/pamplona\\\/spinning-pamplona\\\/\"]}]},{\"@type\":\"ImageObject\",\"inLanguage\":\"es\",\"@id\":\"https:\\\/\\\/spartasportcenter.com\\\/pamplona\\\/spinning-pamplona\\\/#primaryimage\",\"url\":\"https:\\\/\\\/spartasportcenter.com\\\/pamplona\\\/wp-content\\\/uploads\\\/2024\\\/05\\\/spinning-pamplona.webp\",\"contentUrl\":\"https:\\\/\\\/spartasportcenter.com\\\/pamplona\\\/wp-content\\\/uploads\\\/2024\\\/05\\\/spinning-pamplona.webp\",\"width\":2000,\"height\":1333,\"caption\":\"spinning pamplona\"},{\"@type\":\"BreadcrumbList\",\"@id\":\"https:\\\/\\\/spartasportcenter.com\\\/pamplona\\\/spinning-pamplona\\\/#breadcrumb\",\"itemListElement\":[{\"@type\":\"ListItem\",\"position\":1,\"name\":\"Portada\",\"item\":\"https:\\\/\\\/spartasportcenter.com\\\/pamplona\\\/\"},{\"@type\":\"ListItem\",\"position\":2,\"name\":\"Spinning Pamplona\"}]},{\"@type\":\"WebSite\",\"@id\":\"https:\\\/\\\/spartasportcenter.com\\\/pamplona\\\/#website\",\"url\":\"https:\\\/\\\/spartasportcenter.com\\\/pamplona\\\/\",\"name\":\"Sparta Sport Center Pamplona\",\"description\":\"Gimnasios en Pamplona\",\"potentialAction\":[{\"@type\":\"SearchAction\",\"target\":{\"@type\":\"EntryPoint\",\"urlTemplate\":\"https:\\\/\\\/spartasportcenter.com\\\/pamplona\\\/?s={search_term_string}\"},\"query-input\":{\"@type\":\"PropertyValueSpecification\",\"valueRequired\":true,\"valueName\":\"search_term_string\"}}],\"inLanguage\":\"es\"}]}<\/script>\n<!-- \/ Yoast SEO plugin. -->","yoast_head_json":{"title":"Spinning Pamplona \u00a11 D\u00cdA GRATIS! | Sparta Sport Center","description":"Ponte en forma con nuestras CLASES DE SPINNING DIRIGIDAS en Pamplona. Nuestros instructores te guiaran para que disfrutes mientras te pones en forma.","robots":{"index":"index","follow":"follow","max-snippet":"max-snippet:-1","max-image-preview":"max-image-preview:large","max-video-preview":"max-video-preview:-1"},"canonical":"https:\/\/spartasportcenter.com\/pamplona\/spinning-pamplona\/","og_locale":"es_ES","og_type":"article","og_title":"Spinning Pamplona \u00a11 D\u00cdA GRATIS! | Sparta Sport Center","og_description":"Ponte en forma con nuestras CLASES DE SPINNING DIRIGIDAS en Pamplona. Nuestros instructores te guiaran para que disfrutes mientras te pones en forma.","og_url":"https:\/\/spartasportcenter.com\/pamplona\/spinning-pamplona\/","og_site_name":"Sparta Sport Center Pamplona","article_modified_time":"2025-12-09T08:02:48+00:00","og_image":[{"width":2000,"height":1333,"url":"https:\/\/spartasportcenter.com\/pamplona\/wp-content\/uploads\/2024\/05\/spinning-pamplona.webp","type":"image\/webp"}],"twitter_card":"summary_large_image","twitter_misc":{"Tiempo de lectura":"2 minutos"},"schema":{"@context":"https:\/\/schema.org","@graph":[{"@type":"WebPage","@id":"https:\/\/spartasportcenter.com\/pamplona\/spinning-pamplona\/","url":"https:\/\/spartasportcenter.com\/pamplona\/spinning-pamplona\/","name":"Spinning Pamplona \u00a11 D\u00cdA GRATIS! | Sparta Sport Center","isPartOf":{"@id":"https:\/\/spartasportcenter.com\/pamplona\/#website"},"primaryImageOfPage":{"@id":"https:\/\/spartasportcenter.com\/pamplona\/spinning-pamplona\/#primaryimage"},"image":{"@id":"https:\/\/spartasportcenter.com\/pamplona\/spinning-pamplona\/#primaryimage"},"thumbnailUrl":"https:\/\/spartasportcenter.com\/pamplona\/wp-content\/uploads\/2024\/05\/spinning-pamplona.webp","datePublished":"2018-08-20T15:40:03+00:00","dateModified":"2025-12-09T08:02:48+00:00","description":"Ponte en forma con nuestras CLASES DE SPINNING DIRIGIDAS en Pamplona. Nuestros instructores te guiaran para que disfrutes mientras te pones en forma.","breadcrumb":{"@id":"https:\/\/spartasportcenter.com\/pamplona\/spinning-pamplona\/#breadcrumb"},"inLanguage":"es","potentialAction":[{"@type":"ReadAction","target":["https:\/\/spartasportcenter.com\/pamplona\/spinning-pamplona\/"]}]},{"@type":"ImageObject","inLanguage":"es","@id":"https:\/\/spartasportcenter.com\/pamplona\/spinning-pamplona\/#primaryimage","url":"https:\/\/spartasportcenter.com\/pamplona\/wp-content\/uploads\/2024\/05\/spinning-pamplona.webp","contentUrl":"https:\/\/spartasportcenter.com\/pamplona\/wp-content\/uploads\/2024\/05\/spinning-pamplona.webp","width":2000,"height":1333,"caption":"spinning pamplona"},{"@type":"BreadcrumbList","@id":"https:\/\/spartasportcenter.com\/pamplona\/spinning-pamplona\/#breadcrumb","itemListElement":[{"@type":"ListItem","position":1,"name":"Portada","item":"https:\/\/spartasportcenter.com\/pamplona\/"},{"@type":"ListItem","position":2,"name":"Spinning Pamplona"}]},{"@type":"WebSite","@id":"https:\/\/spartasportcenter.com\/pamplona\/#website","url":"https:\/\/spartasportcenter.com\/pamplona\/","name":"Sparta Sport Center Pamplona","description":"Gimnasios en Pamplona","potentialAction":[{"@type":"SearchAction","target":{"@type":"EntryPoint","urlTemplate":"https:\/\/spartasportcenter.com\/pamplona\/?s={search_term_string}"},"query-input":{"@type":"PropertyValueSpecification","valueRequired":true,"valueName":"search_term_string"}}],"inLanguage":"es"}]}},"_links":{"self":[{"href":"https:\/\/spartasportcenter.com\/pamplona\/wp-json\/wp\/v2\/pages\/206541","targetHints":{"allow":["GET"]}}],"collection":[{"href":"https:\/\/spartasportcenter.com\/pamplona\/wp-json\/wp\/v2\/pages"}],"about":[{"href":"https:\/\/spartasportcenter.com\/pamplona\/wp-json\/wp\/v2\/types\/page"}],"author":[{"embeddable":true,"href":"https:\/\/spartasportcenter.com\/pamplona\/wp-json\/wp\/v2\/users\/1"}],"replies":[{"embeddable":true,"href":"https:\/\/spartasportcenter.com\/pamplona\/wp-json\/wp\/v2\/comments?post=206541"}],"version-history":[{"count":1,"href":"https:\/\/spartasportcenter.com\/pamplona\/wp-json\/wp\/v2\/pages\/206541\/revisions"}],"predecessor-version":[{"id":224743,"href":"https:\/\/spartasportcenter.com\/pamplona\/wp-json\/wp\/v2\/pages\/206541\/revisions\/224743"}],"wp:featuredmedia":[{"embeddable":true,"href":"https:\/\/spartasportcenter.com\/pamplona\/wp-json\/wp\/v2\/media\/220992"}],"wp:attachment":[{"href":"https:\/\/spartasportcenter.com\/pamplona\/wp-json\/wp\/v2\/media?parent=206541"}],"curies":[{"name":"wp","href":"https:\/\/api.w.org\/{rel}","templated":true}]}}