{"id":206528,"date":"2018-08-20T15:22:05","date_gmt":"2018-08-20T15:22:05","guid":{"rendered":"https:\/\/pamplona.spartasportcenter.com\/?page_id=206528"},"modified":"2025-12-09T09:08:34","modified_gmt":"2025-12-09T08:08:34","slug":"boxeo-pamplona","status":"publish","type":"page","link":"https:\/\/spartasportcenter.com\/pamplona\/boxeo-pamplona\/","title":{"rendered":"Boxeo Pamplona"},"content":{"rendered":"<p>[et_pb_section fb_built=\u00bb1&#8243; custom_padding_last_edited=\u00bbon|phone\u00bb disabled_on=\u00bboff|off|off\u00bb _builder_version=\u00bb4.27.5&#8243; background_color=\u00bb#000000&#8243; background_enable_image=\u00bboff\u00bb custom_margin=\u00bb||||false|false\u00bb custom_padding=\u00bb80px|0px|0px|0px|false|false\u00bb custom_padding_tablet=\u00bb\u00bb custom_padding_phone=\u00bb30px||50px||false|false\u00bb hover_enabled=\u00bb0&#8243; global_colors_info=\u00bb{}\u00bb sticky_enabled=\u00bb0&#8243;][et_pb_row column_structure=\u00bb1_3,2_3&#8243; custom_padding_last_edited=\u00bbon|desktop\u00bb _builder_version=\u00bb4.16&#8243; _module_preset=\u00bbdefault\u00bb custom_padding=\u00bb0px||||false|false\u00bb custom_padding_tablet=\u00bb\u00bb custom_padding_phone=\u00bb0px||||false|false\u00bb global_colors_info=\u00bb{}\u00bb][et_pb_column type=\u00bb1_3&#8243; _builder_version=\u00bb4.16&#8243; _module_preset=\u00bbdefault\u00bb global_colors_info=\u00bb{}\u00bb][et_pb_text _builder_version=\u00bb4.16&#8243; text_font=\u00bb||||||||\u00bb header_font=\u00bb||||||||\u00bb header_text_align=\u00bbcenter\u00bb header_2_font=\u00bb|300||on|||||\u00bb header_2_text_align=\u00bbright\u00bb header_2_font_size=\u00bb29px\u00bb custom_margin=\u00bb||0px||false|false\u00bb custom_padding=\u00bb|15%|0px||false|false\u00bb header_2_text_align_tablet=\u00bb\u00bb header_2_text_align_phone=\u00bbleft\u00bb header_2_text_align_last_edited=\u00bbon|phone\u00bb header_2_font_size_tablet=\u00bb51px\u00bb header_2_font_size_phone=\u00bb25px\u00bb header_2_font_size_last_edited=\u00bbon|phone\u00bb border_width_right=\u00bb2px\u00bb border_color_right=\u00bb#cccccc\u00bb border_width_right_tablet=\u00bb\u00bb border_width_right_phone=\u00bb0px\u00bb border_width_right_last_edited=\u00bbon|phone\u00bb locked=\u00bboff\u00bb global_colors_info=\u00bb{}\u00bb]<\/p>\n<h2>clases de boxeo en Pamplona<\/h2>\n<p>[\/et_pb_text][\/et_pb_column][et_pb_column type=\u00bb2_3&#8243; _builder_version=\u00bb4.16&#8243; _module_preset=\u00bbdefault\u00bb global_colors_info=\u00bb{}\u00bb][et_pb_text _builder_version=\u00bb4.16&#8243; text_font=\u00bb|300|||||||\u00bb text_text_color=\u00bb#cccccc\u00bb text_line_height=\u00bb1.1em\u00bb header_font=\u00bb|300|||||||\u00bb header_2_font=\u00bb|300||on|||||\u00bb header_2_text_color=\u00bb#cccccc\u00bb header_2_font_size=\u00bb36px\u00bb header_2_letter_spacing=\u00bb2px\u00bb background_layout=\u00bbdark\u00bb global_colors_info=\u00bb{}\u00bb]El boxeo es posiblemente el deporte de contacto con mayor popularidad en nuestra sociedad. Adem\u00e1s del ejercicio f\u00edsico, tambi\u00e9n involucra aspectos fundamentales como la fraternidad, la solidaridad y el trabajo en equipo. Es por esto que si quieres desarrollarte en diferentes dimensiones de tu vida, nuestro <strong>gimnasio de Boxeo en Pamplona<\/strong> es tu mejor opci\u00f3n.<\/p>\n<p>Para el correcto desarrollo de esta actividad y la consecuci\u00f3n de todos tus objetivos, contamos con un equipo de entrenadores especialmente formados para ense\u00f1ar esta disciplina. De esta manera, con <b>nuestras clases de Boxeo en Pamplona<\/b> lograr\u00e1s sacar el m\u00e1ximo rendimiento de ti mismo y superar tus l\u00edmites en cada sesi\u00f3n.<\/p>\n<p>Si eres de los que gustan de ponerse constantemente a prueba, superar sus l\u00edmites y trabajar de forma organizada, nuestra escuela de Boxeo en Pamplona es el lugar perfecto para ti.[\/et_pb_text][\/et_pb_column][\/et_pb_row][et_pb_row column_structure=\u00bb1_3,2_3&#8243; custom_padding_last_edited=\u00bbon|phone\u00bb _builder_version=\u00bb4.16&#8243; _module_preset=\u00bbdefault\u00bb custom_margin=\u00bb||0px||false|false\u00bb custom_padding=\u00bb||||false|false\u00bb custom_padding_tablet=\u00bb\u00bb custom_padding_phone=\u00bb0px||0px||false|false\u00bb global_colors_info=\u00bb{}\u00bb][et_pb_column type=\u00bb1_3&#8243; _builder_version=\u00bb4.16&#8243; _module_preset=\u00bbdefault\u00bb global_colors_info=\u00bb{}\u00bb][et_pb_text _builder_version=\u00bb4.16&#8243; text_font=\u00bb||||||||\u00bb header_font=\u00bb||||||||\u00bb header_text_align=\u00bbcenter\u00bb header_2_font=\u00bb|300||on|||||\u00bb header_2_text_align=\u00bbright\u00bb header_2_font_size=\u00bb29px\u00bb custom_margin=\u00bb||0px||false|false\u00bb custom_padding=\u00bb|15%|0px||false|false\u00bb header_2_text_align_tablet=\u00bb\u00bb header_2_text_align_phone=\u00bbleft\u00bb header_2_text_align_last_edited=\u00bbon|phone\u00bb header_2_font_size_tablet=\u00bb51px\u00bb header_2_font_size_phone=\u00bb25px\u00bb header_2_font_size_last_edited=\u00bbon|phone\u00bb border_width_right=\u00bb2px\u00bb border_color_right=\u00bb#cccccc\u00bb border_width_right_tablet=\u00bb\u00bb border_width_right_phone=\u00bb0px\u00bb border_width_right_last_edited=\u00bbon|phone\u00bb locked=\u00bboff\u00bb global_colors_info=\u00bb{}\u00bb]<\/p>\n<h2>Beneficios<br \/>\ndel Boxeo en Pamplona<\/h2>\n<p>[\/et_pb_text][\/et_pb_column][et_pb_column type=\u00bb2_3&#8243; _builder_version=\u00bb4.16&#8243; _module_preset=\u00bbdefault\u00bb global_colors_info=\u00bb{}\u00bb][et_pb_text _builder_version=\u00bb4.16&#8243; text_font=\u00bb|300|||||||\u00bb text_text_color=\u00bb#cccccc\u00bb text_line_height=\u00bb1.1em\u00bb header_font=\u00bb|300|||||||\u00bb header_2_font=\u00bb|300||on|||||\u00bb header_2_text_color=\u00bb#cccccc\u00bb header_2_font_size=\u00bb36px\u00bb header_2_letter_spacing=\u00bb2px\u00bb background_layout=\u00bbdark\u00bb global_colors_info=\u00bb{}\u00bb]Acudir a nuestras <strong>clases de Boxing en Pamplona<\/strong> te traer\u00e1 una serie de r\u00e9ditos y satisfacciones personales.<\/p>\n<p>Una de las principales ventajas de este deporte de contacto es que te permite liberar constantemente adrenalina, cuesti\u00f3n que quita el estr\u00e9s en las personas y le brinda relajaci\u00f3n a su vida diaria.<\/p>\n<p>Por lo dem\u00e1s, <strong>con el boxeo mejorar\u00e1s el control sobre tu cuerpo<\/strong>, el espacio circundante y tu capacidad de coordinaci\u00f3n visomotriz como nunca imaginaste. Ser\u00e1s cada vez m\u00e1s \u00e1gil y r\u00e1pido con tus movimientos, al mismo tiempo que desarrollas masa muscular en las piernas y en el tren superior de tu cuerpo.<\/p>\n<p>Perder\u00e1s el miedo al contacto f\u00edsico y aumentar\u00e1s tus reflejos. Nuestra <strong>escuela de Boxeo en Pamplona<\/strong> tambi\u00e9n es una excelente oportunidad para que aprendas a defenderte en aquellas situaciones que lo requieran.[\/et_pb_text][\/et_pb_column][\/et_pb_row][\/et_pb_section][et_pb_section fb_built=\u00bb1&#8243; custom_padding_last_edited=\u00bbon|phone\u00bb _builder_version=\u00bb4.27.5&#8243; _module_preset=\u00bbdefault\u00bb background_color=\u00bb#000000&#8243; custom_padding=\u00bb0px||50px||false|false\u00bb custom_padding_tablet=\u00bb\u00bb custom_padding_phone=\u00bb||30px||false|false\u00bb hover_enabled=\u00bb0&#8243; global_colors_info=\u00bb{}\u00bb sticky_enabled=\u00bb0&#8243;][et_pb_row column_structure=\u00bb1_3,2_3&#8243; custom_padding_last_edited=\u00bbon|phone\u00bb _builder_version=\u00bb4.16&#8243; _module_preset=\u00bbdefault\u00bb custom_padding_tablet=\u00bb\u00bb custom_padding_phone=\u00bb0px||0px||false|false\u00bb global_colors_info=\u00bb{}\u00bb][et_pb_column type=\u00bb1_3&#8243; _builder_version=\u00bb4.16&#8243; _module_preset=\u00bbdefault\u00bb global_colors_info=\u00bb{}\u00bb][et_pb_text _builder_version=\u00bb4.16&#8243; text_font=\u00bb||||||||\u00bb header_font=\u00bb||||||||\u00bb header_text_align=\u00bbcenter\u00bb header_2_font=\u00bb|300||on|||||\u00bb header_2_text_align=\u00bbright\u00bb header_2_font_size=\u00bb29px\u00bb custom_margin=\u00bb||0px||false|false\u00bb custom_padding=\u00bb|15%|0px||false|false\u00bb header_2_text_align_tablet=\u00bb\u00bb header_2_text_align_phone=\u00bbleft\u00bb header_2_text_align_last_edited=\u00bbon|phone\u00bb header_2_font_size_tablet=\u00bb51px\u00bb header_2_font_size_phone=\u00bb25px\u00bb header_2_font_size_last_edited=\u00bbon|phone\u00bb border_width_right=\u00bb2px\u00bb border_color_right=\u00bb#cccccc\u00bb border_width_right_tablet=\u00bb\u00bb border_width_right_phone=\u00bb0px\u00bb border_width_right_last_edited=\u00bbon|phone\u00bb locked=\u00bboff\u00bb global_colors_info=\u00bb{}\u00bb]<\/p>\n<h2>Por qu\u00e9 Boxeo en Sparta Sport Center en Pamplona<\/h2>\n<p>[\/et_pb_text][\/et_pb_column][et_pb_column type=\u00bb2_3&#8243; _builder_version=\u00bb4.16&#8243; _module_preset=\u00bbdefault\u00bb global_colors_info=\u00bb{}\u00bb][et_pb_text _builder_version=\u00bb4.16&#8243; text_font=\u00bb|300|||||||\u00bb text_text_color=\u00bb#cccccc\u00bb text_line_height=\u00bb1.1em\u00bb header_font=\u00bb|300|||||||\u00bb header_2_font=\u00bb|300||on|||||\u00bb header_2_text_color=\u00bb#cccccc\u00bb header_2_font_size=\u00bb36px\u00bb header_2_letter_spacing=\u00bb2px\u00bb background_layout=\u00bbdark\u00bb global_colors_info=\u00bb{}\u00bb]Porque en Sparta contamos con profesionales totalmente dedicados y comprometidos con el progreso y bienestar de nuestros clientes.<\/p>\n<p>Ellos se encargar\u00e1n de llevar un registro detallado en cada una de las clases, con el fin de comprobar cu\u00e1l es el mejor camino para que logres tus objetivos..<\/p>\n<p>S\u00famate a nuestro <strong>equipo de Boxeo en Pamplona<\/strong> y comienza a superar tus l\u00edmites.[\/et_pb_text][\/et_pb_column][\/et_pb_row][\/et_pb_section][et_pb_section fb_built=\u00bb1&#8243; admin_label=\u00bbbanner footer prueba un dia\u00bb _builder_version=\u00bb4.23.4&#8243; background_color=\u00bb#363636&#8243; background_enable_color=\u00bboff\u00bb background_image=\u00bbhttps:\/\/spartasportcenter.com\/pamplona\/wp-content\/uploads\/2019\/09\/instalaciones-gimnasio-sparta-sport-center-pamplona-11.jpg\u00bb background_enable_image=\u00bboff\u00bb background_blend=\u00bbmultiply\u00bb custom_margin=\u00bb||||false|false\u00bb custom_padding=\u00bb0px|0px|0|0px|false|false\u00bb top_divider_flip=\u00bbhorizontal\u00bb global_module=\u00bb206679&#8243; locked=\u00bboff\u00bb global_colors_info=\u00bb{}\u00bb][\/et_pb_section]<\/p>\n","protected":false},"excerpt":{"rendered":"<p>clases de boxeo en PamplonaEl boxeo es posiblemente el deporte de contacto con mayor popularidad en nuestra sociedad. Adem\u00e1s del ejercicio f\u00edsico, tambi\u00e9n involucra aspectos fundamentales como la fraternidad, la solidaridad y el trabajo en equipo. Es por esto que si quieres desarrollarte en diferentes dimensiones de tu vida, nuestro gimnasio de Boxeo en Pamplona [&hellip;]<\/p>\n","protected":false},"author":1,"featured_media":220986,"parent":0,"menu_order":0,"comment_status":"closed","ping_status":"closed","template":"","meta":{"_et_pb_use_builder":"on","_et_pb_old_content":"","_et_gb_content_width":"","footnotes":""},"class_list":["post-206528","page","type-page","status-publish","has-post-thumbnail","hentry"],"yoast_head":"<!-- This site is optimized with the Yoast SEO plugin v27.4 - https:\/\/yoast.com\/product\/yoast-seo-wordpress\/ -->\n<title>Boxeo Pamplona \u00a11 D\u00cdA GRATIS! | Sparta Sport Center<\/title>\n<meta name=\"description\" content=\"Ap\u00fantate a nuestras CLASES DE BOXEO en Pamplona. en este deporte de contacto mejorar\u00e1s la capacidad de sincronizaci\u00f3n, velocidad y agilidad.\" \/>\n<meta name=\"robots\" content=\"index, follow, max-snippet:-1, max-image-preview:large, max-video-preview:-1\" \/>\n<link rel=\"canonical\" href=\"https:\/\/spartasportcenter.com\/pamplona\/boxeo-pamplona\/\" \/>\n<meta property=\"og:locale\" content=\"es_ES\" \/>\n<meta property=\"og:type\" content=\"article\" \/>\n<meta property=\"og:title\" content=\"Boxeo Pamplona \u00a11 D\u00cdA GRATIS! | Sparta Sport Center\" \/>\n<meta property=\"og:description\" content=\"Ap\u00fantate a nuestras CLASES DE BOXEO en Pamplona. en este deporte de contacto mejorar\u00e1s la capacidad de sincronizaci\u00f3n, velocidad y agilidad.\" \/>\n<meta property=\"og:url\" content=\"https:\/\/spartasportcenter.com\/pamplona\/boxeo-pamplona\/\" \/>\n<meta property=\"og:site_name\" content=\"Sparta Sport Center Pamplona\" \/>\n<meta property=\"article:modified_time\" content=\"2025-12-09T08:08:34+00:00\" \/>\n<meta property=\"og:image\" content=\"https:\/\/spartasportcenter.com\/pamplona\/wp-content\/uploads\/2024\/05\/boxeo-pamplona.webp\" \/>\n\t<meta property=\"og:image:width\" content=\"2000\" \/>\n\t<meta property=\"og:image:height\" content=\"1333\" \/>\n\t<meta property=\"og:image:type\" content=\"image\/webp\" \/>\n<meta name=\"twitter:card\" content=\"summary_large_image\" \/>\n<meta name=\"twitter:label1\" content=\"Tiempo de lectura\" \/>\n\t<meta name=\"twitter:data1\" content=\"2 minutos\" \/>\n<script type=\"application\/ld+json\" class=\"yoast-schema-graph\">{\"@context\":\"https:\\\/\\\/schema.org\",\"@graph\":[{\"@type\":\"WebPage\",\"@id\":\"https:\\\/\\\/spartasportcenter.com\\\/pamplona\\\/boxeo-pamplona\\\/\",\"url\":\"https:\\\/\\\/spartasportcenter.com\\\/pamplona\\\/boxeo-pamplona\\\/\",\"name\":\"Boxeo Pamplona \u00a11 D\u00cdA GRATIS! | Sparta Sport Center\",\"isPartOf\":{\"@id\":\"https:\\\/\\\/spartasportcenter.com\\\/pamplona\\\/#website\"},\"primaryImageOfPage\":{\"@id\":\"https:\\\/\\\/spartasportcenter.com\\\/pamplona\\\/boxeo-pamplona\\\/#primaryimage\"},\"image\":{\"@id\":\"https:\\\/\\\/spartasportcenter.com\\\/pamplona\\\/boxeo-pamplona\\\/#primaryimage\"},\"thumbnailUrl\":\"https:\\\/\\\/spartasportcenter.com\\\/pamplona\\\/wp-content\\\/uploads\\\/2024\\\/05\\\/boxeo-pamplona.webp\",\"datePublished\":\"2018-08-20T15:22:05+00:00\",\"dateModified\":\"2025-12-09T08:08:34+00:00\",\"description\":\"Ap\u00fantate a nuestras CLASES DE BOXEO en Pamplona. en este deporte de contacto mejorar\u00e1s la capacidad de sincronizaci\u00f3n, velocidad y agilidad.\",\"breadcrumb\":{\"@id\":\"https:\\\/\\\/spartasportcenter.com\\\/pamplona\\\/boxeo-pamplona\\\/#breadcrumb\"},\"inLanguage\":\"es\",\"potentialAction\":[{\"@type\":\"ReadAction\",\"target\":[\"https:\\\/\\\/spartasportcenter.com\\\/pamplona\\\/boxeo-pamplona\\\/\"]}]},{\"@type\":\"ImageObject\",\"inLanguage\":\"es\",\"@id\":\"https:\\\/\\\/spartasportcenter.com\\\/pamplona\\\/boxeo-pamplona\\\/#primaryimage\",\"url\":\"https:\\\/\\\/spartasportcenter.com\\\/pamplona\\\/wp-content\\\/uploads\\\/2024\\\/05\\\/boxeo-pamplona.webp\",\"contentUrl\":\"https:\\\/\\\/spartasportcenter.com\\\/pamplona\\\/wp-content\\\/uploads\\\/2024\\\/05\\\/boxeo-pamplona.webp\",\"width\":2000,\"height\":1333,\"caption\":\"boxeo pamplona\"},{\"@type\":\"BreadcrumbList\",\"@id\":\"https:\\\/\\\/spartasportcenter.com\\\/pamplona\\\/boxeo-pamplona\\\/#breadcrumb\",\"itemListElement\":[{\"@type\":\"ListItem\",\"position\":1,\"name\":\"Portada\",\"item\":\"https:\\\/\\\/spartasportcenter.com\\\/pamplona\\\/\"},{\"@type\":\"ListItem\",\"position\":2,\"name\":\"Boxeo Pamplona\"}]},{\"@type\":\"WebSite\",\"@id\":\"https:\\\/\\\/spartasportcenter.com\\\/pamplona\\\/#website\",\"url\":\"https:\\\/\\\/spartasportcenter.com\\\/pamplona\\\/\",\"name\":\"Sparta Sport Center Pamplona\",\"description\":\"Gimnasios en Pamplona\",\"potentialAction\":[{\"@type\":\"SearchAction\",\"target\":{\"@type\":\"EntryPoint\",\"urlTemplate\":\"https:\\\/\\\/spartasportcenter.com\\\/pamplona\\\/?s={search_term_string}\"},\"query-input\":{\"@type\":\"PropertyValueSpecification\",\"valueRequired\":true,\"valueName\":\"search_term_string\"}}],\"inLanguage\":\"es\"}]}<\/script>\n<!-- \/ Yoast SEO plugin. -->","yoast_head_json":{"title":"Boxeo Pamplona \u00a11 D\u00cdA GRATIS! | Sparta Sport Center","description":"Ap\u00fantate a nuestras CLASES DE BOXEO en Pamplona. en este deporte de contacto mejorar\u00e1s la capacidad de sincronizaci\u00f3n, velocidad y agilidad.","robots":{"index":"index","follow":"follow","max-snippet":"max-snippet:-1","max-image-preview":"max-image-preview:large","max-video-preview":"max-video-preview:-1"},"canonical":"https:\/\/spartasportcenter.com\/pamplona\/boxeo-pamplona\/","og_locale":"es_ES","og_type":"article","og_title":"Boxeo Pamplona \u00a11 D\u00cdA GRATIS! | Sparta Sport Center","og_description":"Ap\u00fantate a nuestras CLASES DE BOXEO en Pamplona. en este deporte de contacto mejorar\u00e1s la capacidad de sincronizaci\u00f3n, velocidad y agilidad.","og_url":"https:\/\/spartasportcenter.com\/pamplona\/boxeo-pamplona\/","og_site_name":"Sparta Sport Center Pamplona","article_modified_time":"2025-12-09T08:08:34+00:00","og_image":[{"width":2000,"height":1333,"url":"https:\/\/spartasportcenter.com\/pamplona\/wp-content\/uploads\/2024\/05\/boxeo-pamplona.webp","type":"image\/webp"}],"twitter_card":"summary_large_image","twitter_misc":{"Tiempo de lectura":"2 minutos"},"schema":{"@context":"https:\/\/schema.org","@graph":[{"@type":"WebPage","@id":"https:\/\/spartasportcenter.com\/pamplona\/boxeo-pamplona\/","url":"https:\/\/spartasportcenter.com\/pamplona\/boxeo-pamplona\/","name":"Boxeo Pamplona \u00a11 D\u00cdA GRATIS! | Sparta Sport Center","isPartOf":{"@id":"https:\/\/spartasportcenter.com\/pamplona\/#website"},"primaryImageOfPage":{"@id":"https:\/\/spartasportcenter.com\/pamplona\/boxeo-pamplona\/#primaryimage"},"image":{"@id":"https:\/\/spartasportcenter.com\/pamplona\/boxeo-pamplona\/#primaryimage"},"thumbnailUrl":"https:\/\/spartasportcenter.com\/pamplona\/wp-content\/uploads\/2024\/05\/boxeo-pamplona.webp","datePublished":"2018-08-20T15:22:05+00:00","dateModified":"2025-12-09T08:08:34+00:00","description":"Ap\u00fantate a nuestras CLASES DE BOXEO en Pamplona. en este deporte de contacto mejorar\u00e1s la capacidad de sincronizaci\u00f3n, velocidad y agilidad.","breadcrumb":{"@id":"https:\/\/spartasportcenter.com\/pamplona\/boxeo-pamplona\/#breadcrumb"},"inLanguage":"es","potentialAction":[{"@type":"ReadAction","target":["https:\/\/spartasportcenter.com\/pamplona\/boxeo-pamplona\/"]}]},{"@type":"ImageObject","inLanguage":"es","@id":"https:\/\/spartasportcenter.com\/pamplona\/boxeo-pamplona\/#primaryimage","url":"https:\/\/spartasportcenter.com\/pamplona\/wp-content\/uploads\/2024\/05\/boxeo-pamplona.webp","contentUrl":"https:\/\/spartasportcenter.com\/pamplona\/wp-content\/uploads\/2024\/05\/boxeo-pamplona.webp","width":2000,"height":1333,"caption":"boxeo pamplona"},{"@type":"BreadcrumbList","@id":"https:\/\/spartasportcenter.com\/pamplona\/boxeo-pamplona\/#breadcrumb","itemListElement":[{"@type":"ListItem","position":1,"name":"Portada","item":"https:\/\/spartasportcenter.com\/pamplona\/"},{"@type":"ListItem","position":2,"name":"Boxeo Pamplona"}]},{"@type":"WebSite","@id":"https:\/\/spartasportcenter.com\/pamplona\/#website","url":"https:\/\/spartasportcenter.com\/pamplona\/","name":"Sparta Sport Center Pamplona","description":"Gimnasios en Pamplona","potentialAction":[{"@type":"SearchAction","target":{"@type":"EntryPoint","urlTemplate":"https:\/\/spartasportcenter.com\/pamplona\/?s={search_term_string}"},"query-input":{"@type":"PropertyValueSpecification","valueRequired":true,"valueName":"search_term_string"}}],"inLanguage":"es"}]}},"_links":{"self":[{"href":"https:\/\/spartasportcenter.com\/pamplona\/wp-json\/wp\/v2\/pages\/206528","targetHints":{"allow":["GET"]}}],"collection":[{"href":"https:\/\/spartasportcenter.com\/pamplona\/wp-json\/wp\/v2\/pages"}],"about":[{"href":"https:\/\/spartasportcenter.com\/pamplona\/wp-json\/wp\/v2\/types\/page"}],"author":[{"embeddable":true,"href":"https:\/\/spartasportcenter.com\/pamplona\/wp-json\/wp\/v2\/users\/1"}],"replies":[{"embeddable":true,"href":"https:\/\/spartasportcenter.com\/pamplona\/wp-json\/wp\/v2\/comments?post=206528"}],"version-history":[{"count":1,"href":"https:\/\/spartasportcenter.com\/pamplona\/wp-json\/wp\/v2\/pages\/206528\/revisions"}],"predecessor-version":[{"id":224750,"href":"https:\/\/spartasportcenter.com\/pamplona\/wp-json\/wp\/v2\/pages\/206528\/revisions\/224750"}],"wp:featuredmedia":[{"embeddable":true,"href":"https:\/\/spartasportcenter.com\/pamplona\/wp-json\/wp\/v2\/media\/220986"}],"wp:attachment":[{"href":"https:\/\/spartasportcenter.com\/pamplona\/wp-json\/wp\/v2\/media?parent=206528"}],"curies":[{"name":"wp","href":"https:\/\/api.w.org\/{rel}","templated":true}]}}