{"id":216140,"date":"2021-09-30T13:18:44","date_gmt":"2021-09-30T11:18:44","guid":{"rendered":"https:\/\/spartasportcenter.com\/cuenca\/?page_id=216140"},"modified":"2024-09-12T12:21:43","modified_gmt":"2024-09-12T10:21:43","slug":"mas-informacion","status":"publish","type":"page","link":"https:\/\/spartasportcenter.com\/pamplona-calle-estella\/mas-informacion\/","title":{"rendered":"M\u00e1s informaci\u00f3n"},"content":{"rendered":"<p>[et_pb_section fb_built=\u00bb1&#8243; custom_padding_last_edited=\u00bbon|phone\u00bb disabled_on=\u00bboff|off|off\u00bb _builder_version=\u00bb4.16&#8243; background_color=\u00bb#262626&#8243; background_enable_image=\u00bboff\u00bb custom_margin=\u00bb|||\u00bb custom_padding=\u00bb80px|0px|80px|0px|true|false\u00bb custom_padding_tablet=\u00bb\u00bb custom_padding_phone=\u00bb30px||30px||true|false\u00bb global_colors_info=\u00bb{}\u00bb][et_pb_row use_custom_gutter=\u00bbon\u00bb gutter_width=\u00bb2&#8243; padding_left_right_link_1=\u00bbtrue\u00bb padding_left_right_link_2=\u00bbtrue\u00bb padding_left_right_link_3=\u00bbtrue\u00bb padding_left_right_link_4=\u00bbtrue\u00bb padding_left_right_link_5=\u00bbtrue\u00bb padding_left_right_link_6=\u00bbtrue\u00bb module_class=\u00bbtwoX2 et_pb_row_fullwidth\u00bb _builder_version=\u00bb4.16&#8243; width=\u00bb94%\u00bb width_tablet=\u00bb80%\u00bb width_phone=\u00bb100%\u00bb width_last_edited=\u00bbon|phone\u00bb max_width=\u00bb94%\u00bb max_width_tablet=\u00bb80%\u00bb max_width_phone=\u00bb100%\u00bb max_width_last_edited=\u00bbon|desktop\u00bb module_alignment=\u00bbleft\u00bb custom_padding=\u00bb0px||0px||false|false\u00bb make_fullwidth=\u00bbon\u00bb global_colors_info=\u00bb{}\u00bb][et_pb_column type=\u00bb4_4&#8243; _builder_version=\u00bb4.16&#8243; custom_padding=\u00bb|||6%\u00bb global_colors_info=\u00bb{}\u00bb custom_padding__hover=\u00bb|||\u00bb][et_pb_code raw_content_tablet=\u00bb<iframe src=%22https:\/\/sparta.deporweb.net\/altaonline\/venaprobar.aspx?header=false&#038;footer=false&#038;nav=false&#038;lang=es-ES&#038;type=U1BBUlRBIFBBTVBMT05BIEVTVEVMTEF8MTcxfGh0dHBzOi8vc3BhcnRhc3BvcnRjZW50ZXIuY29tL3BhbXBsb25hLWNhbGxlLWVzdGVsbGEvZ3JhY2lhcy1wcnVlYmEtZGlhLw==%22 name=%22myIFrame%22 width=%22100%%22 height=%22600px%22%22><\/iframe>\u00bb raw_content_phone=\u00bb<iframe src=%22https:\/\/sparta.deporweb.net\/altaonline\/venaprobar.aspx?header=false&#038;footer=false&#038;nav=false&#038;lang=es-ES&#038;type=U1BBUlRBIFBBTVBMT05BIEVTVEVMTEF8MTcxfGh0dHBzOi8vc3BhcnRhc3BvcnRjZW50ZXIuY29tL3BhbXBsb25hLWNhbGxlLWVzdGVsbGEvZ3JhY2lhcy1wcnVlYmEtZGlhLw==%22 name=%22myIFrame%22 width=%22100%%22 height=%22800px%22%22><\/iframe>\u00bb raw_content_last_edited=\u00bbon|desktop\u00bb _builder_version=\u00bb4.27.0&#8243; _module_preset=\u00bbdefault\u00bb custom_padding_tablet=\u00bb\u00bb custom_padding_phone=\u00bb|7%|||false|false\u00bb custom_padding_last_edited=\u00bbon|phone\u00bb hover_enabled=\u00bb0&#8243; locked=\u00bboff\u00bb global_colors_info=\u00bb{}\u00bb sticky_enabled=\u00bb0&#8243;]<iframe src=\"https:\/\/sparta.deporweb.net\/altaonline\/venaprobar.aspx?header=false&#038;footer=false&#038;nav=false&#038;lang=es-ES&#038;type=U1BBUlRBIFBBTVBMT05BIEVTVEVMTEF8MTcxfGh0dHBzOi8vc3BhcnRhc3BvcnRjZW50ZXIuY29tL3BhbXBsb25hLWNhbGxlLWVzdGVsbGEvZ3JhY2lhcy1wcnVlYmEtZGlhLw==\" name=\"myIFrame\" width=\"100%\" height=\"600px\"\"><\/iframe>[\/et_pb_code][\/et_pb_column][\/et_pb_row][\/et_pb_section]<\/p>\n","protected":false},"excerpt":{"rendered":"","protected":false},"author":1,"featured_media":220400,"parent":0,"menu_order":0,"comment_status":"closed","ping_status":"closed","template":"","meta":{"_et_pb_use_builder":"on","_et_pb_old_content":"","_et_gb_content_width":"","footnotes":""},"class_list":["post-216140","page","type-page","status-publish","has-post-thumbnail","hentry"],"yoast_head":"<!-- This site is optimized with the Yoast SEO plugin v27.4 - https:\/\/yoast.com\/product\/yoast-seo-wordpress\/ -->\n<title>M\u00e1s informaci\u00f3n - Sparta Sport Center Pamplona Calle estella<\/title>\n<meta name=\"description\" content=\"Obt\u00e9n m\u00e1s informaci\u00f3n sobre el gimnasio Sparta Sport Center Pamplona Calle Estella. Conoce todos los detalles para unirte a nosotros.\" \/>\n<meta name=\"robots\" content=\"index, follow, max-snippet:-1, max-image-preview:large, max-video-preview:-1\" \/>\n<link rel=\"canonical\" href=\"https:\/\/spartasportcenter.com\/pamplona-calle-estella\/mas-informacion\/\" \/>\n<meta property=\"og:locale\" content=\"es_ES\" \/>\n<meta property=\"og:type\" content=\"article\" \/>\n<meta property=\"og:title\" content=\"M\u00e1s informaci\u00f3n - Sparta Sport Center Pamplona Calle estella\" \/>\n<meta property=\"og:description\" content=\"Obt\u00e9n m\u00e1s informaci\u00f3n sobre el gimnasio Sparta Sport Center Pamplona Calle Estella. Conoce todos los detalles para unirte a nosotros.\" \/>\n<meta property=\"og:url\" content=\"https:\/\/spartasportcenter.com\/pamplona-calle-estella\/mas-informacion\/\" \/>\n<meta property=\"og:site_name\" content=\"Sparta Sport Center Pamplona Calle estella\" \/>\n<meta property=\"article:modified_time\" content=\"2024-09-12T10:21:43+00:00\" \/>\n<meta property=\"og:image\" content=\"https:\/\/spartasportcenter.com\/pamplona-calle-estella\/wp-content\/uploads\/2024\/07\/gimnasio-sparta-sport-center-mas-informacion.jpg\" \/>\n\t<meta property=\"og:image:width\" content=\"2000\" \/>\n\t<meta property=\"og:image:height\" content=\"1333\" \/>\n\t<meta property=\"og:image:type\" content=\"image\/jpeg\" \/>\n<meta name=\"twitter:card\" content=\"summary_large_image\" \/>\n<meta name=\"twitter:label1\" content=\"Tiempo de lectura\" \/>\n\t<meta name=\"twitter:data1\" content=\"1 minuto\" \/>\n<script type=\"application\/ld+json\" class=\"yoast-schema-graph\">{\"@context\":\"https:\\\/\\\/schema.org\",\"@graph\":[{\"@type\":\"WebPage\",\"@id\":\"https:\\\/\\\/spartasportcenter.com\\\/pamplona-calle-estella\\\/mas-informacion\\\/\",\"url\":\"https:\\\/\\\/spartasportcenter.com\\\/pamplona-calle-estella\\\/mas-informacion\\\/\",\"name\":\"M\u00e1s informaci\u00f3n - Sparta Sport Center Pamplona Calle estella\",\"isPartOf\":{\"@id\":\"https:\\\/\\\/spartasportcenter.com\\\/pamplona-calle-estella\\\/#website\"},\"primaryImageOfPage\":{\"@id\":\"https:\\\/\\\/spartasportcenter.com\\\/pamplona-calle-estella\\\/mas-informacion\\\/#primaryimage\"},\"image\":{\"@id\":\"https:\\\/\\\/spartasportcenter.com\\\/pamplona-calle-estella\\\/mas-informacion\\\/#primaryimage\"},\"thumbnailUrl\":\"https:\\\/\\\/spartasportcenter.com\\\/pamplona-calle-estella\\\/wp-content\\\/uploads\\\/2024\\\/07\\\/gimnasio-sparta-sport-center-mas-informacion.jpg\",\"datePublished\":\"2021-09-30T11:18:44+00:00\",\"dateModified\":\"2024-09-12T10:21:43+00:00\",\"description\":\"Obt\u00e9n m\u00e1s informaci\u00f3n sobre el gimnasio Sparta Sport Center Pamplona Calle Estella. Conoce todos los detalles para unirte a nosotros.\",\"breadcrumb\":{\"@id\":\"https:\\\/\\\/spartasportcenter.com\\\/pamplona-calle-estella\\\/mas-informacion\\\/#breadcrumb\"},\"inLanguage\":\"es\",\"potentialAction\":[{\"@type\":\"ReadAction\",\"target\":[\"https:\\\/\\\/spartasportcenter.com\\\/pamplona-calle-estella\\\/mas-informacion\\\/\"]}]},{\"@type\":\"ImageObject\",\"inLanguage\":\"es\",\"@id\":\"https:\\\/\\\/spartasportcenter.com\\\/pamplona-calle-estella\\\/mas-informacion\\\/#primaryimage\",\"url\":\"https:\\\/\\\/spartasportcenter.com\\\/pamplona-calle-estella\\\/wp-content\\\/uploads\\\/2024\\\/07\\\/gimnasio-sparta-sport-center-mas-informacion.jpg\",\"contentUrl\":\"https:\\\/\\\/spartasportcenter.com\\\/pamplona-calle-estella\\\/wp-content\\\/uploads\\\/2024\\\/07\\\/gimnasio-sparta-sport-center-mas-informacion.jpg\",\"width\":2000,\"height\":1333,\"caption\":\"gimnasio sparta sport center mas informacion\"},{\"@type\":\"BreadcrumbList\",\"@id\":\"https:\\\/\\\/spartasportcenter.com\\\/pamplona-calle-estella\\\/mas-informacion\\\/#breadcrumb\",\"itemListElement\":[{\"@type\":\"ListItem\",\"position\":1,\"name\":\"Portada\",\"item\":\"https:\\\/\\\/spartasportcenter.com\\\/pamplona-calle-estella\\\/\"},{\"@type\":\"ListItem\",\"position\":2,\"name\":\"M\u00e1s informaci\u00f3n\"}]},{\"@type\":\"WebSite\",\"@id\":\"https:\\\/\\\/spartasportcenter.com\\\/pamplona-calle-estella\\\/#website\",\"url\":\"https:\\\/\\\/spartasportcenter.com\\\/pamplona-calle-estella\\\/\",\"name\":\"Sparta Sport Center Pamplona Calle estella\",\"description\":\"Gimnasios en Pamplona Calle estella\",\"potentialAction\":[{\"@type\":\"SearchAction\",\"target\":{\"@type\":\"EntryPoint\",\"urlTemplate\":\"https:\\\/\\\/spartasportcenter.com\\\/pamplona-calle-estella\\\/?s={search_term_string}\"},\"query-input\":{\"@type\":\"PropertyValueSpecification\",\"valueRequired\":true,\"valueName\":\"search_term_string\"}}],\"inLanguage\":\"es\"}]}<\/script>\n<!-- \/ Yoast SEO plugin. -->","yoast_head_json":{"title":"M\u00e1s informaci\u00f3n - Sparta Sport Center Pamplona Calle estella","description":"Obt\u00e9n m\u00e1s informaci\u00f3n sobre el gimnasio Sparta Sport Center Pamplona Calle Estella. Conoce todos los detalles para unirte a nosotros.","robots":{"index":"index","follow":"follow","max-snippet":"max-snippet:-1","max-image-preview":"max-image-preview:large","max-video-preview":"max-video-preview:-1"},"canonical":"https:\/\/spartasportcenter.com\/pamplona-calle-estella\/mas-informacion\/","og_locale":"es_ES","og_type":"article","og_title":"M\u00e1s informaci\u00f3n - Sparta Sport Center Pamplona Calle estella","og_description":"Obt\u00e9n m\u00e1s informaci\u00f3n sobre el gimnasio Sparta Sport Center Pamplona Calle Estella. Conoce todos los detalles para unirte a nosotros.","og_url":"https:\/\/spartasportcenter.com\/pamplona-calle-estella\/mas-informacion\/","og_site_name":"Sparta Sport Center Pamplona Calle estella","article_modified_time":"2024-09-12T10:21:43+00:00","og_image":[{"width":2000,"height":1333,"url":"https:\/\/spartasportcenter.com\/pamplona-calle-estella\/wp-content\/uploads\/2024\/07\/gimnasio-sparta-sport-center-mas-informacion.jpg","type":"image\/jpeg"}],"twitter_card":"summary_large_image","twitter_misc":{"Tiempo de lectura":"1 minuto"},"schema":{"@context":"https:\/\/schema.org","@graph":[{"@type":"WebPage","@id":"https:\/\/spartasportcenter.com\/pamplona-calle-estella\/mas-informacion\/","url":"https:\/\/spartasportcenter.com\/pamplona-calle-estella\/mas-informacion\/","name":"M\u00e1s informaci\u00f3n - Sparta Sport Center Pamplona Calle estella","isPartOf":{"@id":"https:\/\/spartasportcenter.com\/pamplona-calle-estella\/#website"},"primaryImageOfPage":{"@id":"https:\/\/spartasportcenter.com\/pamplona-calle-estella\/mas-informacion\/#primaryimage"},"image":{"@id":"https:\/\/spartasportcenter.com\/pamplona-calle-estella\/mas-informacion\/#primaryimage"},"thumbnailUrl":"https:\/\/spartasportcenter.com\/pamplona-calle-estella\/wp-content\/uploads\/2024\/07\/gimnasio-sparta-sport-center-mas-informacion.jpg","datePublished":"2021-09-30T11:18:44+00:00","dateModified":"2024-09-12T10:21:43+00:00","description":"Obt\u00e9n m\u00e1s informaci\u00f3n sobre el gimnasio Sparta Sport Center Pamplona Calle Estella. Conoce todos los detalles para unirte a nosotros.","breadcrumb":{"@id":"https:\/\/spartasportcenter.com\/pamplona-calle-estella\/mas-informacion\/#breadcrumb"},"inLanguage":"es","potentialAction":[{"@type":"ReadAction","target":["https:\/\/spartasportcenter.com\/pamplona-calle-estella\/mas-informacion\/"]}]},{"@type":"ImageObject","inLanguage":"es","@id":"https:\/\/spartasportcenter.com\/pamplona-calle-estella\/mas-informacion\/#primaryimage","url":"https:\/\/spartasportcenter.com\/pamplona-calle-estella\/wp-content\/uploads\/2024\/07\/gimnasio-sparta-sport-center-mas-informacion.jpg","contentUrl":"https:\/\/spartasportcenter.com\/pamplona-calle-estella\/wp-content\/uploads\/2024\/07\/gimnasio-sparta-sport-center-mas-informacion.jpg","width":2000,"height":1333,"caption":"gimnasio sparta sport center mas informacion"},{"@type":"BreadcrumbList","@id":"https:\/\/spartasportcenter.com\/pamplona-calle-estella\/mas-informacion\/#breadcrumb","itemListElement":[{"@type":"ListItem","position":1,"name":"Portada","item":"https:\/\/spartasportcenter.com\/pamplona-calle-estella\/"},{"@type":"ListItem","position":2,"name":"M\u00e1s informaci\u00f3n"}]},{"@type":"WebSite","@id":"https:\/\/spartasportcenter.com\/pamplona-calle-estella\/#website","url":"https:\/\/spartasportcenter.com\/pamplona-calle-estella\/","name":"Sparta Sport Center Pamplona Calle estella","description":"Gimnasios en Pamplona Calle estella","potentialAction":[{"@type":"SearchAction","target":{"@type":"EntryPoint","urlTemplate":"https:\/\/spartasportcenter.com\/pamplona-calle-estella\/?s={search_term_string}"},"query-input":{"@type":"PropertyValueSpecification","valueRequired":true,"valueName":"search_term_string"}}],"inLanguage":"es"}]}},"_links":{"self":[{"href":"https:\/\/spartasportcenter.com\/pamplona-calle-estella\/wp-json\/wp\/v2\/pages\/216140","targetHints":{"allow":["GET"]}}],"collection":[{"href":"https:\/\/spartasportcenter.com\/pamplona-calle-estella\/wp-json\/wp\/v2\/pages"}],"about":[{"href":"https:\/\/spartasportcenter.com\/pamplona-calle-estella\/wp-json\/wp\/v2\/types\/page"}],"author":[{"embeddable":true,"href":"https:\/\/spartasportcenter.com\/pamplona-calle-estella\/wp-json\/wp\/v2\/users\/1"}],"replies":[{"embeddable":true,"href":"https:\/\/spartasportcenter.com\/pamplona-calle-estella\/wp-json\/wp\/v2\/comments?post=216140"}],"version-history":[{"count":12,"href":"https:\/\/spartasportcenter.com\/pamplona-calle-estella\/wp-json\/wp\/v2\/pages\/216140\/revisions"}],"predecessor-version":[{"id":220554,"href":"https:\/\/spartasportcenter.com\/pamplona-calle-estella\/wp-json\/wp\/v2\/pages\/216140\/revisions\/220554"}],"wp:featuredmedia":[{"embeddable":true,"href":"https:\/\/spartasportcenter.com\/pamplona-calle-estella\/wp-json\/wp\/v2\/media\/220400"}],"wp:attachment":[{"href":"https:\/\/spartasportcenter.com\/pamplona-calle-estella\/wp-json\/wp\/v2\/media?parent=216140"}],"curies":[{"name":"wp","href":"https:\/\/api.w.org\/{rel}","templated":true}]}}