{"id":218503,"date":"2023-03-31T13:35:44","date_gmt":"2023-03-31T11:35:44","guid":{"rendered":"https:\/\/spartasportcenter.com\/cuenca-centro\/?page_id=218503"},"modified":"2025-05-27T12:23:32","modified_gmt":"2025-05-27T10:23:32","slug":"strong","status":"publish","type":"page","link":"https:\/\/spartasportcenter.com\/palencia-cardenal-cisneros\/strong\/","title":{"rendered":"Strong Palencia Cardenal Cisneros"},"content":{"rendered":"<p>[et_pb_section fb_built=\u00bb1&#8243; custom_padding_last_edited=\u00bbon|phone\u00bb disabled_on=\u00bboff|off|off\u00bb _builder_version=\u00bb4.16&#8243; background_color=\u00bb#262626&#8243; background_enable_image=\u00bboff\u00bb custom_margin=\u00bb||||false|false\u00bb custom_padding=\u00bb80px|0px|0px|0px|false|false\u00bb custom_padding_tablet=\u00bb\u00bb custom_padding_phone=\u00bb30px||50px||false|false\u00bb global_colors_info=\u00bb{}\u00bb][et_pb_row column_structure=\u00bb1_3,2_3&#8243; custom_padding_last_edited=\u00bbon|desktop\u00bb _builder_version=\u00bb4.16&#8243; _module_preset=\u00bbdefault\u00bb custom_padding=\u00bb0px||||false|false\u00bb custom_padding_tablet=\u00bb\u00bb custom_padding_phone=\u00bb0px||||false|false\u00bb global_colors_info=\u00bb{}\u00bb][et_pb_column type=\u00bb1_3&#8243; _builder_version=\u00bb4.16&#8243; _module_preset=\u00bbdefault\u00bb global_colors_info=\u00bb{}\u00bb][et_pb_text _builder_version=\u00bb4.20.0&#8243; text_font=\u00bb||||||||\u00bb header_font=\u00bb||||||||\u00bb header_text_align=\u00bbcenter\u00bb header_2_font=\u00bb|300||on|||||\u00bb header_2_text_align=\u00bbright\u00bb header_2_font_size=\u00bb29px\u00bb custom_margin=\u00bb||0px||false|false\u00bb custom_padding=\u00bb|15%|0px||false|false\u00bb header_2_text_align_tablet=\u00bb\u00bb header_2_text_align_phone=\u00bbleft\u00bb header_2_text_align_last_edited=\u00bbon|phone\u00bb header_2_font_size_tablet=\u00bb51px\u00bb header_2_font_size_phone=\u00bb25px\u00bb header_2_font_size_last_edited=\u00bbon|phone\u00bb border_width_right=\u00bb2px\u00bb border_color_right=\u00bb#cccccc\u00bb border_width_right_tablet=\u00bb\u00bb border_width_right_phone=\u00bb0px\u00bb border_width_right_last_edited=\u00bbon|phone\u00bb locked=\u00bboff\u00bb global_colors_info=\u00bb{}\u00bb]<\/p>\n<h2>Clases de strong en Palencia Cardenal Cisneros<\/h2>\n<p>[\/et_pb_text][\/et_pb_column][et_pb_column type=\u00bb2_3&#8243; _builder_version=\u00bb4.16&#8243; _module_preset=\u00bbdefault\u00bb global_colors_info=\u00bb{}\u00bb][et_pb_text _builder_version=\u00bb4.27.4&#8243; text_font=\u00bb|300|||||||\u00bb text_text_color=\u00bb#cccccc\u00bb text_line_height=\u00bb1.1em\u00bb header_font=\u00bb|300|||||||\u00bb header_2_font=\u00bb|300||on|||||\u00bb header_2_text_color=\u00bb#cccccc\u00bb header_2_font_size=\u00bb36px\u00bb header_2_letter_spacing=\u00bb2px\u00bb background_layout=\u00bbdark\u00bb hover_enabled=\u00bb0&#8243; global_colors_info=\u00bb{}\u00bb sticky_enabled=\u00bb0&#8243;]<\/p>\n<p><span style=\"font-weight: 400;\">En Sparta Sport Center Palencia Cardenal Cisneros, transformamos cada entrenamiento en una experiencia que desaf\u00eda tu cuerpo y activa tu mente. Nuestras clases de Strong combinan <\/span><b>fuerza, resistencia y trabajo cardiovascular en sesiones llenas de energ\u00eda y ritmo<\/b><span style=\"font-weight: 400;\">, dise\u00f1adas para ayudarte a construir una mejor versi\u00f3n de ti mismo.<\/span><\/p>\n<p><span style=\"font-weight: 400;\">Nos enfocamos en ofrecerte un programa estructurado en bloques de alta intensidad que integra movimientos funcionales, ejercicios de fuerza, coordinaci\u00f3n y secuencias inspiradas en el entrenamiento militar, todo sincronizado con m\u00fasica que te impulsa a darlo todo. No solo sudas: evolucionas en cada repetici\u00f3n.<\/span><\/p>\n<p><span style=\"font-weight: 400;\">Trabajamos para que <\/span><b>cada clase sea accesible sin perder exigencia<\/b><span style=\"font-weight: 400;\">. Por eso, nuestras sesiones se adaptan a cualquier nivel de forma f\u00edsica. Ya seas principiante o tengas experiencia, encuentras en nuestro equipo el apoyo necesario para avanzar a tu ritmo, de forma segura y efectiva.<\/span><\/p>\n<p>[\/et_pb_text][\/et_pb_column][\/et_pb_row][et_pb_row column_structure=\u00bb1_3,2_3&#8243; custom_padding_last_edited=\u00bbon|phone\u00bb _builder_version=\u00bb4.16&#8243; _module_preset=\u00bbdefault\u00bb custom_margin=\u00bb||0px||false|false\u00bb custom_padding=\u00bb||||false|false\u00bb custom_padding_tablet=\u00bb\u00bb custom_padding_phone=\u00bb0px||0px||false|false\u00bb global_colors_info=\u00bb{}\u00bb][et_pb_column type=\u00bb1_3&#8243; _builder_version=\u00bb4.16&#8243; _module_preset=\u00bbdefault\u00bb global_colors_info=\u00bb{}\u00bb][et_pb_text _builder_version=\u00bb4.24.2&#8243; text_font=\u00bb||||||||\u00bb header_font=\u00bb||||||||\u00bb header_text_align=\u00bbcenter\u00bb header_2_font=\u00bb|300||on|||||\u00bb header_2_text_align=\u00bbright\u00bb header_2_font_size=\u00bb29px\u00bb custom_margin=\u00bb||0px||false|false\u00bb custom_padding=\u00bb|15%|0px||false|false\u00bb header_2_text_align_tablet=\u00bb\u00bb header_2_text_align_phone=\u00bbleft\u00bb header_2_text_align_last_edited=\u00bbon|phone\u00bb header_2_font_size_tablet=\u00bb51px\u00bb header_2_font_size_phone=\u00bb25px\u00bb header_2_font_size_last_edited=\u00bbon|phone\u00bb border_width_right=\u00bb2px\u00bb border_color_right=\u00bb#cccccc\u00bb border_width_right_tablet=\u00bb\u00bb border_width_right_phone=\u00bb0px\u00bb border_width_right_last_edited=\u00bbon|phone\u00bb locked=\u00bboff\u00bb global_colors_info=\u00bb{}\u00bb]<\/p>\n<h2>Beneficios del Strong en Palencia Cardenal Cisneros<\/h2>\n<p>[\/et_pb_text][\/et_pb_column][et_pb_column type=\u00bb2_3&#8243; _builder_version=\u00bb4.16&#8243; _module_preset=\u00bbdefault\u00bb global_colors_info=\u00bb{}\u00bb][et_pb_text _builder_version=\u00bb4.27.4&#8243; text_font=\u00bb|300|||||||\u00bb text_text_color=\u00bb#cccccc\u00bb text_line_height=\u00bb1.1em\u00bb header_font=\u00bb|300|||||||\u00bb header_2_font=\u00bb|300||on|||||\u00bb header_2_text_color=\u00bb#cccccc\u00bb header_2_font_size=\u00bb36px\u00bb header_2_letter_spacing=\u00bb2px\u00bb background_layout=\u00bbdark\u00bb hover_enabled=\u00bb0&#8243; global_colors_info=\u00bb{}\u00bb sticky_enabled=\u00bb0&#8243;]<\/p>\n<p><span style=\"font-weight: 400;\">Entrenar con nosotros en Strong te aporta beneficios visibles y sostenibles en el tiempo:<\/span><\/p>\n<ul>\n<li style=\"font-weight: 400;\" aria-level=\"1\"><span style=\"font-weight: 400;\">Alta quema cal\u00f3rica: Cada sesi\u00f3n combina movimientos de fuerza y cardio, ideales para perder grasa y mejorar la composici\u00f3n corporal.<\/span><\/li>\n<li style=\"font-weight: 400;\" aria-level=\"1\"><span style=\"font-weight: 400;\">Fortaleza muscular: Trabajamos con tu propio peso corporal para <\/span><b>activar brazos, piernas, core y espalda<\/b><span style=\"font-weight: 400;\">, fortaleciendo de forma equilibrada.<\/span><\/li>\n<li style=\"font-weight: 400;\" aria-level=\"1\"><span style=\"font-weight: 400;\">Postura y equilibrio mejorados: Fortalecemos la zona media del cuerpo, lo que se traduce en una mejor alineaci\u00f3n y menos dolores musculares.<\/span><\/li>\n<li style=\"font-weight: 400;\" aria-level=\"1\"><span style=\"font-weight: 400;\">Reducci\u00f3n del estr\u00e9s: La intensidad del entrenamiento y la liberaci\u00f3n de endorfinas ayudan a despejar la mente y mejorar tu bienestar emocional.<\/span><\/li>\n<li style=\"font-weight: 400;\" aria-level=\"1\"><span style=\"font-weight: 400;\">Adaptabilidad total: Ajustamos la intensidad de cada ejercicio, haciendo que nuestras clases sean <\/span><b>accesibles y efectivas para todos los niveles<\/b><span style=\"font-weight: 400;\">.<\/span><\/li>\n<li style=\"font-weight: 400;\" aria-level=\"1\"><span style=\"font-weight: 400;\">Conexi\u00f3n social: Formamos parte de una comunidad que entrena junta, se apoya y celebra logros personales y colectivos.<\/span><\/li>\n<\/ul>\n<p>[\/et_pb_text][\/et_pb_column][\/et_pb_row][\/et_pb_section][et_pb_section fb_built=\u00bb1&#8243; custom_padding_last_edited=\u00bbon|phone\u00bb _builder_version=\u00bb4.16&#8243; _module_preset=\u00bbdefault\u00bb background_color=\u00bb#262626&#8243; custom_padding=\u00bb0px||50px||false|false\u00bb custom_padding_tablet=\u00bb\u00bb custom_padding_phone=\u00bb||30px||false|false\u00bb global_colors_info=\u00bb{}\u00bb][et_pb_row column_structure=\u00bb1_3,2_3&#8243; custom_padding_last_edited=\u00bbon|phone\u00bb _builder_version=\u00bb4.16&#8243; _module_preset=\u00bbdefault\u00bb custom_padding_tablet=\u00bb\u00bb custom_padding_phone=\u00bb0px||0px||false|false\u00bb global_colors_info=\u00bb{}\u00bb][et_pb_column type=\u00bb1_3&#8243; _builder_version=\u00bb4.16&#8243; _module_preset=\u00bbdefault\u00bb global_colors_info=\u00bb{}\u00bb][et_pb_text _builder_version=\u00bb4.26.1&#8243; text_font=\u00bb||||||||\u00bb header_font=\u00bb||||||||\u00bb header_text_align=\u00bbcenter\u00bb header_2_font=\u00bb|300||on|||||\u00bb header_2_text_align=\u00bbright\u00bb header_2_font_size=\u00bb29px\u00bb custom_margin=\u00bb||0px||false|false\u00bb custom_padding=\u00bb|15%|0px||false|false\u00bb header_2_text_align_tablet=\u00bb\u00bb header_2_text_align_phone=\u00bbleft\u00bb header_2_text_align_last_edited=\u00bbon|phone\u00bb header_2_font_size_tablet=\u00bb51px\u00bb header_2_font_size_phone=\u00bb25px\u00bb header_2_font_size_last_edited=\u00bbon|phone\u00bb border_width_right=\u00bb2px\u00bb border_color_right=\u00bb#cccccc\u00bb border_width_right_tablet=\u00bb\u00bb border_width_right_phone=\u00bb0px\u00bb border_width_right_last_edited=\u00bbon|phone\u00bb locked=\u00bboff\u00bb global_colors_info=\u00bb{}\u00bb]<\/p>\n<h2>Por qu\u00e9 Strong en Sparta Sport Center Palencia Cardenal Cisneros<\/h2>\n<p>[\/et_pb_text][\/et_pb_column][et_pb_column type=\u00bb2_3&#8243; _builder_version=\u00bb4.16&#8243; _module_preset=\u00bbdefault\u00bb global_colors_info=\u00bb{}\u00bb][et_pb_text _builder_version=\u00bb4.27.4&#8243; text_font=\u00bb|300|||||||\u00bb text_text_color=\u00bb#cccccc\u00bb text_line_height=\u00bb1.1em\u00bb header_font=\u00bb|300|||||||\u00bb header_2_font=\u00bb|300||on|||||\u00bb header_2_text_color=\u00bb#cccccc\u00bb header_2_font_size=\u00bb36px\u00bb header_2_letter_spacing=\u00bb2px\u00bb background_layout=\u00bbdark\u00bb hover_enabled=\u00bb0&#8243; global_colors_info=\u00bb{}\u00bb sticky_enabled=\u00bb0&#8243;]<\/p>\n<p><span style=\"font-weight: 400;\">En Sparta Sport Center Palencia Cardenal Cisneros, nuestro enfoque es claro: ayudarte a progresar de forma segura, eficiente y motivadora. Por eso:<\/span><\/p>\n<ul>\n<li style=\"font-weight: 400;\" aria-level=\"1\"><span style=\"font-weight: 400;\">Dise\u00f1amos clases personalizadas, adaptadas a tus capacidades y objetivos.<\/span><\/li>\n<li style=\"font-weight: 400;\" aria-level=\"1\"><span style=\"font-weight: 400;\">Organizamos eventos, retos y din\u00e1micas especiales que te mantienen motivado durante todo el a\u00f1o.<\/span><\/li>\n<li style=\"font-weight: 400;\" aria-level=\"1\"><span style=\"font-weight: 400;\">Te ofrecemos una propuesta integral de salud con otros entrenamientos complementarios como <\/span><b>yoga, pilates o entrenamientos funcionales<\/b><span style=\"font-weight: 400;\">, adem\u00e1s de asesoramiento nutricional.<\/span><\/li>\n<\/ul>\n<p><span style=\"font-weight: 400;\">En cada clase de Strong, trabajamos para que te sientas <\/span><b>m\u00e1s fuerte, m\u00e1s en\u00e9rgico y m\u00e1s seguro de ti mismo<\/b><span style=\"font-weight: 400;\">. Si buscas resultados reales y una experiencia de entrenamiento completa, en Sparta Sport Center Palencia Cardenal Cisneros tienes tu lugar. S\u00famate a nuestras clases y descubre todo lo que puedes lograr.<\/span><\/p>\n<p>[\/et_pb_text][\/et_pb_column][\/et_pb_row][\/et_pb_section]<\/p>\n","protected":false},"excerpt":{"rendered":"<p>Clases de strong en Palencia Cardenal CisnerosEn Sparta Sport Center Palencia Cardenal Cisneros, transformamos cada entrenamiento en una experiencia que desaf\u00eda tu cuerpo y activa tu mente. Nuestras clases de Strong combinan fuerza, resistencia y trabajo cardiovascular en sesiones llenas de energ\u00eda y ritmo, dise\u00f1adas para ayudarte a construir una mejor versi\u00f3n de ti mismo. [&hellip;]<\/p>\n","protected":false},"author":1,"featured_media":220375,"parent":0,"menu_order":0,"comment_status":"closed","ping_status":"closed","template":"","meta":{"_et_pb_use_builder":"on","_et_pb_old_content":"","_et_gb_content_width":"","footnotes":""},"class_list":["post-218503","page","type-page","status-publish","has-post-thumbnail","hentry"],"yoast_head":"<!-- This site is optimized with the Yoast SEO plugin v27.4 - https:\/\/yoast.com\/product\/yoast-seo-wordpress\/ -->\n<title>Strong en Palencia Cardenal Cisneros | Sparta<\/title>\n<meta name=\"description\" content=\"Inscr\u00edbete y disfruta de nuestras clases de strong en Palencia Cardenal Cisneros, contamos con un equipo de Instructores 100% dedicados a tu bienestar.\" \/>\n<meta name=\"robots\" content=\"index, follow, max-snippet:-1, max-image-preview:large, max-video-preview:-1\" \/>\n<link rel=\"canonical\" href=\"https:\/\/spartasportcenter.com\/palencia-cardenal-cisneros\/strong\/\" \/>\n<meta property=\"og:locale\" content=\"es_ES\" \/>\n<meta property=\"og:type\" content=\"article\" \/>\n<meta property=\"og:title\" content=\"Strong en Palencia Cardenal Cisneros | Sparta\" \/>\n<meta property=\"og:description\" content=\"Inscr\u00edbete y disfruta de nuestras clases de strong en Palencia Cardenal Cisneros, contamos con un equipo de Instructores 100% dedicados a tu bienestar.\" \/>\n<meta property=\"og:url\" content=\"https:\/\/spartasportcenter.com\/palencia-cardenal-cisneros\/strong\/\" \/>\n<meta property=\"og:site_name\" content=\"Sparta Sport Center Palencia cardenal cisneros\" \/>\n<meta property=\"article:modified_time\" content=\"2025-05-27T10:23:32+00:00\" \/>\n<meta property=\"og:image\" content=\"https:\/\/spartasportcenter.com\/palencia-cardenal-cisneros\/wp-content\/uploads\/2024\/07\/strong-palencia.webp\" \/>\n\t<meta property=\"og:image:width\" content=\"2000\" \/>\n\t<meta property=\"og:image:height\" content=\"1333\" \/>\n\t<meta property=\"og:image:type\" content=\"image\/webp\" \/>\n<meta name=\"twitter:card\" content=\"summary_large_image\" \/>\n<meta name=\"twitter:label1\" content=\"Tiempo de lectura\" \/>\n\t<meta name=\"twitter:data1\" content=\"4 minutos\" \/>\n<script type=\"application\/ld+json\" class=\"yoast-schema-graph\">{\"@context\":\"https:\\\/\\\/schema.org\",\"@graph\":[{\"@type\":\"WebPage\",\"@id\":\"https:\\\/\\\/spartasportcenter.com\\\/palencia-cardenal-cisneros\\\/strong\\\/\",\"url\":\"https:\\\/\\\/spartasportcenter.com\\\/palencia-cardenal-cisneros\\\/strong\\\/\",\"name\":\"Strong en Palencia Cardenal Cisneros | Sparta\",\"isPartOf\":{\"@id\":\"https:\\\/\\\/spartasportcenter.com\\\/palencia-cardenal-cisneros\\\/#website\"},\"primaryImageOfPage\":{\"@id\":\"https:\\\/\\\/spartasportcenter.com\\\/palencia-cardenal-cisneros\\\/strong\\\/#primaryimage\"},\"image\":{\"@id\":\"https:\\\/\\\/spartasportcenter.com\\\/palencia-cardenal-cisneros\\\/strong\\\/#primaryimage\"},\"thumbnailUrl\":\"https:\\\/\\\/spartasportcenter.com\\\/palencia-cardenal-cisneros\\\/wp-content\\\/uploads\\\/2024\\\/07\\\/strong-palencia.webp\",\"datePublished\":\"2023-03-31T11:35:44+00:00\",\"dateModified\":\"2025-05-27T10:23:32+00:00\",\"description\":\"Inscr\u00edbete y disfruta de nuestras clases de strong en Palencia Cardenal Cisneros, contamos con un equipo de Instructores 100% dedicados a tu bienestar.\",\"breadcrumb\":{\"@id\":\"https:\\\/\\\/spartasportcenter.com\\\/palencia-cardenal-cisneros\\\/strong\\\/#breadcrumb\"},\"inLanguage\":\"es\",\"potentialAction\":[{\"@type\":\"ReadAction\",\"target\":[\"https:\\\/\\\/spartasportcenter.com\\\/palencia-cardenal-cisneros\\\/strong\\\/\"]}]},{\"@type\":\"ImageObject\",\"inLanguage\":\"es\",\"@id\":\"https:\\\/\\\/spartasportcenter.com\\\/palencia-cardenal-cisneros\\\/strong\\\/#primaryimage\",\"url\":\"https:\\\/\\\/spartasportcenter.com\\\/palencia-cardenal-cisneros\\\/wp-content\\\/uploads\\\/2024\\\/07\\\/strong-palencia.webp\",\"contentUrl\":\"https:\\\/\\\/spartasportcenter.com\\\/palencia-cardenal-cisneros\\\/wp-content\\\/uploads\\\/2024\\\/07\\\/strong-palencia.webp\",\"width\":2000,\"height\":1333,\"caption\":\"strong palencia\"},{\"@type\":\"BreadcrumbList\",\"@id\":\"https:\\\/\\\/spartasportcenter.com\\\/palencia-cardenal-cisneros\\\/strong\\\/#breadcrumb\",\"itemListElement\":[{\"@type\":\"ListItem\",\"position\":1,\"name\":\"Portada\",\"item\":\"https:\\\/\\\/spartasportcenter.com\\\/palencia-cardenal-cisneros\\\/\"},{\"@type\":\"ListItem\",\"position\":2,\"name\":\"Strong Palencia Cardenal Cisneros\"}]},{\"@type\":\"WebSite\",\"@id\":\"https:\\\/\\\/spartasportcenter.com\\\/palencia-cardenal-cisneros\\\/#website\",\"url\":\"https:\\\/\\\/spartasportcenter.com\\\/palencia-cardenal-cisneros\\\/\",\"name\":\"Sparta Sport Center Palencia cardenal cisneros\",\"description\":\"Gimnasios en Cuenca\",\"potentialAction\":[{\"@type\":\"SearchAction\",\"target\":{\"@type\":\"EntryPoint\",\"urlTemplate\":\"https:\\\/\\\/spartasportcenter.com\\\/palencia-cardenal-cisneros\\\/?s={search_term_string}\"},\"query-input\":{\"@type\":\"PropertyValueSpecification\",\"valueRequired\":true,\"valueName\":\"search_term_string\"}}],\"inLanguage\":\"es\"}]}<\/script>\n<!-- \/ Yoast SEO plugin. -->","yoast_head_json":{"title":"Strong en Palencia Cardenal Cisneros | Sparta","description":"Inscr\u00edbete y disfruta de nuestras clases de strong en Palencia Cardenal Cisneros, contamos con un equipo de Instructores 100% dedicados a tu bienestar.","robots":{"index":"index","follow":"follow","max-snippet":"max-snippet:-1","max-image-preview":"max-image-preview:large","max-video-preview":"max-video-preview:-1"},"canonical":"https:\/\/spartasportcenter.com\/palencia-cardenal-cisneros\/strong\/","og_locale":"es_ES","og_type":"article","og_title":"Strong en Palencia Cardenal Cisneros | Sparta","og_description":"Inscr\u00edbete y disfruta de nuestras clases de strong en Palencia Cardenal Cisneros, contamos con un equipo de Instructores 100% dedicados a tu bienestar.","og_url":"https:\/\/spartasportcenter.com\/palencia-cardenal-cisneros\/strong\/","og_site_name":"Sparta Sport Center Palencia cardenal cisneros","article_modified_time":"2025-05-27T10:23:32+00:00","og_image":[{"width":2000,"height":1333,"url":"https:\/\/spartasportcenter.com\/palencia-cardenal-cisneros\/wp-content\/uploads\/2024\/07\/strong-palencia.webp","type":"image\/webp"}],"twitter_card":"summary_large_image","twitter_misc":{"Tiempo de lectura":"4 minutos"},"schema":{"@context":"https:\/\/schema.org","@graph":[{"@type":"WebPage","@id":"https:\/\/spartasportcenter.com\/palencia-cardenal-cisneros\/strong\/","url":"https:\/\/spartasportcenter.com\/palencia-cardenal-cisneros\/strong\/","name":"Strong en Palencia Cardenal Cisneros | Sparta","isPartOf":{"@id":"https:\/\/spartasportcenter.com\/palencia-cardenal-cisneros\/#website"},"primaryImageOfPage":{"@id":"https:\/\/spartasportcenter.com\/palencia-cardenal-cisneros\/strong\/#primaryimage"},"image":{"@id":"https:\/\/spartasportcenter.com\/palencia-cardenal-cisneros\/strong\/#primaryimage"},"thumbnailUrl":"https:\/\/spartasportcenter.com\/palencia-cardenal-cisneros\/wp-content\/uploads\/2024\/07\/strong-palencia.webp","datePublished":"2023-03-31T11:35:44+00:00","dateModified":"2025-05-27T10:23:32+00:00","description":"Inscr\u00edbete y disfruta de nuestras clases de strong en Palencia Cardenal Cisneros, contamos con un equipo de Instructores 100% dedicados a tu bienestar.","breadcrumb":{"@id":"https:\/\/spartasportcenter.com\/palencia-cardenal-cisneros\/strong\/#breadcrumb"},"inLanguage":"es","potentialAction":[{"@type":"ReadAction","target":["https:\/\/spartasportcenter.com\/palencia-cardenal-cisneros\/strong\/"]}]},{"@type":"ImageObject","inLanguage":"es","@id":"https:\/\/spartasportcenter.com\/palencia-cardenal-cisneros\/strong\/#primaryimage","url":"https:\/\/spartasportcenter.com\/palencia-cardenal-cisneros\/wp-content\/uploads\/2024\/07\/strong-palencia.webp","contentUrl":"https:\/\/spartasportcenter.com\/palencia-cardenal-cisneros\/wp-content\/uploads\/2024\/07\/strong-palencia.webp","width":2000,"height":1333,"caption":"strong palencia"},{"@type":"BreadcrumbList","@id":"https:\/\/spartasportcenter.com\/palencia-cardenal-cisneros\/strong\/#breadcrumb","itemListElement":[{"@type":"ListItem","position":1,"name":"Portada","item":"https:\/\/spartasportcenter.com\/palencia-cardenal-cisneros\/"},{"@type":"ListItem","position":2,"name":"Strong Palencia Cardenal Cisneros"}]},{"@type":"WebSite","@id":"https:\/\/spartasportcenter.com\/palencia-cardenal-cisneros\/#website","url":"https:\/\/spartasportcenter.com\/palencia-cardenal-cisneros\/","name":"Sparta Sport Center Palencia cardenal cisneros","description":"Gimnasios en Cuenca","potentialAction":[{"@type":"SearchAction","target":{"@type":"EntryPoint","urlTemplate":"https:\/\/spartasportcenter.com\/palencia-cardenal-cisneros\/?s={search_term_string}"},"query-input":{"@type":"PropertyValueSpecification","valueRequired":true,"valueName":"search_term_string"}}],"inLanguage":"es"}]}},"_links":{"self":[{"href":"https:\/\/spartasportcenter.com\/palencia-cardenal-cisneros\/wp-json\/wp\/v2\/pages\/218503","targetHints":{"allow":["GET"]}}],"collection":[{"href":"https:\/\/spartasportcenter.com\/palencia-cardenal-cisneros\/wp-json\/wp\/v2\/pages"}],"about":[{"href":"https:\/\/spartasportcenter.com\/palencia-cardenal-cisneros\/wp-json\/wp\/v2\/types\/page"}],"author":[{"embeddable":true,"href":"https:\/\/spartasportcenter.com\/palencia-cardenal-cisneros\/wp-json\/wp\/v2\/users\/1"}],"replies":[{"embeddable":true,"href":"https:\/\/spartasportcenter.com\/palencia-cardenal-cisneros\/wp-json\/wp\/v2\/comments?post=218503"}],"version-history":[{"count":13,"href":"https:\/\/spartasportcenter.com\/palencia-cardenal-cisneros\/wp-json\/wp\/v2\/pages\/218503\/revisions"}],"predecessor-version":[{"id":220590,"href":"https:\/\/spartasportcenter.com\/palencia-cardenal-cisneros\/wp-json\/wp\/v2\/pages\/218503\/revisions\/220590"}],"wp:featuredmedia":[{"embeddable":true,"href":"https:\/\/spartasportcenter.com\/palencia-cardenal-cisneros\/wp-json\/wp\/v2\/media\/220375"}],"wp:attachment":[{"href":"https:\/\/spartasportcenter.com\/palencia-cardenal-cisneros\/wp-json\/wp\/v2\/media?parent=218503"}],"curies":[{"name":"wp","href":"https:\/\/api.w.org\/{rel}","templated":true}]}}