{"id":216140,"date":"2021-09-30T13:18:44","date_gmt":"2021-09-30T11:18:44","guid":{"rendered":"https:\/\/spartasportcenter.com\/cuenca\/?page_id=216140"},"modified":"2025-10-31T14:07:10","modified_gmt":"2025-10-31T13:07:10","slug":"mas-informacion","status":"publish","type":"page","link":"https:\/\/spartasportcenter.com\/palencia-cardenal-cisneros\/mas-informacion\/","title":{"rendered":"M\u00e1s informaci\u00f3n"},"content":{"rendered":"<p>[et_pb_section fb_built=\u00bb1&#8243; custom_padding_last_edited=\u00bbon|phone\u00bb disabled_on=\u00bboff|off|off\u00bb _builder_version=\u00bb4.16&#8243; background_color=\u00bb#262626&#8243; background_enable_image=\u00bboff\u00bb custom_margin=\u00bb|||\u00bb custom_padding=\u00bb80px|0px|80px|0px|true|false\u00bb custom_padding_tablet=\u00bb\u00bb custom_padding_phone=\u00bb30px||30px||true|false\u00bb global_colors_info=\u00bb{}\u00bb][et_pb_row use_custom_gutter=\u00bbon\u00bb gutter_width=\u00bb2&#8243; padding_left_right_link_1=\u00bbtrue\u00bb padding_left_right_link_2=\u00bbtrue\u00bb padding_left_right_link_3=\u00bbtrue\u00bb padding_left_right_link_4=\u00bbtrue\u00bb padding_left_right_link_5=\u00bbtrue\u00bb padding_left_right_link_6=\u00bbtrue\u00bb module_class=\u00bbtwoX2 et_pb_row_fullwidth\u00bb _builder_version=\u00bb4.16&#8243; width=\u00bb94%\u00bb width_tablet=\u00bb80%\u00bb width_phone=\u00bb100%\u00bb width_last_edited=\u00bbon|phone\u00bb max_width=\u00bb94%\u00bb max_width_tablet=\u00bb80%\u00bb max_width_phone=\u00bb100%\u00bb max_width_last_edited=\u00bbon|desktop\u00bb module_alignment=\u00bbleft\u00bb custom_padding=\u00bb0px||0px||false|false\u00bb make_fullwidth=\u00bbon\u00bb global_colors_info=\u00bb{}\u00bb][et_pb_column type=\u00bb4_4&#8243; _builder_version=\u00bb4.16&#8243; custom_padding=\u00bb|||6%\u00bb global_colors_info=\u00bb{}\u00bb custom_padding__hover=\u00bb|||\u00bb][et_pb_code raw_content_tablet=\u00bb<iframe src=%22https:\/\/sparta.deporweb.net\/altaonline\/venaprobar.aspx?header=false&#038;footer=false&#038;nav=false&#038;lang=es-ES&#038;type=UGFsZW5jaWEgLSBDYXJkZW5hbCBDaXNuZXJvc3wxNzV8aHR0cHM6Ly9zcGFydGFzcG9ydGNlbnRlci5jb20vcGFsZW5jaWEtY2FyZGVuYWwtY2lzbmVyb3MvZ3JhY2lhcy1wcnVlYmEtZGlhLw==%22 name=%22myIFrame%22 width=%22100%%22 height=%22800px%22><\/iframe> <\/p>\n<div style=%22max-width:578px; margin:auto;%22>\n<p style=%22margin-top:-70px; font-weight: 300; line-height: 1.1em; font-size:13px%22>\n<p><strong>INFORMACI\u00d3N B\u00c1SICA DE PROTECCI\u00d3N DE DATOS: Responsable del tratamiento:<\/strong><\/span> <strong>Responsable del tratamiento:<\/strong><\/span> PALENCIA CARDENAL CISNEROS SPORT SOLUTIONS, S.L. <\/span><strong>Finalidad del tratamiento:<\/strong><\/span> Gestionar las consultas planteadas. Env\u00edo de newsletters, comunicaciones comerciales y promociones (previo consentimiento). <\/span><strong>Legitimaci\u00f3n del tratamiento:<\/strong><\/span> Inter\u00e9s leg\u00edtimo y consentimiento del interesado\/a. <\/span><strong>Conservaci\u00f3n de los datos:<\/strong><\/span> Se conservar\u00e1n mientras exista un inter\u00e9s mutuo o durante el tiempo necesario para el cumplimiento de las obligaciones legales. <\/span><strong>Destinatarios:<\/strong><\/span> Empresas del Grupo Sparta y prestadores de servicio o colaboradores. <\/span><strong>Derechos: <\/strong><\/span>Derecho a retirar el consentimiento en cualquier momento. Derecho de acceso, rectificaci\u00f3n, portabilidad y supresi\u00f3n de sus datos y a la limitaci\u00f3n u oposici\u00f3n al su tratamiento. Datos de contacto para ejercer sus derechos: <\/span><span style=%22color: #fff;%22><u><a href=%22mailto:palenciacardenalcisneros@spartasportcenter.com%22>palenciacardenalcisneros@spartasportcenter.com<\/span><\/a><\/u><\/span><strong> Informaci\u00f3n adicional:<\/strong><\/span> Puede consultar la informaci\u00f3n adicional en nuestra <\/span><span style=%22color: #fff;%22><u><a href=%22https:\/\/spartasportcenter.com\/palencia-cardenal-cisneros\/politica-de-privacidad-sparta\/%22><i>Pol\u00edtica de Privacidad<\/i><\/span><\/a><\/u><\/span>.<\/p>\n<\/div>\n<p>\u00bb raw_content_phone=\u00bb<iframe src=%22https:\/\/sparta.deporweb.net\/altaonline\/venaprobar.aspx?header=false&#038;footer=false&#038;nav=false&#038;lang=es-ES&#038;type=UGFsZW5jaWEgLSBDYXJkZW5hbCBDaXNuZXJvc3wxNzV8aHR0cHM6Ly9zcGFydGFzcG9ydGNlbnRlci5jb20vcGFsZW5jaWEtY2FyZGVuYWwtY2lzbmVyb3MvZ3JhY2lhcy1wcnVlYmEtZGlhLw==%22 name=%22myIFrame%22 width=%22100%%22 height=%221000px%22><\/iframe> <\/p>\n<p style=%22margin-top:-230px; font-weight: 300; line-height: 1.1em; font-size:13px%22>\n<p><strong>INFORMACI\u00d3N B\u00c1SICA DE PROTECCI\u00d3N DE DATOS: Responsable del tratamiento:<\/strong><\/span> <strong>Responsable del tratamiento:<\/strong><\/span> PALENCIA CARDENAL CISNEROS SPORT SOLUTIONS, S.L. <\/span><strong>Finalidad del tratamiento:<\/strong><\/span> Gestionar las consultas planteadas. Env\u00edo de newsletters, comunicaciones comerciales y promociones (previo consentimiento). <\/span><strong>Legitimaci\u00f3n del tratamiento:<\/strong><\/span> Inter\u00e9s leg\u00edtimo y consentimiento del interesado\/a. <\/span><strong>Conservaci\u00f3n de los datos:<\/strong><\/span> Se conservar\u00e1n mientras exista un inter\u00e9s mutuo o durante el tiempo necesario para el cumplimiento de las obligaciones legales. <\/span><strong>Destinatarios:<\/strong><\/span> Empresas del Grupo Sparta y prestadores de servicio o colaboradores. <\/span><strong>Derechos: <\/strong><\/span>Derecho a retirar el consentimiento en cualquier momento. Derecho de acceso, rectificaci\u00f3n, portabilidad y supresi\u00f3n de sus datos y a la limitaci\u00f3n u oposici\u00f3n al su tratamiento. Datos de contacto para ejercer sus derechos: <\/span><span style=%22color: #fff;%22><u><a href=%22mailto:palenciacardenalcisneros@spartasportcenter.com%22> palenciacardenalcisneros@spartasportcenter.com <\/span><\/a><\/u><\/span><strong> Informaci\u00f3n adicional:<\/strong><\/span> Puede consultar la informaci\u00f3n adicional en nuestra <\/span><span style=%22color: #fff;%22><u><a href=%22https:\/\/spartasportcenter.com\/palencia-cardenal-cisneros\/politica-de-privacidad-sparta\/%22><i>Pol\u00edtica de Privacidad<\/i><\/span><\/a><\/u><\/span>.<\/p>\n<p>\u00bb raw_content_last_edited=\u00bbon|phone\u00bb _builder_version=\u00bb4.27.4&#8243; _module_preset=\u00bbdefault\u00bb text_orientation=\u00bbjustified\u00bb custom_padding_tablet=\u00bb\u00bb custom_padding_phone=\u00bb|7%|||false|false\u00bb custom_padding_last_edited=\u00bbon|phone\u00bb hover_enabled=\u00bb0&#8243; locked=\u00bboff\u00bb global_colors_info=\u00bb{}\u00bb sticky_enabled=\u00bb0&#8243;]<iframe src=\"https:\/\/sparta.deporweb.net\/altaonline\/venaprobar.aspx?header=false&#038;footer=false&#038;nav=false&#038;lang=es-ES&#038;type=UGFsZW5jaWEgLSBDYXJkZW5hbCBDaXNuZXJvc3wxNzV8aHR0cHM6Ly9zcGFydGFzcG9ydGNlbnRlci5jb20vcGFsZW5jaWEtY2FyZGVuYWwtY2lzbmVyb3MvZ3JhY2lhcy1wcnVlYmEtZGlhLw==\" name=\"myIFrame\" width=\"100%\" height=\"800px\"><\/iframe><!-- [et_pb_line_break_holder] --><!-- [et_pb_line_break_holder] --><!-- [et_pb_line_break_holder] --><\/p>\n<div style=\"max-width:1140px; margin:auto;\"><!-- [et_pb_line_break_holder] -->  <pee style=\"margin-top:-270px; font-weight: 300; line-height: 1.1em; font-size:13px\"><!-- [et_pb_line_break_holder] --><!-- [et_pb_line_break_holder] --><strong>INFORMACI\u00d3N B\u00c1SICA DE PROTECCI\u00d3N DE DATOS:\u00a0Responsable del tratamiento:<\/strong><\/span>\u00a0<strong>Responsable del tratamiento:<\/strong><\/span>\u00a0PALENCIA CARDENAL CISNEROS SPORT SOLUTIONS, S.L.\u00a0<\/span><strong>Finalidad del tratamiento:<\/strong><\/span>\u00a0Gestionar las consultas planteadas.\u00a0Env\u00edo de\u00a0newsletters, comunicaciones comerciales y promociones\u00a0(previo consentimiento).\u00a0<\/span><strong>Legitimaci\u00f3n del tratamiento:<\/strong><\/span>\u00a0Inter\u00e9s leg\u00edtimo y consentimiento del interesado\/a.\u00a0<\/span><strong>Conservaci\u00f3n de los datos:<\/strong><\/span>\u00a0Se conservar\u00e1n mientras exista un inter\u00e9s mutuo o durante el tiempo necesario para el cumplimiento de las obligaciones legales.\u00a0<\/span><strong>Destinatarios:<\/strong><\/span>\u00a0Empresas del Grupo Sparta y prestadores de servicio o colaboradores.\u00a0<\/span><strong>Derechos:\u00a0<\/strong><\/span>Derecho a retirar el consentimiento en cualquier momento. Derecho de acceso, rectificaci\u00f3n, portabilidad y supresi\u00f3n de sus datos y a la limitaci\u00f3n u oposici\u00f3n al su tratamiento. Datos de contacto para ejercer sus derechos:\u00a0<\/span><span style=\"color: #fff;\"><u><a href=\"mailto:palenciacardenalcisneros@spartasportcenter.com\">palenciacardenalcisneros@spartasportcenter.com<\/span><\/a><\/u><\/span><strong> Informaci\u00f3n adicional:<\/strong><\/span>\u00a0Puede consultar la informaci\u00f3n adicional en nuestra\u00a0<\/span><span style=\"color: #fff;\"><u><a href=\"https:\/\/spartasportcenter.com\/palencia-cardenal-cisneros\/politica-de-privacidad-sparta\/\"><i>Pol\u00edtica de Privacidad<\/i><\/span><\/a><\/u><\/span>.<\/pee><!-- [et_pb_line_break_holder] --><!-- [et_pb_line_break_holder] --><\/div>\n<p>  <!-- [et_pb_line_break_holder] -->[\/et_pb_code][\/et_pb_column][\/et_pb_row][\/et_pb_section]<\/p>\n","protected":false},"excerpt":{"rendered":"","protected":false},"author":1,"featured_media":220400,"parent":0,"menu_order":0,"comment_status":"closed","ping_status":"closed","template":"","meta":{"_et_pb_use_builder":"on","_et_pb_old_content":"","_et_gb_content_width":"","footnotes":""},"class_list":["post-216140","page","type-page","status-publish","has-post-thumbnail","hentry"],"yoast_head":"<!-- This site is optimized with the Yoast SEO plugin v27.4 - https:\/\/yoast.com\/product\/yoast-seo-wordpress\/ -->\n<title>M\u00e1s informaci\u00f3n - Sparta Sport Center Palencia cardenal cisneros<\/title>\n<meta name=\"robots\" content=\"index, follow, max-snippet:-1, max-image-preview:large, max-video-preview:-1\" \/>\n<link rel=\"canonical\" href=\"https:\/\/spartasportcenter.com\/palencia-cardenal-cisneros\/mas-informacion\/\" \/>\n<meta property=\"og:locale\" content=\"es_ES\" \/>\n<meta property=\"og:type\" content=\"article\" \/>\n<meta property=\"og:title\" content=\"M\u00e1s informaci\u00f3n - Sparta Sport Center Palencia cardenal cisneros\" \/>\n<meta property=\"og:url\" content=\"https:\/\/spartasportcenter.com\/palencia-cardenal-cisneros\/mas-informacion\/\" \/>\n<meta property=\"og:site_name\" content=\"Sparta Sport Center Palencia cardenal cisneros\" \/>\n<meta property=\"article:modified_time\" content=\"2025-10-31T13:07:10+00:00\" \/>\n<meta property=\"og:image\" content=\"https:\/\/spartasportcenter.com\/palencia-cardenal-cisneros\/wp-content\/uploads\/2024\/07\/gimnasio-sparta-sport-center-mas-informacion.jpg\" \/>\n\t<meta property=\"og:image:width\" content=\"2000\" \/>\n\t<meta property=\"og:image:height\" content=\"1333\" \/>\n\t<meta property=\"og:image:type\" content=\"image\/jpeg\" \/>\n<meta name=\"twitter:card\" content=\"summary_large_image\" \/>\n<meta name=\"twitter:label1\" content=\"Tiempo de lectura\" \/>\n\t<meta name=\"twitter:data1\" content=\"1 minuto\" \/>\n<script type=\"application\/ld+json\" class=\"yoast-schema-graph\">{\"@context\":\"https:\\\/\\\/schema.org\",\"@graph\":[{\"@type\":\"WebPage\",\"@id\":\"https:\\\/\\\/spartasportcenter.com\\\/palencia-cardenal-cisneros\\\/mas-informacion\\\/\",\"url\":\"https:\\\/\\\/spartasportcenter.com\\\/palencia-cardenal-cisneros\\\/mas-informacion\\\/\",\"name\":\"M\u00e1s informaci\u00f3n - Sparta Sport Center Palencia cardenal cisneros\",\"isPartOf\":{\"@id\":\"https:\\\/\\\/spartasportcenter.com\\\/palencia-cardenal-cisneros\\\/#website\"},\"primaryImageOfPage\":{\"@id\":\"https:\\\/\\\/spartasportcenter.com\\\/palencia-cardenal-cisneros\\\/mas-informacion\\\/#primaryimage\"},\"image\":{\"@id\":\"https:\\\/\\\/spartasportcenter.com\\\/palencia-cardenal-cisneros\\\/mas-informacion\\\/#primaryimage\"},\"thumbnailUrl\":\"https:\\\/\\\/spartasportcenter.com\\\/palencia-cardenal-cisneros\\\/wp-content\\\/uploads\\\/2024\\\/07\\\/gimnasio-sparta-sport-center-mas-informacion.jpg\",\"datePublished\":\"2021-09-30T11:18:44+00:00\",\"dateModified\":\"2025-10-31T13:07:10+00:00\",\"breadcrumb\":{\"@id\":\"https:\\\/\\\/spartasportcenter.com\\\/palencia-cardenal-cisneros\\\/mas-informacion\\\/#breadcrumb\"},\"inLanguage\":\"es\",\"potentialAction\":[{\"@type\":\"ReadAction\",\"target\":[\"https:\\\/\\\/spartasportcenter.com\\\/palencia-cardenal-cisneros\\\/mas-informacion\\\/\"]}]},{\"@type\":\"ImageObject\",\"inLanguage\":\"es\",\"@id\":\"https:\\\/\\\/spartasportcenter.com\\\/palencia-cardenal-cisneros\\\/mas-informacion\\\/#primaryimage\",\"url\":\"https:\\\/\\\/spartasportcenter.com\\\/palencia-cardenal-cisneros\\\/wp-content\\\/uploads\\\/2024\\\/07\\\/gimnasio-sparta-sport-center-mas-informacion.jpg\",\"contentUrl\":\"https:\\\/\\\/spartasportcenter.com\\\/palencia-cardenal-cisneros\\\/wp-content\\\/uploads\\\/2024\\\/07\\\/gimnasio-sparta-sport-center-mas-informacion.jpg\",\"width\":2000,\"height\":1333,\"caption\":\"gimnasio sparta sport center mas informacion\"},{\"@type\":\"BreadcrumbList\",\"@id\":\"https:\\\/\\\/spartasportcenter.com\\\/palencia-cardenal-cisneros\\\/mas-informacion\\\/#breadcrumb\",\"itemListElement\":[{\"@type\":\"ListItem\",\"position\":1,\"name\":\"Portada\",\"item\":\"https:\\\/\\\/spartasportcenter.com\\\/palencia-cardenal-cisneros\\\/\"},{\"@type\":\"ListItem\",\"position\":2,\"name\":\"M\u00e1s informaci\u00f3n\"}]},{\"@type\":\"WebSite\",\"@id\":\"https:\\\/\\\/spartasportcenter.com\\\/palencia-cardenal-cisneros\\\/#website\",\"url\":\"https:\\\/\\\/spartasportcenter.com\\\/palencia-cardenal-cisneros\\\/\",\"name\":\"Sparta Sport Center Palencia cardenal cisneros\",\"description\":\"Gimnasios en Cuenca\",\"potentialAction\":[{\"@type\":\"SearchAction\",\"target\":{\"@type\":\"EntryPoint\",\"urlTemplate\":\"https:\\\/\\\/spartasportcenter.com\\\/palencia-cardenal-cisneros\\\/?s={search_term_string}\"},\"query-input\":{\"@type\":\"PropertyValueSpecification\",\"valueRequired\":true,\"valueName\":\"search_term_string\"}}],\"inLanguage\":\"es\"}]}<\/script>\n<!-- \/ Yoast SEO plugin. -->","yoast_head_json":{"title":"M\u00e1s informaci\u00f3n - Sparta Sport Center Palencia cardenal cisneros","robots":{"index":"index","follow":"follow","max-snippet":"max-snippet:-1","max-image-preview":"max-image-preview:large","max-video-preview":"max-video-preview:-1"},"canonical":"https:\/\/spartasportcenter.com\/palencia-cardenal-cisneros\/mas-informacion\/","og_locale":"es_ES","og_type":"article","og_title":"M\u00e1s informaci\u00f3n - Sparta Sport Center Palencia cardenal cisneros","og_url":"https:\/\/spartasportcenter.com\/palencia-cardenal-cisneros\/mas-informacion\/","og_site_name":"Sparta Sport Center Palencia cardenal cisneros","article_modified_time":"2025-10-31T13:07:10+00:00","og_image":[{"width":2000,"height":1333,"url":"https:\/\/spartasportcenter.com\/palencia-cardenal-cisneros\/wp-content\/uploads\/2024\/07\/gimnasio-sparta-sport-center-mas-informacion.jpg","type":"image\/jpeg"}],"twitter_card":"summary_large_image","twitter_misc":{"Tiempo de lectura":"1 minuto"},"schema":{"@context":"https:\/\/schema.org","@graph":[{"@type":"WebPage","@id":"https:\/\/spartasportcenter.com\/palencia-cardenal-cisneros\/mas-informacion\/","url":"https:\/\/spartasportcenter.com\/palencia-cardenal-cisneros\/mas-informacion\/","name":"M\u00e1s informaci\u00f3n - Sparta Sport Center Palencia cardenal cisneros","isPartOf":{"@id":"https:\/\/spartasportcenter.com\/palencia-cardenal-cisneros\/#website"},"primaryImageOfPage":{"@id":"https:\/\/spartasportcenter.com\/palencia-cardenal-cisneros\/mas-informacion\/#primaryimage"},"image":{"@id":"https:\/\/spartasportcenter.com\/palencia-cardenal-cisneros\/mas-informacion\/#primaryimage"},"thumbnailUrl":"https:\/\/spartasportcenter.com\/palencia-cardenal-cisneros\/wp-content\/uploads\/2024\/07\/gimnasio-sparta-sport-center-mas-informacion.jpg","datePublished":"2021-09-30T11:18:44+00:00","dateModified":"2025-10-31T13:07:10+00:00","breadcrumb":{"@id":"https:\/\/spartasportcenter.com\/palencia-cardenal-cisneros\/mas-informacion\/#breadcrumb"},"inLanguage":"es","potentialAction":[{"@type":"ReadAction","target":["https:\/\/spartasportcenter.com\/palencia-cardenal-cisneros\/mas-informacion\/"]}]},{"@type":"ImageObject","inLanguage":"es","@id":"https:\/\/spartasportcenter.com\/palencia-cardenal-cisneros\/mas-informacion\/#primaryimage","url":"https:\/\/spartasportcenter.com\/palencia-cardenal-cisneros\/wp-content\/uploads\/2024\/07\/gimnasio-sparta-sport-center-mas-informacion.jpg","contentUrl":"https:\/\/spartasportcenter.com\/palencia-cardenal-cisneros\/wp-content\/uploads\/2024\/07\/gimnasio-sparta-sport-center-mas-informacion.jpg","width":2000,"height":1333,"caption":"gimnasio sparta sport center mas informacion"},{"@type":"BreadcrumbList","@id":"https:\/\/spartasportcenter.com\/palencia-cardenal-cisneros\/mas-informacion\/#breadcrumb","itemListElement":[{"@type":"ListItem","position":1,"name":"Portada","item":"https:\/\/spartasportcenter.com\/palencia-cardenal-cisneros\/"},{"@type":"ListItem","position":2,"name":"M\u00e1s informaci\u00f3n"}]},{"@type":"WebSite","@id":"https:\/\/spartasportcenter.com\/palencia-cardenal-cisneros\/#website","url":"https:\/\/spartasportcenter.com\/palencia-cardenal-cisneros\/","name":"Sparta Sport Center Palencia cardenal cisneros","description":"Gimnasios en Cuenca","potentialAction":[{"@type":"SearchAction","target":{"@type":"EntryPoint","urlTemplate":"https:\/\/spartasportcenter.com\/palencia-cardenal-cisneros\/?s={search_term_string}"},"query-input":{"@type":"PropertyValueSpecification","valueRequired":true,"valueName":"search_term_string"}}],"inLanguage":"es"}]}},"_links":{"self":[{"href":"https:\/\/spartasportcenter.com\/palencia-cardenal-cisneros\/wp-json\/wp\/v2\/pages\/216140","targetHints":{"allow":["GET"]}}],"collection":[{"href":"https:\/\/spartasportcenter.com\/palencia-cardenal-cisneros\/wp-json\/wp\/v2\/pages"}],"about":[{"href":"https:\/\/spartasportcenter.com\/palencia-cardenal-cisneros\/wp-json\/wp\/v2\/types\/page"}],"author":[{"embeddable":true,"href":"https:\/\/spartasportcenter.com\/palencia-cardenal-cisneros\/wp-json\/wp\/v2\/users\/1"}],"replies":[{"embeddable":true,"href":"https:\/\/spartasportcenter.com\/palencia-cardenal-cisneros\/wp-json\/wp\/v2\/comments?post=216140"}],"version-history":[{"count":18,"href":"https:\/\/spartasportcenter.com\/palencia-cardenal-cisneros\/wp-json\/wp\/v2\/pages\/216140\/revisions"}],"predecessor-version":[{"id":220645,"href":"https:\/\/spartasportcenter.com\/palencia-cardenal-cisneros\/wp-json\/wp\/v2\/pages\/216140\/revisions\/220645"}],"wp:featuredmedia":[{"embeddable":true,"href":"https:\/\/spartasportcenter.com\/palencia-cardenal-cisneros\/wp-json\/wp\/v2\/media\/220400"}],"wp:attachment":[{"href":"https:\/\/spartasportcenter.com\/palencia-cardenal-cisneros\/wp-json\/wp\/v2\/media?parent=216140"}],"curies":[{"name":"wp","href":"https:\/\/api.w.org\/{rel}","templated":true}]}}