{"id":215999,"date":"2021-07-29T09:33:35","date_gmt":"2021-07-29T07:33:35","guid":{"rendered":"https:\/\/spartasportcenter.com\/cuenca\/?page_id=215999"},"modified":"2025-05-26T17:04:08","modified_gmt":"2025-05-26T15:04:08","slug":"body-attack","status":"publish","type":"page","link":"https:\/\/spartasportcenter.com\/palencia-cardenal-cisneros\/body-attack\/","title":{"rendered":"Body Attack Palencia Cardenal Cisneros"},"content":{"rendered":"<p>[et_pb_section fb_built=\u00bb1&#8243; custom_padding_last_edited=\u00bbon|phone\u00bb disabled_on=\u00bboff|off|off\u00bb _builder_version=\u00bb4.16&#8243; background_color=\u00bb#262626&#8243; background_enable_image=\u00bboff\u00bb custom_margin=\u00bb||||false|false\u00bb custom_padding=\u00bb80px|0px|0px|0px|false|false\u00bb custom_padding_tablet=\u00bb\u00bb custom_padding_phone=\u00bb30px||50px||false|false\u00bb global_colors_info=\u00bb{}\u00bb][et_pb_row column_structure=\u00bb1_3,2_3&#8243; custom_padding_last_edited=\u00bbon|desktop\u00bb _builder_version=\u00bb4.16&#8243; _module_preset=\u00bbdefault\u00bb custom_padding=\u00bb0px||||false|false\u00bb custom_padding_tablet=\u00bb\u00bb custom_padding_phone=\u00bb0px||||false|false\u00bb global_colors_info=\u00bb{}\u00bb][et_pb_column type=\u00bb1_3&#8243; _builder_version=\u00bb4.16&#8243; _module_preset=\u00bbdefault\u00bb global_colors_info=\u00bb{}\u00bb][et_pb_text _builder_version=\u00bb4.27.4&#8243; text_font=\u00bb||||||||\u00bb header_font=\u00bb||||||||\u00bb header_text_align=\u00bbcenter\u00bb header_2_font=\u00bb|300||on|||||\u00bb header_2_text_align=\u00bbright\u00bb header_2_font_size=\u00bb29px\u00bb custom_margin=\u00bb||0px||false|false\u00bb custom_padding=\u00bb|15%|0px||false|false\u00bb hover_enabled=\u00bb0&#8243; header_2_text_align_tablet=\u00bb\u00bb header_2_text_align_phone=\u00bbleft\u00bb header_2_text_align_last_edited=\u00bbon|phone\u00bb header_2_font_size_tablet=\u00bb51px\u00bb header_2_font_size_phone=\u00bb25px\u00bb header_2_font_size_last_edited=\u00bbon|phone\u00bb border_width_right=\u00bb2px\u00bb border_color_right=\u00bb#cccccc\u00bb border_width_right_tablet=\u00bb\u00bb border_width_right_phone=\u00bb0px\u00bb border_width_right_last_edited=\u00bbon|phone\u00bb locked=\u00bboff\u00bb global_colors_info=\u00bb{}\u00bb sticky_enabled=\u00bb0&#8243;]<\/p>\n<h2>Clases de body attack en Palencia Cardenal Cisneros<\/h2>\n<p>[\/et_pb_text][\/et_pb_column][et_pb_column type=\u00bb2_3&#8243; _builder_version=\u00bb4.16&#8243; _module_preset=\u00bbdefault\u00bb global_colors_info=\u00bb{}\u00bb][et_pb_text _builder_version=\u00bb4.27.4&#8243; text_font=\u00bb|300|||||||\u00bb text_text_color=\u00bb#cccccc\u00bb text_line_height=\u00bb1.1em\u00bb header_font=\u00bb|300|||||||\u00bb header_2_font=\u00bb|300||on|||||\u00bb header_2_text_color=\u00bb#cccccc\u00bb header_2_font_size=\u00bb36px\u00bb header_2_letter_spacing=\u00bb2px\u00bb background_layout=\u00bbdark\u00bb hover_enabled=\u00bb0&#8243; global_colors_info=\u00bb{}\u00bb sticky_enabled=\u00bb0&#8243;]<\/p>\n<p><span style=\"font-weight: 400;\">En Sparta Sport Center Palencia Cardenal Cisneros, apostamos por entrenamientos que te reten, te diviertan y te acerquen a tus metas. Por eso, te invitamos a descubrir nuestras clases de Body Attack, un <\/span><b>programa de alta intensidad que combina cardio, ejercicios funcionales y movimientos atl\u00e9ticos<\/b><span style=\"font-weight: 400;\"> al ritmo de la m\u00fasica.<\/span><\/p>\n<p><span style=\"font-weight: 400;\">Cada sesi\u00f3n es una explosi\u00f3n de energ\u00eda, dise\u00f1ada para mejorar tu capacidad cardiovascular, potenciar tu fuerza y hacerte sudar desde el primer minuto. Aqu\u00ed, no solo entrenamos duro: nos divertimos, nos superamos y lo hacemos en comunidad.<\/span><\/p>\n<p>[\/et_pb_text][\/et_pb_column][\/et_pb_row][et_pb_row column_structure=\u00bb1_3,2_3&#8243; custom_padding_last_edited=\u00bbon|phone\u00bb _builder_version=\u00bb4.16&#8243; _module_preset=\u00bbdefault\u00bb custom_margin=\u00bb||0px||false|false\u00bb custom_padding=\u00bb||||false|false\u00bb custom_padding_tablet=\u00bb\u00bb custom_padding_phone=\u00bb0px||0px||false|false\u00bb global_colors_info=\u00bb{}\u00bb][et_pb_column type=\u00bb1_3&#8243; _builder_version=\u00bb4.16&#8243; _module_preset=\u00bbdefault\u00bb global_colors_info=\u00bb{}\u00bb][et_pb_text _builder_version=\u00bb4.24.2&#8243; text_font=\u00bb||||||||\u00bb header_font=\u00bb||||||||\u00bb header_text_align=\u00bbcenter\u00bb header_2_font=\u00bb|300||on|||||\u00bb header_2_text_align=\u00bbright\u00bb header_2_font_size=\u00bb29px\u00bb custom_margin=\u00bb||0px||false|false\u00bb custom_padding=\u00bb|15%|0px||false|false\u00bb header_2_text_align_tablet=\u00bb\u00bb header_2_text_align_phone=\u00bbleft\u00bb header_2_text_align_last_edited=\u00bbon|phone\u00bb header_2_font_size_tablet=\u00bb51px\u00bb header_2_font_size_phone=\u00bb25px\u00bb header_2_font_size_last_edited=\u00bbon|phone\u00bb border_width_right=\u00bb2px\u00bb border_color_right=\u00bb#cccccc\u00bb border_width_right_tablet=\u00bb\u00bb border_width_right_phone=\u00bb0px\u00bb border_width_right_last_edited=\u00bbon|phone\u00bb locked=\u00bboff\u00bb global_colors_info=\u00bb{}\u00bb]<\/p>\n<h2>Beneficios del Body Attack en Palencia Cardenal Cisneros<\/h2>\n<p>[\/et_pb_text][\/et_pb_column][et_pb_column type=\u00bb2_3&#8243; _builder_version=\u00bb4.16&#8243; _module_preset=\u00bbdefault\u00bb global_colors_info=\u00bb{}\u00bb][et_pb_text _builder_version=\u00bb4.27.4&#8243; text_font=\u00bb|300|||||||\u00bb text_text_color=\u00bb#cccccc\u00bb text_line_height=\u00bb1.1em\u00bb header_font=\u00bb|300|||||||\u00bb header_2_font=\u00bb|300||on|||||\u00bb header_2_text_color=\u00bb#cccccc\u00bb header_2_font_size=\u00bb36px\u00bb header_2_letter_spacing=\u00bb2px\u00bb background_layout=\u00bbdark\u00bb hover_enabled=\u00bb0&#8243; global_colors_info=\u00bb{}\u00bb sticky_enabled=\u00bb0&#8243;]<\/p>\n<p><span style=\"font-weight: 400;\">Practicar Body Attack con nosotros te aporta grandes ventajas, tanto f\u00edsicas como mentales:<\/span><\/p>\n<ul>\n<li style=\"font-weight: 400;\" aria-level=\"1\"><span style=\"font-weight: 400;\">Aumentas tu resistencia y capacidad aer\u00f3bica con rutinas intensas y din\u00e1micas.<\/span><\/li>\n<li style=\"font-weight: 400;\" aria-level=\"1\"><span style=\"font-weight: 400;\">Tonificas todo el cuerpo, gracias a movimientos que activan piernas, gl\u00fateos, brazos y abdomen.<\/span><\/li>\n<li style=\"font-weight: 400;\" aria-level=\"1\"><span style=\"font-weight: 400;\">Quemas calor\u00edas a gran velocidad: puedes <\/span><b>llegar a perder hasta 700 calor\u00edas<\/b><span style=\"font-weight: 400;\"> en una sola clase.<\/span><\/li>\n<li style=\"font-weight: 400;\" aria-level=\"1\"><span style=\"font-weight: 400;\">Mejoras tu coordinaci\u00f3n y agilidad, con ejercicios que imitan gestos deportivos.<\/span><\/li>\n<li style=\"font-weight: 400;\" aria-level=\"1\"><span style=\"font-weight: 400;\">Libera estr\u00e9s y eleva tu estado de \u00e1nimo, gracias a la energ\u00eda de la m\u00fasica y la intensidad del entrenamiento.<\/span><\/li>\n<\/ul>\n<p><span style=\"font-weight: 400;\">Cada clase es una oportunidad para soltar tensiones, liberar endorfinas y salir m\u00e1s fuerte y con mejor actitud.<\/span><\/p>\n<p>[\/et_pb_text][\/et_pb_column][\/et_pb_row][\/et_pb_section][et_pb_section fb_built=\u00bb1&#8243; custom_padding_last_edited=\u00bbon|phone\u00bb _builder_version=\u00bb4.24.2&#8243; _module_preset=\u00bbdefault\u00bb background_color=\u00bb#262626&#8243; custom_padding=\u00bb0px||50px||false|false\u00bb custom_padding_tablet=\u00bb\u00bb custom_padding_phone=\u00bb||30px||false|false\u00bb global_colors_info=\u00bb{}\u00bb][et_pb_row column_structure=\u00bb1_3,2_3&#8243; custom_padding_last_edited=\u00bbon|phone\u00bb _builder_version=\u00bb4.16&#8243; _module_preset=\u00bbdefault\u00bb custom_padding_tablet=\u00bb\u00bb custom_padding_phone=\u00bb0px||0px||false|false\u00bb global_colors_info=\u00bb{}\u00bb][et_pb_column type=\u00bb1_3&#8243; _builder_version=\u00bb4.16&#8243; _module_preset=\u00bbdefault\u00bb global_colors_info=\u00bb{}\u00bb][et_pb_text _builder_version=\u00bb4.26.1&#8243; text_font=\u00bb||||||||\u00bb header_font=\u00bb||||||||\u00bb header_text_align=\u00bbcenter\u00bb header_2_font=\u00bb|300||on|||||\u00bb header_2_text_align=\u00bbright\u00bb header_2_font_size=\u00bb29px\u00bb custom_margin=\u00bb||0px||false|false\u00bb custom_padding=\u00bb|15%|0px||false|false\u00bb header_2_text_align_tablet=\u00bb\u00bb header_2_text_align_phone=\u00bbleft\u00bb header_2_text_align_last_edited=\u00bbon|phone\u00bb header_2_font_size_tablet=\u00bb51px\u00bb header_2_font_size_phone=\u00bb25px\u00bb header_2_font_size_last_edited=\u00bbon|phone\u00bb border_width_right=\u00bb2px\u00bb border_color_right=\u00bb#cccccc\u00bb border_width_right_tablet=\u00bb\u00bb border_width_right_phone=\u00bb0px\u00bb border_width_right_last_edited=\u00bbon|phone\u00bb locked=\u00bboff\u00bb global_colors_info=\u00bb{}\u00bb]<\/p>\n<h2>Por qu\u00e9 Body Attack en Sparta Sport Center Palencia Cardenal Cisneros<\/h2>\n<p>[\/et_pb_text][\/et_pb_column][et_pb_column type=\u00bb2_3&#8243; _builder_version=\u00bb4.16&#8243; _module_preset=\u00bbdefault\u00bb global_colors_info=\u00bb{}\u00bb][et_pb_text _builder_version=\u00bb4.27.4&#8243; text_font=\u00bb|300|||||||\u00bb text_text_color=\u00bb#cccccc\u00bb text_line_height=\u00bb1.1em\u00bb header_font=\u00bb|300|||||||\u00bb header_2_font=\u00bb|300||on|||||\u00bb header_2_text_color=\u00bb#cccccc\u00bb header_2_font_size=\u00bb36px\u00bb header_2_letter_spacing=\u00bb2px\u00bb background_layout=\u00bbdark\u00bb hover_enabled=\u00bb0&#8243; global_colors_info=\u00bb{}\u00bb sticky_enabled=\u00bb0&#8243;]<\/p>\n<p><span style=\"font-weight: 400;\">Porque en nuestro gimnasio no solo te ofrecemos un entrenamiento efectivo, sino una <\/span><b>experiencia completa<\/b><span style=\"font-weight: 400;\">. Contamos con:<\/span><\/p>\n<ul>\n<li style=\"font-weight: 400;\" aria-level=\"1\"><span style=\"font-weight: 400;\">Entrenadores profesionales que te acompa\u00f1an y te motivan a superarte.<\/span><\/li>\n<li style=\"font-weight: 400;\" aria-level=\"1\"><span style=\"font-weight: 400;\">Ambientes energ\u00e9ticos y bien equipados, con sistemas de sonido e iluminaci\u00f3n que te sumergen en la clase.<\/span><\/li>\n<li style=\"font-weight: 400;\" aria-level=\"1\"><span style=\"font-weight: 400;\">Comunidad activa y positiva, donde te sentir\u00e1s acompa\u00f1ado desde el primer d\u00eda.<\/span><\/li>\n<\/ul>\n<p><span style=\"font-weight: 400;\">En Sparta Sport Center, entendemos que entrenar debe ser algo que te inspire y te impulse a seguir. Nuestras clases de Body Attack est\u00e1n pensadas para que salgas con la sensaci\u00f3n de haberlo dado todo\u2026 y con ganas de volver.<\/span><\/p>\n<p><b>Te esperamos para que formes parte de este desaf\u00edo<\/b><span style=\"font-weight: 400;\">. S\u00famate a la energ\u00eda del Body Attack en Palencia Cardenal Cisneros y transforma tu forma de entrenar.<\/span><\/p>\n<p>[\/et_pb_text][\/et_pb_column][\/et_pb_row][\/et_pb_section]<\/p>\n","protected":false},"excerpt":{"rendered":"<p>Clases de body attack en Palencia Cardenal CisnerosEn Sparta Sport Center Palencia Cardenal Cisneros, apostamos por entrenamientos que te reten, te diviertan y te acerquen a tus metas. Por eso, te invitamos a descubrir nuestras clases de Body Attack, un programa de alta intensidad que combina cardio, ejercicios funcionales y movimientos atl\u00e9ticos al ritmo de [&hellip;]<\/p>\n","protected":false},"author":1,"featured_media":220365,"parent":0,"menu_order":0,"comment_status":"closed","ping_status":"closed","template":"","meta":{"_et_pb_use_builder":"on","_et_pb_old_content":"","_et_gb_content_width":"","footnotes":""},"class_list":["post-215999","page","type-page","status-publish","has-post-thumbnail","hentry"],"yoast_head":"<!-- This site is optimized with the Yoast SEO plugin v27.4 - https:\/\/yoast.com\/product\/yoast-seo-wordpress\/ -->\n<title>Body Attack en Palencia Cardenal Cisneros | Sparta<\/title>\n<meta name=\"description\" content=\"Inscr\u00edbete y disfruta de clases de Body Attack en Palencia Cardenal Cisneros, contamos con un equipo dedicado a tu bienestar. \u00a1Disfruta del d\u00eda gratis!\" \/>\n<meta name=\"robots\" content=\"index, follow, max-snippet:-1, max-image-preview:large, max-video-preview:-1\" \/>\n<link rel=\"canonical\" href=\"https:\/\/spartasportcenter.com\/palencia-cardenal-cisneros\/body-attack\/\" \/>\n<meta property=\"og:locale\" content=\"es_ES\" \/>\n<meta property=\"og:type\" content=\"article\" \/>\n<meta property=\"og:title\" content=\"Body Attack en Palencia Cardenal Cisneros | Sparta\" \/>\n<meta property=\"og:description\" content=\"Inscr\u00edbete y disfruta de clases de Body Attack en Palencia Cardenal Cisneros, contamos con un equipo dedicado a tu bienestar. \u00a1Disfruta del d\u00eda gratis!\" \/>\n<meta property=\"og:url\" content=\"https:\/\/spartasportcenter.com\/palencia-cardenal-cisneros\/body-attack\/\" \/>\n<meta property=\"og:site_name\" content=\"Sparta Sport Center Palencia cardenal cisneros\" \/>\n<meta property=\"article:modified_time\" content=\"2025-05-26T15:04:08+00:00\" \/>\n<meta property=\"og:image\" content=\"https:\/\/spartasportcenter.com\/palencia-cardenal-cisneros\/wp-content\/uploads\/2024\/07\/body-attack-palenciawebp\" \/>\n\t<meta property=\"og:image:width\" content=\"2000\" \/>\n\t<meta property=\"og:image:height\" content=\"1333\" \/>\n\t<meta property=\"og:image:type\" content=\"image\/webp\" \/>\n<meta name=\"twitter:card\" content=\"summary_large_image\" \/>\n<meta name=\"twitter:label1\" content=\"Tiempo de lectura\" \/>\n\t<meta name=\"twitter:data1\" content=\"4 minutos\" \/>\n<script type=\"application\/ld+json\" class=\"yoast-schema-graph\">{\"@context\":\"https:\\\/\\\/schema.org\",\"@graph\":[{\"@type\":\"WebPage\",\"@id\":\"https:\\\/\\\/spartasportcenter.com\\\/palencia-cardenal-cisneros\\\/body-attack\\\/\",\"url\":\"https:\\\/\\\/spartasportcenter.com\\\/palencia-cardenal-cisneros\\\/body-attack\\\/\",\"name\":\"Body Attack en Palencia Cardenal Cisneros | Sparta\",\"isPartOf\":{\"@id\":\"https:\\\/\\\/spartasportcenter.com\\\/palencia-cardenal-cisneros\\\/#website\"},\"primaryImageOfPage\":{\"@id\":\"https:\\\/\\\/spartasportcenter.com\\\/palencia-cardenal-cisneros\\\/body-attack\\\/#primaryimage\"},\"image\":{\"@id\":\"https:\\\/\\\/spartasportcenter.com\\\/palencia-cardenal-cisneros\\\/body-attack\\\/#primaryimage\"},\"thumbnailUrl\":\"https:\\\/\\\/spartasportcenter.com\\\/palencia-cardenal-cisneros\\\/wp-content\\\/uploads\\\/2024\\\/07\\\/body-attack-palenciawebp\",\"datePublished\":\"2021-07-29T07:33:35+00:00\",\"dateModified\":\"2025-05-26T15:04:08+00:00\",\"description\":\"Inscr\u00edbete y disfruta de clases de Body Attack en Palencia Cardenal Cisneros, contamos con un equipo dedicado a tu bienestar. \u00a1Disfruta del d\u00eda gratis!\",\"breadcrumb\":{\"@id\":\"https:\\\/\\\/spartasportcenter.com\\\/palencia-cardenal-cisneros\\\/body-attack\\\/#breadcrumb\"},\"inLanguage\":\"es\",\"potentialAction\":[{\"@type\":\"ReadAction\",\"target\":[\"https:\\\/\\\/spartasportcenter.com\\\/palencia-cardenal-cisneros\\\/body-attack\\\/\"]}]},{\"@type\":\"ImageObject\",\"inLanguage\":\"es\",\"@id\":\"https:\\\/\\\/spartasportcenter.com\\\/palencia-cardenal-cisneros\\\/body-attack\\\/#primaryimage\",\"url\":\"https:\\\/\\\/spartasportcenter.com\\\/palencia-cardenal-cisneros\\\/wp-content\\\/uploads\\\/2024\\\/07\\\/body-attack-palenciawebp\",\"contentUrl\":\"https:\\\/\\\/spartasportcenter.com\\\/palencia-cardenal-cisneros\\\/wp-content\\\/uploads\\\/2024\\\/07\\\/body-attack-palenciawebp\",\"width\":2000,\"height\":1333,\"caption\":\"body attack palencia\"},{\"@type\":\"BreadcrumbList\",\"@id\":\"https:\\\/\\\/spartasportcenter.com\\\/palencia-cardenal-cisneros\\\/body-attack\\\/#breadcrumb\",\"itemListElement\":[{\"@type\":\"ListItem\",\"position\":1,\"name\":\"Portada\",\"item\":\"https:\\\/\\\/spartasportcenter.com\\\/palencia-cardenal-cisneros\\\/\"},{\"@type\":\"ListItem\",\"position\":2,\"name\":\"Body Attack Palencia Cardenal Cisneros\"}]},{\"@type\":\"WebSite\",\"@id\":\"https:\\\/\\\/spartasportcenter.com\\\/palencia-cardenal-cisneros\\\/#website\",\"url\":\"https:\\\/\\\/spartasportcenter.com\\\/palencia-cardenal-cisneros\\\/\",\"name\":\"Sparta Sport Center Palencia cardenal cisneros\",\"description\":\"Gimnasios en Cuenca\",\"potentialAction\":[{\"@type\":\"SearchAction\",\"target\":{\"@type\":\"EntryPoint\",\"urlTemplate\":\"https:\\\/\\\/spartasportcenter.com\\\/palencia-cardenal-cisneros\\\/?s={search_term_string}\"},\"query-input\":{\"@type\":\"PropertyValueSpecification\",\"valueRequired\":true,\"valueName\":\"search_term_string\"}}],\"inLanguage\":\"es\"}]}<\/script>\n<!-- \/ Yoast SEO plugin. -->","yoast_head_json":{"title":"Body Attack en Palencia Cardenal Cisneros | Sparta","description":"Inscr\u00edbete y disfruta de clases de Body Attack en Palencia Cardenal Cisneros, contamos con un equipo dedicado a tu bienestar. \u00a1Disfruta del d\u00eda gratis!","robots":{"index":"index","follow":"follow","max-snippet":"max-snippet:-1","max-image-preview":"max-image-preview:large","max-video-preview":"max-video-preview:-1"},"canonical":"https:\/\/spartasportcenter.com\/palencia-cardenal-cisneros\/body-attack\/","og_locale":"es_ES","og_type":"article","og_title":"Body Attack en Palencia Cardenal Cisneros | Sparta","og_description":"Inscr\u00edbete y disfruta de clases de Body Attack en Palencia Cardenal Cisneros, contamos con un equipo dedicado a tu bienestar. \u00a1Disfruta del d\u00eda gratis!","og_url":"https:\/\/spartasportcenter.com\/palencia-cardenal-cisneros\/body-attack\/","og_site_name":"Sparta Sport Center Palencia cardenal cisneros","article_modified_time":"2025-05-26T15:04:08+00:00","og_image":[{"width":2000,"height":1333,"url":"https:\/\/spartasportcenter.com\/palencia-cardenal-cisneros\/wp-content\/uploads\/2024\/07\/body-attack-palenciawebp","type":"image\/webp"}],"twitter_card":"summary_large_image","twitter_misc":{"Tiempo de lectura":"4 minutos"},"schema":{"@context":"https:\/\/schema.org","@graph":[{"@type":"WebPage","@id":"https:\/\/spartasportcenter.com\/palencia-cardenal-cisneros\/body-attack\/","url":"https:\/\/spartasportcenter.com\/palencia-cardenal-cisneros\/body-attack\/","name":"Body Attack en Palencia Cardenal Cisneros | Sparta","isPartOf":{"@id":"https:\/\/spartasportcenter.com\/palencia-cardenal-cisneros\/#website"},"primaryImageOfPage":{"@id":"https:\/\/spartasportcenter.com\/palencia-cardenal-cisneros\/body-attack\/#primaryimage"},"image":{"@id":"https:\/\/spartasportcenter.com\/palencia-cardenal-cisneros\/body-attack\/#primaryimage"},"thumbnailUrl":"https:\/\/spartasportcenter.com\/palencia-cardenal-cisneros\/wp-content\/uploads\/2024\/07\/body-attack-palenciawebp","datePublished":"2021-07-29T07:33:35+00:00","dateModified":"2025-05-26T15:04:08+00:00","description":"Inscr\u00edbete y disfruta de clases de Body Attack en Palencia Cardenal Cisneros, contamos con un equipo dedicado a tu bienestar. \u00a1Disfruta del d\u00eda gratis!","breadcrumb":{"@id":"https:\/\/spartasportcenter.com\/palencia-cardenal-cisneros\/body-attack\/#breadcrumb"},"inLanguage":"es","potentialAction":[{"@type":"ReadAction","target":["https:\/\/spartasportcenter.com\/palencia-cardenal-cisneros\/body-attack\/"]}]},{"@type":"ImageObject","inLanguage":"es","@id":"https:\/\/spartasportcenter.com\/palencia-cardenal-cisneros\/body-attack\/#primaryimage","url":"https:\/\/spartasportcenter.com\/palencia-cardenal-cisneros\/wp-content\/uploads\/2024\/07\/body-attack-palenciawebp","contentUrl":"https:\/\/spartasportcenter.com\/palencia-cardenal-cisneros\/wp-content\/uploads\/2024\/07\/body-attack-palenciawebp","width":2000,"height":1333,"caption":"body attack palencia"},{"@type":"BreadcrumbList","@id":"https:\/\/spartasportcenter.com\/palencia-cardenal-cisneros\/body-attack\/#breadcrumb","itemListElement":[{"@type":"ListItem","position":1,"name":"Portada","item":"https:\/\/spartasportcenter.com\/palencia-cardenal-cisneros\/"},{"@type":"ListItem","position":2,"name":"Body Attack Palencia Cardenal Cisneros"}]},{"@type":"WebSite","@id":"https:\/\/spartasportcenter.com\/palencia-cardenal-cisneros\/#website","url":"https:\/\/spartasportcenter.com\/palencia-cardenal-cisneros\/","name":"Sparta Sport Center Palencia cardenal cisneros","description":"Gimnasios en Cuenca","potentialAction":[{"@type":"SearchAction","target":{"@type":"EntryPoint","urlTemplate":"https:\/\/spartasportcenter.com\/palencia-cardenal-cisneros\/?s={search_term_string}"},"query-input":{"@type":"PropertyValueSpecification","valueRequired":true,"valueName":"search_term_string"}}],"inLanguage":"es"}]}},"_links":{"self":[{"href":"https:\/\/spartasportcenter.com\/palencia-cardenal-cisneros\/wp-json\/wp\/v2\/pages\/215999","targetHints":{"allow":["GET"]}}],"collection":[{"href":"https:\/\/spartasportcenter.com\/palencia-cardenal-cisneros\/wp-json\/wp\/v2\/pages"}],"about":[{"href":"https:\/\/spartasportcenter.com\/palencia-cardenal-cisneros\/wp-json\/wp\/v2\/types\/page"}],"author":[{"embeddable":true,"href":"https:\/\/spartasportcenter.com\/palencia-cardenal-cisneros\/wp-json\/wp\/v2\/users\/1"}],"replies":[{"embeddable":true,"href":"https:\/\/spartasportcenter.com\/palencia-cardenal-cisneros\/wp-json\/wp\/v2\/comments?post=215999"}],"version-history":[{"count":16,"href":"https:\/\/spartasportcenter.com\/palencia-cardenal-cisneros\/wp-json\/wp\/v2\/pages\/215999\/revisions"}],"predecessor-version":[{"id":220554,"href":"https:\/\/spartasportcenter.com\/palencia-cardenal-cisneros\/wp-json\/wp\/v2\/pages\/215999\/revisions\/220554"}],"wp:featuredmedia":[{"embeddable":true,"href":"https:\/\/spartasportcenter.com\/palencia-cardenal-cisneros\/wp-json\/wp\/v2\/media\/220365"}],"wp:attachment":[{"href":"https:\/\/spartasportcenter.com\/palencia-cardenal-cisneros\/wp-json\/wp\/v2\/media?parent=215999"}],"curies":[{"name":"wp","href":"https:\/\/api.w.org\/{rel}","templated":true}]}}