{"id":215994,"date":"2021-07-29T09:22:37","date_gmt":"2021-07-29T07:22:37","guid":{"rendered":"https:\/\/spartasportcenter.com\/cuenca\/?page_id=215994"},"modified":"2025-05-26T17:09:53","modified_gmt":"2025-05-26T15:09:53","slug":"body-balance","status":"publish","type":"page","link":"https:\/\/spartasportcenter.com\/palencia-cardenal-cisneros\/body-balance\/","title":{"rendered":"Body Balance Palencia Cardenal Cisneros"},"content":{"rendered":"<p>[et_pb_section fb_built=\u00bb1&#8243; custom_padding_last_edited=\u00bbon|phone\u00bb disabled_on=\u00bboff|off|off\u00bb _builder_version=\u00bb4.16&#8243; background_color=\u00bb#262626&#8243; background_enable_image=\u00bboff\u00bb custom_margin=\u00bb||||false|false\u00bb custom_padding=\u00bb80px|0px|0px|0px|false|false\u00bb custom_padding_tablet=\u00bb\u00bb custom_padding_phone=\u00bb30px||50px||false|false\u00bb global_colors_info=\u00bb{}\u00bb][et_pb_row column_structure=\u00bb1_3,2_3&#8243; custom_padding_last_edited=\u00bbon|desktop\u00bb _builder_version=\u00bb4.16&#8243; _module_preset=\u00bbdefault\u00bb custom_padding=\u00bb0px||||false|false\u00bb custom_padding_tablet=\u00bb\u00bb custom_padding_phone=\u00bb0px||||false|false\u00bb global_colors_info=\u00bb{}\u00bb][et_pb_column type=\u00bb1_3&#8243; _builder_version=\u00bb4.16&#8243; _module_preset=\u00bbdefault\u00bb global_colors_info=\u00bb{}\u00bb][et_pb_text _builder_version=\u00bb4.27.0&#8243; text_font=\u00bb||||||||\u00bb header_font=\u00bb||||||||\u00bb header_text_align=\u00bbcenter\u00bb header_2_font=\u00bb|300||on|||||\u00bb header_2_text_align=\u00bbright\u00bb header_2_font_size=\u00bb29px\u00bb custom_margin=\u00bb||0px||false|false\u00bb custom_padding=\u00bb|15%|0px||false|false\u00bb header_2_text_align_tablet=\u00bb\u00bb header_2_text_align_phone=\u00bbleft\u00bb header_2_text_align_last_edited=\u00bbon|phone\u00bb header_2_font_size_tablet=\u00bb51px\u00bb header_2_font_size_phone=\u00bb25px\u00bb header_2_font_size_last_edited=\u00bbon|phone\u00bb border_width_right=\u00bb2px\u00bb border_color_right=\u00bb#cccccc\u00bb border_width_right_tablet=\u00bb\u00bb border_width_right_phone=\u00bb0px\u00bb border_width_right_last_edited=\u00bbon|phone\u00bb locked=\u00bboff\u00bb global_colors_info=\u00bb{}\u00bb]<\/p>\n<h2>Clases de body balance en Palencia Cardenal Cisneros<\/h2>\n<p>[\/et_pb_text][\/et_pb_column][et_pb_column type=\u00bb2_3&#8243; _builder_version=\u00bb4.16&#8243; _module_preset=\u00bbdefault\u00bb global_colors_info=\u00bb{}\u00bb][et_pb_text _builder_version=\u00bb4.27.4&#8243; text_font=\u00bb|300|||||||\u00bb text_text_color=\u00bb#cccccc\u00bb text_line_height=\u00bb1.1em\u00bb header_font=\u00bb|300|||||||\u00bb header_2_font=\u00bb|300||on|||||\u00bb header_2_text_color=\u00bb#cccccc\u00bb header_2_font_size=\u00bb36px\u00bb header_2_letter_spacing=\u00bb2px\u00bb background_layout=\u00bbdark\u00bb hover_enabled=\u00bb0&#8243; global_colors_info=\u00bb{}\u00bb sticky_enabled=\u00bb0&#8243;]<\/p>\n<p><span style=\"font-weight: 400;\">En Sparta Sport Center Palencia Cardenal Cisneros, entendemos la importancia de cuidar tanto el cuerpo como la mente. Por eso, nuestras clases de Body Balance est\u00e1n dise\u00f1adas para ofrecerte una experiencia completa de bienestar. A trav\u00e9s de una <\/span><b>combinaci\u00f3n armoniosa de yoga, tai chi y pilates<\/b><span style=\"font-weight: 400;\">, trabajamos la fuerza, la flexibilidad y la serenidad interior.<\/span><\/p>\n<p>[\/et_pb_text][et_pb_button button_text=\u00bb+\u00bb button_alignment=\u00bbcenter\u00bb module_class=\u00bbrv_button closed\u00bb _builder_version=\u00bb4.20.0&#8243; custom_button=\u00bbon\u00bb button_text_size=\u00bb39px\u00bb button_text_color=\u00bb#cccccc\u00bb button_border_width=\u00bb0px\u00bb button_border_radius=\u00bb0px\u00bb button_font=\u00bbOswald|700|||||||\u00bb button_use_icon=\u00bboff\u00bb custom_margin=\u00bb-40px|0px|-10px|0px|false|false\u00bb custom_margin_tablet=\u00bb\u00bb custom_margin_phone=\u00bb\u00bb custom_margin_last_edited=\u00bbon|phone\u00bb custom_padding=\u00bb0px|0px|0px|0px|true|\u00bb button_text_color_hover=\u00bbrgba(224,43,32,0.76)\u00bb button_border_color_hover=\u00bbrgba(0,0,0,0)\u00bb button_border_radius_hover=\u00bb0px\u00bb button_bg_color_hover=\u00bbrgba(0,0,0,0)\u00bb locked=\u00bboff\u00bb global_colors_info=\u00bb{}\u00bb button_text_size__hover_enabled=\u00bboff\u00bb button_one_text_size__hover_enabled=\u00bboff\u00bb button_two_text_size__hover_enabled=\u00bboff\u00bb button_text_color__hover_enabled=\u00bbon|desktop\u00bb button_text_color__hover=\u00bbrgba(255,255,255,0.5)\u00bb button_one_text_color__hover_enabled=\u00bboff\u00bb button_two_text_color__hover_enabled=\u00bboff\u00bb button_border_width__hover_enabled=\u00bboff\u00bb button_one_border_width__hover_enabled=\u00bboff\u00bb button_two_border_width__hover_enabled=\u00bboff\u00bb button_border_color__hover_enabled=\u00bbon\u00bb button_border_color__hover=\u00bbrgba(0,0,0,0)\u00bb button_one_border_color__hover_enabled=\u00bboff\u00bb button_two_border_color__hover_enabled=\u00bboff\u00bb button_border_radius__hover_enabled=\u00bbon\u00bb button_border_radius__hover=\u00bb0px\u00bb button_one_border_radius__hover_enabled=\u00bboff\u00bb button_two_border_radius__hover_enabled=\u00bboff\u00bb button_letter_spacing__hover_enabled=\u00bboff\u00bb button_one_letter_spacing__hover_enabled=\u00bboff\u00bb button_two_letter_spacing__hover_enabled=\u00bboff\u00bb button_bg_color__hover_enabled=\u00bbon\u00bb button_bg_color__hover=\u00bbrgba(255,255,255,0)\u00bb button_one_bg_color__hover_enabled=\u00bboff\u00bb button_two_bg_color__hover_enabled=\u00bboff\u00bb][\/et_pb_button][et_pb_text module_id=\u00bbreveal\u00bb _builder_version=\u00bb4.27.4&#8243; text_font=\u00bb|300|||||||\u00bb text_text_color=\u00bb#cccccc\u00bb text_line_height=\u00bb1.1em\u00bb header_font=\u00bb|300|||||||\u00bb header_2_font=\u00bb|300||on|||||\u00bb header_2_text_color=\u00bb#cccccc\u00bb header_2_font_size=\u00bb36px\u00bb header_2_letter_spacing=\u00bb2px\u00bb background_layout=\u00bbdark\u00bb hover_enabled=\u00bb0&#8243; locked=\u00bboff\u00bb global_colors_info=\u00bb{}\u00bb sticky_enabled=\u00bb0&#8243;]<\/p>\n<p><span style=\"font-weight: 400;\">Cada sesi\u00f3n est\u00e1 guiada por profesionales cualificados que te acompa\u00f1an en el proceso de aprender a moverte con fluidez, mantener una postura saludable y liberar tensiones acumuladas. Las secuencias que realizamos son suaves pero eficaces, y est\u00e1n adaptadas a todos los niveles de experiencia.<\/span><\/p>\n<p><span style=\"font-weight: 400;\">Con el paso del tiempo, notamos c\u00f3mo nuestros alumnos <\/span><b>fortalecen su musculatura, ganan amplitud de movimiento y alcanzan una mayor conciencia corporal<\/b><span style=\"font-weight: 400;\">. Para muchos, es m\u00e1s que una clase: es un espacio personal para reconectar con uno mismo, reducir el estr\u00e9s y equilibrar cuerpo y mente.<\/span><\/p>\n<p><span style=\"font-weight: 400;\">Integramos pr\u00e1cticas milenarias que se complementan entre s\u00ed: el yoga mejora la respiraci\u00f3n y la conexi\u00f3n interior, el tai chi a\u00f1ade fluidez al movimiento, y el pilates refuerza el control corporal y la estabilidad.<\/span><\/p>\n<p>[\/et_pb_text][\/et_pb_column][\/et_pb_row][et_pb_row column_structure=\u00bb1_3,2_3&#8243; custom_padding_last_edited=\u00bbon|phone\u00bb _builder_version=\u00bb4.16&#8243; _module_preset=\u00bbdefault\u00bb custom_margin=\u00bb||0px||false|false\u00bb custom_padding=\u00bb||||false|false\u00bb custom_padding_tablet=\u00bb\u00bb custom_padding_phone=\u00bb0px||0px||false|false\u00bb global_colors_info=\u00bb{}\u00bb][et_pb_column type=\u00bb1_3&#8243; _builder_version=\u00bb4.16&#8243; _module_preset=\u00bbdefault\u00bb global_colors_info=\u00bb{}\u00bb][et_pb_text _builder_version=\u00bb4.24.2&#8243; text_font=\u00bb||||||||\u00bb header_font=\u00bb||||||||\u00bb header_text_align=\u00bbcenter\u00bb header_2_font=\u00bb|300||on|||||\u00bb header_2_text_align=\u00bbright\u00bb header_2_font_size=\u00bb29px\u00bb custom_margin=\u00bb||0px||false|false\u00bb custom_padding=\u00bb|15%|0px||false|false\u00bb header_2_text_align_tablet=\u00bb\u00bb header_2_text_align_phone=\u00bbleft\u00bb header_2_text_align_last_edited=\u00bbon|phone\u00bb header_2_font_size_tablet=\u00bb51px\u00bb header_2_font_size_phone=\u00bb25px\u00bb header_2_font_size_last_edited=\u00bbon|phone\u00bb border_width_right=\u00bb2px\u00bb border_color_right=\u00bb#cccccc\u00bb border_width_right_tablet=\u00bb\u00bb border_width_right_phone=\u00bb0px\u00bb border_width_right_last_edited=\u00bbon|phone\u00bb locked=\u00bboff\u00bb global_colors_info=\u00bb{}\u00bb]<\/p>\n<h2>Beneficios del Body Balance en Palencia Cardenal Cisneros<\/h2>\n<p>[\/et_pb_text][\/et_pb_column][et_pb_column type=\u00bb2_3&#8243; _builder_version=\u00bb4.16&#8243; _module_preset=\u00bbdefault\u00bb global_colors_info=\u00bb{}\u00bb][et_pb_text _builder_version=\u00bb4.27.4&#8243; text_font=\u00bb|300|||||||\u00bb text_text_color=\u00bb#cccccc\u00bb text_line_height=\u00bb1.1em\u00bb header_font=\u00bb|300|||||||\u00bb header_2_font=\u00bb|300||on|||||\u00bb header_2_text_color=\u00bb#cccccc\u00bb header_2_font_size=\u00bb36px\u00bb header_2_letter_spacing=\u00bb2px\u00bb background_layout=\u00bbdark\u00bb hover_enabled=\u00bb0&#8243; global_colors_info=\u00bb{}\u00bb sticky_enabled=\u00bb0&#8243;]<\/p>\n<p><span style=\"font-weight: 400;\">Participar en nuestras clases de Body Balance te permite disfrutar de una amplia gama de beneficios:<\/span><\/p>\n<ul>\n<li style=\"font-weight: 400;\" aria-level=\"1\"><span style=\"font-weight: 400;\">Corregimos la postura y ayudamos a aliviar molestias como el dolor de espalda.<\/span><\/li>\n<li style=\"font-weight: 400;\" aria-level=\"1\"><span style=\"font-weight: 400;\">Incrementamos tu flexibilidad y la fuerza muscular de manera progresiva.<\/span><\/li>\n<li style=\"font-weight: 400;\" aria-level=\"1\"><span style=\"font-weight: 400;\">Reducimos los niveles de estr\u00e9s y favorecemos un estado mental m\u00e1s equilibrado.<\/span><\/li>\n<li style=\"font-weight: 400;\" aria-level=\"1\"><span style=\"font-weight: 400;\">Desarrollamos la concentraci\u00f3n, la coordinaci\u00f3n y la consciencia del movimiento.<\/span><\/li>\n<li style=\"font-weight: 400;\" aria-level=\"1\"><span style=\"font-weight: 400;\">Promovemos un ambiente de relajaci\u00f3n que impacta positivamente en tu d\u00eda a d\u00eda.<\/span><\/li>\n<\/ul>\n<p><span style=\"font-weight: 400;\">M\u00e1s all\u00e1 del aspecto f\u00edsico, el Body Balance que practicamos es una herramienta poderosa para <\/span><b>cultivar el equilibrio emocional<\/b><span style=\"font-weight: 400;\">. Es un momento para respirar con intenci\u00f3n, moverse con prop\u00f3sito y regalarse un espacio de calma.<\/span><\/p>\n<p><span style=\"font-weight: 400;\">Cada clase es una invitaci\u00f3n a reconectar contigo mismo, a dejar atr\u00e1s las preocupaciones y a recuperar la armon\u00eda que muchas veces se pierde en la rutina diaria.<\/span><\/p>\n<p>[\/et_pb_text][\/et_pb_column][\/et_pb_row][\/et_pb_section][et_pb_section fb_built=\u00bb1&#8243; custom_padding_last_edited=\u00bbon|phone\u00bb _builder_version=\u00bb4.16&#8243; _module_preset=\u00bbdefault\u00bb background_color=\u00bb#262626&#8243; custom_padding=\u00bb0px||50px||false|false\u00bb custom_padding_tablet=\u00bb\u00bb custom_padding_phone=\u00bb||30px||false|false\u00bb global_colors_info=\u00bb{}\u00bb][et_pb_row column_structure=\u00bb1_3,2_3&#8243; custom_padding_last_edited=\u00bbon|phone\u00bb _builder_version=\u00bb4.16&#8243; _module_preset=\u00bbdefault\u00bb custom_padding_tablet=\u00bb\u00bb custom_padding_phone=\u00bb0px||0px||false|false\u00bb global_colors_info=\u00bb{}\u00bb][et_pb_column type=\u00bb1_3&#8243; _builder_version=\u00bb4.16&#8243; _module_preset=\u00bbdefault\u00bb global_colors_info=\u00bb{}\u00bb][et_pb_text _builder_version=\u00bb4.27.4&#8243; text_font=\u00bb||||||||\u00bb header_font=\u00bb||||||||\u00bb header_text_align=\u00bbcenter\u00bb header_2_font=\u00bb|300||on|||||\u00bb header_2_text_align=\u00bbright\u00bb header_2_font_size=\u00bb29px\u00bb custom_margin=\u00bb||0px||false|false\u00bb custom_padding=\u00bb|15%|0px||false|false\u00bb hover_enabled=\u00bb0&#8243; header_2_text_align_tablet=\u00bb\u00bb header_2_text_align_phone=\u00bbleft\u00bb header_2_text_align_last_edited=\u00bbon|phone\u00bb header_2_font_size_tablet=\u00bb51px\u00bb header_2_font_size_phone=\u00bb25px\u00bb header_2_font_size_last_edited=\u00bbon|phone\u00bb border_width_right=\u00bb2px\u00bb border_color_right=\u00bb#cccccc\u00bb border_width_right_tablet=\u00bb\u00bb border_width_right_phone=\u00bb0px\u00bb border_width_right_last_edited=\u00bbon|phone\u00bb locked=\u00bboff\u00bb global_colors_info=\u00bb{}\u00bb sticky_enabled=\u00bb0&#8243;]<\/p>\n<h2>Por qu\u00e9 Body Balance en Sparta Sport Center Palencia Cardenal Cisneros<\/h2>\n<p>[\/et_pb_text][\/et_pb_column][et_pb_column type=\u00bb2_3&#8243; _builder_version=\u00bb4.16&#8243; _module_preset=\u00bbdefault\u00bb global_colors_info=\u00bb{}\u00bb][et_pb_text _builder_version=\u00bb4.27.4&#8243; text_font=\u00bb|300|||||||\u00bb text_text_color=\u00bb#cccccc\u00bb text_line_height=\u00bb1.1em\u00bb header_font=\u00bb|300|||||||\u00bb header_2_font=\u00bb|300||on|||||\u00bb header_2_text_color=\u00bb#cccccc\u00bb header_2_font_size=\u00bb36px\u00bb header_2_letter_spacing=\u00bb2px\u00bb background_layout=\u00bbdark\u00bb hover_enabled=\u00bb0&#8243; global_colors_info=\u00bb{}\u00bb sticky_enabled=\u00bb0&#8243;]<\/p>\n<p><span style=\"font-weight: 400;\">En Sparta Sport Center Palencia Cardenal Cisneros, creamos un entorno ideal para que disfrutes de esta disciplina. Contamos con <\/span><b>salas perfectamente acondicionadas, un ambiente acogedor y un equipo de instructores comprometidos<\/b><span style=\"font-weight: 400;\"> con tu progreso.<\/span><\/p>\n<p><span style=\"font-weight: 400;\">Nuestras clases est\u00e1n pensadas para todos, sin importar la edad o el nivel de experiencia. Adem\u00e1s, ofrecemos una programaci\u00f3n flexible para que puedas incluir el Body Balance en tu rutina diaria sin complicaciones.<\/span><\/p>\n<p><span style=\"font-weight: 400;\">Queremos que cada sesi\u00f3n sea una experiencia significativa, un momento que esperes con ganas y del que salgas renovado. Te animamos a descubrir todo lo que esta pr\u00e1ctica puede aportar a tu bienestar.<\/span><\/p>\n<p>[\/et_pb_text][\/et_pb_column][\/et_pb_row][\/et_pb_section]<\/p>\n","protected":false},"excerpt":{"rendered":"<p>Clases de body balance en Palencia Cardenal CisnerosEn Sparta Sport Center Palencia Cardenal Cisneros, entendemos la importancia de cuidar tanto el cuerpo como la mente. Por eso, nuestras clases de Body Balance est\u00e1n dise\u00f1adas para ofrecerte una experiencia completa de bienestar. A trav\u00e9s de una combinaci\u00f3n armoniosa de yoga, tai chi y pilates, trabajamos la [&hellip;]<\/p>\n","protected":false},"author":1,"featured_media":220366,"parent":0,"menu_order":0,"comment_status":"closed","ping_status":"closed","template":"","meta":{"_et_pb_use_builder":"on","_et_pb_old_content":"","_et_gb_content_width":"","footnotes":""},"class_list":["post-215994","page","type-page","status-publish","has-post-thumbnail","hentry"],"yoast_head":"<!-- This site is optimized with the Yoast SEO plugin v27.4 - https:\/\/yoast.com\/product\/yoast-seo-wordpress\/ -->\n<title>Body Balance en Palencia Cardenal Cisneros | Sparta<\/title>\n<meta name=\"description\" content=\"Inscr\u00edbete y disfruta de las clases de Body Balance en Palencia Cardenal Cisneros, contamos con un equipo de instructores para tu bienestar.\" \/>\n<meta name=\"robots\" content=\"index, follow, max-snippet:-1, max-image-preview:large, max-video-preview:-1\" \/>\n<link rel=\"canonical\" href=\"https:\/\/spartasportcenter.com\/palencia-cardenal-cisneros\/body-balance\/\" \/>\n<meta property=\"og:locale\" content=\"es_ES\" \/>\n<meta property=\"og:type\" content=\"article\" \/>\n<meta property=\"og:title\" content=\"Body Balance en Palencia Cardenal Cisneros | Sparta\" \/>\n<meta property=\"og:description\" content=\"Inscr\u00edbete y disfruta de las clases de Body Balance en Palencia Cardenal Cisneros, contamos con un equipo de instructores para tu bienestar.\" \/>\n<meta property=\"og:url\" content=\"https:\/\/spartasportcenter.com\/palencia-cardenal-cisneros\/body-balance\/\" \/>\n<meta property=\"og:site_name\" content=\"Sparta Sport Center Palencia cardenal cisneros\" \/>\n<meta property=\"article:modified_time\" content=\"2025-05-26T15:09:53+00:00\" \/>\n<meta property=\"og:image\" content=\"https:\/\/spartasportcenter.com\/palencia-cardenal-cisneros\/wp-content\/uploads\/2024\/07\/body-balance-palencia.webp\" \/>\n\t<meta property=\"og:image:width\" content=\"2000\" \/>\n\t<meta property=\"og:image:height\" content=\"1333\" \/>\n\t<meta property=\"og:image:type\" content=\"image\/webp\" \/>\n<meta name=\"twitter:card\" content=\"summary_large_image\" \/>\n<meta name=\"twitter:label1\" content=\"Tiempo de lectura\" \/>\n\t<meta name=\"twitter:data1\" content=\"3 minutos\" \/>\n<script type=\"application\/ld+json\" class=\"yoast-schema-graph\">{\"@context\":\"https:\\\/\\\/schema.org\",\"@graph\":[{\"@type\":\"WebPage\",\"@id\":\"https:\\\/\\\/spartasportcenter.com\\\/palencia-cardenal-cisneros\\\/body-balance\\\/\",\"url\":\"https:\\\/\\\/spartasportcenter.com\\\/palencia-cardenal-cisneros\\\/body-balance\\\/\",\"name\":\"Body Balance en Palencia Cardenal Cisneros | Sparta\",\"isPartOf\":{\"@id\":\"https:\\\/\\\/spartasportcenter.com\\\/palencia-cardenal-cisneros\\\/#website\"},\"primaryImageOfPage\":{\"@id\":\"https:\\\/\\\/spartasportcenter.com\\\/palencia-cardenal-cisneros\\\/body-balance\\\/#primaryimage\"},\"image\":{\"@id\":\"https:\\\/\\\/spartasportcenter.com\\\/palencia-cardenal-cisneros\\\/body-balance\\\/#primaryimage\"},\"thumbnailUrl\":\"https:\\\/\\\/spartasportcenter.com\\\/palencia-cardenal-cisneros\\\/wp-content\\\/uploads\\\/2024\\\/07\\\/body-balance-palencia.webp\",\"datePublished\":\"2021-07-29T07:22:37+00:00\",\"dateModified\":\"2025-05-26T15:09:53+00:00\",\"description\":\"Inscr\u00edbete y disfruta de las clases de Body Balance en Palencia Cardenal Cisneros, contamos con un equipo de instructores para tu bienestar.\",\"breadcrumb\":{\"@id\":\"https:\\\/\\\/spartasportcenter.com\\\/palencia-cardenal-cisneros\\\/body-balance\\\/#breadcrumb\"},\"inLanguage\":\"es\",\"potentialAction\":[{\"@type\":\"ReadAction\",\"target\":[\"https:\\\/\\\/spartasportcenter.com\\\/palencia-cardenal-cisneros\\\/body-balance\\\/\"]}]},{\"@type\":\"ImageObject\",\"inLanguage\":\"es\",\"@id\":\"https:\\\/\\\/spartasportcenter.com\\\/palencia-cardenal-cisneros\\\/body-balance\\\/#primaryimage\",\"url\":\"https:\\\/\\\/spartasportcenter.com\\\/palencia-cardenal-cisneros\\\/wp-content\\\/uploads\\\/2024\\\/07\\\/body-balance-palencia.webp\",\"contentUrl\":\"https:\\\/\\\/spartasportcenter.com\\\/palencia-cardenal-cisneros\\\/wp-content\\\/uploads\\\/2024\\\/07\\\/body-balance-palencia.webp\",\"width\":2000,\"height\":1333,\"caption\":\"body balance palencia\"},{\"@type\":\"BreadcrumbList\",\"@id\":\"https:\\\/\\\/spartasportcenter.com\\\/palencia-cardenal-cisneros\\\/body-balance\\\/#breadcrumb\",\"itemListElement\":[{\"@type\":\"ListItem\",\"position\":1,\"name\":\"Portada\",\"item\":\"https:\\\/\\\/spartasportcenter.com\\\/palencia-cardenal-cisneros\\\/\"},{\"@type\":\"ListItem\",\"position\":2,\"name\":\"Body Balance Palencia Cardenal Cisneros\"}]},{\"@type\":\"WebSite\",\"@id\":\"https:\\\/\\\/spartasportcenter.com\\\/palencia-cardenal-cisneros\\\/#website\",\"url\":\"https:\\\/\\\/spartasportcenter.com\\\/palencia-cardenal-cisneros\\\/\",\"name\":\"Sparta Sport Center Palencia cardenal cisneros\",\"description\":\"Gimnasios en Cuenca\",\"potentialAction\":[{\"@type\":\"SearchAction\",\"target\":{\"@type\":\"EntryPoint\",\"urlTemplate\":\"https:\\\/\\\/spartasportcenter.com\\\/palencia-cardenal-cisneros\\\/?s={search_term_string}\"},\"query-input\":{\"@type\":\"PropertyValueSpecification\",\"valueRequired\":true,\"valueName\":\"search_term_string\"}}],\"inLanguage\":\"es\"}]}<\/script>\n<!-- \/ Yoast SEO plugin. -->","yoast_head_json":{"title":"Body Balance en Palencia Cardenal Cisneros | Sparta","description":"Inscr\u00edbete y disfruta de las clases de Body Balance en Palencia Cardenal Cisneros, contamos con un equipo de instructores para tu bienestar.","robots":{"index":"index","follow":"follow","max-snippet":"max-snippet:-1","max-image-preview":"max-image-preview:large","max-video-preview":"max-video-preview:-1"},"canonical":"https:\/\/spartasportcenter.com\/palencia-cardenal-cisneros\/body-balance\/","og_locale":"es_ES","og_type":"article","og_title":"Body Balance en Palencia Cardenal Cisneros | Sparta","og_description":"Inscr\u00edbete y disfruta de las clases de Body Balance en Palencia Cardenal Cisneros, contamos con un equipo de instructores para tu bienestar.","og_url":"https:\/\/spartasportcenter.com\/palencia-cardenal-cisneros\/body-balance\/","og_site_name":"Sparta Sport Center Palencia cardenal cisneros","article_modified_time":"2025-05-26T15:09:53+00:00","og_image":[{"width":2000,"height":1333,"url":"https:\/\/spartasportcenter.com\/palencia-cardenal-cisneros\/wp-content\/uploads\/2024\/07\/body-balance-palencia.webp","type":"image\/webp"}],"twitter_card":"summary_large_image","twitter_misc":{"Tiempo de lectura":"3 minutos"},"schema":{"@context":"https:\/\/schema.org","@graph":[{"@type":"WebPage","@id":"https:\/\/spartasportcenter.com\/palencia-cardenal-cisneros\/body-balance\/","url":"https:\/\/spartasportcenter.com\/palencia-cardenal-cisneros\/body-balance\/","name":"Body Balance en Palencia Cardenal Cisneros | Sparta","isPartOf":{"@id":"https:\/\/spartasportcenter.com\/palencia-cardenal-cisneros\/#website"},"primaryImageOfPage":{"@id":"https:\/\/spartasportcenter.com\/palencia-cardenal-cisneros\/body-balance\/#primaryimage"},"image":{"@id":"https:\/\/spartasportcenter.com\/palencia-cardenal-cisneros\/body-balance\/#primaryimage"},"thumbnailUrl":"https:\/\/spartasportcenter.com\/palencia-cardenal-cisneros\/wp-content\/uploads\/2024\/07\/body-balance-palencia.webp","datePublished":"2021-07-29T07:22:37+00:00","dateModified":"2025-05-26T15:09:53+00:00","description":"Inscr\u00edbete y disfruta de las clases de Body Balance en Palencia Cardenal Cisneros, contamos con un equipo de instructores para tu bienestar.","breadcrumb":{"@id":"https:\/\/spartasportcenter.com\/palencia-cardenal-cisneros\/body-balance\/#breadcrumb"},"inLanguage":"es","potentialAction":[{"@type":"ReadAction","target":["https:\/\/spartasportcenter.com\/palencia-cardenal-cisneros\/body-balance\/"]}]},{"@type":"ImageObject","inLanguage":"es","@id":"https:\/\/spartasportcenter.com\/palencia-cardenal-cisneros\/body-balance\/#primaryimage","url":"https:\/\/spartasportcenter.com\/palencia-cardenal-cisneros\/wp-content\/uploads\/2024\/07\/body-balance-palencia.webp","contentUrl":"https:\/\/spartasportcenter.com\/palencia-cardenal-cisneros\/wp-content\/uploads\/2024\/07\/body-balance-palencia.webp","width":2000,"height":1333,"caption":"body balance palencia"},{"@type":"BreadcrumbList","@id":"https:\/\/spartasportcenter.com\/palencia-cardenal-cisneros\/body-balance\/#breadcrumb","itemListElement":[{"@type":"ListItem","position":1,"name":"Portada","item":"https:\/\/spartasportcenter.com\/palencia-cardenal-cisneros\/"},{"@type":"ListItem","position":2,"name":"Body Balance Palencia Cardenal Cisneros"}]},{"@type":"WebSite","@id":"https:\/\/spartasportcenter.com\/palencia-cardenal-cisneros\/#website","url":"https:\/\/spartasportcenter.com\/palencia-cardenal-cisneros\/","name":"Sparta Sport Center Palencia cardenal cisneros","description":"Gimnasios en Cuenca","potentialAction":[{"@type":"SearchAction","target":{"@type":"EntryPoint","urlTemplate":"https:\/\/spartasportcenter.com\/palencia-cardenal-cisneros\/?s={search_term_string}"},"query-input":{"@type":"PropertyValueSpecification","valueRequired":true,"valueName":"search_term_string"}}],"inLanguage":"es"}]}},"_links":{"self":[{"href":"https:\/\/spartasportcenter.com\/palencia-cardenal-cisneros\/wp-json\/wp\/v2\/pages\/215994","targetHints":{"allow":["GET"]}}],"collection":[{"href":"https:\/\/spartasportcenter.com\/palencia-cardenal-cisneros\/wp-json\/wp\/v2\/pages"}],"about":[{"href":"https:\/\/spartasportcenter.com\/palencia-cardenal-cisneros\/wp-json\/wp\/v2\/types\/page"}],"author":[{"embeddable":true,"href":"https:\/\/spartasportcenter.com\/palencia-cardenal-cisneros\/wp-json\/wp\/v2\/users\/1"}],"replies":[{"embeddable":true,"href":"https:\/\/spartasportcenter.com\/palencia-cardenal-cisneros\/wp-json\/wp\/v2\/comments?post=215994"}],"version-history":[{"count":19,"href":"https:\/\/spartasportcenter.com\/palencia-cardenal-cisneros\/wp-json\/wp\/v2\/pages\/215994\/revisions"}],"predecessor-version":[{"id":220558,"href":"https:\/\/spartasportcenter.com\/palencia-cardenal-cisneros\/wp-json\/wp\/v2\/pages\/215994\/revisions\/220558"}],"wp:featuredmedia":[{"embeddable":true,"href":"https:\/\/spartasportcenter.com\/palencia-cardenal-cisneros\/wp-json\/wp\/v2\/media\/220366"}],"wp:attachment":[{"href":"https:\/\/spartasportcenter.com\/palencia-cardenal-cisneros\/wp-json\/wp\/v2\/media?parent=215994"}],"curies":[{"name":"wp","href":"https:\/\/api.w.org\/{rel}","templated":true}]}}