{"id":215990,"date":"2021-07-29T09:12:15","date_gmt":"2021-07-29T07:12:15","guid":{"rendered":"https:\/\/spartasportcenter.com\/cuenca\/?page_id=215990"},"modified":"2025-05-26T17:13:48","modified_gmt":"2025-05-26T15:13:48","slug":"body-combat","status":"publish","type":"page","link":"https:\/\/spartasportcenter.com\/palencia-cardenal-cisneros\/body-combat\/","title":{"rendered":"Body Combat Palencia Cardenal Cisneros"},"content":{"rendered":"<p>[et_pb_section fb_built=\u00bb1&#8243; custom_padding_last_edited=\u00bbon|phone\u00bb disabled_on=\u00bboff|off|off\u00bb _builder_version=\u00bb4.16&#8243; background_color=\u00bb#262626&#8243; background_enable_image=\u00bboff\u00bb custom_margin=\u00bb||||false|false\u00bb custom_padding=\u00bb80px|0px|0px|0px|false|false\u00bb custom_padding_tablet=\u00bb\u00bb custom_padding_phone=\u00bb30px||50px||false|false\u00bb global_colors_info=\u00bb{}\u00bb][et_pb_row column_structure=\u00bb1_3,2_3&#8243; custom_padding_last_edited=\u00bbon|desktop\u00bb _builder_version=\u00bb4.16&#8243; _module_preset=\u00bbdefault\u00bb custom_padding=\u00bb0px||||false|false\u00bb custom_padding_tablet=\u00bb\u00bb custom_padding_phone=\u00bb0px||||false|false\u00bb global_colors_info=\u00bb{}\u00bb][et_pb_column type=\u00bb1_3&#8243; _builder_version=\u00bb4.16&#8243; _module_preset=\u00bbdefault\u00bb global_colors_info=\u00bb{}\u00bb][et_pb_text _builder_version=\u00bb4.20.0&#8243; text_font=\u00bb||||||||\u00bb header_font=\u00bb||||||||\u00bb header_text_align=\u00bbcenter\u00bb header_2_font=\u00bb|300||on|||||\u00bb header_2_text_align=\u00bbright\u00bb header_2_font_size=\u00bb29px\u00bb custom_margin=\u00bb||0px||false|false\u00bb custom_padding=\u00bb|15%|0px||false|false\u00bb header_2_text_align_tablet=\u00bb\u00bb header_2_text_align_phone=\u00bbleft\u00bb header_2_text_align_last_edited=\u00bbon|phone\u00bb header_2_font_size_tablet=\u00bb51px\u00bb header_2_font_size_phone=\u00bb25px\u00bb header_2_font_size_last_edited=\u00bbon|phone\u00bb border_width_right=\u00bb2px\u00bb border_color_right=\u00bb#cccccc\u00bb border_width_right_tablet=\u00bb\u00bb border_width_right_phone=\u00bb0px\u00bb border_width_right_last_edited=\u00bbon|phone\u00bb locked=\u00bboff\u00bb global_colors_info=\u00bb{}\u00bb]<\/p>\n<h2>Clases de body combat en Palencia Cardenal Cisneros<\/h2>\n<p>[\/et_pb_text][\/et_pb_column][et_pb_column type=\u00bb2_3&#8243; _builder_version=\u00bb4.16&#8243; _module_preset=\u00bbdefault\u00bb global_colors_info=\u00bb{}\u00bb][et_pb_text _builder_version=\u00bb4.27.4&#8243; text_font=\u00bb|300|||||||\u00bb text_text_color=\u00bb#cccccc\u00bb text_line_height=\u00bb1.1em\u00bb header_font=\u00bb|300|||||||\u00bb header_2_font=\u00bb|300||on|||||\u00bb header_2_text_color=\u00bb#cccccc\u00bb header_2_font_size=\u00bb36px\u00bb header_2_letter_spacing=\u00bb2px\u00bb background_layout=\u00bbdark\u00bb hover_enabled=\u00bb0&#8243; global_colors_info=\u00bb{}\u00bb sticky_enabled=\u00bb0&#8243;]<\/p>\n<p><span style=\"font-weight: 400;\">En Sparta Sport Center Palencia Cardenal Cisneros creemos que entrenar debe ser mucho m\u00e1s que una rutina. Por eso, nuestras clases de Body Combat est\u00e1n dise\u00f1adas para ofrecerte una <\/span><b>experiencia din\u00e1mica, intensa y liberadora<\/b><span style=\"font-weight: 400;\">, combinando movimientos de distintas artes marciales con ejercicios funcionales de alto impacto.<\/span><\/p>\n<p><span style=\"font-weight: 400;\">Nos apasiona ofrecerte una forma diferente de ponerte en forma: m\u00e1s motivadora, m\u00e1s desafiante y, sobre todo, m\u00e1s divertida. A trav\u00e9s de golpes, patadas y secuencias coreografiadas al ritmo de la m\u00fasica, trabajamos cuerpo y mente, al mismo tiempo que mejoramos la condici\u00f3n f\u00edsica general.<\/span><\/p>\n<p><b>No necesitas experiencia previa en artes marciales<\/b><span style=\"font-weight: 400;\">. Nuestro enfoque se adapta a todo tipo de personas, desde quienes est\u00e1n empezando hasta quienes ya tienen un recorrido en el mundo del fitness. Cada clase es una invitaci\u00f3n a darlo todo y soltar lo que te pesa.<\/span><\/p>\n<p>[\/et_pb_text][\/et_pb_column][\/et_pb_row][et_pb_row column_structure=\u00bb1_3,2_3&#8243; custom_padding_last_edited=\u00bbon|phone\u00bb _builder_version=\u00bb4.16&#8243; _module_preset=\u00bbdefault\u00bb custom_margin=\u00bb||0px||false|false\u00bb custom_padding=\u00bb||||false|false\u00bb custom_padding_tablet=\u00bb\u00bb custom_padding_phone=\u00bb0px||0px||false|false\u00bb global_colors_info=\u00bb{}\u00bb][et_pb_column type=\u00bb1_3&#8243; _builder_version=\u00bb4.16&#8243; _module_preset=\u00bbdefault\u00bb global_colors_info=\u00bb{}\u00bb][et_pb_text _builder_version=\u00bb4.24.2&#8243; text_font=\u00bb||||||||\u00bb header_font=\u00bb||||||||\u00bb header_text_align=\u00bbcenter\u00bb header_2_font=\u00bb|300||on|||||\u00bb header_2_text_align=\u00bbright\u00bb header_2_font_size=\u00bb29px\u00bb custom_margin=\u00bb||0px||false|false\u00bb custom_padding=\u00bb|15%|0px||false|false\u00bb header_2_text_align_tablet=\u00bb\u00bb header_2_text_align_phone=\u00bbleft\u00bb header_2_text_align_last_edited=\u00bbon|phone\u00bb header_2_font_size_tablet=\u00bb51px\u00bb header_2_font_size_phone=\u00bb25px\u00bb header_2_font_size_last_edited=\u00bbon|phone\u00bb border_width_right=\u00bb2px\u00bb border_color_right=\u00bb#cccccc\u00bb border_width_right_tablet=\u00bb\u00bb border_width_right_phone=\u00bb0px\u00bb border_width_right_last_edited=\u00bbon|phone\u00bb locked=\u00bboff\u00bb global_colors_info=\u00bb{}\u00bb]<\/p>\n<h2>Beneficios del Body Combat en Palencia Cardenal Cisneros<\/h2>\n<p>[\/et_pb_text][\/et_pb_column][et_pb_column type=\u00bb2_3&#8243; _builder_version=\u00bb4.16&#8243; _module_preset=\u00bbdefault\u00bb global_colors_info=\u00bb{}\u00bb][et_pb_text _builder_version=\u00bb4.27.4&#8243; text_font=\u00bb|300|||||||\u00bb text_text_color=\u00bb#cccccc\u00bb text_line_height=\u00bb1.1em\u00bb header_font=\u00bb|300|||||||\u00bb header_2_font=\u00bb|300||on|||||\u00bb header_2_text_color=\u00bb#cccccc\u00bb header_2_font_size=\u00bb36px\u00bb header_2_letter_spacing=\u00bb2px\u00bb background_layout=\u00bbdark\u00bb hover_enabled=\u00bb0&#8243; global_colors_info=\u00bb{}\u00bb sticky_enabled=\u00bb0&#8243;]<\/p>\n<p><span style=\"font-weight: 400;\">Entrenar con nosotros en Body Combat tiene un impacto positivo en todos los niveles:<\/span><\/p>\n<ul>\n<li style=\"font-weight: 400;\" aria-level=\"1\"><span style=\"font-weight: 400;\">Eliminamos el estr\u00e9s con cada golpe y movimiento, transformando la tensi\u00f3n acumulada en energ\u00eda positiva.<\/span><\/li>\n<li style=\"font-weight: 400;\" aria-level=\"1\"><span style=\"font-weight: 400;\">Quemamos calor\u00edas de forma eficiente, con sesiones que pueden ayudarte a gastar <\/span><b>hasta 700 calor\u00edas en una hora<\/b><span style=\"font-weight: 400;\">.<\/span><\/li>\n<li style=\"font-weight: 400;\" aria-level=\"1\"><span style=\"font-weight: 400;\">Fortalecemos y tonificamos todo el cuerpo, desde piernas y brazos hasta el core.<\/span><\/li>\n<li style=\"font-weight: 400;\" aria-level=\"1\"><span style=\"font-weight: 400;\">Mejoramos la coordinaci\u00f3n y la agilidad, al practicar combinaciones inspiradas en diferentes t\u00e9cnicas marciales.<\/span><\/li>\n<li style=\"font-weight: 400;\" aria-level=\"1\"><span style=\"font-weight: 400;\">Desarrollamos resistencia f\u00edsica y mental, afrontando cada clase como un reto que nos empuja a superarnos.<\/span><\/li>\n<\/ul>\n<p><span style=\"font-weight: 400;\">Adem\u00e1s de mejorar tu condici\u00f3n f\u00edsica, Body Combat es una v\u00eda de escape para liberar emociones, reducir la ansiedad y aumentar la confianza.<\/span><\/p>\n<p>[\/et_pb_text][\/et_pb_column][\/et_pb_row][\/et_pb_section][et_pb_section fb_built=\u00bb1&#8243; custom_padding_last_edited=\u00bbon|phone\u00bb _builder_version=\u00bb4.16&#8243; _module_preset=\u00bbdefault\u00bb background_color=\u00bb#262626&#8243; custom_padding=\u00bb0px||50px||false|false\u00bb custom_padding_tablet=\u00bb\u00bb custom_padding_phone=\u00bb||30px||false|false\u00bb global_colors_info=\u00bb{}\u00bb][et_pb_row column_structure=\u00bb1_3,2_3&#8243; custom_padding_last_edited=\u00bbon|phone\u00bb _builder_version=\u00bb4.16&#8243; _module_preset=\u00bbdefault\u00bb custom_padding_tablet=\u00bb\u00bb custom_padding_phone=\u00bb0px||0px||false|false\u00bb global_colors_info=\u00bb{}\u00bb][et_pb_column type=\u00bb1_3&#8243; _builder_version=\u00bb4.16&#8243; _module_preset=\u00bbdefault\u00bb global_colors_info=\u00bb{}\u00bb][et_pb_text _builder_version=\u00bb4.26.1&#8243; text_font=\u00bb||||||||\u00bb header_font=\u00bb||||||||\u00bb header_text_align=\u00bbcenter\u00bb header_2_font=\u00bb|300||on|||||\u00bb header_2_text_align=\u00bbright\u00bb header_2_font_size=\u00bb29px\u00bb custom_margin=\u00bb||0px||false|false\u00bb custom_padding=\u00bb|15%|0px||false|false\u00bb header_2_text_align_tablet=\u00bb\u00bb header_2_text_align_phone=\u00bbleft\u00bb header_2_text_align_last_edited=\u00bbon|phone\u00bb header_2_font_size_tablet=\u00bb51px\u00bb header_2_font_size_phone=\u00bb25px\u00bb header_2_font_size_last_edited=\u00bbon|phone\u00bb border_width_right=\u00bb2px\u00bb border_color_right=\u00bb#cccccc\u00bb border_width_right_tablet=\u00bb\u00bb border_width_right_phone=\u00bb0px\u00bb border_width_right_last_edited=\u00bbon|phone\u00bb locked=\u00bboff\u00bb global_colors_info=\u00bb{}\u00bb]<\/p>\n<h2>Por qu\u00e9 Body Combat en Sparta Sport Center Palencia Cardenal Cisneros<\/h2>\n<p>[\/et_pb_text][\/et_pb_column][et_pb_column type=\u00bb2_3&#8243; _builder_version=\u00bb4.16&#8243; _module_preset=\u00bbdefault\u00bb global_colors_info=\u00bb{}\u00bb][et_pb_text _builder_version=\u00bb4.27.4&#8243; text_font=\u00bb|300|||||||\u00bb text_text_color=\u00bb#cccccc\u00bb text_line_height=\u00bb1.1em\u00bb header_font=\u00bb|300|||||||\u00bb header_2_font=\u00bb|300||on|||||\u00bb header_2_text_color=\u00bb#cccccc\u00bb header_2_font_size=\u00bb36px\u00bb header_2_letter_spacing=\u00bb2px\u00bb background_layout=\u00bbdark\u00bb hover_enabled=\u00bb0&#8243; global_colors_info=\u00bb{}\u00bb sticky_enabled=\u00bb0&#8243;]<\/p>\n<p><span style=\"font-weight: 400;\">En Sparta Sport Center Palencia Cardenal Cisneros, creemos que cada entrenamiento debe ser una experiencia que motive, rete y transforme. Por eso, nuestras clases de Body Combat est\u00e1n dise\u00f1adas para ofrecer mucho m\u00e1s que un simple ejercicio: te impulsan a superarte cada d\u00eda en un entorno din\u00e1mico y profesional.<\/span><\/p>\n<p><span style=\"font-weight: 400;\">Disponemos de unas <\/span><b>instalaciones modernas y completamente equipadas<\/b><span style=\"font-weight: 400;\">, pensadas para que entrenes con comodidad, seguridad y el m\u00e1ximo rendimiento. Desde el primer momento, puedes sentir la diferencia de entrenar en un espacio donde cuidamos cada detalle.<\/span><\/p>\n<p><span style=\"font-weight: 400;\">Nuestro equipo de entrenadores especializados te acompa\u00f1a en cada sesi\u00f3n, gui\u00e1ndote paso a paso para que avances de forma segura y logres tus objetivos personales. Nos comprometemos con tu progreso y trabajamos contigo para que cada golpe y cada movimiento cuenten.<\/span><\/p>\n<p><span style=\"font-weight: 400;\">Adem\u00e1s, formamos parte de una <\/span><b>comunidad activa y motivada<\/b><span style=\"font-weight: 400;\">, en la que no solo haces ejercicio, sino que compartes logros, energ\u00eda y ganas de avanzar. M\u00e1s all\u00e1 del Body Combat, te ofrecemos una variedad de actividades que complementan tu rutina y potencian tu bienestar f\u00edsico y mental.<\/span><\/p>\n<p><span style=\"font-weight: 400;\">Si buscas un lugar donde sentirte inspirado, cuidado y desafiado a la vez, Sparta Sport Center Palencia Cardenal Cisneros es tu espacio. Te esperamos para que descubras lo que el Body Combat puede hacer por ti. Es el momento de empezar a transformar tu cuerpo y tu mente con nosotros.<\/span><\/p>\n<p>[\/et_pb_text][\/et_pb_column][\/et_pb_row][\/et_pb_section]<\/p>\n","protected":false},"excerpt":{"rendered":"<p>Clases de body combat en Palencia Cardenal CisnerosEn Sparta Sport Center Palencia Cardenal Cisneros creemos que entrenar debe ser mucho m\u00e1s que una rutina. Por eso, nuestras clases de Body Combat est\u00e1n dise\u00f1adas para ofrecerte una experiencia din\u00e1mica, intensa y liberadora, combinando movimientos de distintas artes marciales con ejercicios funcionales de alto impacto. Nos apasiona [&hellip;]<\/p>\n","protected":false},"author":1,"featured_media":220367,"parent":0,"menu_order":0,"comment_status":"closed","ping_status":"closed","template":"","meta":{"_et_pb_use_builder":"on","_et_pb_old_content":"","_et_gb_content_width":"","footnotes":""},"class_list":["post-215990","page","type-page","status-publish","has-post-thumbnail","hentry"],"yoast_head":"<!-- This site is optimized with the Yoast SEO plugin v27.4 - https:\/\/yoast.com\/product\/yoast-seo-wordpress\/ -->\n<title>Body Combat en Palencia Cardenal Cisneros | Sparta<\/title>\n<meta name=\"description\" content=\"Inscr\u00edbete y disfruta de clases de Body Combat en Palencia Cardenal Cisneros, contamos con un equipo dedicado a tu bienestar. \u00a1Disfruta del d\u00eda gratis!\" \/>\n<meta name=\"robots\" content=\"index, follow, max-snippet:-1, max-image-preview:large, max-video-preview:-1\" \/>\n<link rel=\"canonical\" href=\"https:\/\/spartasportcenter.com\/palencia-cardenal-cisneros\/body-combat\/\" \/>\n<meta property=\"og:locale\" content=\"es_ES\" \/>\n<meta property=\"og:type\" content=\"article\" \/>\n<meta property=\"og:title\" content=\"Body Combat en Palencia Cardenal Cisneros | Sparta\" \/>\n<meta property=\"og:description\" content=\"Inscr\u00edbete y disfruta de clases de Body Combat en Palencia Cardenal Cisneros, contamos con un equipo dedicado a tu bienestar. \u00a1Disfruta del d\u00eda gratis!\" \/>\n<meta property=\"og:url\" content=\"https:\/\/spartasportcenter.com\/palencia-cardenal-cisneros\/body-combat\/\" \/>\n<meta property=\"og:site_name\" content=\"Sparta Sport Center Palencia cardenal cisneros\" \/>\n<meta property=\"article:modified_time\" content=\"2025-05-26T15:13:48+00:00\" \/>\n<meta property=\"og:image\" content=\"https:\/\/spartasportcenter.com\/palencia-cardenal-cisneros\/wp-content\/uploads\/2024\/07\/body-combat-palencia.webp\" \/>\n\t<meta property=\"og:image:width\" content=\"2000\" \/>\n\t<meta property=\"og:image:height\" content=\"1333\" \/>\n\t<meta property=\"og:image:type\" content=\"image\/webp\" \/>\n<meta name=\"twitter:card\" content=\"summary_large_image\" \/>\n<meta name=\"twitter:label1\" content=\"Tiempo de lectura\" \/>\n\t<meta name=\"twitter:data1\" content=\"4 minutos\" \/>\n<script type=\"application\/ld+json\" class=\"yoast-schema-graph\">{\"@context\":\"https:\\\/\\\/schema.org\",\"@graph\":[{\"@type\":\"WebPage\",\"@id\":\"https:\\\/\\\/spartasportcenter.com\\\/palencia-cardenal-cisneros\\\/body-combat\\\/\",\"url\":\"https:\\\/\\\/spartasportcenter.com\\\/palencia-cardenal-cisneros\\\/body-combat\\\/\",\"name\":\"Body Combat en Palencia Cardenal Cisneros | Sparta\",\"isPartOf\":{\"@id\":\"https:\\\/\\\/spartasportcenter.com\\\/palencia-cardenal-cisneros\\\/#website\"},\"primaryImageOfPage\":{\"@id\":\"https:\\\/\\\/spartasportcenter.com\\\/palencia-cardenal-cisneros\\\/body-combat\\\/#primaryimage\"},\"image\":{\"@id\":\"https:\\\/\\\/spartasportcenter.com\\\/palencia-cardenal-cisneros\\\/body-combat\\\/#primaryimage\"},\"thumbnailUrl\":\"https:\\\/\\\/spartasportcenter.com\\\/palencia-cardenal-cisneros\\\/wp-content\\\/uploads\\\/2024\\\/07\\\/body-combat-palencia.webp\",\"datePublished\":\"2021-07-29T07:12:15+00:00\",\"dateModified\":\"2025-05-26T15:13:48+00:00\",\"description\":\"Inscr\u00edbete y disfruta de clases de Body Combat en Palencia Cardenal Cisneros, contamos con un equipo dedicado a tu bienestar. \u00a1Disfruta del d\u00eda gratis!\",\"breadcrumb\":{\"@id\":\"https:\\\/\\\/spartasportcenter.com\\\/palencia-cardenal-cisneros\\\/body-combat\\\/#breadcrumb\"},\"inLanguage\":\"es\",\"potentialAction\":[{\"@type\":\"ReadAction\",\"target\":[\"https:\\\/\\\/spartasportcenter.com\\\/palencia-cardenal-cisneros\\\/body-combat\\\/\"]}]},{\"@type\":\"ImageObject\",\"inLanguage\":\"es\",\"@id\":\"https:\\\/\\\/spartasportcenter.com\\\/palencia-cardenal-cisneros\\\/body-combat\\\/#primaryimage\",\"url\":\"https:\\\/\\\/spartasportcenter.com\\\/palencia-cardenal-cisneros\\\/wp-content\\\/uploads\\\/2024\\\/07\\\/body-combat-palencia.webp\",\"contentUrl\":\"https:\\\/\\\/spartasportcenter.com\\\/palencia-cardenal-cisneros\\\/wp-content\\\/uploads\\\/2024\\\/07\\\/body-combat-palencia.webp\",\"width\":2000,\"height\":1333,\"caption\":\"body combat palencia\"},{\"@type\":\"BreadcrumbList\",\"@id\":\"https:\\\/\\\/spartasportcenter.com\\\/palencia-cardenal-cisneros\\\/body-combat\\\/#breadcrumb\",\"itemListElement\":[{\"@type\":\"ListItem\",\"position\":1,\"name\":\"Portada\",\"item\":\"https:\\\/\\\/spartasportcenter.com\\\/palencia-cardenal-cisneros\\\/\"},{\"@type\":\"ListItem\",\"position\":2,\"name\":\"Body Combat Palencia Cardenal Cisneros\"}]},{\"@type\":\"WebSite\",\"@id\":\"https:\\\/\\\/spartasportcenter.com\\\/palencia-cardenal-cisneros\\\/#website\",\"url\":\"https:\\\/\\\/spartasportcenter.com\\\/palencia-cardenal-cisneros\\\/\",\"name\":\"Sparta Sport Center Palencia cardenal cisneros\",\"description\":\"Gimnasios en Cuenca\",\"potentialAction\":[{\"@type\":\"SearchAction\",\"target\":{\"@type\":\"EntryPoint\",\"urlTemplate\":\"https:\\\/\\\/spartasportcenter.com\\\/palencia-cardenal-cisneros\\\/?s={search_term_string}\"},\"query-input\":{\"@type\":\"PropertyValueSpecification\",\"valueRequired\":true,\"valueName\":\"search_term_string\"}}],\"inLanguage\":\"es\"}]}<\/script>\n<!-- \/ Yoast SEO plugin. -->","yoast_head_json":{"title":"Body Combat en Palencia Cardenal Cisneros | Sparta","description":"Inscr\u00edbete y disfruta de clases de Body Combat en Palencia Cardenal Cisneros, contamos con un equipo dedicado a tu bienestar. \u00a1Disfruta del d\u00eda gratis!","robots":{"index":"index","follow":"follow","max-snippet":"max-snippet:-1","max-image-preview":"max-image-preview:large","max-video-preview":"max-video-preview:-1"},"canonical":"https:\/\/spartasportcenter.com\/palencia-cardenal-cisneros\/body-combat\/","og_locale":"es_ES","og_type":"article","og_title":"Body Combat en Palencia Cardenal Cisneros | Sparta","og_description":"Inscr\u00edbete y disfruta de clases de Body Combat en Palencia Cardenal Cisneros, contamos con un equipo dedicado a tu bienestar. \u00a1Disfruta del d\u00eda gratis!","og_url":"https:\/\/spartasportcenter.com\/palencia-cardenal-cisneros\/body-combat\/","og_site_name":"Sparta Sport Center Palencia cardenal cisneros","article_modified_time":"2025-05-26T15:13:48+00:00","og_image":[{"width":2000,"height":1333,"url":"https:\/\/spartasportcenter.com\/palencia-cardenal-cisneros\/wp-content\/uploads\/2024\/07\/body-combat-palencia.webp","type":"image\/webp"}],"twitter_card":"summary_large_image","twitter_misc":{"Tiempo de lectura":"4 minutos"},"schema":{"@context":"https:\/\/schema.org","@graph":[{"@type":"WebPage","@id":"https:\/\/spartasportcenter.com\/palencia-cardenal-cisneros\/body-combat\/","url":"https:\/\/spartasportcenter.com\/palencia-cardenal-cisneros\/body-combat\/","name":"Body Combat en Palencia Cardenal Cisneros | Sparta","isPartOf":{"@id":"https:\/\/spartasportcenter.com\/palencia-cardenal-cisneros\/#website"},"primaryImageOfPage":{"@id":"https:\/\/spartasportcenter.com\/palencia-cardenal-cisneros\/body-combat\/#primaryimage"},"image":{"@id":"https:\/\/spartasportcenter.com\/palencia-cardenal-cisneros\/body-combat\/#primaryimage"},"thumbnailUrl":"https:\/\/spartasportcenter.com\/palencia-cardenal-cisneros\/wp-content\/uploads\/2024\/07\/body-combat-palencia.webp","datePublished":"2021-07-29T07:12:15+00:00","dateModified":"2025-05-26T15:13:48+00:00","description":"Inscr\u00edbete y disfruta de clases de Body Combat en Palencia Cardenal Cisneros, contamos con un equipo dedicado a tu bienestar. \u00a1Disfruta del d\u00eda gratis!","breadcrumb":{"@id":"https:\/\/spartasportcenter.com\/palencia-cardenal-cisneros\/body-combat\/#breadcrumb"},"inLanguage":"es","potentialAction":[{"@type":"ReadAction","target":["https:\/\/spartasportcenter.com\/palencia-cardenal-cisneros\/body-combat\/"]}]},{"@type":"ImageObject","inLanguage":"es","@id":"https:\/\/spartasportcenter.com\/palencia-cardenal-cisneros\/body-combat\/#primaryimage","url":"https:\/\/spartasportcenter.com\/palencia-cardenal-cisneros\/wp-content\/uploads\/2024\/07\/body-combat-palencia.webp","contentUrl":"https:\/\/spartasportcenter.com\/palencia-cardenal-cisneros\/wp-content\/uploads\/2024\/07\/body-combat-palencia.webp","width":2000,"height":1333,"caption":"body combat palencia"},{"@type":"BreadcrumbList","@id":"https:\/\/spartasportcenter.com\/palencia-cardenal-cisneros\/body-combat\/#breadcrumb","itemListElement":[{"@type":"ListItem","position":1,"name":"Portada","item":"https:\/\/spartasportcenter.com\/palencia-cardenal-cisneros\/"},{"@type":"ListItem","position":2,"name":"Body Combat Palencia Cardenal Cisneros"}]},{"@type":"WebSite","@id":"https:\/\/spartasportcenter.com\/palencia-cardenal-cisneros\/#website","url":"https:\/\/spartasportcenter.com\/palencia-cardenal-cisneros\/","name":"Sparta Sport Center Palencia cardenal cisneros","description":"Gimnasios en Cuenca","potentialAction":[{"@type":"SearchAction","target":{"@type":"EntryPoint","urlTemplate":"https:\/\/spartasportcenter.com\/palencia-cardenal-cisneros\/?s={search_term_string}"},"query-input":{"@type":"PropertyValueSpecification","valueRequired":true,"valueName":"search_term_string"}}],"inLanguage":"es"}]}},"_links":{"self":[{"href":"https:\/\/spartasportcenter.com\/palencia-cardenal-cisneros\/wp-json\/wp\/v2\/pages\/215990","targetHints":{"allow":["GET"]}}],"collection":[{"href":"https:\/\/spartasportcenter.com\/palencia-cardenal-cisneros\/wp-json\/wp\/v2\/pages"}],"about":[{"href":"https:\/\/spartasportcenter.com\/palencia-cardenal-cisneros\/wp-json\/wp\/v2\/types\/page"}],"author":[{"embeddable":true,"href":"https:\/\/spartasportcenter.com\/palencia-cardenal-cisneros\/wp-json\/wp\/v2\/users\/1"}],"replies":[{"embeddable":true,"href":"https:\/\/spartasportcenter.com\/palencia-cardenal-cisneros\/wp-json\/wp\/v2\/comments?post=215990"}],"version-history":[{"count":17,"href":"https:\/\/spartasportcenter.com\/palencia-cardenal-cisneros\/wp-json\/wp\/v2\/pages\/215990\/revisions"}],"predecessor-version":[{"id":220561,"href":"https:\/\/spartasportcenter.com\/palencia-cardenal-cisneros\/wp-json\/wp\/v2\/pages\/215990\/revisions\/220561"}],"wp:featuredmedia":[{"embeddable":true,"href":"https:\/\/spartasportcenter.com\/palencia-cardenal-cisneros\/wp-json\/wp\/v2\/media\/220367"}],"wp:attachment":[{"href":"https:\/\/spartasportcenter.com\/palencia-cardenal-cisneros\/wp-json\/wp\/v2\/media?parent=215990"}],"curies":[{"name":"wp","href":"https:\/\/api.w.org\/{rel}","templated":true}]}}