{"id":209159,"date":"2018-12-04T15:58:36","date_gmt":"2018-12-04T14:58:36","guid":{"rendered":"https:\/\/spartasportcenter.com\/pamplona\/?page_id=209159"},"modified":"2025-06-26T11:02:25","modified_gmt":"2025-06-26T09:02:25","slug":"mapa-web-gimnasios-palencia-cardenal-cisneros","status":"publish","type":"page","link":"https:\/\/spartasportcenter.com\/palencia-cardenal-cisneros\/mapa-web-gimnasios-palencia-cardenal-cisneros\/","title":{"rendered":"Mapa Web"},"content":{"rendered":"<p><a href=\"https:\/\/spartasportcenter.com\/palencia-cardenal-cisneros\/\">Gimnasio Palencia Cardenal Cisneros Sparta Sport Center<\/a><\/p>\n<p><a href=\"https:\/\/spartasportcenter.com\/palencia-cardenal-cisneros\/yoga\/\">Yoga Palencia Cardenal Cisneros<\/a><\/p>\n<p><a href=\"https:\/\/spartasportcenter.com\/palencia-cardenal-cisneros\/nutricionista\/\">Nutricionista Palencia Cardenal Cisneros<\/a><\/p>\n<p><a href=\"https:\/\/spartasportcenter.com\/palencia-cardenal-cisneros\/core\/\">Core Palencia Cardenal Cisneros<\/a><\/p>\n<p><a href=\"https:\/\/spartasportcenter.com\/palencia-cardenal-cisneros\/pilates\/\">Pilates Palencia Cardenal Cisneros<\/a><\/p>\n<p><a href=\"https:\/\/spartasportcenter.com\/palencia-cardenal-cisneros\/entrenador-personal\/\">Entrenador Personal Palencia Cardenal Cisneros<\/a><\/p>\n<p><a href=\"https:\/\/spartasportcenter.com\/palencia-cardenal-cisneros\/spinning\/\">Spinning Palencia Cardenal Cisneros<\/a><\/p>\n<p><a href=\"https:\/\/spartasportcenter.com\/palencia-cardenal-cisneros\/zumba\/\">Zumba Palencia Cardenal Cisneros<\/a><\/p>\n<p><a href=\"https:\/\/spartasportcenter.com\/palencia-cardenal-cisneros\/gap\/\">Gap Palencia Cardenal Cisneros<\/a><\/p>\n<p><a href=\"https:\/\/spartasportcenter.com\/palencia-cardenal-cisneros\/body-combat\/\">Body combat Palencia Cardenal Cisneros<\/a><\/p>\n<p><a href=\"https:\/\/spartasportcenter.com\/palencia-cardenal-cisneros\/entrenamiento-funcional\/\">Entrenamiento Funcional Palencia Cardenal Cisneros<\/a><\/p>\n<p><a href=\"https:\/\/spartasportcenter.com\/palencia-cardenal-cisneros\/body-pump\/\">Body Pump Palencia Cardenal Cisneros<\/a><\/p>\n<p><a href=\"https:\/\/spartasportcenter.com\/palencia-cardenal-cisneros\/body-balance\/\">Body balance Palencia Cardenal Cisneros<\/a><\/p>\n<p><a href=\"https:\/\/spartasportcenter.com\/palencia-cardenal-cisneros\/body-attack\/\">Body attack Palencia Cardenal Cisneros<\/a><\/p>\n<p><a href=\"https:\/\/spartasportcenter.com\/palencia-cardenal-cisneros\/cross-training\/\">Cross Training Palencia Cardenal Cisneros<\/a><\/p>\n<p><a href=\"https:\/\/spartasportcenter.com\/palencia-cardenal-cisneros\/strong\/\">Strong Palencia Cardenal Cisneros<\/a><\/p>\n<p><a href=\"https:\/\/spartasportcenter.com\/palencia-cardenal-cisneros\/horarios\/\">Horario de actividades<\/a><\/p>\n<p><a href=\"https:\/\/spartasportcenter.com\/palencia-cardenal-cisneros\/instalaciones\/\">Instalaciones<\/a><\/p>\n<p><a href=\"https:\/\/spartasportcenter.com\/palencia-cardenal-cisneros\/tarifas\/\">Tarifas<\/a><\/p>\n<p><a href=\"https:\/\/spartasportcenter.com\/palencia-cardenal-cisneros\/actividades\/\">Actividades<\/a><\/p>\n<p><a href=\"https:\/\/spartasportcenter.com\/palencia-cardenal-cisneros\/servicios\/\">Servicios<\/a><\/p>\n<p><a href=\"https:\/\/spartasportcenter.com\/palencia-cardenal-cisneros\/prueba-un-dia-gratis\/\">Prueba un d\u00eda gratis<\/a><\/p>\n<p><a href=\"https:\/\/spartasportcenter.com\/palencia-cardenal-cisneros\/contacto\/\">Contacto<\/a><\/p>\n","protected":false},"excerpt":{"rendered":"<p>   &#8211;<\/p>\n","protected":false},"author":1,"featured_media":220612,"parent":0,"menu_order":0,"comment_status":"closed","ping_status":"closed","template":"","meta":{"_et_pb_use_builder":"off","_et_pb_old_content":"<a href=\"https:\/\/spartasportcenter.com\/palencia-cardenal-cisneros\/\">Gimnasio Palencia Cardenal Cisneros Sparta Sport Center<\/a>\n\n<a href=\"https:\/\/spartasportcenter.com\/palencia-cardenal-cisneros\/yoga-palencia-cardenal-cisneros\/\">Yoga Palencia Cardenal Cisneros<\/a>\n\n<a href=\"https:\/\/spartasportcenter.com\/palencia-cardenal-cisneros\/nutricionista-palencia-cardenal-cisneros\/\">Nutricionista Palencia Cardenal Cisneros<\/a>\n\n<a href=\"https:\/\/spartasportcenter.com\/palencia-cardenal-cisneros\/core-palencia-cardenal-cisneros\/\">Core Palencia Cardenal Cisneros<\/a>\n\n<a href=\"https:\/\/spartasportcenter.com\/palencia-cardenal-cisneros\/pilates-palencia-cardenal-cisneros\/\">Pilates Palencia Cardenal Cisneros<\/a>\n\n<a href=\"https:\/\/spartasportcenter.com\/palencia-cardenal-cisneros\/entrenador-personal-palencia-cardenal-cisneros\/\">Entrenador Personal Palencia Cardenal Cisneros<\/a>\n\n<a href=\"https:\/\/spartasportcenter.com\/palencia-cardenal-cisneros\/spinning-palencia-cardenal-cisneros\/\">Spinning Palencia Cardenal Cisneros<\/a>\n\n<a href=\"https:\/\/spartasportcenter.com\/palencia-cardenal-cisneros\/zumba-palencia-cardenal-cisneros\/\">Zumba Palencia Cardenal Cisneros<\/a>\n\n<a href=\"https:\/\/spartasportcenter.com\/palencia-cardenal-cisneros\/gap-palencia-cardenal-cisneros\/\">Gap Palencia Cardenal Cisneros<\/a>\n\n<a href=\"https:\/\/spartasportcenter.com\/palencia-cardenal-cisneros\/combat-palencia-cardenal-cisneros\/\">Body combat Palencia Cardenal Cisneros<\/a>\n\n<a href=\"https:\/\/spartasportcenter.com\/palencia-cardenal-cisneros\/entrenamiento-funcional-palencia-cardenal-cisneros\/\">Entrenamiento Funcional Palencia Cardenal Cisneros<\/a>\n\n<a href=\"https:\/\/spartasportcenter.com\/palencia-cardenal-cisneros\/body-tonic-palencia-cardenal-cisneros\/\">Body Pump Palencia Cardenal Cisneros<\/a>\n\n<a href=\"https:\/\/spartasportcenter.com\/palencia-cardenal-cisneros\/body-balance-palencia-cardenal-cisneros\/\">Body balance Palencia Cardenal Cisneros<\/a>\n\n<a href=\"https:\/\/spartasportcenter.com\/palencia-cardenal-cisneros\/attack-palencia-cardenal-cisneros\/\">Body attack Palencia Cardenal Cisneros<\/a>\n\n<a href=\"https:\/\/spartasportcenter.com\/palencia-cardenal-cisneros\/cross-training-palencia-cardenal-cisneros\/\">Cross Training Palencia Cardenal Cisneros<\/a>\n\n<a href=\"https:\/\/spartasportcenter.com\/palencia-cardenal-cisneros\/strong-palencia-cardenal-cisneros\/\">Strong Palencia Cardenal Cisneros<\/a>\n\n<a href=\"https:\/\/spartasportcenter.com\/palencia-cardenal-cisneros\/horarios\/\">Horario de actividades<\/a>\n\n<a href=\"https:\/\/spartasportcenter.com\/palencia-cardenal-cisneros\/instalaciones\/\">Instalaciones<\/a>\n\n<a href=\"https:\/\/spartasportcenter.com\/palencia-cardenal-cisneros\/tarifas\/\">Tarifas<\/a>\n\n<a href=\"https:\/\/spartasportcenter.com\/palencia-cardenal-cisneros\/actividades\/\">Actividades<\/a>\n\n<a href=\"https:\/\/spartasportcenter.com\/palencia-cardenal-cisneros\/servicios\/\">Servicios<\/a>\n\n<a href=\"https:\/\/spartasportcenter.com\/palencia-cardenal-cisneros\/prueba-un-dia-gratis\/\">Prueba un d\u00eda gratis<\/a>\n\n<a href=\"https:\/\/spartasportcenter.com\/palencia-cardenal-cisneros\/contacto\/\">Contacto<\/a>","_et_gb_content_width":"","footnotes":""},"class_list":["post-209159","page","type-page","status-publish","has-post-thumbnail","hentry"],"yoast_head":"<!-- This site is optimized with the Yoast SEO plugin v27.4 - https:\/\/yoast.com\/product\/yoast-seo-wordpress\/ -->\n<title>Mapa Web - Sparta Sport Center Palencia cardenal cisneros<\/title>\n<meta name=\"description\" content=\"Consulta el Mapa Web de Sparta Sport Center Palencia Cardenal Cisneros para conocer las p\u00e1ginas m\u00e1s importantes de nuestra p\u00e1gina web. \u00a1Te las mostramos!\" \/>\n<meta name=\"robots\" content=\"index, follow, max-snippet:-1, max-image-preview:large, max-video-preview:-1\" \/>\n<link rel=\"canonical\" href=\"https:\/\/spartasportcenter.com\/palencia-cardenal-cisneros\/mapa-web-gimnasios-palencia-cardenal-cisneros\/\" \/>\n<meta property=\"og:locale\" content=\"es_ES\" \/>\n<meta property=\"og:type\" content=\"article\" \/>\n<meta property=\"og:title\" content=\"Mapa Web - Sparta Sport Center Palencia cardenal cisneros\" \/>\n<meta property=\"og:description\" content=\"Consulta el Mapa Web de Sparta Sport Center Palencia Cardenal Cisneros para conocer las p\u00e1ginas m\u00e1s importantes de nuestra p\u00e1gina web. \u00a1Te las mostramos!\" \/>\n<meta property=\"og:url\" content=\"https:\/\/spartasportcenter.com\/palencia-cardenal-cisneros\/mapa-web-gimnasios-palencia-cardenal-cisneros\/\" \/>\n<meta property=\"og:site_name\" content=\"Sparta Sport Center Palencia cardenal cisneros\" \/>\n<meta property=\"article:modified_time\" content=\"2025-06-26T09:02:25+00:00\" \/>\n<meta property=\"og:image\" content=\"https:\/\/spartasportcenter.com\/palencia-cardenal-cisneros\/wp-content\/uploads\/2025\/06\/material-deportivo-de-colores.jpg\" \/>\n\t<meta property=\"og:image:width\" content=\"2000\" \/>\n\t<meta property=\"og:image:height\" content=\"1333\" \/>\n\t<meta property=\"og:image:type\" content=\"image\/jpeg\" \/>\n<meta name=\"twitter:card\" content=\"summary_large_image\" \/>\n<meta name=\"twitter:label1\" content=\"Tiempo de lectura\" \/>\n\t<meta name=\"twitter:data1\" content=\"1 minuto\" \/>\n<script type=\"application\/ld+json\" class=\"yoast-schema-graph\">{\"@context\":\"https:\\\/\\\/schema.org\",\"@graph\":[{\"@type\":\"WebPage\",\"@id\":\"https:\\\/\\\/spartasportcenter.com\\\/palencia-cardenal-cisneros\\\/mapa-web-gimnasios-palencia-cardenal-cisneros\\\/\",\"url\":\"https:\\\/\\\/spartasportcenter.com\\\/palencia-cardenal-cisneros\\\/mapa-web-gimnasios-palencia-cardenal-cisneros\\\/\",\"name\":\"Mapa Web - Sparta Sport Center Palencia cardenal cisneros\",\"isPartOf\":{\"@id\":\"https:\\\/\\\/spartasportcenter.com\\\/palencia-cardenal-cisneros\\\/#website\"},\"primaryImageOfPage\":{\"@id\":\"https:\\\/\\\/spartasportcenter.com\\\/palencia-cardenal-cisneros\\\/mapa-web-gimnasios-palencia-cardenal-cisneros\\\/#primaryimage\"},\"image\":{\"@id\":\"https:\\\/\\\/spartasportcenter.com\\\/palencia-cardenal-cisneros\\\/mapa-web-gimnasios-palencia-cardenal-cisneros\\\/#primaryimage\"},\"thumbnailUrl\":\"https:\\\/\\\/spartasportcenter.com\\\/palencia-cardenal-cisneros\\\/wp-content\\\/uploads\\\/2025\\\/06\\\/material-deportivo-de-colores.jpg\",\"datePublished\":\"2018-12-04T14:58:36+00:00\",\"dateModified\":\"2025-06-26T09:02:25+00:00\",\"description\":\"Consulta el Mapa Web de Sparta Sport Center Palencia Cardenal Cisneros para conocer las p\u00e1ginas m\u00e1s importantes de nuestra p\u00e1gina web. \u00a1Te las mostramos!\",\"breadcrumb\":{\"@id\":\"https:\\\/\\\/spartasportcenter.com\\\/palencia-cardenal-cisneros\\\/mapa-web-gimnasios-palencia-cardenal-cisneros\\\/#breadcrumb\"},\"inLanguage\":\"es\",\"potentialAction\":[{\"@type\":\"ReadAction\",\"target\":[\"https:\\\/\\\/spartasportcenter.com\\\/palencia-cardenal-cisneros\\\/mapa-web-gimnasios-palencia-cardenal-cisneros\\\/\"]}]},{\"@type\":\"ImageObject\",\"inLanguage\":\"es\",\"@id\":\"https:\\\/\\\/spartasportcenter.com\\\/palencia-cardenal-cisneros\\\/mapa-web-gimnasios-palencia-cardenal-cisneros\\\/#primaryimage\",\"url\":\"https:\\\/\\\/spartasportcenter.com\\\/palencia-cardenal-cisneros\\\/wp-content\\\/uploads\\\/2025\\\/06\\\/material-deportivo-de-colores.jpg\",\"contentUrl\":\"https:\\\/\\\/spartasportcenter.com\\\/palencia-cardenal-cisneros\\\/wp-content\\\/uploads\\\/2025\\\/06\\\/material-deportivo-de-colores.jpg\",\"width\":2000,\"height\":1333,\"caption\":\"material deportivo de colores\"},{\"@type\":\"BreadcrumbList\",\"@id\":\"https:\\\/\\\/spartasportcenter.com\\\/palencia-cardenal-cisneros\\\/mapa-web-gimnasios-palencia-cardenal-cisneros\\\/#breadcrumb\",\"itemListElement\":[{\"@type\":\"ListItem\",\"position\":1,\"name\":\"Portada\",\"item\":\"https:\\\/\\\/spartasportcenter.com\\\/palencia-cardenal-cisneros\\\/\"},{\"@type\":\"ListItem\",\"position\":2,\"name\":\"Mapa Web\"}]},{\"@type\":\"WebSite\",\"@id\":\"https:\\\/\\\/spartasportcenter.com\\\/palencia-cardenal-cisneros\\\/#website\",\"url\":\"https:\\\/\\\/spartasportcenter.com\\\/palencia-cardenal-cisneros\\\/\",\"name\":\"Sparta Sport Center Palencia cardenal cisneros\",\"description\":\"Gimnasios en Cuenca\",\"potentialAction\":[{\"@type\":\"SearchAction\",\"target\":{\"@type\":\"EntryPoint\",\"urlTemplate\":\"https:\\\/\\\/spartasportcenter.com\\\/palencia-cardenal-cisneros\\\/?s={search_term_string}\"},\"query-input\":{\"@type\":\"PropertyValueSpecification\",\"valueRequired\":true,\"valueName\":\"search_term_string\"}}],\"inLanguage\":\"es\"}]}<\/script>\n<!-- \/ Yoast SEO plugin. -->","yoast_head_json":{"title":"Mapa Web - Sparta Sport Center Palencia cardenal cisneros","description":"Consulta el Mapa Web de Sparta Sport Center Palencia Cardenal Cisneros para conocer las p\u00e1ginas m\u00e1s importantes de nuestra p\u00e1gina web. \u00a1Te las mostramos!","robots":{"index":"index","follow":"follow","max-snippet":"max-snippet:-1","max-image-preview":"max-image-preview:large","max-video-preview":"max-video-preview:-1"},"canonical":"https:\/\/spartasportcenter.com\/palencia-cardenal-cisneros\/mapa-web-gimnasios-palencia-cardenal-cisneros\/","og_locale":"es_ES","og_type":"article","og_title":"Mapa Web - Sparta Sport Center Palencia cardenal cisneros","og_description":"Consulta el Mapa Web de Sparta Sport Center Palencia Cardenal Cisneros para conocer las p\u00e1ginas m\u00e1s importantes de nuestra p\u00e1gina web. \u00a1Te las mostramos!","og_url":"https:\/\/spartasportcenter.com\/palencia-cardenal-cisneros\/mapa-web-gimnasios-palencia-cardenal-cisneros\/","og_site_name":"Sparta Sport Center Palencia cardenal cisneros","article_modified_time":"2025-06-26T09:02:25+00:00","og_image":[{"width":2000,"height":1333,"url":"https:\/\/spartasportcenter.com\/palencia-cardenal-cisneros\/wp-content\/uploads\/2025\/06\/material-deportivo-de-colores.jpg","type":"image\/jpeg"}],"twitter_card":"summary_large_image","twitter_misc":{"Tiempo de lectura":"1 minuto"},"schema":{"@context":"https:\/\/schema.org","@graph":[{"@type":"WebPage","@id":"https:\/\/spartasportcenter.com\/palencia-cardenal-cisneros\/mapa-web-gimnasios-palencia-cardenal-cisneros\/","url":"https:\/\/spartasportcenter.com\/palencia-cardenal-cisneros\/mapa-web-gimnasios-palencia-cardenal-cisneros\/","name":"Mapa Web - Sparta Sport Center Palencia cardenal cisneros","isPartOf":{"@id":"https:\/\/spartasportcenter.com\/palencia-cardenal-cisneros\/#website"},"primaryImageOfPage":{"@id":"https:\/\/spartasportcenter.com\/palencia-cardenal-cisneros\/mapa-web-gimnasios-palencia-cardenal-cisneros\/#primaryimage"},"image":{"@id":"https:\/\/spartasportcenter.com\/palencia-cardenal-cisneros\/mapa-web-gimnasios-palencia-cardenal-cisneros\/#primaryimage"},"thumbnailUrl":"https:\/\/spartasportcenter.com\/palencia-cardenal-cisneros\/wp-content\/uploads\/2025\/06\/material-deportivo-de-colores.jpg","datePublished":"2018-12-04T14:58:36+00:00","dateModified":"2025-06-26T09:02:25+00:00","description":"Consulta el Mapa Web de Sparta Sport Center Palencia Cardenal Cisneros para conocer las p\u00e1ginas m\u00e1s importantes de nuestra p\u00e1gina web. \u00a1Te las mostramos!","breadcrumb":{"@id":"https:\/\/spartasportcenter.com\/palencia-cardenal-cisneros\/mapa-web-gimnasios-palencia-cardenal-cisneros\/#breadcrumb"},"inLanguage":"es","potentialAction":[{"@type":"ReadAction","target":["https:\/\/spartasportcenter.com\/palencia-cardenal-cisneros\/mapa-web-gimnasios-palencia-cardenal-cisneros\/"]}]},{"@type":"ImageObject","inLanguage":"es","@id":"https:\/\/spartasportcenter.com\/palencia-cardenal-cisneros\/mapa-web-gimnasios-palencia-cardenal-cisneros\/#primaryimage","url":"https:\/\/spartasportcenter.com\/palencia-cardenal-cisneros\/wp-content\/uploads\/2025\/06\/material-deportivo-de-colores.jpg","contentUrl":"https:\/\/spartasportcenter.com\/palencia-cardenal-cisneros\/wp-content\/uploads\/2025\/06\/material-deportivo-de-colores.jpg","width":2000,"height":1333,"caption":"material deportivo de colores"},{"@type":"BreadcrumbList","@id":"https:\/\/spartasportcenter.com\/palencia-cardenal-cisneros\/mapa-web-gimnasios-palencia-cardenal-cisneros\/#breadcrumb","itemListElement":[{"@type":"ListItem","position":1,"name":"Portada","item":"https:\/\/spartasportcenter.com\/palencia-cardenal-cisneros\/"},{"@type":"ListItem","position":2,"name":"Mapa Web"}]},{"@type":"WebSite","@id":"https:\/\/spartasportcenter.com\/palencia-cardenal-cisneros\/#website","url":"https:\/\/spartasportcenter.com\/palencia-cardenal-cisneros\/","name":"Sparta Sport Center Palencia cardenal cisneros","description":"Gimnasios en Cuenca","potentialAction":[{"@type":"SearchAction","target":{"@type":"EntryPoint","urlTemplate":"https:\/\/spartasportcenter.com\/palencia-cardenal-cisneros\/?s={search_term_string}"},"query-input":{"@type":"PropertyValueSpecification","valueRequired":true,"valueName":"search_term_string"}}],"inLanguage":"es"}]}},"_links":{"self":[{"href":"https:\/\/spartasportcenter.com\/palencia-cardenal-cisneros\/wp-json\/wp\/v2\/pages\/209159","targetHints":{"allow":["GET"]}}],"collection":[{"href":"https:\/\/spartasportcenter.com\/palencia-cardenal-cisneros\/wp-json\/wp\/v2\/pages"}],"about":[{"href":"https:\/\/spartasportcenter.com\/palencia-cardenal-cisneros\/wp-json\/wp\/v2\/types\/page"}],"author":[{"embeddable":true,"href":"https:\/\/spartasportcenter.com\/palencia-cardenal-cisneros\/wp-json\/wp\/v2\/users\/1"}],"replies":[{"embeddable":true,"href":"https:\/\/spartasportcenter.com\/palencia-cardenal-cisneros\/wp-json\/wp\/v2\/comments?post=209159"}],"version-history":[{"count":26,"href":"https:\/\/spartasportcenter.com\/palencia-cardenal-cisneros\/wp-json\/wp\/v2\/pages\/209159\/revisions"}],"predecessor-version":[{"id":220578,"href":"https:\/\/spartasportcenter.com\/palencia-cardenal-cisneros\/wp-json\/wp\/v2\/pages\/209159\/revisions\/220578"}],"wp:featuredmedia":[{"embeddable":true,"href":"https:\/\/spartasportcenter.com\/palencia-cardenal-cisneros\/wp-json\/wp\/v2\/media\/220612"}],"wp:attachment":[{"href":"https:\/\/spartasportcenter.com\/palencia-cardenal-cisneros\/wp-json\/wp\/v2\/media?parent=209159"}],"curies":[{"name":"wp","href":"https:\/\/api.w.org\/{rel}","templated":true}]}}