{"id":206563,"date":"2018-08-20T15:59:41","date_gmt":"2018-08-20T15:59:41","guid":{"rendered":"https:\/\/pamplona.spartasportcenter.com\/?page_id=206563"},"modified":"2025-05-27T12:28:28","modified_gmt":"2025-05-27T10:28:28","slug":"yoga","status":"publish","type":"page","link":"https:\/\/spartasportcenter.com\/palencia-cardenal-cisneros\/yoga\/","title":{"rendered":"Yoga Palencia Cardenal Cisneros"},"content":{"rendered":"<p>[et_pb_section fb_built=\u00bb1&#8243; custom_padding_last_edited=\u00bbon|phone\u00bb disabled_on=\u00bboff|off|off\u00bb _builder_version=\u00bb4.16&#8243; background_color=\u00bb#262626&#8243; background_enable_image=\u00bboff\u00bb custom_margin=\u00bb||||false|false\u00bb custom_padding=\u00bb80px|0px|0px|0px|false|false\u00bb custom_padding_tablet=\u00bb\u00bb custom_padding_phone=\u00bb30px||50px||false|false\u00bb global_colors_info=\u00bb{}\u00bb][et_pb_row column_structure=\u00bb1_3,2_3&#8243; custom_padding_last_edited=\u00bbon|desktop\u00bb _builder_version=\u00bb4.16&#8243; _module_preset=\u00bbdefault\u00bb custom_padding=\u00bb0px||||false|false\u00bb custom_padding_tablet=\u00bb\u00bb custom_padding_phone=\u00bb0px||||false|false\u00bb global_colors_info=\u00bb{}\u00bb][et_pb_column type=\u00bb1_3&#8243; _builder_version=\u00bb4.16&#8243; _module_preset=\u00bbdefault\u00bb global_colors_info=\u00bb{}\u00bb][et_pb_text _builder_version=\u00bb4.24.2&#8243; text_font=\u00bb||||||||\u00bb header_font=\u00bb||||||||\u00bb header_text_align=\u00bbcenter\u00bb header_2_font=\u00bb|300||on|||||\u00bb header_2_text_align=\u00bbright\u00bb header_2_font_size=\u00bb29px\u00bb custom_margin=\u00bb||0px||false|false\u00bb custom_padding=\u00bb|15%|0px||false|false\u00bb header_2_text_align_tablet=\u00bb\u00bb header_2_text_align_phone=\u00bbleft\u00bb header_2_text_align_last_edited=\u00bbon|phone\u00bb header_2_font_size_tablet=\u00bb51px\u00bb header_2_font_size_phone=\u00bb25px\u00bb header_2_font_size_last_edited=\u00bbon|phone\u00bb border_width_right=\u00bb2px\u00bb border_color_right=\u00bb#cccccc\u00bb border_width_right_tablet=\u00bb\u00bb border_width_right_phone=\u00bb0px\u00bb border_width_right_last_edited=\u00bbon|phone\u00bb locked=\u00bboff\u00bb global_colors_info=\u00bb{}\u00bb]<\/p>\n<h2>Clases de Yoga en Palencia Cardenal Cisneros<\/h2>\n<p>[\/et_pb_text][\/et_pb_column][et_pb_column type=\u00bb2_3&#8243; _builder_version=\u00bb4.16&#8243; _module_preset=\u00bbdefault\u00bb global_colors_info=\u00bb{}\u00bb][et_pb_text _builder_version=\u00bb4.27.4&#8243; text_font=\u00bb|300|||||||\u00bb text_text_color=\u00bb#cccccc\u00bb text_line_height=\u00bb1.1em\u00bb header_font=\u00bb|300|||||||\u00bb header_2_font=\u00bb|300||on|||||\u00bb header_2_text_color=\u00bb#cccccc\u00bb header_2_font_size=\u00bb36px\u00bb header_2_letter_spacing=\u00bb2px\u00bb background_layout=\u00bbdark\u00bb hover_enabled=\u00bb0&#8243; global_colors_info=\u00bb{}\u00bb sticky_enabled=\u00bb0&#8243;]<\/p>\n<p><span style=\"font-weight: 400;\">En Sparta Sport Center Palencia Cardenal Cisneros, creemos en el poder del yoga como una <\/span><b>herramienta de transformaci\u00f3n f\u00edsica y mental<\/b><span style=\"font-weight: 400;\">. Esta pr\u00e1ctica milenaria, que ha trascendido culturas y generaciones, forma parte esencial de nuestra propuesta de bienestar integral.<\/span><\/p>\n<p><span style=\"font-weight: 400;\">Nuestras clases est\u00e1n dise\u00f1adas para adaptarse a todas las personas, sin importar su nivel de experiencia. Ya sea que te est\u00e9s iniciando en el mundo del yoga o busques profundizar en tu pr\u00e1ctica, tenemos sesiones pensadas para ti. Combinamos t\u00e9cnicas tradicionales con un enfoque moderno y accesible, guiados siempre por nuestros profesores especializados.<\/span><\/p>\n<p>[\/et_pb_text][\/et_pb_column][\/et_pb_row][et_pb_row column_structure=\u00bb1_3,2_3&#8243; custom_padding_last_edited=\u00bbon|phone\u00bb _builder_version=\u00bb4.16&#8243; _module_preset=\u00bbdefault\u00bb custom_margin=\u00bb||0px||false|false\u00bb custom_padding=\u00bb||||false|false\u00bb custom_padding_tablet=\u00bb\u00bb custom_padding_phone=\u00bb0px||0px||false|false\u00bb global_colors_info=\u00bb{}\u00bb][et_pb_column type=\u00bb1_3&#8243; _builder_version=\u00bb4.16&#8243; _module_preset=\u00bbdefault\u00bb global_colors_info=\u00bb{}\u00bb][et_pb_text _builder_version=\u00bb4.24.2&#8243; text_font=\u00bb||||||||\u00bb header_font=\u00bb||||||||\u00bb header_text_align=\u00bbcenter\u00bb header_2_font=\u00bb|300||on|||||\u00bb header_2_text_align=\u00bbright\u00bb header_2_font_size=\u00bb29px\u00bb header_2_letter_spacing=\u00bb-0.1px\u00bb custom_margin=\u00bb||0px||false|false\u00bb custom_padding=\u00bb|15%|0px||false|false\u00bb header_2_text_align_tablet=\u00bb\u00bb header_2_text_align_phone=\u00bbleft\u00bb header_2_text_align_last_edited=\u00bbon|phone\u00bb header_2_font_size_tablet=\u00bb51px\u00bb header_2_font_size_phone=\u00bb25px\u00bb header_2_font_size_last_edited=\u00bbon|phone\u00bb border_width_right=\u00bb2px\u00bb border_color_right=\u00bb#cccccc\u00bb border_width_right_tablet=\u00bb\u00bb border_width_right_phone=\u00bb0px\u00bb border_width_right_last_edited=\u00bbon|phone\u00bb locked=\u00bboff\u00bb global_colors_info=\u00bb{}\u00bb]<\/p>\n<h2>Beneficios del Yoga en Palencia Cardenal Cisneros<\/h2>\n<p>[\/et_pb_text][\/et_pb_column][et_pb_column type=\u00bb2_3&#8243; _builder_version=\u00bb4.16&#8243; _module_preset=\u00bbdefault\u00bb global_colors_info=\u00bb{}\u00bb][et_pb_text _builder_version=\u00bb4.27.4&#8243; text_font=\u00bb|300|||||||\u00bb text_text_color=\u00bb#cccccc\u00bb text_line_height=\u00bb1.1em\u00bb header_font=\u00bb|300|||||||\u00bb header_2_font=\u00bb|300||on|||||\u00bb header_2_text_color=\u00bb#cccccc\u00bb header_2_font_size=\u00bb36px\u00bb header_2_letter_spacing=\u00bb2px\u00bb background_layout=\u00bbdark\u00bb hover_enabled=\u00bb0&#8243; global_colors_info=\u00bb{}\u00bb sticky_enabled=\u00bb0&#8243;]<\/p>\n<p><span style=\"font-weight: 400;\">Cuando practicas yoga de forma regular en nuestro gimnasio, comienzas a notar mejoras significativas tanto en tu cuerpo como en tu mente. Algunos de los beneficios que m\u00e1s valoran nuestros alumnos son:<\/span><\/p>\n<ul>\n<li style=\"font-weight: 400;\" aria-level=\"1\"><span style=\"font-weight: 400;\">Mayor flexibilidad y fuerza muscular: Las posturas que realizamos ayudan a estirar y fortalecer el cuerpo sin impacto agresivo.<\/span><\/li>\n<li style=\"font-weight: 400;\" aria-level=\"1\"><span style=\"font-weight: 400;\">Reducci\u00f3n del estr\u00e9s y la ansiedad: Gracias al trabajo consciente con la respiraci\u00f3n y la atenci\u00f3n plena, logramos <\/span><b>liberar tensiones y encontrar equilibrio emocional<\/b><span style=\"font-weight: 400;\">.<\/span><\/li>\n<li style=\"font-weight: 400;\" aria-level=\"1\"><span style=\"font-weight: 400;\">Alivio del dolor cr\u00f3nico: Especialmente eficaz para molestias como el dolor lumbar o tensiones en cuello y hombros.<\/span><\/li>\n<li style=\"font-weight: 400;\" aria-level=\"1\"><span style=\"font-weight: 400;\">Mejor postura y alineaci\u00f3n corporal: El yoga corrige h\u00e1bitos posturales, promoviendo un cuerpo m\u00e1s estable y arm\u00f3nico.<\/span><\/li>\n<li style=\"font-weight: 400;\" aria-level=\"1\"><span style=\"font-weight: 400;\">Estabilidad emocional y mental: Fomentamos la conexi\u00f3n interior, lo que <\/span><b>favorece la concentraci\u00f3n, la calma y el bienestar general<\/b><span style=\"font-weight: 400;\">.<\/span><\/li>\n<li style=\"font-weight: 400;\" aria-level=\"1\"><span style=\"font-weight: 400;\">Mejor funcionamiento cardiovascular y respiratorio: A trav\u00e9s del control respiratorio y el movimiento consciente, fortalecemos nuestro sistema interno.<\/span><\/li>\n<\/ul>\n<p>[\/et_pb_text][\/et_pb_column][\/et_pb_row][\/et_pb_section][et_pb_section fb_built=\u00bb1&#8243; custom_padding_last_edited=\u00bbon|phone\u00bb _builder_version=\u00bb4.16&#8243; _module_preset=\u00bbdefault\u00bb background_color=\u00bb#262626&#8243; custom_padding=\u00bb0px||50px||false|false\u00bb custom_padding_tablet=\u00bb\u00bb custom_padding_phone=\u00bb||30px||false|false\u00bb global_colors_info=\u00bb{}\u00bb][et_pb_row column_structure=\u00bb1_3,2_3&#8243; custom_padding_last_edited=\u00bbon|phone\u00bb _builder_version=\u00bb4.16&#8243; _module_preset=\u00bbdefault\u00bb custom_padding_tablet=\u00bb\u00bb custom_padding_phone=\u00bb0px||0px||false|false\u00bb global_colors_info=\u00bb{}\u00bb][et_pb_column type=\u00bb1_3&#8243; _builder_version=\u00bb4.16&#8243; _module_preset=\u00bbdefault\u00bb global_colors_info=\u00bb{}\u00bb][et_pb_text _builder_version=\u00bb4.26.1&#8243; text_font=\u00bb||||||||\u00bb header_font=\u00bb||||||||\u00bb header_text_align=\u00bbcenter\u00bb header_2_font=\u00bb|300||on|||||\u00bb header_2_text_align=\u00bbright\u00bb header_2_font_size=\u00bb29px\u00bb custom_margin=\u00bb||0px||false|false\u00bb custom_padding=\u00bb|15%|0px||false|false\u00bb header_2_text_align_tablet=\u00bb\u00bb header_2_text_align_phone=\u00bbleft\u00bb header_2_text_align_last_edited=\u00bbon|phone\u00bb header_2_font_size_tablet=\u00bb51px\u00bb header_2_font_size_phone=\u00bb25px\u00bb header_2_font_size_last_edited=\u00bbon|phone\u00bb border_width_right=\u00bb2px\u00bb border_color_right=\u00bb#cccccc\u00bb border_width_right_tablet=\u00bb\u00bb border_width_right_phone=\u00bb0px\u00bb border_width_right_last_edited=\u00bbon|phone\u00bb locked=\u00bboff\u00bb global_colors_info=\u00bb{}\u00bb]<\/p>\n<h2>Por qu\u00e9 Yoga en Sparta Sport Center Palencia Cardenal Cisneros<\/h2>\n<p>[\/et_pb_text][\/et_pb_column][et_pb_column type=\u00bb2_3&#8243; _builder_version=\u00bb4.16&#8243; _module_preset=\u00bbdefault\u00bb global_colors_info=\u00bb{}\u00bb][et_pb_text _builder_version=\u00bb4.27.4&#8243; text_font=\u00bb|300|||||||\u00bb text_text_color=\u00bb#cccccc\u00bb text_line_height=\u00bb1.1em\u00bb header_font=\u00bb|300|||||||\u00bb header_2_font=\u00bb|300||on|||||\u00bb header_2_text_color=\u00bb#cccccc\u00bb header_2_font_size=\u00bb36px\u00bb header_2_letter_spacing=\u00bb2px\u00bb background_layout=\u00bbdark\u00bb hover_enabled=\u00bb0&#8243; global_colors_info=\u00bb{}\u00bb sticky_enabled=\u00bb0&#8243;]<\/p>\n<p><span style=\"font-weight: 400;\">En nuestro centro no s\u00f3lo puedes encontrar clases de calidad, sino tambi\u00e9n un entorno preparado para que vivas el yoga de manera completa:<\/span><\/p>\n<ul>\n<li style=\"font-weight: 400;\" aria-level=\"1\"><span style=\"font-weight: 400;\">Instructores con experiencia: Contamos con un equipo profesional que ofrece una gu\u00eda cercana, adaptando la pr\u00e1ctica a tus capacidades y objetivos personales.<\/span><\/li>\n<li style=\"font-weight: 400;\" aria-level=\"1\"><span style=\"font-weight: 400;\">Instalaciones especialmente acondicionadas: Nuestras salas est\u00e1n equipadas con <\/span><b>esterillas, bloques, cinturones y todos los elementos necesarios<\/b><span style=\"font-weight: 400;\"> para una experiencia segura y confortable.<\/span><\/li>\n<li style=\"font-weight: 400;\" aria-level=\"1\"><span style=\"font-weight: 400;\">Ambiente relajante y acogedor: Hemos creado un espacio tranquilo y armonioso donde puedes desconectar del ritmo diario y centrarte en ti.<\/span><\/li>\n<li style=\"font-weight: 400;\" aria-level=\"1\"><span style=\"font-weight: 400;\">Variedad de horarios y estilos: Ofrecemos distintas modalidades de yoga, desde pr\u00e1cticas suaves y restaurativas hasta clases m\u00e1s din\u00e1micas, para que elijas lo que mejor se ajusta a ti.<\/span><\/li>\n<\/ul>\n<p><span style=\"font-weight: 400;\">En Sparta Sport Center Palencia Cardenal Cisneros, entendemos que el yoga no es solo una disciplina f\u00edsica, sino una forma de reconectar con uno mismo. Por eso, m\u00e1s que una clase, te ofrecemos una experiencia de bienestar integral. Te invitamos a que nos conozcas, pruebes una clase de manera gratuita y formes parte de nuestra comunidad.<\/span><\/p>\n<p>[\/et_pb_text][\/et_pb_column][\/et_pb_row][\/et_pb_section]<\/p>\n","protected":false},"excerpt":{"rendered":"<p>Clases de Yoga en Palencia Cardenal CisnerosEn Sparta Sport Center Palencia Cardenal Cisneros, creemos en el poder del yoga como una herramienta de transformaci\u00f3n f\u00edsica y mental. Esta pr\u00e1ctica milenaria, que ha trascendido culturas y generaciones, forma parte esencial de nuestra propuesta de bienestar integral. Nuestras clases est\u00e1n dise\u00f1adas para adaptarse a todas las personas, [&hellip;]<\/p>\n","protected":false},"author":1,"featured_media":220376,"parent":0,"menu_order":0,"comment_status":"closed","ping_status":"closed","template":"","meta":{"_et_pb_use_builder":"on","_et_pb_old_content":"","_et_gb_content_width":"","footnotes":""},"class_list":["post-206563","page","type-page","status-publish","has-post-thumbnail","hentry"],"yoast_head":"<!-- This site is optimized with the Yoast SEO plugin v27.4 - https:\/\/yoast.com\/product\/yoast-seo-wordpress\/ -->\n<title>Yoga Palencia Cardenal Cisneros | Sparta Sport Center<\/title>\n<meta name=\"description\" content=\"Inscr\u00edbete y disfruta de las clases de yoga en Palencia Cardenal Cisneros, contamos con un equipo de Instructores dedicados a tu bienestar.\" \/>\n<meta name=\"robots\" content=\"index, follow, max-snippet:-1, max-image-preview:large, max-video-preview:-1\" \/>\n<link rel=\"canonical\" href=\"https:\/\/spartasportcenter.com\/palencia-cardenal-cisneros\/yoga\/\" \/>\n<meta property=\"og:locale\" content=\"es_ES\" \/>\n<meta property=\"og:type\" content=\"article\" \/>\n<meta property=\"og:title\" content=\"Yoga Palencia Cardenal Cisneros | Sparta Sport Center\" \/>\n<meta property=\"og:description\" content=\"Inscr\u00edbete y disfruta de las clases de yoga en Palencia Cardenal Cisneros, contamos con un equipo de Instructores dedicados a tu bienestar.\" \/>\n<meta property=\"og:url\" content=\"https:\/\/spartasportcenter.com\/palencia-cardenal-cisneros\/yoga\/\" \/>\n<meta property=\"og:site_name\" content=\"Sparta Sport Center Palencia cardenal cisneros\" \/>\n<meta property=\"article:modified_time\" content=\"2025-05-27T10:28:28+00:00\" \/>\n<meta property=\"og:image\" content=\"https:\/\/spartasportcenter.com\/palencia-cardenal-cisneros\/wp-content\/uploads\/2024\/07\/yoga-palencia.webp\" \/>\n\t<meta property=\"og:image:width\" content=\"2000\" \/>\n\t<meta property=\"og:image:height\" content=\"1333\" \/>\n\t<meta property=\"og:image:type\" content=\"image\/webp\" \/>\n<meta name=\"twitter:card\" content=\"summary_large_image\" \/>\n<meta name=\"twitter:label1\" content=\"Tiempo de lectura\" \/>\n\t<meta name=\"twitter:data1\" content=\"3 minutos\" \/>\n<script type=\"application\/ld+json\" class=\"yoast-schema-graph\">{\"@context\":\"https:\\\/\\\/schema.org\",\"@graph\":[{\"@type\":\"WebPage\",\"@id\":\"https:\\\/\\\/spartasportcenter.com\\\/palencia-cardenal-cisneros\\\/yoga\\\/\",\"url\":\"https:\\\/\\\/spartasportcenter.com\\\/palencia-cardenal-cisneros\\\/yoga\\\/\",\"name\":\"Yoga Palencia Cardenal Cisneros | Sparta Sport Center\",\"isPartOf\":{\"@id\":\"https:\\\/\\\/spartasportcenter.com\\\/palencia-cardenal-cisneros\\\/#website\"},\"primaryImageOfPage\":{\"@id\":\"https:\\\/\\\/spartasportcenter.com\\\/palencia-cardenal-cisneros\\\/yoga\\\/#primaryimage\"},\"image\":{\"@id\":\"https:\\\/\\\/spartasportcenter.com\\\/palencia-cardenal-cisneros\\\/yoga\\\/#primaryimage\"},\"thumbnailUrl\":\"https:\\\/\\\/spartasportcenter.com\\\/palencia-cardenal-cisneros\\\/wp-content\\\/uploads\\\/2024\\\/07\\\/yoga-palencia.webp\",\"datePublished\":\"2018-08-20T15:59:41+00:00\",\"dateModified\":\"2025-05-27T10:28:28+00:00\",\"description\":\"Inscr\u00edbete y disfruta de las clases de yoga en Palencia Cardenal Cisneros, contamos con un equipo de Instructores dedicados a tu bienestar.\",\"breadcrumb\":{\"@id\":\"https:\\\/\\\/spartasportcenter.com\\\/palencia-cardenal-cisneros\\\/yoga\\\/#breadcrumb\"},\"inLanguage\":\"es\",\"potentialAction\":[{\"@type\":\"ReadAction\",\"target\":[\"https:\\\/\\\/spartasportcenter.com\\\/palencia-cardenal-cisneros\\\/yoga\\\/\"]}]},{\"@type\":\"ImageObject\",\"inLanguage\":\"es\",\"@id\":\"https:\\\/\\\/spartasportcenter.com\\\/palencia-cardenal-cisneros\\\/yoga\\\/#primaryimage\",\"url\":\"https:\\\/\\\/spartasportcenter.com\\\/palencia-cardenal-cisneros\\\/wp-content\\\/uploads\\\/2024\\\/07\\\/yoga-palencia.webp\",\"contentUrl\":\"https:\\\/\\\/spartasportcenter.com\\\/palencia-cardenal-cisneros\\\/wp-content\\\/uploads\\\/2024\\\/07\\\/yoga-palencia.webp\",\"width\":2000,\"height\":1333,\"caption\":\"yoga palencia\"},{\"@type\":\"BreadcrumbList\",\"@id\":\"https:\\\/\\\/spartasportcenter.com\\\/palencia-cardenal-cisneros\\\/yoga\\\/#breadcrumb\",\"itemListElement\":[{\"@type\":\"ListItem\",\"position\":1,\"name\":\"Portada\",\"item\":\"https:\\\/\\\/spartasportcenter.com\\\/palencia-cardenal-cisneros\\\/\"},{\"@type\":\"ListItem\",\"position\":2,\"name\":\"Yoga Palencia Cardenal Cisneros\"}]},{\"@type\":\"WebSite\",\"@id\":\"https:\\\/\\\/spartasportcenter.com\\\/palencia-cardenal-cisneros\\\/#website\",\"url\":\"https:\\\/\\\/spartasportcenter.com\\\/palencia-cardenal-cisneros\\\/\",\"name\":\"Sparta Sport Center Palencia cardenal cisneros\",\"description\":\"Gimnasios en Cuenca\",\"potentialAction\":[{\"@type\":\"SearchAction\",\"target\":{\"@type\":\"EntryPoint\",\"urlTemplate\":\"https:\\\/\\\/spartasportcenter.com\\\/palencia-cardenal-cisneros\\\/?s={search_term_string}\"},\"query-input\":{\"@type\":\"PropertyValueSpecification\",\"valueRequired\":true,\"valueName\":\"search_term_string\"}}],\"inLanguage\":\"es\"}]}<\/script>\n<!-- \/ Yoast SEO plugin. -->","yoast_head_json":{"title":"Yoga Palencia Cardenal Cisneros | Sparta Sport Center","description":"Inscr\u00edbete y disfruta de las clases de yoga en Palencia Cardenal Cisneros, contamos con un equipo de Instructores dedicados a tu bienestar.","robots":{"index":"index","follow":"follow","max-snippet":"max-snippet:-1","max-image-preview":"max-image-preview:large","max-video-preview":"max-video-preview:-1"},"canonical":"https:\/\/spartasportcenter.com\/palencia-cardenal-cisneros\/yoga\/","og_locale":"es_ES","og_type":"article","og_title":"Yoga Palencia Cardenal Cisneros | Sparta Sport Center","og_description":"Inscr\u00edbete y disfruta de las clases de yoga en Palencia Cardenal Cisneros, contamos con un equipo de Instructores dedicados a tu bienestar.","og_url":"https:\/\/spartasportcenter.com\/palencia-cardenal-cisneros\/yoga\/","og_site_name":"Sparta Sport Center Palencia cardenal cisneros","article_modified_time":"2025-05-27T10:28:28+00:00","og_image":[{"width":2000,"height":1333,"url":"https:\/\/spartasportcenter.com\/palencia-cardenal-cisneros\/wp-content\/uploads\/2024\/07\/yoga-palencia.webp","type":"image\/webp"}],"twitter_card":"summary_large_image","twitter_misc":{"Tiempo de lectura":"3 minutos"},"schema":{"@context":"https:\/\/schema.org","@graph":[{"@type":"WebPage","@id":"https:\/\/spartasportcenter.com\/palencia-cardenal-cisneros\/yoga\/","url":"https:\/\/spartasportcenter.com\/palencia-cardenal-cisneros\/yoga\/","name":"Yoga Palencia Cardenal Cisneros | Sparta Sport Center","isPartOf":{"@id":"https:\/\/spartasportcenter.com\/palencia-cardenal-cisneros\/#website"},"primaryImageOfPage":{"@id":"https:\/\/spartasportcenter.com\/palencia-cardenal-cisneros\/yoga\/#primaryimage"},"image":{"@id":"https:\/\/spartasportcenter.com\/palencia-cardenal-cisneros\/yoga\/#primaryimage"},"thumbnailUrl":"https:\/\/spartasportcenter.com\/palencia-cardenal-cisneros\/wp-content\/uploads\/2024\/07\/yoga-palencia.webp","datePublished":"2018-08-20T15:59:41+00:00","dateModified":"2025-05-27T10:28:28+00:00","description":"Inscr\u00edbete y disfruta de las clases de yoga en Palencia Cardenal Cisneros, contamos con un equipo de Instructores dedicados a tu bienestar.","breadcrumb":{"@id":"https:\/\/spartasportcenter.com\/palencia-cardenal-cisneros\/yoga\/#breadcrumb"},"inLanguage":"es","potentialAction":[{"@type":"ReadAction","target":["https:\/\/spartasportcenter.com\/palencia-cardenal-cisneros\/yoga\/"]}]},{"@type":"ImageObject","inLanguage":"es","@id":"https:\/\/spartasportcenter.com\/palencia-cardenal-cisneros\/yoga\/#primaryimage","url":"https:\/\/spartasportcenter.com\/palencia-cardenal-cisneros\/wp-content\/uploads\/2024\/07\/yoga-palencia.webp","contentUrl":"https:\/\/spartasportcenter.com\/palencia-cardenal-cisneros\/wp-content\/uploads\/2024\/07\/yoga-palencia.webp","width":2000,"height":1333,"caption":"yoga palencia"},{"@type":"BreadcrumbList","@id":"https:\/\/spartasportcenter.com\/palencia-cardenal-cisneros\/yoga\/#breadcrumb","itemListElement":[{"@type":"ListItem","position":1,"name":"Portada","item":"https:\/\/spartasportcenter.com\/palencia-cardenal-cisneros\/"},{"@type":"ListItem","position":2,"name":"Yoga Palencia Cardenal Cisneros"}]},{"@type":"WebSite","@id":"https:\/\/spartasportcenter.com\/palencia-cardenal-cisneros\/#website","url":"https:\/\/spartasportcenter.com\/palencia-cardenal-cisneros\/","name":"Sparta Sport Center Palencia cardenal cisneros","description":"Gimnasios en Cuenca","potentialAction":[{"@type":"SearchAction","target":{"@type":"EntryPoint","urlTemplate":"https:\/\/spartasportcenter.com\/palencia-cardenal-cisneros\/?s={search_term_string}"},"query-input":{"@type":"PropertyValueSpecification","valueRequired":true,"valueName":"search_term_string"}}],"inLanguage":"es"}]}},"_links":{"self":[{"href":"https:\/\/spartasportcenter.com\/palencia-cardenal-cisneros\/wp-json\/wp\/v2\/pages\/206563","targetHints":{"allow":["GET"]}}],"collection":[{"href":"https:\/\/spartasportcenter.com\/palencia-cardenal-cisneros\/wp-json\/wp\/v2\/pages"}],"about":[{"href":"https:\/\/spartasportcenter.com\/palencia-cardenal-cisneros\/wp-json\/wp\/v2\/types\/page"}],"author":[{"embeddable":true,"href":"https:\/\/spartasportcenter.com\/palencia-cardenal-cisneros\/wp-json\/wp\/v2\/users\/1"}],"replies":[{"embeddable":true,"href":"https:\/\/spartasportcenter.com\/palencia-cardenal-cisneros\/wp-json\/wp\/v2\/comments?post=206563"}],"version-history":[{"count":25,"href":"https:\/\/spartasportcenter.com\/palencia-cardenal-cisneros\/wp-json\/wp\/v2\/pages\/206563\/revisions"}],"predecessor-version":[{"id":220592,"href":"https:\/\/spartasportcenter.com\/palencia-cardenal-cisneros\/wp-json\/wp\/v2\/pages\/206563\/revisions\/220592"}],"wp:featuredmedia":[{"embeddable":true,"href":"https:\/\/spartasportcenter.com\/palencia-cardenal-cisneros\/wp-json\/wp\/v2\/media\/220376"}],"wp:attachment":[{"href":"https:\/\/spartasportcenter.com\/palencia-cardenal-cisneros\/wp-json\/wp\/v2\/media?parent=206563"}],"curies":[{"name":"wp","href":"https:\/\/api.w.org\/{rel}","templated":true}]}}