{"id":215994,"date":"2021-07-29T09:22:37","date_gmt":"2021-07-29T07:22:37","guid":{"rendered":"https:\/\/spartasportcenter.com\/cuenca\/?page_id=215994"},"modified":"2025-05-19T16:28:54","modified_gmt":"2025-05-19T14:28:54","slug":"body-balance","status":"publish","type":"page","link":"https:\/\/spartasportcenter.com\/palencia-calle-mayor\/body-balance\/","title":{"rendered":"Body Balance Palencia calle Mayor"},"content":{"rendered":"<p>[et_pb_section fb_built=\u00bb1&#8243; custom_padding_last_edited=\u00bbon|phone\u00bb disabled_on=\u00bboff|off|off\u00bb _builder_version=\u00bb4.16&#8243; background_color=\u00bb#262626&#8243; background_enable_image=\u00bboff\u00bb custom_margin=\u00bb||||false|false\u00bb custom_padding=\u00bb80px|0px|0px|0px|false|false\u00bb custom_padding_tablet=\u00bb\u00bb custom_padding_phone=\u00bb30px||50px||false|false\u00bb global_colors_info=\u00bb{}\u00bb][et_pb_row column_structure=\u00bb1_3,2_3&#8243; custom_padding_last_edited=\u00bbon|desktop\u00bb _builder_version=\u00bb4.16&#8243; _module_preset=\u00bbdefault\u00bb custom_padding=\u00bb0px||||false|false\u00bb custom_padding_tablet=\u00bb\u00bb custom_padding_phone=\u00bb0px||||false|false\u00bb global_colors_info=\u00bb{}\u00bb][et_pb_column type=\u00bb1_3&#8243; _builder_version=\u00bb4.16&#8243; _module_preset=\u00bbdefault\u00bb global_colors_info=\u00bb{}\u00bb][et_pb_text _builder_version=\u00bb4.27.0&#8243; text_font=\u00bb||||||||\u00bb header_font=\u00bb||||||||\u00bb header_text_align=\u00bbcenter\u00bb header_2_font=\u00bb|300||on|||||\u00bb header_2_text_align=\u00bbright\u00bb header_2_font_size=\u00bb29px\u00bb custom_margin=\u00bb||0px||false|false\u00bb custom_padding=\u00bb|15%|0px||false|false\u00bb header_2_text_align_tablet=\u00bb\u00bb header_2_text_align_phone=\u00bbleft\u00bb header_2_text_align_last_edited=\u00bbon|phone\u00bb header_2_font_size_tablet=\u00bb51px\u00bb header_2_font_size_phone=\u00bb25px\u00bb header_2_font_size_last_edited=\u00bbon|phone\u00bb border_width_right=\u00bb2px\u00bb border_color_right=\u00bb#cccccc\u00bb border_width_right_tablet=\u00bb\u00bb border_width_right_phone=\u00bb0px\u00bb border_width_right_last_edited=\u00bbon|phone\u00bb locked=\u00bboff\u00bb global_colors_info=\u00bb{}\u00bb]<\/p>\n<h2>Clases de body balance en Palencia calle Mayor<\/h2>\n<p>[\/et_pb_text][\/et_pb_column][et_pb_column type=\u00bb2_3&#8243; _builder_version=\u00bb4.16&#8243; _module_preset=\u00bbdefault\u00bb global_colors_info=\u00bb{}\u00bb][et_pb_text _builder_version=\u00bb4.27.4&#8243; text_font=\u00bb|300|||||||\u00bb text_text_color=\u00bb#cccccc\u00bb text_line_height=\u00bb1.1em\u00bb header_font=\u00bb|300|||||||\u00bb header_2_font=\u00bb|300||on|||||\u00bb header_2_text_color=\u00bb#cccccc\u00bb header_2_font_size=\u00bb36px\u00bb header_2_letter_spacing=\u00bb2px\u00bb background_layout=\u00bbdark\u00bb hover_enabled=\u00bb0&#8243; global_colors_info=\u00bb{}\u00bb sticky_enabled=\u00bb0&#8243;]<\/p>\n<p><span style=\"font-weight: 400;\">En nuestro gimnasio, ofrecemos una disciplina que transforma: el Body Balance, una <\/span><b>combinaci\u00f3n armoniosa de<\/b> <b>yoga, pilates y tai chi<\/b><span style=\"font-weight: 400;\">, creada para ayudarte a recuperar tu equilibrio f\u00edsico y emocional. Cada clase es una invitaci\u00f3n a desconectar del exterior y reconectar contigo.<\/span><\/p>\n<p><span style=\"font-weight: 400;\">Guiado por nuestros instructores especializados, practicas movimientos suaves, fluidos y controlados que mejoran tu flexibilidad, fuerza, control postural y concentraci\u00f3n, todo ello acompa\u00f1ado de m\u00fasica relajante y respiraci\u00f3n consciente.<\/span><\/p>\n<p><b>No importa tu nivel de experiencia.<\/b><span style=\"font-weight: 400;\"> Nuestras sesiones est\u00e1n pensadas para que cualquier persona, desde quien nunca ha hecho una clase similar hasta quien ya domina estas disciplinas, pueda sacar el m\u00e1ximo provecho de cada sesi\u00f3n.<\/span><\/p>\n<p>[\/et_pb_text][\/et_pb_column][\/et_pb_row][et_pb_row column_structure=\u00bb1_3,2_3&#8243; custom_padding_last_edited=\u00bbon|phone\u00bb _builder_version=\u00bb4.16&#8243; _module_preset=\u00bbdefault\u00bb custom_margin=\u00bb||0px||false|false\u00bb custom_padding=\u00bb||||false|false\u00bb custom_padding_tablet=\u00bb\u00bb custom_padding_phone=\u00bb0px||0px||false|false\u00bb global_colors_info=\u00bb{}\u00bb][et_pb_column type=\u00bb1_3&#8243; _builder_version=\u00bb4.16&#8243; _module_preset=\u00bbdefault\u00bb global_colors_info=\u00bb{}\u00bb][et_pb_text _builder_version=\u00bb4.24.2&#8243; text_font=\u00bb||||||||\u00bb header_font=\u00bb||||||||\u00bb header_text_align=\u00bbcenter\u00bb header_2_font=\u00bb|300||on|||||\u00bb header_2_text_align=\u00bbright\u00bb header_2_font_size=\u00bb29px\u00bb custom_margin=\u00bb||0px||false|false\u00bb custom_padding=\u00bb|15%|0px||false|false\u00bb header_2_text_align_tablet=\u00bb\u00bb header_2_text_align_phone=\u00bbleft\u00bb header_2_text_align_last_edited=\u00bbon|phone\u00bb header_2_font_size_tablet=\u00bb51px\u00bb header_2_font_size_phone=\u00bb25px\u00bb header_2_font_size_last_edited=\u00bbon|phone\u00bb border_width_right=\u00bb2px\u00bb border_color_right=\u00bb#cccccc\u00bb border_width_right_tablet=\u00bb\u00bb border_width_right_phone=\u00bb0px\u00bb border_width_right_last_edited=\u00bbon|phone\u00bb locked=\u00bboff\u00bb global_colors_info=\u00bb{}\u00bb]<\/p>\n<h2>Beneficios del Body Balance en Palencia calle Mayor<\/h2>\n<p>[\/et_pb_text][\/et_pb_column][et_pb_column type=\u00bb2_3&#8243; _builder_version=\u00bb4.16&#8243; _module_preset=\u00bbdefault\u00bb global_colors_info=\u00bb{}\u00bb][et_pb_text _builder_version=\u00bb4.27.4&#8243; text_font=\u00bb|300|||||||\u00bb text_text_color=\u00bb#cccccc\u00bb text_line_height=\u00bb1.1em\u00bb header_font=\u00bb|300|||||||\u00bb header_2_font=\u00bb|300||on|||||\u00bb header_2_text_color=\u00bb#cccccc\u00bb header_2_font_size=\u00bb36px\u00bb header_2_letter_spacing=\u00bb2px\u00bb background_layout=\u00bbdark\u00bb hover_enabled=\u00bb0&#8243; global_colors_info=\u00bb{}\u00bb sticky_enabled=\u00bb0&#8243;]<\/p>\n<p><span style=\"font-weight: 400;\">Cuando te unes a nuestras clases, empiezas a notar cambios reales en tu d\u00eda a d\u00eda:<\/span><\/p>\n<ul>\n<li style=\"font-weight: 400;\" aria-level=\"1\"><span style=\"font-weight: 400;\">Mejor postura y alivio de dolores musculares, especialmente en la espalda.<\/span><\/li>\n<li style=\"font-weight: 400;\" aria-level=\"1\"><span style=\"font-weight: 400;\">Mayor flexibilidad y fuerza muscular, sin impacto.<\/span><\/li>\n<li style=\"font-weight: 400;\" aria-level=\"1\"><span style=\"font-weight: 400;\">Reducci\u00f3n del estr\u00e9s y la ansiedad, gracias a t\u00e9cnicas de respiraci\u00f3n y meditaci\u00f3n.<\/span><\/li>\n<li style=\"font-weight: 400;\" aria-level=\"1\"><span style=\"font-weight: 400;\">M\u00e1s coordinaci\u00f3n y concentraci\u00f3n, entrenando cuerpo y mente al mismo tiempo.<\/span><\/li>\n<li style=\"font-weight: 400;\" aria-level=\"1\"><span style=\"font-weight: 400;\">Sensaci\u00f3n de paz interior, que se prolonga incluso despu\u00e9s de salir del gimnasio.<\/span><\/li>\n<\/ul>\n<p><span style=\"font-weight: 400;\">Adem\u00e1s de los beneficios f\u00edsicos, el Body Balance es una herramienta poderosa para el <\/span><b>bienestar emocional<\/b><span style=\"font-weight: 400;\">. Es tu espacio para respirar, soltar, recargar energ\u00eda y reconectar con lo que de verdad importa.<\/span><\/p>\n<p>[\/et_pb_text][\/et_pb_column][\/et_pb_row][\/et_pb_section][et_pb_section fb_built=\u00bb1&#8243; custom_padding_last_edited=\u00bbon|phone\u00bb _builder_version=\u00bb4.16&#8243; _module_preset=\u00bbdefault\u00bb background_color=\u00bb#262626&#8243; custom_padding=\u00bb0px||50px||false|false\u00bb custom_padding_tablet=\u00bb\u00bb custom_padding_phone=\u00bb||30px||false|false\u00bb global_colors_info=\u00bb{}\u00bb][et_pb_row column_structure=\u00bb1_3,2_3&#8243; custom_padding_last_edited=\u00bbon|phone\u00bb _builder_version=\u00bb4.16&#8243; _module_preset=\u00bbdefault\u00bb custom_padding_tablet=\u00bb\u00bb custom_padding_phone=\u00bb0px||0px||false|false\u00bb global_colors_info=\u00bb{}\u00bb][et_pb_column type=\u00bb1_3&#8243; _builder_version=\u00bb4.16&#8243; _module_preset=\u00bbdefault\u00bb global_colors_info=\u00bb{}\u00bb][et_pb_text _builder_version=\u00bb4.26.1&#8243; text_font=\u00bb||||||||\u00bb header_font=\u00bb||||||||\u00bb header_text_align=\u00bbcenter\u00bb header_2_font=\u00bb|300||on|||||\u00bb header_2_text_align=\u00bbright\u00bb header_2_font_size=\u00bb29px\u00bb custom_margin=\u00bb||0px||false|false\u00bb custom_padding=\u00bb|15%|0px||false|false\u00bb header_2_text_align_tablet=\u00bb\u00bb header_2_text_align_phone=\u00bbleft\u00bb header_2_text_align_last_edited=\u00bbon|phone\u00bb header_2_font_size_tablet=\u00bb51px\u00bb header_2_font_size_phone=\u00bb25px\u00bb header_2_font_size_last_edited=\u00bbon|phone\u00bb border_width_right=\u00bb2px\u00bb border_color_right=\u00bb#cccccc\u00bb border_width_right_tablet=\u00bb\u00bb border_width_right_phone=\u00bb0px\u00bb border_width_right_last_edited=\u00bbon|phone\u00bb locked=\u00bboff\u00bb global_colors_info=\u00bb{}\u00bb]<\/p>\n<h2>Por qu\u00e9 Body Balance en Sparta Sport Center Palencia calle Mayor<\/h2>\n<p>[\/et_pb_text][\/et_pb_column][et_pb_column type=\u00bb2_3&#8243; _builder_version=\u00bb4.16&#8243; _module_preset=\u00bbdefault\u00bb global_colors_info=\u00bb{}\u00bb][et_pb_text _builder_version=\u00bb4.27.4&#8243; text_font=\u00bb|300|||||||\u00bb text_text_color=\u00bb#cccccc\u00bb text_line_height=\u00bb1.1em\u00bb header_font=\u00bb|300|||||||\u00bb header_2_font=\u00bb|300||on|||||\u00bb header_2_text_color=\u00bb#cccccc\u00bb header_2_font_size=\u00bb36px\u00bb header_2_letter_spacing=\u00bb2px\u00bb background_layout=\u00bbdark\u00bb hover_enabled=\u00bb0&#8243; global_colors_info=\u00bb{}\u00bb sticky_enabled=\u00bb0&#8243;]<\/p>\n<p><span style=\"font-weight: 400;\">Porque aqu\u00ed no vienes solo a entrenar, vienes a <\/span><b>cuidarte de forma integral<\/b><span style=\"font-weight: 400;\">.<\/span><\/p>\n<ul>\n<li style=\"font-weight: 400;\" aria-level=\"1\"><span style=\"font-weight: 400;\">Ambiente tranquilo y armonioso, ideal para desconectar del ritmo diario.<\/span><\/li>\n<li style=\"font-weight: 400;\" aria-level=\"1\"><span style=\"font-weight: 400;\">Salas perfectamente equipadas, con todo lo necesario para que te sientas c\u00f3modo y seguro.<\/span><\/li>\n<li style=\"font-weight: 400;\" aria-level=\"1\"><span style=\"font-weight: 400;\">Instructores con formaci\u00f3n espec\u00edfica, comprometidos en guiarte paso a paso, respetando tus l\u00edmites y celebrando cada avance.<\/span><\/li>\n<li style=\"font-weight: 400;\" aria-level=\"1\"><span style=\"font-weight: 400;\">Horarios flexibles, para que puedas encontrar el momento perfecto, ya sea por la ma\u00f1ana o al terminar el d\u00eda.<\/span><\/li>\n<\/ul>\n<p><span style=\"font-weight: 400;\">En Sparta Sport Center, <\/span><b>creamos experiencias que te transforman desde el interior<\/b><span style=\"font-weight: 400;\">. El Body Balance es una de ellas. Reg\u00e1late un momento de equilibrio, calma y conexi\u00f3n. Te esperamos en Sparta Sport Center Palencia calle Mayor para comenzar este viaje hacia una versi\u00f3n m\u00e1s fuerte, flexible y serena de ti mismo. \u00a1Nos vemos en la sala!<\/span><\/p>\n<p>[\/et_pb_text][\/et_pb_column][\/et_pb_row][\/et_pb_section]<\/p>\n","protected":false},"excerpt":{"rendered":"<p>Clases de body balance en Palencia calle MayorEn nuestro gimnasio, ofrecemos una disciplina que transforma: el Body Balance, una combinaci\u00f3n armoniosa de yoga, pilates y tai chi, creada para ayudarte a recuperar tu equilibrio f\u00edsico y emocional. Cada clase es una invitaci\u00f3n a desconectar del exterior y reconectar contigo. Guiado por nuestros instructores especializados, practicas [&hellip;]<\/p>\n","protected":false},"author":1,"featured_media":220366,"parent":0,"menu_order":0,"comment_status":"closed","ping_status":"closed","template":"","meta":{"_et_pb_use_builder":"on","_et_pb_old_content":"","_et_gb_content_width":"","footnotes":""},"class_list":["post-215994","page","type-page","status-publish","has-post-thumbnail","hentry"],"yoast_head":"<!-- This site is optimized with the Yoast SEO plugin v27.4 - https:\/\/yoast.com\/product\/yoast-seo-wordpress\/ -->\n<title>Body Balance en Palencia calle Mayor | Sparta<\/title>\n<meta name=\"description\" content=\"Inscr\u00edbete y disfruta de las clases de Body Balance en Palencia calle Mayor, contamos con un equipo de instructores para tu bienestar.\" \/>\n<meta name=\"robots\" content=\"index, follow, max-snippet:-1, max-image-preview:large, max-video-preview:-1\" \/>\n<link rel=\"canonical\" href=\"https:\/\/spartasportcenter.com\/palencia-calle-mayor\/body-balance\/\" \/>\n<meta property=\"og:locale\" content=\"es_ES\" \/>\n<meta property=\"og:type\" content=\"article\" \/>\n<meta property=\"og:title\" content=\"Body Balance en Palencia calle Mayor | Sparta\" \/>\n<meta property=\"og:description\" content=\"Inscr\u00edbete y disfruta de las clases de Body Balance en Palencia calle Mayor, contamos con un equipo de instructores para tu bienestar.\" \/>\n<meta property=\"og:url\" content=\"https:\/\/spartasportcenter.com\/palencia-calle-mayor\/body-balance\/\" \/>\n<meta property=\"og:site_name\" content=\"Sparta Sport Center Palencia calle mayor\" \/>\n<meta property=\"article:modified_time\" content=\"2025-05-19T14:28:54+00:00\" \/>\n<meta property=\"og:image\" content=\"https:\/\/spartasportcenter.com\/palencia-calle-mayor\/wp-content\/uploads\/2024\/07\/body-balance-palencia-calle-mayor.webp\" \/>\n\t<meta property=\"og:image:width\" content=\"2000\" \/>\n\t<meta property=\"og:image:height\" content=\"1333\" \/>\n\t<meta property=\"og:image:type\" content=\"image\/webp\" \/>\n<meta name=\"twitter:card\" content=\"summary_large_image\" \/>\n<meta name=\"twitter:label1\" content=\"Tiempo de lectura\" \/>\n\t<meta name=\"twitter:data1\" content=\"3 minutos\" \/>\n<script type=\"application\/ld+json\" class=\"yoast-schema-graph\">{\"@context\":\"https:\\\/\\\/schema.org\",\"@graph\":[{\"@type\":\"WebPage\",\"@id\":\"https:\\\/\\\/spartasportcenter.com\\\/palencia-calle-mayor\\\/body-balance\\\/\",\"url\":\"https:\\\/\\\/spartasportcenter.com\\\/palencia-calle-mayor\\\/body-balance\\\/\",\"name\":\"Body Balance en Palencia calle Mayor | Sparta\",\"isPartOf\":{\"@id\":\"https:\\\/\\\/spartasportcenter.com\\\/palencia-calle-mayor\\\/#website\"},\"primaryImageOfPage\":{\"@id\":\"https:\\\/\\\/spartasportcenter.com\\\/palencia-calle-mayor\\\/body-balance\\\/#primaryimage\"},\"image\":{\"@id\":\"https:\\\/\\\/spartasportcenter.com\\\/palencia-calle-mayor\\\/body-balance\\\/#primaryimage\"},\"thumbnailUrl\":\"https:\\\/\\\/spartasportcenter.com\\\/palencia-calle-mayor\\\/wp-content\\\/uploads\\\/2024\\\/07\\\/body-balance-palencia-calle-mayor.webp\",\"datePublished\":\"2021-07-29T07:22:37+00:00\",\"dateModified\":\"2025-05-19T14:28:54+00:00\",\"description\":\"Inscr\u00edbete y disfruta de las clases de Body Balance en Palencia calle Mayor, contamos con un equipo de instructores para tu bienestar.\",\"breadcrumb\":{\"@id\":\"https:\\\/\\\/spartasportcenter.com\\\/palencia-calle-mayor\\\/body-balance\\\/#breadcrumb\"},\"inLanguage\":\"es\",\"potentialAction\":[{\"@type\":\"ReadAction\",\"target\":[\"https:\\\/\\\/spartasportcenter.com\\\/palencia-calle-mayor\\\/body-balance\\\/\"]}]},{\"@type\":\"ImageObject\",\"inLanguage\":\"es\",\"@id\":\"https:\\\/\\\/spartasportcenter.com\\\/palencia-calle-mayor\\\/body-balance\\\/#primaryimage\",\"url\":\"https:\\\/\\\/spartasportcenter.com\\\/palencia-calle-mayor\\\/wp-content\\\/uploads\\\/2024\\\/07\\\/body-balance-palencia-calle-mayor.webp\",\"contentUrl\":\"https:\\\/\\\/spartasportcenter.com\\\/palencia-calle-mayor\\\/wp-content\\\/uploads\\\/2024\\\/07\\\/body-balance-palencia-calle-mayor.webp\",\"width\":2000,\"height\":1333,\"caption\":\"body balance palencia calle mayor\"},{\"@type\":\"BreadcrumbList\",\"@id\":\"https:\\\/\\\/spartasportcenter.com\\\/palencia-calle-mayor\\\/body-balance\\\/#breadcrumb\",\"itemListElement\":[{\"@type\":\"ListItem\",\"position\":1,\"name\":\"Portada\",\"item\":\"https:\\\/\\\/spartasportcenter.com\\\/palencia-calle-mayor\\\/\"},{\"@type\":\"ListItem\",\"position\":2,\"name\":\"Body Balance Palencia calle Mayor\"}]},{\"@type\":\"WebSite\",\"@id\":\"https:\\\/\\\/spartasportcenter.com\\\/palencia-calle-mayor\\\/#website\",\"url\":\"https:\\\/\\\/spartasportcenter.com\\\/palencia-calle-mayor\\\/\",\"name\":\"Sparta Sport Center Palencia calle mayor\",\"description\":\"Gimnasios en Cuenca\",\"potentialAction\":[{\"@type\":\"SearchAction\",\"target\":{\"@type\":\"EntryPoint\",\"urlTemplate\":\"https:\\\/\\\/spartasportcenter.com\\\/palencia-calle-mayor\\\/?s={search_term_string}\"},\"query-input\":{\"@type\":\"PropertyValueSpecification\",\"valueRequired\":true,\"valueName\":\"search_term_string\"}}],\"inLanguage\":\"es\"}]}<\/script>\n<!-- \/ Yoast SEO plugin. -->","yoast_head_json":{"title":"Body Balance en Palencia calle Mayor | Sparta","description":"Inscr\u00edbete y disfruta de las clases de Body Balance en Palencia calle Mayor, contamos con un equipo de instructores para tu bienestar.","robots":{"index":"index","follow":"follow","max-snippet":"max-snippet:-1","max-image-preview":"max-image-preview:large","max-video-preview":"max-video-preview:-1"},"canonical":"https:\/\/spartasportcenter.com\/palencia-calle-mayor\/body-balance\/","og_locale":"es_ES","og_type":"article","og_title":"Body Balance en Palencia calle Mayor | Sparta","og_description":"Inscr\u00edbete y disfruta de las clases de Body Balance en Palencia calle Mayor, contamos con un equipo de instructores para tu bienestar.","og_url":"https:\/\/spartasportcenter.com\/palencia-calle-mayor\/body-balance\/","og_site_name":"Sparta Sport Center Palencia calle mayor","article_modified_time":"2025-05-19T14:28:54+00:00","og_image":[{"width":2000,"height":1333,"url":"https:\/\/spartasportcenter.com\/palencia-calle-mayor\/wp-content\/uploads\/2024\/07\/body-balance-palencia-calle-mayor.webp","type":"image\/webp"}],"twitter_card":"summary_large_image","twitter_misc":{"Tiempo de lectura":"3 minutos"},"schema":{"@context":"https:\/\/schema.org","@graph":[{"@type":"WebPage","@id":"https:\/\/spartasportcenter.com\/palencia-calle-mayor\/body-balance\/","url":"https:\/\/spartasportcenter.com\/palencia-calle-mayor\/body-balance\/","name":"Body Balance en Palencia calle Mayor | Sparta","isPartOf":{"@id":"https:\/\/spartasportcenter.com\/palencia-calle-mayor\/#website"},"primaryImageOfPage":{"@id":"https:\/\/spartasportcenter.com\/palencia-calle-mayor\/body-balance\/#primaryimage"},"image":{"@id":"https:\/\/spartasportcenter.com\/palencia-calle-mayor\/body-balance\/#primaryimage"},"thumbnailUrl":"https:\/\/spartasportcenter.com\/palencia-calle-mayor\/wp-content\/uploads\/2024\/07\/body-balance-palencia-calle-mayor.webp","datePublished":"2021-07-29T07:22:37+00:00","dateModified":"2025-05-19T14:28:54+00:00","description":"Inscr\u00edbete y disfruta de las clases de Body Balance en Palencia calle Mayor, contamos con un equipo de instructores para tu bienestar.","breadcrumb":{"@id":"https:\/\/spartasportcenter.com\/palencia-calle-mayor\/body-balance\/#breadcrumb"},"inLanguage":"es","potentialAction":[{"@type":"ReadAction","target":["https:\/\/spartasportcenter.com\/palencia-calle-mayor\/body-balance\/"]}]},{"@type":"ImageObject","inLanguage":"es","@id":"https:\/\/spartasportcenter.com\/palencia-calle-mayor\/body-balance\/#primaryimage","url":"https:\/\/spartasportcenter.com\/palencia-calle-mayor\/wp-content\/uploads\/2024\/07\/body-balance-palencia-calle-mayor.webp","contentUrl":"https:\/\/spartasportcenter.com\/palencia-calle-mayor\/wp-content\/uploads\/2024\/07\/body-balance-palencia-calle-mayor.webp","width":2000,"height":1333,"caption":"body balance palencia calle mayor"},{"@type":"BreadcrumbList","@id":"https:\/\/spartasportcenter.com\/palencia-calle-mayor\/body-balance\/#breadcrumb","itemListElement":[{"@type":"ListItem","position":1,"name":"Portada","item":"https:\/\/spartasportcenter.com\/palencia-calle-mayor\/"},{"@type":"ListItem","position":2,"name":"Body Balance Palencia calle Mayor"}]},{"@type":"WebSite","@id":"https:\/\/spartasportcenter.com\/palencia-calle-mayor\/#website","url":"https:\/\/spartasportcenter.com\/palencia-calle-mayor\/","name":"Sparta Sport Center Palencia calle mayor","description":"Gimnasios en Cuenca","potentialAction":[{"@type":"SearchAction","target":{"@type":"EntryPoint","urlTemplate":"https:\/\/spartasportcenter.com\/palencia-calle-mayor\/?s={search_term_string}"},"query-input":{"@type":"PropertyValueSpecification","valueRequired":true,"valueName":"search_term_string"}}],"inLanguage":"es"}]}},"_links":{"self":[{"href":"https:\/\/spartasportcenter.com\/palencia-calle-mayor\/wp-json\/wp\/v2\/pages\/215994","targetHints":{"allow":["GET"]}}],"collection":[{"href":"https:\/\/spartasportcenter.com\/palencia-calle-mayor\/wp-json\/wp\/v2\/pages"}],"about":[{"href":"https:\/\/spartasportcenter.com\/palencia-calle-mayor\/wp-json\/wp\/v2\/types\/page"}],"author":[{"embeddable":true,"href":"https:\/\/spartasportcenter.com\/palencia-calle-mayor\/wp-json\/wp\/v2\/users\/1"}],"replies":[{"embeddable":true,"href":"https:\/\/spartasportcenter.com\/palencia-calle-mayor\/wp-json\/wp\/v2\/comments?post=215994"}],"version-history":[{"count":18,"href":"https:\/\/spartasportcenter.com\/palencia-calle-mayor\/wp-json\/wp\/v2\/pages\/215994\/revisions"}],"predecessor-version":[{"id":220528,"href":"https:\/\/spartasportcenter.com\/palencia-calle-mayor\/wp-json\/wp\/v2\/pages\/215994\/revisions\/220528"}],"wp:featuredmedia":[{"embeddable":true,"href":"https:\/\/spartasportcenter.com\/palencia-calle-mayor\/wp-json\/wp\/v2\/media\/220366"}],"wp:attachment":[{"href":"https:\/\/spartasportcenter.com\/palencia-calle-mayor\/wp-json\/wp\/v2\/media?parent=215994"}],"curies":[{"name":"wp","href":"https:\/\/api.w.org\/{rel}","templated":true}]}}