{"id":209780,"date":"2019-01-29T15:41:35","date_gmt":"2019-01-29T14:41:35","guid":{"rendered":"https:\/\/spartasportcenter.com\/pamplona\/?page_id=209780"},"modified":"2025-09-22T11:28:58","modified_gmt":"2025-09-22T09:28:58","slug":"nutricionista","status":"publish","type":"page","link":"https:\/\/spartasportcenter.com\/palencia-calle-mayor\/nutricionista\/","title":{"rendered":"Nutricionista Palencia calle Mayor"},"content":{"rendered":"<p>[et_pb_section fb_built=\u00bb1&#8243; custom_padding_last_edited=\u00bbon|phone\u00bb disabled_on=\u00bboff|off|off\u00bb _builder_version=\u00bb4.16&#8243; background_color=\u00bb#262626&#8243; background_enable_image=\u00bboff\u00bb custom_margin=\u00bb||||false|false\u00bb custom_padding=\u00bb80px|0px|0px|0px|false|false\u00bb custom_padding_tablet=\u00bb\u00bb custom_padding_phone=\u00bb30px||50px||false|false\u00bb global_colors_info=\u00bb{}\u00bb][et_pb_row column_structure=\u00bb1_3,2_3&#8243; custom_padding_last_edited=\u00bbon|desktop\u00bb _builder_version=\u00bb4.16&#8243; _module_preset=\u00bbdefault\u00bb custom_padding=\u00bb0px||||false|false\u00bb custom_padding_tablet=\u00bb\u00bb custom_padding_phone=\u00bb0px||||false|false\u00bb global_colors_info=\u00bb{}\u00bb][et_pb_column type=\u00bb1_3&#8243; _builder_version=\u00bb4.16&#8243; _module_preset=\u00bbdefault\u00bb global_colors_info=\u00bb{}\u00bb][et_pb_text _builder_version=\u00bb4.27.4&#8243; text_font=\u00bb||||||||\u00bb header_font=\u00bb||||||||\u00bb header_text_align=\u00bbcenter\u00bb header_2_font=\u00bb|300||on|||||\u00bb header_2_text_align=\u00bbright\u00bb header_2_font_size=\u00bb29px\u00bb custom_margin=\u00bb||0px||false|false\u00bb custom_padding=\u00bb|15%|0px||false|false\u00bb hover_enabled=\u00bb0&#8243; header_2_text_align_tablet=\u00bb\u00bb header_2_text_align_phone=\u00bbleft\u00bb header_2_text_align_last_edited=\u00bbon|phone\u00bb header_2_font_size_tablet=\u00bb51px\u00bb header_2_font_size_phone=\u00bb25px\u00bb header_2_font_size_last_edited=\u00bbon|phone\u00bb border_width_right=\u00bb2px\u00bb border_color_right=\u00bb#cccccc\u00bb border_width_right_tablet=\u00bb\u00bb border_width_right_phone=\u00bb0px\u00bb border_width_right_last_edited=\u00bbon|phone\u00bb locked=\u00bboff\u00bb global_colors_info=\u00bb{}\u00bb sticky_enabled=\u00bb0&#8243;]<\/p>\n<h2>Nutricionista en Palencia calle Mayor<\/h2>\n<p>[\/et_pb_text][\/et_pb_column][et_pb_column type=\u00bb2_3&#8243; _builder_version=\u00bb4.16&#8243; _module_preset=\u00bbdefault\u00bb global_colors_info=\u00bb{}\u00bb][et_pb_text _builder_version=\u00bb4.27.4&#8243; text_font=\u00bb|300|||||||\u00bb text_text_color=\u00bb#cccccc\u00bb text_line_height=\u00bb1.1em\u00bb header_font=\u00bb|300|||||||\u00bb header_2_font=\u00bb|300||on|||||\u00bb header_2_text_color=\u00bb#cccccc\u00bb header_2_font_size=\u00bb36px\u00bb header_2_letter_spacing=\u00bb2px\u00bb background_layout=\u00bbdark\u00bb global_colors_info=\u00bb{}\u00bb]<\/p>\n<p><span style=\"font-weight: 400;\">En Sparta Sport Center Palencia calle Mayor, sabemos que una buena alimentaci\u00f3n es la base de cualquier proceso de transformaci\u00f3n f\u00edsica y mental. Sin embargo, tambi\u00e9n entendemos que mantener una dieta equilibrada y adecuada no siempre es f\u00e1cil.\u00a0<\/span><\/p>\n<p><span style=\"font-weight: 400;\">En Sparta Sport Center tenemos un equipo de <\/span><b>dietistas nutricionistas titulados <\/b><span style=\"font-weight: 400;\">que te acompa\u00f1an con cercan\u00eda y profesionalidad en cada etapa de tu camino hacia un estilo de vida m\u00e1s saludable. Nuestro objetivo es que no te sientas solo: cuentas con un apoyo real, con personas expertas que entienden lo que necesitas.<\/span><\/p>\n<p>[\/et_pb_text][\/et_pb_column][\/et_pb_row][et_pb_row column_structure=\u00bb1_3,2_3&#8243; custom_padding_last_edited=\u00bbon|phone\u00bb _builder_version=\u00bb4.16&#8243; _module_preset=\u00bbdefault\u00bb custom_margin=\u00bb||0px||false|false\u00bb custom_padding=\u00bb||||false|false\u00bb custom_padding_tablet=\u00bb\u00bb custom_padding_phone=\u00bb0px||0px||false|false\u00bb global_colors_info=\u00bb{}\u00bb][et_pb_column type=\u00bb1_3&#8243; _builder_version=\u00bb4.16&#8243; _module_preset=\u00bbdefault\u00bb global_colors_info=\u00bb{}\u00bb][et_pb_text _builder_version=\u00bb4.27.4&#8243; text_font=\u00bb||||||||\u00bb header_font=\u00bb||||||||\u00bb header_text_align=\u00bbcenter\u00bb header_2_font=\u00bb|300||on|||||\u00bb header_2_text_align=\u00bbright\u00bb header_2_font_size=\u00bb29px\u00bb custom_margin=\u00bb||0px||false|false\u00bb custom_padding=\u00bb|15%|0px||false|false\u00bb hover_enabled=\u00bb0&#8243; header_2_text_align_tablet=\u00bb\u00bb header_2_text_align_phone=\u00bbleft\u00bb header_2_text_align_last_edited=\u00bbon|phone\u00bb header_2_font_size_tablet=\u00bb51px\u00bb header_2_font_size_phone=\u00bb25px\u00bb header_2_font_size_last_edited=\u00bbon|phone\u00bb border_width_right=\u00bb2px\u00bb border_color_right=\u00bb#cccccc\u00bb border_width_right_tablet=\u00bb\u00bb border_width_right_phone=\u00bb0px\u00bb border_width_right_last_edited=\u00bbon|phone\u00bb locked=\u00bboff\u00bb global_colors_info=\u00bb{}\u00bb sticky_enabled=\u00bb0&#8243;]<\/p>\n<h2>Planes personalizados de nutrici\u00f3n en Palencia calle Mayor<\/h2>\n<p>[\/et_pb_text][\/et_pb_column][et_pb_column type=\u00bb2_3&#8243; _builder_version=\u00bb4.16&#8243; _module_preset=\u00bbdefault\u00bb global_colors_info=\u00bb{}\u00bb][et_pb_text _builder_version=\u00bb4.27.4&#8243; text_font=\u00bb|300|||||||\u00bb text_text_color=\u00bb#cccccc\u00bb text_line_height=\u00bb1.1em\u00bb header_font=\u00bb|300|||||||\u00bb header_2_font=\u00bb|300||on|||||\u00bb header_2_text_color=\u00bb#cccccc\u00bb header_2_font_size=\u00bb36px\u00bb header_2_letter_spacing=\u00bb2px\u00bb background_layout=\u00bbdark\u00bb global_colors_info=\u00bb{}\u00bb]<\/p>\n<p><span style=\"font-weight: 400;\">En Sparta Sport Center, creemos firmemente que no existen soluciones universales. Cada persona tiene su propio ritmo, su contexto y su realidad. Por eso, nuestros nutricionistas en Palencia calle Mayor se enfocan en <\/span><b>crear planes alimenticios totalmente personalizados<\/b><span style=\"font-weight: 400;\">.<\/span><\/p>\n<p><span style=\"font-weight: 400;\">Antes de cualquier recomendaci\u00f3n, realizamos una evaluaci\u00f3n completa que incluye tus h\u00e1bitos actuales, tu actividad f\u00edsica, tu estado de salud, tus objetivos concretos y, por supuesto, tus gustos personales. El resultado es un plan que puedes seguir con motivaci\u00f3n, sin sentirlo como una imposici\u00f3n.<\/span><\/p>\n<p><span style=\"font-weight: 400;\">No se trata de contar calor\u00edas ni de pasar hambre, sino de aprender a comer de forma inteligente y sostenible. Aqu\u00ed, la nutrici\u00f3n no es un sacrificio: es una herramienta para ganar energ\u00eda, equilibrio y bienestar.<\/span><\/p>\n<p>[\/et_pb_text][\/et_pb_column][\/et_pb_row][\/et_pb_section][et_pb_section fb_built=\u00bb1&#8243; custom_padding_last_edited=\u00bbon|phone\u00bb _builder_version=\u00bb4.16&#8243; _module_preset=\u00bbdefault\u00bb background_color=\u00bb#262626&#8243; custom_padding=\u00bb0px||50px||false|false\u00bb custom_padding_tablet=\u00bb\u00bb custom_padding_phone=\u00bb||30px||false|false\u00bb global_colors_info=\u00bb{}\u00bb][et_pb_row column_structure=\u00bb1_3,2_3&#8243; custom_padding_last_edited=\u00bbon|phone\u00bb _builder_version=\u00bb4.16&#8243; _module_preset=\u00bbdefault\u00bb custom_padding_tablet=\u00bb\u00bb custom_padding_phone=\u00bb0px||0px||false|false\u00bb global_colors_info=\u00bb{}\u00bb][et_pb_column type=\u00bb1_3&#8243; _builder_version=\u00bb4.16&#8243; _module_preset=\u00bbdefault\u00bb global_colors_info=\u00bb{}\u00bb][et_pb_text _builder_version=\u00bb4.27.4&#8243; text_font=\u00bb||||||||\u00bb header_font=\u00bb||||||||\u00bb header_text_align=\u00bbcenter\u00bb header_2_font=\u00bb|300||on|||||\u00bb header_2_text_align=\u00bbright\u00bb header_2_font_size=\u00bb29px\u00bb header_2_letter_spacing=\u00bb-0.1px\u00bb custom_margin=\u00bb||0px||false|false\u00bb custom_padding=\u00bb|15%|0px||false|false\u00bb hover_enabled=\u00bb0&#8243; header_2_text_align_tablet=\u00bb\u00bb header_2_text_align_phone=\u00bbleft\u00bb header_2_text_align_last_edited=\u00bbon|phone\u00bb header_2_font_size_tablet=\u00bb51px\u00bb header_2_font_size_phone=\u00bb25px\u00bb header_2_font_size_last_edited=\u00bbon|phone\u00bb border_width_right=\u00bb2px\u00bb border_color_right=\u00bb#cccccc\u00bb border_width_right_tablet=\u00bb\u00bb border_width_right_phone=\u00bb0px\u00bb border_width_right_last_edited=\u00bbon|phone\u00bb locked=\u00bboff\u00bb global_colors_info=\u00bb{}\u00bb sticky_enabled=\u00bb0&#8243;]<\/p>\n<h2>Los mejores nutricionistas en Palencia calle Mayor<\/h2>\n<p>[\/et_pb_text][\/et_pb_column][et_pb_column type=\u00bb2_3&#8243; _builder_version=\u00bb4.16&#8243; _module_preset=\u00bbdefault\u00bb global_colors_info=\u00bb{}\u00bb][et_pb_text _builder_version=\u00bb4.27.4&#8243; text_font=\u00bb|300|||||||\u00bb text_text_color=\u00bb#cccccc\u00bb text_line_height=\u00bb1.1em\u00bb header_font=\u00bb|300|||||||\u00bb header_2_font=\u00bb|300||on|||||\u00bb header_2_text_color=\u00bb#cccccc\u00bb header_2_font_size=\u00bb36px\u00bb header_2_letter_spacing=\u00bb2px\u00bb background_layout=\u00bbdark\u00bb global_colors_info=\u00bb{}\u00bb]<\/p>\n<p><span style=\"font-weight: 400;\">Porque en Sparta Sport Center no te ofrecemos solo un servicio, te damos un acompa\u00f1amiento real y completo. Los nutricionistas trabajan mano a mano con los entrenadores personales y otros profesionales del gimnasio para ofrecerte un enfoque integral.<\/span><\/p>\n<p><span style=\"font-weight: 400;\">Esta coordinaci\u00f3n entre nutrici\u00f3n y entrenamiento garantiza que cada acci\u00f3n que tomes est\u00e9 orientada a resultados concretos y duraderos. Pero lo m\u00e1s importante es que nuestros profesionales no solo se centran en el f\u00edsico: tambi\u00e9n <\/span><b>te ayudan a construir una relaci\u00f3n sana con la comida y contigo mismo<\/b><span style=\"font-weight: 400;\">.<\/span><\/p>\n<p><span style=\"font-weight: 400;\">Aqu\u00ed no hay dietas restrictivas ni soluciones pasajeras. Lo que queremos para ti es un cambio de h\u00e1bitos s\u00f3lido, que puedas mantener en el tiempo sin renunciar a disfrutar de la vida.<\/span><\/p>\n<p>[\/et_pb_text][\/et_pb_column][\/et_pb_row][et_pb_row _builder_version=\u00bb4.16&#8243; custom_margin=\u00bb||5%||false|false\u00bb custom_padding=\u00bb||0px||false|false\u00bb locked=\u00bboff\u00bb global_colors_info=\u00bb{}\u00bb][et_pb_column type=\u00bb4_4&#8243; _builder_version=\u00bb4.16&#8243; global_colors_info=\u00bb{}\u00bb][et_pb_button button_url=\u00bbhttps:\/\/spartasportcenter.com\/palencia-calle-mayor\/wp-content\/uploads\/2025\/05\/nutricionista-en-sparta-sport-center-palencia.jpeg\u00bb url_new_window=\u00bbon\u00bb button_text=\u00bbDESCARGAR PDF INFORMATIVO\u00bb button_alignment=\u00bbcenter\u00bb _builder_version=\u00bb4.27.4&#8243; custom_button=\u00bbon\u00bb button_text_color=\u00bb#cccccc\u00bb button_border_width=\u00bb1px\u00bb button_border_color=\u00bb#cccccc\u00bb button_border_radius=\u00bb0px\u00bb button_letter_spacing=\u00bb1px\u00bb button_font=\u00bb|300||on|||||\u00bb button_use_icon=\u00bboff\u00bb custom_margin=\u00bb0%|||\u00bb custom_padding=\u00bb|||\u00bb button_text_size_tablet=\u00bb\u00bb button_text_size_phone=\u00bb16px\u00bb button_text_size_last_edited=\u00bbon|phone\u00bb button_border_radius_hover=\u00bb0px\u00bb button_letter_spacing_hover=\u00bb3px\u00bb global_colors_info=\u00bb{}\u00bb button_text_size__hover_enabled=\u00bboff\u00bb button_text_size__hover=\u00bbnull\u00bb button_one_text_size__hover_enabled=\u00bboff\u00bb button_one_text_size__hover=\u00bbnull\u00bb button_two_text_size__hover_enabled=\u00bboff\u00bb button_two_text_size__hover=\u00bbnull\u00bb button_text_color__hover_enabled=\u00bbon|hover\u00bb button_text_color__hover=\u00bb#ffffff\u00bb button_one_text_color__hover_enabled=\u00bboff\u00bb button_one_text_color__hover=\u00bbnull\u00bb button_two_text_color__hover_enabled=\u00bboff\u00bb button_two_text_color__hover=\u00bbnull\u00bb button_border_width__hover_enabled=\u00bboff\u00bb button_border_width__hover=\u00bbnull\u00bb button_one_border_width__hover_enabled=\u00bboff\u00bb button_one_border_width__hover=\u00bbnull\u00bb button_two_border_width__hover_enabled=\u00bboff\u00bb button_two_border_width__hover=\u00bbnull\u00bb button_border_color__hover_enabled=\u00bboff\u00bb button_border_color__hover=\u00bbnull\u00bb button_one_border_color__hover_enabled=\u00bboff\u00bb button_one_border_color__hover=\u00bbnull\u00bb button_two_border_color__hover_enabled=\u00bboff\u00bb button_two_border_color__hover=\u00bbnull\u00bb button_border_radius__hover_enabled=\u00bboff|hover\u00bb button_border_radius__hover=\u00bb0px\u00bb button_one_border_radius__hover_enabled=\u00bboff\u00bb button_one_border_radius__hover=\u00bbnull\u00bb button_two_border_radius__hover_enabled=\u00bboff\u00bb button_two_border_radius__hover=\u00bbnull\u00bb button_letter_spacing__hover_enabled=\u00bboff|hover\u00bb button_letter_spacing__hover=\u00bb3px\u00bb button_one_letter_spacing__hover_enabled=\u00bboff\u00bb button_one_letter_spacing__hover=\u00bbnull\u00bb button_two_letter_spacing__hover_enabled=\u00bboff\u00bb button_two_letter_spacing__hover=\u00bbnull\u00bb button_bg_color__hover_enabled=\u00bboff\u00bb button_bg_color__hover=\u00bbnull\u00bb button_one_bg_color__hover_enabled=\u00bboff\u00bb button_one_bg_color__hover=\u00bbnull\u00bb button_two_bg_color__hover_enabled=\u00bboff\u00bb button_two_bg_color__hover=\u00bbnull\u00bb][\/et_pb_button][\/et_pb_column][\/et_pb_row][\/et_pb_section]<\/p>\n","protected":false},"excerpt":{"rendered":"<p>Nutricionista en Palencia calle MayorEn Sparta Sport Center Palencia calle Mayor, sabemos que una buena alimentaci\u00f3n es la base de cualquier proceso de transformaci\u00f3n f\u00edsica y mental. Sin embargo, tambi\u00e9n entendemos que mantener una dieta equilibrada y adecuada no siempre es f\u00e1cil.\u00a0 En Sparta Sport Center tenemos un equipo de dietistas nutricionistas titulados que te [&hellip;]<\/p>\n","protected":false},"author":1,"featured_media":220311,"parent":0,"menu_order":0,"comment_status":"closed","ping_status":"closed","template":"","meta":{"_et_pb_use_builder":"on","_et_pb_old_content":"","_et_gb_content_width":"","footnotes":""},"class_list":["post-209780","page","type-page","status-publish","has-post-thumbnail","hentry"],"yoast_head":"<!-- This site is optimized with the Yoast SEO plugin v27.4 - https:\/\/yoast.com\/product\/yoast-seo-wordpress\/ -->\n<title>Nutricionista en Palencia calle Mayor | Sparta<\/title>\n<meta name=\"description\" content=\"\u00bfEst\u00e1s buscando un gimnasio con nutricionista en Palencia? Sparta Sport Center somos tu mejor opci\u00f3n. \u00a1Ap\u00fantate ya y disfruta de 1 d\u00eda gratis!\" \/>\n<meta name=\"robots\" content=\"index, follow, max-snippet:-1, max-image-preview:large, max-video-preview:-1\" \/>\n<link rel=\"canonical\" href=\"https:\/\/spartasportcenter.com\/palencia-calle-mayor\/nutricionista\/\" \/>\n<meta property=\"og:locale\" content=\"es_ES\" \/>\n<meta property=\"og:type\" content=\"article\" \/>\n<meta property=\"og:title\" content=\"Nutricionista en Palencia calle Mayor | Sparta\" \/>\n<meta property=\"og:description\" content=\"\u00bfEst\u00e1s buscando un gimnasio con nutricionista en Palencia? Sparta Sport Center somos tu mejor opci\u00f3n. \u00a1Ap\u00fantate ya y disfruta de 1 d\u00eda gratis!\" \/>\n<meta property=\"og:url\" content=\"https:\/\/spartasportcenter.com\/palencia-calle-mayor\/nutricionista\/\" \/>\n<meta property=\"og:site_name\" content=\"Sparta Sport Center Palencia calle mayor\" \/>\n<meta property=\"article:modified_time\" content=\"2025-09-22T09:28:58+00:00\" \/>\n<meta property=\"og:image\" content=\"https:\/\/spartasportcenter.com\/palencia-calle-mayor\/wp-content\/uploads\/2024\/03\/nutricionista-cabecera.jpg\" \/>\n\t<meta property=\"og:image:width\" content=\"2000\" \/>\n\t<meta property=\"og:image:height\" content=\"1333\" \/>\n\t<meta property=\"og:image:type\" content=\"image\/jpeg\" \/>\n<meta name=\"twitter:card\" content=\"summary_large_image\" \/>\n<meta name=\"twitter:label1\" content=\"Tiempo de lectura\" \/>\n\t<meta name=\"twitter:data1\" content=\"3 minutos\" \/>\n<script type=\"application\/ld+json\" class=\"yoast-schema-graph\">{\"@context\":\"https:\\\/\\\/schema.org\",\"@graph\":[{\"@type\":\"WebPage\",\"@id\":\"https:\\\/\\\/spartasportcenter.com\\\/palencia-calle-mayor\\\/nutricionista\\\/\",\"url\":\"https:\\\/\\\/spartasportcenter.com\\\/palencia-calle-mayor\\\/nutricionista\\\/\",\"name\":\"Nutricionista en Palencia calle Mayor | Sparta\",\"isPartOf\":{\"@id\":\"https:\\\/\\\/spartasportcenter.com\\\/palencia-calle-mayor\\\/#website\"},\"primaryImageOfPage\":{\"@id\":\"https:\\\/\\\/spartasportcenter.com\\\/palencia-calle-mayor\\\/nutricionista\\\/#primaryimage\"},\"image\":{\"@id\":\"https:\\\/\\\/spartasportcenter.com\\\/palencia-calle-mayor\\\/nutricionista\\\/#primaryimage\"},\"thumbnailUrl\":\"https:\\\/\\\/spartasportcenter.com\\\/palencia-calle-mayor\\\/wp-content\\\/uploads\\\/2024\\\/03\\\/nutricionista-cabecera.jpg\",\"datePublished\":\"2019-01-29T14:41:35+00:00\",\"dateModified\":\"2025-09-22T09:28:58+00:00\",\"description\":\"\u00bfEst\u00e1s buscando un gimnasio con nutricionista en Palencia? Sparta Sport Center somos tu mejor opci\u00f3n. \u00a1Ap\u00fantate ya y disfruta de 1 d\u00eda gratis!\",\"breadcrumb\":{\"@id\":\"https:\\\/\\\/spartasportcenter.com\\\/palencia-calle-mayor\\\/nutricionista\\\/#breadcrumb\"},\"inLanguage\":\"es\",\"potentialAction\":[{\"@type\":\"ReadAction\",\"target\":[\"https:\\\/\\\/spartasportcenter.com\\\/palencia-calle-mayor\\\/nutricionista\\\/\"]}]},{\"@type\":\"ImageObject\",\"inLanguage\":\"es\",\"@id\":\"https:\\\/\\\/spartasportcenter.com\\\/palencia-calle-mayor\\\/nutricionista\\\/#primaryimage\",\"url\":\"https:\\\/\\\/spartasportcenter.com\\\/palencia-calle-mayor\\\/wp-content\\\/uploads\\\/2024\\\/03\\\/nutricionista-cabecera.jpg\",\"contentUrl\":\"https:\\\/\\\/spartasportcenter.com\\\/palencia-calle-mayor\\\/wp-content\\\/uploads\\\/2024\\\/03\\\/nutricionista-cabecera.jpg\",\"width\":2000,\"height\":1333},{\"@type\":\"BreadcrumbList\",\"@id\":\"https:\\\/\\\/spartasportcenter.com\\\/palencia-calle-mayor\\\/nutricionista\\\/#breadcrumb\",\"itemListElement\":[{\"@type\":\"ListItem\",\"position\":1,\"name\":\"Portada\",\"item\":\"https:\\\/\\\/spartasportcenter.com\\\/palencia-calle-mayor\\\/\"},{\"@type\":\"ListItem\",\"position\":2,\"name\":\"Nutricionista Palencia calle Mayor\"}]},{\"@type\":\"WebSite\",\"@id\":\"https:\\\/\\\/spartasportcenter.com\\\/palencia-calle-mayor\\\/#website\",\"url\":\"https:\\\/\\\/spartasportcenter.com\\\/palencia-calle-mayor\\\/\",\"name\":\"Sparta Sport Center Palencia calle mayor\",\"description\":\"Gimnasios en Cuenca\",\"potentialAction\":[{\"@type\":\"SearchAction\",\"target\":{\"@type\":\"EntryPoint\",\"urlTemplate\":\"https:\\\/\\\/spartasportcenter.com\\\/palencia-calle-mayor\\\/?s={search_term_string}\"},\"query-input\":{\"@type\":\"PropertyValueSpecification\",\"valueRequired\":true,\"valueName\":\"search_term_string\"}}],\"inLanguage\":\"es\"}]}<\/script>\n<!-- \/ Yoast SEO plugin. -->","yoast_head_json":{"title":"Nutricionista en Palencia calle Mayor | Sparta","description":"\u00bfEst\u00e1s buscando un gimnasio con nutricionista en Palencia? Sparta Sport Center somos tu mejor opci\u00f3n. \u00a1Ap\u00fantate ya y disfruta de 1 d\u00eda gratis!","robots":{"index":"index","follow":"follow","max-snippet":"max-snippet:-1","max-image-preview":"max-image-preview:large","max-video-preview":"max-video-preview:-1"},"canonical":"https:\/\/spartasportcenter.com\/palencia-calle-mayor\/nutricionista\/","og_locale":"es_ES","og_type":"article","og_title":"Nutricionista en Palencia calle Mayor | Sparta","og_description":"\u00bfEst\u00e1s buscando un gimnasio con nutricionista en Palencia? Sparta Sport Center somos tu mejor opci\u00f3n. \u00a1Ap\u00fantate ya y disfruta de 1 d\u00eda gratis!","og_url":"https:\/\/spartasportcenter.com\/palencia-calle-mayor\/nutricionista\/","og_site_name":"Sparta Sport Center Palencia calle mayor","article_modified_time":"2025-09-22T09:28:58+00:00","og_image":[{"width":2000,"height":1333,"url":"https:\/\/spartasportcenter.com\/palencia-calle-mayor\/wp-content\/uploads\/2024\/03\/nutricionista-cabecera.jpg","type":"image\/jpeg"}],"twitter_card":"summary_large_image","twitter_misc":{"Tiempo de lectura":"3 minutos"},"schema":{"@context":"https:\/\/schema.org","@graph":[{"@type":"WebPage","@id":"https:\/\/spartasportcenter.com\/palencia-calle-mayor\/nutricionista\/","url":"https:\/\/spartasportcenter.com\/palencia-calle-mayor\/nutricionista\/","name":"Nutricionista en Palencia calle Mayor | Sparta","isPartOf":{"@id":"https:\/\/spartasportcenter.com\/palencia-calle-mayor\/#website"},"primaryImageOfPage":{"@id":"https:\/\/spartasportcenter.com\/palencia-calle-mayor\/nutricionista\/#primaryimage"},"image":{"@id":"https:\/\/spartasportcenter.com\/palencia-calle-mayor\/nutricionista\/#primaryimage"},"thumbnailUrl":"https:\/\/spartasportcenter.com\/palencia-calle-mayor\/wp-content\/uploads\/2024\/03\/nutricionista-cabecera.jpg","datePublished":"2019-01-29T14:41:35+00:00","dateModified":"2025-09-22T09:28:58+00:00","description":"\u00bfEst\u00e1s buscando un gimnasio con nutricionista en Palencia? Sparta Sport Center somos tu mejor opci\u00f3n. \u00a1Ap\u00fantate ya y disfruta de 1 d\u00eda gratis!","breadcrumb":{"@id":"https:\/\/spartasportcenter.com\/palencia-calle-mayor\/nutricionista\/#breadcrumb"},"inLanguage":"es","potentialAction":[{"@type":"ReadAction","target":["https:\/\/spartasportcenter.com\/palencia-calle-mayor\/nutricionista\/"]}]},{"@type":"ImageObject","inLanguage":"es","@id":"https:\/\/spartasportcenter.com\/palencia-calle-mayor\/nutricionista\/#primaryimage","url":"https:\/\/spartasportcenter.com\/palencia-calle-mayor\/wp-content\/uploads\/2024\/03\/nutricionista-cabecera.jpg","contentUrl":"https:\/\/spartasportcenter.com\/palencia-calle-mayor\/wp-content\/uploads\/2024\/03\/nutricionista-cabecera.jpg","width":2000,"height":1333},{"@type":"BreadcrumbList","@id":"https:\/\/spartasportcenter.com\/palencia-calle-mayor\/nutricionista\/#breadcrumb","itemListElement":[{"@type":"ListItem","position":1,"name":"Portada","item":"https:\/\/spartasportcenter.com\/palencia-calle-mayor\/"},{"@type":"ListItem","position":2,"name":"Nutricionista Palencia calle Mayor"}]},{"@type":"WebSite","@id":"https:\/\/spartasportcenter.com\/palencia-calle-mayor\/#website","url":"https:\/\/spartasportcenter.com\/palencia-calle-mayor\/","name":"Sparta Sport Center Palencia calle mayor","description":"Gimnasios en Cuenca","potentialAction":[{"@type":"SearchAction","target":{"@type":"EntryPoint","urlTemplate":"https:\/\/spartasportcenter.com\/palencia-calle-mayor\/?s={search_term_string}"},"query-input":{"@type":"PropertyValueSpecification","valueRequired":true,"valueName":"search_term_string"}}],"inLanguage":"es"}]}},"_links":{"self":[{"href":"https:\/\/spartasportcenter.com\/palencia-calle-mayor\/wp-json\/wp\/v2\/pages\/209780","targetHints":{"allow":["GET"]}}],"collection":[{"href":"https:\/\/spartasportcenter.com\/palencia-calle-mayor\/wp-json\/wp\/v2\/pages"}],"about":[{"href":"https:\/\/spartasportcenter.com\/palencia-calle-mayor\/wp-json\/wp\/v2\/types\/page"}],"author":[{"embeddable":true,"href":"https:\/\/spartasportcenter.com\/palencia-calle-mayor\/wp-json\/wp\/v2\/users\/1"}],"replies":[{"embeddable":true,"href":"https:\/\/spartasportcenter.com\/palencia-calle-mayor\/wp-json\/wp\/v2\/comments?post=209780"}],"version-history":[{"count":30,"href":"https:\/\/spartasportcenter.com\/palencia-calle-mayor\/wp-json\/wp\/v2\/pages\/209780\/revisions"}],"predecessor-version":[{"id":220782,"href":"https:\/\/spartasportcenter.com\/palencia-calle-mayor\/wp-json\/wp\/v2\/pages\/209780\/revisions\/220782"}],"wp:featuredmedia":[{"embeddable":true,"href":"https:\/\/spartasportcenter.com\/palencia-calle-mayor\/wp-json\/wp\/v2\/media\/220311"}],"wp:attachment":[{"href":"https:\/\/spartasportcenter.com\/palencia-calle-mayor\/wp-json\/wp\/v2\/media?parent=209780"}],"curies":[{"name":"wp","href":"https:\/\/api.w.org\/{rel}","templated":true}]}}