{"id":209159,"date":"2018-12-04T15:58:36","date_gmt":"2018-12-04T14:58:36","guid":{"rendered":"https:\/\/spartasportcenter.com\/pamplona\/?page_id=209159"},"modified":"2025-06-26T10:56:36","modified_gmt":"2025-06-26T08:56:36","slug":"mapa-web-gimnasios-palencia-calle-mayor","status":"publish","type":"page","link":"https:\/\/spartasportcenter.com\/palencia-calle-mayor\/mapa-web-gimnasios-palencia-calle-mayor\/","title":{"rendered":"Mapa Web"},"content":{"rendered":"<p><a href=\"https:\/\/spartasportcenter.com\/palencia-calle-mayor\/\">Gimnasio Palencia calle Mayor Sparta Sport Center<\/a><\/p>\n<p><a href=\"https:\/\/spartasportcenter.com\/palencia-calle-mayor\/yoga\/\">Yoga Palencia calle Mayor<\/a><\/p>\n<p><a href=\"https:\/\/spartasportcenter.com\/palencia-calle-mayor\/nutricionista\/\">Nutricionista Palencia calle Mayor<\/a><\/p>\n<p><a href=\"https:\/\/spartasportcenter.com\/palencia-calle-mayor\/core\/\">Core Palencia calle Mayor<\/a><\/p>\n<p><a href=\"https:\/\/spartasportcenter.com\/palencia-calle-mayor\/pilates\/\">Pilates Palencia calle Mayor<\/a><\/p>\n<p><a href=\"https:\/\/spartasportcenter.com\/palencia-calle-mayor\/entrenador-personal\/\">Entrenador Personal Palencia calle Mayor<\/a><\/p>\n<p><a href=\"https:\/\/spartasportcenter.com\/palencia-calle-mayor\/spinning\/\">Spinning Palencia calle Mayor<\/a><\/p>\n<p><a href=\"https:\/\/spartasportcenter.com\/palencia-calle-mayor\/zumba\/\">Zumba Palencia calle Mayor<\/a><\/p>\n<p><a href=\"https:\/\/spartasportcenter.com\/palencia-calle-mayor\/body-combat\/\">Body combat Palencia calle Mayor<\/a><\/p>\n<p><a href=\"https:\/\/spartasportcenter.com\/palencia-calle-mayor\/body-pump\/\">Body Pump Palencia calle Mayor<\/a><\/p>\n<p><a href=\"https:\/\/spartasportcenter.com\/palencia-calle-mayor\/body-balance\/\">Body balance Palencia calle Mayor<\/a><\/p>\n<p><a href=\"https:\/\/spartasportcenter.com\/palencia-calle-mayor\/cross-training\/\">Cross Training Palencia calle Mayor<\/a><\/p>\n<p><a href=\"https:\/\/spartasportcenter.com\/palencia-calle-mayor\/horarios\/\">Horario de actividades<\/a><\/p>\n<p><a href=\"https:\/\/spartasportcenter.com\/palencia-calle-mayor\/instalaciones\/\">Instalaciones<\/a><\/p>\n<p><a href=\"https:\/\/spartasportcenter.com\/palencia-calle-mayor\/tarifas\/\">Tarifas<\/a><\/p>\n<p><a href=\"https:\/\/spartasportcenter.com\/palencia-calle-mayor\/actividades\/\">Actividades<\/a><\/p>\n<p><a href=\"https:\/\/spartasportcenter.com\/palencia-calle-mayor\/servicios\/\">Servicios<\/a><\/p>\n<p><a href=\"https:\/\/spartasportcenter.com\/palencia-calle-mayor\/prueba-un-dia-gratis\/\">Prueba un d\u00eda gratis<\/a><\/p>\n<p><a href=\"https:\/\/spartasportcenter.com\/palencia-calle-mayor\/contacto\/\">Contacto<\/a><\/p>\n","protected":false},"excerpt":{"rendered":"<p>   &#8211;<\/p>\n","protected":false},"author":1,"featured_media":220623,"parent":0,"menu_order":0,"comment_status":"closed","ping_status":"closed","template":"","meta":{"_et_pb_use_builder":"off","_et_pb_old_content":"<a href=\"https:\/\/spartasportcenter.com\/palencia-calle-mayor\/\">Gimnasio Palencia calle Mayor Sparta Sport Center<\/a>\n\n<a href=\"https:\/\/spartasportcenter.com\/palencia-calle-mayor\/yoga-palencia-calle-mayor\/\">Yoga Palencia calle Mayor<\/a>\n\n<a href=\"https:\/\/spartasportcenter.com\/palencia-calle-mayor\/nutricionista-palencia-calle-mayor\/\">Nutricionista Palencia calle Mayor<\/a>\n\n<a href=\"https:\/\/spartasportcenter.com\/palencia-calle-mayor\/core-palencia-calle-mayor\/\">Core Palencia calle Mayor<\/a>\n\n<a href=\"https:\/\/spartasportcenter.com\/palencia-calle-mayor\/pilates-palencia-calle-mayor\/\">Pilates Palencia calle Mayor<\/a>\n\n<a href=\"https:\/\/spartasportcenter.com\/palencia-calle-mayor\/entrenador-personal-palencia-calle-mayor\/\">Entrenador Personal Palencia calle Mayor<\/a>\n\n<a href=\"https:\/\/spartasportcenter.com\/palencia-calle-mayor\/spinning-palencia-calle-mayor\/\">Spinning Palencia calle Mayor<\/a>\n\n<a href=\"https:\/\/spartasportcenter.com\/palencia-calle-mayor\/zumba-palencia-calle-mayor\/\">Zumba Palencia calle Mayor<\/a>\n\n<a href=\"https:\/\/spartasportcenter.com\/palencia-calle-mayor\/gap-palencia-calle-mayor\/\">Gap Palencia calle Mayor<\/a>\n\n<a href=\"https:\/\/spartasportcenter.com\/palencia-calle-mayor\/combat-palencia-calle-mayor\/\">Body combat Palencia calle Mayor<\/a>\n\n<a href=\"https:\/\/spartasportcenter.com\/palencia-calle-mayor\/entrenamiento-funcional-palencia-calle-mayor\/\">Entrenamiento Funcional Palencia calle Mayor<\/a>\n\n<a href=\"https:\/\/spartasportcenter.com\/palencia-calle-mayor\/body-tonic-palencia-calle-mayor\/\">Body Pump Palencia calle Mayor<\/a>\n\n<a href=\"https:\/\/spartasportcenter.com\/palencia-calle-mayor\/body-balance-palencia-calle-mayor\/\">Body balance Palencia calle Mayor<\/a>\n\n<a href=\"https:\/\/spartasportcenter.com\/palencia-calle-mayor\/attack-palencia-calle-mayor\/\">Body attack Palencia calle Mayor<\/a>\n\n<a href=\"https:\/\/spartasportcenter.com\/palencia-calle-mayor\/cross-training-palencia-calle-mayor\/\">Cross Training Palencia calle Mayor<\/a>\n\n<a href=\"https:\/\/spartasportcenter.com\/palencia-calle-mayor\/strong-palencia-calle-mayor\/\">Strong Palencia calle Mayor<\/a>\n\n<a href=\"https:\/\/spartasportcenter.com\/palencia-calle-mayor\/horarios\/\">Horario de actividades<\/a>\n\n<a href=\"https:\/\/spartasportcenter.com\/palencia-calle-mayor\/instalaciones\/\">Instalaciones<\/a>\n\n<a href=\"https:\/\/spartasportcenter.com\/palencia-calle-mayor\/tarifas\/\">Tarifas<\/a>\n\n<a href=\"https:\/\/spartasportcenter.com\/palencia-calle-mayor\/actividades\/\">Actividades<\/a>\n\n<a href=\"https:\/\/spartasportcenter.com\/palencia-calle-mayor\/servicios\/\">Servicios<\/a>\n\n<a href=\"https:\/\/spartasportcenter.com\/palencia-calle-mayor\/prueba-un-dia-gratis\/\">Prueba un d\u00eda gratis<\/a>\n\n<a href=\"https:\/\/spartasportcenter.com\/palencia-calle-mayor\/contacto\/\">Contacto<\/a>","_et_gb_content_width":"","footnotes":""},"class_list":["post-209159","page","type-page","status-publish","has-post-thumbnail","hentry"],"yoast_head":"<!-- This site is optimized with the Yoast SEO plugin v27.4 - https:\/\/yoast.com\/product\/yoast-seo-wordpress\/ -->\n<title>Mapa Web - Sparta Sport Center Palencia calle mayor<\/title>\n<meta name=\"description\" content=\"Consulta el Mapa Web de Sparta Sport Center Palencia calle Mayor para conocer las p\u00e1ginas m\u00e1s importantes de nuestra p\u00e1gina web. \u00a1Te las mostramos!\" \/>\n<meta name=\"robots\" content=\"index, follow, max-snippet:-1, max-image-preview:large, max-video-preview:-1\" \/>\n<link rel=\"canonical\" href=\"https:\/\/spartasportcenter.com\/palencia-calle-mayor\/mapa-web-gimnasios-palencia-calle-mayor\/\" \/>\n<meta property=\"og:locale\" content=\"es_ES\" \/>\n<meta property=\"og:type\" content=\"article\" \/>\n<meta property=\"og:title\" content=\"Mapa Web - Sparta Sport Center Palencia calle mayor\" \/>\n<meta property=\"og:description\" content=\"Consulta el Mapa Web de Sparta Sport Center Palencia calle Mayor para conocer las p\u00e1ginas m\u00e1s importantes de nuestra p\u00e1gina web. \u00a1Te las mostramos!\" \/>\n<meta property=\"og:url\" content=\"https:\/\/spartasportcenter.com\/palencia-calle-mayor\/mapa-web-gimnasios-palencia-calle-mayor\/\" \/>\n<meta property=\"og:site_name\" content=\"Sparta Sport Center Palencia calle mayor\" \/>\n<meta property=\"article:modified_time\" content=\"2025-06-26T08:56:36+00:00\" \/>\n<meta property=\"og:image\" content=\"https:\/\/spartasportcenter.com\/palencia-calle-mayor\/wp-content\/uploads\/2025\/06\/material-deportivo-de-colores.jpg\" \/>\n\t<meta property=\"og:image:width\" content=\"2000\" \/>\n\t<meta property=\"og:image:height\" content=\"1333\" \/>\n\t<meta property=\"og:image:type\" content=\"image\/jpeg\" \/>\n<meta name=\"twitter:card\" content=\"summary_large_image\" \/>\n<meta name=\"twitter:label1\" content=\"Tiempo de lectura\" \/>\n\t<meta name=\"twitter:data1\" content=\"1 minuto\" \/>\n<script type=\"application\/ld+json\" class=\"yoast-schema-graph\">{\"@context\":\"https:\\\/\\\/schema.org\",\"@graph\":[{\"@type\":\"WebPage\",\"@id\":\"https:\\\/\\\/spartasportcenter.com\\\/palencia-calle-mayor\\\/mapa-web-gimnasios-palencia-calle-mayor\\\/\",\"url\":\"https:\\\/\\\/spartasportcenter.com\\\/palencia-calle-mayor\\\/mapa-web-gimnasios-palencia-calle-mayor\\\/\",\"name\":\"Mapa Web - Sparta Sport Center Palencia calle mayor\",\"isPartOf\":{\"@id\":\"https:\\\/\\\/spartasportcenter.com\\\/palencia-calle-mayor\\\/#website\"},\"primaryImageOfPage\":{\"@id\":\"https:\\\/\\\/spartasportcenter.com\\\/palencia-calle-mayor\\\/mapa-web-gimnasios-palencia-calle-mayor\\\/#primaryimage\"},\"image\":{\"@id\":\"https:\\\/\\\/spartasportcenter.com\\\/palencia-calle-mayor\\\/mapa-web-gimnasios-palencia-calle-mayor\\\/#primaryimage\"},\"thumbnailUrl\":\"https:\\\/\\\/spartasportcenter.com\\\/palencia-calle-mayor\\\/wp-content\\\/uploads\\\/2025\\\/06\\\/material-deportivo-de-colores.jpg\",\"datePublished\":\"2018-12-04T14:58:36+00:00\",\"dateModified\":\"2025-06-26T08:56:36+00:00\",\"description\":\"Consulta el Mapa Web de Sparta Sport Center Palencia calle Mayor para conocer las p\u00e1ginas m\u00e1s importantes de nuestra p\u00e1gina web. \u00a1Te las mostramos!\",\"breadcrumb\":{\"@id\":\"https:\\\/\\\/spartasportcenter.com\\\/palencia-calle-mayor\\\/mapa-web-gimnasios-palencia-calle-mayor\\\/#breadcrumb\"},\"inLanguage\":\"es\",\"potentialAction\":[{\"@type\":\"ReadAction\",\"target\":[\"https:\\\/\\\/spartasportcenter.com\\\/palencia-calle-mayor\\\/mapa-web-gimnasios-palencia-calle-mayor\\\/\"]}]},{\"@type\":\"ImageObject\",\"inLanguage\":\"es\",\"@id\":\"https:\\\/\\\/spartasportcenter.com\\\/palencia-calle-mayor\\\/mapa-web-gimnasios-palencia-calle-mayor\\\/#primaryimage\",\"url\":\"https:\\\/\\\/spartasportcenter.com\\\/palencia-calle-mayor\\\/wp-content\\\/uploads\\\/2025\\\/06\\\/material-deportivo-de-colores.jpg\",\"contentUrl\":\"https:\\\/\\\/spartasportcenter.com\\\/palencia-calle-mayor\\\/wp-content\\\/uploads\\\/2025\\\/06\\\/material-deportivo-de-colores.jpg\",\"width\":2000,\"height\":1333,\"caption\":\"material deportivo de colores\"},{\"@type\":\"BreadcrumbList\",\"@id\":\"https:\\\/\\\/spartasportcenter.com\\\/palencia-calle-mayor\\\/mapa-web-gimnasios-palencia-calle-mayor\\\/#breadcrumb\",\"itemListElement\":[{\"@type\":\"ListItem\",\"position\":1,\"name\":\"Portada\",\"item\":\"https:\\\/\\\/spartasportcenter.com\\\/palencia-calle-mayor\\\/\"},{\"@type\":\"ListItem\",\"position\":2,\"name\":\"Mapa Web\"}]},{\"@type\":\"WebSite\",\"@id\":\"https:\\\/\\\/spartasportcenter.com\\\/palencia-calle-mayor\\\/#website\",\"url\":\"https:\\\/\\\/spartasportcenter.com\\\/palencia-calle-mayor\\\/\",\"name\":\"Sparta Sport Center Palencia calle mayor\",\"description\":\"Gimnasios en Cuenca\",\"potentialAction\":[{\"@type\":\"SearchAction\",\"target\":{\"@type\":\"EntryPoint\",\"urlTemplate\":\"https:\\\/\\\/spartasportcenter.com\\\/palencia-calle-mayor\\\/?s={search_term_string}\"},\"query-input\":{\"@type\":\"PropertyValueSpecification\",\"valueRequired\":true,\"valueName\":\"search_term_string\"}}],\"inLanguage\":\"es\"}]}<\/script>\n<!-- \/ Yoast SEO plugin. -->","yoast_head_json":{"title":"Mapa Web - Sparta Sport Center Palencia calle mayor","description":"Consulta el Mapa Web de Sparta Sport Center Palencia calle Mayor para conocer las p\u00e1ginas m\u00e1s importantes de nuestra p\u00e1gina web. \u00a1Te las mostramos!","robots":{"index":"index","follow":"follow","max-snippet":"max-snippet:-1","max-image-preview":"max-image-preview:large","max-video-preview":"max-video-preview:-1"},"canonical":"https:\/\/spartasportcenter.com\/palencia-calle-mayor\/mapa-web-gimnasios-palencia-calle-mayor\/","og_locale":"es_ES","og_type":"article","og_title":"Mapa Web - Sparta Sport Center Palencia calle mayor","og_description":"Consulta el Mapa Web de Sparta Sport Center Palencia calle Mayor para conocer las p\u00e1ginas m\u00e1s importantes de nuestra p\u00e1gina web. \u00a1Te las mostramos!","og_url":"https:\/\/spartasportcenter.com\/palencia-calle-mayor\/mapa-web-gimnasios-palencia-calle-mayor\/","og_site_name":"Sparta Sport Center Palencia calle mayor","article_modified_time":"2025-06-26T08:56:36+00:00","og_image":[{"width":2000,"height":1333,"url":"https:\/\/spartasportcenter.com\/palencia-calle-mayor\/wp-content\/uploads\/2025\/06\/material-deportivo-de-colores.jpg","type":"image\/jpeg"}],"twitter_card":"summary_large_image","twitter_misc":{"Tiempo de lectura":"1 minuto"},"schema":{"@context":"https:\/\/schema.org","@graph":[{"@type":"WebPage","@id":"https:\/\/spartasportcenter.com\/palencia-calle-mayor\/mapa-web-gimnasios-palencia-calle-mayor\/","url":"https:\/\/spartasportcenter.com\/palencia-calle-mayor\/mapa-web-gimnasios-palencia-calle-mayor\/","name":"Mapa Web - Sparta Sport Center Palencia calle mayor","isPartOf":{"@id":"https:\/\/spartasportcenter.com\/palencia-calle-mayor\/#website"},"primaryImageOfPage":{"@id":"https:\/\/spartasportcenter.com\/palencia-calle-mayor\/mapa-web-gimnasios-palencia-calle-mayor\/#primaryimage"},"image":{"@id":"https:\/\/spartasportcenter.com\/palencia-calle-mayor\/mapa-web-gimnasios-palencia-calle-mayor\/#primaryimage"},"thumbnailUrl":"https:\/\/spartasportcenter.com\/palencia-calle-mayor\/wp-content\/uploads\/2025\/06\/material-deportivo-de-colores.jpg","datePublished":"2018-12-04T14:58:36+00:00","dateModified":"2025-06-26T08:56:36+00:00","description":"Consulta el Mapa Web de Sparta Sport Center Palencia calle Mayor para conocer las p\u00e1ginas m\u00e1s importantes de nuestra p\u00e1gina web. \u00a1Te las mostramos!","breadcrumb":{"@id":"https:\/\/spartasportcenter.com\/palencia-calle-mayor\/mapa-web-gimnasios-palencia-calle-mayor\/#breadcrumb"},"inLanguage":"es","potentialAction":[{"@type":"ReadAction","target":["https:\/\/spartasportcenter.com\/palencia-calle-mayor\/mapa-web-gimnasios-palencia-calle-mayor\/"]}]},{"@type":"ImageObject","inLanguage":"es","@id":"https:\/\/spartasportcenter.com\/palencia-calle-mayor\/mapa-web-gimnasios-palencia-calle-mayor\/#primaryimage","url":"https:\/\/spartasportcenter.com\/palencia-calle-mayor\/wp-content\/uploads\/2025\/06\/material-deportivo-de-colores.jpg","contentUrl":"https:\/\/spartasportcenter.com\/palencia-calle-mayor\/wp-content\/uploads\/2025\/06\/material-deportivo-de-colores.jpg","width":2000,"height":1333,"caption":"material deportivo de colores"},{"@type":"BreadcrumbList","@id":"https:\/\/spartasportcenter.com\/palencia-calle-mayor\/mapa-web-gimnasios-palencia-calle-mayor\/#breadcrumb","itemListElement":[{"@type":"ListItem","position":1,"name":"Portada","item":"https:\/\/spartasportcenter.com\/palencia-calle-mayor\/"},{"@type":"ListItem","position":2,"name":"Mapa Web"}]},{"@type":"WebSite","@id":"https:\/\/spartasportcenter.com\/palencia-calle-mayor\/#website","url":"https:\/\/spartasportcenter.com\/palencia-calle-mayor\/","name":"Sparta Sport Center Palencia calle mayor","description":"Gimnasios en Cuenca","potentialAction":[{"@type":"SearchAction","target":{"@type":"EntryPoint","urlTemplate":"https:\/\/spartasportcenter.com\/palencia-calle-mayor\/?s={search_term_string}"},"query-input":{"@type":"PropertyValueSpecification","valueRequired":true,"valueName":"search_term_string"}}],"inLanguage":"es"}]}},"_links":{"self":[{"href":"https:\/\/spartasportcenter.com\/palencia-calle-mayor\/wp-json\/wp\/v2\/pages\/209159","targetHints":{"allow":["GET"]}}],"collection":[{"href":"https:\/\/spartasportcenter.com\/palencia-calle-mayor\/wp-json\/wp\/v2\/pages"}],"about":[{"href":"https:\/\/spartasportcenter.com\/palencia-calle-mayor\/wp-json\/wp\/v2\/types\/page"}],"author":[{"embeddable":true,"href":"https:\/\/spartasportcenter.com\/palencia-calle-mayor\/wp-json\/wp\/v2\/users\/1"}],"replies":[{"embeddable":true,"href":"https:\/\/spartasportcenter.com\/palencia-calle-mayor\/wp-json\/wp\/v2\/comments?post=209159"}],"version-history":[{"count":26,"href":"https:\/\/spartasportcenter.com\/palencia-calle-mayor\/wp-json\/wp\/v2\/pages\/209159\/revisions"}],"predecessor-version":[{"id":220544,"href":"https:\/\/spartasportcenter.com\/palencia-calle-mayor\/wp-json\/wp\/v2\/pages\/209159\/revisions\/220544"}],"wp:featuredmedia":[{"embeddable":true,"href":"https:\/\/spartasportcenter.com\/palencia-calle-mayor\/wp-json\/wp\/v2\/media\/220623"}],"wp:attachment":[{"href":"https:\/\/spartasportcenter.com\/palencia-calle-mayor\/wp-json\/wp\/v2\/media?parent=209159"}],"curies":[{"name":"wp","href":"https:\/\/api.w.org\/{rel}","templated":true}]}}