{"id":206555,"date":"2018-08-20T15:49:40","date_gmt":"2018-08-20T15:49:40","guid":{"rendered":"https:\/\/pamplona.spartasportcenter.com\/?page_id=206555"},"modified":"2025-05-19T16:38:25","modified_gmt":"2025-05-19T14:38:25","slug":"body-pump","status":"publish","type":"page","link":"https:\/\/spartasportcenter.com\/palencia-calle-mayor\/body-pump\/","title":{"rendered":"Body Pump Palencia calle Mayor"},"content":{"rendered":"<p>[et_pb_section fb_built=\u00bb1&#8243; custom_padding_last_edited=\u00bbon|phone\u00bb disabled_on=\u00bboff|off|off\u00bb _builder_version=\u00bb4.16&#8243; background_color=\u00bb#262626&#8243; background_enable_image=\u00bboff\u00bb custom_margin=\u00bb||||false|false\u00bb custom_padding=\u00bb80px|0px|0px|0px|false|false\u00bb custom_padding_tablet=\u00bb\u00bb custom_padding_phone=\u00bb30px||50px||false|false\u00bb global_colors_info=\u00bb{}\u00bb][et_pb_row column_structure=\u00bb1_3,2_3&#8243; custom_padding_last_edited=\u00bbon|desktop\u00bb _builder_version=\u00bb4.16&#8243; _module_preset=\u00bbdefault\u00bb custom_padding=\u00bb0px||||false|false\u00bb custom_padding_tablet=\u00bb\u00bb custom_padding_phone=\u00bb0px||||false|false\u00bb global_colors_info=\u00bb{}\u00bb][et_pb_column type=\u00bb1_3&#8243; _builder_version=\u00bb4.16&#8243; _module_preset=\u00bbdefault\u00bb global_colors_info=\u00bb{}\u00bb][et_pb_text _builder_version=\u00bb4.27.0&#8243; text_font=\u00bb||||||||\u00bb header_font=\u00bb||||||||\u00bb header_text_align=\u00bbcenter\u00bb header_2_font=\u00bb|300||on|||||\u00bb header_2_text_align=\u00bbright\u00bb header_2_font_size=\u00bb29px\u00bb custom_margin=\u00bb||0px||false|false\u00bb custom_padding=\u00bb|15%|0px||false|false\u00bb header_2_text_align_tablet=\u00bb\u00bb header_2_text_align_phone=\u00bbleft\u00bb header_2_text_align_last_edited=\u00bbon|phone\u00bb header_2_font_size_tablet=\u00bb51px\u00bb header_2_font_size_phone=\u00bb25px\u00bb header_2_font_size_last_edited=\u00bbon|phone\u00bb border_width_right=\u00bb2px\u00bb border_color_right=\u00bb#cccccc\u00bb border_width_right_tablet=\u00bb\u00bb border_width_right_phone=\u00bb0px\u00bb border_width_right_last_edited=\u00bbon|phone\u00bb locked=\u00bboff\u00bb global_colors_info=\u00bb{}\u00bb]<\/p>\n<h2>Clases de Body Pump en Palencia calle Mayor<\/h2>\n<p>[\/et_pb_text][\/et_pb_column][et_pb_column type=\u00bb2_3&#8243; _builder_version=\u00bb4.16&#8243; _module_preset=\u00bbdefault\u00bb global_colors_info=\u00bb{}\u00bb][et_pb_text _builder_version=\u00bb4.27.4&#8243; text_font=\u00bb|300|||||||\u00bb text_text_color=\u00bb#cccccc\u00bb text_line_height=\u00bb1.1em\u00bb header_font=\u00bb|300|||||||\u00bb header_2_font=\u00bb|300||on|||||\u00bb header_2_text_color=\u00bb#cccccc\u00bb header_2_font_size=\u00bb36px\u00bb header_2_letter_spacing=\u00bb2px\u00bb background_layout=\u00bbdark\u00bb hover_enabled=\u00bb0&#8243; global_colors_info=\u00bb{}\u00bb sticky_enabled=\u00bb0&#8243;]<\/p>\n<p><span style=\"font-weight: 400;\">En Sparta Sport Center Palencia calle Mayor, cada sesi\u00f3n de Body Pump est\u00e1 pensada para que trabajes al m\u00e1ximo tu fuerza, tonifiques tus m\u00fasculos y te cargues de energ\u00eda con m\u00fasica que te impulsa desde el primer minuto.<\/span><\/p>\n<p><span style=\"font-weight: 400;\">El<\/span> <span style=\"font-weight: 400;\">Body Pump es <\/span><b>mucho m\u00e1s que levantar pesas<\/b><span style=\"font-weight: 400;\">. Es una combinaci\u00f3n perfecta entre ejercicios de resistencia, trabajo con barra y discos, y una coreograf\u00eda sincronizada con m\u00fasica potente que convierte cada clase en una experiencia \u00fanica. En nuestro gimnasio, puedes disfrutar de este entrenamiento est\u00e9s en el nivel que est\u00e9s: desde quienes se inician hasta quienes ya llevan tiempo entrenando.<\/span><\/p>\n<p><span style=\"font-weight: 400;\">En Sparta Sport Center Palencia calle Mayor, te acompa\u00f1amos en cada paso con la gu\u00eda de instructores especializados. Nos adaptamos a tu ritmo, ajustamos el peso seg\u00fan tus capacidades y te motivamos para que superes tus propios l\u00edmites, siempre en un ambiente positivo, profesional y lleno de energ\u00eda.<\/span><\/p>\n<p>[\/et_pb_text][\/et_pb_column][\/et_pb_row][et_pb_row column_structure=\u00bb1_3,2_3&#8243; custom_padding_last_edited=\u00bbon|phone\u00bb _builder_version=\u00bb4.16&#8243; _module_preset=\u00bbdefault\u00bb custom_margin=\u00bb||0px||false|false\u00bb custom_padding=\u00bb||||false|false\u00bb custom_padding_tablet=\u00bb\u00bb custom_padding_phone=\u00bb0px||0px||false|false\u00bb global_colors_info=\u00bb{}\u00bb][et_pb_column type=\u00bb1_3&#8243; _builder_version=\u00bb4.16&#8243; _module_preset=\u00bbdefault\u00bb global_colors_info=\u00bb{}\u00bb][et_pb_text _builder_version=\u00bb4.24.2&#8243; text_font=\u00bb||||||||\u00bb header_font=\u00bb||||||||\u00bb header_text_align=\u00bbcenter\u00bb header_2_font=\u00bb|300||on|||||\u00bb header_2_text_align=\u00bbright\u00bb header_2_font_size=\u00bb29px\u00bb custom_margin=\u00bb||0px||false|false\u00bb custom_padding=\u00bb|15%|0px||false|false\u00bb header_2_text_align_tablet=\u00bb\u00bb header_2_text_align_phone=\u00bbleft\u00bb header_2_text_align_last_edited=\u00bbon|phone\u00bb header_2_font_size_tablet=\u00bb51px\u00bb header_2_font_size_phone=\u00bb25px\u00bb header_2_font_size_last_edited=\u00bbon|phone\u00bb border_width_right=\u00bb2px\u00bb border_color_right=\u00bb#cccccc\u00bb border_width_right_tablet=\u00bb\u00bb border_width_right_phone=\u00bb0px\u00bb border_width_right_last_edited=\u00bbon|phone\u00bb locked=\u00bboff\u00bb global_colors_info=\u00bb{}\u00bb]<\/p>\n<h2>Beneficios del Body Pump en Palencia calle Mayor<\/h2>\n<p>[\/et_pb_text][\/et_pb_column][et_pb_column type=\u00bb2_3&#8243; _builder_version=\u00bb4.16&#8243; _module_preset=\u00bbdefault\u00bb global_colors_info=\u00bb{}\u00bb][et_pb_text _builder_version=\u00bb4.27.4&#8243; text_font=\u00bb|300|||||||\u00bb text_text_color=\u00bb#cccccc\u00bb text_line_height=\u00bb1.1em\u00bb header_font=\u00bb|300|||||||\u00bb header_2_font=\u00bb|300||on|||||\u00bb header_2_text_color=\u00bb#cccccc\u00bb header_2_font_size=\u00bb36px\u00bb header_2_letter_spacing=\u00bb2px\u00bb background_layout=\u00bbdark\u00bb hover_enabled=\u00bb0&#8243; global_colors_info=\u00bb{}\u00bb sticky_enabled=\u00bb0&#8243;]<\/p>\n<ul>\n<li style=\"font-weight: 400;\" aria-level=\"1\"><span style=\"font-weight: 400;\">Tonificaci\u00f3n muscular total: Cada clase trabaja todos los grandes grupos musculares \u2014<\/span><b>piernas, gl\u00fateos, espalda, pecho, brazos y abdomen<\/b><span style=\"font-weight: 400;\">\u2014 para darte un cuerpo m\u00e1s firme y definido.<\/span><\/li>\n<li style=\"font-weight: 400;\" aria-level=\"1\"><span style=\"font-weight: 400;\">Gran quema cal\u00f3rica: Puedes llegar a quemar hasta 600 calor\u00edas por sesi\u00f3n. Ideal si quieres perder peso de manera eficiente y mantenerte activo.<\/span><\/li>\n<li style=\"font-weight: 400;\" aria-level=\"1\"><span style=\"font-weight: 400;\">Aumento de fuerza y resistencia: Con movimientos repetitivos y carga controlada, mejoras tanto tu musculatura como tu capacidad cardiovascular.<\/span><\/li>\n<li style=\"font-weight: 400;\" aria-level=\"1\"><span style=\"font-weight: 400;\">Salud \u00f3sea: Entrenar con peso estimula los huesos y ayuda a prevenir problemas como la osteoporosis.<\/span><\/li>\n<li style=\"font-weight: 400;\" aria-level=\"1\"><span style=\"font-weight: 400;\">Bienestar mental: La combinaci\u00f3n de esfuerzo f\u00edsico y m\u00fasica motivadora libera endorfinas que reducen el estr\u00e9s y elevan tu \u00e1nimo.<\/span><\/li>\n<\/ul>\n<p>[\/et_pb_text][\/et_pb_column][\/et_pb_row][\/et_pb_section][et_pb_section fb_built=\u00bb1&#8243; custom_padding_last_edited=\u00bbon|phone\u00bb _builder_version=\u00bb4.16&#8243; _module_preset=\u00bbdefault\u00bb background_color=\u00bb#262626&#8243; custom_padding=\u00bb0px||50px||false|false\u00bb custom_padding_tablet=\u00bb\u00bb custom_padding_phone=\u00bb||30px||false|false\u00bb global_colors_info=\u00bb{}\u00bb][et_pb_row column_structure=\u00bb1_3,2_3&#8243; custom_padding_last_edited=\u00bbon|phone\u00bb _builder_version=\u00bb4.16&#8243; _module_preset=\u00bbdefault\u00bb custom_padding_tablet=\u00bb\u00bb custom_padding_phone=\u00bb0px||0px||false|false\u00bb global_colors_info=\u00bb{}\u00bb][et_pb_column type=\u00bb1_3&#8243; _builder_version=\u00bb4.16&#8243; _module_preset=\u00bbdefault\u00bb global_colors_info=\u00bb{}\u00bb][et_pb_text _builder_version=\u00bb4.26.1&#8243; text_font=\u00bb||||||||\u00bb header_font=\u00bb||||||||\u00bb header_text_align=\u00bbcenter\u00bb header_2_font=\u00bb|300||on|||||\u00bb header_2_text_align=\u00bbright\u00bb header_2_font_size=\u00bb29px\u00bb custom_margin=\u00bb||0px||false|false\u00bb custom_padding=\u00bb|15%|0px||false|false\u00bb header_2_text_align_tablet=\u00bb\u00bb header_2_text_align_phone=\u00bbleft\u00bb header_2_text_align_last_edited=\u00bbon|phone\u00bb header_2_font_size_tablet=\u00bb51px\u00bb header_2_font_size_phone=\u00bb25px\u00bb header_2_font_size_last_edited=\u00bbon|phone\u00bb border_width_right=\u00bb2px\u00bb border_color_right=\u00bb#cccccc\u00bb border_width_right_tablet=\u00bb\u00bb border_width_right_phone=\u00bb0px\u00bb border_width_right_last_edited=\u00bbon|phone\u00bb locked=\u00bboff\u00bb global_colors_info=\u00bb{}\u00bb]<\/p>\n<h2>Por qu\u00e9 Body Pump en Sparta Sport Center Palencia calle Mayor<\/h2>\n<p>[\/et_pb_text][\/et_pb_column][et_pb_column type=\u00bb2_3&#8243; _builder_version=\u00bb4.16&#8243; _module_preset=\u00bbdefault\u00bb global_colors_info=\u00bb{}\u00bb][et_pb_text _builder_version=\u00bb4.27.4&#8243; text_font=\u00bb|300|||||||\u00bb text_text_color=\u00bb#cccccc\u00bb text_line_height=\u00bb1.1em\u00bb header_font=\u00bb|300|||||||\u00bb header_2_font=\u00bb|300||on|||||\u00bb header_2_text_color=\u00bb#cccccc\u00bb header_2_font_size=\u00bb36px\u00bb header_2_letter_spacing=\u00bb2px\u00bb background_layout=\u00bbdark\u00bb hover_enabled=\u00bb0&#8243; global_colors_info=\u00bb{}\u00bb sticky_enabled=\u00bb0&#8243;]<\/p>\n<p><span style=\"font-weight: 400;\">En Sparta Sport Center, no solo ofrecemos clases, te damos una experiencia de entrenamiento completa que marca la diferencia:<\/span><\/p>\n<ul>\n<li style=\"font-weight: 400;\" aria-level=\"1\"><span style=\"font-weight: 400;\">Entrenadores certificados y cercanos: Nos implicamos contigo, corrigiendo tu t\u00e9cnica y empuj\u00e1ndote a dar tu mejor versi\u00f3n en cada repetici\u00f3n.<\/span><\/li>\n<li style=\"font-weight: 400;\" aria-level=\"1\"><span style=\"font-weight: 400;\">Material profesional y seguro: Disponemos de <\/span><b>barras, discos y espacio amplio<\/b><span style=\"font-weight: 400;\"> para que entrenes sin l\u00edmites.<\/span><\/li>\n<li style=\"font-weight: 400;\" aria-level=\"1\"><span style=\"font-weight: 400;\">Ambiente motivador: Desde que entras por la puerta, puedes sentir que formas parte de una comunidad que comparte tu pasi\u00f3n por mejorar.<\/span><\/li>\n<li style=\"font-weight: 400;\" aria-level=\"1\"><span style=\"font-weight: 400;\">Apoyo integral: Te ayudamos con recomendaciones nutricionales y h\u00e1bitos saludables para complementar tus entrenamientos.<\/span><\/li>\n<\/ul>\n<p><span style=\"font-weight: 400;\">Si est\u00e1s buscando una forma potente y divertida de ponerte en forma, Body Pump en Sparta Sport Center Palencia calle Mayor es tu mejor elecci\u00f3n. Aqu\u00ed no solo fortaleces tu cuerpo, tambi\u00e9n tu <\/span><b>constancia, tu confianza y tu bienestar general<\/b><span style=\"font-weight: 400;\">.<\/span><\/p>\n<p>[\/et_pb_text][\/et_pb_column][\/et_pb_row][\/et_pb_section]<\/p>\n","protected":false},"excerpt":{"rendered":"<p>Clases de Body Pump en Palencia calle MayorEn Sparta Sport Center Palencia calle Mayor, cada sesi\u00f3n de Body Pump est\u00e1 pensada para que trabajes al m\u00e1ximo tu fuerza, tonifiques tus m\u00fasculos y te cargues de energ\u00eda con m\u00fasica que te impulsa desde el primer minuto. El Body Pump es mucho m\u00e1s que levantar pesas. Es [&hellip;]<\/p>\n","protected":false},"author":1,"featured_media":220368,"parent":0,"menu_order":0,"comment_status":"closed","ping_status":"closed","template":"","meta":{"_et_pb_use_builder":"on","_et_pb_old_content":"","_et_gb_content_width":"","footnotes":""},"class_list":["post-206555","page","type-page","status-publish","has-post-thumbnail","hentry"],"yoast_head":"<!-- This site is optimized with the Yoast SEO plugin v27.4 - https:\/\/yoast.com\/product\/yoast-seo-wordpress\/ -->\n<title>Body Pump Palencia calle Mayor | Sparta<\/title>\n<meta name=\"description\" content=\"Inscr\u00edbete y disfruta de nuestras clases de Body Pump en Palencia calle Mayor, contamos con un equipo de Instructores 100% dedicados a tu bienestar.\" \/>\n<meta name=\"robots\" content=\"index, follow, max-snippet:-1, max-image-preview:large, max-video-preview:-1\" \/>\n<link rel=\"canonical\" href=\"https:\/\/spartasportcenter.com\/palencia-calle-mayor\/body-pump\/\" \/>\n<meta property=\"og:locale\" content=\"es_ES\" \/>\n<meta property=\"og:type\" content=\"article\" \/>\n<meta property=\"og:title\" content=\"Body Pump Palencia calle Mayor | Sparta\" \/>\n<meta property=\"og:description\" content=\"Inscr\u00edbete y disfruta de nuestras clases de Body Pump en Palencia calle Mayor, contamos con un equipo de Instructores 100% dedicados a tu bienestar.\" \/>\n<meta property=\"og:url\" content=\"https:\/\/spartasportcenter.com\/palencia-calle-mayor\/body-pump\/\" \/>\n<meta property=\"og:site_name\" content=\"Sparta Sport Center Palencia calle mayor\" \/>\n<meta property=\"article:modified_time\" content=\"2025-05-19T14:38:25+00:00\" \/>\n<meta property=\"og:image\" content=\"https:\/\/spartasportcenter.com\/palencia-calle-mayor\/wp-content\/uploads\/2024\/07\/body-pump-palencia-calle-mayor.webp\" \/>\n\t<meta property=\"og:image:width\" content=\"2000\" \/>\n\t<meta property=\"og:image:height\" content=\"1333\" \/>\n\t<meta property=\"og:image:type\" content=\"image\/webp\" \/>\n<meta name=\"twitter:card\" content=\"summary_large_image\" \/>\n<meta name=\"twitter:label1\" content=\"Tiempo de lectura\" \/>\n\t<meta name=\"twitter:data1\" content=\"4 minutos\" \/>\n<script type=\"application\/ld+json\" class=\"yoast-schema-graph\">{\"@context\":\"https:\\\/\\\/schema.org\",\"@graph\":[{\"@type\":\"WebPage\",\"@id\":\"https:\\\/\\\/spartasportcenter.com\\\/palencia-calle-mayor\\\/body-pump\\\/\",\"url\":\"https:\\\/\\\/spartasportcenter.com\\\/palencia-calle-mayor\\\/body-pump\\\/\",\"name\":\"Body Pump Palencia calle Mayor | Sparta\",\"isPartOf\":{\"@id\":\"https:\\\/\\\/spartasportcenter.com\\\/palencia-calle-mayor\\\/#website\"},\"primaryImageOfPage\":{\"@id\":\"https:\\\/\\\/spartasportcenter.com\\\/palencia-calle-mayor\\\/body-pump\\\/#primaryimage\"},\"image\":{\"@id\":\"https:\\\/\\\/spartasportcenter.com\\\/palencia-calle-mayor\\\/body-pump\\\/#primaryimage\"},\"thumbnailUrl\":\"https:\\\/\\\/spartasportcenter.com\\\/palencia-calle-mayor\\\/wp-content\\\/uploads\\\/2024\\\/07\\\/body-pump-palencia-calle-mayor.webp\",\"datePublished\":\"2018-08-20T15:49:40+00:00\",\"dateModified\":\"2025-05-19T14:38:25+00:00\",\"description\":\"Inscr\u00edbete y disfruta de nuestras clases de Body Pump en Palencia calle Mayor, contamos con un equipo de Instructores 100% dedicados a tu bienestar.\",\"breadcrumb\":{\"@id\":\"https:\\\/\\\/spartasportcenter.com\\\/palencia-calle-mayor\\\/body-pump\\\/#breadcrumb\"},\"inLanguage\":\"es\",\"potentialAction\":[{\"@type\":\"ReadAction\",\"target\":[\"https:\\\/\\\/spartasportcenter.com\\\/palencia-calle-mayor\\\/body-pump\\\/\"]}]},{\"@type\":\"ImageObject\",\"inLanguage\":\"es\",\"@id\":\"https:\\\/\\\/spartasportcenter.com\\\/palencia-calle-mayor\\\/body-pump\\\/#primaryimage\",\"url\":\"https:\\\/\\\/spartasportcenter.com\\\/palencia-calle-mayor\\\/wp-content\\\/uploads\\\/2024\\\/07\\\/body-pump-palencia-calle-mayor.webp\",\"contentUrl\":\"https:\\\/\\\/spartasportcenter.com\\\/palencia-calle-mayor\\\/wp-content\\\/uploads\\\/2024\\\/07\\\/body-pump-palencia-calle-mayor.webp\",\"width\":2000,\"height\":1333,\"caption\":\"body pump palencia calle mayor\"},{\"@type\":\"BreadcrumbList\",\"@id\":\"https:\\\/\\\/spartasportcenter.com\\\/palencia-calle-mayor\\\/body-pump\\\/#breadcrumb\",\"itemListElement\":[{\"@type\":\"ListItem\",\"position\":1,\"name\":\"Portada\",\"item\":\"https:\\\/\\\/spartasportcenter.com\\\/palencia-calle-mayor\\\/\"},{\"@type\":\"ListItem\",\"position\":2,\"name\":\"Body Pump Palencia calle Mayor\"}]},{\"@type\":\"WebSite\",\"@id\":\"https:\\\/\\\/spartasportcenter.com\\\/palencia-calle-mayor\\\/#website\",\"url\":\"https:\\\/\\\/spartasportcenter.com\\\/palencia-calle-mayor\\\/\",\"name\":\"Sparta Sport Center Palencia calle mayor\",\"description\":\"Gimnasios en Cuenca\",\"potentialAction\":[{\"@type\":\"SearchAction\",\"target\":{\"@type\":\"EntryPoint\",\"urlTemplate\":\"https:\\\/\\\/spartasportcenter.com\\\/palencia-calle-mayor\\\/?s={search_term_string}\"},\"query-input\":{\"@type\":\"PropertyValueSpecification\",\"valueRequired\":true,\"valueName\":\"search_term_string\"}}],\"inLanguage\":\"es\"}]}<\/script>\n<!-- \/ Yoast SEO plugin. -->","yoast_head_json":{"title":"Body Pump Palencia calle Mayor | Sparta","description":"Inscr\u00edbete y disfruta de nuestras clases de Body Pump en Palencia calle Mayor, contamos con un equipo de Instructores 100% dedicados a tu bienestar.","robots":{"index":"index","follow":"follow","max-snippet":"max-snippet:-1","max-image-preview":"max-image-preview:large","max-video-preview":"max-video-preview:-1"},"canonical":"https:\/\/spartasportcenter.com\/palencia-calle-mayor\/body-pump\/","og_locale":"es_ES","og_type":"article","og_title":"Body Pump Palencia calle Mayor | Sparta","og_description":"Inscr\u00edbete y disfruta de nuestras clases de Body Pump en Palencia calle Mayor, contamos con un equipo de Instructores 100% dedicados a tu bienestar.","og_url":"https:\/\/spartasportcenter.com\/palencia-calle-mayor\/body-pump\/","og_site_name":"Sparta Sport Center Palencia calle mayor","article_modified_time":"2025-05-19T14:38:25+00:00","og_image":[{"width":2000,"height":1333,"url":"https:\/\/spartasportcenter.com\/palencia-calle-mayor\/wp-content\/uploads\/2024\/07\/body-pump-palencia-calle-mayor.webp","type":"image\/webp"}],"twitter_card":"summary_large_image","twitter_misc":{"Tiempo de lectura":"4 minutos"},"schema":{"@context":"https:\/\/schema.org","@graph":[{"@type":"WebPage","@id":"https:\/\/spartasportcenter.com\/palencia-calle-mayor\/body-pump\/","url":"https:\/\/spartasportcenter.com\/palencia-calle-mayor\/body-pump\/","name":"Body Pump Palencia calle Mayor | Sparta","isPartOf":{"@id":"https:\/\/spartasportcenter.com\/palencia-calle-mayor\/#website"},"primaryImageOfPage":{"@id":"https:\/\/spartasportcenter.com\/palencia-calle-mayor\/body-pump\/#primaryimage"},"image":{"@id":"https:\/\/spartasportcenter.com\/palencia-calle-mayor\/body-pump\/#primaryimage"},"thumbnailUrl":"https:\/\/spartasportcenter.com\/palencia-calle-mayor\/wp-content\/uploads\/2024\/07\/body-pump-palencia-calle-mayor.webp","datePublished":"2018-08-20T15:49:40+00:00","dateModified":"2025-05-19T14:38:25+00:00","description":"Inscr\u00edbete y disfruta de nuestras clases de Body Pump en Palencia calle Mayor, contamos con un equipo de Instructores 100% dedicados a tu bienestar.","breadcrumb":{"@id":"https:\/\/spartasportcenter.com\/palencia-calle-mayor\/body-pump\/#breadcrumb"},"inLanguage":"es","potentialAction":[{"@type":"ReadAction","target":["https:\/\/spartasportcenter.com\/palencia-calle-mayor\/body-pump\/"]}]},{"@type":"ImageObject","inLanguage":"es","@id":"https:\/\/spartasportcenter.com\/palencia-calle-mayor\/body-pump\/#primaryimage","url":"https:\/\/spartasportcenter.com\/palencia-calle-mayor\/wp-content\/uploads\/2024\/07\/body-pump-palencia-calle-mayor.webp","contentUrl":"https:\/\/spartasportcenter.com\/palencia-calle-mayor\/wp-content\/uploads\/2024\/07\/body-pump-palencia-calle-mayor.webp","width":2000,"height":1333,"caption":"body pump palencia calle mayor"},{"@type":"BreadcrumbList","@id":"https:\/\/spartasportcenter.com\/palencia-calle-mayor\/body-pump\/#breadcrumb","itemListElement":[{"@type":"ListItem","position":1,"name":"Portada","item":"https:\/\/spartasportcenter.com\/palencia-calle-mayor\/"},{"@type":"ListItem","position":2,"name":"Body Pump Palencia calle Mayor"}]},{"@type":"WebSite","@id":"https:\/\/spartasportcenter.com\/palencia-calle-mayor\/#website","url":"https:\/\/spartasportcenter.com\/palencia-calle-mayor\/","name":"Sparta Sport Center Palencia calle mayor","description":"Gimnasios en Cuenca","potentialAction":[{"@type":"SearchAction","target":{"@type":"EntryPoint","urlTemplate":"https:\/\/spartasportcenter.com\/palencia-calle-mayor\/?s={search_term_string}"},"query-input":{"@type":"PropertyValueSpecification","valueRequired":true,"valueName":"search_term_string"}}],"inLanguage":"es"}]}},"_links":{"self":[{"href":"https:\/\/spartasportcenter.com\/palencia-calle-mayor\/wp-json\/wp\/v2\/pages\/206555","targetHints":{"allow":["GET"]}}],"collection":[{"href":"https:\/\/spartasportcenter.com\/palencia-calle-mayor\/wp-json\/wp\/v2\/pages"}],"about":[{"href":"https:\/\/spartasportcenter.com\/palencia-calle-mayor\/wp-json\/wp\/v2\/types\/page"}],"author":[{"embeddable":true,"href":"https:\/\/spartasportcenter.com\/palencia-calle-mayor\/wp-json\/wp\/v2\/users\/1"}],"replies":[{"embeddable":true,"href":"https:\/\/spartasportcenter.com\/palencia-calle-mayor\/wp-json\/wp\/v2\/comments?post=206555"}],"version-history":[{"count":25,"href":"https:\/\/spartasportcenter.com\/palencia-calle-mayor\/wp-json\/wp\/v2\/pages\/206555\/revisions"}],"predecessor-version":[{"id":220535,"href":"https:\/\/spartasportcenter.com\/palencia-calle-mayor\/wp-json\/wp\/v2\/pages\/206555\/revisions\/220535"}],"wp:featuredmedia":[{"embeddable":true,"href":"https:\/\/spartasportcenter.com\/palencia-calle-mayor\/wp-json\/wp\/v2\/media\/220368"}],"wp:attachment":[{"href":"https:\/\/spartasportcenter.com\/palencia-calle-mayor\/wp-json\/wp\/v2\/media?parent=206555"}],"curies":[{"name":"wp","href":"https:\/\/api.w.org\/{rel}","templated":true}]}}