{"id":206541,"date":"2018-08-20T15:40:03","date_gmt":"2018-08-20T15:40:03","guid":{"rendered":"https:\/\/pamplona.spartasportcenter.com\/?page_id=206541"},"modified":"2025-05-19T17:07:16","modified_gmt":"2025-05-19T15:07:16","slug":"spinning","status":"publish","type":"page","link":"https:\/\/spartasportcenter.com\/palencia-calle-mayor\/spinning\/","title":{"rendered":"Spinning Palencia calle Mayor"},"content":{"rendered":"<p>[et_pb_section fb_built=\u00bb1&#8243; custom_padding_last_edited=\u00bbon|phone\u00bb disabled_on=\u00bboff|off|off\u00bb _builder_version=\u00bb4.16&#8243; background_color=\u00bb#262626&#8243; background_enable_image=\u00bboff\u00bb custom_margin=\u00bb||||false|false\u00bb custom_padding=\u00bb80px|0px|0px|0px|false|false\u00bb custom_padding_tablet=\u00bb\u00bb custom_padding_phone=\u00bb30px||50px||false|false\u00bb global_colors_info=\u00bb{}\u00bb][et_pb_row column_structure=\u00bb1_3,2_3&#8243; custom_padding_last_edited=\u00bbon|desktop\u00bb _builder_version=\u00bb4.16&#8243; _module_preset=\u00bbdefault\u00bb custom_padding=\u00bb0px||||false|false\u00bb custom_padding_tablet=\u00bb\u00bb custom_padding_phone=\u00bb0px||||false|false\u00bb global_colors_info=\u00bb{}\u00bb][et_pb_column type=\u00bb1_3&#8243; _builder_version=\u00bb4.16&#8243; _module_preset=\u00bbdefault\u00bb global_colors_info=\u00bb{}\u00bb][et_pb_text _builder_version=\u00bb4.24.2&#8243; text_font=\u00bb||||||||\u00bb header_font=\u00bb||||||||\u00bb header_text_align=\u00bbcenter\u00bb header_2_font=\u00bb|300||on|||||\u00bb header_2_text_align=\u00bbright\u00bb header_2_font_size=\u00bb29px\u00bb custom_margin=\u00bb||0px||false|false\u00bb custom_padding=\u00bb|15%|0px||false|false\u00bb header_2_text_align_tablet=\u00bb\u00bb header_2_text_align_phone=\u00bbleft\u00bb header_2_text_align_last_edited=\u00bbon|phone\u00bb header_2_font_size_tablet=\u00bb51px\u00bb header_2_font_size_phone=\u00bb25px\u00bb header_2_font_size_last_edited=\u00bbon|phone\u00bb border_width_right=\u00bb2px\u00bb border_color_right=\u00bb#cccccc\u00bb border_width_right_tablet=\u00bb\u00bb border_width_right_phone=\u00bb0px\u00bb border_width_right_last_edited=\u00bbon|phone\u00bb locked=\u00bboff\u00bb global_colors_info=\u00bb{}\u00bb]<\/p>\n<h2>Clases de spinning en Palencia calle Mayor<\/h2>\n<p>[\/et_pb_text][\/et_pb_column][et_pb_column type=\u00bb2_3&#8243; _builder_version=\u00bb4.16&#8243; _module_preset=\u00bbdefault\u00bb global_colors_info=\u00bb{}\u00bb][et_pb_text _builder_version=\u00bb4.27.4&#8243; text_font=\u00bb|300|||||||\u00bb text_text_color=\u00bb#cccccc\u00bb text_line_height=\u00bb1.1em\u00bb header_font=\u00bb|300|||||||\u00bb header_2_font=\u00bb|300||on|||||\u00bb header_2_text_color=\u00bb#cccccc\u00bb header_2_font_size=\u00bb36px\u00bb header_2_letter_spacing=\u00bb2px\u00bb background_layout=\u00bbdark\u00bb hover_enabled=\u00bb0&#8243; global_colors_info=\u00bb{}\u00bb sticky_enabled=\u00bb0&#8243;]<\/p>\n<p><span style=\"font-weight: 400;\">En nuestro gimnasio, el Spinning no es simplemente subirse a una bicicleta est\u00e1tica. Es una experiencia completa donde el ritmo, la m\u00fasica, la energ\u00eda del grupo y tu propia fuerza interior se combinan para ofrecerte un entrenamiento cardiovascular inolvidable. Cada clase simula <\/span><b>recorridos al aire libre con subidas, sprints y recuperaciones<\/b><span style=\"font-weight: 400;\">, todo bajo la gu\u00eda de instructores certificados que te empujan a superarte.<\/span><\/p>\n<p><span style=\"font-weight: 400;\">No importa si est\u00e1s dando tus primeros pasos en el mundo del fitness o si ya tienes experiencia en ciclismo indoor: en Sparta Sport Center Palencia calle Mayor, cada sesi\u00f3n se adapta a ti. Nuestras bicicletas de alta gama permiten ajustar la resistencia de forma personalizada, y gracias a la tecnolog\u00eda integrada podr\u00e1s monitorizar tu rendimiento en tiempo real. T\u00fa decides el ritmo; nosotros te damos las herramientas para avanzar.<\/span><\/p>\n<p>[\/et_pb_text][\/et_pb_column][\/et_pb_row][et_pb_row column_structure=\u00bb1_3,2_3&#8243; custom_padding_last_edited=\u00bbon|phone\u00bb _builder_version=\u00bb4.16&#8243; _module_preset=\u00bbdefault\u00bb custom_margin=\u00bb||0px||false|false\u00bb custom_padding=\u00bb||||false|false\u00bb custom_padding_tablet=\u00bb\u00bb custom_padding_phone=\u00bb0px||0px||false|false\u00bb global_colors_info=\u00bb{}\u00bb][et_pb_column type=\u00bb1_3&#8243; _builder_version=\u00bb4.16&#8243; _module_preset=\u00bbdefault\u00bb global_colors_info=\u00bb{}\u00bb][et_pb_text _builder_version=\u00bb4.24.2&#8243; text_font=\u00bb||||||||\u00bb header_font=\u00bb||||||||\u00bb header_text_align=\u00bbcenter\u00bb header_2_font=\u00bb|300||on|||||\u00bb header_2_text_align=\u00bbright\u00bb header_2_font_size=\u00bb29px\u00bb custom_margin=\u00bb||0px||false|false\u00bb custom_padding=\u00bb|15%|0px||false|false\u00bb header_2_text_align_tablet=\u00bb\u00bb header_2_text_align_phone=\u00bbleft\u00bb header_2_text_align_last_edited=\u00bbon|phone\u00bb header_2_font_size_tablet=\u00bb51px\u00bb header_2_font_size_phone=\u00bb25px\u00bb header_2_font_size_last_edited=\u00bbon|phone\u00bb border_width_right=\u00bb2px\u00bb border_color_right=\u00bb#cccccc\u00bb border_width_right_tablet=\u00bb\u00bb border_width_right_phone=\u00bb0px\u00bb border_width_right_last_edited=\u00bbon|phone\u00bb locked=\u00bboff\u00bb global_colors_info=\u00bb{}\u00bb]<\/p>\n<h2>Beneficios del Spinning en Palencia calle Mayor<\/h2>\n<p>[\/et_pb_text][\/et_pb_column][et_pb_column type=\u00bb2_3&#8243; _builder_version=\u00bb4.16&#8243; _module_preset=\u00bbdefault\u00bb global_colors_info=\u00bb{}\u00bb][et_pb_text _builder_version=\u00bb4.27.4&#8243; text_font=\u00bb|300|||||||\u00bb text_text_color=\u00bb#cccccc\u00bb text_line_height=\u00bb1.1em\u00bb header_font=\u00bb|300|||||||\u00bb header_2_font=\u00bb|300||on|||||\u00bb header_2_text_color=\u00bb#cccccc\u00bb header_2_font_size=\u00bb36px\u00bb header_2_letter_spacing=\u00bb2px\u00bb background_layout=\u00bbdark\u00bb hover_enabled=\u00bb0&#8243; global_colors_info=\u00bb{}\u00bb sticky_enabled=\u00bb0&#8243;]<\/p>\n<ul>\n<li style=\"font-weight: 400;\" aria-level=\"1\"><span style=\"font-weight: 400;\">Piernas fuertes y gl\u00fateos tonificados: Cada pedalada fortalece tu tren inferior de forma progresiva y sin impacto en las articulaciones.<\/span><\/li>\n<li style=\"font-weight: 400;\" aria-level=\"1\"><span style=\"font-weight: 400;\">Coraz\u00f3n en forma: El Spinning mejora notablemente tu capacidad cardiovascular y tu resistencia f\u00edsica.<\/span><\/li>\n<li style=\"font-weight: 400;\" aria-level=\"1\"><span style=\"font-weight: 400;\">Gran quema cal\u00f3rica: \u00bfQuieres <\/span><b>quemar entre 400 y 600 calor\u00edas por sesi\u00f3n<\/b><span style=\"font-weight: 400;\">? Aqu\u00ed lo haces mientras disfrutas de la m\u00fasica y el movimiento.<\/span><\/li>\n<li style=\"font-weight: 400;\" aria-level=\"1\"><span style=\"font-weight: 400;\">Adi\u00f3s al estr\u00e9s: La combinaci\u00f3n de ejercicio intenso y m\u00fasica vibrante estimula la liberaci\u00f3n de endorfinas. Saldr\u00e1s m\u00e1s feliz y con la mente despejada.<\/span><\/li>\n<li style=\"font-weight: 400;\" aria-level=\"1\"><span style=\"font-weight: 400;\">Entrenamiento a tu medida: T\u00fa eliges la intensidad. Ajusta la bicicleta seg\u00fan tus capacidades y objetivos.<\/span><\/li>\n<li style=\"font-weight: 400;\" aria-level=\"1\"><span style=\"font-weight: 400;\">Ambiente que impulsa: El trabajo en grupo, la m\u00fasica y la energ\u00eda compartida crean un entorno que te mantiene motivado y con ganas de volver.<\/span><\/li>\n<\/ul>\n<p>[\/et_pb_text][\/et_pb_column][\/et_pb_row][\/et_pb_section][et_pb_section fb_built=\u00bb1&#8243; custom_padding_last_edited=\u00bbon|phone\u00bb _builder_version=\u00bb4.16&#8243; _module_preset=\u00bbdefault\u00bb background_color=\u00bb#262626&#8243; custom_padding=\u00bb0px||50px||false|false\u00bb custom_padding_tablet=\u00bb\u00bb custom_padding_phone=\u00bb||30px||false|false\u00bb global_colors_info=\u00bb{}\u00bb][et_pb_row column_structure=\u00bb1_3,2_3&#8243; custom_padding_last_edited=\u00bbon|phone\u00bb _builder_version=\u00bb4.16&#8243; _module_preset=\u00bbdefault\u00bb custom_padding_tablet=\u00bb\u00bb custom_padding_phone=\u00bb0px||0px||false|false\u00bb global_colors_info=\u00bb{}\u00bb][et_pb_column type=\u00bb1_3&#8243; _builder_version=\u00bb4.16&#8243; _module_preset=\u00bbdefault\u00bb global_colors_info=\u00bb{}\u00bb][et_pb_text _builder_version=\u00bb4.26.1&#8243; text_font=\u00bb||||||||\u00bb header_font=\u00bb||||||||\u00bb header_text_align=\u00bbcenter\u00bb header_2_font=\u00bb|300||on|||||\u00bb header_2_text_align=\u00bbright\u00bb header_2_font_size=\u00bb29px\u00bb custom_margin=\u00bb||0px||false|false\u00bb custom_padding=\u00bb|15%|0px||false|false\u00bb header_2_text_align_tablet=\u00bb\u00bb header_2_text_align_phone=\u00bbleft\u00bb header_2_text_align_last_edited=\u00bbon|phone\u00bb header_2_font_size_tablet=\u00bb51px\u00bb header_2_font_size_phone=\u00bb25px\u00bb header_2_font_size_last_edited=\u00bbon|phone\u00bb border_width_right=\u00bb2px\u00bb border_color_right=\u00bb#cccccc\u00bb border_width_right_tablet=\u00bb\u00bb border_width_right_phone=\u00bb0px\u00bb border_width_right_last_edited=\u00bbon|phone\u00bb locked=\u00bboff\u00bb global_colors_info=\u00bb{}\u00bb]<\/p>\n<h2>Por qu\u00e9 Spinning en Sparta Sport Center Palencia calle Mayor<\/h2>\n<p>[\/et_pb_text][\/et_pb_column][et_pb_column type=\u00bb2_3&#8243; _builder_version=\u00bb4.16&#8243; _module_preset=\u00bbdefault\u00bb global_colors_info=\u00bb{}\u00bb][et_pb_text _builder_version=\u00bb4.27.4&#8243; text_font=\u00bb|300|||||||\u00bb text_text_color=\u00bb#cccccc\u00bb text_line_height=\u00bb1.1em\u00bb header_font=\u00bb|300|||||||\u00bb header_2_font=\u00bb|300||on|||||\u00bb header_2_text_color=\u00bb#cccccc\u00bb header_2_font_size=\u00bb36px\u00bb header_2_letter_spacing=\u00bb2px\u00bb background_layout=\u00bbdark\u00bb hover_enabled=\u00bb0&#8243; global_colors_info=\u00bb{}\u00bb sticky_enabled=\u00bb0&#8243;]<\/p>\n<p><span style=\"font-weight: 400;\">En Sparta Sport Center Palencia calle Mayor, sabemos que un buen entrenamiento es m\u00e1s que esfuerzo f\u00edsico: es <\/span><b>sentirse bien, acompa\u00f1ado y motivado en todo momento<\/b><span style=\"font-weight: 400;\">.<\/span><\/p>\n<ul>\n<li style=\"font-weight: 400;\" aria-level=\"1\"><span style=\"font-weight: 400;\">Entrenadores expertos: Nuestros instructores est\u00e1n cualificados para guiarte, corregirte y animarte desde el primer hasta el \u00faltimo minuto de clase.<\/span><\/li>\n<li style=\"font-weight: 400;\" aria-level=\"1\"><span style=\"font-weight: 400;\">Bicicletas de \u00faltima generaci\u00f3n: Equipadas con tecnolog\u00eda que te permite controlar tu evoluci\u00f3n y personalizar cada entrenamiento.<\/span><\/li>\n<li style=\"font-weight: 400;\" aria-level=\"1\"><span style=\"font-weight: 400;\">Instalaciones acogedoras: <\/span><b>Espacios c\u00f3modos, climatizados y con todo lo necesario<\/b><span style=\"font-weight: 400;\"> para que te centres solo en disfrutar del pedaleo.<\/span><\/li>\n<li style=\"font-weight: 400;\" aria-level=\"1\"><span style=\"font-weight: 400;\">Comunidad activa: Aqu\u00ed no entrenas solo. Compartes el camino con personas que, como t\u00fa, buscan bienestar, salud y motivaci\u00f3n constante.<\/span><\/li>\n<li style=\"font-weight: 400;\" aria-level=\"1\"><span style=\"font-weight: 400;\">Oferta integral: Adem\u00e1s del Spinning, puedes combinar tus entrenamientos con yoga, pilates o rutinas personalizadas para trabajar tu cuerpo de forma global.<\/span><\/li>\n<\/ul>\n<p><span style=\"font-weight: 400;\">Si est\u00e1s listo para un cambio real, si buscas un entrenamiento eficaz que te llene de energ\u00eda y te saque una sonrisa al final de cada sesi\u00f3n, nuestras clases de Spinning en Sparta Sport Center Palencia calle Mayor son para ti.<\/span><\/p>\n<p>[\/et_pb_text][\/et_pb_column][\/et_pb_row][\/et_pb_section]<\/p>\n","protected":false},"excerpt":{"rendered":"<p>Clases de spinning en Palencia calle MayorEn nuestro gimnasio, el Spinning no es simplemente subirse a una bicicleta est\u00e1tica. Es una experiencia completa donde el ritmo, la m\u00fasica, la energ\u00eda del grupo y tu propia fuerza interior se combinan para ofrecerte un entrenamiento cardiovascular inolvidable. Cada clase simula recorridos al aire libre con subidas, sprints [&hellip;]<\/p>\n","protected":false},"author":1,"featured_media":220374,"parent":0,"menu_order":0,"comment_status":"closed","ping_status":"closed","template":"","meta":{"_et_pb_use_builder":"on","_et_pb_old_content":"","_et_gb_content_width":"","footnotes":""},"class_list":["post-206541","page","type-page","status-publish","has-post-thumbnail","hentry"],"yoast_head":"<!-- This site is optimized with the Yoast SEO plugin v27.4 - https:\/\/yoast.com\/product\/yoast-seo-wordpress\/ -->\n<title>Spinning Palencia calle Mayor | Sparta<\/title>\n<meta name=\"description\" content=\"Inscr\u00edbete y disfruta de nuestras clases de spinning en Palencia calle Mayor, contamos con un equipo de Instructores 100% dedicados a tu bienestar.\" \/>\n<meta name=\"robots\" content=\"index, follow, max-snippet:-1, max-image-preview:large, max-video-preview:-1\" \/>\n<link rel=\"canonical\" href=\"https:\/\/spartasportcenter.com\/palencia-calle-mayor\/spinning\/\" \/>\n<meta property=\"og:locale\" content=\"es_ES\" \/>\n<meta property=\"og:type\" content=\"article\" \/>\n<meta property=\"og:title\" content=\"Spinning Palencia calle Mayor | Sparta\" \/>\n<meta property=\"og:description\" content=\"Inscr\u00edbete y disfruta de nuestras clases de spinning en Palencia calle Mayor, contamos con un equipo de Instructores 100% dedicados a tu bienestar.\" \/>\n<meta property=\"og:url\" content=\"https:\/\/spartasportcenter.com\/palencia-calle-mayor\/spinning\/\" \/>\n<meta property=\"og:site_name\" content=\"Sparta Sport Center Palencia calle mayor\" \/>\n<meta property=\"article:modified_time\" content=\"2025-05-19T15:07:16+00:00\" \/>\n<meta property=\"og:image\" content=\"https:\/\/spartasportcenter.com\/palencia-calle-mayor\/wp-content\/uploads\/2024\/07\/spinning-palencia-calle-mayor.webp\" \/>\n\t<meta property=\"og:image:width\" content=\"2000\" \/>\n\t<meta property=\"og:image:height\" content=\"1333\" \/>\n\t<meta property=\"og:image:type\" content=\"image\/webp\" \/>\n<meta name=\"twitter:card\" content=\"summary_large_image\" \/>\n<meta name=\"twitter:label1\" content=\"Tiempo de lectura\" \/>\n\t<meta name=\"twitter:data1\" content=\"4 minutos\" \/>\n<script type=\"application\/ld+json\" class=\"yoast-schema-graph\">{\"@context\":\"https:\\\/\\\/schema.org\",\"@graph\":[{\"@type\":\"WebPage\",\"@id\":\"https:\\\/\\\/spartasportcenter.com\\\/palencia-calle-mayor\\\/spinning\\\/\",\"url\":\"https:\\\/\\\/spartasportcenter.com\\\/palencia-calle-mayor\\\/spinning\\\/\",\"name\":\"Spinning Palencia calle Mayor | Sparta\",\"isPartOf\":{\"@id\":\"https:\\\/\\\/spartasportcenter.com\\\/palencia-calle-mayor\\\/#website\"},\"primaryImageOfPage\":{\"@id\":\"https:\\\/\\\/spartasportcenter.com\\\/palencia-calle-mayor\\\/spinning\\\/#primaryimage\"},\"image\":{\"@id\":\"https:\\\/\\\/spartasportcenter.com\\\/palencia-calle-mayor\\\/spinning\\\/#primaryimage\"},\"thumbnailUrl\":\"https:\\\/\\\/spartasportcenter.com\\\/palencia-calle-mayor\\\/wp-content\\\/uploads\\\/2024\\\/07\\\/spinning-palencia-calle-mayor.webp\",\"datePublished\":\"2018-08-20T15:40:03+00:00\",\"dateModified\":\"2025-05-19T15:07:16+00:00\",\"description\":\"Inscr\u00edbete y disfruta de nuestras clases de spinning en Palencia calle Mayor, contamos con un equipo de Instructores 100% dedicados a tu bienestar.\",\"breadcrumb\":{\"@id\":\"https:\\\/\\\/spartasportcenter.com\\\/palencia-calle-mayor\\\/spinning\\\/#breadcrumb\"},\"inLanguage\":\"es\",\"potentialAction\":[{\"@type\":\"ReadAction\",\"target\":[\"https:\\\/\\\/spartasportcenter.com\\\/palencia-calle-mayor\\\/spinning\\\/\"]}]},{\"@type\":\"ImageObject\",\"inLanguage\":\"es\",\"@id\":\"https:\\\/\\\/spartasportcenter.com\\\/palencia-calle-mayor\\\/spinning\\\/#primaryimage\",\"url\":\"https:\\\/\\\/spartasportcenter.com\\\/palencia-calle-mayor\\\/wp-content\\\/uploads\\\/2024\\\/07\\\/spinning-palencia-calle-mayor.webp\",\"contentUrl\":\"https:\\\/\\\/spartasportcenter.com\\\/palencia-calle-mayor\\\/wp-content\\\/uploads\\\/2024\\\/07\\\/spinning-palencia-calle-mayor.webp\",\"width\":2000,\"height\":1333,\"caption\":\"spinning palencia calle mayor\"},{\"@type\":\"BreadcrumbList\",\"@id\":\"https:\\\/\\\/spartasportcenter.com\\\/palencia-calle-mayor\\\/spinning\\\/#breadcrumb\",\"itemListElement\":[{\"@type\":\"ListItem\",\"position\":1,\"name\":\"Portada\",\"item\":\"https:\\\/\\\/spartasportcenter.com\\\/palencia-calle-mayor\\\/\"},{\"@type\":\"ListItem\",\"position\":2,\"name\":\"Spinning Palencia calle Mayor\"}]},{\"@type\":\"WebSite\",\"@id\":\"https:\\\/\\\/spartasportcenter.com\\\/palencia-calle-mayor\\\/#website\",\"url\":\"https:\\\/\\\/spartasportcenter.com\\\/palencia-calle-mayor\\\/\",\"name\":\"Sparta Sport Center Palencia calle mayor\",\"description\":\"Gimnasios en Cuenca\",\"potentialAction\":[{\"@type\":\"SearchAction\",\"target\":{\"@type\":\"EntryPoint\",\"urlTemplate\":\"https:\\\/\\\/spartasportcenter.com\\\/palencia-calle-mayor\\\/?s={search_term_string}\"},\"query-input\":{\"@type\":\"PropertyValueSpecification\",\"valueRequired\":true,\"valueName\":\"search_term_string\"}}],\"inLanguage\":\"es\"}]}<\/script>\n<!-- \/ Yoast SEO plugin. -->","yoast_head_json":{"title":"Spinning Palencia calle Mayor | Sparta","description":"Inscr\u00edbete y disfruta de nuestras clases de spinning en Palencia calle Mayor, contamos con un equipo de Instructores 100% dedicados a tu bienestar.","robots":{"index":"index","follow":"follow","max-snippet":"max-snippet:-1","max-image-preview":"max-image-preview:large","max-video-preview":"max-video-preview:-1"},"canonical":"https:\/\/spartasportcenter.com\/palencia-calle-mayor\/spinning\/","og_locale":"es_ES","og_type":"article","og_title":"Spinning Palencia calle Mayor | Sparta","og_description":"Inscr\u00edbete y disfruta de nuestras clases de spinning en Palencia calle Mayor, contamos con un equipo de Instructores 100% dedicados a tu bienestar.","og_url":"https:\/\/spartasportcenter.com\/palencia-calle-mayor\/spinning\/","og_site_name":"Sparta Sport Center Palencia calle mayor","article_modified_time":"2025-05-19T15:07:16+00:00","og_image":[{"width":2000,"height":1333,"url":"https:\/\/spartasportcenter.com\/palencia-calle-mayor\/wp-content\/uploads\/2024\/07\/spinning-palencia-calle-mayor.webp","type":"image\/webp"}],"twitter_card":"summary_large_image","twitter_misc":{"Tiempo de lectura":"4 minutos"},"schema":{"@context":"https:\/\/schema.org","@graph":[{"@type":"WebPage","@id":"https:\/\/spartasportcenter.com\/palencia-calle-mayor\/spinning\/","url":"https:\/\/spartasportcenter.com\/palencia-calle-mayor\/spinning\/","name":"Spinning Palencia calle Mayor | Sparta","isPartOf":{"@id":"https:\/\/spartasportcenter.com\/palencia-calle-mayor\/#website"},"primaryImageOfPage":{"@id":"https:\/\/spartasportcenter.com\/palencia-calle-mayor\/spinning\/#primaryimage"},"image":{"@id":"https:\/\/spartasportcenter.com\/palencia-calle-mayor\/spinning\/#primaryimage"},"thumbnailUrl":"https:\/\/spartasportcenter.com\/palencia-calle-mayor\/wp-content\/uploads\/2024\/07\/spinning-palencia-calle-mayor.webp","datePublished":"2018-08-20T15:40:03+00:00","dateModified":"2025-05-19T15:07:16+00:00","description":"Inscr\u00edbete y disfruta de nuestras clases de spinning en Palencia calle Mayor, contamos con un equipo de Instructores 100% dedicados a tu bienestar.","breadcrumb":{"@id":"https:\/\/spartasportcenter.com\/palencia-calle-mayor\/spinning\/#breadcrumb"},"inLanguage":"es","potentialAction":[{"@type":"ReadAction","target":["https:\/\/spartasportcenter.com\/palencia-calle-mayor\/spinning\/"]}]},{"@type":"ImageObject","inLanguage":"es","@id":"https:\/\/spartasportcenter.com\/palencia-calle-mayor\/spinning\/#primaryimage","url":"https:\/\/spartasportcenter.com\/palencia-calle-mayor\/wp-content\/uploads\/2024\/07\/spinning-palencia-calle-mayor.webp","contentUrl":"https:\/\/spartasportcenter.com\/palencia-calle-mayor\/wp-content\/uploads\/2024\/07\/spinning-palencia-calle-mayor.webp","width":2000,"height":1333,"caption":"spinning palencia calle mayor"},{"@type":"BreadcrumbList","@id":"https:\/\/spartasportcenter.com\/palencia-calle-mayor\/spinning\/#breadcrumb","itemListElement":[{"@type":"ListItem","position":1,"name":"Portada","item":"https:\/\/spartasportcenter.com\/palencia-calle-mayor\/"},{"@type":"ListItem","position":2,"name":"Spinning Palencia calle Mayor"}]},{"@type":"WebSite","@id":"https:\/\/spartasportcenter.com\/palencia-calle-mayor\/#website","url":"https:\/\/spartasportcenter.com\/palencia-calle-mayor\/","name":"Sparta Sport Center Palencia calle mayor","description":"Gimnasios en Cuenca","potentialAction":[{"@type":"SearchAction","target":{"@type":"EntryPoint","urlTemplate":"https:\/\/spartasportcenter.com\/palencia-calle-mayor\/?s={search_term_string}"},"query-input":{"@type":"PropertyValueSpecification","valueRequired":true,"valueName":"search_term_string"}}],"inLanguage":"es"}]}},"_links":{"self":[{"href":"https:\/\/spartasportcenter.com\/palencia-calle-mayor\/wp-json\/wp\/v2\/pages\/206541","targetHints":{"allow":["GET"]}}],"collection":[{"href":"https:\/\/spartasportcenter.com\/palencia-calle-mayor\/wp-json\/wp\/v2\/pages"}],"about":[{"href":"https:\/\/spartasportcenter.com\/palencia-calle-mayor\/wp-json\/wp\/v2\/types\/page"}],"author":[{"embeddable":true,"href":"https:\/\/spartasportcenter.com\/palencia-calle-mayor\/wp-json\/wp\/v2\/users\/1"}],"replies":[{"embeddable":true,"href":"https:\/\/spartasportcenter.com\/palencia-calle-mayor\/wp-json\/wp\/v2\/comments?post=206541"}],"version-history":[{"count":25,"href":"https:\/\/spartasportcenter.com\/palencia-calle-mayor\/wp-json\/wp\/v2\/pages\/206541\/revisions"}],"predecessor-version":[{"id":220550,"href":"https:\/\/spartasportcenter.com\/palencia-calle-mayor\/wp-json\/wp\/v2\/pages\/206541\/revisions\/220550"}],"wp:featuredmedia":[{"embeddable":true,"href":"https:\/\/spartasportcenter.com\/palencia-calle-mayor\/wp-json\/wp\/v2\/media\/220374"}],"wp:attachment":[{"href":"https:\/\/spartasportcenter.com\/palencia-calle-mayor\/wp-json\/wp\/v2\/media?parent=206541"}],"curies":[{"name":"wp","href":"https:\/\/api.w.org\/{rel}","templated":true}]}}