{"id":206537,"date":"2018-08-20T15:25:27","date_gmt":"2018-08-20T15:25:27","guid":{"rendered":"https:\/\/pamplona.spartasportcenter.com\/?page_id=206537"},"modified":"2025-05-19T17:13:38","modified_gmt":"2025-05-19T15:13:38","slug":"zumba","status":"publish","type":"page","link":"https:\/\/spartasportcenter.com\/palencia-calle-mayor\/zumba\/","title":{"rendered":"Zumba Palencia calle Mayor"},"content":{"rendered":"<p>[et_pb_section fb_built=\u00bb1&#8243; custom_padding_last_edited=\u00bbon|phone\u00bb disabled_on=\u00bboff|off|off\u00bb _builder_version=\u00bb4.16&#8243; background_color=\u00bb#262626&#8243; background_enable_image=\u00bboff\u00bb custom_margin=\u00bb||||false|false\u00bb custom_padding=\u00bb80px|0px|0px|0px|false|false\u00bb custom_padding_tablet=\u00bb\u00bb custom_padding_phone=\u00bb30px||50px||false|false\u00bb global_colors_info=\u00bb{}\u00bb][et_pb_row column_structure=\u00bb1_3,2_3&#8243; custom_padding_last_edited=\u00bbon|desktop\u00bb _builder_version=\u00bb4.16&#8243; _module_preset=\u00bbdefault\u00bb custom_padding=\u00bb0px||||false|false\u00bb custom_padding_tablet=\u00bb\u00bb custom_padding_phone=\u00bb0px||||false|false\u00bb global_colors_info=\u00bb{}\u00bb][et_pb_column type=\u00bb1_3&#8243; _builder_version=\u00bb4.16&#8243; _module_preset=\u00bbdefault\u00bb global_colors_info=\u00bb{}\u00bb][et_pb_text _builder_version=\u00bb4.20.0&#8243; text_font=\u00bb||||||||\u00bb header_font=\u00bb||||||||\u00bb header_text_align=\u00bbcenter\u00bb header_2_font=\u00bb|300||on|||||\u00bb header_2_text_align=\u00bbright\u00bb header_2_font_size=\u00bb29px\u00bb custom_margin=\u00bb||0px||false|false\u00bb custom_padding=\u00bb|15%|0px||false|false\u00bb header_2_text_align_tablet=\u00bb\u00bb header_2_text_align_phone=\u00bbleft\u00bb header_2_text_align_last_edited=\u00bbon|phone\u00bb header_2_font_size_tablet=\u00bb51px\u00bb header_2_font_size_phone=\u00bb25px\u00bb header_2_font_size_last_edited=\u00bbon|phone\u00bb border_width_right=\u00bb2px\u00bb border_color_right=\u00bb#cccccc\u00bb border_width_right_tablet=\u00bb\u00bb border_width_right_phone=\u00bb0px\u00bb border_width_right_last_edited=\u00bbon|phone\u00bb locked=\u00bboff\u00bb global_colors_info=\u00bb{}\u00bb]<\/p>\n<h2>Clases de zumba en Palencia calle Mayor<\/h2>\n<p>[\/et_pb_text][\/et_pb_column][et_pb_column type=\u00bb2_3&#8243; _builder_version=\u00bb4.16&#8243; _module_preset=\u00bbdefault\u00bb global_colors_info=\u00bb{}\u00bb][et_pb_text _builder_version=\u00bb4.27.4&#8243; text_font=\u00bb|300|||||||\u00bb text_text_color=\u00bb#cccccc\u00bb text_line_height=\u00bb1.1em\u00bb header_font=\u00bb|300|||||||\u00bb header_2_font=\u00bb|300||on|||||\u00bb header_2_text_color=\u00bb#cccccc\u00bb header_2_font_size=\u00bb36px\u00bb header_2_letter_spacing=\u00bb2px\u00bb background_layout=\u00bbdark\u00bb hover_enabled=\u00bb0&#8243; global_colors_info=\u00bb{}\u00bb sticky_enabled=\u00bb0&#8243;]<\/p>\n<p><span style=\"font-weight: 400;\">En nuestras clases de Zumba no solo te mueves al ritmo de los mejores temas latinos y actuales, sino que tambi\u00e9n <\/span><b>sudas, r\u00edes y liberas tensiones<\/b><span style=\"font-weight: 400;\">. Sabemos que entrenar no siempre es f\u00e1cil, por eso en Sparta Sport Center Palencia calle Mayor hemos creado un espacio donde hacer ejercicio se siente m\u00e1s como una celebraci\u00f3n que como una rutina.<\/span><\/p>\n<p><span style=\"font-weight: 400;\">Ya seas principiante o tengas experiencia bailando, nuestras clases est\u00e1n pensadas para todos los niveles. Cada coreograf\u00eda es sencilla de seguir, pero lo suficientemente activa como para que quemes calor\u00edas sin darte cuenta. Adem\u00e1s, nuestros instructores certificados estar\u00e1n contigo en cada paso, asegur\u00e1ndose de que te diviertas y saques el m\u00e1ximo provecho de cada sesi\u00f3n.<\/span><\/p>\n<p>[\/et_pb_text][\/et_pb_column][\/et_pb_row][et_pb_row column_structure=\u00bb1_3,2_3&#8243; custom_padding_last_edited=\u00bbon|phone\u00bb _builder_version=\u00bb4.16&#8243; _module_preset=\u00bbdefault\u00bb custom_margin=\u00bb||0px||false|false\u00bb custom_padding=\u00bb||||false|false\u00bb custom_padding_tablet=\u00bb\u00bb custom_padding_phone=\u00bb0px||0px||false|false\u00bb global_colors_info=\u00bb{}\u00bb][et_pb_column type=\u00bb1_3&#8243; _builder_version=\u00bb4.16&#8243; _module_preset=\u00bbdefault\u00bb global_colors_info=\u00bb{}\u00bb][et_pb_text _builder_version=\u00bb4.24.2&#8243; text_font=\u00bb||||||||\u00bb header_font=\u00bb||||||||\u00bb header_text_align=\u00bbcenter\u00bb header_2_font=\u00bb|300||on|||||\u00bb header_2_text_align=\u00bbright\u00bb header_2_font_size=\u00bb29px\u00bb custom_margin=\u00bb||0px||false|false\u00bb custom_padding=\u00bb|15%|0px||false|false\u00bb header_2_text_align_tablet=\u00bb\u00bb header_2_text_align_phone=\u00bbleft\u00bb header_2_text_align_last_edited=\u00bbon|phone\u00bb header_2_font_size_tablet=\u00bb51px\u00bb header_2_font_size_phone=\u00bb25px\u00bb header_2_font_size_last_edited=\u00bbon|phone\u00bb border_width_right=\u00bb2px\u00bb border_color_right=\u00bb#cccccc\u00bb border_width_right_tablet=\u00bb\u00bb border_width_right_phone=\u00bb0px\u00bb border_width_right_last_edited=\u00bbon|phone\u00bb locked=\u00bboff\u00bb global_colors_info=\u00bb{}\u00bb]<\/p>\n<h2>Beneficios de la Zumba en Palencia calle Mayor<\/h2>\n<p>[\/et_pb_text][\/et_pb_column][et_pb_column type=\u00bb2_3&#8243; _builder_version=\u00bb4.16&#8243; _module_preset=\u00bbdefault\u00bb global_colors_info=\u00bb{}\u00bb][et_pb_text _builder_version=\u00bb4.27.4&#8243; text_font=\u00bb|300|||||||\u00bb text_text_color=\u00bb#cccccc\u00bb text_line_height=\u00bb1.1em\u00bb header_font=\u00bb|300|||||||\u00bb header_2_font=\u00bb|300||on|||||\u00bb header_2_text_color=\u00bb#cccccc\u00bb header_2_font_size=\u00bb36px\u00bb header_2_letter_spacing=\u00bb2px\u00bb background_layout=\u00bbdark\u00bb hover_enabled=\u00bb0&#8243; global_colors_info=\u00bb{}\u00bb sticky_enabled=\u00bb0&#8243;]<\/p>\n<ul>\n<li style=\"font-weight: 400;\" aria-level=\"1\"><span style=\"font-weight: 400;\">Quema de calor\u00edas sin darte cuenta: Una sesi\u00f3n puede ayudarte a eliminar <\/span><b>hasta 500 calor\u00edas con solo bailar<\/b><span style=\"font-weight: 400;\">.<\/span><\/li>\n<li style=\"font-weight: 400;\" aria-level=\"1\"><span style=\"font-weight: 400;\">Coraz\u00f3n fuerte y pulmones activos: Mejora tu capacidad cardiovascular mientras disfrutas del ritmo.<\/span><\/li>\n<li style=\"font-weight: 400;\" aria-level=\"1\"><span style=\"font-weight: 400;\">Cuerpo tonificado: Tonificas piernas, gl\u00fateos, abdomen y brazos con cada paso de baile.<\/span><\/li>\n<li style=\"font-weight: 400;\" aria-level=\"1\"><span style=\"font-weight: 400;\">Adi\u00f3s al estr\u00e9s: La m\u00fasica y el movimiento liberan endorfinas que elevan tu estado de \u00e1nimo.<\/span><\/li>\n<li style=\"font-weight: 400;\" aria-level=\"1\"><span style=\"font-weight: 400;\">Ambiente social y positivo: Conoce a personas como t\u00fa, que buscan cuidarse mientras se lo pasan bien.<\/span><\/li>\n<\/ul>\n<p>[\/et_pb_text][\/et_pb_column][\/et_pb_row][\/et_pb_section][et_pb_section fb_built=\u00bb1&#8243; custom_padding_last_edited=\u00bbon|phone\u00bb _builder_version=\u00bb4.16&#8243; _module_preset=\u00bbdefault\u00bb background_color=\u00bb#262626&#8243; custom_padding=\u00bb0px||50px||false|false\u00bb custom_padding_tablet=\u00bb\u00bb custom_padding_phone=\u00bb||30px||false|false\u00bb global_colors_info=\u00bb{}\u00bb][et_pb_row column_structure=\u00bb1_3,2_3&#8243; custom_padding_last_edited=\u00bbon|phone\u00bb _builder_version=\u00bb4.16&#8243; _module_preset=\u00bbdefault\u00bb custom_padding_tablet=\u00bb\u00bb custom_padding_phone=\u00bb0px||0px||false|false\u00bb global_colors_info=\u00bb{}\u00bb][et_pb_column type=\u00bb1_3&#8243; _builder_version=\u00bb4.16&#8243; _module_preset=\u00bbdefault\u00bb global_colors_info=\u00bb{}\u00bb][et_pb_text _builder_version=\u00bb4.26.1&#8243; text_font=\u00bb||||||||\u00bb header_font=\u00bb||||||||\u00bb header_text_align=\u00bbcenter\u00bb header_2_font=\u00bb|300||on|||||\u00bb header_2_text_align=\u00bbright\u00bb header_2_font_size=\u00bb29px\u00bb custom_margin=\u00bb||0px||false|false\u00bb custom_padding=\u00bb|15%|0px||false|false\u00bb header_2_text_align_tablet=\u00bb\u00bb header_2_text_align_phone=\u00bbleft\u00bb header_2_text_align_last_edited=\u00bbon|phone\u00bb header_2_font_size_tablet=\u00bb51px\u00bb header_2_font_size_phone=\u00bb25px\u00bb header_2_font_size_last_edited=\u00bbon|phone\u00bb border_width_right=\u00bb2px\u00bb border_color_right=\u00bb#cccccc\u00bb border_width_right_tablet=\u00bb\u00bb border_width_right_phone=\u00bb0px\u00bb border_width_right_last_edited=\u00bbon|phone\u00bb locked=\u00bboff\u00bb global_colors_info=\u00bb{}\u00bb]<\/p>\n<h2>Por qu\u00e9 Zumba en Sparta Sport Center Palencia calle Mayor<\/h2>\n<p>[\/et_pb_text][\/et_pb_column][et_pb_column type=\u00bb2_3&#8243; _builder_version=\u00bb4.16&#8243; _module_preset=\u00bbdefault\u00bb global_colors_info=\u00bb{}\u00bb][et_pb_text _builder_version=\u00bb4.27.4&#8243; text_font=\u00bb|300|||||||\u00bb text_text_color=\u00bb#cccccc\u00bb text_line_height=\u00bb1.1em\u00bb header_font=\u00bb|300|||||||\u00bb header_2_font=\u00bb|300||on|||||\u00bb header_2_text_color=\u00bb#cccccc\u00bb header_2_font_size=\u00bb36px\u00bb header_2_letter_spacing=\u00bb2px\u00bb background_layout=\u00bbdark\u00bb hover_enabled=\u00bb0&#8243; global_colors_info=\u00bb{}\u00bb sticky_enabled=\u00bb0&#8243;]<\/p>\n<p><span style=\"font-weight: 400;\">En Sparta Sport Center Palencia calle Mayor, nos esforzamos para que cada clase sea m\u00e1s que un entrenamiento: sea un momento que esperes con ganas durante tu semana. Esto es lo que te ofrecemos:<\/span><\/p>\n<ul>\n<li style=\"font-weight: 400;\" aria-level=\"1\"><span style=\"font-weight: 400;\">Instructores expertos y llenos de energ\u00eda: Profesionales que gu\u00edan, motivan y contagian buen rollo.<\/span><\/li>\n<li style=\"font-weight: 400;\" aria-level=\"1\"><span style=\"font-weight: 400;\">Instalaciones c\u00f3modas y bien equipadas, listas para que te muevas con total libertad.<\/span><\/li>\n<li style=\"font-weight: 400;\" aria-level=\"1\"><span style=\"font-weight: 400;\">Horarios variados, para que puedas encontrar siempre el momento perfecto sin complicaciones.<\/span><\/li>\n<li style=\"font-weight: 400;\" aria-level=\"1\"><span style=\"font-weight: 400;\">Apoyo integral: Desde el entrenamiento hasta la nutrici\u00f3n, estamos aqu\u00ed para ayudarte a conseguir tus metas.<\/span><\/li>\n<\/ul>\n<p><span style=\"font-weight: 400;\">Aqu\u00ed, en Sparta Sport Center, creemos que <\/span><b>cuidarte no tiene por qu\u00e9 ser aburrido<\/b><span style=\"font-weight: 400;\">, y nuestras clases de Zumba son prueba de ello. Cada sesi\u00f3n es una dosis de energ\u00eda positiva que transforma tu cuerpo y renueva tu mente.<\/span><\/p>\n<p><span style=\"font-weight: 400;\">As\u00ed que si est\u00e1s listo para dar el primer paso, moverte con alegr\u00eda y conectar contigo mismo a trav\u00e9s de la m\u00fasica, te esperamos en nuestras clases de Zumba en Palencia calle Mayor. \u00a1Ven a descubrir lo bien que se siente entrenar bailando!<\/span><\/p>\n<p>[\/et_pb_text][\/et_pb_column][\/et_pb_row][\/et_pb_section]<\/p>\n","protected":false},"excerpt":{"rendered":"<p>Clases de zumba en Palencia calle MayorEn nuestras clases de Zumba no solo te mueves al ritmo de los mejores temas latinos y actuales, sino que tambi\u00e9n sudas, r\u00edes y liberas tensiones. Sabemos que entrenar no siempre es f\u00e1cil, por eso en Sparta Sport Center Palencia calle Mayor hemos creado un espacio donde hacer ejercicio [&hellip;]<\/p>\n","protected":false},"author":1,"featured_media":220377,"parent":0,"menu_order":0,"comment_status":"closed","ping_status":"closed","template":"","meta":{"_et_pb_use_builder":"on","_et_pb_old_content":"","_et_gb_content_width":"","footnotes":""},"class_list":["post-206537","page","type-page","status-publish","has-post-thumbnail","hentry"],"yoast_head":"<!-- This site is optimized with the Yoast SEO plugin v27.4 - https:\/\/yoast.com\/product\/yoast-seo-wordpress\/ -->\n<title>Zumba Palencia calle Mayor | Sparta Sport Center<\/title>\n<meta name=\"description\" content=\"Inscr\u00edbete y disfruta de nuestras clases de zumba en Palencia calle Mayor, contamos con un equipo de instructores 100% dedicados a tu bienestar.\" \/>\n<meta name=\"robots\" content=\"index, follow, max-snippet:-1, max-image-preview:large, max-video-preview:-1\" \/>\n<link rel=\"canonical\" href=\"https:\/\/spartasportcenter.com\/palencia-calle-mayor\/zumba\/\" \/>\n<meta property=\"og:locale\" content=\"es_ES\" \/>\n<meta property=\"og:type\" content=\"article\" \/>\n<meta property=\"og:title\" content=\"Zumba Palencia calle Mayor | Sparta Sport Center\" \/>\n<meta property=\"og:description\" content=\"Inscr\u00edbete y disfruta de nuestras clases de zumba en Palencia calle Mayor, contamos con un equipo de instructores 100% dedicados a tu bienestar.\" \/>\n<meta property=\"og:url\" content=\"https:\/\/spartasportcenter.com\/palencia-calle-mayor\/zumba\/\" \/>\n<meta property=\"og:site_name\" content=\"Sparta Sport Center Palencia calle mayor\" \/>\n<meta property=\"article:modified_time\" content=\"2025-05-19T15:13:38+00:00\" \/>\n<meta property=\"og:image\" content=\"https:\/\/spartasportcenter.com\/palencia-calle-mayor\/wp-content\/uploads\/2024\/07\/zumba-palencia-calle-mayor.webp\" \/>\n\t<meta property=\"og:image:width\" content=\"2000\" \/>\n\t<meta property=\"og:image:height\" content=\"1333\" \/>\n\t<meta property=\"og:image:type\" content=\"image\/webp\" \/>\n<meta name=\"twitter:card\" content=\"summary_large_image\" \/>\n<meta name=\"twitter:label1\" content=\"Tiempo de lectura\" \/>\n\t<meta name=\"twitter:data1\" content=\"4 minutos\" \/>\n<script type=\"application\/ld+json\" class=\"yoast-schema-graph\">{\"@context\":\"https:\\\/\\\/schema.org\",\"@graph\":[{\"@type\":\"WebPage\",\"@id\":\"https:\\\/\\\/spartasportcenter.com\\\/palencia-calle-mayor\\\/zumba\\\/\",\"url\":\"https:\\\/\\\/spartasportcenter.com\\\/palencia-calle-mayor\\\/zumba\\\/\",\"name\":\"Zumba Palencia calle Mayor | Sparta Sport Center\",\"isPartOf\":{\"@id\":\"https:\\\/\\\/spartasportcenter.com\\\/palencia-calle-mayor\\\/#website\"},\"primaryImageOfPage\":{\"@id\":\"https:\\\/\\\/spartasportcenter.com\\\/palencia-calle-mayor\\\/zumba\\\/#primaryimage\"},\"image\":{\"@id\":\"https:\\\/\\\/spartasportcenter.com\\\/palencia-calle-mayor\\\/zumba\\\/#primaryimage\"},\"thumbnailUrl\":\"https:\\\/\\\/spartasportcenter.com\\\/palencia-calle-mayor\\\/wp-content\\\/uploads\\\/2024\\\/07\\\/zumba-palencia-calle-mayor.webp\",\"datePublished\":\"2018-08-20T15:25:27+00:00\",\"dateModified\":\"2025-05-19T15:13:38+00:00\",\"description\":\"Inscr\u00edbete y disfruta de nuestras clases de zumba en Palencia calle Mayor, contamos con un equipo de instructores 100% dedicados a tu bienestar.\",\"breadcrumb\":{\"@id\":\"https:\\\/\\\/spartasportcenter.com\\\/palencia-calle-mayor\\\/zumba\\\/#breadcrumb\"},\"inLanguage\":\"es\",\"potentialAction\":[{\"@type\":\"ReadAction\",\"target\":[\"https:\\\/\\\/spartasportcenter.com\\\/palencia-calle-mayor\\\/zumba\\\/\"]}]},{\"@type\":\"ImageObject\",\"inLanguage\":\"es\",\"@id\":\"https:\\\/\\\/spartasportcenter.com\\\/palencia-calle-mayor\\\/zumba\\\/#primaryimage\",\"url\":\"https:\\\/\\\/spartasportcenter.com\\\/palencia-calle-mayor\\\/wp-content\\\/uploads\\\/2024\\\/07\\\/zumba-palencia-calle-mayor.webp\",\"contentUrl\":\"https:\\\/\\\/spartasportcenter.com\\\/palencia-calle-mayor\\\/wp-content\\\/uploads\\\/2024\\\/07\\\/zumba-palencia-calle-mayor.webp\",\"width\":2000,\"height\":1333,\"caption\":\"zumba palencia calle mayor\"},{\"@type\":\"BreadcrumbList\",\"@id\":\"https:\\\/\\\/spartasportcenter.com\\\/palencia-calle-mayor\\\/zumba\\\/#breadcrumb\",\"itemListElement\":[{\"@type\":\"ListItem\",\"position\":1,\"name\":\"Portada\",\"item\":\"https:\\\/\\\/spartasportcenter.com\\\/palencia-calle-mayor\\\/\"},{\"@type\":\"ListItem\",\"position\":2,\"name\":\"Zumba Palencia calle Mayor\"}]},{\"@type\":\"WebSite\",\"@id\":\"https:\\\/\\\/spartasportcenter.com\\\/palencia-calle-mayor\\\/#website\",\"url\":\"https:\\\/\\\/spartasportcenter.com\\\/palencia-calle-mayor\\\/\",\"name\":\"Sparta Sport Center Palencia calle mayor\",\"description\":\"Gimnasios en Cuenca\",\"potentialAction\":[{\"@type\":\"SearchAction\",\"target\":{\"@type\":\"EntryPoint\",\"urlTemplate\":\"https:\\\/\\\/spartasportcenter.com\\\/palencia-calle-mayor\\\/?s={search_term_string}\"},\"query-input\":{\"@type\":\"PropertyValueSpecification\",\"valueRequired\":true,\"valueName\":\"search_term_string\"}}],\"inLanguage\":\"es\"}]}<\/script>\n<!-- \/ Yoast SEO plugin. -->","yoast_head_json":{"title":"Zumba Palencia calle Mayor | Sparta Sport Center","description":"Inscr\u00edbete y disfruta de nuestras clases de zumba en Palencia calle Mayor, contamos con un equipo de instructores 100% dedicados a tu bienestar.","robots":{"index":"index","follow":"follow","max-snippet":"max-snippet:-1","max-image-preview":"max-image-preview:large","max-video-preview":"max-video-preview:-1"},"canonical":"https:\/\/spartasportcenter.com\/palencia-calle-mayor\/zumba\/","og_locale":"es_ES","og_type":"article","og_title":"Zumba Palencia calle Mayor | Sparta Sport Center","og_description":"Inscr\u00edbete y disfruta de nuestras clases de zumba en Palencia calle Mayor, contamos con un equipo de instructores 100% dedicados a tu bienestar.","og_url":"https:\/\/spartasportcenter.com\/palencia-calle-mayor\/zumba\/","og_site_name":"Sparta Sport Center Palencia calle mayor","article_modified_time":"2025-05-19T15:13:38+00:00","og_image":[{"width":2000,"height":1333,"url":"https:\/\/spartasportcenter.com\/palencia-calle-mayor\/wp-content\/uploads\/2024\/07\/zumba-palencia-calle-mayor.webp","type":"image\/webp"}],"twitter_card":"summary_large_image","twitter_misc":{"Tiempo de lectura":"4 minutos"},"schema":{"@context":"https:\/\/schema.org","@graph":[{"@type":"WebPage","@id":"https:\/\/spartasportcenter.com\/palencia-calle-mayor\/zumba\/","url":"https:\/\/spartasportcenter.com\/palencia-calle-mayor\/zumba\/","name":"Zumba Palencia calle Mayor | Sparta Sport Center","isPartOf":{"@id":"https:\/\/spartasportcenter.com\/palencia-calle-mayor\/#website"},"primaryImageOfPage":{"@id":"https:\/\/spartasportcenter.com\/palencia-calle-mayor\/zumba\/#primaryimage"},"image":{"@id":"https:\/\/spartasportcenter.com\/palencia-calle-mayor\/zumba\/#primaryimage"},"thumbnailUrl":"https:\/\/spartasportcenter.com\/palencia-calle-mayor\/wp-content\/uploads\/2024\/07\/zumba-palencia-calle-mayor.webp","datePublished":"2018-08-20T15:25:27+00:00","dateModified":"2025-05-19T15:13:38+00:00","description":"Inscr\u00edbete y disfruta de nuestras clases de zumba en Palencia calle Mayor, contamos con un equipo de instructores 100% dedicados a tu bienestar.","breadcrumb":{"@id":"https:\/\/spartasportcenter.com\/palencia-calle-mayor\/zumba\/#breadcrumb"},"inLanguage":"es","potentialAction":[{"@type":"ReadAction","target":["https:\/\/spartasportcenter.com\/palencia-calle-mayor\/zumba\/"]}]},{"@type":"ImageObject","inLanguage":"es","@id":"https:\/\/spartasportcenter.com\/palencia-calle-mayor\/zumba\/#primaryimage","url":"https:\/\/spartasportcenter.com\/palencia-calle-mayor\/wp-content\/uploads\/2024\/07\/zumba-palencia-calle-mayor.webp","contentUrl":"https:\/\/spartasportcenter.com\/palencia-calle-mayor\/wp-content\/uploads\/2024\/07\/zumba-palencia-calle-mayor.webp","width":2000,"height":1333,"caption":"zumba palencia calle mayor"},{"@type":"BreadcrumbList","@id":"https:\/\/spartasportcenter.com\/palencia-calle-mayor\/zumba\/#breadcrumb","itemListElement":[{"@type":"ListItem","position":1,"name":"Portada","item":"https:\/\/spartasportcenter.com\/palencia-calle-mayor\/"},{"@type":"ListItem","position":2,"name":"Zumba Palencia calle Mayor"}]},{"@type":"WebSite","@id":"https:\/\/spartasportcenter.com\/palencia-calle-mayor\/#website","url":"https:\/\/spartasportcenter.com\/palencia-calle-mayor\/","name":"Sparta Sport Center Palencia calle mayor","description":"Gimnasios en Cuenca","potentialAction":[{"@type":"SearchAction","target":{"@type":"EntryPoint","urlTemplate":"https:\/\/spartasportcenter.com\/palencia-calle-mayor\/?s={search_term_string}"},"query-input":{"@type":"PropertyValueSpecification","valueRequired":true,"valueName":"search_term_string"}}],"inLanguage":"es"}]}},"_links":{"self":[{"href":"https:\/\/spartasportcenter.com\/palencia-calle-mayor\/wp-json\/wp\/v2\/pages\/206537","targetHints":{"allow":["GET"]}}],"collection":[{"href":"https:\/\/spartasportcenter.com\/palencia-calle-mayor\/wp-json\/wp\/v2\/pages"}],"about":[{"href":"https:\/\/spartasportcenter.com\/palencia-calle-mayor\/wp-json\/wp\/v2\/types\/page"}],"author":[{"embeddable":true,"href":"https:\/\/spartasportcenter.com\/palencia-calle-mayor\/wp-json\/wp\/v2\/users\/1"}],"replies":[{"embeddable":true,"href":"https:\/\/spartasportcenter.com\/palencia-calle-mayor\/wp-json\/wp\/v2\/comments?post=206537"}],"version-history":[{"count":25,"href":"https:\/\/spartasportcenter.com\/palencia-calle-mayor\/wp-json\/wp\/v2\/pages\/206537\/revisions"}],"predecessor-version":[{"id":220555,"href":"https:\/\/spartasportcenter.com\/palencia-calle-mayor\/wp-json\/wp\/v2\/pages\/206537\/revisions\/220555"}],"wp:featuredmedia":[{"embeddable":true,"href":"https:\/\/spartasportcenter.com\/palencia-calle-mayor\/wp-json\/wp\/v2\/media\/220377"}],"wp:attachment":[{"href":"https:\/\/spartasportcenter.com\/palencia-calle-mayor\/wp-json\/wp\/v2\/media?parent=206537"}],"curies":[{"name":"wp","href":"https:\/\/api.w.org\/{rel}","templated":true}]}}