{"id":215999,"date":"2021-07-29T09:33:35","date_gmt":"2021-07-29T07:33:35","guid":{"rendered":"https:\/\/spartasportcenter.com\/cuenca\/?page_id=215999"},"modified":"2025-01-27T13:47:07","modified_gmt":"2025-01-27T12:47:07","slug":"body-attack-palencia-calle-jose-zorrilla","status":"publish","type":"page","link":"https:\/\/spartasportcenter.com\/palencia-calle-jose-zorrilla\/body-attack-palencia-calle-jose-zorrilla\/","title":{"rendered":"Body Attack Palencia calle Jos\u00e9 Zorrilla"},"content":{"rendered":"\n[et_pb_section fb_built=\u00bb1&#8243; custom_padding_last_edited=\u00bbon|phone\u00bb disabled_on=\u00bboff|off|off\u00bb _builder_version=\u00bb4.16&#8243; background_color=\u00bb#262626&#8243; background_enable_image=\u00bboff\u00bb custom_margin=\u00bb||||false|false\u00bb custom_padding=\u00bb80px|0px|0px|0px|false|false\u00bb custom_padding_tablet=\u00bb\u00bb custom_padding_phone=\u00bb30px||50px||false|false\u00bb global_colors_info=\u00bb{}\u00bb][et_pb_row column_structure=\u00bb1_3,2_3&#8243; custom_padding_last_edited=\u00bbon|desktop\u00bb _builder_version=\u00bb4.16&#8243; _module_preset=\u00bbdefault\u00bb custom_padding=\u00bb0px||||false|false\u00bb custom_padding_tablet=\u00bb\u00bb custom_padding_phone=\u00bb0px||||false|false\u00bb global_colors_info=\u00bb{}\u00bb][et_pb_column type=\u00bb1_3&#8243; _builder_version=\u00bb4.16&#8243; _module_preset=\u00bbdefault\u00bb global_colors_info=\u00bb{}\u00bb][et_pb_text _builder_version=\u00bb4.27.0&#8243; text_font=\u00bb||||||||\u00bb header_font=\u00bb||||||||\u00bb header_text_align=\u00bbcenter\u00bb header_2_font=\u00bb|300||on|||||\u00bb header_2_text_align=\u00bbright\u00bb header_2_font_size=\u00bb29px\u00bb custom_margin=\u00bb||0px||false|false\u00bb custom_padding=\u00bb|15%|0px||false|false\u00bb header_2_text_align_tablet=\u00bb\u00bb header_2_text_align_phone=\u00bbleft\u00bb header_2_text_align_last_edited=\u00bbon|phone\u00bb header_2_font_size_tablet=\u00bb51px\u00bb header_2_font_size_phone=\u00bb25px\u00bb header_2_font_size_last_edited=\u00bbon|phone\u00bb border_width_right=\u00bb2px\u00bb border_color_right=\u00bb#cccccc\u00bb border_width_right_tablet=\u00bb\u00bb border_width_right_phone=\u00bb0px\u00bb border_width_right_last_edited=\u00bbon|phone\u00bb locked=\u00bboff\u00bb global_colors_info=\u00bb{}\u00bb]<h2>Clases de body attack en Palencia calle Jos\u00e9 Zorrilla<\/h2>[\/et_pb_text][\/et_pb_column][et_pb_column type=\u00bb2_3&#8243; _builder_version=\u00bb4.16&#8243; _module_preset=\u00bbdefault\u00bb global_colors_info=\u00bb{}\u00bb][et_pb_text _builder_version=\u00bb4.27.0&#8243; text_font=\u00bb|300|||||||\u00bb text_text_color=\u00bb#cccccc\u00bb text_line_height=\u00bb1.1em\u00bb header_font=\u00bb|300|||||||\u00bb header_2_font=\u00bb|300||on|||||\u00bb header_2_text_color=\u00bb#cccccc\u00bb header_2_font_size=\u00bb36px\u00bb header_2_letter_spacing=\u00bb2px\u00bb background_layout=\u00bbdark\u00bb hover_enabled=\u00bb0&#8243; global_colors_info=\u00bb{}\u00bb sticky_enabled=\u00bb0&#8243;]<p><span style=\"font-weight: 400;\">Body Attack es un <\/span><b>entrenamiento de alta intensidad que combina cardio, aer\u00f3bicos y entrenamiento de fuerza<\/b><span style=\"font-weight: 400;\">. En Sparta Sport Center Palencia ofrecemos clases de Body Attack\u00a0 que te pondr\u00e1n en mejor forma a la vez que ser\u00e1n divertidas y desafiantes.<\/span><\/p>\n<p><span style=\"font-weight: 400;\">Las clases de Body Attack de Palencia est\u00e1n impartidas por instructores que te guiar\u00e1n a trav\u00e9s de una serie de movimientos intensos y en\u00e9rgicos. El objetivo de estas clases es mejorar la resistencia cardiovascular, quemar calor\u00edas y fortalecer los m\u00fasculos de todo el cuerpo.\u00a0<\/span><\/p>\n<p><span style=\"font-weight: 400;\">El Body Attack se basa en una combinaci\u00f3n de movimientos inspirados en el deporte, que incluyen correr, saltar y mover brazos y piernas al ritmo de la m\u00fasica. Esto hace que el curso sea din\u00e1mico y motivador, convirtiendo la actividad f\u00edsica en una experiencia agradable.\u00a0<\/span><\/p>\n<p><span style=\"font-weight: 400;\">Las clases de Body Attack en Palencia son aptas para todos los niveles de condici\u00f3n f\u00edsica, desde principiantes hasta deportistas experimentados. Si eres nuevo en el\u00a0 fitness o buscas un nuevo desaf\u00edo, el Body Attack es para ti.\u00a0<\/span><\/p>[\/et_pb_text][\/et_pb_column][\/et_pb_row][et_pb_row column_structure=\u00bb1_3,2_3&#8243; custom_padding_last_edited=\u00bbon|phone\u00bb _builder_version=\u00bb4.16&#8243; _module_preset=\u00bbdefault\u00bb custom_margin=\u00bb||0px||false|false\u00bb custom_padding=\u00bb||||false|false\u00bb custom_padding_tablet=\u00bb\u00bb custom_padding_phone=\u00bb0px||0px||false|false\u00bb global_colors_info=\u00bb{}\u00bb][et_pb_column type=\u00bb1_3&#8243; _builder_version=\u00bb4.16&#8243; _module_preset=\u00bbdefault\u00bb global_colors_info=\u00bb{}\u00bb][et_pb_text _builder_version=\u00bb4.24.2&#8243; text_font=\u00bb||||||||\u00bb header_font=\u00bb||||||||\u00bb header_text_align=\u00bbcenter\u00bb header_2_font=\u00bb|300||on|||||\u00bb header_2_text_align=\u00bbright\u00bb header_2_font_size=\u00bb29px\u00bb custom_margin=\u00bb||0px||false|false\u00bb custom_padding=\u00bb|15%|0px||false|false\u00bb header_2_text_align_tablet=\u00bb\u00bb header_2_text_align_phone=\u00bbleft\u00bb header_2_text_align_last_edited=\u00bbon|phone\u00bb header_2_font_size_tablet=\u00bb51px\u00bb header_2_font_size_phone=\u00bb25px\u00bb header_2_font_size_last_edited=\u00bbon|phone\u00bb border_width_right=\u00bb2px\u00bb border_color_right=\u00bb#cccccc\u00bb border_width_right_tablet=\u00bb\u00bb border_width_right_phone=\u00bb0px\u00bb border_width_right_last_edited=\u00bbon|phone\u00bb locked=\u00bboff\u00bb global_colors_info=\u00bb{}\u00bb]<h2>Beneficios del Body Attack en Palencia calle Jos\u00e9 Zorrilla<\/h2>[\/et_pb_text][\/et_pb_column][et_pb_column type=\u00bb2_3&#8243; _builder_version=\u00bb4.16&#8243; _module_preset=\u00bbdefault\u00bb global_colors_info=\u00bb{}\u00bb][et_pb_text _builder_version=\u00bb4.27.0&#8243; text_font=\u00bb|300|||||||\u00bb text_text_color=\u00bb#cccccc\u00bb text_line_height=\u00bb1.1em\u00bb header_font=\u00bb|300|||||||\u00bb header_2_font=\u00bb|300||on|||||\u00bb header_2_text_color=\u00bb#cccccc\u00bb header_2_font_size=\u00bb36px\u00bb header_2_letter_spacing=\u00bb2px\u00bb background_layout=\u00bbdark\u00bb hover_enabled=\u00bb0&#8243; global_colors_info=\u00bb{}\u00bb sticky_enabled=\u00bb0&#8243;]<p><span style=\"font-weight: 400;\">Body Attack ofrece muchos beneficios para tu salud y bienestar. Este ejercicio no solo mejora tu resistencia cardiovascular y quema calor\u00edas, sino que tambi\u00e9n ayuda a <\/span><b>fortalecer y tonificar los m\u00fasculos de todo el cuerpo<\/b><span style=\"font-weight: 400;\">.\u00a0<\/span><\/p>\n<p><span style=\"font-weight: 400;\">Durante las sesiones de Body Attack de Palencia est\u00e1s en constante movimiento, lo que aumenta tu frecuencia card\u00edaca y mejora tu estado f\u00edsico. Los movimientos explosivos y los saltos ayudan a desarrollar la potencia y la fuerza de las piernas, mientras que los ejercicios de brazos y abdominales fortalecen la parte superior del cuerpo.\u00a0<\/span><\/p>\n<p><span style=\"font-weight: 400;\">Adem\u00e1s, el Body Attack es un gran ejercicio para quemar calor\u00edas. Solo una sesi\u00f3n de 60 minutos puede ayudarte a quemar hasta 700 calor\u00edas, ayud\u00e1ndote a mantener un peso saludable y perder grasa corporal.\u00a0<\/span><\/p>\n<p><span style=\"font-weight: 400;\">Body Attack no s\u00f3lo tiene beneficios f\u00edsicos, tambi\u00e9n tiene <\/span><b>beneficios mentales<\/b><span style=\"font-weight: 400;\">. Es un entrenamiento din\u00e1mico y en\u00e9rgico que libera endorfinas, tambi\u00e9n conocidas como\u00a0 hormonas de la felicidad, dej\u00e1ndote una sensaci\u00f3n positiva y con energ\u00eda despu\u00e9s de cada sesi\u00f3n.\u00a0<\/span><\/p>[\/et_pb_text][\/et_pb_column][\/et_pb_row][\/et_pb_section][et_pb_section fb_built=\u00bb1&#8243; custom_padding_last_edited=\u00bbon|phone\u00bb _builder_version=\u00bb4.24.2&#8243; _module_preset=\u00bbdefault\u00bb background_color=\u00bb#262626&#8243; custom_padding=\u00bb0px||50px||false|false\u00bb custom_padding_tablet=\u00bb\u00bb custom_padding_phone=\u00bb||30px||false|false\u00bb global_colors_info=\u00bb{}\u00bb][et_pb_row column_structure=\u00bb1_3,2_3&#8243; custom_padding_last_edited=\u00bbon|phone\u00bb _builder_version=\u00bb4.16&#8243; _module_preset=\u00bbdefault\u00bb custom_padding_tablet=\u00bb\u00bb custom_padding_phone=\u00bb0px||0px||false|false\u00bb global_colors_info=\u00bb{}\u00bb][et_pb_column type=\u00bb1_3&#8243; _builder_version=\u00bb4.16&#8243; _module_preset=\u00bbdefault\u00bb global_colors_info=\u00bb{}\u00bb][et_pb_text _builder_version=\u00bb4.26.1&#8243; text_font=\u00bb||||||||\u00bb header_font=\u00bb||||||||\u00bb header_text_align=\u00bbcenter\u00bb header_2_font=\u00bb|300||on|||||\u00bb header_2_text_align=\u00bbright\u00bb header_2_font_size=\u00bb29px\u00bb custom_margin=\u00bb||0px||false|false\u00bb custom_padding=\u00bb|15%|0px||false|false\u00bb header_2_text_align_tablet=\u00bb\u00bb header_2_text_align_phone=\u00bbleft\u00bb header_2_text_align_last_edited=\u00bbon|phone\u00bb header_2_font_size_tablet=\u00bb51px\u00bb header_2_font_size_phone=\u00bb25px\u00bb header_2_font_size_last_edited=\u00bbon|phone\u00bb border_width_right=\u00bb2px\u00bb border_color_right=\u00bb#cccccc\u00bb border_width_right_tablet=\u00bb\u00bb border_width_right_phone=\u00bb0px\u00bb border_width_right_last_edited=\u00bbon|phone\u00bb locked=\u00bboff\u00bb global_colors_info=\u00bb{}\u00bb]<h2>Por qu\u00e9 Body Attack en Sparta Sport Center Palencia calle Jos\u00e9 Zorrilla<\/h2>[\/et_pb_text][\/et_pb_column][et_pb_column type=\u00bb2_3&#8243; _builder_version=\u00bb4.16&#8243; _module_preset=\u00bbdefault\u00bb global_colors_info=\u00bb{}\u00bb][et_pb_text _builder_version=\u00bb4.27.0&#8243; text_font=\u00bb|300|||||||\u00bb text_text_color=\u00bb#cccccc\u00bb text_line_height=\u00bb1.1em\u00bb header_font=\u00bb|300|||||||\u00bb header_2_font=\u00bb|300||on|||||\u00bb header_2_text_color=\u00bb#cccccc\u00bb header_2_font_size=\u00bb36px\u00bb header_2_letter_spacing=\u00bb2px\u00bb background_layout=\u00bbdark\u00bb hover_enabled=\u00bb0&#8243; global_colors_info=\u00bb{}\u00bb sticky_enabled=\u00bb0&#8243;]<p><span style=\"font-weight: 400;\">Si buscas un lugar donde practicar Body Attack en Palencia, Sparta Sport Center es tu lugar.\u00a0<\/span><\/p>\n<p><span style=\"font-weight: 400;\">En Sparta Sport Center encontrar\u00e1s un <\/span><b>ambiente motivador y divertido<\/b><span style=\"font-weight: 400;\"> donde podr\u00e1s entrenar con personas que tienen los mismos objetivos que t\u00fa. Nuestros entrenadores te dar\u00e1n la instrucci\u00f3n personalizada que necesitas para alcanzar tus objetivos de fitness.\u00a0<\/span><\/p>\n<p><span style=\"font-weight: 400;\">Adem\u00e1s, nuestras instalaciones cuentan con todo lo que necesitas para sacar el m\u00e1ximo partido a tu clase de Body Attack. Disponemos de una amplia sala de formaci\u00f3n equipada con la \u00faltima tecnolog\u00eda de sonido e iluminaci\u00f3n para ofrecer una experiencia inmersiva y estimulante. No pierdas la oportunidad de mejorar tu condici\u00f3n f\u00edsica y divertirte al mismo tiempo. \u00a1Toma una clase de Body Attack en Sparta Sport Center Palencia!<\/span><\/p>[\/et_pb_text][\/et_pb_column][\/et_pb_row][\/et_pb_section]\n","protected":false},"excerpt":{"rendered":"<p>Clases de body attack en Palencia calle Jos\u00e9 ZorrillaBody Attack es un entrenamiento de alta intensidad que combina cardio, aer\u00f3bicos y entrenamiento de fuerza. En Sparta Sport Center Palencia ofrecemos clases de Body Attack\u00a0 que te pondr\u00e1n en mejor forma a la vez que ser\u00e1n divertidas y desafiantes. Las clases de Body Attack de Palencia [&hellip;]<\/p>\n","protected":false},"author":1,"featured_media":220450,"parent":0,"menu_order":0,"comment_status":"closed","ping_status":"closed","template":"","meta":{"_et_pb_use_builder":"on","_et_pb_old_content":"","_et_gb_content_width":"","footnotes":""},"class_list":["post-215999","page","type-page","status-publish","has-post-thumbnail","hentry"],"yoast_head":"<!-- This site is optimized with the Yoast SEO plugin v27.4 - https:\/\/yoast.com\/product\/yoast-seo-wordpress\/ -->\n<title>Body Attack en Palencia | Sparta Sport Center<\/title>\n<meta name=\"description\" content=\"Inscr\u00edbete y disfruta de las clases de Body Attack en Palencia, contamos con un equipo dedicado a tu bienestar. \u00a1Disfruta de 1 d\u00eda gratis!\" \/>\n<meta name=\"robots\" content=\"index, follow, max-snippet:-1, max-image-preview:large, max-video-preview:-1\" \/>\n<link rel=\"canonical\" href=\"https:\/\/spartasportcenter.com\/palencia-calle-jose-zorrilla\/body-attack-palencia-calle-jose-zorrilla\/\" \/>\n<meta property=\"og:locale\" content=\"es_ES\" \/>\n<meta property=\"og:type\" content=\"article\" \/>\n<meta property=\"og:title\" content=\"Body Attack en Palencia | Sparta Sport Center\" \/>\n<meta property=\"og:description\" content=\"Inscr\u00edbete y disfruta de las clases de Body Attack en Palencia, contamos con un equipo dedicado a tu bienestar. \u00a1Disfruta de 1 d\u00eda gratis!\" \/>\n<meta property=\"og:url\" content=\"https:\/\/spartasportcenter.com\/palencia-calle-jose-zorrilla\/body-attack-palencia-calle-jose-zorrilla\/\" \/>\n<meta property=\"og:site_name\" content=\"Sparta Sport Center Palencia\" \/>\n<meta property=\"article:modified_time\" content=\"2025-01-27T12:47:07+00:00\" \/>\n<meta property=\"og:image\" content=\"https:\/\/spartasportcenter.com\/palencia-calle-jose-zorrilla\/wp-content\/uploads\/2025\/01\/body-attack-palencia.webp\" \/>\n\t<meta property=\"og:image:width\" content=\"2000\" \/>\n\t<meta property=\"og:image:height\" content=\"1333\" \/>\n\t<meta property=\"og:image:type\" content=\"image\/webp\" \/>\n<meta name=\"twitter:card\" content=\"summary_large_image\" \/>\n<meta name=\"twitter:label1\" content=\"Tiempo de lectura\" \/>\n\t<meta name=\"twitter:data1\" content=\"3 minutos\" \/>\n<script type=\"application\/ld+json\" class=\"yoast-schema-graph\">{\"@context\":\"https:\\\/\\\/schema.org\",\"@graph\":[{\"@type\":\"WebPage\",\"@id\":\"https:\\\/\\\/spartasportcenter.com\\\/palencia-calle-jose-zorrilla\\\/body-attack-palencia-calle-jose-zorrilla\\\/\",\"url\":\"https:\\\/\\\/spartasportcenter.com\\\/palencia-calle-jose-zorrilla\\\/body-attack-palencia-calle-jose-zorrilla\\\/\",\"name\":\"Body Attack en Palencia | Sparta Sport Center\",\"isPartOf\":{\"@id\":\"https:\\\/\\\/spartasportcenter.com\\\/palencia-calle-jose-zorrilla\\\/#website\"},\"primaryImageOfPage\":{\"@id\":\"https:\\\/\\\/spartasportcenter.com\\\/palencia-calle-jose-zorrilla\\\/body-attack-palencia-calle-jose-zorrilla\\\/#primaryimage\"},\"image\":{\"@id\":\"https:\\\/\\\/spartasportcenter.com\\\/palencia-calle-jose-zorrilla\\\/body-attack-palencia-calle-jose-zorrilla\\\/#primaryimage\"},\"thumbnailUrl\":\"https:\\\/\\\/spartasportcenter.com\\\/palencia-calle-jose-zorrilla\\\/wp-content\\\/uploads\\\/2025\\\/01\\\/body-attack-palencia.webp\",\"datePublished\":\"2021-07-29T07:33:35+00:00\",\"dateModified\":\"2025-01-27T12:47:07+00:00\",\"description\":\"Inscr\u00edbete y disfruta de las clases de Body Attack en Palencia, contamos con un equipo dedicado a tu bienestar. \u00a1Disfruta de 1 d\u00eda gratis!\",\"breadcrumb\":{\"@id\":\"https:\\\/\\\/spartasportcenter.com\\\/palencia-calle-jose-zorrilla\\\/body-attack-palencia-calle-jose-zorrilla\\\/#breadcrumb\"},\"inLanguage\":\"es\",\"potentialAction\":[{\"@type\":\"ReadAction\",\"target\":[\"https:\\\/\\\/spartasportcenter.com\\\/palencia-calle-jose-zorrilla\\\/body-attack-palencia-calle-jose-zorrilla\\\/\"]}]},{\"@type\":\"ImageObject\",\"inLanguage\":\"es\",\"@id\":\"https:\\\/\\\/spartasportcenter.com\\\/palencia-calle-jose-zorrilla\\\/body-attack-palencia-calle-jose-zorrilla\\\/#primaryimage\",\"url\":\"https:\\\/\\\/spartasportcenter.com\\\/palencia-calle-jose-zorrilla\\\/wp-content\\\/uploads\\\/2025\\\/01\\\/body-attack-palencia.webp\",\"contentUrl\":\"https:\\\/\\\/spartasportcenter.com\\\/palencia-calle-jose-zorrilla\\\/wp-content\\\/uploads\\\/2025\\\/01\\\/body-attack-palencia.webp\",\"width\":2000,\"height\":1333,\"caption\":\"body attack palencia\"},{\"@type\":\"BreadcrumbList\",\"@id\":\"https:\\\/\\\/spartasportcenter.com\\\/palencia-calle-jose-zorrilla\\\/body-attack-palencia-calle-jose-zorrilla\\\/#breadcrumb\",\"itemListElement\":[{\"@type\":\"ListItem\",\"position\":1,\"name\":\"Portada\",\"item\":\"https:\\\/\\\/spartasportcenter.com\\\/palencia-calle-jose-zorrilla\\\/\"},{\"@type\":\"ListItem\",\"position\":2,\"name\":\"Body Attack Palencia calle Jos\u00e9 Zorrilla\"}]},{\"@type\":\"WebSite\",\"@id\":\"https:\\\/\\\/spartasportcenter.com\\\/palencia-calle-jose-zorrilla\\\/#website\",\"url\":\"https:\\\/\\\/spartasportcenter.com\\\/palencia-calle-jose-zorrilla\\\/\",\"name\":\"Sparta Sport Center Palencia\",\"description\":\"Gimnasios en Palencia\",\"potentialAction\":[{\"@type\":\"SearchAction\",\"target\":{\"@type\":\"EntryPoint\",\"urlTemplate\":\"https:\\\/\\\/spartasportcenter.com\\\/palencia-calle-jose-zorrilla\\\/?s={search_term_string}\"},\"query-input\":{\"@type\":\"PropertyValueSpecification\",\"valueRequired\":true,\"valueName\":\"search_term_string\"}}],\"inLanguage\":\"es\"}]}<\/script>\n<!-- \/ Yoast SEO plugin. -->","yoast_head_json":{"title":"Body Attack en Palencia | Sparta Sport Center","description":"Inscr\u00edbete y disfruta de las clases de Body Attack en Palencia, contamos con un equipo dedicado a tu bienestar. \u00a1Disfruta de 1 d\u00eda gratis!","robots":{"index":"index","follow":"follow","max-snippet":"max-snippet:-1","max-image-preview":"max-image-preview:large","max-video-preview":"max-video-preview:-1"},"canonical":"https:\/\/spartasportcenter.com\/palencia-calle-jose-zorrilla\/body-attack-palencia-calle-jose-zorrilla\/","og_locale":"es_ES","og_type":"article","og_title":"Body Attack en Palencia | Sparta Sport Center","og_description":"Inscr\u00edbete y disfruta de las clases de Body Attack en Palencia, contamos con un equipo dedicado a tu bienestar. \u00a1Disfruta de 1 d\u00eda gratis!","og_url":"https:\/\/spartasportcenter.com\/palencia-calle-jose-zorrilla\/body-attack-palencia-calle-jose-zorrilla\/","og_site_name":"Sparta Sport Center Palencia","article_modified_time":"2025-01-27T12:47:07+00:00","og_image":[{"width":2000,"height":1333,"url":"https:\/\/spartasportcenter.com\/palencia-calle-jose-zorrilla\/wp-content\/uploads\/2025\/01\/body-attack-palencia.webp","type":"image\/webp"}],"twitter_card":"summary_large_image","twitter_misc":{"Tiempo de lectura":"3 minutos"},"schema":{"@context":"https:\/\/schema.org","@graph":[{"@type":"WebPage","@id":"https:\/\/spartasportcenter.com\/palencia-calle-jose-zorrilla\/body-attack-palencia-calle-jose-zorrilla\/","url":"https:\/\/spartasportcenter.com\/palencia-calle-jose-zorrilla\/body-attack-palencia-calle-jose-zorrilla\/","name":"Body Attack en Palencia | Sparta Sport Center","isPartOf":{"@id":"https:\/\/spartasportcenter.com\/palencia-calle-jose-zorrilla\/#website"},"primaryImageOfPage":{"@id":"https:\/\/spartasportcenter.com\/palencia-calle-jose-zorrilla\/body-attack-palencia-calle-jose-zorrilla\/#primaryimage"},"image":{"@id":"https:\/\/spartasportcenter.com\/palencia-calle-jose-zorrilla\/body-attack-palencia-calle-jose-zorrilla\/#primaryimage"},"thumbnailUrl":"https:\/\/spartasportcenter.com\/palencia-calle-jose-zorrilla\/wp-content\/uploads\/2025\/01\/body-attack-palencia.webp","datePublished":"2021-07-29T07:33:35+00:00","dateModified":"2025-01-27T12:47:07+00:00","description":"Inscr\u00edbete y disfruta de las clases de Body Attack en Palencia, contamos con un equipo dedicado a tu bienestar. \u00a1Disfruta de 1 d\u00eda gratis!","breadcrumb":{"@id":"https:\/\/spartasportcenter.com\/palencia-calle-jose-zorrilla\/body-attack-palencia-calle-jose-zorrilla\/#breadcrumb"},"inLanguage":"es","potentialAction":[{"@type":"ReadAction","target":["https:\/\/spartasportcenter.com\/palencia-calle-jose-zorrilla\/body-attack-palencia-calle-jose-zorrilla\/"]}]},{"@type":"ImageObject","inLanguage":"es","@id":"https:\/\/spartasportcenter.com\/palencia-calle-jose-zorrilla\/body-attack-palencia-calle-jose-zorrilla\/#primaryimage","url":"https:\/\/spartasportcenter.com\/palencia-calle-jose-zorrilla\/wp-content\/uploads\/2025\/01\/body-attack-palencia.webp","contentUrl":"https:\/\/spartasportcenter.com\/palencia-calle-jose-zorrilla\/wp-content\/uploads\/2025\/01\/body-attack-palencia.webp","width":2000,"height":1333,"caption":"body attack palencia"},{"@type":"BreadcrumbList","@id":"https:\/\/spartasportcenter.com\/palencia-calle-jose-zorrilla\/body-attack-palencia-calle-jose-zorrilla\/#breadcrumb","itemListElement":[{"@type":"ListItem","position":1,"name":"Portada","item":"https:\/\/spartasportcenter.com\/palencia-calle-jose-zorrilla\/"},{"@type":"ListItem","position":2,"name":"Body Attack Palencia calle Jos\u00e9 Zorrilla"}]},{"@type":"WebSite","@id":"https:\/\/spartasportcenter.com\/palencia-calle-jose-zorrilla\/#website","url":"https:\/\/spartasportcenter.com\/palencia-calle-jose-zorrilla\/","name":"Sparta Sport Center Palencia","description":"Gimnasios en Palencia","potentialAction":[{"@type":"SearchAction","target":{"@type":"EntryPoint","urlTemplate":"https:\/\/spartasportcenter.com\/palencia-calle-jose-zorrilla\/?s={search_term_string}"},"query-input":{"@type":"PropertyValueSpecification","valueRequired":true,"valueName":"search_term_string"}}],"inLanguage":"es"}]}},"_links":{"self":[{"href":"https:\/\/spartasportcenter.com\/palencia-calle-jose-zorrilla\/wp-json\/wp\/v2\/pages\/215999","targetHints":{"allow":["GET"]}}],"collection":[{"href":"https:\/\/spartasportcenter.com\/palencia-calle-jose-zorrilla\/wp-json\/wp\/v2\/pages"}],"about":[{"href":"https:\/\/spartasportcenter.com\/palencia-calle-jose-zorrilla\/wp-json\/wp\/v2\/types\/page"}],"author":[{"embeddable":true,"href":"https:\/\/spartasportcenter.com\/palencia-calle-jose-zorrilla\/wp-json\/wp\/v2\/users\/1"}],"replies":[{"embeddable":true,"href":"https:\/\/spartasportcenter.com\/palencia-calle-jose-zorrilla\/wp-json\/wp\/v2\/comments?post=215999"}],"version-history":[{"count":19,"href":"https:\/\/spartasportcenter.com\/palencia-calle-jose-zorrilla\/wp-json\/wp\/v2\/pages\/215999\/revisions"}],"predecessor-version":[{"id":220558,"href":"https:\/\/spartasportcenter.com\/palencia-calle-jose-zorrilla\/wp-json\/wp\/v2\/pages\/215999\/revisions\/220558"}],"wp:featuredmedia":[{"embeddable":true,"href":"https:\/\/spartasportcenter.com\/palencia-calle-jose-zorrilla\/wp-json\/wp\/v2\/media\/220450"}],"wp:attachment":[{"href":"https:\/\/spartasportcenter.com\/palencia-calle-jose-zorrilla\/wp-json\/wp\/v2\/media?parent=215999"}],"curies":[{"name":"wp","href":"https:\/\/api.w.org\/{rel}","templated":true}]}}