{"id":215994,"date":"2021-07-29T09:22:37","date_gmt":"2021-07-29T07:22:37","guid":{"rendered":"https:\/\/spartasportcenter.com\/cuenca\/?page_id=215994"},"modified":"2025-01-27T12:52:20","modified_gmt":"2025-01-27T11:52:20","slug":"body-balance-palencia-calle-jose-zorrilla","status":"publish","type":"page","link":"https:\/\/spartasportcenter.com\/palencia-calle-jose-zorrilla\/body-balance-palencia-calle-jose-zorrilla\/","title":{"rendered":"Body Balance Palencia calle Jos\u00e9 Zorrilla"},"content":{"rendered":"<p>[et_pb_section fb_built=\u00bb1&#8243; custom_padding_last_edited=\u00bbon|phone\u00bb disabled_on=\u00bboff|off|off\u00bb _builder_version=\u00bb4.16&#8243; background_color=\u00bb#262626&#8243; background_enable_image=\u00bboff\u00bb custom_margin=\u00bb||||false|false\u00bb custom_padding=\u00bb80px|0px|0px|0px|false|false\u00bb custom_padding_tablet=\u00bb\u00bb custom_padding_phone=\u00bb30px||50px||false|false\u00bb global_colors_info=\u00bb{}\u00bb][et_pb_row column_structure=\u00bb1_3,2_3&#8243; custom_padding_last_edited=\u00bbon|desktop\u00bb _builder_version=\u00bb4.16&#8243; _module_preset=\u00bbdefault\u00bb custom_padding=\u00bb0px||||false|false\u00bb custom_padding_tablet=\u00bb\u00bb custom_padding_phone=\u00bb0px||||false|false\u00bb global_colors_info=\u00bb{}\u00bb][et_pb_column type=\u00bb1_3&#8243; _builder_version=\u00bb4.16&#8243; _module_preset=\u00bbdefault\u00bb global_colors_info=\u00bb{}\u00bb][et_pb_text _builder_version=\u00bb4.27.0&#8243; text_font=\u00bb||||||||\u00bb header_font=\u00bb||||||||\u00bb header_text_align=\u00bbcenter\u00bb header_2_font=\u00bb|300||on|||||\u00bb header_2_text_align=\u00bbright\u00bb header_2_font_size=\u00bb29px\u00bb custom_margin=\u00bb||0px||false|false\u00bb custom_padding=\u00bb|15%|0px||false|false\u00bb header_2_text_align_tablet=\u00bb\u00bb header_2_text_align_phone=\u00bbleft\u00bb header_2_text_align_last_edited=\u00bbon|phone\u00bb header_2_font_size_tablet=\u00bb51px\u00bb header_2_font_size_phone=\u00bb25px\u00bb header_2_font_size_last_edited=\u00bbon|phone\u00bb border_width_right=\u00bb2px\u00bb border_color_right=\u00bb#cccccc\u00bb border_width_right_tablet=\u00bb\u00bb border_width_right_phone=\u00bb0px\u00bb border_width_right_last_edited=\u00bbon|phone\u00bb locked=\u00bboff\u00bb global_colors_info=\u00bb{}\u00bb]<\/p>\n<h2>Clases de body balance en Palencia calle Jos\u00e9 Zorrilla<\/h2>\n<p>[\/et_pb_text][\/et_pb_column][et_pb_column type=\u00bb2_3&#8243; _builder_version=\u00bb4.16&#8243; _module_preset=\u00bbdefault\u00bb global_colors_info=\u00bb{}\u00bb][et_pb_text _builder_version=\u00bb4.27.0&#8243; text_font=\u00bb|300|||||||\u00bb text_text_color=\u00bb#cccccc\u00bb text_line_height=\u00bb1.1em\u00bb header_font=\u00bb|300|||||||\u00bb header_2_font=\u00bb|300||on|||||\u00bb header_2_text_color=\u00bb#cccccc\u00bb header_2_font_size=\u00bb36px\u00bb header_2_letter_spacing=\u00bb2px\u00bb background_layout=\u00bbdark\u00bb hover_enabled=\u00bb0&#8243; global_colors_info=\u00bb{}\u00bb sticky_enabled=\u00bb0&#8243;]<\/p>\n<p><span style=\"font-weight: 400;\">\u00bfTe interesa practicar Body Balance en Palencia? En Sparta Sport Center te acompa\u00f1amos en este viaje hacia el bienestar.<\/span><\/p>\n<p><span style=\"font-weight: 400;\">Nuestras clases de Body Balance en Palencia <\/span><b>combinan lo mejor del yoga, tai chi y pilates en secuencias suaves y fluidas<\/b><span style=\"font-weight: 400;\">, dise\u00f1adas para fortalecer tu cuerpo, mejorar tu flexibilidad y alcanzar un equilibrio interior.<\/span><\/p>\n<p>[\/et_pb_text][et_pb_button button_text=\u00bb+\u00bb button_alignment=\u00bbcenter\u00bb module_class=\u00bbrv_button closed\u00bb _builder_version=\u00bb4.20.0&#8243; custom_button=\u00bbon\u00bb button_text_size=\u00bb39px\u00bb button_text_color=\u00bb#cccccc\u00bb button_border_width=\u00bb0px\u00bb button_border_radius=\u00bb0px\u00bb button_font=\u00bbOswald|700|||||||\u00bb button_use_icon=\u00bboff\u00bb custom_margin=\u00bb-40px|0px|-10px|0px|false|false\u00bb custom_margin_tablet=\u00bb\u00bb custom_margin_phone=\u00bb\u00bb custom_margin_last_edited=\u00bbon|phone\u00bb custom_padding=\u00bb0px|0px|0px|0px|true|\u00bb button_text_color_hover=\u00bbrgba(224,43,32,0.76)\u00bb button_border_color_hover=\u00bbrgba(0,0,0,0)\u00bb button_border_radius_hover=\u00bb0px\u00bb button_bg_color_hover=\u00bbrgba(0,0,0,0)\u00bb locked=\u00bboff\u00bb global_colors_info=\u00bb{}\u00bb button_text_size__hover_enabled=\u00bboff\u00bb button_one_text_size__hover_enabled=\u00bboff\u00bb button_two_text_size__hover_enabled=\u00bboff\u00bb button_text_color__hover_enabled=\u00bbon|desktop\u00bb button_text_color__hover=\u00bbrgba(255,255,255,0.5)\u00bb button_one_text_color__hover_enabled=\u00bboff\u00bb button_two_text_color__hover_enabled=\u00bboff\u00bb button_border_width__hover_enabled=\u00bboff\u00bb button_one_border_width__hover_enabled=\u00bboff\u00bb button_two_border_width__hover_enabled=\u00bboff\u00bb button_border_color__hover_enabled=\u00bbon\u00bb button_border_color__hover=\u00bbrgba(0,0,0,0)\u00bb button_one_border_color__hover_enabled=\u00bboff\u00bb button_two_border_color__hover_enabled=\u00bboff\u00bb button_border_radius__hover_enabled=\u00bbon\u00bb button_border_radius__hover=\u00bb0px\u00bb button_one_border_radius__hover_enabled=\u00bboff\u00bb button_two_border_radius__hover_enabled=\u00bboff\u00bb button_letter_spacing__hover_enabled=\u00bboff\u00bb button_one_letter_spacing__hover_enabled=\u00bboff\u00bb button_two_letter_spacing__hover_enabled=\u00bboff\u00bb button_bg_color__hover_enabled=\u00bbon\u00bb button_bg_color__hover=\u00bbrgba(255,255,255,0)\u00bb button_one_bg_color__hover_enabled=\u00bboff\u00bb button_two_bg_color__hover_enabled=\u00bboff\u00bb][\/et_pb_button][et_pb_text module_id=\u00bbreveal\u00bb _builder_version=\u00bb4.27.0&#8243; text_font=\u00bb|300|||||||\u00bb text_text_color=\u00bb#cccccc\u00bb text_line_height=\u00bb1.1em\u00bb header_font=\u00bb|300|||||||\u00bb header_2_font=\u00bb|300||on|||||\u00bb header_2_text_color=\u00bb#cccccc\u00bb header_2_font_size=\u00bb36px\u00bb header_2_letter_spacing=\u00bb2px\u00bb background_layout=\u00bbdark\u00bb hover_enabled=\u00bb0&#8243; locked=\u00bboff\u00bb global_colors_info=\u00bb{}\u00bb sticky_enabled=\u00bb0&#8243;]<\/p>\n<p><span style=\"font-weight: 400;\">Guiados por profesionales experimentados, aprender\u00e1s posturas y ejercicios que te ayudar\u00e1n a mejorar tu postura, tonificar tus m\u00fasculos y liberar el estr\u00e9s. Clase tras clase, notar\u00e1s c\u00f3mo tu cuerpo se fortalece, tu flexibilidad aumenta y tu mente encuentra calma. Es una experiencia \u00fanica de conexi\u00f3n contigo mismo, perfecta para regalarte un momento de tranquilidad y autodescubrimiento.<\/span><\/p>\n<p><span style=\"font-weight: 400;\">El Body Balance combina t\u00e9cnicas milenarias: el yoga aporta conexi\u00f3n con la respiraci\u00f3n y conciencia corporal, el tai chi fluidez y energ\u00eda, y el pilates control postural y fortalecimiento muscular. Esta disciplina no solo mejora tu estado f\u00edsico, sino que tambi\u00e9n potencia tu equilibrio emocional. Su pr\u00e1ctica regular te ayudar\u00e1 a desconectar del estr\u00e9s diario y a enfocarte en el presente, logrando una sensaci\u00f3n de paz interior.<\/span><\/p>\n<p>[\/et_pb_text][\/et_pb_column][\/et_pb_row][et_pb_row column_structure=\u00bb1_3,2_3&#8243; custom_padding_last_edited=\u00bbon|phone\u00bb _builder_version=\u00bb4.16&#8243; _module_preset=\u00bbdefault\u00bb custom_margin=\u00bb||0px||false|false\u00bb custom_padding=\u00bb||||false|false\u00bb custom_padding_tablet=\u00bb\u00bb custom_padding_phone=\u00bb0px||0px||false|false\u00bb global_colors_info=\u00bb{}\u00bb][et_pb_column type=\u00bb1_3&#8243; _builder_version=\u00bb4.16&#8243; _module_preset=\u00bbdefault\u00bb global_colors_info=\u00bb{}\u00bb][et_pb_text _builder_version=\u00bb4.24.2&#8243; text_font=\u00bb||||||||\u00bb header_font=\u00bb||||||||\u00bb header_text_align=\u00bbcenter\u00bb header_2_font=\u00bb|300||on|||||\u00bb header_2_text_align=\u00bbright\u00bb header_2_font_size=\u00bb29px\u00bb custom_margin=\u00bb||0px||false|false\u00bb custom_padding=\u00bb|15%|0px||false|false\u00bb header_2_text_align_tablet=\u00bb\u00bb header_2_text_align_phone=\u00bbleft\u00bb header_2_text_align_last_edited=\u00bbon|phone\u00bb header_2_font_size_tablet=\u00bb51px\u00bb header_2_font_size_phone=\u00bb25px\u00bb header_2_font_size_last_edited=\u00bbon|phone\u00bb border_width_right=\u00bb2px\u00bb border_color_right=\u00bb#cccccc\u00bb border_width_right_tablet=\u00bb\u00bb border_width_right_phone=\u00bb0px\u00bb border_width_right_last_edited=\u00bbon|phone\u00bb locked=\u00bboff\u00bb global_colors_info=\u00bb{}\u00bb]<\/p>\n<h2>Beneficios del Body Balance en Palencia calle Jos\u00e9 Zorrilla<\/h2>\n<p>[\/et_pb_text][\/et_pb_column][et_pb_column type=\u00bb2_3&#8243; _builder_version=\u00bb4.16&#8243; _module_preset=\u00bbdefault\u00bb global_colors_info=\u00bb{}\u00bb][et_pb_text _builder_version=\u00bb4.27.0&#8243; text_font=\u00bb|300|||||||\u00bb text_text_color=\u00bb#cccccc\u00bb text_line_height=\u00bb1.1em\u00bb header_font=\u00bb|300|||||||\u00bb header_2_font=\u00bb|300||on|||||\u00bb header_2_text_color=\u00bb#cccccc\u00bb header_2_font_size=\u00bb36px\u00bb header_2_letter_spacing=\u00bb2px\u00bb background_layout=\u00bbdark\u00bb hover_enabled=\u00bb0&#8243; global_colors_info=\u00bb{}\u00bb sticky_enabled=\u00bb0&#8243;]<\/p>\n<ul>\n<li style=\"font-weight: 400;\" aria-level=\"1\"><span style=\"font-weight: 400;\">Mejora la postura y alivia el dolor de espalda.<\/span><\/li>\n<li style=\"font-weight: 400;\" aria-level=\"1\"><span style=\"font-weight: 400;\">Incrementa la flexibilidad y la fuerza muscular.<\/span><\/li>\n<li style=\"font-weight: 400;\" aria-level=\"1\"><span style=\"font-weight: 400;\">Reduce el estr\u00e9s y la ansiedad.<\/span><\/li>\n<li style=\"font-weight: 400;\" aria-level=\"1\"><span style=\"font-weight: 400;\">Favorece la concentraci\u00f3n y la coordinaci\u00f3n.<\/span><\/li>\n<li style=\"font-weight: 400;\" aria-level=\"1\"><span style=\"font-weight: 400;\">Aumenta la relajaci\u00f3n y el bienestar general.<\/span><\/li>\n<\/ul>\n<p><span style=\"font-weight: 400;\">Adem\u00e1s de estos beneficios, el Body Balance te da la oportunidad de c<\/span><b>onectar con tu esencia, encontrar armon\u00eda y liberar las tensiones del d\u00eda a d\u00eda<\/b><span style=\"font-weight: 400;\">. Cada clase es un espacio para crear tranquilidad y renovar energ\u00edas.<\/span><\/p>\n<p><span style=\"font-weight: 400;\">Practicar Body Balance en Palencia significa sumergirte en un viaje de bienestar y autoconocimiento. A trav\u00e9s de movimientos controlados, respiraci\u00f3n consciente y meditaci\u00f3n guiada, experimentar\u00e1s una sincron\u00eda perfecta entre cuerpo y mente. Esta conexi\u00f3n se refleja en todos los aspectos de tu vida, dej\u00e1ndote una sensaci\u00f3n duradera de calma y plenitud.<\/span><\/p>\n<p>[\/et_pb_text][\/et_pb_column][\/et_pb_row][\/et_pb_section][et_pb_section fb_built=\u00bb1&#8243; custom_padding_last_edited=\u00bbon|phone\u00bb _builder_version=\u00bb4.16&#8243; _module_preset=\u00bbdefault\u00bb background_color=\u00bb#262626&#8243; custom_padding=\u00bb0px||50px||false|false\u00bb custom_padding_tablet=\u00bb\u00bb custom_padding_phone=\u00bb||30px||false|false\u00bb global_colors_info=\u00bb{}\u00bb][et_pb_row column_structure=\u00bb1_3,2_3&#8243; custom_padding_last_edited=\u00bbon|phone\u00bb _builder_version=\u00bb4.16&#8243; _module_preset=\u00bbdefault\u00bb custom_padding_tablet=\u00bb\u00bb custom_padding_phone=\u00bb0px||0px||false|false\u00bb global_colors_info=\u00bb{}\u00bb][et_pb_column type=\u00bb1_3&#8243; _builder_version=\u00bb4.16&#8243; _module_preset=\u00bbdefault\u00bb global_colors_info=\u00bb{}\u00bb][et_pb_text _builder_version=\u00bb4.26.1&#8243; text_font=\u00bb||||||||\u00bb header_font=\u00bb||||||||\u00bb header_text_align=\u00bbcenter\u00bb header_2_font=\u00bb|300||on|||||\u00bb header_2_text_align=\u00bbright\u00bb header_2_font_size=\u00bb29px\u00bb custom_margin=\u00bb||0px||false|false\u00bb custom_padding=\u00bb|15%|0px||false|false\u00bb header_2_text_align_tablet=\u00bb\u00bb header_2_text_align_phone=\u00bbleft\u00bb header_2_text_align_last_edited=\u00bbon|phone\u00bb header_2_font_size_tablet=\u00bb51px\u00bb header_2_font_size_phone=\u00bb25px\u00bb header_2_font_size_last_edited=\u00bbon|phone\u00bb border_width_right=\u00bb2px\u00bb border_color_right=\u00bb#cccccc\u00bb border_width_right_tablet=\u00bb\u00bb border_width_right_phone=\u00bb0px\u00bb border_width_right_last_edited=\u00bbon|phone\u00bb locked=\u00bboff\u00bb global_colors_info=\u00bb{}\u00bb]<\/p>\n<h2>Por qu\u00e9 Body Balance en Sparta Sport Center Palencia calle Jos\u00e9 Zorrilla<\/h2>\n<p>[\/et_pb_text][\/et_pb_column][et_pb_column type=\u00bb2_3&#8243; _builder_version=\u00bb4.16&#8243; _module_preset=\u00bbdefault\u00bb global_colors_info=\u00bb{}\u00bb][et_pb_text _builder_version=\u00bb4.27.0&#8243; text_font=\u00bb|300|||||||\u00bb text_text_color=\u00bb#cccccc\u00bb text_line_height=\u00bb1.1em\u00bb header_font=\u00bb|300|||||||\u00bb header_2_font=\u00bb|300||on|||||\u00bb header_2_text_color=\u00bb#cccccc\u00bb header_2_font_size=\u00bb36px\u00bb header_2_letter_spacing=\u00bb2px\u00bb background_layout=\u00bbdark\u00bb hover_enabled=\u00bb0&#8243; global_colors_info=\u00bb{}\u00bb sticky_enabled=\u00bb0&#8243;]<\/p>\n<p><span style=\"font-weight: 400;\">En Sparta Sport Center, encontrar\u00e1s el lugar ideal para explorar esta disciplina. Contamos con instalaciones modernas y un equipo de expertos que te guiar\u00e1n en cada paso del camino. Nuestras clases est\u00e1n dise\u00f1adas para adaptarse a todos los niveles, desde principiantes hasta aquellos con experiencia.<\/span><\/p>\n<p><span style=\"font-weight: 400;\">Adem\u00e1s, ofrecemos <\/span><b>horarios flexibles<\/b><span style=\"font-weight: 400;\"> para que encuentres la clase que mejor se ajuste a tu rutina. Ya sea que prefieras comenzar tu d\u00eda con energ\u00eda o relajarte al final de la jornada, en Sparta Sport Center te esperamos con la clase perfecta para ti.<\/span><\/p>\n<p><span style=\"font-weight: 400;\">Atr\u00e9vete a descubrir todo lo que el Body Balance puede hacer por tu cuerpo y tu mente en Sparta Sport Center. \u00a1Te esperamos!<\/span><\/p>\n<p>[\/et_pb_text][\/et_pb_column][\/et_pb_row][\/et_pb_section]<\/p>\n","protected":false},"excerpt":{"rendered":"<p>Clases de body balance en Palencia calle Jos\u00e9 Zorrilla\u00bfTe interesa practicar Body Balance en Palencia? En Sparta Sport Center te acompa\u00f1amos en este viaje hacia el bienestar. Nuestras clases de Body Balance en Palencia combinan lo mejor del yoga, tai chi y pilates en secuencias suaves y fluidas, dise\u00f1adas para fortalecer tu cuerpo, mejorar tu [&hellip;]<\/p>\n","protected":false},"author":1,"featured_media":220451,"parent":0,"menu_order":0,"comment_status":"closed","ping_status":"closed","template":"","meta":{"_et_pb_use_builder":"on","_et_pb_old_content":"","_et_gb_content_width":"","footnotes":""},"class_list":["post-215994","page","type-page","status-publish","has-post-thumbnail","hentry"],"yoast_head":"<!-- This site is optimized with the Yoast SEO plugin v27.4 - https:\/\/yoast.com\/product\/yoast-seo-wordpress\/ -->\n<title>Body Balance en Palencia | Sparta Sport Center<\/title>\n<meta name=\"description\" content=\"Inscr\u00edbete y disfruta de las clases de Body Balance en Palencia, contamos con un equipo de instructores para tu bienestar. \u00a1Disfruta de 1 d\u00eda gratis!\" \/>\n<meta name=\"robots\" content=\"index, follow, max-snippet:-1, max-image-preview:large, max-video-preview:-1\" \/>\n<link rel=\"canonical\" href=\"https:\/\/spartasportcenter.com\/palencia-calle-jose-zorrilla\/body-balance-palencia-calle-jose-zorrilla\/\" \/>\n<meta property=\"og:locale\" content=\"es_ES\" \/>\n<meta property=\"og:type\" content=\"article\" \/>\n<meta property=\"og:title\" content=\"Body Balance en Palencia | Sparta Sport Center\" \/>\n<meta property=\"og:description\" content=\"Inscr\u00edbete y disfruta de las clases de Body Balance en Palencia, contamos con un equipo de instructores para tu bienestar. \u00a1Disfruta de 1 d\u00eda gratis!\" \/>\n<meta property=\"og:url\" content=\"https:\/\/spartasportcenter.com\/palencia-calle-jose-zorrilla\/body-balance-palencia-calle-jose-zorrilla\/\" \/>\n<meta property=\"og:site_name\" content=\"Sparta Sport Center Palencia\" \/>\n<meta property=\"article:modified_time\" content=\"2025-01-27T11:52:20+00:00\" \/>\n<meta property=\"og:image\" content=\"https:\/\/spartasportcenter.com\/palencia-calle-jose-zorrilla\/wp-content\/uploads\/2025\/01\/body-balance-palencia.webp\" \/>\n\t<meta property=\"og:image:width\" content=\"2000\" \/>\n\t<meta property=\"og:image:height\" content=\"1333\" \/>\n\t<meta property=\"og:image:type\" content=\"image\/webp\" \/>\n<meta name=\"twitter:card\" content=\"summary_large_image\" \/>\n<meta name=\"twitter:label1\" content=\"Tiempo de lectura\" \/>\n\t<meta name=\"twitter:data1\" content=\"3 minutos\" \/>\n<script type=\"application\/ld+json\" class=\"yoast-schema-graph\">{\"@context\":\"https:\\\/\\\/schema.org\",\"@graph\":[{\"@type\":\"WebPage\",\"@id\":\"https:\\\/\\\/spartasportcenter.com\\\/palencia-calle-jose-zorrilla\\\/body-balance-palencia-calle-jose-zorrilla\\\/\",\"url\":\"https:\\\/\\\/spartasportcenter.com\\\/palencia-calle-jose-zorrilla\\\/body-balance-palencia-calle-jose-zorrilla\\\/\",\"name\":\"Body Balance en Palencia | Sparta Sport Center\",\"isPartOf\":{\"@id\":\"https:\\\/\\\/spartasportcenter.com\\\/palencia-calle-jose-zorrilla\\\/#website\"},\"primaryImageOfPage\":{\"@id\":\"https:\\\/\\\/spartasportcenter.com\\\/palencia-calle-jose-zorrilla\\\/body-balance-palencia-calle-jose-zorrilla\\\/#primaryimage\"},\"image\":{\"@id\":\"https:\\\/\\\/spartasportcenter.com\\\/palencia-calle-jose-zorrilla\\\/body-balance-palencia-calle-jose-zorrilla\\\/#primaryimage\"},\"thumbnailUrl\":\"https:\\\/\\\/spartasportcenter.com\\\/palencia-calle-jose-zorrilla\\\/wp-content\\\/uploads\\\/2025\\\/01\\\/body-balance-palencia.webp\",\"datePublished\":\"2021-07-29T07:22:37+00:00\",\"dateModified\":\"2025-01-27T11:52:20+00:00\",\"description\":\"Inscr\u00edbete y disfruta de las clases de Body Balance en Palencia, contamos con un equipo de instructores para tu bienestar. \u00a1Disfruta de 1 d\u00eda gratis!\",\"breadcrumb\":{\"@id\":\"https:\\\/\\\/spartasportcenter.com\\\/palencia-calle-jose-zorrilla\\\/body-balance-palencia-calle-jose-zorrilla\\\/#breadcrumb\"},\"inLanguage\":\"es\",\"potentialAction\":[{\"@type\":\"ReadAction\",\"target\":[\"https:\\\/\\\/spartasportcenter.com\\\/palencia-calle-jose-zorrilla\\\/body-balance-palencia-calle-jose-zorrilla\\\/\"]}]},{\"@type\":\"ImageObject\",\"inLanguage\":\"es\",\"@id\":\"https:\\\/\\\/spartasportcenter.com\\\/palencia-calle-jose-zorrilla\\\/body-balance-palencia-calle-jose-zorrilla\\\/#primaryimage\",\"url\":\"https:\\\/\\\/spartasportcenter.com\\\/palencia-calle-jose-zorrilla\\\/wp-content\\\/uploads\\\/2025\\\/01\\\/body-balance-palencia.webp\",\"contentUrl\":\"https:\\\/\\\/spartasportcenter.com\\\/palencia-calle-jose-zorrilla\\\/wp-content\\\/uploads\\\/2025\\\/01\\\/body-balance-palencia.webp\",\"width\":2000,\"height\":1333,\"caption\":\"body balance palencia\"},{\"@type\":\"BreadcrumbList\",\"@id\":\"https:\\\/\\\/spartasportcenter.com\\\/palencia-calle-jose-zorrilla\\\/body-balance-palencia-calle-jose-zorrilla\\\/#breadcrumb\",\"itemListElement\":[{\"@type\":\"ListItem\",\"position\":1,\"name\":\"Portada\",\"item\":\"https:\\\/\\\/spartasportcenter.com\\\/palencia-calle-jose-zorrilla\\\/\"},{\"@type\":\"ListItem\",\"position\":2,\"name\":\"Body Balance Palencia calle Jos\u00e9 Zorrilla\"}]},{\"@type\":\"WebSite\",\"@id\":\"https:\\\/\\\/spartasportcenter.com\\\/palencia-calle-jose-zorrilla\\\/#website\",\"url\":\"https:\\\/\\\/spartasportcenter.com\\\/palencia-calle-jose-zorrilla\\\/\",\"name\":\"Sparta Sport Center Palencia\",\"description\":\"Gimnasios en Palencia\",\"potentialAction\":[{\"@type\":\"SearchAction\",\"target\":{\"@type\":\"EntryPoint\",\"urlTemplate\":\"https:\\\/\\\/spartasportcenter.com\\\/palencia-calle-jose-zorrilla\\\/?s={search_term_string}\"},\"query-input\":{\"@type\":\"PropertyValueSpecification\",\"valueRequired\":true,\"valueName\":\"search_term_string\"}}],\"inLanguage\":\"es\"}]}<\/script>\n<!-- \/ Yoast SEO plugin. -->","yoast_head_json":{"title":"Body Balance en Palencia | Sparta Sport Center","description":"Inscr\u00edbete y disfruta de las clases de Body Balance en Palencia, contamos con un equipo de instructores para tu bienestar. \u00a1Disfruta de 1 d\u00eda gratis!","robots":{"index":"index","follow":"follow","max-snippet":"max-snippet:-1","max-image-preview":"max-image-preview:large","max-video-preview":"max-video-preview:-1"},"canonical":"https:\/\/spartasportcenter.com\/palencia-calle-jose-zorrilla\/body-balance-palencia-calle-jose-zorrilla\/","og_locale":"es_ES","og_type":"article","og_title":"Body Balance en Palencia | Sparta Sport Center","og_description":"Inscr\u00edbete y disfruta de las clases de Body Balance en Palencia, contamos con un equipo de instructores para tu bienestar. \u00a1Disfruta de 1 d\u00eda gratis!","og_url":"https:\/\/spartasportcenter.com\/palencia-calle-jose-zorrilla\/body-balance-palencia-calle-jose-zorrilla\/","og_site_name":"Sparta Sport Center Palencia","article_modified_time":"2025-01-27T11:52:20+00:00","og_image":[{"width":2000,"height":1333,"url":"https:\/\/spartasportcenter.com\/palencia-calle-jose-zorrilla\/wp-content\/uploads\/2025\/01\/body-balance-palencia.webp","type":"image\/webp"}],"twitter_card":"summary_large_image","twitter_misc":{"Tiempo de lectura":"3 minutos"},"schema":{"@context":"https:\/\/schema.org","@graph":[{"@type":"WebPage","@id":"https:\/\/spartasportcenter.com\/palencia-calle-jose-zorrilla\/body-balance-palencia-calle-jose-zorrilla\/","url":"https:\/\/spartasportcenter.com\/palencia-calle-jose-zorrilla\/body-balance-palencia-calle-jose-zorrilla\/","name":"Body Balance en Palencia | Sparta Sport Center","isPartOf":{"@id":"https:\/\/spartasportcenter.com\/palencia-calle-jose-zorrilla\/#website"},"primaryImageOfPage":{"@id":"https:\/\/spartasportcenter.com\/palencia-calle-jose-zorrilla\/body-balance-palencia-calle-jose-zorrilla\/#primaryimage"},"image":{"@id":"https:\/\/spartasportcenter.com\/palencia-calle-jose-zorrilla\/body-balance-palencia-calle-jose-zorrilla\/#primaryimage"},"thumbnailUrl":"https:\/\/spartasportcenter.com\/palencia-calle-jose-zorrilla\/wp-content\/uploads\/2025\/01\/body-balance-palencia.webp","datePublished":"2021-07-29T07:22:37+00:00","dateModified":"2025-01-27T11:52:20+00:00","description":"Inscr\u00edbete y disfruta de las clases de Body Balance en Palencia, contamos con un equipo de instructores para tu bienestar. \u00a1Disfruta de 1 d\u00eda gratis!","breadcrumb":{"@id":"https:\/\/spartasportcenter.com\/palencia-calle-jose-zorrilla\/body-balance-palencia-calle-jose-zorrilla\/#breadcrumb"},"inLanguage":"es","potentialAction":[{"@type":"ReadAction","target":["https:\/\/spartasportcenter.com\/palencia-calle-jose-zorrilla\/body-balance-palencia-calle-jose-zorrilla\/"]}]},{"@type":"ImageObject","inLanguage":"es","@id":"https:\/\/spartasportcenter.com\/palencia-calle-jose-zorrilla\/body-balance-palencia-calle-jose-zorrilla\/#primaryimage","url":"https:\/\/spartasportcenter.com\/palencia-calle-jose-zorrilla\/wp-content\/uploads\/2025\/01\/body-balance-palencia.webp","contentUrl":"https:\/\/spartasportcenter.com\/palencia-calle-jose-zorrilla\/wp-content\/uploads\/2025\/01\/body-balance-palencia.webp","width":2000,"height":1333,"caption":"body balance palencia"},{"@type":"BreadcrumbList","@id":"https:\/\/spartasportcenter.com\/palencia-calle-jose-zorrilla\/body-balance-palencia-calle-jose-zorrilla\/#breadcrumb","itemListElement":[{"@type":"ListItem","position":1,"name":"Portada","item":"https:\/\/spartasportcenter.com\/palencia-calle-jose-zorrilla\/"},{"@type":"ListItem","position":2,"name":"Body Balance Palencia calle Jos\u00e9 Zorrilla"}]},{"@type":"WebSite","@id":"https:\/\/spartasportcenter.com\/palencia-calle-jose-zorrilla\/#website","url":"https:\/\/spartasportcenter.com\/palencia-calle-jose-zorrilla\/","name":"Sparta Sport Center Palencia","description":"Gimnasios en Palencia","potentialAction":[{"@type":"SearchAction","target":{"@type":"EntryPoint","urlTemplate":"https:\/\/spartasportcenter.com\/palencia-calle-jose-zorrilla\/?s={search_term_string}"},"query-input":{"@type":"PropertyValueSpecification","valueRequired":true,"valueName":"search_term_string"}}],"inLanguage":"es"}]}},"_links":{"self":[{"href":"https:\/\/spartasportcenter.com\/palencia-calle-jose-zorrilla\/wp-json\/wp\/v2\/pages\/215994","targetHints":{"allow":["GET"]}}],"collection":[{"href":"https:\/\/spartasportcenter.com\/palencia-calle-jose-zorrilla\/wp-json\/wp\/v2\/pages"}],"about":[{"href":"https:\/\/spartasportcenter.com\/palencia-calle-jose-zorrilla\/wp-json\/wp\/v2\/types\/page"}],"author":[{"embeddable":true,"href":"https:\/\/spartasportcenter.com\/palencia-calle-jose-zorrilla\/wp-json\/wp\/v2\/users\/1"}],"replies":[{"embeddable":true,"href":"https:\/\/spartasportcenter.com\/palencia-calle-jose-zorrilla\/wp-json\/wp\/v2\/comments?post=215994"}],"version-history":[{"count":18,"href":"https:\/\/spartasportcenter.com\/palencia-calle-jose-zorrilla\/wp-json\/wp\/v2\/pages\/215994\/revisions"}],"predecessor-version":[{"id":220538,"href":"https:\/\/spartasportcenter.com\/palencia-calle-jose-zorrilla\/wp-json\/wp\/v2\/pages\/215994\/revisions\/220538"}],"wp:featuredmedia":[{"embeddable":true,"href":"https:\/\/spartasportcenter.com\/palencia-calle-jose-zorrilla\/wp-json\/wp\/v2\/media\/220451"}],"wp:attachment":[{"href":"https:\/\/spartasportcenter.com\/palencia-calle-jose-zorrilla\/wp-json\/wp\/v2\/media?parent=215994"}],"curies":[{"name":"wp","href":"https:\/\/api.w.org\/{rel}","templated":true}]}}